{"id":10847,"date":"2021-07-27T12:45:49","date_gmt":"2021-07-27T12:45:49","guid":{"rendered":"https:\/\/comt.quimeras.cat\/comissio-deontologica\/"},"modified":"2024-12-05T13:35:58","modified_gmt":"2024-12-05T12:35:58","slug":"comissio-deontologica","status":"publish","type":"page","link":"https:\/\/comt.cat\/es\/comissio-deontologica\/","title":{"rendered":"Comisi\u00f3n deontol\u00f3gica"},"content":{"rendered":"\n\n\t<section class=\"section\" id=\"section_123344986\">\n\t\t<div class=\"section-bg fill\" >\n\t\t\t\t\t\t\t\t\t\n\t\t\t\n\n\t\t<\/div>\n\n\t\t\n\n\t\t<div class=\"section-content relative\">\n\t\t\t\n\n\t<div id=\"gap-680471701\" class=\"gap-element clearfix\" style=\"display:block; height:auto;\">\n\t\t\n<style>\n#gap-680471701 {\n  padding-top: 30px;\n}\n<\/style>\n\t<\/div>\n\t\n\n<div class=\"row\"  id=\"row-2080089383\">\n\n\n\t<div id=\"col-1559253753\" class=\"col medium-8 small-12 large-6\"  >\n\t\t\t\t<div class=\"col-inner\"  >\n\t\t\t\n\t\t\t\n\n\t<div id=\"text-1707817114\" class=\"text\">\n\t\t\n\n<h1>Objetivos de la Comisi\u00f3n Deontol\u00f3gica del COMT\u00a0<\/h1>\n\t\t\n<style>\n#text-1707817114 {\n  font-size: 1.5rem;\n}\n<\/style>\n\t<\/div>\n\t\n\n\t\t<\/div>\n\t\t\t\t\t<\/div>\n\n\t\n\n\t<div id=\"col-1203972894\" class=\"col medium-12 small-12 large-6\"  >\n\t\t\t\t<div class=\"col-inner\"  >\n\t\t\t\n\t<div class=\"is-border\"\n\t\tstyle=\"border-color:rgb(131, 184, 238);border-width:0px 0px 0px 2px;\">\n\t<\/div>\n\t\t\t\n\n<p><strong>Asesorar<\/strong> a la Junta de Gobierno en todas las cuestiones y en todos los asuntos de su competencia, en todas las cuestiones estrictamente \u00e9ticas valorar\u00e1 la existencia o no de transgresiones a las normas de deontolog\u00eda y su dictamen no ser\u00e1 vinculante para la Junta de Gobierno.\u2028<\/p>\n<p><strong>Informar<\/strong> en todos los procedimientos de tipo disciplinario, de acuerdo con el que establece el art\u00edculo 74 de los Estatutos del\u00a0COMT.<\/p>\n<p>En este espacio se encuentran los miembros de la Comisi\u00f3n y sus objetivos.<\/p>\n\n\t\t<\/div>\n\t\t\t\t\n<style>\n#col-1203972894 > .col-inner {\n  padding: 0px 0px 0px 30px;\n  margin: 0px 0px 0px 0px;\n}\n@media (min-width:850px) {\n  #col-1203972894 > .col-inner {\n    margin: 10px 0px 0px 0px;\n  }\n}\n<\/style>\n\t<\/div>\n\n\t\n\n<\/div>\n\n\t\t<\/div>\n\n\t\t\n<style>\n#section_123344986 {\n  padding-top: 60px;\n  padding-bottom: 60px;\n  min-height: 400px;\n  background-color: rgb(251, 248, 243);\n}\n@media (min-width:550px) {\n  #section_123344986 {\n    padding-top: 80px;\n    padding-bottom: 80px;\n  }\n}\n@media (min-width:850px) {\n  #section_123344986 {\n    padding-top: 110px;\n    padding-bottom: 110px;\n  }\n}\n<\/style>\n\t<\/section>\n\t\n\n\t<section class=\"section\" id=\"section_1317686055\">\n\t\t<div class=\"section-bg fill\" >\n\t\t\t\t\t\t\t\t\t\n\t\t\t\n\n\t\t<\/div>\n\n\t\t\n\n\t\t<div class=\"section-content relative\">\n\t\t\t\n\n<div class=\"row row-large align-middle\"  id=\"row-1463347725\">\n\n\n\t<div id=\"col-474457892\" class=\"col medium-6 small-12 large-6\"  >\n\t\t\t\t<div class=\"col-inner\"  >\n\t\t\t\n\t\t\t\n\n\t<div class=\"img has-hover x md-x lg-x y md-y lg-y\" id=\"image_1626325007\">\n\t\t\t\t\t\t\t\t<div class=\"img-inner dark\" >\n\t\t\t<img loading=\"lazy\" decoding=\"async\" width=\"1000\" height=\"693\" src=\"https:\/\/comt.cat\/wp-content\/uploads\/2021\/08\/middle-aged-female-doctor-wearing-wearing-medical-robe-with-stethoscope-sitting-at-desk-work-on-laptop-with-medical-tools-write-on-clipboard-min.jpg\" class=\"attachment-large size-large\" alt=\"\" srcset=\"https:\/\/comt.cat\/wp-content\/uploads\/2021\/08\/middle-aged-female-doctor-wearing-wearing-medical-robe-with-stethoscope-sitting-at-desk-work-on-laptop-with-medical-tools-write-on-clipboard-min.jpg 1000w, https:\/\/comt.cat\/wp-content\/uploads\/2021\/08\/middle-aged-female-doctor-wearing-wearing-medical-robe-with-stethoscope-sitting-at-desk-work-on-laptop-with-medical-tools-write-on-clipboard-min-600x416.jpg 600w, https:\/\/comt.cat\/wp-content\/uploads\/2021\/08\/middle-aged-female-doctor-wearing-wearing-medical-robe-with-stethoscope-sitting-at-desk-work-on-laptop-with-medical-tools-write-on-clipboard-min-300x208.jpg 300w, https:\/\/comt.cat\/wp-content\/uploads\/2021\/08\/middle-aged-female-doctor-wearing-wearing-medical-robe-with-stethoscope-sitting-at-desk-work-on-laptop-with-medical-tools-write-on-clipboard-min-768x532.jpg 768w\" sizes=\"(max-width: 1000px) 100vw, 1000px\" \/>\t\t\t\t\t\t\n\t\t\t\t\t<\/div>\n\t\t\t\t\t\t\t\t\n<style>\n#image_1626325007 {\n  width: 100%;\n}\n<\/style>\n\t<\/div>\n\t\n\n\n\t\t<\/div>\n\t\t\t\t\t<\/div>\n\n\t\n\n\t<div id=\"col-1168454120\" class=\"col medium-6 small-12 large-6\"  >\n\t\t\t\t<div class=\"col-inner\"  >\n\t\t\t\n\t\t\t\n\n<h2>Las decisiones de la Comisi\u00f3n Deontol\u00f3gica tendr\u00e1n que figurar en acta, as\u00ed como los acuerdos tomados en este respeto para Junta de Gobierno.<\/h2>\n<p>La comisi\u00f3n\u00a0Deontol\u00f3gica\u00a0tendr\u00e1 que librar a la Junta de Gobierno sus dict\u00e1menes y sus informes sobre todas las denuncias y todas las cuestiones que le sean presentadas en un plazo m\u00e1ximo de cinco meses, prorrogables por un mes, a petici\u00f3n justificada de la Comisi\u00f3n.<\/p>\n\n\t\t<\/div>\n\t\t\t\t\t<\/div>\n\n\t\n\n<\/div>\n\t<div id=\"gap-294181711\" class=\"gap-element clearfix\" style=\"display:block; height:auto;\">\n\t\t\n<style>\n#gap-294181711 {\n  padding-top: 60px;\n}\n<\/style>\n\t<\/div>\n\t\n\n<div class=\"row row-large\"  id=\"row-1051298053\">\n\n\n\t<div id=\"col-1360364330\" class=\"col medium-12 small-12 large-6\"  >\n\t\t\t\t<div class=\"col-inner\"  >\n\t\t\t\n\t\t\t\n\n<div class=\"is-divider divider clearfix\" style=\"background-color:rgb(131, 184, 238);\"><\/div>\n\n<h2>Miembros de la Comisi\u00f3n Deontol\u00f3gica<\/h2>\n<ul>\n<li class=\"p1 bullet-arrow\"><span class=\"s1\"><strong>Presidente:<\/strong> Dr. Eduard Corbella Jacob<\/span><\/li>\n<li class=\"p1 bullet-arrow\"><span class=\"s1\"><strong>Presidente Honorifico:<\/strong> Dr. Antonio Labad Alquezar<\/span><\/li>\n<li class=\"p1 bullet-arrow\"><span class=\"s1\"><strong>Secretaria:<\/strong> Dra. Inmaculada Hospital Guardiola<\/span><\/li>\n<li class=\"p1 bullet-arrow\"><span class=\"s1\"><strong>Vocal:<\/strong> Dr. Gaspar Masdeu Eixarch<\/span><\/li>\n<li class=\"p1 bullet-arrow\"><span class=\"s1\"><strong>Vocal:<\/strong> Dr. Joaquin Ruiz Herrero<\/span><\/li>\n<li class=\"p1 bullet-arrow\"><span class=\"s1\"><strong>Vocal:<\/strong> Dra. Sandra Parra P\u00e9rez<\/span><\/li>\n<li class=\"p1 bullet-arrow\"><span class=\"s1\"><strong>Vocal:<\/strong> Dr. M\u00aa Teresa Mateu Gelabert<\/span><\/li>\n<\/ul>\n\n\n\t\t<\/div>\n\t\t\t\t\t<\/div>\n\n\t\n\n\t<div id=\"col-1840341141\" class=\"col medium-12 small-12 large-6\"  >\n\t\t\t\t<div class=\"col-inner\"  >\n\t\t\t\n\t\t\t\n\n<div class=\"is-divider divider clearfix\" style=\"background-color:rgb(131, 184, 238);\"><\/div>\n\n<h2>C\u00f3digos Deontol\u00f3gicos<\/h2>\n<a href=\"https:\/\/www.ccmc.cat\/ca\/ccmc\/deontologia\" target=\"_blank\" class=\"button secondary is-small\" rel=\"noopener\" >\n\t<i class=\"icon-angle-down\" aria-hidden=\"true\"><\/i>\t<span>C\u00f3digo de Deontolog\u00eda del Consell de Col\u00b7legis de Metges de Catalunya<\/span>\n\t<\/a>\n\n\n<a href=\"https:\/\/www.cgcom.es\/codigo-deontologia-medica\" target=\"_blank\" class=\"button secondary is-small\" rel=\"noopener\" >\n\t<i class=\"icon-angle-down\" aria-hidden=\"true\"><\/i>\t<span>C\u00f3digo de Deontolog\u00eda del Consejo General de Colegio de M\u00e9dicos<\/span>\n\t<\/a>\n\n\n\t<div id=\"gap-492301075\" class=\"gap-element clearfix\" style=\"display:block; height:auto;\">\n\t\t\n<style>\n#gap-492301075 {\n  padding-top: 30px;\n}\n<\/style>\n\t<\/div>\n\t\n\n<h2>Direcciones de inter\u00e9s<\/h2>\n<ul>\n<li class=\"p1 bullet-checkmark bullet-arrow\"><span class=\"s1\"><a href=\"https:\/\/www.ccmc.cat\/ca\/home\">Consell de Col\u00b7legis de Metges de Catalunya<\/a><\/span><\/li>\n<li class=\"p1 bullet-checkmark bullet-arrow\"><span class=\"s1\"><a href=\"https:\/\/www.cgcom.es\/\">Organizaci\u00f3n M\u00e9dica Colegial de Espa\u00f1a<\/a><\/span><\/li>\n<li class=\"p1 bullet-checkmark bullet-arrow\"><span class=\"s1\"><a href=\"http:\/\/www.cpme.eu\/\">Comit\u00e8 Permanent de Metges Europeus<\/a><\/span><\/li>\n<li class=\"p1 bullet-checkmark bullet-arrow\"><span class=\"s1\"><a href=\"https:\/\/www.wma.net\/es\/\">Associaci\u00f3 M\u00e8dica Col\u00b7legial<\/a><\/span><\/li>\n<li class=\"p1 bullet-checkmark bullet-arrow\"><span class=\"s1\"><a href=\"https:\/\/www.copc.cat\/\">Col\u00b7legi Oficial de Psic\u00f2legs de Catalunya (COPC)<\/a><\/span><\/li>\n<\/ul>\n\n\t\t<\/div>\n\t\t\t\t\t<\/div>\n\n\t\n\n<\/div>\n\n\t\t<\/div>\n\n\t\t\n<style>\n#section_1317686055 {\n  padding-top: 40px;\n  padding-bottom: 40px;\n}\n@media (min-width:850px) {\n  #section_1317686055 {\n    padding-top: 80px;\n    padding-bottom: 80px;\n  }\n}\n<\/style>\n\t<\/section>\n\t\n\n","protected":false},"excerpt":{"rendered":"","protected":false},"author":1,"featured_media":0,"parent":0,"menu_order":0,"comment_status":"closed","ping_status":"closed","template":"page-blank.php","meta":{"footnotes":""},"class_list":["post-10847","page","type-page","status-publish","hentry"],"yoast_head":"<!-- This site is optimized with the Yoast SEO plugin v27.2 - https:\/\/yoast.com\/product\/yoast-seo-wordpress\/ -->\n<title>Comisi\u00f3n deontol\u00f3gica - COMT<\/title>\n<meta name=\"robots\" content=\"index, follow, max-snippet:-1, max-image-preview:large, max-video-preview:-1\" \/>\n<link rel=\"canonical\" href=\"https:\/\/comt.cat\/comissio-deontologica\/\" \/>\n<meta property=\"og:locale\" content=\"es_ES\" \/>\n<meta property=\"og:type\" content=\"article\" \/>\n<meta property=\"og:title\" content=\"Comisi\u00f3n deontol\u00f3gica - COMT\" \/>\n<meta property=\"og:url\" content=\"https:\/\/comt.cat\/comissio-deontologica\/\" \/>\n<meta property=\"og:site_name\" content=\"COMT\" \/>\n<meta property=\"article:modified_time\" content=\"2024-12-05T12:35:58+00:00\" \/>\n<meta name=\"twitter:card\" content=\"summary_large_image\" \/>\n<meta name=\"twitter:label1\" content=\"Tiempo de lectura\" \/>\n\t<meta name=\"twitter:data1\" content=\"2 minutos\" \/>\n<script type=\"application\/ld+json\" class=\"yoast-schema-graph\">{\"@context\":\"https:\/\/schema.org\",\"@graph\":[{\"@type\":\"WebPage\",\"@id\":\"https:\/\/comt.cat\/comissio-deontologica\/\",\"url\":\"https:\/\/comt.cat\/comissio-deontologica\/\",\"name\":\"Comisi\u00f3n deontol\u00f3gica - COMT\",\"isPartOf\":{\"@id\":\"https:\/\/comt.cat\/#website\"},\"datePublished\":\"2021-07-27T12:45:49+00:00\",\"dateModified\":\"2024-12-05T12:35:58+00:00\",\"breadcrumb\":{\"@id\":\"https:\/\/comt.cat\/comissio-deontologica\/#breadcrumb\"},\"inLanguage\":\"es\",\"potentialAction\":[{\"@type\":\"ReadAction\",\"target\":[\"https:\/\/comt.cat\/comissio-deontologica\/\"]}]},{\"@type\":\"BreadcrumbList\",\"@id\":\"https:\/\/comt.cat\/comissio-deontologica\/#breadcrumb\",\"itemListElement\":[{\"@type\":\"ListItem\",\"position\":1,\"name\":\"Home\",\"item\":\"https:\/\/comt.cat\/es\/\"},{\"@type\":\"ListItem\",\"position\":2,\"name\":\"Comisi\u00f3n deontol\u00f3gica\"}]},{\"@type\":\"WebSite\",\"@id\":\"https:\/\/comt.cat\/#website\",\"url\":\"https:\/\/comt.cat\/\",\"name\":\"COMT\",\"description\":\"Col\u00b7legi de Metges de Tarragona\",\"potentialAction\":[{\"@type\":\"SearchAction\",\"target\":{\"@type\":\"EntryPoint\",\"urlTemplate\":\"https:\/\/comt.cat\/?s={search_term_string}\"},\"query-input\":{\"@type\":\"PropertyValueSpecification\",\"valueRequired\":true,\"valueName\":\"search_term_string\"}}],\"inLanguage\":\"es\"}]}<\/script>\n<!-- \/ Yoast SEO plugin. -->","yoast_head_json":{"title":"Comisi\u00f3n deontol\u00f3gica - COMT","robots":{"index":"index","follow":"follow","max-snippet":"max-snippet:-1","max-image-preview":"max-image-preview:large","max-video-preview":"max-video-preview:-1"},"canonical":"https:\/\/comt.cat\/comissio-deontologica\/","og_locale":"es_ES","og_type":"article","og_title":"Comisi\u00f3n deontol\u00f3gica - COMT","og_url":"https:\/\/comt.cat\/comissio-deontologica\/","og_site_name":"COMT","article_modified_time":"2024-12-05T12:35:58+00:00","twitter_card":"summary_large_image","twitter_misc":{"Tiempo de lectura":"2 minutos"},"schema":{"@context":"https:\/\/schema.org","@graph":[{"@type":"WebPage","@id":"https:\/\/comt.cat\/comissio-deontologica\/","url":"https:\/\/comt.cat\/comissio-deontologica\/","name":"Comisi\u00f3n deontol\u00f3gica - COMT","isPartOf":{"@id":"https:\/\/comt.cat\/#website"},"datePublished":"2021-07-27T12:45:49+00:00","dateModified":"2024-12-05T12:35:58+00:00","breadcrumb":{"@id":"https:\/\/comt.cat\/comissio-deontologica\/#breadcrumb"},"inLanguage":"es","potentialAction":[{"@type":"ReadAction","target":["https:\/\/comt.cat\/comissio-deontologica\/"]}]},{"@type":"BreadcrumbList","@id":"https:\/\/comt.cat\/comissio-deontologica\/#breadcrumb","itemListElement":[{"@type":"ListItem","position":1,"name":"Home","item":"https:\/\/comt.cat\/es\/"},{"@type":"ListItem","position":2,"name":"Comisi\u00f3n deontol\u00f3gica"}]},{"@type":"WebSite","@id":"https:\/\/comt.cat\/#website","url":"https:\/\/comt.cat\/","name":"COMT","description":"Col\u00b7legi de Metges de Tarragona","potentialAction":[{"@type":"SearchAction","target":{"@type":"EntryPoint","urlTemplate":"https:\/\/comt.cat\/?s={search_term_string}"},"query-input":{"@type":"PropertyValueSpecification","valueRequired":true,"valueName":"search_term_string"}}],"inLanguage":"es"}]}},"_links":{"self":[{"href":"https:\/\/comt.cat\/es\/wp-json\/wp\/v2\/pages\/10847","targetHints":{"allow":["GET"]}}],"collection":[{"href":"https:\/\/comt.cat\/es\/wp-json\/wp\/v2\/pages"}],"about":[{"href":"https:\/\/comt.cat\/es\/wp-json\/wp\/v2\/types\/page"}],"author":[{"embeddable":true,"href":"https:\/\/comt.cat\/es\/wp-json\/wp\/v2\/users\/1"}],"replies":[{"embeddable":true,"href":"https:\/\/comt.cat\/es\/wp-json\/wp\/v2\/comments?post=10847"}],"version-history":[{"count":15,"href":"https:\/\/comt.cat\/es\/wp-json\/wp\/v2\/pages\/10847\/revisions"}],"predecessor-version":[{"id":35707,"href":"https:\/\/comt.cat\/es\/wp-json\/wp\/v2\/pages\/10847\/revisions\/35707"}],"wp:attachment":[{"href":"https:\/\/comt.cat\/es\/wp-json\/wp\/v2\/media?parent=10847"}],"curies":[{"name":"wp","href":"https:\/\/api.w.org\/{rel}","templated":true}]}}