{"id":10850,"date":"2021-07-27T12:46:57","date_gmt":"2021-07-27T12:46:57","guid":{"rendered":"https:\/\/comt.quimeras.cat\/seccions-collegials\/"},"modified":"2025-07-25T14:39:49","modified_gmt":"2025-07-25T12:39:49","slug":"secciones-colegiales","status":"publish","type":"page","link":"https:\/\/comt.cat\/es\/secciones-colegiales\/","title":{"rendered":"Secciones colegiales"},"content":{"rendered":"\n\n\t<section class=\"section\" id=\"section_1816718685\">\n\t\t<div class=\"section-bg fill\" >\n\t\t\t\t\t\t\t\t\t\n\t\t\t\n\n\t\t<\/div>\n\n\t\t\n\n\t\t<div class=\"section-content relative\">\n\t\t\t\n\n<div class=\"row row-large align-center\"  id=\"row-1230257347\">\n\n\n\t<div id=\"col-2070240541\" class=\"col medium-7 small-12 large-7\"  >\n\t\t\t\t<div class=\"col-inner text-left\"  >\n\t\t\t\n\t\t\t\n\n<h1>Secciones Colegiales del COMT<\/h1>\n<div class=\"is-divider divider clearfix\" style=\"margin-top:0.4em;margin-bottom:0.4em;\"><\/div>\n\n<p>El COMT dispone de varias secciones colegiales las cuales est\u00e1n abiertas a toda la colegiaci\u00f3n. Inscr\u00edbete y mantente al d\u00eda de todas las novedades de tu secci\u00f3n!<\/p>\n\n\t\t<\/div>\n\t\t\t\t\n<style>\n#col-2070240541 > .col-inner {\n  margin: 0px 0px -22px 0px;\n}\n<\/style>\n\t<\/div>\n\n\t\n\n\t<div id=\"col-1111306173\" class=\"col medium-5 small-12 large-5\"  >\n\t\t\t\t<div class=\"col-inner\"  >\n\t\t\t\n\t\t\t\n\n\n\t\t<div class=\"icon-box featured-box icon-box-left text-left\"  >\n\t\t\t\t\t<div class=\"icon-box-img\" style=\"width: 38px\">\n\t\t\t\t<div class=\"icon\">\n\t\t\t\t\t<div class=\"icon-inner\" >\n\t\t\t\t\t\t<img loading=\"lazy\" decoding=\"async\" width=\"1\" height=\"1\" src=\"https:\/\/comt.cat\/wp-content\/uploads\/2021\/08\/streamline-icon-conversation-chat-bubble@200x200.svg\" class=\"attachment-medium size-medium\" alt=\"\" \/>\t\t\t\t\t<\/div>\n\t\t\t\t<\/div>\n\t\t\t<\/div>\n\t\t\t\t<div class=\"icon-box-text last-reset\">\n\t\t\t\t\t\t\t\t\t\n\n<p>Las secciones colegiales son \u00f3rganos internos de participaci\u00f3n del COMT<\/p>\n\n\t\t<\/div>\n\t<\/div>\n\t\n\t\n\t<div id=\"gap-376333091\" class=\"gap-element clearfix\" style=\"display:block; height:auto;\">\n\t\t\n<style>\n#gap-376333091 {\n  padding-top: 30px;\n}\n<\/style>\n\t<\/div>\n\t\n\n\n\t\t<div class=\"icon-box featured-box icon-box-left text-left\"  >\n\t\t\t\t\t<div class=\"icon-box-img\" style=\"width: 38px\">\n\t\t\t\t<div class=\"icon\">\n\t\t\t\t\t<div class=\"icon-inner\" >\n\t\t\t\t\t\t<img loading=\"lazy\" decoding=\"async\" width=\"1\" height=\"1\" src=\"https:\/\/comt.cat\/wp-content\/uploads\/2021\/08\/streamline-icon-professions-man-nurse-1@200x200.svg\" class=\"attachment-medium size-medium\" alt=\"\" \/>\t\t\t\t\t<\/div>\n\t\t\t\t<\/div>\n\t\t\t<\/div>\n\t\t\t\t<div class=\"icon-box-text last-reset\">\n\t\t\t\t\t\t\t\t\t\n\n<p>Cada secci\u00f3n est\u00e1 formada por colegiados y colegiadas con caracter\u00edsticas comunes de ejercicio profesional<\/p>\n\n\t\t<\/div>\n\t<\/div>\n\t\n\t\n\n\t\t<\/div>\n\t\t\t\t\n<style>\n#col-1111306173 > .col-inner {\n  padding: 0px 0px 0px 0px;\n  margin: 0px 0px -14px 0px;\n}\n<\/style>\n\t<\/div>\n\n\t\n\n<\/div>\n\n\t\t<\/div>\n\n\t\t\n<style>\n#section_1816718685 {\n  padding-top: 77px;\n  padding-bottom: 77px;\n  background-color: rgb(251, 248, 243);\n}\n<\/style>\n\t<\/section>\n\t\n\n\t<section class=\"section\" id=\"section_2005010168\">\n\t\t<div class=\"section-bg fill\" >\n\t\t\t\t\t\t\t\t\t\n\t\t\t\n\n\t\t<\/div>\n\n\t\t\n\n\t\t<div class=\"section-content relative\">\n\t\t\t\n\n<div class=\"row\"  id=\"row-1353887749\">\n\n\n\t<div id=\"col-465408276\" class=\"col medium-3 small-6 large-3\"  >\n\t\t\t\t<div class=\"col-inner\"  >\n\t\t\t\n\t\t\t\n\n\t<div class=\"box has-hover   has-hover box-text-bottom\" >\n\n\t\t<div class=\"box-image\" >\n\t\t\t<a href=\"https:\/\/comt.quimeras.cat\/es\/seccions-collegials\/seccio-exercici-lliure\" >\t\t\t<div class=\"image-overlay-add\" >\n\t\t\t\t<img loading=\"lazy\" decoding=\"async\" width=\"1920\" height=\"1280\" src=\"https:\/\/comt.cat\/wp-content\/uploads\/2021\/08\/fons1-min.jpg\" class=\"attachment- size-\" alt=\"\" srcset=\"https:\/\/comt.cat\/wp-content\/uploads\/2021\/08\/fons1-min.jpg 1920w, https:\/\/comt.cat\/wp-content\/uploads\/2021\/08\/fons1-min-600x400.jpg 600w, https:\/\/comt.cat\/wp-content\/uploads\/2021\/08\/fons1-min-300x200.jpg 300w, https:\/\/comt.cat\/wp-content\/uploads\/2021\/08\/fons1-min-1024x683.jpg 1024w, https:\/\/comt.cat\/wp-content\/uploads\/2021\/08\/fons1-min-768x512.jpg 768w, https:\/\/comt.cat\/wp-content\/uploads\/2021\/08\/fons1-min-1536x1024.jpg 1536w\" sizes=\"(max-width: 1920px) 100vw, 1920px\" \/>\t\t\t\t<div class=\"overlay\" style=\"background-color:rgba(0, 0, 0, 0.238)\"><\/div>\t\t\t\t\t\t\t<\/div>\n\t\t\t<\/a>\t\t<\/div>\n\n\t\t<div class=\"box-text text-center\" style=\"background-color:rgb(115, 198, 246);\">\n\t\t\t<div class=\"box-text-inner\">\n\t\t\t\t\n\n\t<div id=\"text-4159573635\" class=\"text\">\n\t\t\n\n<h4><a href=\"https:\/\/comt.quimeras.cat\/es\/seccions-collegials\/seccio-exercici-lliure\/\">Medicina privada y Seguro Libre<\/a><\/h4>\n\t\t\n<style>\n#text-4159573635 {\n  color: rgb(255, 255, 255);\n}\n#text-4159573635 > * {\n  color: rgb(255, 255, 255);\n}\n<\/style>\n\t<\/div>\n\t\n\n\t\t\t<\/div>\n\t\t<\/div>\n\t<\/div>\n\t\n\n\t\t<\/div>\n\t\t\t\t\t<\/div>\n\n\t\n\n\t<div id=\"col-1874625362\" class=\"col medium-3 small-6 large-3\"  >\n\t\t\t\t<div class=\"col-inner\"  >\n\t\t\t\n\t\t\t\n\n\t<div class=\"box has-hover   has-hover box-text-bottom\" >\n\n\t\t<div class=\"box-image\" >\n\t\t\t<a href=\"https:\/\/comt.quimeras.cat\/es\/seccions-collegials\/seccion-medicina-estetica\" >\t\t\t<div class=\"image-overlay-add\" >\n\t\t\t\t<img loading=\"lazy\" decoding=\"async\" width=\"500\" height=\"334\" src=\"https:\/\/comt.cat\/wp-content\/uploads\/2021\/09\/Estetica.jpg\" class=\"attachment- size-\" alt=\"\" srcset=\"https:\/\/comt.cat\/wp-content\/uploads\/2021\/09\/Estetica.jpg 500w, https:\/\/comt.cat\/wp-content\/uploads\/2021\/09\/Estetica-300x200.jpg 300w\" sizes=\"(max-width: 500px) 100vw, 500px\" \/>\t\t\t\t<div class=\"overlay\" style=\"background-color:rgba(0, 0, 0, 0.238)\"><\/div>\t\t\t\t\t\t\t<\/div>\n\t\t\t<\/a>\t\t<\/div>\n\n\t\t<div class=\"box-text text-center\" style=\"background-color:rgb(115, 198, 246);\">\n\t\t\t<div class=\"box-text-inner\">\n\t\t\t\t\n\n\t<div id=\"text-2729267912\" class=\"text\">\n\t\t\n\n<h4><a href=\"https:\/\/comt.quimeras.cat\/es\/seccions-collegials\/seccion-medicina-estetica\/\">Medicina Est\u00e9tica<\/a><\/h4>\n\t\t\n<style>\n#text-2729267912 {\n  color: rgb(255, 255, 255);\n}\n#text-2729267912 > * {\n  color: rgb(255, 255, 255);\n}\n<\/style>\n\t<\/div>\n\t\n\n\t\t\t<\/div>\n\t\t<\/div>\n\t<\/div>\n\t\n\n\t\t<\/div>\n\t\t\t\t\t<\/div>\n\n\t\n\n\t<div id=\"col-1759592351\" class=\"col medium-3 small-6 large-3\"  >\n\t\t\t\t<div class=\"col-inner\"  >\n\t\t\t\n\t\t\t\n\n\t<div class=\"box has-hover   has-hover box-text-bottom\" >\n\n\t\t<div class=\"box-image\" >\n\t\t\t<a href=\"https:\/\/comt.quimeras.cat\/es\/seccions-collegials\/seccion-medicos-cooperantes\/\" >\t\t\t<div class=\"image-overlay-add\" >\n\t\t\t\t<img loading=\"lazy\" decoding=\"async\" width=\"500\" height=\"333\" src=\"https:\/\/comt.cat\/wp-content\/uploads\/2021\/09\/medical-examination-of-refugees.jpg\" class=\"attachment- size-\" alt=\"\" srcset=\"https:\/\/comt.cat\/wp-content\/uploads\/2021\/09\/medical-examination-of-refugees.jpg 500w, https:\/\/comt.cat\/wp-content\/uploads\/2021\/09\/medical-examination-of-refugees-300x200.jpg 300w\" sizes=\"(max-width: 500px) 100vw, 500px\" \/>\t\t\t\t<div class=\"overlay\" style=\"background-color:rgba(0, 0, 0, 0.238)\"><\/div>\t\t\t\t\t\t\t<\/div>\n\t\t\t<\/a>\t\t<\/div>\n\n\t\t<div class=\"box-text text-center\" style=\"background-color:rgb(115, 198, 246);\">\n\t\t\t<div class=\"box-text-inner\">\n\t\t\t\t\n\n\t<div id=\"text-3832014894\" class=\"text\">\n\t\t\n\n<h4><a href=\"https:\/\/comt.quimeras.cat\/es\/seccions-collegials\/seccion-medicos-cooperantes\/\">M\u00e9dicos Cooperantes<\/a><\/h4>\n\t\t\n<style>\n#text-3832014894 {\n  color: rgb(255, 255, 255);\n}\n#text-3832014894 > * {\n  color: rgb(255, 255, 255);\n}\n<\/style>\n\t<\/div>\n\t\n\n\t\t\t<\/div>\n\t\t<\/div>\n\t<\/div>\n\t\n\n\t\t<\/div>\n\t\t\t\t\t<\/div>\n\n\t\n\n\t<div id=\"col-1373959742\" class=\"col medium-3 small-6 large-3\"  >\n\t\t\t\t<div class=\"col-inner\"  >\n\t\t\t\n\t\t\t\n\n\t<div class=\"box has-hover   has-hover box-text-bottom\" >\n\n\t\t<div class=\"box-image\" >\n\t\t\t<a href=\"https:\/\/comt.quimeras.cat\/es\/seccions-collegials\/seccion-medicos-extracomunitarios\/\" >\t\t\t<div class=\"image-overlay-add\" >\n\t\t\t\t<img loading=\"lazy\" decoding=\"async\" width=\"500\" height=\"333\" src=\"https:\/\/comt.cat\/wp-content\/uploads\/2021\/09\/extracomunitari.jpg\" class=\"attachment- size-\" alt=\"\" srcset=\"https:\/\/comt.cat\/wp-content\/uploads\/2021\/09\/extracomunitari.jpg 500w, https:\/\/comt.cat\/wp-content\/uploads\/2021\/09\/extracomunitari-300x200.jpg 300w\" sizes=\"(max-width: 500px) 100vw, 500px\" \/>\t\t\t\t<div class=\"overlay\" style=\"background-color:rgba(0, 0, 0, 0.238)\"><\/div>\t\t\t\t\t\t\t<\/div>\n\t\t\t<\/a>\t\t<\/div>\n\n\t\t<div class=\"box-text text-center\" style=\"background-color:rgb(115, 198, 246);\">\n\t\t\t<div class=\"box-text-inner\">\n\t\t\t\t\n\n\t<div id=\"text-1974647277\" class=\"text\">\n\t\t\n\n<h4><a href=\"https:\/\/comt.quimeras.cat\/es\/seccions-collegials\/seccion-medicos-extracomunitarios\/\">M\u00e9dicos Extracomunitarios<\/a><\/h4>\n\t\t\n<style>\n#text-1974647277 {\n  color: rgb(255, 255, 255);\n}\n#text-1974647277 > * {\n  color: rgb(255, 255, 255);\n}\n<\/style>\n\t<\/div>\n\t\n\n\t\t\t<\/div>\n\t\t<\/div>\n\t<\/div>\n\t\n\n\t\t<\/div>\n\t\t\t\t\t<\/div>\n\n\t\n\n\n\t<div id=\"col-1881474225\" class=\"col medium-3 small-6 large-3\"  >\n\t\t\t\t<div class=\"col-inner\"  >\n\t\t\t\n\t\t\t\n\n\t<div class=\"box has-hover   has-hover box-text-bottom\" >\n\n\t\t<div class=\"box-image\" >\n\t\t\t<a href=\"https:\/\/comt.quimeras.cat\/es\/seccions-collegials\/seccion-pediatria\" >\t\t\t<div class=\"image-overlay-add\" >\n\t\t\t\t<img loading=\"lazy\" decoding=\"async\" width=\"500\" height=\"334\" src=\"https:\/\/comt.cat\/wp-content\/uploads\/2021\/09\/Pediatra.jpg\" class=\"attachment- size-\" alt=\"\" srcset=\"https:\/\/comt.cat\/wp-content\/uploads\/2021\/09\/Pediatra.jpg 500w, https:\/\/comt.cat\/wp-content\/uploads\/2021\/09\/Pediatra-300x200.jpg 300w\" sizes=\"(max-width: 500px) 100vw, 500px\" \/>\t\t\t\t<div class=\"overlay\" style=\"background-color:rgba(0, 0, 0, 0.238)\"><\/div>\t\t\t\t\t\t\t<\/div>\n\t\t\t<\/a>\t\t<\/div>\n\n\t\t<div class=\"box-text text-center\" style=\"background-color:rgb(115, 198, 246);\">\n\t\t\t<div class=\"box-text-inner\">\n\t\t\t\t\n\n\t<div id=\"text-2251627995\" class=\"text\">\n\t\t\n\n<h4><a href=\"https:\/\/comt.quimeras.cat\/es\/seccions-collegials\/seccion-pediatria\/\">M\u00e9dicos Pediatras<\/a><\/h4>\n\t\t\n<style>\n#text-2251627995 {\n  color: rgb(255, 255, 255);\n}\n#text-2251627995 > * {\n  color: rgb(255, 255, 255);\n}\n<\/style>\n\t<\/div>\n\t\n\n\t\t\t<\/div>\n\t\t<\/div>\n\t<\/div>\n\t\n\n\t\t<\/div>\n\t\t\t\t\t<\/div>\n\n\t\n\n\t<div id=\"col-2081609783\" class=\"col medium-3 small-6 large-3\"  >\n\t\t\t\t<div class=\"col-inner\"  >\n\t\t\t\n\t\t\t\n\n\t<div class=\"box has-hover   has-hover box-text-bottom\" >\n\n\t\t<div class=\"box-image\" >\n\t\t\t<a href=\"https:\/\/comt.cat\/es\/seccions-collegials\/seccion-atencion-primaria\/\" >\t\t\t<div class=\"image-overlay-add image-cover\" style=\"padding-top:183px;\">\n\t\t\t\t<img loading=\"lazy\" decoding=\"async\" width=\"1000\" height=\"693\" src=\"https:\/\/comt.cat\/wp-content\/uploads\/2021\/08\/middle-aged-female-doctor-wearing-wearing-medical-robe-with-stethoscope-sitting-at-desk-work-on-laptop-with-medical-tools-write-on-clipboard-min.jpg\" class=\"attachment- size-\" alt=\"\" srcset=\"https:\/\/comt.cat\/wp-content\/uploads\/2021\/08\/middle-aged-female-doctor-wearing-wearing-medical-robe-with-stethoscope-sitting-at-desk-work-on-laptop-with-medical-tools-write-on-clipboard-min.jpg 1000w, https:\/\/comt.cat\/wp-content\/uploads\/2021\/08\/middle-aged-female-doctor-wearing-wearing-medical-robe-with-stethoscope-sitting-at-desk-work-on-laptop-with-medical-tools-write-on-clipboard-min-600x416.jpg 600w, https:\/\/comt.cat\/wp-content\/uploads\/2021\/08\/middle-aged-female-doctor-wearing-wearing-medical-robe-with-stethoscope-sitting-at-desk-work-on-laptop-with-medical-tools-write-on-clipboard-min-300x208.jpg 300w, https:\/\/comt.cat\/wp-content\/uploads\/2021\/08\/middle-aged-female-doctor-wearing-wearing-medical-robe-with-stethoscope-sitting-at-desk-work-on-laptop-with-medical-tools-write-on-clipboard-min-768x532.jpg 768w\" sizes=\"(max-width: 1000px) 100vw, 1000px\" \/>\t\t\t\t<div class=\"overlay\" style=\"background-color:rgba(0, 0, 0, 0.238)\"><\/div>\t\t\t\t\t\t\t<\/div>\n\t\t\t<\/a>\t\t<\/div>\n\n\t\t<div class=\"box-text text-center\" style=\"background-color:rgb(115, 198, 246);\">\n\t\t\t<div class=\"box-text-inner\">\n\t\t\t\t\n\n\t<div id=\"text-539042556\" class=\"text\">\n\t\t\n\n<h4><a href=\"https:\/\/comt.cat\/es\/seccions-collegials\/seccion-atencion-primaria\/\">Atenci\u00f3n Primaria<\/a><\/h4>\n\t\t\n<style>\n#text-539042556 {\n  color: rgb(255, 255, 255);\n}\n#text-539042556 > * {\n  color: rgb(255, 255, 255);\n}\n<\/style>\n\t<\/div>\n\t\n\n\t\t\t<\/div>\n\t\t<\/div>\n\t<\/div>\n\t\n\n\t\t<\/div>\n\t\t\t\t\t<\/div>\n\n\t\n\n\t<div id=\"col-1976694659\" class=\"col medium-3 small-6 large-3\"  >\n\t\t\t\t<div class=\"col-inner\"  >\n\t\t\t\n\t\t\t\n\n\t<div class=\"box has-hover   has-hover box-text-bottom\" >\n\n\t\t<div class=\"box-image\" >\n\t\t\t<a href=\"https:\/\/comt.cat\/es\/seccions-collegials\/seccion-medicos-docentes-y-tutores\/\" >\t\t\t<div class=\"image-overlay-add image-cover\" style=\"padding-top:183px;\">\n\t\t\t\t<img loading=\"lazy\" decoding=\"async\" width=\"500\" height=\"334\" src=\"https:\/\/comt.cat\/wp-content\/uploads\/2021\/09\/directori.jpg\" class=\"attachment- size-\" alt=\"\" srcset=\"https:\/\/comt.cat\/wp-content\/uploads\/2021\/09\/directori.jpg 500w, https:\/\/comt.cat\/wp-content\/uploads\/2021\/09\/directori-300x200.jpg 300w\" sizes=\"(max-width: 500px) 100vw, 500px\" \/>\t\t\t\t<div class=\"overlay\" style=\"background-color:rgba(0, 0, 0, 0.238)\"><\/div>\t\t\t\t\t\t\t<\/div>\n\t\t\t<\/a>\t\t<\/div>\n\n\t\t<div class=\"box-text text-center\" style=\"background-color:rgb(115, 198, 246);\">\n\t\t\t<div class=\"box-text-inner\">\n\t\t\t\t\n\n\t<div id=\"text-3140137238\" class=\"text\">\n\t\t\n\n<h4><a href=\"https:\/\/comt.cat\/es\/seccions-collegials\/seccion-medicos-docentes-y-tutores\/\">M\u00e9dicos docentes y tutores<\/a><\/h4>\n\t\t\n<style>\n#text-3140137238 {\n  color: rgb(255, 255, 255);\n}\n#text-3140137238 > * {\n  color: rgb(255, 255, 255);\n}\n<\/style>\n\t<\/div>\n\t\n\n\t\t\t<\/div>\n\t\t<\/div>\n\t<\/div>\n\t\n\n\t\t<\/div>\n\t\t\t\t\t<\/div>\n\n\t\n\n\t<div id=\"col-495498096\" class=\"col medium-3 small-6 large-3\"  >\n\t\t\t\t<div class=\"col-inner\"  >\n\t\t\t\n\t\t\t\n\n\t<div class=\"box has-hover   has-hover box-text-bottom\" >\n\n\t\t<div class=\"box-image\" >\n\t\t\t<a href=\"https:\/\/comt.cat\/es\/seccions-collegials\/seccion-deportiva\/\" >\t\t\t<div class=\"image-overlay-add image-cover\" style=\"padding-top:183px;\">\n\t\t\t\t<img loading=\"lazy\" decoding=\"async\" width=\"275\" height=\"184\" src=\"https:\/\/comt.cat\/wp-content\/uploads\/2022\/12\/Sin-titulo-2.webp\" class=\"attachment- size-\" alt=\"\" \/>\t\t\t\t<div class=\"overlay\" style=\"background-color:rgba(0, 0, 0, 0.238)\"><\/div>\t\t\t\t\t\t\t<\/div>\n\t\t\t<\/a>\t\t<\/div>\n\n\t\t<div class=\"box-text text-center\" style=\"background-color:rgb(115, 198, 246);\">\n\t\t\t<div class=\"box-text-inner\">\n\t\t\t\t\n\n\t<div id=\"text-2982345634\" class=\"text\">\n\t\t\n\n<h4><a href=\"https:\/\/comt.cat\/es\/seccions-collegials\/seccion-deportiva\/\">Medicina deportiva<\/a><\/h4>\n\t\t\n<style>\n#text-2982345634 {\n  color: rgb(255, 255, 255);\n}\n#text-2982345634 > * {\n  color: rgb(255, 255, 255);\n}\n<\/style>\n\t<\/div>\n\t\n\n\t\t\t<\/div>\n\t\t<\/div>\n\t<\/div>\n\t\n\n\t\t<\/div>\n\t\t\t\t\t<\/div>\n\n\t\n\n\t<div id=\"col-542217683\" class=\"col medium-3 small-6 large-3\"  >\n\t\t\t\t<div class=\"col-inner\"  >\n\t\t\t\n\t\t\t\n\n\t<div class=\"box has-hover   has-hover box-text-bottom\" >\n\n\t\t<div class=\"box-image\" >\n\t\t\t\t\t\t<div class=\"image-overlay-add\" >\n\t\t\t\t<img loading=\"lazy\" decoding=\"async\" width=\"2560\" height=\"1706\" src=\"https:\/\/comt.cat\/wp-content\/uploads\/2023\/07\/medico-varon-alegre-retrato-bata-blanca-copia-scaled.webp\" class=\"attachment- size-\" alt=\"Metges S\u00e8nior\" srcset=\"https:\/\/comt.cat\/wp-content\/uploads\/2023\/07\/medico-varon-alegre-retrato-bata-blanca-copia-scaled.webp 2560w, https:\/\/comt.cat\/wp-content\/uploads\/2023\/07\/medico-varon-alegre-retrato-bata-blanca-copia-300x200.webp 300w, https:\/\/comt.cat\/wp-content\/uploads\/2023\/07\/medico-varon-alegre-retrato-bata-blanca-copia-1024x682.webp 1024w, https:\/\/comt.cat\/wp-content\/uploads\/2023\/07\/medico-varon-alegre-retrato-bata-blanca-copia-768x512.webp 768w, https:\/\/comt.cat\/wp-content\/uploads\/2023\/07\/medico-varon-alegre-retrato-bata-blanca-copia-1536x1024.webp 1536w, https:\/\/comt.cat\/wp-content\/uploads\/2023\/07\/medico-varon-alegre-retrato-bata-blanca-copia-2048x1365.webp 2048w\" sizes=\"(max-width: 2560px) 100vw, 2560px\" \/>\t\t\t\t<div class=\"overlay\" style=\"background-color:rgba(0, 0, 0, 0.238)\"><\/div>\t\t\t\t\t\t\t<\/div>\n\t\t\t\t\t<\/div>\n\n\t\t<div class=\"box-text text-center\" style=\"background-color:rgb(115, 198, 246);\">\n\t\t\t<div class=\"box-text-inner\">\n\t\t\t\t\n\n\t<div id=\"text-1611028458\" class=\"text\">\n\t\t\n\n<h4><a href=\"https:\/\/comt.cat\/es\/secciones-colegiales\/seccio-metges-senior\/\">M\u00e9dicos S\u00e9nior<\/a><\/h4>\n\t\t\n<style>\n#text-1611028458 {\n  color: rgb(255, 255, 255);\n}\n#text-1611028458 > * {\n  color: rgb(255, 255, 255);\n}\n<\/style>\n\t<\/div>\n\t\n\n\t\t\t<\/div>\n\t\t<\/div>\n\t<\/div>\n\t\n\n\t\t<\/div>\n\t\t\t\t\t<\/div>\n\n\t\n\n\t<div id=\"col-588383835\" class=\"col medium-3 small-6 large-3\"  >\n\t\t\t\t<div class=\"col-inner\"  >\n\t\t\t\n\t\t\t\n\n\t<div class=\"box has-hover   has-hover box-text-bottom\" >\n\n\t\t<div class=\"box-image\" >\n\t\t\t<a href=\"https:\/\/comt.cat\/es\/secciones-colegiales\/seccion-sexologia-clinica-y-salud-sexual\/\" >\t\t\t<div class=\"image-overlay-add\" >\n\t\t\t\t<img loading=\"lazy\" decoding=\"async\" width=\"1920\" height=\"1280\" src=\"https:\/\/comt.cat\/wp-content\/uploads\/2025\/06\/fons1-miwqwn.webp\" class=\"attachment- size-\" alt=\"\" srcset=\"https:\/\/comt.cat\/wp-content\/uploads\/2025\/06\/fons1-miwqwn.webp 1920w, https:\/\/comt.cat\/wp-content\/uploads\/2025\/06\/fons1-miwqwn-300x200.webp 300w, https:\/\/comt.cat\/wp-content\/uploads\/2025\/06\/fons1-miwqwn-1024x683.webp 1024w, https:\/\/comt.cat\/wp-content\/uploads\/2025\/06\/fons1-miwqwn-768x512.webp 768w, https:\/\/comt.cat\/wp-content\/uploads\/2025\/06\/fons1-miwqwn-1536x1024.webp 1536w, https:\/\/comt.cat\/wp-content\/uploads\/2025\/06\/fons1-miwqwn-600x400.webp 600w\" sizes=\"(max-width: 1920px) 100vw, 1920px\" \/>\t\t\t\t<div class=\"overlay\" style=\"background-color:rgba(0, 0, 0, 0.238)\"><\/div>\t\t\t\t\t\t\t<\/div>\n\t\t\t<\/a>\t\t<\/div>\n\n\t\t<div class=\"box-text text-center\" style=\"background-color:rgb(115, 198, 246);\">\n\t\t\t<div class=\"box-text-inner\">\n\t\t\t\t\n\n\t<div id=\"text-2106421487\" class=\"text\">\n\t\t\n\n<h4><a href=\"https:\/\/comt.cat\/es\/secciones-colegiales\/seccion-sexologia-clinica-y-salud-sexual\/\"> Sexolog\u00eda Cl\u00ednica y Salud Sexual <\/a><\/h4>\n\t\t\n<style>\n#text-2106421487 {\n  color: rgb(255, 255, 255);\n}\n#text-2106421487 > * {\n  color: rgb(255, 255, 255);\n}\n<\/style>\n\t<\/div>\n\t\n\n\t\t\t<\/div>\n\t\t<\/div>\n\t<\/div>\n\t\n\n\t\t<\/div>\n\t\t\t\t\t<\/div>\n\n\t\n\n\t<div id=\"col-1119216371\" class=\"col medium-3 small-12 large-3\"  >\n\t\t\t\t<div class=\"col-inner text-center dark\" style=\"background-color:rgb(71, 218, 206);\" >\n\t\t\t\n\t\t\t\n\n\n\t\t<div class=\"icon-box featured-box icon-box-center text-center\"  >\n\t\t\t\t<div class=\"icon-box-text last-reset\">\n\t\t\t\t\t\t\t\t\t\n\n\t<div class=\"box has-hover   has-hover box-text-bottom\" >\n\n\t\t<div class=\"box-image\" style=\"width:46%;\">\n\t\t\t<a href=\"https:\/\/comt.cat\/wp-content\/uploads\/2024\/07\/protocol-creacio-seccions-collegials_enllacos.pdf\" target=\"_blank\" rel=\"noopener\" >\t\t\t<div class=\"\" >\n\t\t\t\t<img decoding=\"async\" src=\"https:\/\/comt.cat\/wp-content\/uploads\/2021\/09\/streamline-icon-common-file-text-add@48x48.svg\" class=\"attachment- size-\" alt=\"\" \/>\t\t\t\t\t\t\t\t\t\t\t<\/div>\n\t\t\t<\/a>\t\t<\/div>\n\n\t\t<div class=\"box-text text-center\" >\n\t\t\t<div class=\"box-text-inner\">\n\t\t\t\t\n\n<h4><strong>\u00bfQuieres crear una Secci\u00f3n Colegial?<\/strong><\/h4>\n<p><a href=\"https:\/\/comt.cat\/wp-content\/uploads\/2024\/07\/protocol-creacio-seccions-collegials_enllacos.pdf\"><strong>Clica aqu\u00ed<\/strong><\/a><\/p>\n\n\t\t\t<\/div>\n\t\t<\/div>\n\t<\/div>\n\t\n\n\t\t<\/div>\n\t<\/div>\n\t\n\t\n\t<div id=\"gap-1610556345\" class=\"gap-element clearfix\" style=\"display:block; height:auto;\">\n\t\t\n<style>\n#gap-1610556345 {\n  padding-top: 14px;\n}\n<\/style>\n\t<\/div>\n\t\n\n\n\t\t<\/div>\n\t\t\t\t\n<style>\n#col-1119216371 > .col-inner {\n  padding: 30px 50px 17px 50px;\n}\n<\/style>\n\t<\/div>\n\n\t\n\n<\/div>\n<div class=\"row\"  id=\"row-1304008421\">\n\n\n\t<div id=\"col-1142828430\" class=\"col small-12 large-12\"  >\n\t\t\t\t<div class=\"col-inner\" style=\"background-color:#73c6f6;\" >\n\t\t\t\n\t\t\t\n\n<h3 style=\"text-align: center;\">\u00bfTe gustar\u00eda unirte a una Secci\u00f3n Colegial?<br \/>Entra en la secci\u00f3n que m\u00e1s te interese y completa el formulario que encontrar\u00e1s para formalizar tu incorporaci\u00f3n.<\/h3>\n\n\t\t<\/div>\n\t\t\t\t\t<\/div>\n\n\t\n\n<\/div>\n\n\t\t<\/div>\n\n\t\t\n<style>\n#section_2005010168 {\n  padding-top: 30px;\n  padding-bottom: 30px;\n}\n<\/style>\n\t<\/section>\n\t\n\n","protected":false},"excerpt":{"rendered":"","protected":false},"author":1,"featured_media":0,"parent":0,"menu_order":0,"comment_status":"closed","ping_status":"closed","template":"page-blank.php","meta":{"footnotes":""},"class_list":["post-10850","page","type-page","status-publish","hentry"],"yoast_head":"<!-- This site is optimized with the Yoast SEO plugin v27.2 - https:\/\/yoast.com\/product\/yoast-seo-wordpress\/ -->\n<title>Secciones colegiales - COMT<\/title>\n<meta name=\"robots\" content=\"index, follow, max-snippet:-1, max-image-preview:large, max-video-preview:-1\" \/>\n<link rel=\"canonical\" href=\"https:\/\/comt.cat\/es\/secciones-colegiales\/\" \/>\n<meta property=\"og:locale\" content=\"es_ES\" \/>\n<meta property=\"og:type\" content=\"article\" \/>\n<meta property=\"og:title\" content=\"Secciones colegiales - COMT\" \/>\n<meta property=\"og:url\" content=\"https:\/\/comt.cat\/es\/secciones-colegiales\/\" \/>\n<meta property=\"og:site_name\" content=\"COMT\" \/>\n<meta property=\"article:modified_time\" content=\"2025-07-25T12:39:49+00:00\" \/>\n<meta name=\"twitter:card\" content=\"summary_large_image\" \/>\n<meta name=\"twitter:label1\" content=\"Tiempo de lectura\" \/>\n\t<meta name=\"twitter:data1\" content=\"2 minutos\" \/>\n<script type=\"application\/ld+json\" class=\"yoast-schema-graph\">{\"@context\":\"https:\/\/schema.org\",\"@graph\":[{\"@type\":\"WebPage\",\"@id\":\"https:\/\/comt.cat\/es\/secciones-colegiales\/\",\"url\":\"https:\/\/comt.cat\/es\/secciones-colegiales\/\",\"name\":\"Secciones colegiales - COMT\",\"isPartOf\":{\"@id\":\"https:\/\/comt.cat\/#website\"},\"datePublished\":\"2021-07-27T12:46:57+00:00\",\"dateModified\":\"2025-07-25T12:39:49+00:00\",\"breadcrumb\":{\"@id\":\"https:\/\/comt.cat\/es\/secciones-colegiales\/#breadcrumb\"},\"inLanguage\":\"es\",\"potentialAction\":[{\"@type\":\"ReadAction\",\"target\":[\"https:\/\/comt.cat\/es\/secciones-colegiales\/\"]}]},{\"@type\":\"BreadcrumbList\",\"@id\":\"https:\/\/comt.cat\/es\/secciones-colegiales\/#breadcrumb\",\"itemListElement\":[{\"@type\":\"ListItem\",\"position\":1,\"name\":\"Home\",\"item\":\"https:\/\/comt.cat\/es\/\"},{\"@type\":\"ListItem\",\"position\":2,\"name\":\"Secciones colegiales\"}]},{\"@type\":\"WebSite\",\"@id\":\"https:\/\/comt.cat\/#website\",\"url\":\"https:\/\/comt.cat\/\",\"name\":\"COMT\",\"description\":\"Col\u00b7legi de Metges de Tarragona\",\"potentialAction\":[{\"@type\":\"SearchAction\",\"target\":{\"@type\":\"EntryPoint\",\"urlTemplate\":\"https:\/\/comt.cat\/?s={search_term_string}\"},\"query-input\":{\"@type\":\"PropertyValueSpecification\",\"valueRequired\":true,\"valueName\":\"search_term_string\"}}],\"inLanguage\":\"es\"}]}<\/script>\n<!-- \/ Yoast SEO plugin. -->","yoast_head_json":{"title":"Secciones colegiales - COMT","robots":{"index":"index","follow":"follow","max-snippet":"max-snippet:-1","max-image-preview":"max-image-preview:large","max-video-preview":"max-video-preview:-1"},"canonical":"https:\/\/comt.cat\/es\/secciones-colegiales\/","og_locale":"es_ES","og_type":"article","og_title":"Secciones colegiales - COMT","og_url":"https:\/\/comt.cat\/es\/secciones-colegiales\/","og_site_name":"COMT","article_modified_time":"2025-07-25T12:39:49+00:00","twitter_card":"summary_large_image","twitter_misc":{"Tiempo de lectura":"2 minutos"},"schema":{"@context":"https:\/\/schema.org","@graph":[{"@type":"WebPage","@id":"https:\/\/comt.cat\/es\/secciones-colegiales\/","url":"https:\/\/comt.cat\/es\/secciones-colegiales\/","name":"Secciones colegiales - COMT","isPartOf":{"@id":"https:\/\/comt.cat\/#website"},"datePublished":"2021-07-27T12:46:57+00:00","dateModified":"2025-07-25T12:39:49+00:00","breadcrumb":{"@id":"https:\/\/comt.cat\/es\/secciones-colegiales\/#breadcrumb"},"inLanguage":"es","potentialAction":[{"@type":"ReadAction","target":["https:\/\/comt.cat\/es\/secciones-colegiales\/"]}]},{"@type":"BreadcrumbList","@id":"https:\/\/comt.cat\/es\/secciones-colegiales\/#breadcrumb","itemListElement":[{"@type":"ListItem","position":1,"name":"Home","item":"https:\/\/comt.cat\/es\/"},{"@type":"ListItem","position":2,"name":"Secciones colegiales"}]},{"@type":"WebSite","@id":"https:\/\/comt.cat\/#website","url":"https:\/\/comt.cat\/","name":"COMT","description":"Col\u00b7legi de Metges de Tarragona","potentialAction":[{"@type":"SearchAction","target":{"@type":"EntryPoint","urlTemplate":"https:\/\/comt.cat\/?s={search_term_string}"},"query-input":{"@type":"PropertyValueSpecification","valueRequired":true,"valueName":"search_term_string"}}],"inLanguage":"es"}]}},"_links":{"self":[{"href":"https:\/\/comt.cat\/es\/wp-json\/wp\/v2\/pages\/10850","targetHints":{"allow":["GET"]}}],"collection":[{"href":"https:\/\/comt.cat\/es\/wp-json\/wp\/v2\/pages"}],"about":[{"href":"https:\/\/comt.cat\/es\/wp-json\/wp\/v2\/types\/page"}],"author":[{"embeddable":true,"href":"https:\/\/comt.cat\/es\/wp-json\/wp\/v2\/users\/1"}],"replies":[{"embeddable":true,"href":"https:\/\/comt.cat\/es\/wp-json\/wp\/v2\/comments?post=10850"}],"version-history":[{"count":53,"href":"https:\/\/comt.cat\/es\/wp-json\/wp\/v2\/pages\/10850\/revisions"}],"predecessor-version":[{"id":42027,"href":"https:\/\/comt.cat\/es\/wp-json\/wp\/v2\/pages\/10850\/revisions\/42027"}],"wp:attachment":[{"href":"https:\/\/comt.cat\/es\/wp-json\/wp\/v2\/media?parent=10850"}],"curies":[{"name":"wp","href":"https:\/\/api.w.org\/{rel}","templated":true}]}}