{"id":10852,"date":"2021-08-11T12:02:01","date_gmt":"2021-08-11T12:02:01","guid":{"rendered":"https:\/\/comt.quimeras.cat\/lequip-del-comt\/"},"modified":"2025-06-05T14:54:38","modified_gmt":"2025-06-05T12:54:38","slug":"lequip-del-comt","status":"publish","type":"page","link":"https:\/\/comt.cat\/es\/lequip-del-comt\/","title":{"rendered":"El equipo del COMT"},"content":{"rendered":"\n\n\t<section class=\"section\" id=\"section_1810334622\">\n\t\t<div class=\"section-bg fill\" >\n\t\t\t\t\t\t\t\t\t\n\t\t\t\n\n\t\t<\/div>\n\n\t\t\n\n\t\t<div class=\"section-content relative\">\n\t\t\t\n\n<div class=\"row align-middle\"  id=\"row-1568557405\">\n\n\n\t<div id=\"col-1112542421\" class=\"col medium-8 small-12 large-6\"  >\n\t\t\t\t<div class=\"col-inner\"  >\n\t\t\t\n\t\t\t\n\n\t<div id=\"gap-458267447\" class=\"gap-element clearfix\" style=\"display:block; height:auto;\">\n\t\t\n<style>\n#gap-458267447 {\n  padding-top: 17px;\n}\n<\/style>\n\t<\/div>\n\t\n\n\t<div id=\"text-141174426\" class=\"text\">\n\t\t\n\n<h1>El equipo del COMT<\/h1>\n\t\t\n<style>\n#text-141174426 {\n  font-size: 1.5rem;\n}\n<\/style>\n\t<\/div>\n\t\n\n\t\t<\/div>\n\t\t\t\t\t<\/div>\n\n\t\n\n\t<div id=\"col-197743186\" class=\"col medium-12 small-12 large-6\"  >\n\t\t\t\t<div class=\"col-inner\"  >\n\t\t\t\n\t<div class=\"is-border\"\n\t\tstyle=\"border-color:rgb(131, 184, 238);border-width:0px 0px 0px 2px;\">\n\t<\/div>\n\t\t\t\n\n<p>Desde el Departamento de Atenci\u00f3n al Colegiado pasando por las finanzas, el equipo humano del COMT est\u00e1 compuesto por profesionales con formaci\u00f3n acreditada, experiencia y con voluntad de ofrecer el mejor servicio posible a los colegiados as\u00ed como a la ciudadan\u00eda en general.<\/p>\n<p>Conoce nuestro equipo!<\/p>\n\n\t\t<\/div>\n\t\t\t\t\n<style>\n#col-197743186 > .col-inner {\n  padding: 0px 0px 0px 30px;\n  margin: 0px 0px 0px 0px;\n}\n@media (min-width:850px) {\n  #col-197743186 > .col-inner {\n    margin: 10px 0px 0px 0px;\n  }\n}\n<\/style>\n\t<\/div>\n\n\t\n\n<\/div>\n\n\t\t<\/div>\n\n\t\t\n<style>\n#section_1810334622 {\n  padding-top: 60px;\n  padding-bottom: 60px;\n  min-height: 356px;\n  background-color: rgb(251, 248, 243);\n}\n@media (min-width:550px) {\n  #section_1810334622 {\n    padding-top: 80px;\n    padding-bottom: 80px;\n  }\n}\n@media (min-width:850px) {\n  #section_1810334622 {\n    padding-top: 65px;\n    padding-bottom: 65px;\n  }\n}\n<\/style>\n\t<\/section>\n\t\n\n\t<section class=\"section\" id=\"section_1948292891\">\n\t\t<div class=\"section-bg fill\" >\n\t\t\t\t\t\t\t\t\t\n\t\t\t\n\n\t\t<\/div>\n\n\t\t\n\n\t\t<div class=\"section-content relative\">\n\t\t\t\n\n<div class=\"row\"  id=\"row-1547314617\">\n\n\n\t<div id=\"col-1052248890\" class=\"col small-12 large-12\"  >\n\t\t\t\t<div class=\"col-inner\"  >\n\t\t\t\n\t\t\t\n\n<div class=\"row\"  id=\"row-889226979\">\n\n\n\t<div id=\"col-1961999966\" class=\"col small-12 large-12\"  >\n\t\t\t\t<div class=\"col-inner\"  >\n\t\t\t\n\t\t\t\n\n<div class=\"container section-title-container\" ><h3 class=\"section-title section-title-bold\"><b aria-hidden=\"true\"><\/b><span class=\"section-title-main\" >Oficina de Atenci\u00f3n al Colegiado<\/span><b aria-hidden=\"true\"><\/b><\/h3><\/div>\n\n\n\t\t<\/div>\n\t\t\t\t\t<\/div>\n\n\t\n\n<\/div>\n<div class=\"row\"  id=\"row-148583276\">\n\n\n\t<div id=\"col-851346267\" class=\"col medium-6 small-6 large-4\"  >\n\t\t\t\t<div class=\"col-inner\"  >\n\t\t\t\n\t\t\t\n\n\t<div class=\"box has-hover   has-hover box-text-bottom\" >\n\n\t\t<div class=\"box-image\" style=\"width:72%;\">\n\t\t\t\t\t\t<div class=\"image-glow image-cover\" style=\"padding-top:115%;\">\n\t\t\t\t<img loading=\"lazy\" decoding=\"async\" width=\"694\" height=\"762\" src=\"https:\/\/comt.cat\/wp-content\/uploads\/2022\/08\/Captura-de-Pantalla-2022-08-31-a-las-10.12.15.png\" class=\"attachment- size-\" alt=\"\" srcset=\"https:\/\/comt.cat\/wp-content\/uploads\/2022\/08\/Captura-de-Pantalla-2022-08-31-a-las-10.12.15.png 694w, https:\/\/comt.cat\/wp-content\/uploads\/2022\/08\/Captura-de-Pantalla-2022-08-31-a-las-10.12.15-273x300.png 273w\" sizes=\"(max-width: 694px) 100vw, 694px\" \/>\t\t\t\t\t\t\t\t\t\t\t<\/div>\n\t\t\t\t\t<\/div>\n\n\t\t<div class=\"box-text text-left\" >\n\t\t\t<div class=\"box-text-inner\">\n\t\t\t\t\n\n\t<div id=\"text-2452134668\" class=\"text\">\n\t\t\n\n<p><strong><span style=\"font-size: 90%;\" data-text-color=\"success\"> OAC TARRAGONA<\/span><\/strong><\/p>\n<h3>Mar Orellana<\/h3>\n\t\t\n<style>\n#text-2452134668 {\n  line-height: 1.5;\n}\n<\/style>\n\t<\/div>\n\t\n<a href=\"mailto:orellana@comt.org\" class=\"button primary is-underline\" >\n\t<i class=\"icon-envelop\" aria-hidden=\"true\"><\/i>\t<span>Correo<\/span>\n\t<\/a>\n\n\n\n\t\t\t<\/div>\n\t\t<\/div>\n\t<\/div>\n\t\n\n\t\t<\/div>\n\t\t\t\t\t<\/div>\n\n\t\n\n\t<div id=\"col-925179503\" class=\"col medium-6 small-6 large-4\"  >\n\t\t\t\t<div class=\"col-inner\"  >\n\t\t\t\n\t\t\t\n\n\t<div class=\"box has-hover   has-hover box-text-bottom\" >\n\n\t\t<div class=\"box-image\" style=\"width:72%;\">\n\t\t\t\t\t\t<div class=\"image-glow image-cover\" style=\"padding-top:115%;\">\n\t\t\t\t<img loading=\"lazy\" decoding=\"async\" width=\"686\" height=\"748\" src=\"https:\/\/comt.cat\/wp-content\/uploads\/2022\/08\/Captura-de-Pantalla-2022-08-31-a-las-10.12.10.png\" class=\"attachment- size-\" alt=\"\" srcset=\"https:\/\/comt.cat\/wp-content\/uploads\/2022\/08\/Captura-de-Pantalla-2022-08-31-a-las-10.12.10.png 686w, https:\/\/comt.cat\/wp-content\/uploads\/2022\/08\/Captura-de-Pantalla-2022-08-31-a-las-10.12.10-275x300.png 275w\" sizes=\"(max-width: 686px) 100vw, 686px\" \/>\t\t\t\t\t\t\t\t\t\t\t<\/div>\n\t\t\t\t\t<\/div>\n\n\t\t<div class=\"box-text text-left\" >\n\t\t\t<div class=\"box-text-inner\">\n\t\t\t\t\n\n\t<div id=\"text-1748263509\" class=\"text\">\n\t\t\n\n<p><strong><span style=\"font-size: 90%;\" data-text-color=\"success\"> OAC TARRAGONA<\/span><\/strong><\/p>\n<h3>Elisabeth Mata<\/h3>\n\t\t\n<style>\n#text-1748263509 {\n  line-height: 1.5;\n}\n<\/style>\n\t<\/div>\n\t\n<a href=\"mailto:emata@comt.org\" class=\"button primary is-underline\" >\n\t<i class=\"icon-envelop\" aria-hidden=\"true\"><\/i>\t<span>Correo<\/span>\n\t<\/a>\n\n\n\n\t\t\t<\/div>\n\t\t<\/div>\n\t<\/div>\n\t\n\n\t\t<\/div>\n\t\t\t\t\t<\/div>\n\n\t\n\n\n\t<div id=\"col-1514291988\" class=\"col medium-4 small-12 large-4\"  >\n\t\t\t\t<div class=\"col-inner\"  >\n\t\t\t\n\t\t\t\n\n\t<div class=\"box has-hover   has-hover box-text-bottom\" >\n\n\t\t<div class=\"box-image\" style=\"width:72%;\">\n\t\t\t\t\t\t<div class=\"image-glow image-cover\" style=\"padding-top:115%;\">\n\t\t\t\t<img loading=\"lazy\" decoding=\"async\" width=\"558\" height=\"611\" src=\"https:\/\/comt.cat\/wp-content\/uploads\/2024\/09\/JESSICA.webp\" class=\"attachment- size-\" alt=\"\" srcset=\"https:\/\/comt.cat\/wp-content\/uploads\/2024\/09\/JESSICA.webp 558w, https:\/\/comt.cat\/wp-content\/uploads\/2024\/09\/JESSICA-274x300.webp 274w\" sizes=\"(max-width: 558px) 100vw, 558px\" \/>\t\t\t\t\t\t\t\t\t\t\t<\/div>\n\t\t\t\t\t<\/div>\n\n\t\t<div class=\"box-text text-left\" >\n\t\t\t<div class=\"box-text-inner\">\n\t\t\t\t\n\n\t<div id=\"text-20006534\" class=\"text\">\n\t\t\n\n<p><strong><span style=\"font-size: 90%;\" data-text-color=\"success\"> OAC TARRAGONA<\/span><\/strong><\/p>\n<h3>Jessica Guirado<br \/>\n<\/h3>\n\t\t\n<style>\n#text-20006534 {\n  line-height: 1.5;\n}\n<\/style>\n\t<\/div>\n\t\n<a href=\"mailto:%20jguirado@comtarragona.com\" class=\"button primary is-underline\" >\n\t<i class=\"icon-envelop\" aria-hidden=\"true\"><\/i>\t<span>Correo<\/span>\n\t<\/a>\n\n\n\n\t\t\t<\/div>\n\t\t<\/div>\n\t<\/div>\n\t\n\n\t\t<\/div>\n\t\t\t\t\t<\/div>\n\n\t\n\n\t<div id=\"col-1847195943\" class=\"col medium-6 small-6 large-4\"  >\n\t\t\t\t<div class=\"col-inner\"  >\n\t\t\t\n\t\t\t\n\n\t<div class=\"box has-hover   has-hover box-text-bottom\" >\n\n\t\t<div class=\"box-image\" style=\"width:72%;\">\n\t\t\t\t\t\t<div class=\"image-glow image-cover\" style=\"padding-top:115%;\">\n\t\t\t\t<img loading=\"lazy\" decoding=\"async\" width=\"1116\" height=\"1322\" src=\"https:\/\/comt.cat\/wp-content\/uploads\/2025\/06\/FOTOS-EQUIP-richard.png\" class=\"attachment- size-\" alt=\"\" srcset=\"https:\/\/comt.cat\/wp-content\/uploads\/2025\/06\/FOTOS-EQUIP-richard.png 1116w, https:\/\/comt.cat\/wp-content\/uploads\/2025\/06\/FOTOS-EQUIP-richard-253x300.png 253w, https:\/\/comt.cat\/wp-content\/uploads\/2025\/06\/FOTOS-EQUIP-richard-864x1024.png 864w, https:\/\/comt.cat\/wp-content\/uploads\/2025\/06\/FOTOS-EQUIP-richard-768x910.png 768w, https:\/\/comt.cat\/wp-content\/uploads\/2025\/06\/FOTOS-EQUIP-richard-600x711.png 600w\" sizes=\"(max-width: 1116px) 100vw, 1116px\" \/>\t\t\t\t\t\t\t\t\t\t\t<\/div>\n\t\t\t\t\t<\/div>\n\n\t\t<div class=\"box-text text-left\" >\n\t\t\t<div class=\"box-text-inner\">\n\t\t\t\t\n\n\t<div id=\"text-1357625050\" class=\"text\">\n\t\t\n\n<p><strong><span style=\"font-size: 90%;\" data-text-color=\"success\"> OAC TORTOSA <\/span><\/strong><\/p>\n<h3>Richard Peiro<\/h3>\n\t\t\n<style>\n#text-1357625050 {\n  line-height: 1.5;\n}\n<\/style>\n\t<\/div>\n\t\n<a href=\"mailto:comtdtortosa@comt.org\" class=\"button primary is-underline\" >\n\t<i class=\"icon-envelop\" aria-hidden=\"true\"><\/i>\t<span>Correo<\/span>\n\t<\/a>\n\n\n\n\t\t\t<\/div>\n\t\t<\/div>\n\t<\/div>\n\t\n\n\t\t<\/div>\n\t\t\t\t\t<\/div>\n\n\t\n\n\t<div id=\"col-219542424\" class=\"col medium-6 small-6 large-4\"  >\n\t\t\t\t<div class=\"col-inner\"  >\n\t\t\t\n\t\t\t\n\n\t<div class=\"box has-hover   has-hover box-text-bottom\" >\n\n\t\t<div class=\"box-image\" style=\"width:72%;\">\n\t\t\t\t\t\t<div class=\"image-glow image-cover\" style=\"padding-top:115%;\">\n\t\t\t\t<img loading=\"lazy\" decoding=\"async\" width=\"692\" height=\"752\" src=\"https:\/\/comt.cat\/wp-content\/uploads\/2022\/08\/Captura-de-Pantalla-2022-08-31-a-las-10.11.54.png\" class=\"attachment- size-\" alt=\"\" srcset=\"https:\/\/comt.cat\/wp-content\/uploads\/2022\/08\/Captura-de-Pantalla-2022-08-31-a-las-10.11.54.png 692w, https:\/\/comt.cat\/wp-content\/uploads\/2022\/08\/Captura-de-Pantalla-2022-08-31-a-las-10.11.54-276x300.png 276w\" sizes=\"(max-width: 692px) 100vw, 692px\" \/>\t\t\t\t\t\t\t\t\t\t\t<\/div>\n\t\t\t\t\t<\/div>\n\n\t\t<div class=\"box-text text-left\" >\n\t\t\t<div class=\"box-text-inner\">\n\t\t\t\t\n\n\t<div id=\"text-3276628299\" class=\"text\">\n\t\t\n\n<p><strong><span style=\"font-size: 90%;\" data-text-color=\"success\"> OAC REUS<\/span><\/strong><\/p>\n<h3>Cristina Ribas<\/h3>\n\t\t\n<style>\n#text-3276628299 {\n  line-height: 1.5;\n}\n<\/style>\n\t<\/div>\n\t\n<a href=\"mailto:comtdreus@comt.org\" class=\"button primary is-underline\" >\n\t<i class=\"icon-envelop\" aria-hidden=\"true\"><\/i>\t<span>Correo<\/span>\n\t<\/a>\n\n\n\n\t\t\t<\/div>\n\t\t<\/div>\n\t<\/div>\n\t\n\n\t\t<\/div>\n\t\t\t\t\t<\/div>\n\n\t\n\n<\/div>\n<div class=\"row\"  id=\"row-2023878408\">\n\n\n\t<div id=\"col-862572326\" class=\"col small-12 large-12\"  >\n\t\t\t\t<div class=\"col-inner\"  >\n\t\t\t\n\t\t\t\n\n<div class=\"row\"  id=\"row-294688849\">\n\n\n\t<div id=\"col-335965069\" class=\"col medium-4 small-12 large-4\"  >\n\t\t\t\t<div class=\"col-inner\"  >\n\t\t\t\n\t\t\t\n\n<div class=\"container section-title-container\" ><h3 class=\"section-title section-title-bold\"><b aria-hidden=\"true\"><\/b><span class=\"section-title-main\" >Finanzas<\/span><b aria-hidden=\"true\"><\/b><\/h3><\/div>\n\n\t<div class=\"box has-hover   has-hover box-text-bottom\" >\n\n\t\t<div class=\"box-image\" style=\"width:72%;\">\n\t\t\t\t\t\t<div class=\"image-glow image-cover\" style=\"padding-top:115%;\">\n\t\t\t\t<img loading=\"lazy\" decoding=\"async\" width=\"1116\" height=\"1322\" src=\"https:\/\/comt.cat\/wp-content\/uploads\/2025\/06\/CORI-1-2.png\" class=\"attachment- size-\" alt=\"\" srcset=\"https:\/\/comt.cat\/wp-content\/uploads\/2025\/06\/CORI-1-2.png 1116w, https:\/\/comt.cat\/wp-content\/uploads\/2025\/06\/CORI-1-2-253x300.png 253w, https:\/\/comt.cat\/wp-content\/uploads\/2025\/06\/CORI-1-2-864x1024.png 864w, https:\/\/comt.cat\/wp-content\/uploads\/2025\/06\/CORI-1-2-768x910.png 768w, https:\/\/comt.cat\/wp-content\/uploads\/2025\/06\/CORI-1-2-600x711.png 600w\" sizes=\"(max-width: 1116px) 100vw, 1116px\" \/>\t\t\t\t\t\t\t\t\t\t\t<\/div>\n\t\t\t\t\t<\/div>\n\n\t\t<div class=\"box-text text-left\" >\n\t\t\t<div class=\"box-text-inner\">\n\t\t\t\t\n\n\t<div id=\"text-1651177321\" class=\"text\">\n\t\t\n\n<p><strong><span style=\"font-size: 90%;\" data-text-color=\"success\"> FINANZAS <\/span><\/strong><\/p>\n<h3>Cori Ribas<\/h3>\n\t\t\n<style>\n#text-1651177321 {\n  line-height: 1.5;\n}\n<\/style>\n\t<\/div>\n\t\n<a href=\"mailto:cribas@comt.org\" class=\"button primary is-underline\" >\n\t<i class=\"icon-envelop\" aria-hidden=\"true\"><\/i>\t<span>Correo<\/span>\n\t<\/a>\n\n\n\n\t\t\t<\/div>\n\t\t<\/div>\n\t<\/div>\n\t\n\n\t\t<\/div>\n\t\t\t\t\t<\/div>\n\n\t\n\n\t<div id=\"col-1565084488\" class=\"col medium-4 small-12 large-4\"  >\n\t\t\t\t<div class=\"col-inner\"  >\n\t\t\t\n\t\t\t\n\n<div class=\"container section-title-container\" ><h3 class=\"section-title section-title-bold\"><b aria-hidden=\"true\"><\/b><span class=\"section-title-main\" >Comunicaci\u00f3n<\/span><b aria-hidden=\"true\"><\/b><\/h3><\/div>\n\n\t<div class=\"box has-hover   has-hover box-text-bottom\" >\n\n\t\t<div class=\"box-image\" style=\"width:72%;\">\n\t\t\t\t\t\t<div class=\"image-glow image-cover\" style=\"padding-top:115%;\">\n\t\t\t\t<img loading=\"lazy\" decoding=\"async\" width=\"562\" height=\"630\" src=\"https:\/\/comt.cat\/wp-content\/uploads\/2024\/11\/anna-g.webp\" class=\"attachment- size-\" alt=\"\" srcset=\"https:\/\/comt.cat\/wp-content\/uploads\/2024\/11\/anna-g.webp 562w, https:\/\/comt.cat\/wp-content\/uploads\/2024\/11\/anna-g-268x300.webp 268w\" sizes=\"(max-width: 562px) 100vw, 562px\" \/>\t\t\t\t\t\t\t\t\t\t\t<\/div>\n\t\t\t\t\t<\/div>\n\n\t\t<div class=\"box-text text-left\" >\n\t\t\t<div class=\"box-text-inner\">\n\t\t\t\t\n\n\t<div id=\"text-2200542086\" class=\"text\">\n\t\t\n\n<p><strong><span style=\"font-size: 90%;\" data-text-color=\"success\"> COMUNICACI\u00d3N <\/span><\/strong><\/p>\n<h3>Anna Gonz\u00e1lez<\/h3>\n\t\t\n<style>\n#text-2200542086 {\n  line-height: 1.5;\n}\n<\/style>\n\t<\/div>\n\t\n<a href=\"mailto:agonzalez@comt.org\" class=\"button primary is-underline\" >\n\t<i class=\"icon-envelop\" aria-hidden=\"true\"><\/i>\t<span>Correo<\/span>\n\t<\/a>\n\n\n\n\t\t\t<\/div>\n\t\t<\/div>\n\t<\/div>\n\t\n\n\t\t<\/div>\n\t\t\t\t\t<\/div>\n\n\t\n\n\t<div id=\"col-1381260997\" class=\"col medium-4 small-12 large-4\"  >\n\t\t\t\t<div class=\"col-inner\"  >\n\t\t\t\n\t\t\t\n\n<div class=\"container section-title-container\" ><h3 class=\"section-title section-title-bold\"><b aria-hidden=\"true\"><\/b><span class=\"section-title-main\" >Comunicaci\u00f3n<\/span><b aria-hidden=\"true\"><\/b><\/h3><\/div>\n\n\t<div class=\"box has-hover   has-hover box-text-bottom\" >\n\n\t\t<div class=\"box-image\" style=\"width:72%;\">\n\t\t\t\t\t\t<div class=\"image-glow image-cover\" style=\"padding-top:115%;\">\n\t\t\t\t<img loading=\"lazy\" decoding=\"async\" width=\"1116\" height=\"1322\" src=\"https:\/\/comt.cat\/wp-content\/uploads\/2025\/06\/FOTOS-EQUIP-.png\" class=\"attachment- size-\" alt=\"\" srcset=\"https:\/\/comt.cat\/wp-content\/uploads\/2025\/06\/FOTOS-EQUIP-.png 1116w, https:\/\/comt.cat\/wp-content\/uploads\/2025\/06\/FOTOS-EQUIP--253x300.png 253w, https:\/\/comt.cat\/wp-content\/uploads\/2025\/06\/FOTOS-EQUIP--864x1024.png 864w, https:\/\/comt.cat\/wp-content\/uploads\/2025\/06\/FOTOS-EQUIP--768x910.png 768w, https:\/\/comt.cat\/wp-content\/uploads\/2025\/06\/FOTOS-EQUIP--600x711.png 600w\" sizes=\"(max-width: 1116px) 100vw, 1116px\" \/>\t\t\t\t\t\t\t\t\t\t\t<\/div>\n\t\t\t\t\t<\/div>\n\n\t\t<div class=\"box-text text-left\" >\n\t\t\t<div class=\"box-text-inner\">\n\t\t\t\t\n\n\t<div id=\"text-613292020\" class=\"text\">\n\t\t\n\n<p><strong><span style=\"font-size: 90%;\" data-text-color=\"success\"> COMUNICACI\u00d3N <\/span><\/strong><\/p>\n<h3>Maria L\u00f3pez<\/h3>\n\t\t\n<style>\n#text-613292020 {\n  line-height: 1.5;\n}\n<\/style>\n\t<\/div>\n\t\n\n\t\t\t<\/div>\n\t\t<\/div>\n\t<\/div>\n\t\n<a href=\"mailto:mlopez@comtarragona.com\" class=\"button primary is-underline\" >\n\t<i class=\"icon-envelop\" aria-hidden=\"true\"><\/i>\t<span>Correo<\/span>\n\t<\/a>\n\n\n\n\t\t<\/div>\n\t\t\t\t\t<\/div>\n\n\t\n\n\t<div id=\"col-2130799851\" class=\"col medium-4 small-12 large-4\"  >\n\t\t\t\t<div class=\"col-inner\"  >\n\t\t\t\n\t\t\t\n\n<div class=\"container section-title-container\" ><h3 class=\"section-title section-title-bold\"><b aria-hidden=\"true\"><\/b><span class=\"section-title-main\" >Asistencia social<\/span><b aria-hidden=\"true\"><\/b><\/h3><\/div>\n\n\t<div class=\"box has-hover   has-hover box-text-bottom\" >\n\n\t\t<div class=\"box-image\" style=\"width:72%;\">\n\t\t\t\t\t\t<div class=\"image-glow image-cover\" style=\"padding-top:115%;\">\n\t\t\t\t<img loading=\"lazy\" decoding=\"async\" width=\"1304\" height=\"1448\" src=\"https:\/\/comt.cat\/wp-content\/uploads\/2022\/09\/Captura-de-Pantalla-2022-09-21-a-las-17.16.37.png\" class=\"attachment- size-\" alt=\"\" srcset=\"https:\/\/comt.cat\/wp-content\/uploads\/2022\/09\/Captura-de-Pantalla-2022-09-21-a-las-17.16.37.png 1304w, https:\/\/comt.cat\/wp-content\/uploads\/2022\/09\/Captura-de-Pantalla-2022-09-21-a-las-17.16.37-270x300.png 270w, https:\/\/comt.cat\/wp-content\/uploads\/2022\/09\/Captura-de-Pantalla-2022-09-21-a-las-17.16.37-922x1024.png 922w, https:\/\/comt.cat\/wp-content\/uploads\/2022\/09\/Captura-de-Pantalla-2022-09-21-a-las-17.16.37-768x853.png 768w\" sizes=\"(max-width: 1304px) 100vw, 1304px\" \/>\t\t\t\t\t\t\t\t\t\t\t<\/div>\n\t\t\t\t\t<\/div>\n\n\t\t<div class=\"box-text text-left\" >\n\t\t\t<div class=\"box-text-inner\">\n\t\t\t\t\n\n\t<div id=\"text-452642931\" class=\"text\">\n\t\t\n\n<p class=\"uppercase\"><strong><span style=\"font-size: 90%;\" data-text-color=\"success\"> TRABAJADORA SOCIAL<\/span><\/strong><\/p>\n<h3>Gemma Bona<\/h3>\n\t\t\n<style>\n#text-452642931 {\n  line-height: 1.5;\n}\n<\/style>\n\t<\/div>\n\t\n<a href=\"mailto:gbona@comtarragona.com\" class=\"button primary is-underline\" >\n\t<i class=\"icon-envelop\" aria-hidden=\"true\"><\/i>\t<span>Correo<\/span>\n\t<\/a>\n\n\n\n\t\t\t<\/div>\n\t\t<\/div>\n\t<\/div>\n\t\n\n\t\t<\/div>\n\t\t\t\t\t<\/div>\n\n\t\n\n\t<div id=\"col-1323203577\" class=\"col medium-4 small-12 large-4\"  >\n\t\t\t\t<div class=\"col-inner\"  >\n\t\t\t\n\t\t\t\n\n<div class=\"container section-title-container\" ><h3 class=\"section-title section-title-bold\"><b aria-hidden=\"true\"><\/b><span class=\"section-title-main\" >Asesoramiento jur\u00eddico<\/span><b aria-hidden=\"true\"><\/b><\/h3><\/div>\n\n\t<div class=\"box has-hover   has-hover box-text-bottom\" >\n\n\t\t<div class=\"box-image\" style=\"width:72%;\">\n\t\t\t\t\t\t<div class=\"image-glow image-cover\" style=\"padding-top:115%;\">\n\t\t\t\t<img loading=\"lazy\" decoding=\"async\" width=\"678\" height=\"754\" src=\"https:\/\/comt.cat\/wp-content\/uploads\/2022\/08\/Captura-de-Pantalla-2022-08-31-a-las-10.10.50.png\" class=\"attachment- size-\" alt=\"\" srcset=\"https:\/\/comt.cat\/wp-content\/uploads\/2022\/08\/Captura-de-Pantalla-2022-08-31-a-las-10.10.50.png 678w, https:\/\/comt.cat\/wp-content\/uploads\/2022\/08\/Captura-de-Pantalla-2022-08-31-a-las-10.10.50-270x300.png 270w\" sizes=\"(max-width: 678px) 100vw, 678px\" \/>\t\t\t\t\t\t\t\t\t\t\t<\/div>\n\t\t\t\t\t<\/div>\n\n\t\t<div class=\"box-text text-left\" >\n\t\t\t<div class=\"box-text-inner\">\n\t\t\t\t\n\n\t<div id=\"text-3309002648\" class=\"text\">\n\t\t\n\n<p class=\"uppercase\"><strong><span style=\"font-size: 90%;\" data-text-color=\"success\"> ABOGADO<\/span><\/strong><\/p>\n<h3>Javier Arbeloa<\/h3>\n\t\t\n<style>\n#text-3309002648 {\n  line-height: 1.5;\n}\n<\/style>\n\t<\/div>\n\t\n<a href=\"mailto:jarbeloa@comt.org\" class=\"button primary is-underline\" >\n\t<i class=\"icon-envelop\" aria-hidden=\"true\"><\/i>\t<span>Correo<\/span>\n\t<\/a>\n\n\n\n\t\t\t<\/div>\n\t\t<\/div>\n\t<\/div>\n\t\n\n\t\t<\/div>\n\t\t\t\t\t<\/div>\n\n\t\n\n<\/div>\n\n\t\t<\/div>\n\t\t\t\t\t<\/div>\n\n\t\n\n<\/div>\n\n\t\t<\/div>\n\t\t\t\t\n<style>\n#col-1052248890 > .col-inner {\n  margin: 0px 0px 0px 0px;\n}\n<\/style>\n\t<\/div>\n\n\t\n\n<\/div>\n\n\t\t<\/div>\n\n\t\t\n<style>\n#section_1948292891 {\n  padding-top: 49px;\n  padding-bottom: 49px;\n}\n<\/style>\n\t<\/section>\n\t\n\n","protected":false},"excerpt":{"rendered":"","protected":false},"author":1,"featured_media":0,"parent":0,"menu_order":0,"comment_status":"closed","ping_status":"closed","template":"page-blank.php","meta":{"footnotes":""},"class_list":["post-10852","page","type-page","status-publish","hentry"],"yoast_head":"<!-- This site is optimized with the Yoast SEO plugin v27.2 - https:\/\/yoast.com\/product\/yoast-seo-wordpress\/ -->\n<title>El equipo del COMT - COMT<\/title>\n<meta name=\"robots\" content=\"index, follow, max-snippet:-1, max-image-preview:large, max-video-preview:-1\" \/>\n<link rel=\"canonical\" href=\"https:\/\/comt.cat\/lequip-del-comt\/\" \/>\n<meta property=\"og:locale\" content=\"es_ES\" \/>\n<meta property=\"og:type\" content=\"article\" \/>\n<meta property=\"og:title\" content=\"El equipo del COMT - COMT\" \/>\n<meta property=\"og:url\" content=\"https:\/\/comt.cat\/lequip-del-comt\/\" \/>\n<meta property=\"og:site_name\" content=\"COMT\" \/>\n<meta property=\"article:modified_time\" content=\"2025-06-05T12:54:38+00:00\" \/>\n<meta name=\"twitter:card\" content=\"summary_large_image\" \/>\n<meta name=\"twitter:label1\" content=\"Tiempo de lectura\" \/>\n\t<meta name=\"twitter:data1\" content=\"2 minutos\" \/>\n<script type=\"application\/ld+json\" class=\"yoast-schema-graph\">{\"@context\":\"https:\/\/schema.org\",\"@graph\":[{\"@type\":\"WebPage\",\"@id\":\"https:\/\/comt.cat\/lequip-del-comt\/\",\"url\":\"https:\/\/comt.cat\/lequip-del-comt\/\",\"name\":\"El equipo del COMT - COMT\",\"isPartOf\":{\"@id\":\"https:\/\/comt.cat\/#website\"},\"datePublished\":\"2021-08-11T12:02:01+00:00\",\"dateModified\":\"2025-06-05T12:54:38+00:00\",\"breadcrumb\":{\"@id\":\"https:\/\/comt.cat\/lequip-del-comt\/#breadcrumb\"},\"inLanguage\":\"es\",\"potentialAction\":[{\"@type\":\"ReadAction\",\"target\":[\"https:\/\/comt.cat\/lequip-del-comt\/\"]}]},{\"@type\":\"BreadcrumbList\",\"@id\":\"https:\/\/comt.cat\/lequip-del-comt\/#breadcrumb\",\"itemListElement\":[{\"@type\":\"ListItem\",\"position\":1,\"name\":\"Home\",\"item\":\"https:\/\/comt.cat\/es\/\"},{\"@type\":\"ListItem\",\"position\":2,\"name\":\"El equipo del COMT\"}]},{\"@type\":\"WebSite\",\"@id\":\"https:\/\/comt.cat\/#website\",\"url\":\"https:\/\/comt.cat\/\",\"name\":\"COMT\",\"description\":\"Col\u00b7legi de Metges de Tarragona\",\"potentialAction\":[{\"@type\":\"SearchAction\",\"target\":{\"@type\":\"EntryPoint\",\"urlTemplate\":\"https:\/\/comt.cat\/?s={search_term_string}\"},\"query-input\":{\"@type\":\"PropertyValueSpecification\",\"valueRequired\":true,\"valueName\":\"search_term_string\"}}],\"inLanguage\":\"es\"}]}<\/script>\n<!-- \/ Yoast SEO plugin. -->","yoast_head_json":{"title":"El equipo del COMT - COMT","robots":{"index":"index","follow":"follow","max-snippet":"max-snippet:-1","max-image-preview":"max-image-preview:large","max-video-preview":"max-video-preview:-1"},"canonical":"https:\/\/comt.cat\/lequip-del-comt\/","og_locale":"es_ES","og_type":"article","og_title":"El equipo del COMT - COMT","og_url":"https:\/\/comt.cat\/lequip-del-comt\/","og_site_name":"COMT","article_modified_time":"2025-06-05T12:54:38+00:00","twitter_card":"summary_large_image","twitter_misc":{"Tiempo de lectura":"2 minutos"},"schema":{"@context":"https:\/\/schema.org","@graph":[{"@type":"WebPage","@id":"https:\/\/comt.cat\/lequip-del-comt\/","url":"https:\/\/comt.cat\/lequip-del-comt\/","name":"El equipo del COMT - COMT","isPartOf":{"@id":"https:\/\/comt.cat\/#website"},"datePublished":"2021-08-11T12:02:01+00:00","dateModified":"2025-06-05T12:54:38+00:00","breadcrumb":{"@id":"https:\/\/comt.cat\/lequip-del-comt\/#breadcrumb"},"inLanguage":"es","potentialAction":[{"@type":"ReadAction","target":["https:\/\/comt.cat\/lequip-del-comt\/"]}]},{"@type":"BreadcrumbList","@id":"https:\/\/comt.cat\/lequip-del-comt\/#breadcrumb","itemListElement":[{"@type":"ListItem","position":1,"name":"Home","item":"https:\/\/comt.cat\/es\/"},{"@type":"ListItem","position":2,"name":"El equipo del COMT"}]},{"@type":"WebSite","@id":"https:\/\/comt.cat\/#website","url":"https:\/\/comt.cat\/","name":"COMT","description":"Col\u00b7legi de Metges de Tarragona","potentialAction":[{"@type":"SearchAction","target":{"@type":"EntryPoint","urlTemplate":"https:\/\/comt.cat\/?s={search_term_string}"},"query-input":{"@type":"PropertyValueSpecification","valueRequired":true,"valueName":"search_term_string"}}],"inLanguage":"es"}]}},"_links":{"self":[{"href":"https:\/\/comt.cat\/es\/wp-json\/wp\/v2\/pages\/10852","targetHints":{"allow":["GET"]}}],"collection":[{"href":"https:\/\/comt.cat\/es\/wp-json\/wp\/v2\/pages"}],"about":[{"href":"https:\/\/comt.cat\/es\/wp-json\/wp\/v2\/types\/page"}],"author":[{"embeddable":true,"href":"https:\/\/comt.cat\/es\/wp-json\/wp\/v2\/users\/1"}],"replies":[{"embeddable":true,"href":"https:\/\/comt.cat\/es\/wp-json\/wp\/v2\/comments?post=10852"}],"version-history":[{"count":24,"href":"https:\/\/comt.cat\/es\/wp-json\/wp\/v2\/pages\/10852\/revisions"}],"predecessor-version":[{"id":40671,"href":"https:\/\/comt.cat\/es\/wp-json\/wp\/v2\/pages\/10852\/revisions\/40671"}],"wp:attachment":[{"href":"https:\/\/comt.cat\/es\/wp-json\/wp\/v2\/media?parent=10852"}],"curies":[{"name":"wp","href":"https:\/\/api.w.org\/{rel}","templated":true}]}}