{"id":11047,"date":"2021-08-30T08:20:30","date_gmt":"2021-08-30T08:20:30","guid":{"rendered":"https:\/\/comt.quimeras.cat\/alta-societats-professionals-2\/"},"modified":"2025-01-22T13:02:34","modified_gmt":"2025-01-22T12:02:34","slug":"alta-societats-professionals-2","status":"publish","type":"page","link":"https:\/\/comt.cat\/es\/alta-societats-professionals-2\/","title":{"rendered":"Alta Sociedades Profesionales"},"content":{"rendered":"\n\n\t<section class=\"section\" id=\"section_507293448\">\n\t\t<div class=\"section-bg fill\" >\n\t\t\t\t\t\t\t\t\t\n\t\t\t\n\n\t\t<\/div>\n\n\t\t\n\n\t\t<div class=\"section-content relative\">\n\t\t\t\n\n\t<div id=\"gap-1762667007\" class=\"gap-element clearfix\" style=\"display:block; height:auto;\">\n\t\t\n<style>\n#gap-1762667007 {\n  padding-top: 30px;\n}\n<\/style>\n\t<\/div>\n\t\n\n<div class=\"row align-middle\"  id=\"row-1707663937\">\n\n\n\t<div id=\"col-253939991\" class=\"col medium-8 small-12 large-5\"  >\n\t\t\t\t<div class=\"col-inner\"  >\n\t\t\t\n\t\t\t\n\n\t<div id=\"text-1811988393\" class=\"text\">\n\t\t\n\n<h1>Alta Registro de Sociedades Profesionales<\/h1>\n\t\t\n<style>\n#text-1811988393 {\n  font-size: 1.5rem;\n}\n<\/style>\n\t<\/div>\n\t\n\n\t\t<\/div>\n\t\t\t\t\t<\/div>\n\n\t\n\n\t<div id=\"col-2128441616\" class=\"col medium-12 small-12 large-7\"  >\n\t\t\t\t<div class=\"col-inner\"  >\n\t\t\t\n\t<div class=\"is-border\"\n\t\tstyle=\"border-color:rgb(126, 178, 233);border-width:0px 0px 0px 2px;\">\n\t<\/div>\n\t\t\t\n\n<p><strong>Se tienen que inscribir obligatoriamente al Registro Colegial de Sociedades Profesionales aquellas sociedades que:<\/strong><\/p>\n<ul>\n<li class=\"bullet-checkmark\">Tienen como actividad profesional la\u00a0medicina, ya sea exclusivamente o junto con el ejercicio de otra profesi\u00f3n titulada y colegiada con la cual no sea incompatible.<\/li>\n<li class=\"bullet-checkmark\">Tienen su domicilio social en la provincia de Tarragona y desarrollan su actividad en esta provincia.<\/li>\n<\/ul>\n\n\t\t<\/div>\n\t\t\t\t\n<style>\n#col-2128441616 > .col-inner {\n  padding: 0px 0px 0px 30px;\n  margin: 0px 0px 0px 0px;\n}\n@media (min-width:850px) {\n  #col-2128441616 > .col-inner {\n    margin: 10px 0px 0px 0px;\n  }\n}\n<\/style>\n\t<\/div>\n\n\t\n\n<\/div>\n\n\t\t<\/div>\n\n\t\t\n<style>\n#section_507293448 {\n  padding-top: 60px;\n  padding-bottom: 60px;\n  min-height: 400px;\n  background-color: rgb(251, 248, 243);\n}\n@media (min-width:550px) {\n  #section_507293448 {\n    padding-top: 80px;\n    padding-bottom: 80px;\n  }\n}\n@media (min-width:850px) {\n  #section_507293448 {\n    padding-top: 110px;\n    padding-bottom: 110px;\n  }\n}\n<\/style>\n\t<\/section>\n\t\n<div class=\"row\"  id=\"row-97019002\">\n\n\n\t<div id=\"col-1254297142\" class=\"col small-12 large-12\"  >\n\t\t\t\t<div class=\"col-inner\"  >\n\t\t\t\n\t\t\t\n\n<div class=\"row\"  id=\"row-1048334600\">\n\n\n\t<div id=\"col-608031907\" class=\"col small-12 large-12\"  >\n\t\t\t\t<div class=\"col-inner\"  >\n\t\t\t\n\t\t\t\n\n<div class=\"container section-title-container\" ><h3 class=\"section-title section-title-normal\"><b aria-hidden=\"true\"><\/b><span class=\"section-title-main\" >Informaci\u00f3n sobre el alta al Registro<\/span><b aria-hidden=\"true\"><\/b><\/h3><\/div>\n\n<div class=\"row\"  id=\"row-435398342\">\n\n\n\t<div id=\"col-1768974288\" class=\"col medium-6 small-12 large-6\"  >\n\t\t\t\t<div class=\"col-inner\"  >\n\t\t\t\n\t\t\t\n\n\n\t\t<div class=\"icon-box featured-box icon-box-left text-left\"  >\n\t\t\t\t\t<div class=\"icon-box-img\" style=\"width: 36px\">\n\t\t\t\t<div class=\"icon\">\n\t\t\t\t\t<div class=\"icon-inner\" style=\"color:rgb(126, 178, 233);\">\n\t\t\t\t\t\t<img loading=\"lazy\" decoding=\"async\" width=\"1\" height=\"1\" src=\"https:\/\/comt.cat\/wp-content\/uploads\/2021\/08\/streamline-icon-book-open-1@200x200-1.svg\" class=\"attachment-medium size-medium\" alt=\"\" \/>\t\t\t\t\t<\/div>\n\t\t\t\t<\/div>\n\t\t\t<\/div>\n\t\t\t\t<div class=\"icon-box-text last-reset\">\n\t\t\t\t\t\t\t\t\t\n\n<p>La obligatoriedad del registro de las sociedades profesionales est\u00e1 de acuerdo con la normativa actual Ley 2\/2007, de 15 de marzo, de Sociedades Profesionales, y el Reglamento del Registro de Sociedades Profesionales del COMT.<\/p>\n\n\t\t<\/div>\n\t<\/div>\n\t\n\t\n\t<div id=\"gap-1334856821\" class=\"gap-element clearfix\" style=\"display:block; height:auto;\">\n\t\t\n<style>\n#gap-1334856821 {\n  padding-top: 30px;\n}\n<\/style>\n\t<\/div>\n\t\n\n\n\t\t<div class=\"icon-box featured-box icon-box-left text-left\"  >\n\t\t\t\t\t<div class=\"icon-box-img\" style=\"width: 36px\">\n\t\t\t\t<div class=\"icon\">\n\t\t\t\t\t<div class=\"icon-inner\" style=\"color:rgb(126, 178, 233);\">\n\t\t\t\t\t\t<img loading=\"lazy\" decoding=\"async\" width=\"1\" height=\"1\" src=\"https:\/\/comt.cat\/wp-content\/uploads\/2021\/08\/streamline-icon-common-file-add@200x200.svg\" class=\"attachment-medium size-medium\" alt=\"\" \/>\t\t\t\t\t<\/div>\n\t\t\t\t<\/div>\n\t\t\t<\/div>\n\t\t\t\t<div class=\"icon-box-text last-reset\">\n\t\t\t\t\t\t\t\t\t\n\n<p>La inscripci\u00f3n al Registro del Colegio se tiene que hacer una vez que la sociedad haya sido inscrita en el Registro Mercantil.<\/p>\n\n\t\t<\/div>\n\t<\/div>\n\t\n\t\n\t<div id=\"gap-1892217405\" class=\"gap-element clearfix\" style=\"display:block; height:auto;\">\n\t\t\n<style>\n#gap-1892217405 {\n  padding-top: 30px;\n}\n<\/style>\n\t<\/div>\n\t\n\n\n\t\t<div class=\"icon-box featured-box icon-box-left text-left\"  >\n\t\t\t\t\t<div class=\"icon-box-img\" style=\"width: 36px\">\n\t\t\t\t<div class=\"icon\">\n\t\t\t\t\t<div class=\"icon-inner\" style=\"color:rgb(126, 178, 233);\">\n\t\t\t\t\t\t<img loading=\"lazy\" decoding=\"async\" width=\"1\" height=\"1\" src=\"https:\/\/comt.cat\/wp-content\/uploads\/2021\/08\/streamline-icon-cash-payment-sign-1@200x200.svg\" class=\"attachment-medium size-medium\" alt=\"\" \/>\t\t\t\t\t<\/div>\n\t\t\t\t<\/div>\n\t\t\t<\/div>\n\t\t\t\t<div class=\"icon-box-text last-reset\">\n\t\t\t\t\t\t\t\t\t\n\n<p>Las Sociedades Profesionales est\u00e1n obligadas a subscribir una\u00a0p\u00f3liza de Responsabilidad Civil\u00a0para cubrir los posibles riesgos en qu\u00e9 puedan incurrir en el ejercicio de su actividad. Es por este motivo que en el formulario de inscripci\u00f3n al Registro se incluye una declaraci\u00f3n responsable que se ha contratado esta p\u00f3liza o que la misma est\u00e1 en tr\u00e1mite. Ten en cuenta que este producto ya est\u00e1 previsto en la p\u00f3liza colectiva de Responsabilidad Profesional.<\/p>\n\n\t\t<\/div>\n\t<\/div>\n\t\n\t\n\t<div id=\"gap-539699264\" class=\"gap-element clearfix\" style=\"display:block; height:auto;\">\n\t\t\n<style>\n#gap-539699264 {\n  padding-top: 30px;\n}\n<\/style>\n\t<\/div>\n\t\n\n\n\t\t<div class=\"icon-box featured-box icon-box-left text-left\"  >\n\t\t\t\t\t<div class=\"icon-box-img\" style=\"width: 36px\">\n\t\t\t\t<div class=\"icon\">\n\t\t\t\t\t<div class=\"icon-inner\" style=\"color:rgb(126, 178, 233);\">\n\t\t\t\t\t\t<img loading=\"lazy\" decoding=\"async\" width=\"1\" height=\"1\" src=\"https:\/\/comt.cat\/wp-content\/uploads\/2021\/08\/streamline-icon-professions-man-nurse-1@200x200.svg\" class=\"attachment-medium size-medium\" alt=\"\" \/>\t\t\t\t\t<\/div>\n\t\t\t\t<\/div>\n\t\t\t<\/div>\n\t\t\t\t<div class=\"icon-box-text last-reset\">\n\t\t\t\t\t\t\t\t\t\n\n<p>El m\u00e9dico colegiado tiene que realizar una actividad sanitaria donde se desarrolle\u00a0una \u00fanica especialidad m\u00e9dica. Se incluir\u00e1n tambi\u00e9n aquellas consultas donde el m\u00e9dico titular de la actividad trabaje con otro profesional sanitario que act\u00fae de apoyo del primero. En este caso, el servicio objete de autorizaci\u00f3n es el servicio que presta el m\u00e9dico.<\/p>\n\n\t\t<\/div>\n\t<\/div>\n\t\n\t\n\n\t\t<\/div>\n\t\t\t\t\t<\/div>\n\n\t\n\n\t<div id=\"col-1468268238\" class=\"col medium-6 small-12 large-6\"  >\n\t\t\t\t<div class=\"col-inner\"  >\n\t\t\t\n\t\t\t\n\n\n\t\t<div class=\"icon-box featured-box icon-box-left text-left\"  >\n\t\t\t\t\t<div class=\"icon-box-img\" style=\"width: 36px\">\n\t\t\t\t<div class=\"icon\">\n\t\t\t\t\t<div class=\"icon-inner\" style=\"color:rgb(126, 178, 233);\">\n\t\t\t\t\t\t<img loading=\"lazy\" decoding=\"async\" width=\"1\" height=\"1\" src=\"https:\/\/comt.cat\/wp-content\/uploads\/2021\/08\/streamline-icon-conversation-chat-bubble@200x200.svg\" class=\"attachment-medium size-medium\" alt=\"\" \/>\t\t\t\t\t<\/div>\n\t\t\t\t<\/div>\n\t\t\t<\/div>\n\t\t\t\t<div class=\"icon-box-text last-reset\">\n\t\t\t\t\t\t\t\t\t\n\n<p><strong>Cualquier variaci\u00f3n<\/strong> de los datos que afecten a la sociedad o a sus socios tendr\u00e1 que comunicarse al Registro de Sociedades Profesionales del COMT, para su actualizaci\u00f3n.<\/p>\n\n\t\t<\/div>\n\t<\/div>\n\t\n\t\n\t<div id=\"gap-1961693125\" class=\"gap-element clearfix\" style=\"display:block; height:auto;\">\n\t\t\n<style>\n#gap-1961693125 {\n  padding-top: 30px;\n}\n<\/style>\n\t<\/div>\n\t\n\n\n\t\t<div class=\"icon-box featured-box icon-box-left text-left\"  >\n\t\t\t\t\t<div class=\"icon-box-img\" style=\"width: 36px\">\n\t\t\t\t<div class=\"icon\">\n\t\t\t\t\t<div class=\"icon-inner\" style=\"color:rgb(126, 178, 233);\">\n\t\t\t\t\t\t<img loading=\"lazy\" decoding=\"async\" width=\"1\" height=\"1\" src=\"https:\/\/comt.cat\/wp-content\/uploads\/2021\/08\/streamline-icon-tag-euro@200x200.svg\" class=\"attachment-medium size-medium\" alt=\"\" \/>\t\t\t\t\t<\/div>\n\t\t\t\t<\/div>\n\t\t\t<\/div>\n\t\t\t\t<div class=\"icon-box-text last-reset\">\n\t\t\t\t\t\t\t\t\t\n\n<p>La inscripci\u00f3n de la Sociedad Profesional en el Registro supone <a href=\"https:\/\/comt.quimeras.cat\/es\/quotes-collegials\/\" target=\"_blank\" rel=\"noopener\"><strong>el pago de unos derechos de inscripci\u00f3n y unas cuotas peri\u00f3dicas<\/strong><\/a>, acordadas por la Asamblea de Compromisarios. Con cuyo objeto durante el proceso inscripci\u00f3n se te pedir\u00e1 que facilites los datos bancarios por su cobro.<\/p>\n\n\t\t<\/div>\n\t<\/div>\n\t\n\t\n\t<div id=\"gap-2086294244\" class=\"gap-element clearfix\" style=\"display:block; height:auto;\">\n\t\t\n<style>\n#gap-2086294244 {\n  padding-top: 30px;\n}\n<\/style>\n\t<\/div>\n\t\n\n\n\t\t<div class=\"icon-box featured-box icon-box-left text-left\"  >\n\t\t\t\t\t<div class=\"icon-box-img\" style=\"width: 36px\">\n\t\t\t\t<div class=\"icon\">\n\t\t\t\t\t<div class=\"icon-inner\" style=\"color:rgb(126, 178, 233);\">\n\t\t\t\t\t\t<img loading=\"lazy\" decoding=\"async\" width=\"1\" height=\"1\" src=\"https:\/\/comt.cat\/wp-content\/uploads\/2021\/08\/streamline-icon-logout@200x200.svg\" class=\"attachment-medium size-medium\" alt=\"\" \/>\t\t\t\t\t<\/div>\n\t\t\t\t<\/div>\n\t\t\t<\/div>\n\t\t\t\t<div class=\"icon-box-text last-reset\">\n\t\t\t\t\t\t\t\t\t\n\n<p class=\"no-margin-bottom\">Los siguientes datos ser\u00e1n incluidos en el <strong>Registro de Sociedades Profesionales del COMT<\/strong>:<\/p>\n<ul>\n<li class=\"bullet-arrow\">Denominaci\u00f3n social<\/li>\n<li class=\"bullet-arrow\">Domicilio social con tel\u00e9fono<\/li>\n<li class=\"bullet-arrow\">Direcci\u00f3n electr\u00f3nica<\/li>\n<li class=\"bullet-arrow\">P\u00e1gina web<\/li>\n<li class=\"bullet-arrow\">Nombre, apellidos y n\u00famero de colegiados de los socios profesionales<\/li>\n<li class=\"bullet-arrow\">Direcci\u00f3n de otro\/s centro\/s donde se realiza la actividad (inclusive tel\u00e9fono y direcci\u00f3n electr\u00f3nica).<\/li>\n<\/ul>\n\n\t\t<\/div>\n\t<\/div>\n\t\n\t\n\n\t\t<\/div>\n\t\t\t\t\t<\/div>\n\n\t\n\n<\/div>\n<div class=\"row\"  id=\"row-99521509\">\n\n\n\t<div id=\"col-66863628\" class=\"col small-12 large-12\"  >\n\t\t\t\t<div class=\"col-inner\"  >\n\t\t\t\n\t\t\t\n\n<div class=\"container section-title-container\" ><h3 class=\"section-title section-title-normal\"><b aria-hidden=\"true\"><\/b><span class=\"section-title-main\" >Documentaci\u00f3n<\/span><b aria-hidden=\"true\"><\/b><\/h3><\/div>\n\n<ul>\n<li class=\"bullet-arrow\"><strong>Solicitud de inscripci\u00f3n cumplimentada y<\/strong> signada por el representante legal de la sociedad profesional <strong>(<a href=\"https:\/\/comt.cat\/wp-content\/uploads\/2025\/01\/ALTA-SOCIETATS_EDITABLE.pdf\" target=\"_blank\" rel=\"noopener\">Descargar aqu\u00ed<\/a>)<\/strong>.<\/li>\n<li class=\"bullet-arrow\"><strong>Fotocopia del DNI<\/strong> del representante legal de la sociedad profesional.<\/li>\n<li class=\"bullet-arrow\">Escritura de constituci\u00f3n o de adaptaci\u00f3n<span style=\"color: #555555; font-size: 14.4px;\"> de la sociedad.<\/span><\/li>\n<li class=\"bullet-arrow\"><strong>Escritura de enmienda, subsanaci\u00f3n o modificaci\u00f3n,<\/strong> si procede.<\/li>\n<li class=\"bullet-arrow\"><strong>Otras escrituras y documentos<\/strong> en que consten aquellos datos necesarios para la inscripci\u00f3n de la sociedad profesional, que no hayan sido recogidos en los documentos de constituci\u00f3n o adaptaci\u00f3n (especialmente la de nombramiento de todos los administradores).<\/li>\n<li class=\"bullet-arrow\"><strong>Targeta CIF.<\/strong><\/li>\n<li class=\"bullet-arrow\"><strong>Documentaci\u00f3n acreditativa Responsabilidad Civil Profesional de la sociedad.<\/strong><\/li>\n<\/ul>\n\n\t\t<\/div>\n\t\t\t\t\t<\/div>\n\n\t\n\n<\/div>\n\n\t\t<\/div>\n\t\t\t\t\t<\/div>\n\n\t\n\n<\/div>\n\n\t\t<\/div>\n\t\t\t\t\t<\/div>\n\n\t\n\n<\/div>\n\n","protected":false},"excerpt":{"rendered":"","protected":false},"author":1,"featured_media":0,"parent":0,"menu_order":0,"comment_status":"closed","ping_status":"closed","template":"page-blank.php","meta":{"footnotes":""},"class_list":["post-11047","page","type-page","status-publish","hentry"],"yoast_head":"<!-- This site is optimized with the Yoast SEO plugin v27.2 - https:\/\/yoast.com\/product\/yoast-seo-wordpress\/ -->\n<title>Alta Sociedades Profesionales - COMT<\/title>\n<meta name=\"robots\" content=\"index, follow, max-snippet:-1, max-image-preview:large, max-video-preview:-1\" \/>\n<link rel=\"canonical\" href=\"https:\/\/comt.cat\/alta-societats-professionals-2\/\" \/>\n<meta property=\"og:locale\" content=\"es_ES\" \/>\n<meta property=\"og:type\" content=\"article\" \/>\n<meta property=\"og:title\" content=\"Alta Sociedades Profesionales - COMT\" \/>\n<meta property=\"og:url\" content=\"https:\/\/comt.cat\/alta-societats-professionals-2\/\" \/>\n<meta property=\"og:site_name\" content=\"COMT\" \/>\n<meta property=\"article:modified_time\" content=\"2025-01-22T12:02:34+00:00\" \/>\n<meta name=\"twitter:card\" content=\"summary_large_image\" \/>\n<meta name=\"twitter:label1\" content=\"Tiempo de lectura\" \/>\n\t<meta name=\"twitter:data1\" content=\"3 minutos\" \/>\n<script type=\"application\/ld+json\" class=\"yoast-schema-graph\">{\"@context\":\"https:\/\/schema.org\",\"@graph\":[{\"@type\":\"WebPage\",\"@id\":\"https:\/\/comt.cat\/alta-societats-professionals-2\/\",\"url\":\"https:\/\/comt.cat\/alta-societats-professionals-2\/\",\"name\":\"Alta Sociedades Profesionales - COMT\",\"isPartOf\":{\"@id\":\"https:\/\/comt.cat\/#website\"},\"datePublished\":\"2021-08-30T08:20:30+00:00\",\"dateModified\":\"2025-01-22T12:02:34+00:00\",\"breadcrumb\":{\"@id\":\"https:\/\/comt.cat\/alta-societats-professionals-2\/#breadcrumb\"},\"inLanguage\":\"es\",\"potentialAction\":[{\"@type\":\"ReadAction\",\"target\":[\"https:\/\/comt.cat\/alta-societats-professionals-2\/\"]}]},{\"@type\":\"BreadcrumbList\",\"@id\":\"https:\/\/comt.cat\/alta-societats-professionals-2\/#breadcrumb\",\"itemListElement\":[{\"@type\":\"ListItem\",\"position\":1,\"name\":\"Home\",\"item\":\"https:\/\/comt.cat\/es\/\"},{\"@type\":\"ListItem\",\"position\":2,\"name\":\"Alta Sociedades Profesionales\"}]},{\"@type\":\"WebSite\",\"@id\":\"https:\/\/comt.cat\/#website\",\"url\":\"https:\/\/comt.cat\/\",\"name\":\"COMT\",\"description\":\"Col\u00b7legi de Metges de Tarragona\",\"potentialAction\":[{\"@type\":\"SearchAction\",\"target\":{\"@type\":\"EntryPoint\",\"urlTemplate\":\"https:\/\/comt.cat\/?s={search_term_string}\"},\"query-input\":{\"@type\":\"PropertyValueSpecification\",\"valueRequired\":true,\"valueName\":\"search_term_string\"}}],\"inLanguage\":\"es\"}]}<\/script>\n<!-- \/ Yoast SEO plugin. -->","yoast_head_json":{"title":"Alta Sociedades Profesionales - COMT","robots":{"index":"index","follow":"follow","max-snippet":"max-snippet:-1","max-image-preview":"max-image-preview:large","max-video-preview":"max-video-preview:-1"},"canonical":"https:\/\/comt.cat\/alta-societats-professionals-2\/","og_locale":"es_ES","og_type":"article","og_title":"Alta Sociedades Profesionales - COMT","og_url":"https:\/\/comt.cat\/alta-societats-professionals-2\/","og_site_name":"COMT","article_modified_time":"2025-01-22T12:02:34+00:00","twitter_card":"summary_large_image","twitter_misc":{"Tiempo de lectura":"3 minutos"},"schema":{"@context":"https:\/\/schema.org","@graph":[{"@type":"WebPage","@id":"https:\/\/comt.cat\/alta-societats-professionals-2\/","url":"https:\/\/comt.cat\/alta-societats-professionals-2\/","name":"Alta Sociedades Profesionales - COMT","isPartOf":{"@id":"https:\/\/comt.cat\/#website"},"datePublished":"2021-08-30T08:20:30+00:00","dateModified":"2025-01-22T12:02:34+00:00","breadcrumb":{"@id":"https:\/\/comt.cat\/alta-societats-professionals-2\/#breadcrumb"},"inLanguage":"es","potentialAction":[{"@type":"ReadAction","target":["https:\/\/comt.cat\/alta-societats-professionals-2\/"]}]},{"@type":"BreadcrumbList","@id":"https:\/\/comt.cat\/alta-societats-professionals-2\/#breadcrumb","itemListElement":[{"@type":"ListItem","position":1,"name":"Home","item":"https:\/\/comt.cat\/es\/"},{"@type":"ListItem","position":2,"name":"Alta Sociedades Profesionales"}]},{"@type":"WebSite","@id":"https:\/\/comt.cat\/#website","url":"https:\/\/comt.cat\/","name":"COMT","description":"Col\u00b7legi de Metges de Tarragona","potentialAction":[{"@type":"SearchAction","target":{"@type":"EntryPoint","urlTemplate":"https:\/\/comt.cat\/?s={search_term_string}"},"query-input":{"@type":"PropertyValueSpecification","valueRequired":true,"valueName":"search_term_string"}}],"inLanguage":"es"}]}},"_links":{"self":[{"href":"https:\/\/comt.cat\/es\/wp-json\/wp\/v2\/pages\/11047","targetHints":{"allow":["GET"]}}],"collection":[{"href":"https:\/\/comt.cat\/es\/wp-json\/wp\/v2\/pages"}],"about":[{"href":"https:\/\/comt.cat\/es\/wp-json\/wp\/v2\/types\/page"}],"author":[{"embeddable":true,"href":"https:\/\/comt.cat\/es\/wp-json\/wp\/v2\/users\/1"}],"replies":[{"embeddable":true,"href":"https:\/\/comt.cat\/es\/wp-json\/wp\/v2\/comments?post=11047"}],"version-history":[{"count":9,"href":"https:\/\/comt.cat\/es\/wp-json\/wp\/v2\/pages\/11047\/revisions"}],"predecessor-version":[{"id":36968,"href":"https:\/\/comt.cat\/es\/wp-json\/wp\/v2\/pages\/11047\/revisions\/36968"}],"wp:attachment":[{"href":"https:\/\/comt.cat\/es\/wp-json\/wp\/v2\/media?parent=11047"}],"curies":[{"name":"wp","href":"https:\/\/api.w.org\/{rel}","templated":true}]}}