{"id":11049,"date":"2021-07-27T13:24:56","date_gmt":"2021-07-27T13:24:56","guid":{"rendered":"https:\/\/comt.quimeras.cat\/altres-serveis\/"},"modified":"2021-10-13T07:20:29","modified_gmt":"2021-10-13T07:20:29","slug":"altres-serveis","status":"publish","type":"page","link":"https:\/\/comt.cat\/es\/altres-serveis\/","title":{"rendered":"Otros servicios"},"content":{"rendered":"\n\n\t<section class=\"section\" id=\"section_1917978365\">\n\t\t<div class=\"section-bg fill\" >\n\t\t\t\t\t\t\t\t\t\n\t\t\t\n\n\t\t<\/div>\n\n\t\t\n\n\t\t<div class=\"section-content relative\">\n\t\t\t\n\n\t<div id=\"gap-691408680\" class=\"gap-element clearfix\" style=\"display:block; height:auto;\">\n\t\t\n<style>\n#gap-691408680 {\n  padding-top: 30px;\n}\n<\/style>\n\t<\/div>\n\t\n\n<div class=\"row align-middle\"  id=\"row-1141655695\">\n\n\n\t<div id=\"col-1905772044\" class=\"col medium-8 small-12 large-4\"  >\n\t\t\t\t<div class=\"col-inner\"  >\n\t\t\t\n\t\t\t\n\n\t<div id=\"text-2650491303\" class=\"text\">\n\t\t\n\n<h1>Otros servicios<\/h1>\n\t\t\n<style>\n#text-2650491303 {\n  font-size: 1.5rem;\n}\n<\/style>\n\t<\/div>\n\t\n\n\t\t<\/div>\n\t\t\t\t\t<\/div>\n\n\t\n\n\t<div id=\"col-595719207\" class=\"col medium-12 small-12 large-8\"  >\n\t\t\t\t<div class=\"col-inner\"  >\n\t\t\t\n\t<div class=\"is-border\"\n\t\tstyle=\"border-color:rgb(126, 178, 233);border-width:0px 0px 0px 2px;\">\n\t<\/div>\n\t\t\t\n\n<p>Si celebras una reuni\u00f3n, un acto o una conferencia pero no dispones del espacio, el COMT te puede ayudar.<\/p>\n<p>Quieres publicar un anuncio para vender material o alquilar una consulta? Este es tu espacio!<\/p>\n\n\t\t<\/div>\n\t\t\t\t\n<style>\n#col-595719207 > .col-inner {\n  padding: 0px 0px 0px 30px;\n  margin: 0px 0px 0px 0px;\n}\n@media (min-width:850px) {\n  #col-595719207 > .col-inner {\n    margin: 10px 0px 0px 0px;\n  }\n}\n<\/style>\n\t<\/div>\n\n\t\n\n<\/div>\n\n\t\t<\/div>\n\n\t\t\n<style>\n#section_1917978365 {\n  padding-top: 60px;\n  padding-bottom: 60px;\n  min-height: 400px;\n  background-color: rgb(251, 248, 243);\n}\n@media (min-width:550px) {\n  #section_1917978365 {\n    padding-top: 80px;\n    padding-bottom: 80px;\n  }\n}\n@media (min-width:850px) {\n  #section_1917978365 {\n    padding-top: 110px;\n    padding-bottom: 110px;\n  }\n}\n<\/style>\n\t<\/section>\n\t\n\n\t<section class=\"section\" id=\"section_891352581\">\n\t\t<div class=\"section-bg fill\" >\n\t\t\t\t\t\t\t\t\t\n\t\t\t\n\n\t\t<\/div>\n\n\t\t\n\n\t\t<div class=\"section-content relative\">\n\t\t\t\n\n<div class=\"row row-large align-equal\"  id=\"row-224207149\">\n\n\n\t<div id=\"col-1105121075\" class=\"col medium-6 small-12 large-6\"  >\n\t\t\t\t<div class=\"col-inner\" style=\"background-color:#73c6f6;\" >\n\t\t\t\n\t\t\t\n\n\t<div id=\"gap-1190873554\" class=\"gap-element clearfix\" style=\"display:block; height:auto;\">\n\t\t\n<style>\n#gap-1190873554 {\n  padding-top: 184px;\n}\n<\/style>\n\t<\/div>\n\t\n\n\n\t\t<div class=\"icon-box featured-box icon-box-center text-center\"  >\n\t\t\t\t\t<div class=\"icon-box-img\" style=\"width: 36px\">\n\t\t\t\t<div class=\"icon\">\n\t\t\t\t\t<div class=\"icon-inner\" style=\"color:rgb(255, 255, 255);\">\n\t\t\t\t\t\t<?xml version=\"1.0\" encoding=\"utf-8\"?>\n<!-- Generator: Adobe Illustrator 25.4.1, SVG Export Plug-In . SVG Version: 6.00 Build 0)  -->\n<svg version=\"1.1\" id=\"Capa_1\" xmlns=\"http:\/\/www.w3.org\/2000\/svg\" xmlns:xlink=\"http:\/\/www.w3.org\/1999\/xlink\" x=\"0px\" y=\"0px\"\n\t viewBox=\"0 0 48 48\" style=\"enable-background:new 0 0 48 48;\" xml:space=\"preserve\">\n<g transform=\"matrix(2,0,0,2,0,0)\">\n\t<g>\n\t\t<path d=\"M9,7.5C7.1,7.5,5.6,6,5.6,4.1S7.1,0.7,9,0.7s3.4,1.5,3.4,3.4S10.9,7.5,9,7.5z M9,2.2c-1,0-1.9,0.8-1.9,1.9S8,6,9,6\n\t\t\ts1.9-0.8,1.9-1.9S10,2.2,9,2.2z\"\/>\n\t<\/g>\n\t<g>\n\t\t<path d=\"M16.5,23.3c-1.1,0-2-0.8-2.2-1.9c0,0,0,0,0,0l-0.4-2.6h-2.2c-1.7,0-3.2-1.2-3.6-2.8L6.8,11C6.5,9.8,7.3,8.6,8.5,8.3\n\t\t\tc1.2-0.3,2.4,0.4,2.7,1.6l1.1,4.3h2.2c0,0,0,0,0,0c1.8,0,3.4,1.3,3.7,3.2l0.5,3.2c0.2,1.2-0.6,2.4-1.9,2.6\n\t\t\tC16.7,23.2,16.6,23.3,16.5,23.3z M15.8,21.1c0.1,0.4,0.5,0.7,0.9,0.6c0.2,0,0.4-0.1,0.5-0.3c0.1-0.2,0.2-0.4,0.1-0.6l-0.5-3.2\n\t\t\tc-0.2-1.1-1.1-1.9-2.2-1.9c0,0,0,0,0,0h-2.8c-0.3,0-0.6-0.2-0.7-0.6l-1.2-4.9C9.6,9.9,9.2,9.7,8.8,9.8c-0.4,0.1-0.7,0.5-0.6,0.9\n\t\t\tl1.2,4.9c0.3,1,1.1,1.7,2.2,1.7h2.8c0.4,0,0.7,0.3,0.7,0.6L15.8,21.1C15.8,21.1,15.8,21.1,15.8,21.1z\"\/>\n\t<\/g>\n\t<g>\n\t\t<path d=\"M9.1,21.8c-1.8,0-3.3-1.2-3.7-2.9l-1.7-7.4c-0.1-0.4,0.2-0.8,0.6-0.9c0.4-0.1,0.8,0.2,0.9,0.6l1.7,7.4\n\t\t\tc0.2,1,1.1,1.7,2.2,1.7c0,0,0,0,0,0h3.6c0.4,0,0.8,0.3,0.8,0.8s-0.3,0.8-0.8,0.8H9.1C9.1,21.8,9.1,21.8,9.1,21.8z\"\/>\n\t<\/g>\n<\/g>\n<\/svg>\n\t\t\t\t\t<\/div>\n\t\t\t\t<\/div>\n\t\t\t<\/div>\n\t\t\t\t<div class=\"icon-box-text last-reset\">\n\t\t\t\t\t\t\t\t\t\n\n\t<div id=\"text-1548859439\" class=\"text\">\n\t\t\n\n<h4>Alquiler de salas <\/h4>\n\n\t\t\n<style>\n#text-1548859439 {\n  color: rgb(255, 255, 255);\n}\n#text-1548859439 > * {\n  color: rgb(255, 255, 255);\n}\n<\/style>\n\t<\/div>\n\t\n\n\t\t<\/div>\n\t<\/div>\n\t\n\t\n\n\t\t<\/div>\n\t\t\t\t\t<\/div>\n\n\t\n\n\t<div id=\"col-398040673\" class=\"col medium-6 small-12 large-6\"  >\n\t\t\t\t<div class=\"col-inner\"  >\n\t\t\t\n\t\t\t\n\n<p>El Colegio de M\u00e9dicos dispone de salas con varias caracter\u00edsticas y medidas tanto en la sede central como en las dos delegaciones. El horario de alquiler de las salas es de lunes a viernes de 09.00 a 19.00 horas a pesar de que se pueden valorar solicitudes fuera del horario habitual y tambi\u00e9n en s\u00e1bado.<\/p>\n<p>Las salas tienen un formato espec\u00edfico pero existe la posibilidad de modificarlas siempre que las condiciones t\u00e9cnicas lo permitan. Una vez finalizado el acto, se pide dejar el espacio en las condiciones iniciales en las que se encontraba.<\/p>\n<p>Para m\u00e1s informaci\u00f3n, visitas o reservas pod\u00e9is poneros en contacto con nosotros.<\/p>\n<a href=\"https:\/\/comt.quimeras.cat\/contacte\/\" class=\"button success\" >\n\t\t<span>Contactar<\/span>\n\t<\/a>\n\n\n\n\t\t<\/div>\n\t\t\t\t\t<\/div>\n\n\t\n\n<\/div>\n\t<div id=\"gap-2037971282\" class=\"gap-element clearfix\" style=\"display:block; height:auto;\">\n\t\t\n<style>\n#gap-2037971282 {\n  padding-top: 61px;\n}\n<\/style>\n\t<\/div>\n\t\n\n<div class=\"row row-large align-equal\"  id=\"row-137258185\">\n\n\n\t<div id=\"col-193188498\" class=\"col medium-6 small-12 large-6\"  >\n\t\t\t\t<div class=\"col-inner\"  >\n\t\t\t\n\t\t\t\n\n<p>\u00bfTienes material m\u00e9dico que ya no usas, pero que todav\u00eda se puede hacer servicio? \u00bfNecesitas un despacho m\u00e9dico? Pues este es tu espacio!\u00a0<\/p>\n<p>El COMT pone a disposici\u00f3n de sus colegiados un servicio donde colgar sus anuncios. Seguro que a alg\u00fan compa\u00f1ero o compa\u00f1era le podr\u00e1 interesar!<\/p>\n<p>Tipos de anuncios:\u00a0<\/p>\n<ul>\n<li>Inmobiliaria<\/li>\n<li>Aparatos m\u00e9dicos<\/li>\n<li>Alquiler despachos<\/li>\n<li>Anuncios diversos\u00a0<\/li>\n<\/ul>\n<a class=\"button success\" >\n\t\t<span>Ver anuncios<\/span>\n\t<\/a>\n\n\n\n\t\t<\/div>\n\t\t\t\t\t<\/div>\n\n\t\n\n\t<div id=\"col-1484624625\" class=\"col medium-6 small-12 large-6\"  >\n\t\t\t\t<div class=\"col-inner\" style=\"background-color:#73c6f6;\" >\n\t\t\t\n\t\t\t\n\n\t<div id=\"gap-1084133487\" class=\"gap-element clearfix\" style=\"display:block; height:auto;\">\n\t\t\n<style>\n#gap-1084133487 {\n  padding-top: 147px;\n}\n<\/style>\n\t<\/div>\n\t\n\n\n\t\t<div class=\"icon-box featured-box icon-box-center text-center\"  >\n\t\t\t\t\t<div class=\"icon-box-img\" style=\"width: 36px\">\n\t\t\t\t<div class=\"icon\">\n\t\t\t\t\t<div class=\"icon-inner\" style=\"color:rgb(255, 255, 255);\">\n\t\t\t\t\t\t<?xml version=\"1.0\" encoding=\"utf-8\"?>\n<!-- Generator: Adobe Illustrator 25.4.1, SVG Export Plug-In . SVG Version: 6.00 Build 0)  -->\n<svg version=\"1.1\" id=\"Capa_1\" xmlns=\"http:\/\/www.w3.org\/2000\/svg\" xmlns:xlink=\"http:\/\/www.w3.org\/1999\/xlink\" x=\"0px\" y=\"0px\"\n\t viewBox=\"0 0 48 48\" style=\"enable-background:new 0 0 48 48;\" xml:space=\"preserve\">\n<g transform=\"matrix(2,0,0,2,0,0)\">\n\t<g>\n\t\t<path d=\"M9,24H2.5c-0.6,0-1.2-0.2-1.6-0.7c-0.4-0.4-0.7-1-0.7-1.6c0-0.1,0-0.2,0-0.3L2.1,7.2c0.1-1.1,1.1-2,2.2-2c0,0,0,0,0,0h1.1\n\t\t\tc1.1,0,2.1,0.8,2.2,2l2.1,15.9c0,0.2,0,0.4-0.2,0.6C9.4,23.9,9.2,24,9,24z M4.3,6.8C3.9,6.8,3.6,7,3.6,7.4L1.7,21.7\n\t\t\tc0,0,0,0.1,0,0.1c0,0.2,0.1,0.4,0.2,0.5s0.3,0.2,0.5,0.2h5.7l-2-15.1c0-0.4-0.4-0.7-0.7-0.7H4.3L4.3,6.8z\"\/>\n\t<\/g>\n\t<g>\n\t\t<path d=\"M21.5,24H9c-0.4,0-0.8-0.3-0.8-0.8s0.3-0.8,0.8-0.8h12.5c0,0,0.1,0,0.1,0c0.2,0,0.4-0.1,0.5-0.3s0.2-0.4,0.1-0.6L20.4,7.4\n\t\t\tc0-0.4-0.4-0.7-0.7-0.7h-5.4c-0.4,0-0.8-0.3-0.8-0.8s0.3-0.8,0.8-0.8h5.4c1.1,0,2.1,0.8,2.2,2l1.9,14.3c0.1,0.6-0.1,1.2-0.4,1.7\n\t\t\tc-0.4,0.5-0.9,0.8-1.5,0.9C21.7,24,21.6,24,21.5,24z\"\/>\n\t<\/g>\n\t<g>\n\t\t<path d=\"M12,6.8H5.4C5,6.8,4.7,6.4,4.7,6S5,5.2,5.4,5.2H12c0.4,0,0.7,0.3,0.7,0.8S12.4,6.8,12,6.8z\"\/>\n\t<\/g>\n\t<g>\n\t\t<path d=\"M18,11.2c-0.4,0-0.8-0.3-0.8-0.8V3.8c0-1.2-1-2.2-2.2-2.2s-2.3,1-2.3,2.2v6.8c0,0.4-0.3,0.8-0.7,0.8s-0.8-0.3-0.8-0.8V3.8\n\t\t\tC11.2,1.7,12.9,0,15,0s3.8,1.7,3.8,3.8v6.8C18.7,10.9,18.4,11.2,18,11.2z\"\/>\n\t<\/g>\n\t<g>\n\t\t<path d=\"M8.2,6.8C7.8,6.8,7.5,6.4,7.5,6V3.8c0-1.3,0.6-2.4,1.7-3.1c0.3-0.2,0.8-0.1,1,0.2c0.2,0.3,0.1,0.8-0.2,1\n\t\t\tC9.4,2.3,9,3,9,3.8V6C9,6.4,8.7,6.8,8.2,6.8z\"\/>\n\t<\/g>\n<\/g>\n<\/svg>\n\t\t\t\t\t<\/div>\n\t\t\t\t<\/div>\n\t\t\t<\/div>\n\t\t\t\t<div class=\"icon-box-text last-reset\">\n\t\t\t\t\t\t\t\t\t\n\n\t<div id=\"text-2225192701\" class=\"text\">\n\t\t\n\n<h4>Anuncios gratuitos<\/h4>\n\n\t\t\n<style>\n#text-2225192701 {\n  color: rgb(255, 255, 255);\n}\n#text-2225192701 > * {\n  color: rgb(255, 255, 255);\n}\n<\/style>\n\t<\/div>\n\t\n\n\t\t<\/div>\n\t<\/div>\n\t\n\t\n\n\t\t<\/div>\n\t\t\t\t\t<\/div>\n\n\t\n\n<\/div>\n\n\t\t<\/div>\n\n\t\t\n<style>\n#section_891352581 {\n  padding-top: 119px;\n  padding-bottom: 119px;\n  background-color: rgb(255,255,255);\n}\n<\/style>\n\t<\/section>\n\t\n\n","protected":false},"excerpt":{"rendered":"","protected":false},"author":1,"featured_media":0,"parent":0,"menu_order":0,"comment_status":"closed","ping_status":"closed","template":"page-blank.php","meta":{"footnotes":""},"class_list":["post-11049","page","type-page","status-publish","hentry"],"yoast_head":"<!-- This site is optimized with the Yoast SEO plugin v27.4 - https:\/\/yoast.com\/product\/yoast-seo-wordpress\/ -->\n<title>Otros servicios - COMT<\/title>\n<meta name=\"robots\" content=\"index, follow, max-snippet:-1, max-image-preview:large, max-video-preview:-1\" \/>\n<link rel=\"canonical\" href=\"https:\/\/comt.cat\/altres-serveis\/\" \/>\n<meta property=\"og:locale\" content=\"es_ES\" \/>\n<meta property=\"og:type\" content=\"article\" \/>\n<meta property=\"og:title\" content=\"Otros servicios - COMT\" \/>\n<meta property=\"og:url\" content=\"https:\/\/comt.cat\/altres-serveis\/\" \/>\n<meta property=\"og:site_name\" content=\"COMT\" \/>\n<meta property=\"article:modified_time\" content=\"2021-10-13T07:20:29+00:00\" \/>\n<meta name=\"twitter:card\" content=\"summary_large_image\" \/>\n<meta name=\"twitter:label1\" content=\"Tiempo de lectura\" \/>\n\t<meta name=\"twitter:data1\" content=\"2 minutos\" \/>\n<script type=\"application\/ld+json\" class=\"yoast-schema-graph\">{\"@context\":\"https:\\\/\\\/schema.org\",\"@graph\":[{\"@type\":\"WebPage\",\"@id\":\"https:\\\/\\\/comt.cat\\\/altres-serveis\\\/\",\"url\":\"https:\\\/\\\/comt.cat\\\/altres-serveis\\\/\",\"name\":\"Otros servicios - COMT\",\"isPartOf\":{\"@id\":\"https:\\\/\\\/comt.cat\\\/#website\"},\"datePublished\":\"2021-07-27T13:24:56+00:00\",\"dateModified\":\"2021-10-13T07:20:29+00:00\",\"breadcrumb\":{\"@id\":\"https:\\\/\\\/comt.cat\\\/altres-serveis\\\/#breadcrumb\"},\"inLanguage\":\"es\",\"potentialAction\":[{\"@type\":\"ReadAction\",\"target\":[\"https:\\\/\\\/comt.cat\\\/altres-serveis\\\/\"]}]},{\"@type\":\"BreadcrumbList\",\"@id\":\"https:\\\/\\\/comt.cat\\\/altres-serveis\\\/#breadcrumb\",\"itemListElement\":[{\"@type\":\"ListItem\",\"position\":1,\"name\":\"Home\",\"item\":\"https:\\\/\\\/comt.cat\\\/es\\\/\"},{\"@type\":\"ListItem\",\"position\":2,\"name\":\"Otros servicios\"}]},{\"@type\":\"WebSite\",\"@id\":\"https:\\\/\\\/comt.cat\\\/#website\",\"url\":\"https:\\\/\\\/comt.cat\\\/\",\"name\":\"COMT\",\"description\":\"Col\u00b7legi de Metges de Tarragona\",\"potentialAction\":[{\"@type\":\"SearchAction\",\"target\":{\"@type\":\"EntryPoint\",\"urlTemplate\":\"https:\\\/\\\/comt.cat\\\/?s={search_term_string}\"},\"query-input\":{\"@type\":\"PropertyValueSpecification\",\"valueRequired\":true,\"valueName\":\"search_term_string\"}}],\"inLanguage\":\"es\"}]}<\/script>\n<!-- \/ Yoast SEO plugin. -->","yoast_head_json":{"title":"Otros servicios - COMT","robots":{"index":"index","follow":"follow","max-snippet":"max-snippet:-1","max-image-preview":"max-image-preview:large","max-video-preview":"max-video-preview:-1"},"canonical":"https:\/\/comt.cat\/altres-serveis\/","og_locale":"es_ES","og_type":"article","og_title":"Otros servicios - COMT","og_url":"https:\/\/comt.cat\/altres-serveis\/","og_site_name":"COMT","article_modified_time":"2021-10-13T07:20:29+00:00","twitter_card":"summary_large_image","twitter_misc":{"Tiempo de lectura":"2 minutos"},"schema":{"@context":"https:\/\/schema.org","@graph":[{"@type":"WebPage","@id":"https:\/\/comt.cat\/altres-serveis\/","url":"https:\/\/comt.cat\/altres-serveis\/","name":"Otros servicios - COMT","isPartOf":{"@id":"https:\/\/comt.cat\/#website"},"datePublished":"2021-07-27T13:24:56+00:00","dateModified":"2021-10-13T07:20:29+00:00","breadcrumb":{"@id":"https:\/\/comt.cat\/altres-serveis\/#breadcrumb"},"inLanguage":"es","potentialAction":[{"@type":"ReadAction","target":["https:\/\/comt.cat\/altres-serveis\/"]}]},{"@type":"BreadcrumbList","@id":"https:\/\/comt.cat\/altres-serveis\/#breadcrumb","itemListElement":[{"@type":"ListItem","position":1,"name":"Home","item":"https:\/\/comt.cat\/es\/"},{"@type":"ListItem","position":2,"name":"Otros servicios"}]},{"@type":"WebSite","@id":"https:\/\/comt.cat\/#website","url":"https:\/\/comt.cat\/","name":"COMT","description":"Col\u00b7legi de Metges de Tarragona","potentialAction":[{"@type":"SearchAction","target":{"@type":"EntryPoint","urlTemplate":"https:\/\/comt.cat\/?s={search_term_string}"},"query-input":{"@type":"PropertyValueSpecification","valueRequired":true,"valueName":"search_term_string"}}],"inLanguage":"es"}]}},"_links":{"self":[{"href":"https:\/\/comt.cat\/es\/wp-json\/wp\/v2\/pages\/11049","targetHints":{"allow":["GET"]}}],"collection":[{"href":"https:\/\/comt.cat\/es\/wp-json\/wp\/v2\/pages"}],"about":[{"href":"https:\/\/comt.cat\/es\/wp-json\/wp\/v2\/types\/page"}],"author":[{"embeddable":true,"href":"https:\/\/comt.cat\/es\/wp-json\/wp\/v2\/users\/1"}],"replies":[{"embeddable":true,"href":"https:\/\/comt.cat\/es\/wp-json\/wp\/v2\/comments?post=11049"}],"version-history":[{"count":4,"href":"https:\/\/comt.cat\/es\/wp-json\/wp\/v2\/pages\/11049\/revisions"}],"predecessor-version":[{"id":11125,"href":"https:\/\/comt.cat\/es\/wp-json\/wp\/v2\/pages\/11049\/revisions\/11125"}],"wp:attachment":[{"href":"https:\/\/comt.cat\/es\/wp-json\/wp\/v2\/media?parent=11049"}],"curies":[{"name":"wp","href":"https:\/\/api.w.org\/{rel}","templated":true}]}}