{"id":11067,"date":"2021-09-28T15:43:16","date_gmt":"2021-09-28T15:43:16","guid":{"rendered":"https:\/\/comt.quimeras.cat\/baixa-societats-professionals\/"},"modified":"2025-01-22T13:04:00","modified_gmt":"2025-01-22T12:04:00","slug":"baixa-societats-professionals","status":"publish","type":"page","link":"https:\/\/comt.cat\/es\/baixa-societats-professionals\/","title":{"rendered":"Baja sociedades profesionales"},"content":{"rendered":"\n\n\t<section class=\"section\" id=\"section_1220836792\">\n\t\t<div class=\"section-bg fill\" >\n\t\t\t\t\t\t\t\t\t\n\t\t\t\n\n\t\t<\/div>\n\n\t\t\n\n\t\t<div class=\"section-content relative\">\n\t\t\t\n\n\t<div id=\"gap-1996681180\" class=\"gap-element clearfix\" style=\"display:block; height:auto;\">\n\t\t\n<style>\n#gap-1996681180 {\n  padding-top: 30px;\n}\n<\/style>\n\t<\/div>\n\t\n\n<div class=\"row align-middle\"  id=\"row-445769618\">\n\n\n\t<div id=\"col-1234005163\" class=\"col medium-8 small-12 large-7\"  >\n\t\t\t\t<div class=\"col-inner\"  >\n\t\t\t\n\t\t\t\n\n\t<div id=\"text-283672211\" class=\"text\">\n\t\t\n\n<h1>Bajas sociedades profesionales<\/h1>\n\t\t\n<style>\n#text-283672211 {\n  font-size: 1.5rem;\n}\n<\/style>\n\t<\/div>\n\t\n\n\t\t<\/div>\n\t\t\t\t\t<\/div>\n\n\t\n\n<\/div>\n\n\t\t<\/div>\n\n\t\t\n<style>\n#section_1220836792 {\n  padding-top: 60px;\n  padding-bottom: 60px;\n  min-height: 239px;\n  background-color: rgb(251, 248, 243);\n}\n@media (min-width:550px) {\n  #section_1220836792 {\n    padding-top: 80px;\n    padding-bottom: 80px;\n  }\n}\n@media (min-width:850px) {\n  #section_1220836792 {\n    padding-top: 56px;\n    padding-bottom: 56px;\n  }\n}\n<\/style>\n\t<\/section>\n\t\n\n\t<section class=\"section\" id=\"section_1847405634\">\n\t\t<div class=\"section-bg fill\" >\n\t\t\t\t\t\t\t\t\t\n\t\t\t\n\n\t\t<\/div>\n\n\t\t\n\n\t\t<div class=\"section-content relative\">\n\t\t\t\n\n<div class=\"row align-middle\"  id=\"row-2062491804\">\n\n\n\t<div id=\"col-1294519929\" class=\"col medium-3 small-12 large-3\"  >\n\t\t\t\t<div class=\"col-inner text-center dark\" style=\"background-color:rgb(71, 218, 206);\" >\n\t\t\t\n\t\t\t\n\n\n\t\t<div class=\"icon-box featured-box icon-box-center text-center\"  >\n\t\t\t\t\t<div class=\"icon-box-img\" style=\"width: 40px\">\n\t\t\t\t<div class=\"icon\">\n\t\t\t\t\t<div class=\"icon-inner\" style=\"color:rgb(255, 255, 255);\">\n\t\t\t\t\t\t<?xml version=\"1.0\" encoding=\"utf-8\"?>\n<!-- Generator: Adobe Illustrator 25.4.1, SVG Export Plug-In . SVG Version: 6.00 Build 0)  -->\n<svg version=\"1.1\" id=\"Capa_1\" xmlns=\"http:\/\/www.w3.org\/2000\/svg\" xmlns:xlink=\"http:\/\/www.w3.org\/1999\/xlink\" x=\"0px\" y=\"0px\"\n\t viewBox=\"0 0 48 48\" style=\"enable-background:new 0 0 48 48;\" xml:space=\"preserve\">\n<style type=\"text\/css\">\n\t.st0{fill:#FFFFFF;}\n<\/style>\n<g transform=\"matrix(2,0,0,2,0,0)\">\n\t<g>\n\t\t<path class=\"st0\" d=\"M24,10.7c0-1.6-0.6-3.1-1.8-4.2c-0.9-0.9-2.2-1.5-3.5-1.6c-0.1,0-0.1-0.1-0.2-0.1C16.4,1.1,11.7,0,8.1,2.1\n\t\t\tC6.2,3.2,4.9,5,4.5,7.1c0,0.1-0.1,0.2-0.2,0.2c-0.9,0.1-1.8,0.4-2.6,1C0.6,9.2,0,10.5,0,11.9c0,1.2,0.4,2.4,1.2,3.2\n\t\t\tc1,0.9,2.3,1.4,3.6,1.4c0.6,0,1-0.4,1-1c0-0.6-0.4-1-1-1c-0.8,0-1.6-0.3-2.2-0.8C2.2,13.2,2,12.5,2,11.9c0-1.4,1.1-2.6,2.6-2.6\n\t\t\tc0.2,0,0.4,0,0.5,0.1c0.3,0.1,0.6,0,0.8-0.2C6.2,9,6.3,8.7,6.3,8.4c0.2-3.1,2.8-5.5,6-5.4c2.1,0.1,4,1.4,4.8,3.3\n\t\t\tc0.2,0.4,0.5,0.6,0.9,0.6c1-0.1,2,0.3,2.8,1.1c0.7,0.7,1.2,1.7,1.2,2.7c0,2-1.5,3.6-3.4,3.8c-0.6,0.1-0.9,0.6-0.9,1.1\n\t\t\tc0.1,0.6,0.6,0.9,1.1,0.9C21.8,16.1,24,13.6,24,10.7z\"\/>\n\t\t<path class=\"st0\" d=\"M15.5,17.5h-1.8c-0.1,0-0.2-0.1-0.2-0.2V10c0-0.8-0.7-1.5-1.5-1.5s-1.5,0.7-1.5,1.5v7.2\n\t\t\tc0,0.1-0.1,0.2-0.2,0.2H8.5c-0.6,0-1,0.5-1,1c0,0.3,0.1,0.5,0.3,0.7l3.5,3.5c0.4,0.4,1,0.4,1.4,0c0,0,0,0,0,0l3.5-3.5\n\t\t\tc0.4-0.4,0.4-1,0-1.4C16,17.6,15.8,17.5,15.5,17.5z\"\/>\n\t<\/g>\n<\/g>\n<\/svg>\n\t\t\t\t\t<\/div>\n\t\t\t\t<\/div>\n\t\t\t<\/div>\n\t\t\t\t<div class=\"icon-box-text last-reset\">\n\t\t\t\t\t\t\t\t\t\n\n<h3>Documento para la Solicitud de baja de sociedad<\/h3>\n\n\t\t<\/div>\n\t<\/div>\n\t\n\t\n\t<div id=\"gap-86200673\" class=\"gap-element clearfix\" style=\"display:block; height:auto;\">\n\t\t\n<style>\n#gap-86200673 {\n  padding-top: 14px;\n}\n<\/style>\n\t<\/div>\n\t\n\n<a href=\"https:\/\/comt.cat\/wp-content\/uploads\/2025\/01\/baixes-societats_EDITABLE.pdf\" target=\"_blank\" class=\"button white is-underline\" rel=\"noopener\" >\n\t\t<span>Descargar<\/span>\n\t<\/a>\n\n\n\n\t\t<\/div>\n\t\t\t\t\n<style>\n#col-1294519929 > .col-inner {\n  padding: 50px 50px 50px 50px;\n}\n<\/style>\n\t<\/div>\n\n\t\n\n\t<div id=\"col-835774734\" class=\"col medium-9 small-12 large-9\"  >\n\t\t\t\t<div class=\"col-inner\"  >\n\t\t\t\n\t\t\t\n\n<p>Para darse de baja, ser\u00e1 requerimiento necesario el retorno (personalmente o por correo postal) de los documentos siguientes:<\/p>\n<ul>\n<li class=\"bullet-checkmark\">Modelo 036 (cese actividad profesional).<\/li>\n<li class=\"bullet-checkmark\">Documento registre mercantil de disoluci\u00f3n, liquidaci\u00f3n y extinci\u00f3n de la sociedad.<\/li>\n<\/ul>\n<p>Este tr\u00e1mite tambi\u00e9n se puede hacer directamente a las delegaciones del COMT.<\/p>\n\n\t\t<\/div>\n\t\t\t\t\t<\/div>\n\n\t\n\n<\/div>\n\n\t\t<\/div>\n\n\t\t\n<style>\n#section_1847405634 {\n  padding-top: 72px;\n  padding-bottom: 72px;\n}\n<\/style>\n\t<\/section>\n\t\n\n","protected":false},"excerpt":{"rendered":"","protected":false},"author":1,"featured_media":0,"parent":0,"menu_order":0,"comment_status":"closed","ping_status":"closed","template":"page-blank.php","meta":{"footnotes":""},"class_list":["post-11067","page","type-page","status-publish","hentry"],"yoast_head":"<!-- This site is optimized with the Yoast SEO plugin v27.2 - https:\/\/yoast.com\/product\/yoast-seo-wordpress\/ -->\n<title>Baja sociedades profesionales - COMT<\/title>\n<meta name=\"robots\" content=\"index, follow, max-snippet:-1, max-image-preview:large, max-video-preview:-1\" \/>\n<link rel=\"canonical\" href=\"https:\/\/comt.cat\/es\/baixa-societats-professionals\/\" \/>\n<meta property=\"og:locale\" content=\"es_ES\" \/>\n<meta property=\"og:type\" content=\"article\" \/>\n<meta property=\"og:title\" content=\"Baja sociedades profesionales - COMT\" \/>\n<meta property=\"og:url\" content=\"https:\/\/comt.cat\/es\/baixa-societats-professionals\/\" \/>\n<meta property=\"og:site_name\" content=\"COMT\" \/>\n<meta property=\"article:modified_time\" content=\"2025-01-22T12:04:00+00:00\" \/>\n<meta name=\"twitter:card\" content=\"summary_large_image\" \/>\n<meta name=\"twitter:label1\" content=\"Tiempo de lectura\" \/>\n\t<meta name=\"twitter:data1\" content=\"1 minuto\" \/>\n<script type=\"application\/ld+json\" class=\"yoast-schema-graph\">{\"@context\":\"https:\/\/schema.org\",\"@graph\":[{\"@type\":\"WebPage\",\"@id\":\"https:\/\/comt.cat\/es\/baixa-societats-professionals\/\",\"url\":\"https:\/\/comt.cat\/es\/baixa-societats-professionals\/\",\"name\":\"Baja sociedades profesionales - COMT\",\"isPartOf\":{\"@id\":\"https:\/\/comt.cat\/#website\"},\"datePublished\":\"2021-09-28T15:43:16+00:00\",\"dateModified\":\"2025-01-22T12:04:00+00:00\",\"breadcrumb\":{\"@id\":\"https:\/\/comt.cat\/es\/baixa-societats-professionals\/#breadcrumb\"},\"inLanguage\":\"es\",\"potentialAction\":[{\"@type\":\"ReadAction\",\"target\":[\"https:\/\/comt.cat\/es\/baixa-societats-professionals\/\"]}]},{\"@type\":\"BreadcrumbList\",\"@id\":\"https:\/\/comt.cat\/es\/baixa-societats-professionals\/#breadcrumb\",\"itemListElement\":[{\"@type\":\"ListItem\",\"position\":1,\"name\":\"Home\",\"item\":\"https:\/\/comt.cat\/es\/\"},{\"@type\":\"ListItem\",\"position\":2,\"name\":\"Baja sociedades profesionales\"}]},{\"@type\":\"WebSite\",\"@id\":\"https:\/\/comt.cat\/#website\",\"url\":\"https:\/\/comt.cat\/\",\"name\":\"COMT\",\"description\":\"Col\u00b7legi de Metges de Tarragona\",\"potentialAction\":[{\"@type\":\"SearchAction\",\"target\":{\"@type\":\"EntryPoint\",\"urlTemplate\":\"https:\/\/comt.cat\/?s={search_term_string}\"},\"query-input\":{\"@type\":\"PropertyValueSpecification\",\"valueRequired\":true,\"valueName\":\"search_term_string\"}}],\"inLanguage\":\"es\"}]}<\/script>\n<!-- \/ Yoast SEO plugin. -->","yoast_head_json":{"title":"Baja sociedades profesionales - COMT","robots":{"index":"index","follow":"follow","max-snippet":"max-snippet:-1","max-image-preview":"max-image-preview:large","max-video-preview":"max-video-preview:-1"},"canonical":"https:\/\/comt.cat\/es\/baixa-societats-professionals\/","og_locale":"es_ES","og_type":"article","og_title":"Baja sociedades profesionales - COMT","og_url":"https:\/\/comt.cat\/es\/baixa-societats-professionals\/","og_site_name":"COMT","article_modified_time":"2025-01-22T12:04:00+00:00","twitter_card":"summary_large_image","twitter_misc":{"Tiempo de lectura":"1 minuto"},"schema":{"@context":"https:\/\/schema.org","@graph":[{"@type":"WebPage","@id":"https:\/\/comt.cat\/es\/baixa-societats-professionals\/","url":"https:\/\/comt.cat\/es\/baixa-societats-professionals\/","name":"Baja sociedades profesionales - COMT","isPartOf":{"@id":"https:\/\/comt.cat\/#website"},"datePublished":"2021-09-28T15:43:16+00:00","dateModified":"2025-01-22T12:04:00+00:00","breadcrumb":{"@id":"https:\/\/comt.cat\/es\/baixa-societats-professionals\/#breadcrumb"},"inLanguage":"es","potentialAction":[{"@type":"ReadAction","target":["https:\/\/comt.cat\/es\/baixa-societats-professionals\/"]}]},{"@type":"BreadcrumbList","@id":"https:\/\/comt.cat\/es\/baixa-societats-professionals\/#breadcrumb","itemListElement":[{"@type":"ListItem","position":1,"name":"Home","item":"https:\/\/comt.cat\/es\/"},{"@type":"ListItem","position":2,"name":"Baja sociedades profesionales"}]},{"@type":"WebSite","@id":"https:\/\/comt.cat\/#website","url":"https:\/\/comt.cat\/","name":"COMT","description":"Col\u00b7legi de Metges de Tarragona","potentialAction":[{"@type":"SearchAction","target":{"@type":"EntryPoint","urlTemplate":"https:\/\/comt.cat\/?s={search_term_string}"},"query-input":{"@type":"PropertyValueSpecification","valueRequired":true,"valueName":"search_term_string"}}],"inLanguage":"es"}]}},"_links":{"self":[{"href":"https:\/\/comt.cat\/es\/wp-json\/wp\/v2\/pages\/11067","targetHints":{"allow":["GET"]}}],"collection":[{"href":"https:\/\/comt.cat\/es\/wp-json\/wp\/v2\/pages"}],"about":[{"href":"https:\/\/comt.cat\/es\/wp-json\/wp\/v2\/types\/page"}],"author":[{"embeddable":true,"href":"https:\/\/comt.cat\/es\/wp-json\/wp\/v2\/users\/1"}],"replies":[{"embeddable":true,"href":"https:\/\/comt.cat\/es\/wp-json\/wp\/v2\/comments?post=11067"}],"version-history":[{"count":6,"href":"https:\/\/comt.cat\/es\/wp-json\/wp\/v2\/pages\/11067\/revisions"}],"predecessor-version":[{"id":36969,"href":"https:\/\/comt.cat\/es\/wp-json\/wp\/v2\/pages\/11067\/revisions\/36969"}],"wp:attachment":[{"href":"https:\/\/comt.cat\/es\/wp-json\/wp\/v2\/media?parent=11067"}],"curies":[{"name":"wp","href":"https:\/\/api.w.org\/{rel}","templated":true}]}}