{"id":11069,"date":"2021-07-27T13:36:32","date_gmt":"2021-07-27T13:36:32","guid":{"rendered":"https:\/\/comt.quimeras.cat\/carnet-collegial-certificat-digital\/"},"modified":"2026-01-08T12:52:46","modified_gmt":"2026-01-08T11:52:46","slug":"carnet-collegial-certificat-digital","status":"publish","type":"page","link":"https:\/\/comt.cat\/es\/carnet-collegial-certificat-digital\/","title":{"rendered":"Carnet colegial \/ certificado digital"},"content":{"rendered":"\n\n\t<section class=\"section\" id=\"section_1172185023\">\n\t\t<div class=\"section-bg fill\" >\n\t\t\t\t\t\t\t\t\t\n\t\t\t\n\n\t\t<\/div>\n\n\t\t\n\n\t\t<div class=\"section-content relative\">\n\t\t\t\n\n\t<div id=\"gap-1901410321\" class=\"gap-element clearfix\" style=\"display:block; height:auto;\">\n\t\t\n<style>\n#gap-1901410321 {\n  padding-top: 30px;\n}\n<\/style>\n\t<\/div>\n\t\n\n<div class=\"row align-middle\"  id=\"row-2038891007\">\n\n\n\t<div id=\"col-624578792\" class=\"col medium-8 small-12 large-5\"  >\n\t\t\t\t<div class=\"col-inner\"  >\n\t\t\t\n\t\t\t\n\n\t<div id=\"text-2739484798\" class=\"text\">\n\t\t\n\n<h1>Carn\u00e9 Colegial \/ Certificado Colegial<\/h1>\n\t\t\n<style>\n#text-2739484798 {\n  font-size: 1.5rem;\n}\n<\/style>\n\t<\/div>\n\t\n\n\t\t<\/div>\n\t\t\t\t\t<\/div>\n\n\t\n\n\t<div id=\"col-2046223717\" class=\"col medium-12 small-12 large-7\"  >\n\t\t\t\t<div class=\"col-inner\"  >\n\t\t\t\n\t<div class=\"is-border\"\n\t\tstyle=\"border-color:rgb(126, 178, 233);border-width:0px 0px 0px 2px;\">\n\t<\/div>\n\t\t\t\n\n<p>El carn\u00e9 colegial acredita tu condici\u00f3n de m\u00e9dico o m\u00e9dica colegiado\/a en la provincia de Tarragona, e indica tu especialidad, si la tienes registrada.<\/p>\n\n\t\t<\/div>\n\t\t\t\t\n<style>\n#col-2046223717 > .col-inner {\n  padding: 0px 0px 0px 30px;\n  margin: 0px 0px 0px 0px;\n}\n@media (min-width:850px) {\n  #col-2046223717 > .col-inner {\n    margin: 10px 0px 0px 0px;\n  }\n}\n<\/style>\n\t<\/div>\n\n\t\n\n<\/div>\n\n\t\t<\/div>\n\n\t\t\n<style>\n#section_1172185023 {\n  padding-top: 60px;\n  padding-bottom: 60px;\n  min-height: 400px;\n  background-color: rgb(251, 248, 243);\n}\n@media (min-width:550px) {\n  #section_1172185023 {\n    padding-top: 80px;\n    padding-bottom: 80px;\n  }\n}\n@media (min-width:850px) {\n  #section_1172185023 {\n    padding-top: 110px;\n    padding-bottom: 110px;\n  }\n}\n<\/style>\n\t<\/section>\n\t\n\n\t<section class=\"section\" id=\"section_1828134587\">\n\t\t<div class=\"section-bg fill\" >\n\t\t\t\t\t\t\t\t\t\n\t\t\t\n\n\t\t<\/div>\n\n\t\t\n\n\t\t<div class=\"section-content relative\">\n\t\t\t\n\n<div class=\"row row-large align-middle\"  id=\"row-1704683080\">\n\n\n\t<div id=\"col-933410711\" class=\"col medium-6 small-12 large-6\"  >\n\t\t\t\t<div class=\"col-inner\"  >\n\t\t\t\n\t\t\t\n\n\t<div class=\"img has-hover x md-x lg-x y md-y lg-y\" id=\"image_1898005158\">\n\t\t\t\t\t\t\t\t<div class=\"img-inner dark\" >\n\t\t\t<img loading=\"lazy\" decoding=\"async\" width=\"800\" height=\"533\" src=\"https:\/\/comt.cat\/wp-content\/uploads\/2021\/10\/carnet.jpg\" class=\"attachment-large size-large\" alt=\"\" srcset=\"https:\/\/comt.cat\/wp-content\/uploads\/2021\/10\/carnet.jpg 800w, https:\/\/comt.cat\/wp-content\/uploads\/2021\/10\/carnet-300x200.jpg 300w, https:\/\/comt.cat\/wp-content\/uploads\/2021\/10\/carnet-768x512.jpg 768w\" sizes=\"(max-width: 800px) 100vw, 800px\" \/>\t\t\t\t\t\t\n\t\t\t\t\t<\/div>\n\t\t\t\t\t\t\t\t\n<style>\n#image_1898005158 {\n  width: 100%;\n}\n<\/style>\n\t<\/div>\n\t\n\n\n\t\t<\/div>\n\t\t\t\t\t<\/div>\n\n\t\n\n\t<div id=\"col-301933507\" class=\"col medium-6 small-12 large-6\"  >\n\t\t\t\t<div class=\"col-inner\"  >\n\t\t\t\n\t\t\t\n\n<p><strong>Novedades sobre la tarjeta electr\u00f3nica colegial del COMT<\/strong><\/p>\n<p data-start=\"140\" data-end=\"270\">Les informamos de las \u00faltimas actualizaciones relativas a las condiciones de emisi\u00f3n y gesti\u00f3n de la tarjeta electr\u00f3nica colegial.<\/p>\n<p data-start=\"272\" data-end=\"343\">A partir de ahora, la tarjeta electr\u00f3nica tendr\u00e1 los siguientes costes:<\/p>\n<p><strong>Duplicados de la tarjeta electr\u00f3nica<\/strong><\/p>\n<ul>\n<li>La reexpedici\u00f3n del carn\u00e9 dentro del a\u00f1o natural (comprendido entre el 1 de enero y el 31 de diciembre) tendr\u00e1 un coste asociado de 15 \u20ac.<\/li>\n<li>\n<p data-start=\"486\" data-end=\"562\">La reexpedici\u00f3n de los siguientes carn\u00e9s tendr\u00e1 un coste asociado de 40 \u20ac.<\/p>\n<\/li>\n<li>\n<p data-start=\"564\" data-end=\"662\">La expedici\u00f3n de la tarjeta electr\u00f3nica para m\u00e9dico jubilado\/honor\u00edfico tendr\u00e1 un coste de 15 \u20ac.<\/p>\n<\/li>\n<\/ul>\n<p>Recordamos que tanto la tarjeta inicial como los carn\u00e9s reexpedidos deben recogerse personalmente en las oficinas del COMT.<\/p>\n<p>La tarjeta no puede entregarse a terceras personas ni enviarse por correo postal.<br \/>Esta medida se aplica de acuerdo con la normativa vigente:<\/p>\n<ul>\n<li>Reglamento (UE) 910\/2014 (eIDAS), que exige la identificaci\u00f3n presencial o equivalente para la emisi\u00f3n y entrega de certificados cualificados.<\/li>\n<li>Ley 6\/2020, de Servicios Electr\u00f3nicos de Confianza, que refuerza la protecci\u00f3n de los medios de identificaci\u00f3n y firma.<\/li>\n<li>Ley Org\u00e1nica 3\/2018 (LOPDGDD), que obliga a garantizar la seguridad y custodia de los datos personales y de los elementos de identificaci\u00f3n.<\/li>\n<\/ul>\n<p><strong>Nuevo servicio de recuperaci\u00f3n del c\u00f3digo PUK<\/strong><br \/>Hemos habilitado un nuevo servicio para facilitar la recuperaci\u00f3n del c\u00f3digo PUK.<br \/>En caso de no recordarlo o haberlo perdido, solo ten\u00e9is que llamar al COMT y recibir\u00e9is de manera inmediata un correo electr\u00f3nico con vuestro PUK.<\/p>\n<p><strong>Contacto<\/strong><br \/>Para consultas o gesti\u00f3n de incidencias, pod\u00e9is contactar con nosotros en:<\/p>\n<ul>\n<li>Correo: <a href=\"mailto:comt@comt.cat\">comt@comt.cat<\/a><\/li>\n<li>Tel\u00e9fono: 977 232 012<\/li>\n<li>WhatsApp: 680 815 258<\/li>\n<\/ul>\n<p>Estaremos encantados de atenderos.<\/p>\n\n\t\t<\/div>\n\t\t\t\t\t<\/div>\n\n\t\n\n<\/div>\n<div class=\"row\"  id=\"row-1648148063\">\n\n\n\t<div id=\"col-744855775\" class=\"col small-12 large-12\"  >\n\t\t\t\t<div class=\"col-inner\"  >\n\t\t\t\n\t\t\t\n\n\n\t\t<div class=\"tabbed-content\">\n\t\t\t\n\t\t\t<ul class=\"nav nav-tabs nav-vertical nav-uppercase nav-size-normal nav-left\" role=\"tablist\"><li id=\"tab-para-que-sirve-el-certificado-digital\" class=\"tab active has-icon\" role=\"presentation\"><a href=\"#tab_para-que-sirve-el-certificado-digital\" role=\"tab\" aria-selected=\"true\" aria-controls=\"tab_para-que-sirve-el-certificado-digital\"><span>Para que sirve el certificado digital<\/span><\/a><\/li>\n<li id=\"tab-qu\u00e9-documentaci\u00f3n-necesitamos-para-tramitarlo:\" class=\"tab has-icon\" role=\"presentation\"><a href=\"#tab_qu\u00e9-documentaci\u00f3n-necesitamos-para-tramitarlo:\" tabindex=\"-1\" role=\"tab\" aria-selected=\"false\" aria-controls=\"tab_qu\u00e9-documentaci\u00f3n-necesitamos-para-tramitarlo:\"><span>Qu\u00e9 documentaci\u00f3n necesitamos para tramitarlo:<\/span><\/a><\/li>\n<li id=\"tab-\u00bfpuedo-solicitar-2-tarjetas?\" class=\"tab has-icon\" role=\"presentation\"><a href=\"#tab_\u00bfpuedo-solicitar-2-tarjetas?\" tabindex=\"-1\" role=\"tab\" aria-selected=\"false\" aria-controls=\"tab_\u00bfpuedo-solicitar-2-tarjetas?\"><span>\u00bfPuedo solicitar 2 tarjetas?<\/span><\/a><\/li><\/ul><div class=\"tab-panels\"><div id=\"tab_para-que-sirve-el-certificado-digital\" class=\"panel active entry-content\" role=\"tabpanel\" aria-labelledby=\"tab-para-que-sirve-el-certificado-digital\">\n\n\t<div id=\"gap-1835639954\" class=\"gap-element clearfix\" style=\"display:block; height:auto;\">\n\t\t\n<style>\n#gap-1835639954 {\n  padding-top: 30px;\n}\n<\/style>\n\t<\/div>\n\t\n\n<div class=\"row row-large\"  id=\"row-1943591289\">\n\n\n\t<div id=\"col-366779087\" class=\"col medium-6 small-12 large-6\"  >\n\t\t\t\t<div class=\"col-inner\"  >\n\t\t\t\n\t\t\t\n\n\n\t\t<div class=\"icon-box featured-box icon-box-top text-left is-small\"  >\n\t\t\t\t\t<div class=\"icon-box-img\" style=\"width: 60px\">\n\t\t\t\t<div class=\"icon\">\n\t\t\t\t\t<div class=\"icon-inner\" style=\"color:rgb(111, 222, 255);\">\n\t\t\t\t\t\t<?xml version=\"1.0\" encoding=\"utf-8\"?>\n<!-- Generator: Adobe Illustrator 25.4.1, SVG Export Plug-In . SVG Version: 6.00 Build 0)  -->\n<svg version=\"1.1\" id=\"Capa_1\" xmlns=\"http:\/\/www.w3.org\/2000\/svg\" xmlns:xlink=\"http:\/\/www.w3.org\/1999\/xlink\" x=\"0px\" y=\"0px\"\n\t viewBox=\"0 0 48 48\" style=\"enable-background:new 0 0 48 48;\" xml:space=\"preserve\">\n<g transform=\"matrix(2,0,0,2,0,0)\">\n\t<g>\n\t\t<path d=\"M22.5,24H6c-0.4,0-0.8-0.3-0.8-0.8s0.3-0.8,0.8-0.8h2.2v-6.8c0-1.2,1-2.2,2.2-2.2H21c1.2,0,2.2,1,2.2,2.2v7.5\n\t\t\tC23.2,23.7,22.9,24,22.5,24z M9.8,22.5h12v-6.8c0-0.4-0.3-0.8-0.8-0.8H10.5c-0.4,0-0.8,0.3-0.8,0.8V22.5z\"\/>\n\t<\/g>\n\t<g>\n\t\t<path d=\"M1.5,24c-0.4,0-0.8-0.3-0.8-0.8V9.8C0.8,9.3,1.1,9,1.5,9s0.8,0.3,0.8,0.8v13.5C2.2,23.7,1.9,24,1.5,24z\"\/>\n\t<\/g>\n\t<g>\n\t\t<path d=\"M13.5,15c-0.4,0-0.8-0.3-0.8-0.8v-3.7c0-0.4,0.3-0.8,0.8-0.8s0.8,0.3,0.8,0.8v3.7C14.2,14.7,13.9,15,13.5,15z\"\/>\n\t<\/g>\n\t<g>\n\t\t<path d=\"M7.5,10.5c-2.9,0-5.2-2.4-5.2-5.2S4.6,0,7.5,0s5.2,2.4,5.2,5.2S10.4,10.5,7.5,10.5z M7.5,1.5c-2.1,0-3.8,1.7-3.8,3.7\n\t\t\tS5.4,9,7.5,9s3.8-1.7,3.8-3.8S9.6,1.5,7.5,1.5z\"\/>\n\t<\/g>\n\t<g>\n\t\t<path d=\"M7.5,7.5c-0.4,0-0.8-0.3-0.8-0.8v-3C6.8,3.3,7.1,3,7.5,3s0.8,0.3,0.8,0.8v3C8.2,7.2,7.9,7.5,7.5,7.5z\"\/>\n\t<\/g>\n\t<g>\n\t\t<path d=\"M9,6H6C5.6,6,5.2,5.7,5.2,5.3S5.6,4.5,6,4.5h3c0.4,0,0.8,0.3,0.8,0.8S9.4,6,9,6z\"\/>\n\t<\/g>\n\t<g>\n\t\t<path d=\"M6,15H4.5c-0.4,0-0.8-0.3-0.8-0.8s0.3-0.8,0.8-0.8H6c0.4,0,0.8,0.3,0.8,0.8S6.4,15,6,15z\"\/>\n\t<\/g>\n\t<g>\n\t\t<path d=\"M6,19.5H4.5c-0.4,0-0.8-0.3-0.8-0.8S4.1,18,4.5,18H6c0.4,0,0.8,0.3,0.8,0.8S6.4,19.5,6,19.5z\"\/>\n\t<\/g>\n\t<g>\n\t\t<path d=\"M14.2,21h-1.5c-0.4,0-0.8-0.3-0.8-0.8s0.3-0.8,0.8-0.8h1.5c0.4,0,0.8,0.3,0.8,0.8S14.7,21,14.2,21z\"\/>\n\t<\/g>\n\t<g>\n\t\t<path d=\"M18.8,21h-1.5c-0.4,0-0.8-0.3-0.8-0.8s0.3-0.8,0.8-0.8h1.5c0.4,0,0.8,0.3,0.8,0.8S19.2,21,18.8,21z\"\/>\n\t<\/g>\n\t<g>\n\t\t<path d=\"M14.2,18h-1.5c-0.4,0-0.8-0.3-0.8-0.8s0.3-0.8,0.8-0.8h1.5c0.4,0,0.8,0.3,0.8,0.8S14.7,18,14.2,18z\"\/>\n\t<\/g>\n\t<g>\n\t\t<path d=\"M18.8,18h-1.5c-0.4,0-0.8-0.3-0.8-0.8s0.3-0.8,0.8-0.8h1.5c0.4,0,0.8,0.3,0.8,0.8S19.2,18,18.8,18z\"\/>\n\t<\/g>\n<\/g>\n<\/svg>\n\t\t\t\t\t<\/div>\n\t\t\t\t<\/div>\n\t\t\t<\/div>\n\t\t\t\t<div class=\"icon-box-text last-reset\">\n\t\t\t\t\t\t\t\t\t\n\n<h3>Lo puedes usar en el \u00c1mbito M\u00e9dico P\u00fablico<\/h3>\n<ul>\n<li class=\"bullet-arrow\">Receta electr\u00f3nica<\/li>\n<li class=\"bullet-arrow\">Historia cl\u00ednica compartida<\/li>\n<li class=\"bullet-arrow\">Consentimientos informados<\/li>\n<li class=\"bullet-arrow\">Certificados m\u00e9dicos<\/li>\n<\/ul>\n\n\t\t<\/div>\n\t<\/div>\n\t\n\t\n\n\t\t<\/div>\n\t\t\t\t\t<\/div>\n\n\t\n\n\t<div id=\"col-1588926925\" class=\"col medium-6 small-12 large-6\"  >\n\t\t\t\t<div class=\"col-inner\"  >\n\t\t\t\n\t\t\t\n\n\n\t\t<div class=\"icon-box featured-box icon-box-top text-left is-small\"  >\n\t\t\t\t\t<div class=\"icon-box-img\" style=\"width: 60px\">\n\t\t\t\t<div class=\"icon\">\n\t\t\t\t\t<div class=\"icon-inner\" style=\"color:rgb(111, 222, 255);\">\n\t\t\t\t\t\t<?xml version=\"1.0\" encoding=\"utf-8\"?>\n<!-- Generator: Adobe Illustrator 25.4.1, SVG Export Plug-In . SVG Version: 6.00 Build 0)  -->\n<svg version=\"1.1\" id=\"Capa_1\" xmlns=\"http:\/\/www.w3.org\/2000\/svg\" xmlns:xlink=\"http:\/\/www.w3.org\/1999\/xlink\" x=\"0px\" y=\"0px\"\n\t viewBox=\"0 0 48 48\" style=\"enable-background:new 0 0 48 48;\" xml:space=\"preserve\">\n<g transform=\"matrix(2,0,0,2,0,0)\">\n\t<g>\n\t\t<path d=\"M12,6.9c-1.9,0-3.4-1.5-3.4-3.4C8.6,1.5,10.1,0,12,0s3.4,1.5,3.4,3.4C15.5,5.3,13.9,6.9,12,6.9z M12,1.5\n\t\t\tc-1.1,0-1.9,0.9-1.9,1.9S11,5.4,12,5.4c1.1,0,1.9-0.9,1.9-1.9S13.1,1.5,12,1.5z\"\/>\n\t<\/g>\n\t<g>\n\t\t<path d=\"M17,15.9c-0.1,0-0.2,0-0.3,0c-0.4-0.1-0.6-0.6-0.5-1c0-0.1,0.1-0.3,0.1-0.4c0-0.3-0.1-0.6-0.3-0.8\n\t\t\tc-0.2-0.2-0.5-0.3-0.8-0.3c-0.4,0-0.8-0.3-0.8-0.7c0-0.4,0.3-0.8,0.7-0.8c0.7,0,1.4,0.3,1.9,0.7c0.5,0.5,0.8,1.1,0.8,1.9\n\t\t\tc0,0.3,0,0.6-0.2,0.9C17.6,15.7,17.3,15.9,17,15.9z\"\/>\n\t<\/g>\n\t<g>\n\t\t<path d=\"M12,24c-0.4,0-0.8-0.3-0.8-0.8V6.1c0-0.4,0.3-0.8,0.8-0.8s0.8,0.3,0.8,0.8v17.1C12.8,23.7,12.4,24,12,24z\"\/>\n\t<\/g>\n\t<g>\n\t\t<path d=\"M17.9,10c-0.8,0-1.6-0.1-2.5-0.5c-0.4-0.1-0.6-0.6-0.4-1s0.6-0.6,1-0.4c3,1.2,5.1-0.6,5.6-1.1c0.8-0.8,1-1.5,1-1.7\n\t\t\tc0,0-0.1,0-0.1,0h-7.9c-0.4,0-0.8-0.3-0.8-0.8s0.3-0.7,0.8-0.7h7.9c0.7,0,1.3,0.3,1.5,0.9c0.4,0.9-0.1,2.2-1.2,3.3\n\t\t\tC21.6,9,19.9,10,17.9,10z M22.5,5.3L22.5,5.3L22.5,5.3z\"\/>\n\t<\/g>\n\t<g>\n\t\t<path d=\"M6.2,10c-2,0-3.7-0.9-4.8-2.1C0.3,6.8-0.2,5.5,0.2,4.6C0.4,4.1,1,3.8,1.7,3.8h7.9c0.4,0,0.8,0.3,0.8,0.7S10,5.3,9.6,5.3\n\t\t\tH1.7c-0.1,0-0.1,0-0.1,0c0,0.2,0.2,0.9,1,1.7c0.6,0.6,2.6,2.3,5.6,1.1c0.4-0.1,0.8,0,1,0.4c0.1,0.4,0,0.8-0.4,1\n\t\t\tC7.8,9.8,7,10,6.2,10z\"\/>\n\t<\/g>\n\t<g>\n\t\t<path d=\"M9.4,24c-0.2,0-0.4-0.1-0.5-0.2c-0.5-0.5-0.8-1.1-0.8-1.8c0-0.6,0.2-1.2,0.7-1.7c0.4-0.5,1-0.7,1.7-0.7H14\n\t\t\tc0.6,0,1.2-0.5,1.2-1.2c0-0.3-0.1-0.6-0.3-0.8s-0.5-0.3-0.8-0.3H8.8c-1.5,0-2.7-1.2-2.7-2.7c0-1.5,1.2-2.6,2.7-2.6\n\t\t\tc0.4,0,0.7,0.3,0.7,0.8c0,0.4-0.3,0.8-0.8,0.7c0,0,0,0,0,0c-0.6,0-1.1,0.5-1.1,1.1c0,0.7,0.5,1.2,1.2,1.2l5.1,0\n\t\t\tc0.7,0,1.4,0.3,1.9,0.8s0.8,1.2,0.8,1.9c0,1.5-1.2,2.7-2.7,2.7h-3.5c-0.2,0-0.4,0.1-0.6,0.3S9.6,21.7,9.6,22\n\t\t\tc0,0.3,0.1,0.5,0.3,0.7c0.3,0.3,0.3,0.8,0,1.1C9.8,23.9,9.6,24,9.4,24z\"\/>\n\t<\/g>\n<\/g>\n<\/svg>\n\t\t\t\t\t<\/div>\n\t\t\t\t<\/div>\n\t\t\t<\/div>\n\t\t\t\t<div class=\"icon-box-text last-reset\">\n\t\t\t\t\t\t\t\t\t\n\n<h3>Lo puedes usar en el \u00c1mbito Colegial<\/h3>\n<ul>\n<li class=\"bullet-arrow\">Tr\u00e1mites con el COMT<\/li>\n<li class=\"bullet-arrow\">Votaciones y consultas electr\u00f3nicas<\/li>\n<li class=\"bullet-arrow\">Obtenci\u00f3n de Certificados (desplazamientos u otros)<\/li>\n<\/ul>\n\n\t\t<\/div>\n\t<\/div>\n\t\n\t\n\n\t\t<\/div>\n\t\t\t\t\t<\/div>\n\n\t\n\n\t<div id=\"col-1407842066\" class=\"col medium-6 small-12 large-6\"  >\n\t\t\t\t<div class=\"col-inner\"  >\n\t\t\t\n\t\t\t\n\n\n\t\t<div class=\"icon-box featured-box icon-box-top text-left is-small\"  >\n\t\t\t\t\t<div class=\"icon-box-img\" style=\"width: 60px\">\n\t\t\t\t<div class=\"icon\">\n\t\t\t\t\t<div class=\"icon-inner\" style=\"color:rgb(111, 222, 255);\">\n\t\t\t\t\t\t<?xml version=\"1.0\" encoding=\"utf-8\"?>\n<!-- Generator: Adobe Illustrator 25.4.1, SVG Export Plug-In . SVG Version: 6.00 Build 0)  -->\n<svg version=\"1.1\" id=\"Capa_1\" xmlns=\"http:\/\/www.w3.org\/2000\/svg\" xmlns:xlink=\"http:\/\/www.w3.org\/1999\/xlink\" x=\"0px\" y=\"0px\"\n\t viewBox=\"0 0 48 48\" style=\"enable-background:new 0 0 48 48;\" xml:space=\"preserve\">\n<g transform=\"matrix(2,0,0,2,0,0)\">\n\t<g>\n\t\t<path d=\"M22.5,24H6c-0.4,0-0.8-0.3-0.8-0.8s0.3-0.8,0.8-0.8h2.2v-6.8c0-1.2,1-2.2,2.2-2.2H21c1.2,0,2.2,1,2.2,2.2v7.5\n\t\t\tC23.2,23.7,22.9,24,22.5,24z M9.8,22.5h12v-6.8c0-0.4-0.3-0.8-0.8-0.8H10.5c-0.4,0-0.8,0.3-0.8,0.8V22.5z\"\/>\n\t<\/g>\n\t<g>\n\t\t<path d=\"M1.5,24c-0.4,0-0.8-0.3-0.8-0.8V9.8C0.8,9.3,1.1,9,1.5,9s0.8,0.3,0.8,0.8v13.5C2.2,23.7,1.9,24,1.5,24z\"\/>\n\t<\/g>\n\t<g>\n\t\t<path d=\"M13.5,15c-0.4,0-0.8-0.3-0.8-0.8v-3.7c0-0.4,0.3-0.8,0.8-0.8s0.8,0.3,0.8,0.8v3.7C14.2,14.7,13.9,15,13.5,15z\"\/>\n\t<\/g>\n\t<g>\n\t\t<path d=\"M7.5,10.5c-2.9,0-5.2-2.4-5.2-5.2S4.6,0,7.5,0s5.2,2.4,5.2,5.2S10.4,10.5,7.5,10.5z M7.5,1.5c-2.1,0-3.8,1.7-3.8,3.7\n\t\t\tS5.4,9,7.5,9s3.8-1.7,3.8-3.8S9.6,1.5,7.5,1.5z\"\/>\n\t<\/g>\n\t<g>\n\t\t<path d=\"M7.5,7.5c-0.4,0-0.8-0.3-0.8-0.8v-3C6.8,3.3,7.1,3,7.5,3s0.8,0.3,0.8,0.8v3C8.2,7.2,7.9,7.5,7.5,7.5z\"\/>\n\t<\/g>\n\t<g>\n\t\t<path d=\"M9,6H6C5.6,6,5.2,5.7,5.2,5.3S5.6,4.5,6,4.5h3c0.4,0,0.8,0.3,0.8,0.8S9.4,6,9,6z\"\/>\n\t<\/g>\n\t<g>\n\t\t<path d=\"M6,15H4.5c-0.4,0-0.8-0.3-0.8-0.8s0.3-0.8,0.8-0.8H6c0.4,0,0.8,0.3,0.8,0.8S6.4,15,6,15z\"\/>\n\t<\/g>\n\t<g>\n\t\t<path d=\"M6,19.5H4.5c-0.4,0-0.8-0.3-0.8-0.8S4.1,18,4.5,18H6c0.4,0,0.8,0.3,0.8,0.8S6.4,19.5,6,19.5z\"\/>\n\t<\/g>\n\t<g>\n\t\t<path d=\"M14.2,21h-1.5c-0.4,0-0.8-0.3-0.8-0.8s0.3-0.8,0.8-0.8h1.5c0.4,0,0.8,0.3,0.8,0.8S14.7,21,14.2,21z\"\/>\n\t<\/g>\n\t<g>\n\t\t<path d=\"M18.8,21h-1.5c-0.4,0-0.8-0.3-0.8-0.8s0.3-0.8,0.8-0.8h1.5c0.4,0,0.8,0.3,0.8,0.8S19.2,21,18.8,21z\"\/>\n\t<\/g>\n\t<g>\n\t\t<path d=\"M14.2,18h-1.5c-0.4,0-0.8-0.3-0.8-0.8s0.3-0.8,0.8-0.8h1.5c0.4,0,0.8,0.3,0.8,0.8S14.7,18,14.2,18z\"\/>\n\t<\/g>\n\t<g>\n\t\t<path d=\"M18.8,18h-1.5c-0.4,0-0.8-0.3-0.8-0.8s0.3-0.8,0.8-0.8h1.5c0.4,0,0.8,0.3,0.8,0.8S19.2,18,18.8,18z\"\/>\n\t<\/g>\n<\/g>\n<\/svg>\n\t\t\t\t\t<\/div>\n\t\t\t\t<\/div>\n\t\t\t<\/div>\n\t\t\t\t<div class=\"icon-box-text last-reset\">\n\t\t\t\t\t\t\t\t\t\n\n<h3>Lo puedes usar en el \u00c1mbito M\u00e9dico Privado<\/h3>\n<ul>\n<li class=\"bullet-arrow\">Prescripci\u00f3n privada<\/li>\n<li class=\"bullet-arrow\">Consentimientos informados<\/li>\n<li class=\"bullet-arrow\">Certificados m\u00e9dicos<\/li>\n<li class=\"bullet-arrow\">Informes m\u00e9dicos, autorizaciones<\/li>\n<li class=\"bullet-arrow\">Env\u00edos de documentos entre m\u00e9dicos<\/li>\n<\/ul>\n\n\t\t<\/div>\n\t<\/div>\n\t\n\t\n\n\t\t<\/div>\n\t\t\t\t\t<\/div>\n\n\t\n\n\t<div id=\"col-1008000614\" class=\"col medium-6 small-12 large-6\"  >\n\t\t\t\t<div class=\"col-inner\"  >\n\t\t\t\n\t\t\t\n\n\n\t\t<div class=\"icon-box featured-box icon-box-top text-left is-small\"  >\n\t\t\t\t\t<div class=\"icon-box-img\" style=\"width: 60px\">\n\t\t\t\t<div class=\"icon\">\n\t\t\t\t\t<div class=\"icon-inner\" style=\"color:rgb(111, 222, 255);\">\n\t\t\t\t\t\t<?xml version=\"1.0\" encoding=\"utf-8\"?>\n<!-- Generator: Adobe Illustrator 25.4.1, SVG Export Plug-In . SVG Version: 6.00 Build 0)  -->\n<svg version=\"1.1\" id=\"Capa_1\" xmlns=\"http:\/\/www.w3.org\/2000\/svg\" xmlns:xlink=\"http:\/\/www.w3.org\/1999\/xlink\" x=\"0px\" y=\"0px\"\n\t viewBox=\"0 0 48 48\" style=\"enable-background:new 0 0 48 48;\" xml:space=\"preserve\">\n<g transform=\"matrix(2,0,0,2,0,0)\">\n\t<g>\n\t\t<path d=\"M12,24c-6.7,0-12-2.6-12-6c0-2,1.8-3.8,5-4.9c0.4-0.1,0.8,0.1,1,0.5c0.1,0.4-0.1,0.8-0.5,1c-2.5,0.9-4,2.2-4,3.5\n\t\t\tc0,2.7,5.5,4.5,10.5,4.5s10.5-1.8,10.5-4.5c0-1.3-1.5-2.6-4-3.5c-0.4-0.1-0.6-0.6-0.5-1c0.1-0.4,0.6-0.6,1-0.5\n\t\t\tc3.2,1.1,5,2.9,5,4.9C24,21.4,18.7,24,12,24z\"\/>\n\t<\/g>\n\t<g>\n\t\t<path d=\"M12,6.8c-1.9,0-3.4-1.5-3.4-3.4S10.1,0,12,0c1.9,0,3.4,1.5,3.4,3.4S13.9,6.8,12,6.8z M12,1.5c-1,0-1.9,0.8-1.9,1.9\n\t\t\tS11,5.2,12,5.2c1,0,1.9-0.8,1.9-1.9S13,1.5,12,1.5z\"\/>\n\t<\/g>\n\t<g>\n\t\t<path d=\"M13.5,19.5h-3c-0.4,0-0.7-0.3-0.7-0.7l-0.7-5.3H8.2c-0.4,0-0.8-0.3-0.8-0.8v-2.2C7.5,8,9.5,6,12,6c2.5,0,4.5,2,4.5,4.5\n\t\t\tv2.2c0,0.4-0.3,0.7-0.7,0.8l-0.8,0l-0.7,5.3C14.2,19.2,13.9,19.5,13.5,19.5z M11.2,18h1.7l0.7-5.3c0-0.4,0.4-0.7,0.7-0.7l0.8,0\n\t\t\tv-1.5c0-1.7-1.3-3-3-3s-3,1.3-3,3V12h0.8c0.4,0,0.7,0.3,0.7,0.7L11.2,18z M15.8,12.7L15.8,12.7L15.8,12.7z\"\/>\n\t<\/g>\n<\/g>\n<\/svg>\n\t\t\t\t\t<\/div>\n\t\t\t\t<\/div>\n\t\t\t<\/div>\n\t\t\t\t<div class=\"icon-box-text last-reset\">\n\t\t\t\t\t\t\t\t\t\n\n<h3>Lo puedes usar en el \u00c1mbito Laboral Privado<\/h3>\n<ul>\n<li class=\"bullet-arrow\">Tr\u00e1mites AEAT, impuestos<\/li>\n<li class=\"bullet-arrow\">Altas, bajas IAE<\/li>\n<li class=\"bullet-arrow\">Altas y bajas SS<\/li>\n<li class=\"bullet-arrow\">Vida laboral<\/li>\n<li class=\"bullet-arrow\">Signatura contratos laborales (Universidades)<\/li>\n<\/ul>\n\n\t\t<\/div>\n\t<\/div>\n\t\n\t\n\n\t\t<\/div>\n\t\t\t\t\t<\/div>\n\n\t\n\n<\/div>\n\n<\/div>\n<div id=\"tab_qu\u00e9-documentaci\u00f3n-necesitamos-para-tramitarlo:\" class=\"panel entry-content\" role=\"tabpanel\" aria-labelledby=\"tab-qu\u00e9-documentaci\u00f3n-necesitamos-para-tramitarlo:\">\n\n\t<div id=\"gap-229578139\" class=\"gap-element clearfix\" style=\"display:block; height:auto;\">\n\t\t\n<style>\n#gap-229578139 {\n  padding-top: 30px;\n}\n<\/style>\n\t<\/div>\n\t\n\n<h3>Tan solo necesitaremos una fotograf\u00eda tuya con las siguientes caracter\u00edsticas:<\/h3>\n<ul>\n<li class=\"bullet-arrow\">Una fotograf\u00eda en color, que est\u00e9 centrada, con la cara descubierta y sin gafas de cristales oscuros.<\/li>\n<li class=\"bullet-arrow\">La medida tiene que ser formato carn\u00e9 (no superior a los 25 mm ni inferior a los 20 mm).<\/li>\n<li class=\"bullet-arrow\">Si la haces llegar por correo electr\u00f3nico, recuerda que los formatos de ficheros admitidos son *jpg, *jpeg, *gif o *bmp.<\/li>\n<\/ul>\n\n<\/div>\n<div id=\"tab_\u00bfpuedo-solicitar-2-tarjetas?\" class=\"panel entry-content\" role=\"tabpanel\" aria-labelledby=\"tab-\u00bfpuedo-solicitar-2-tarjetas?\">\n\n<h3>\u00bfPuedo solicitar 2 tarjetas?<\/h3>\n<p>Ponte en contacto con el departamento de <a href=\"https:\/\/comt.cat\/es\/contacte\/\">Atenci\u00f3n Colegial<\/a> para solicitar este servicio.<\/p>\n\n<\/div><\/div><\/div>\n\n\t\t<\/div>\n\t\t\t\t\t<\/div>\n\n\t\n\n<\/div>\n\n\t\t<\/div>\n\n\t\t\n<style>\n#section_1828134587 {\n  padding-top: 30px;\n  padding-bottom: 30px;\n}\n<\/style>\n\t<\/section>\n\t\n\n","protected":false},"excerpt":{"rendered":"","protected":false},"author":1,"featured_media":0,"parent":0,"menu_order":0,"comment_status":"closed","ping_status":"closed","template":"page-blank.php","meta":{"footnotes":""},"class_list":["post-11069","page","type-page","status-publish","hentry"],"yoast_head":"<!-- This site is optimized with the Yoast SEO plugin v27.2 - https:\/\/yoast.com\/product\/yoast-seo-wordpress\/ -->\n<title>Carnet colegial \/ certificado digital - COMT<\/title>\n<meta name=\"robots\" content=\"index, follow, max-snippet:-1, max-image-preview:large, max-video-preview:-1\" \/>\n<link rel=\"canonical\" href=\"https:\/\/comt.cat\/es\/carnet-collegial-certificat-digital\/\" \/>\n<meta property=\"og:locale\" content=\"es_ES\" \/>\n<meta property=\"og:type\" content=\"article\" \/>\n<meta property=\"og:title\" content=\"Carnet colegial \/ certificado digital - COMT\" \/>\n<meta property=\"og:url\" content=\"https:\/\/comt.cat\/es\/carnet-collegial-certificat-digital\/\" \/>\n<meta property=\"og:site_name\" content=\"COMT\" \/>\n<meta property=\"article:modified_time\" content=\"2026-01-08T11:52:46+00:00\" \/>\n<meta name=\"twitter:card\" content=\"summary_large_image\" \/>\n<meta name=\"twitter:label1\" content=\"Tiempo de lectura\" \/>\n\t<meta name=\"twitter:data1\" content=\"2 minutos\" \/>\n<script type=\"application\/ld+json\" class=\"yoast-schema-graph\">{\"@context\":\"https:\/\/schema.org\",\"@graph\":[{\"@type\":\"WebPage\",\"@id\":\"https:\/\/comt.cat\/es\/carnet-collegial-certificat-digital\/\",\"url\":\"https:\/\/comt.cat\/es\/carnet-collegial-certificat-digital\/\",\"name\":\"Carnet colegial \/ certificado digital - COMT\",\"isPartOf\":{\"@id\":\"https:\/\/comt.cat\/#website\"},\"datePublished\":\"2021-07-27T13:36:32+00:00\",\"dateModified\":\"2026-01-08T11:52:46+00:00\",\"breadcrumb\":{\"@id\":\"https:\/\/comt.cat\/es\/carnet-collegial-certificat-digital\/#breadcrumb\"},\"inLanguage\":\"es\",\"potentialAction\":[{\"@type\":\"ReadAction\",\"target\":[\"https:\/\/comt.cat\/es\/carnet-collegial-certificat-digital\/\"]}]},{\"@type\":\"BreadcrumbList\",\"@id\":\"https:\/\/comt.cat\/es\/carnet-collegial-certificat-digital\/#breadcrumb\",\"itemListElement\":[{\"@type\":\"ListItem\",\"position\":1,\"name\":\"Home\",\"item\":\"https:\/\/comt.cat\/es\/\"},{\"@type\":\"ListItem\",\"position\":2,\"name\":\"Carnet colegial \/ certificado digital\"}]},{\"@type\":\"WebSite\",\"@id\":\"https:\/\/comt.cat\/#website\",\"url\":\"https:\/\/comt.cat\/\",\"name\":\"COMT\",\"description\":\"Col\u00b7legi de Metges de Tarragona\",\"potentialAction\":[{\"@type\":\"SearchAction\",\"target\":{\"@type\":\"EntryPoint\",\"urlTemplate\":\"https:\/\/comt.cat\/?s={search_term_string}\"},\"query-input\":{\"@type\":\"PropertyValueSpecification\",\"valueRequired\":true,\"valueName\":\"search_term_string\"}}],\"inLanguage\":\"es\"}]}<\/script>\n<!-- \/ Yoast SEO plugin. -->","yoast_head_json":{"title":"Carnet colegial \/ certificado digital - COMT","robots":{"index":"index","follow":"follow","max-snippet":"max-snippet:-1","max-image-preview":"max-image-preview:large","max-video-preview":"max-video-preview:-1"},"canonical":"https:\/\/comt.cat\/es\/carnet-collegial-certificat-digital\/","og_locale":"es_ES","og_type":"article","og_title":"Carnet colegial \/ certificado digital - COMT","og_url":"https:\/\/comt.cat\/es\/carnet-collegial-certificat-digital\/","og_site_name":"COMT","article_modified_time":"2026-01-08T11:52:46+00:00","twitter_card":"summary_large_image","twitter_misc":{"Tiempo de lectura":"2 minutos"},"schema":{"@context":"https:\/\/schema.org","@graph":[{"@type":"WebPage","@id":"https:\/\/comt.cat\/es\/carnet-collegial-certificat-digital\/","url":"https:\/\/comt.cat\/es\/carnet-collegial-certificat-digital\/","name":"Carnet colegial \/ certificado digital - COMT","isPartOf":{"@id":"https:\/\/comt.cat\/#website"},"datePublished":"2021-07-27T13:36:32+00:00","dateModified":"2026-01-08T11:52:46+00:00","breadcrumb":{"@id":"https:\/\/comt.cat\/es\/carnet-collegial-certificat-digital\/#breadcrumb"},"inLanguage":"es","potentialAction":[{"@type":"ReadAction","target":["https:\/\/comt.cat\/es\/carnet-collegial-certificat-digital\/"]}]},{"@type":"BreadcrumbList","@id":"https:\/\/comt.cat\/es\/carnet-collegial-certificat-digital\/#breadcrumb","itemListElement":[{"@type":"ListItem","position":1,"name":"Home","item":"https:\/\/comt.cat\/es\/"},{"@type":"ListItem","position":2,"name":"Carnet colegial \/ certificado digital"}]},{"@type":"WebSite","@id":"https:\/\/comt.cat\/#website","url":"https:\/\/comt.cat\/","name":"COMT","description":"Col\u00b7legi de Metges de Tarragona","potentialAction":[{"@type":"SearchAction","target":{"@type":"EntryPoint","urlTemplate":"https:\/\/comt.cat\/?s={search_term_string}"},"query-input":{"@type":"PropertyValueSpecification","valueRequired":true,"valueName":"search_term_string"}}],"inLanguage":"es"}]}},"_links":{"self":[{"href":"https:\/\/comt.cat\/es\/wp-json\/wp\/v2\/pages\/11069","targetHints":{"allow":["GET"]}}],"collection":[{"href":"https:\/\/comt.cat\/es\/wp-json\/wp\/v2\/pages"}],"about":[{"href":"https:\/\/comt.cat\/es\/wp-json\/wp\/v2\/types\/page"}],"author":[{"embeddable":true,"href":"https:\/\/comt.cat\/es\/wp-json\/wp\/v2\/users\/1"}],"replies":[{"embeddable":true,"href":"https:\/\/comt.cat\/es\/wp-json\/wp\/v2\/comments?post=11069"}],"version-history":[{"count":16,"href":"https:\/\/comt.cat\/es\/wp-json\/wp\/v2\/pages\/11069\/revisions"}],"predecessor-version":[{"id":45620,"href":"https:\/\/comt.cat\/es\/wp-json\/wp\/v2\/pages\/11069\/revisions\/45620"}],"wp:attachment":[{"href":"https:\/\/comt.cat\/es\/wp-json\/wp\/v2\/media?parent=11069"}],"curies":[{"name":"wp","href":"https:\/\/api.w.org\/{rel}","templated":true}]}}