{"id":11071,"date":"2021-07-27T13:37:00","date_gmt":"2021-07-27T13:37:00","guid":{"rendered":"https:\/\/comt.quimeras.cat\/certificats-collegials\/"},"modified":"2023-04-13T14:48:04","modified_gmt":"2023-04-13T12:48:04","slug":"certificats-collegials","status":"publish","type":"page","link":"https:\/\/comt.cat\/es\/certificats-collegials\/","title":{"rendered":"Certificados colegiales"},"content":{"rendered":"\n\n\t<section class=\"section\" id=\"section_2030776190\">\n\t\t<div class=\"section-bg fill\" >\n\t\t\t\t\t\t\t\t\t\n\t\t\t\n\n\t\t<\/div>\n\n\t\t\n\n\t\t<div class=\"section-content relative\">\n\t\t\t\n\n\t<div id=\"gap-1762079599\" class=\"gap-element clearfix\" style=\"display:block; height:auto;\">\n\t\t\n<style>\n#gap-1762079599 {\n  padding-top: 30px;\n}\n<\/style>\n\t<\/div>\n\t\n\n<div class=\"row align-middle\"  id=\"row-1999946568\">\n\n\n\t<div id=\"col-787638729\" class=\"col medium-8 small-12 large-4\"  >\n\t\t\t\t<div class=\"col-inner\"  >\n\t\t\t\n\t\t\t\n\n\t<div id=\"text-2427897096\" class=\"text\">\n\t\t\n\n<h1>Certificados colegiales<\/h1>\n\t\t\n<style>\n#text-2427897096 {\n  font-size: 1.5rem;\n}\n<\/style>\n\t<\/div>\n\t\n\n\t\t<\/div>\n\t\t\t\t\t<\/div>\n\n\t\n\n\t<div id=\"col-1781038789\" class=\"col medium-12 small-12 large-8\"  >\n\t\t\t\t<div class=\"col-inner\"  >\n\t\t\t\n\t<div class=\"is-border\"\n\t\tstyle=\"border-color:rgb(126, 178, 233);border-width:0px 0px 0px 2px;\">\n\t<\/div>\n\t\t\t\n\n<p>El Colegio Oficial de M\u00e9dicos Tarragona emite diferentes certificados con los datos que constan al Registro de colegiados. La mayor parte de los certificados los podr\u00e1s descargar dentro de tu \u00e1rea privada, tal como se muestra a continuaci\u00f3n. Los certificados que no cuentan con el Disponible en tu \u00e1rea privada, los puedes solicitar por correo electr\u00f3nico al <a href=\"mailto:comt@comt.cat\">comt@comt.cat<\/a> y\/o de forma presencial en las oficinas del COMT.<\/p>\n<a href=\"https:\/\/comt.quimeras.cat\/es\/contacte\/\" class=\"button primary is-underline\" >\n\t\t<span>Contacto<\/span>\n\t<\/a>\n\n\n\n\t\t<\/div>\n\t\t\t\t\n<style>\n#col-1781038789 > .col-inner {\n  padding: 0px 0px 0px 30px;\n  margin: 0px 0px 0px 0px;\n}\n@media (min-width:850px) {\n  #col-1781038789 > .col-inner {\n    margin: 10px 0px 0px 0px;\n  }\n}\n<\/style>\n\t<\/div>\n\n\t\n\n<\/div>\n\n\t\t<\/div>\n\n\t\t\n<style>\n#section_2030776190 {\n  padding-top: 60px;\n  padding-bottom: 60px;\n  min-height: 400px;\n  background-color: rgb(251, 248, 243);\n}\n@media (min-width:550px) {\n  #section_2030776190 {\n    padding-top: 80px;\n    padding-bottom: 80px;\n  }\n}\n@media (min-width:850px) {\n  #section_2030776190 {\n    padding-top: 110px;\n    padding-bottom: 110px;\n  }\n}\n<\/style>\n\t<\/section>\n\t\n\n\t<section class=\"section\" id=\"section_289672756\">\n\t\t<div class=\"section-bg fill\" >\n\t\t\t\t\t\t\t\t\t\n\t\t\t\n\n\t\t<\/div>\n\n\t\t\n\n\t\t<div class=\"section-content relative\">\n\t\t\t\n\n<div class=\"row align-center\"  id=\"row-1039202351\">\n\n\n\t<div id=\"col-1435742092\" class=\"col medium-8 small-12 large-8\"  >\n\t\t\t\t<div class=\"col-inner text-center\"  >\n\t\t\t\n\t\t\t\n\n<h2>Tipos de certificados<\/h2>\n\n\t\t<\/div>\n\t\t\t\t\n<style>\n#col-1435742092 > .col-inner {\n  padding: 0px 0px 10px 0px;\n}\n<\/style>\n\t<\/div>\n\n\t\n\n<\/div>\n<div class=\"row row-large align-center\"  id=\"row-632477674\">\n\n\n\t<div id=\"col-305179719\" class=\"col medium-6 small-12 large-4\"  >\n\t\t\t\t<div class=\"col-inner\"  >\n\t\t\t\n\t\t\t\n\n\n\t\t<div class=\"icon-box featured-box icon-box-center text-center\"  >\n\t\t\t\t\t<div class=\"icon-box-img\" style=\"width: 36px\">\n\t\t\t\t<div class=\"icon\">\n\t\t\t\t\t<div class=\"icon-inner\" style=\"color:rgb(87, 111, 150);\">\n\t\t\t\t\t\t<?xml version=\"1.0\" encoding=\"utf-8\"?>\n<!-- Generator: Adobe Illustrator 25.4.1, SVG Export Plug-In . SVG Version: 6.00 Build 0)  -->\n<svg version=\"1.1\" id=\"Capa_1\" xmlns=\"http:\/\/www.w3.org\/2000\/svg\" xmlns:xlink=\"http:\/\/www.w3.org\/1999\/xlink\" x=\"0px\" y=\"0px\"\n\t viewBox=\"0 0 48 48\" style=\"enable-background:new 0 0 48 48;\" xml:space=\"preserve\">\n<g transform=\"matrix(2,0,0,2,0,0)\">\n\t<g>\n\t\t<path d=\"M12,6.9c-1.9,0-3.4-1.5-3.4-3.4C8.6,1.5,10.1,0,12,0s3.4,1.5,3.4,3.4C15.5,5.3,13.9,6.9,12,6.9z M12,1.5\n\t\t\tc-1.1,0-1.9,0.9-1.9,1.9S11,5.4,12,5.4c1.1,0,1.9-0.9,1.9-1.9S13.1,1.5,12,1.5z\"\/>\n\t<\/g>\n\t<g>\n\t\t<path d=\"M17,15.9c-0.1,0-0.2,0-0.3,0c-0.4-0.1-0.6-0.6-0.5-1c0-0.1,0.1-0.3,0.1-0.4c0-0.3-0.1-0.6-0.3-0.8\n\t\t\tc-0.2-0.2-0.5-0.3-0.8-0.3c-0.4,0-0.8-0.3-0.8-0.7c0-0.4,0.3-0.8,0.7-0.8c0.7,0,1.4,0.3,1.9,0.7c0.5,0.5,0.8,1.1,0.8,1.9\n\t\t\tc0,0.3,0,0.6-0.2,0.9C17.6,15.7,17.3,15.9,17,15.9z\"\/>\n\t<\/g>\n\t<g>\n\t\t<path d=\"M12,24c-0.4,0-0.8-0.3-0.8-0.8V6.1c0-0.4,0.3-0.8,0.8-0.8s0.8,0.3,0.8,0.8v17.1C12.8,23.7,12.4,24,12,24z\"\/>\n\t<\/g>\n\t<g>\n\t\t<path d=\"M17.9,10c-0.8,0-1.6-0.1-2.5-0.5c-0.4-0.1-0.6-0.6-0.4-1s0.6-0.6,1-0.4c3,1.2,5.1-0.6,5.6-1.1c0.8-0.8,1-1.5,1-1.7\n\t\t\tc0,0-0.1,0-0.1,0h-7.9c-0.4,0-0.8-0.3-0.8-0.8s0.3-0.7,0.8-0.7h7.9c0.7,0,1.3,0.3,1.5,0.9c0.4,0.9-0.1,2.2-1.2,3.3\n\t\t\tC21.6,9,19.9,10,17.9,10z M22.5,5.3L22.5,5.3L22.5,5.3z\"\/>\n\t<\/g>\n\t<g>\n\t\t<path d=\"M6.2,10c-2,0-3.7-0.9-4.8-2.1C0.3,6.8-0.2,5.5,0.2,4.6C0.4,4.1,1,3.8,1.7,3.8h7.9c0.4,0,0.8,0.3,0.8,0.7S10,5.3,9.6,5.3\n\t\t\tH1.7c-0.1,0-0.1,0-0.1,0c0,0.2,0.2,0.9,1,1.7c0.6,0.6,2.6,2.3,5.6,1.1c0.4-0.1,0.8,0,1,0.4c0.1,0.4,0,0.8-0.4,1\n\t\t\tC7.8,9.8,7,10,6.2,10z\"\/>\n\t<\/g>\n\t<g>\n\t\t<path d=\"M9.4,24c-0.2,0-0.4-0.1-0.5-0.2c-0.5-0.5-0.8-1.1-0.8-1.8c0-0.6,0.2-1.2,0.7-1.7c0.4-0.5,1-0.7,1.7-0.7H14\n\t\t\tc0.6,0,1.2-0.5,1.2-1.2c0-0.3-0.1-0.6-0.3-0.8s-0.5-0.3-0.8-0.3H8.8c-1.5,0-2.7-1.2-2.7-2.7c0-1.5,1.2-2.6,2.7-2.6\n\t\t\tc0.4,0,0.7,0.3,0.7,0.8c0,0.4-0.3,0.8-0.8,0.7c0,0,0,0,0,0c-0.6,0-1.1,0.5-1.1,1.1c0,0.7,0.5,1.2,1.2,1.2l5.1,0\n\t\t\tc0.7,0,1.4,0.3,1.9,0.8s0.8,1.2,0.8,1.9c0,1.5-1.2,2.7-2.7,2.7h-3.5c-0.2,0-0.4,0.1-0.6,0.3S9.6,21.7,9.6,22\n\t\t\tc0,0.3,0.1,0.5,0.3,0.7c0.3,0.3,0.3,0.8,0,1.1C9.8,23.9,9.6,24,9.4,24z\"\/>\n\t<\/g>\n<\/g>\n<\/svg>\n\t\t\t\t\t<\/div>\n\t\t\t\t<\/div>\n\t\t\t<\/div>\n\t\t\t\t<div class=\"icon-box-text last-reset\">\n\t\t\t\t\t\t\t\t\t\n\n<h3>Certificado de colegiaci\u00f3n<\/h3>\n<p>Te acredita como m\u00e9dico\/a colegiado y tu condici\u00f3n de profesional en ejercicio.<\/p>\n\t<div id=\"gap-2021026167\" class=\"gap-element clearfix\" style=\"display:block; height:auto;\">\n\t\t\n<style>\n#gap-2021026167 {\n  padding-top: 17px;\n}\n<\/style>\n\t<\/div>\n\t\n\n<a href=\"https:\/\/comt.quimeras.cat\/el-meu-compte\/\" class=\"button secondary is-underline\" >\n\t\t<span>Disponible en tu \u00e1rea privada<\/span>\n\t<\/a>\n\n\n\n\t\t<\/div>\n\t<\/div>\n\t\n\t\n\n\t\t<\/div>\n\t\t\t\t\t<\/div>\n\n\t\n\n\t<div id=\"col-1434136045\" class=\"col medium-6 small-12 large-4\"  >\n\t\t\t\t<div class=\"col-inner\"  >\n\t\t\t\n\t\t\t\n\n\n\t\t<div class=\"icon-box featured-box icon-box-center text-center\"  >\n\t\t\t\t\t<div class=\"icon-box-img\" style=\"width: 36px\">\n\t\t\t\t<div class=\"icon\">\n\t\t\t\t\t<div class=\"icon-inner\" style=\"color:rgb(87, 111, 150);\">\n\t\t\t\t\t\t<?xml version=\"1.0\" encoding=\"utf-8\"?>\n<!-- Generator: Adobe Illustrator 25.4.1, SVG Export Plug-In . SVG Version: 6.00 Build 0)  -->\n<svg version=\"1.1\" id=\"Capa_1\" xmlns=\"http:\/\/www.w3.org\/2000\/svg\" xmlns:xlink=\"http:\/\/www.w3.org\/1999\/xlink\" x=\"0px\" y=\"0px\"\n\t viewBox=\"0 0 48 48\" style=\"enable-background:new 0 0 48 48;\" xml:space=\"preserve\">\n<g transform=\"matrix(2,0,0,2,0,0)\">\n\t<g>\n\t\t<path d=\"M11.2,18H0.8C0.3,18,0,17.7,0,17.3V0.8C0,0.3,0.3,0,0.8,0h22.5C23.7,0,24,0.3,24,0.8v4.5C24,5.7,23.7,6,23.2,6\n\t\t\ts-0.8-0.3-0.8-0.8V1.5h-21v15h9.8c0.4,0,0.8,0.3,0.8,0.8S11.7,18,11.2,18z\"\/>\n\t<\/g>\n\t<g>\n\t\t<path d=\"M8.2,18c-0.2,0-0.4-0.1-0.5-0.2l-7.5-7.5c-0.3-0.3-0.3-0.8,0-1.1c0.3-0.3,0.8-0.3,1.1,0l7.5,7.5c0.3,0.3,0.3,0.8,0,1.1\n\t\t\tC8.6,17.9,8.4,18,8.2,18z\"\/>\n\t<\/g>\n\t<g>\n\t\t<path d=\"M20.2,6c-0.2,0-0.4-0.1-0.5-0.2l-4.5-4.5c-0.3-0.3-0.3-0.8,0-1.1c0.3-0.3,0.8-0.3,1.1,0l4.5,4.5c0.3,0.3,0.3,0.8,0,1.1\n\t\t\tC20.6,5.9,20.4,6,20.2,6z\"\/>\n\t<\/g>\n\t<g>\n\t\t<path d=\"M16.2,24c-0.1,0-0.2,0-0.3,0c-0.8-0.1-1.4-0.9-1.2-1.7l0.8-5.8c0.1-0.4,0.4-0.7,0.8-0.6c0.4,0.1,0.7,0.4,0.6,0.8l-0.8,5.9\n\t\t\tl2-2c0.3-0.3,0.8-0.3,1.1,0l2,2.1l-0.8-5.9c-0.1-0.4,0.2-0.8,0.6-0.8c0.4-0.1,0.8,0.2,0.8,0.6l0.8,5.9c0.1,0.5-0.1,0.9-0.4,1.3\n\t\t\tc-0.6,0.6-1.5,0.6-2.1,0L18.8,22l-1.5,1.5C17,23.8,16.6,24,16.2,24z\"\/>\n\t<\/g>\n\t<g>\n\t\t<path d=\"M18.8,18c-2.9,0-5.2-2.4-5.2-5.2s2.4-5.3,5.2-5.3S24,9.9,24,12.8S21.6,18,18.8,18z M18.8,9c-2.1,0-3.8,1.7-3.8,3.8\n\t\t\ts1.7,3.8,3.8,3.8s3.8-1.7,3.8-3.8S20.8,9,18.8,9z\"\/>\n\t<\/g>\n\t<g>\n\t\t<path d=\"M0.8,9C0.6,9,0.4,8.9,0.2,8.8c-0.3-0.3-0.3-0.8,0-1.1l7.5-7.5c0.3-0.3,0.8-0.3,1.1,0c0.3,0.3,0.3,0.8,0,1.1L1.3,8.8\n\t\t\tC1.1,8.9,0.9,9,0.8,9z\"\/>\n\t<\/g>\n\t<g>\n\t\t<path d=\"M18.8,13.1c-0.2,0-0.4-0.1-0.5-0.2c-0.1-0.1-0.2-0.3-0.2-0.5c0-0.2,0.1-0.4,0.2-0.5c0.2-0.2,0.4-0.3,0.7-0.2\n\t\t\tc0,0,0.1,0,0.1,0c0,0,0.1,0,0.1,0.1c0,0,0.1,0.1,0.1,0.1c0.1,0.1,0.2,0.3,0.2,0.5c0,0.1,0,0.1,0,0.1c0,0,0,0.1,0,0.1\n\t\t\tc0,0,0,0.1-0.1,0.1c0,0-0.1,0.1-0.1,0.1c0,0-0.1,0.1-0.1,0.1c0,0-0.1,0.1-0.1,0.1c0,0-0.1,0-0.1,0C18.9,13.1,18.8,13.1,18.8,13.1z\n\t\t\t\"\/>\n\t<\/g>\n\t<g>\n\t\t<path d=\"M18.8,13.9c-0.6,0-1.1-0.5-1.1-1.1c0-0.6,0.5-1.1,1.1-1.1s1.1,0.5,1.1,1.1C19.9,13.4,19.4,13.9,18.8,13.9z M18.8,12.4\n\t\t\tc-0.2,0-0.4,0.2-0.4,0.4s0.2,0.4,0.4,0.4s0.4-0.2,0.4-0.4S19,12.4,18.8,12.4z\"\/>\n\t<\/g>\n<\/g>\n<\/svg>\n\t\t\t\t\t<\/div>\n\t\t\t\t<\/div>\n\t\t\t<\/div>\n\t\t\t\t<div class=\"icon-box-text last-reset\">\n\t\t\t\t\t\t\t\t\t\n\n<h3>Certificado t\u00edtulo especialista<\/h3>\n<p>Te acredita como m\u00e9dico\/a colegiado, tu condici\u00f3n de profesional en ejercicio e indica tu especialidad registrada en el COMT.<\/p>\n\n\t<div id=\"gap-959554520\" class=\"gap-element clearfix\" style=\"display:block; height:auto;\">\n\t\t\n<style>\n#gap-959554520 {\n  padding-top: 17px;\n}\n<\/style>\n\t<\/div>\n\t\n\n<a href=\"https:\/\/comt.quimeras.cat\/el-meu-compte\/\" class=\"button secondary is-underline\" >\n\t\t<span>Disponible en la teva \u00e0rea privada<\/span>\n\t<\/a>\n\n\n\n\t\t<\/div>\n\t<\/div>\n\t\n\t\n\n\t\t<\/div>\n\t\t\t\t\t<\/div>\n\n\t\n\n\t<div id=\"col-1924021096\" class=\"col medium-6 small-12 large-4\"  >\n\t\t\t\t<div class=\"col-inner\"  >\n\t\t\t\n\t\t\t\n\n\n\t\t<div class=\"icon-box featured-box icon-box-center text-center\"  >\n\t\t\t\t\t<div class=\"icon-box-img\" style=\"width: 36px\">\n\t\t\t\t<div class=\"icon\">\n\t\t\t\t\t<div class=\"icon-inner\" style=\"color:rgb(87, 111, 150);\">\n\t\t\t\t\t\t<?xml version=\"1.0\" encoding=\"utf-8\"?>\n<!-- Generator: Adobe Illustrator 25.4.1, SVG Export Plug-In . SVG Version: 6.00 Build 0)  -->\n<svg version=\"1.1\" id=\"Capa_1\" xmlns=\"http:\/\/www.w3.org\/2000\/svg\" xmlns:xlink=\"http:\/\/www.w3.org\/1999\/xlink\" x=\"0px\" y=\"0px\"\n\t viewBox=\"0 0 48 48\" style=\"enable-background:new 0 0 48 48;\" xml:space=\"preserve\">\n<g transform=\"matrix(2,0,0,2,0,0)\">\n\t<g>\n\t\t<g>\n\t\t\t<path d=\"M23.2,24c-0.4,0-0.8-0.3-0.8-0.8c0-3.6-2.2-6.9-5.5-8.3c-0.4-0.2-0.6-0.6-0.4-1s0.6-0.6,1-0.4c3.9,1.6,6.5,5.4,6.5,9.7\n\t\t\t\tC24,23.7,23.7,24,23.2,24z\"\/>\n\t\t<\/g>\n\t\t<g>\n\t\t\t<path d=\"M3.8,24C3.7,24,3.7,24,3.8,24C3.3,24,3,23.7,3,23.2c0-2.8,1.2-5.6,3.2-7.5c0.3-0.3,0.8-0.3,1.1,0c0.3,0.3,0.3,0.8,0,1.1\n\t\t\t\tc-1.8,1.7-2.8,4-2.8,6.5C4.5,23.7,4.2,24,3.8,24z\"\/>\n\t\t<\/g>\n\t\t<g>\n\t\t\t<path d=\"M13.5,19.5C11,19.5,9,17.5,9,15v-2.2C9,12.3,9.3,12,9.8,12s0.8,0.3,0.8,0.8V15c0,1.7,1.3,3,3,3s3-1.3,3-3v-2.2\n\t\t\t\tc0-0.4,0.3-0.8,0.8-0.8s0.8,0.3,0.8,0.8V15C18,17.5,16,19.5,13.5,19.5z\"\/>\n\t\t<\/g>\n\t\t<g>\n\t\t\t<path d=\"M2.8,12.5C1.2,12.5,0,11.3,0,9.8S1.2,7,2.8,7s2.8,1.2,2.8,2.8S4.3,12.5,2.8,12.5z M2.8,8.5c-0.7,0-1.2,0.6-1.2,1.2\n\t\t\t\tS2.1,11,2.8,11S4,10.4,4,9.8S3.4,8.5,2.8,8.5z\"\/>\n\t\t<\/g>\n\t\t<g>\n\t\t\t<path d=\"M11.2,24H9c-1.7,0-3-1.3-3-3v-8.2c0-1-0.6-1.8-1.5-2.1c-0.4-0.1-0.6-0.6-0.5-1c0.1-0.4,0.6-0.6,1-0.5\n\t\t\t\tc1.5,0.5,2.5,2,2.5,3.5V21c0,0.8,0.7,1.5,1.5,1.5h2.3c0.8,0,1.5-0.7,1.5-1.5v-2.2c0-0.4,0.3-0.8,0.8-0.8s0.8,0.3,0.8,0.8V21\n\t\t\t\tC14.2,22.7,12.9,24,11.2,24z\"\/>\n\t\t<\/g>\n\t\t<g>\n\t\t\t<g>\n\t\t\t\t<path d=\"M13.5,12c-3.3,0-6-2.7-6-6s2.7-6,6-6c3.3,0,6,2.7,6,6S16.8,12,13.5,12z M13.5,1.5C11,1.5,9,3.5,9,6s2,4.5,4.5,4.5\n\t\t\t\t\tc2.5,0,4.5-2,4.5-4.5S16,1.5,13.5,1.5z\"\/>\n\t\t\t<\/g>\n\t\t\t<g>\n\t\t\t\t<path d=\"M15.3,6.8C15.3,6.8,15.3,6.8,15.3,6.8c-2.6,0-5-1.1-6.8-2.9c-0.3-0.3-0.3-0.8,0-1.1c0.3-0.3,0.8-0.3,1.1,0\n\t\t\t\t\tc1.5,1.5,3.6,2.4,5.7,2.4c1.1,0,2.1-0.2,3.1-0.6c0.4-0.2,0.8,0,1,0.4c0.2,0.4,0,0.8-0.4,1C17.8,6.5,16.6,6.8,15.3,6.8z\"\/>\n\t\t\t<\/g>\n\t\t<\/g>\n\t<\/g>\n<\/g>\n<\/svg>\n\t\t\t\t\t<\/div>\n\t\t\t\t<\/div>\n\t\t\t<\/div>\n\t\t\t\t<div class=\"icon-box-text last-reset\">\n\t\t\t\t\t\t\t\t\t\n\n<h3>Certificado de buena praxis<\/h3>\n<p>Te acredita como m\u00e9dico\/a colegiado indicando que no has sido sancionado ni inhabilidad por resoluci\u00f3n colegial o judicial.<\/p>\n\n\t\t<\/div>\n\t<\/div>\n\t\n\t\n\n\t\t<\/div>\n\t\t\t\t\t<\/div>\n\n\t\n\n\t<div id=\"col-1303001629\" class=\"col medium-6 small-12 large-4\"  >\n\t\t\t\t<div class=\"col-inner\"  >\n\t\t\t\n\t\t\t\n\n\n\t\t<div class=\"icon-box featured-box icon-box-center text-center\"  >\n\t\t\t\t\t<div class=\"icon-box-img\" style=\"width: 36px\">\n\t\t\t\t<div class=\"icon\">\n\t\t\t\t\t<div class=\"icon-inner\" style=\"color:rgb(87, 111, 150);\">\n\t\t\t\t\t\t<?xml version=\"1.0\" encoding=\"utf-8\"?>\n<!-- Generator: Adobe Illustrator 25.4.1, SVG Export Plug-In . SVG Version: 6.00 Build 0)  -->\n<svg version=\"1.1\" id=\"Capa_1\" xmlns=\"http:\/\/www.w3.org\/2000\/svg\" xmlns:xlink=\"http:\/\/www.w3.org\/1999\/xlink\" x=\"0px\" y=\"0px\"\n\t viewBox=\"0 0 48 48\" style=\"enable-background:new 0 0 48 48;\" xml:space=\"preserve\">\n<g transform=\"matrix(2,0,0,2,0,0)\">\n\t<g>\n\t\t<path d=\"M15,24H4.5c-0.4,0-0.8-0.3-0.8-0.8s0.3-0.8,0.8-0.8C5.3,22.5,6,21.8,6,21v-2.2C6,18.3,6.3,18,6.8,18s0.8,0.3,0.8,0.8V21\n\t\t\tc0,0.5-0.1,1.1-0.4,1.5H15c0.8,0,1.5-0.7,1.5-1.5V3.9c0-1.3,0.9-3.9,3.8-3.9C22.3,0,24,1.7,24,3.8v3c0,0.4-0.3,0.8-0.8,0.8H18V21\n\t\t\tC18,22.7,16.7,24,15,24z M18,6h4.5V3.8c0-1.2-1-2.2-2.2-2.2c-2.2,0-2.2,2.4-2.2,2.4V6z\"\/>\n\t<\/g>\n\t<g>\n\t\t<path d=\"M20.2,1.5h-9c-0.4,0-0.8-0.3-0.8-0.8S10.8,0,11.2,0h9C20.7,0,21,0.3,21,0.8S20.7,1.5,20.2,1.5z\"\/>\n\t<\/g>\n\t<g>\n\t\t<path d=\"M2.7,16.5c-0.1,0-0.2,0-0.3,0c-0.8-0.1-1.4-0.9-1.2-1.7L2,8.9c0.1-0.4,0.4-0.7,0.8-0.6c0.4,0.1,0.7,0.4,0.6,0.8L2.7,15\n\t\t\tl2-2c0.3-0.3,0.8-0.3,1.1,0L7.8,15L7,9.1C7,8.7,7.3,8.3,7.7,8.2c0.4-0.1,0.8,0.2,0.8,0.6l0.8,5.9c0.1,0.5-0.1,0.9-0.4,1.3\n\t\t\tc-0.6,0.6-1.5,0.6-2.1,0l-1.5-1.5l-1.5,1.5C3.4,16.3,3.1,16.5,2.7,16.5z\"\/>\n\t<\/g>\n\t<g>\n\t\t<path d=\"M5.2,10.5C2.4,10.5,0,8.1,0,5.3S2.4,0,5.2,0s5.2,2.4,5.2,5.2S8.1,10.5,5.2,10.5z M5.2,1.5c-2.1,0-3.8,1.7-3.8,3.7\n\t\t\tS3.2,9,5.2,9S9,7.3,9,5.3S7.3,1.5,5.2,1.5z\"\/>\n\t<\/g>\n\t<g>\n\t\t<path d=\"M5.2,5.6C5,5.6,4.9,5.5,4.7,5.4C4.6,5.3,4.5,5.1,4.5,4.9c0-0.2,0.1-0.4,0.2-0.5c0.3-0.3,0.8-0.3,1.1,0\n\t\t\tC5.9,4.5,6,4.7,6,4.9C6,4.9,6,5,6,5c0,0.1,0,0.1,0,0.1c0,0,0,0.1-0.1,0.1c0,0-0.1,0.1-0.1,0.1C5.6,5.5,5.4,5.6,5.2,5.6z\"\/>\n\t<\/g>\n\t<g>\n\t\t<path d=\"M5.2,6.4c-0.6,0-1.1-0.5-1.1-1.1s0.5-1.1,1.1-1.1s1.1,0.5,1.1,1.1S5.9,6.4,5.2,6.4z M5.2,4.9C5,4.9,4.9,5,4.9,5.3\n\t\t\tS5,5.6,5.2,5.6s0.4-0.2,0.4-0.4S5.5,4.9,5.2,4.9z\"\/>\n\t<\/g>\n<\/g>\n<\/svg>\n\t\t\t\t\t<\/div>\n\t\t\t\t<\/div>\n\t\t\t<\/div>\n\t\t\t\t<div class=\"icon-box-text last-reset\">\n\t\t\t\t\t\t\t\t\t\n\n<h3>Certificado de sociedad profesional<\/h3>\n<p>Acredita que la sociedad profesional est\u00e1 inscrita al Registro de Sociedades Profesionales del COMT.<\/p>\n\t<div id=\"gap-822928074\" class=\"gap-element clearfix\" style=\"display:block; height:auto;\">\n\t\t\n<style>\n#gap-822928074 {\n  padding-top: 17px;\n}\n<\/style>\n\t<\/div>\n\t\n\n<a href=\"https:\/\/comt.quimeras.cat\/el-meu-compte\/\" class=\"button secondary is-underline\" >\n\t\t<span>Disponible en tu \u00e1rea privada<\/span>\n\t<\/a>\n\n\n\n\t\t<\/div>\n\t<\/div>\n\t\n\t\n\n\t\t<\/div>\n\t\t\t\t\t<\/div>\n\n\t\n\n\t<div id=\"col-1072465221\" class=\"col medium-6 small-12 large-4\"  >\n\t\t\t\t<div class=\"col-inner text-center\"  >\n\t\t\t\n\t\t\t\n\n\n\t\t<div class=\"icon-box featured-box icon-box-center text-center\"  >\n\t\t\t\t\t<div class=\"icon-box-img\" style=\"width: 36px\">\n\t\t\t\t<div class=\"icon\">\n\t\t\t\t\t<div class=\"icon-inner\" style=\"color:rgb(87, 111, 150);\">\n\t\t\t\t\t\t<?xml version=\"1.0\" encoding=\"utf-8\"?>\n<!-- Generator: Adobe Illustrator 25.4.1, SVG Export Plug-In . SVG Version: 6.00 Build 0)  -->\n<svg version=\"1.1\" id=\"Capa_1\" xmlns=\"http:\/\/www.w3.org\/2000\/svg\" xmlns:xlink=\"http:\/\/www.w3.org\/1999\/xlink\" x=\"0px\" y=\"0px\"\n\t viewBox=\"0 0 48 48\" style=\"enable-background:new 0 0 48 48;\" xml:space=\"preserve\">\n<g transform=\"matrix(2,0,0,2,0,0)\">\n\t<g>\n\t\t<path d=\"M14.2,7.5H3.8C3.3,7.5,3,7.2,3,6.8S3.3,6,3.8,6h10.5C14.7,6,15,6.3,15,6.8S14.7,7.5,14.2,7.5z\"\/>\n\t<\/g>\n\t<g>\n\t\t<path d=\"M7.5,12H3.8C3.3,12,3,11.7,3,11.2s0.3-0.8,0.8-0.8h3.8c0.4,0,0.8,0.3,0.8,0.8S7.9,12,7.5,12z\"\/>\n\t<\/g>\n\t<g>\n\t\t<path d=\"M7.5,16.5H3.8c-0.4,0-0.8-0.3-0.8-0.8S3.3,15,3.8,15h3.8c0.4,0,0.8,0.3,0.8,0.8S7.9,16.5,7.5,16.5z\"\/>\n\t<\/g>\n\t<g>\n\t\t<path d=\"M7.5,21H2.2C1,21,0,20,0,18.8V2.2C0,1,1,0,2.2,0h10.6c0.6,0,1.2,0.2,1.6,0.7l2.9,2.9C17.8,4,18,4.5,18,5.1v2.4\n\t\t\tc0,0.4-0.3,0.8-0.8,0.8s-0.8-0.3-0.8-0.8V5.1c0-0.2-0.1-0.4-0.2-0.5l-2.9-2.9c-0.1-0.1-0.3-0.2-0.5-0.2H2.2\n\t\t\tc-0.4,0-0.8,0.3-0.8,0.8v16.5c0,0.4,0.3,0.8,0.8,0.8h5.2c0.4,0,0.8,0.3,0.8,0.8S7.9,21,7.5,21z\"\/>\n\t<\/g>\n\t<g>\n\t\t<path d=\"M15.8,21.8c-3.3,0-6-2.7-6-6c0-3.3,2.7-6,6-6s6,2.7,6,6C21.8,19.1,19.1,21.8,15.8,21.8z M15.8,11.2c-2.5,0-4.5,2-4.5,4.5\n\t\t\ts2,4.5,4.5,4.5s4.5-2,4.5-4.5S18.2,11.2,15.8,11.2z\"\/>\n\t<\/g>\n\t<g>\n\t\t<path d=\"M23.2,24c-0.2,0-0.4-0.1-0.5-0.2L18.9,20c-0.3-0.3-0.3-0.8,0-1.1c0.3-0.3,0.8-0.3,1.1,0l3.8,3.8c0.3,0.3,0.3,0.8,0,1.1\n\t\t\tC23.6,23.9,23.4,24,23.2,24z\"\/>\n\t<\/g>\n<\/g>\n<\/svg>\n\t\t\t\t\t<\/div>\n\t\t\t\t<\/div>\n\t\t\t<\/div>\n\t\t\t\t<div class=\"icon-box-text last-reset\">\n\t\t\t\t\t\t\t\t\t\n\n<h3>Certificado para la declaraci\u00f3n de la renta<\/h3>\n<p>Se detallan los importes satisfechos a la corporaci\u00f3n y que son de utilidad por la declaraci\u00f3n del IRPF.<\/p>\n\n\t\t<\/div>\n\t<\/div>\n\t\n\t\n\t<div id=\"gap-571194471\" class=\"gap-element clearfix\" style=\"display:block; height:auto;\">\n\t\t\n<style>\n#gap-571194471 {\n  padding-top: 17px;\n}\n<\/style>\n\t<\/div>\n\t\n\n<a href=\"https:\/\/comt.quimeras.cat\/el-meu-compte\/\" class=\"button secondary is-underline\" >\n\t\t<span>Disponible en tu \u00e1rea privada<\/span>\n\t<\/a>\n\n\n\n\t\t<\/div>\n\t\t\t\t\t<\/div>\n\n\t\n\n\t<div id=\"col-1937977438\" class=\"col medium-6 small-12 large-4\"  >\n\t\t\t\t<div class=\"col-inner\"  >\n\t\t\t\n\t\t\t\n\n\n\t\t<div class=\"icon-box featured-box icon-box-center text-center\"  >\n\t\t\t\t\t<div class=\"icon-box-img\" style=\"width: 36px\">\n\t\t\t\t<div class=\"icon\">\n\t\t\t\t\t<div class=\"icon-inner\" style=\"color:rgb(87, 111, 150);\">\n\t\t\t\t\t\t<?xml version=\"1.0\" encoding=\"utf-8\"?>\n<!-- Generator: Adobe Illustrator 25.4.1, SVG Export Plug-In . SVG Version: 6.00 Build 0)  -->\n<svg version=\"1.1\" id=\"Capa_1\" xmlns=\"http:\/\/www.w3.org\/2000\/svg\" xmlns:xlink=\"http:\/\/www.w3.org\/1999\/xlink\" x=\"0px\" y=\"0px\"\n\t viewBox=\"0 0 48 48\" style=\"enable-background:new 0 0 48 48;\" xml:space=\"preserve\">\n<g transform=\"matrix(2,0,0,2,0,0)\">\n\t<g>\n\t\t<path d=\"M22.5,24H6c-0.4,0-0.8-0.3-0.8-0.8s0.3-0.8,0.8-0.8h2.2v-6.8c0-1.2,1-2.2,2.2-2.2H21c1.2,0,2.2,1,2.2,2.2v7.5\n\t\t\tC23.2,23.7,22.9,24,22.5,24z M9.8,22.5h12v-6.8c0-0.4-0.3-0.8-0.8-0.8H10.5c-0.4,0-0.8,0.3-0.8,0.8V22.5z\"\/>\n\t<\/g>\n\t<g>\n\t\t<path d=\"M1.5,24c-0.4,0-0.8-0.3-0.8-0.8V9.8C0.8,9.3,1.1,9,1.5,9s0.8,0.3,0.8,0.8v13.5C2.2,23.7,1.9,24,1.5,24z\"\/>\n\t<\/g>\n\t<g>\n\t\t<path d=\"M13.5,15c-0.4,0-0.8-0.3-0.8-0.8v-3.7c0-0.4,0.3-0.8,0.8-0.8s0.8,0.3,0.8,0.8v3.7C14.2,14.7,13.9,15,13.5,15z\"\/>\n\t<\/g>\n\t<g>\n\t\t<path d=\"M7.5,10.5c-2.9,0-5.2-2.4-5.2-5.2S4.6,0,7.5,0s5.2,2.4,5.2,5.2S10.4,10.5,7.5,10.5z M7.5,1.5c-2.1,0-3.8,1.7-3.8,3.7\n\t\t\tS5.4,9,7.5,9s3.8-1.7,3.8-3.8S9.6,1.5,7.5,1.5z\"\/>\n\t<\/g>\n\t<g>\n\t\t<path d=\"M7.5,7.5c-0.4,0-0.8-0.3-0.8-0.8v-3C6.8,3.3,7.1,3,7.5,3s0.8,0.3,0.8,0.8v3C8.2,7.2,7.9,7.5,7.5,7.5z\"\/>\n\t<\/g>\n\t<g>\n\t\t<path d=\"M9,6H6C5.6,6,5.2,5.7,5.2,5.3S5.6,4.5,6,4.5h3c0.4,0,0.8,0.3,0.8,0.8S9.4,6,9,6z\"\/>\n\t<\/g>\n\t<g>\n\t\t<path d=\"M6,15H4.5c-0.4,0-0.8-0.3-0.8-0.8s0.3-0.8,0.8-0.8H6c0.4,0,0.8,0.3,0.8,0.8S6.4,15,6,15z\"\/>\n\t<\/g>\n\t<g>\n\t\t<path d=\"M6,19.5H4.5c-0.4,0-0.8-0.3-0.8-0.8S4.1,18,4.5,18H6c0.4,0,0.8,0.3,0.8,0.8S6.4,19.5,6,19.5z\"\/>\n\t<\/g>\n\t<g>\n\t\t<path d=\"M14.2,21h-1.5c-0.4,0-0.8-0.3-0.8-0.8s0.3-0.8,0.8-0.8h1.5c0.4,0,0.8,0.3,0.8,0.8S14.7,21,14.2,21z\"\/>\n\t<\/g>\n\t<g>\n\t\t<path d=\"M18.8,21h-1.5c-0.4,0-0.8-0.3-0.8-0.8s0.3-0.8,0.8-0.8h1.5c0.4,0,0.8,0.3,0.8,0.8S19.2,21,18.8,21z\"\/>\n\t<\/g>\n\t<g>\n\t\t<path d=\"M14.2,18h-1.5c-0.4,0-0.8-0.3-0.8-0.8s0.3-0.8,0.8-0.8h1.5c0.4,0,0.8,0.3,0.8,0.8S14.7,18,14.2,18z\"\/>\n\t<\/g>\n\t<g>\n\t\t<path d=\"M18.8,18h-1.5c-0.4,0-0.8-0.3-0.8-0.8s0.3-0.8,0.8-0.8h1.5c0.4,0,0.8,0.3,0.8,0.8S19.2,18,18.8,18z\"\/>\n\t<\/g>\n<\/g>\n<\/svg>\n\t\t\t\t\t<\/div>\n\t\t\t\t<\/div>\n\t\t\t<\/div>\n\t\t\t\t<div class=\"icon-box-text last-reset\">\n\t\t\t\t\t\t\t\t\t\n\n<h3>Legalizaci\u00f3n firma certificado para Centros de revisiones m\u00e9dicas<\/h3>\n<p>Acredita la firma del profesional colegiado.<\/p>\n\n\t\t<\/div>\n\t<\/div>\n\t\n\t\n\n\t\t<\/div>\n\t\t\t\t\t<\/div>\n\n\t\n\n<\/div>\n\n\t\t<\/div>\n\n\t\t\n<style>\n#section_289672756 {\n  padding-top: 119px;\n  padding-bottom: 119px;\n  background-color: rgb(255,255,255);\n}\n<\/style>\n\t<\/section>\n\t\n","protected":false},"excerpt":{"rendered":"","protected":false},"author":1,"featured_media":0,"parent":0,"menu_order":0,"comment_status":"closed","ping_status":"closed","template":"page-blank.php","meta":{"footnotes":""},"class_list":["post-11071","page","type-page","status-publish","hentry"],"yoast_head":"<!-- This site is optimized with the Yoast SEO plugin v27.3 - https:\/\/yoast.com\/product\/yoast-seo-wordpress\/ -->\n<title>Certificados colegiales - COMT<\/title>\n<meta name=\"robots\" content=\"index, follow, max-snippet:-1, max-image-preview:large, max-video-preview:-1\" \/>\n<link rel=\"canonical\" href=\"https:\/\/comt.cat\/certificats-collegials\/\" \/>\n<meta property=\"og:locale\" content=\"es_ES\" \/>\n<meta property=\"og:type\" content=\"article\" \/>\n<meta property=\"og:title\" content=\"Certificados colegiales - COMT\" \/>\n<meta property=\"og:url\" content=\"https:\/\/comt.cat\/certificats-collegials\/\" \/>\n<meta property=\"og:site_name\" content=\"COMT\" \/>\n<meta property=\"article:modified_time\" content=\"2023-04-13T12:48:04+00:00\" \/>\n<meta name=\"twitter:card\" content=\"summary_large_image\" \/>\n<meta name=\"twitter:label1\" content=\"Tiempo de lectura\" \/>\n\t<meta name=\"twitter:data1\" content=\"2 minutos\" \/>\n<script type=\"application\/ld+json\" class=\"yoast-schema-graph\">{\"@context\":\"https:\\\/\\\/schema.org\",\"@graph\":[{\"@type\":\"WebPage\",\"@id\":\"https:\\\/\\\/comt.cat\\\/certificats-collegials\\\/\",\"url\":\"https:\\\/\\\/comt.cat\\\/certificats-collegials\\\/\",\"name\":\"Certificados colegiales - COMT\",\"isPartOf\":{\"@id\":\"https:\\\/\\\/comt.cat\\\/#website\"},\"datePublished\":\"2021-07-27T13:37:00+00:00\",\"dateModified\":\"2023-04-13T12:48:04+00:00\",\"breadcrumb\":{\"@id\":\"https:\\\/\\\/comt.cat\\\/certificats-collegials\\\/#breadcrumb\"},\"inLanguage\":\"es\",\"potentialAction\":[{\"@type\":\"ReadAction\",\"target\":[\"https:\\\/\\\/comt.cat\\\/certificats-collegials\\\/\"]}]},{\"@type\":\"BreadcrumbList\",\"@id\":\"https:\\\/\\\/comt.cat\\\/certificats-collegials\\\/#breadcrumb\",\"itemListElement\":[{\"@type\":\"ListItem\",\"position\":1,\"name\":\"Home\",\"item\":\"https:\\\/\\\/comt.cat\\\/es\\\/\"},{\"@type\":\"ListItem\",\"position\":2,\"name\":\"Certificados colegiales\"}]},{\"@type\":\"WebSite\",\"@id\":\"https:\\\/\\\/comt.cat\\\/#website\",\"url\":\"https:\\\/\\\/comt.cat\\\/\",\"name\":\"COMT\",\"description\":\"Col\u00b7legi de Metges de Tarragona\",\"potentialAction\":[{\"@type\":\"SearchAction\",\"target\":{\"@type\":\"EntryPoint\",\"urlTemplate\":\"https:\\\/\\\/comt.cat\\\/?s={search_term_string}\"},\"query-input\":{\"@type\":\"PropertyValueSpecification\",\"valueRequired\":true,\"valueName\":\"search_term_string\"}}],\"inLanguage\":\"es\"}]}<\/script>\n<!-- \/ Yoast SEO plugin. -->","yoast_head_json":{"title":"Certificados colegiales - COMT","robots":{"index":"index","follow":"follow","max-snippet":"max-snippet:-1","max-image-preview":"max-image-preview:large","max-video-preview":"max-video-preview:-1"},"canonical":"https:\/\/comt.cat\/certificats-collegials\/","og_locale":"es_ES","og_type":"article","og_title":"Certificados colegiales - COMT","og_url":"https:\/\/comt.cat\/certificats-collegials\/","og_site_name":"COMT","article_modified_time":"2023-04-13T12:48:04+00:00","twitter_card":"summary_large_image","twitter_misc":{"Tiempo de lectura":"2 minutos"},"schema":{"@context":"https:\/\/schema.org","@graph":[{"@type":"WebPage","@id":"https:\/\/comt.cat\/certificats-collegials\/","url":"https:\/\/comt.cat\/certificats-collegials\/","name":"Certificados colegiales - COMT","isPartOf":{"@id":"https:\/\/comt.cat\/#website"},"datePublished":"2021-07-27T13:37:00+00:00","dateModified":"2023-04-13T12:48:04+00:00","breadcrumb":{"@id":"https:\/\/comt.cat\/certificats-collegials\/#breadcrumb"},"inLanguage":"es","potentialAction":[{"@type":"ReadAction","target":["https:\/\/comt.cat\/certificats-collegials\/"]}]},{"@type":"BreadcrumbList","@id":"https:\/\/comt.cat\/certificats-collegials\/#breadcrumb","itemListElement":[{"@type":"ListItem","position":1,"name":"Home","item":"https:\/\/comt.cat\/es\/"},{"@type":"ListItem","position":2,"name":"Certificados colegiales"}]},{"@type":"WebSite","@id":"https:\/\/comt.cat\/#website","url":"https:\/\/comt.cat\/","name":"COMT","description":"Col\u00b7legi de Metges de Tarragona","potentialAction":[{"@type":"SearchAction","target":{"@type":"EntryPoint","urlTemplate":"https:\/\/comt.cat\/?s={search_term_string}"},"query-input":{"@type":"PropertyValueSpecification","valueRequired":true,"valueName":"search_term_string"}}],"inLanguage":"es"}]}},"_links":{"self":[{"href":"https:\/\/comt.cat\/es\/wp-json\/wp\/v2\/pages\/11071","targetHints":{"allow":["GET"]}}],"collection":[{"href":"https:\/\/comt.cat\/es\/wp-json\/wp\/v2\/pages"}],"about":[{"href":"https:\/\/comt.cat\/es\/wp-json\/wp\/v2\/types\/page"}],"author":[{"embeddable":true,"href":"https:\/\/comt.cat\/es\/wp-json\/wp\/v2\/users\/1"}],"replies":[{"embeddable":true,"href":"https:\/\/comt.cat\/es\/wp-json\/wp\/v2\/comments?post=11071"}],"version-history":[{"count":8,"href":"https:\/\/comt.cat\/es\/wp-json\/wp\/v2\/pages\/11071\/revisions"}],"predecessor-version":[{"id":22382,"href":"https:\/\/comt.cat\/es\/wp-json\/wp\/v2\/pages\/11071\/revisions\/22382"}],"wp:attachment":[{"href":"https:\/\/comt.cat\/es\/wp-json\/wp\/v2\/media?parent=11071"}],"curies":[{"name":"wp","href":"https:\/\/api.w.org\/{rel}","templated":true}]}}