{"id":11078,"date":"2021-08-30T09:20:53","date_gmt":"2021-08-30T09:20:53","guid":{"rendered":"https:\/\/comt.quimeras.cat\/galens-comunicacio\/"},"modified":"2022-07-26T14:03:27","modified_gmt":"2022-07-26T12:03:27","slug":"galens-comunicacio","status":"publish","type":"page","link":"https:\/\/comt.cat\/es\/galens-comunicacio\/","title":{"rendered":"GALENS COMUNICACI\u00d3N"},"content":{"rendered":"\n\n\t<section class=\"section\" id=\"section_2037630086\">\n\t\t<div class=\"section-bg fill\" >\n\t\t\t\t\t\t\t\t\t\n\t\t\t\n\n\t\t<\/div>\n\n\t\t\n\n\t\t<div class=\"section-content relative\">\n\t\t\t\n\n\t<div id=\"gap-706382884\" class=\"gap-element clearfix\" style=\"display:block; height:auto;\">\n\t\t\n<style>\n#gap-706382884 {\n  padding-top: 30px;\n}\n<\/style>\n\t<\/div>\n\t\n\n<div class=\"row align-middle\"  id=\"row-861115201\">\n\n\n\t<div id=\"col-2074320744\" class=\"col medium-8 small-12 large-4\"  >\n\t\t\t\t<div class=\"col-inner\"  >\n\t\t\t\n\t\t\t\n\n\t<div id=\"text-2900458503\" class=\"text\">\n\t\t\n\n<h1>Galens comunicaci\u00f3n<\/h1>\n\t\t\n<style>\n#text-2900458503 {\n  font-size: 1.5rem;\n}\n<\/style>\n\t<\/div>\n\t\n\n\t\t<\/div>\n\t\t\t\t\t<\/div>\n\n\t\n\n\t<div id=\"col-1082980013\" class=\"col medium-12 small-12 large-8\"  >\n\t\t\t\t<div class=\"col-inner\"  >\n\t\t\t\n\t<div class=\"is-border\"\n\t\tstyle=\"border-color:rgb(126, 178, 233);border-width:0px 0px 0px 2px;\">\n\t<\/div>\n\t\t\t\n\n<p>En este apartado de actualidad comunicativa podr\u00e1s conocer las \u00faltimas noticias y publicaciones sobre todo lo que sucede en el COMT as\u00ed como en el \u00e1mbito sanitario.<\/p>\n\n\t\t<\/div>\n\t\t\t\t\n<style>\n#col-1082980013 > .col-inner {\n  padding: 0px 0px 0px 30px;\n  margin: 0px 0px 0px 0px;\n}\n@media (min-width:850px) {\n  #col-1082980013 > .col-inner {\n    margin: 10px 0px 0px 0px;\n  }\n}\n<\/style>\n\t<\/div>\n\n\t\n\n<\/div>\n\n\t\t<\/div>\n\n\t\t\n<style>\n#section_2037630086 {\n  padding-top: 60px;\n  padding-bottom: 60px;\n  min-height: 264px;\n  background-color: rgb(251, 248, 243);\n}\n@media (min-width:550px) {\n  #section_2037630086 {\n    padding-top: 80px;\n    padding-bottom: 80px;\n  }\n}\n@media (min-width:850px) {\n  #section_2037630086 {\n    padding-top: 65px;\n    padding-bottom: 65px;\n  }\n}\n<\/style>\n\t<\/section>\n\t\n\n\t<section class=\"section\" id=\"section_230050714\">\n\t\t<div class=\"section-bg fill\" >\n\t\t\t\t\t\t\t\t\t\n\t\t\t\n\n\t\t<\/div>\n\n\t\t\n\n\t\t<div class=\"section-content relative\">\n\t\t\t\n\n<div class=\"row\"  id=\"row-1248197513\">\n\n\n\t<div id=\"col-1892249249\" class=\"col small-12 large-12\"  >\n\t\t\t\t<div class=\"col-inner\"  >\n\t\t\t\n\t\t\t\n\n\n  \n    <div class=\"row large-columns-3 medium-columns- small-columns-1\" >\n  <div class=\"col post-item\" >\n\t\t\t<div class=\"col-inner\">\n\t\t\t\t<div class=\"box box-normal box-text-bottom box-blog-post has-hover\">\n            \t\t\t\t\t<div class=\"box-image\" >\n  \t\t\t\t\t\t<div class=\"image-cover\" style=\"padding-top:56%;\">\n\t\t\t\t\t\t\t<a href=\"https:\/\/comt.cat\/es\/la-jornada-cultural-del-ccmc-2026\/\" class=\"plain\" aria-label=\"La Jornada Cultural del CCMC se celebrar\u00e1 en Lleida el 20 de mayo.\">\n\t\t\t\t\t\t\t\t<img loading=\"lazy\" decoding=\"async\" width=\"300\" height=\"136\" src=\"https:\/\/comt.cat\/wp-content\/uploads\/2026\/04\/DESTACADA-WEB-COMT-13-300x136.png\" class=\"attachment-medium size-medium wp-post-image\" alt=\"\" srcset=\"https:\/\/comt.cat\/wp-content\/uploads\/2026\/04\/DESTACADA-WEB-COMT-13-300x136.png 300w, https:\/\/comt.cat\/wp-content\/uploads\/2026\/04\/DESTACADA-WEB-COMT-13-1024x465.png 1024w, https:\/\/comt.cat\/wp-content\/uploads\/2026\/04\/DESTACADA-WEB-COMT-13-768x349.png 768w, https:\/\/comt.cat\/wp-content\/uploads\/2026\/04\/DESTACADA-WEB-COMT-13-1536x698.png 1536w, https:\/\/comt.cat\/wp-content\/uploads\/2026\/04\/DESTACADA-WEB-COMT-13-600x273.png 600w, https:\/\/comt.cat\/wp-content\/uploads\/2026\/04\/DESTACADA-WEB-COMT-13.png 1540w\" sizes=\"(max-width: 300px) 100vw, 300px\" \/>\t\t\t\t\t\t\t<\/a>\n  \t\t\t\t\t\t\t  \t\t\t\t\t\t\t  \t\t\t\t\t\t<\/div>\n  \t\t\t\t\t\t  \t\t\t\t\t<\/div>\n          \t\t\t\t\t<div class=\"box-text text-left\" >\n\t\t\t\t\t<div class=\"box-text-inner blog-post-inner\">\n\n\t\t\t\t\t\n\t\t\t\t\t\t\t\t\t\t<h5 class=\"post-title is-large \">\n\t\t\t\t\t\t<a href=\"https:\/\/comt.cat\/es\/la-jornada-cultural-del-ccmc-2026\/\" class=\"plain\">La Jornada Cultural del CCMC se celebrar\u00e1 en Lleida el 20 de mayo.<\/a>\n\t\t\t\t\t<\/h5>\n\t\t\t\t\t\t\t\t\t\t<div class=\"is-divider\"><\/div>\n\t\t\t\t\t\t\t\t\t\t<p class=\"from_the_blog_excerpt \">\n\t\t\t\t\t\tEl Consell de Col\u00b7legis de Metges de Catalunya organiza una nueva edici\u00f3n de la Jornada Cultural, que este a\u00f1o se celebrar\u00e1 el pr\u00f3ximo 20...\t\t\t\t\t<\/p>\n\t\t\t\t\t                    \n\t\t\t\t\t\t\t\t\t\t\t<a href=\"https:\/\/comt.cat\/es\/la-jornada-cultural-del-ccmc-2026\/\" class=\"button  is-outline is-small mb-0\">\n\t\t\t\t\t\t\tLeer m\u00e1s\t\t\t\t\t\t<\/a>\n\t\t\t\t\t\n\t\t\t\t\t\n\t\t\t\t\t<\/div>\n\t\t\t\t\t<\/div>\n\t\t\t\t\t\t\t\t\t\t\t\t\t\t\t\t<div class=\"badge absolute top post-date badge-outline\">\n\t\t\t\t\t\t\t<div class=\"badge-inner\">\n\t\t\t\t\t\t\t\t<span class=\"post-date-day\">09<\/span><br>\n\t\t\t\t\t\t\t\t<span class=\"post-date-month is-xsmall\">Abr<\/span>\n\t\t\t\t\t\t\t<\/div>\n\t\t\t\t\t\t<\/div>\n\t\t\t\t\t\t\t\t\t<\/div>\n\t\t\t<\/div>\n\t\t<\/div><div class=\"col post-item\" >\n\t\t\t<div class=\"col-inner\">\n\t\t\t\t<div class=\"box box-normal box-text-bottom box-blog-post has-hover\">\n            \t\t\t\t\t<div class=\"box-image\" >\n  \t\t\t\t\t\t<div class=\"image-cover\" style=\"padding-top:56%;\">\n\t\t\t\t\t\t\t<a href=\"https:\/\/comt.cat\/es\/comt-campana-notenredes\/\" class=\"plain\" aria-label=\"La salud no es un reto viral: el COMT se une a #NoTEnREDES\">\n\t\t\t\t\t\t\t\t<img loading=\"lazy\" decoding=\"async\" width=\"300\" height=\"136\" src=\"https:\/\/comt.cat\/wp-content\/uploads\/2026\/04\/DESTACADA-WEB-COMT-300x136.jpg\" class=\"attachment-medium size-medium wp-post-image\" alt=\"\" srcset=\"https:\/\/comt.cat\/wp-content\/uploads\/2026\/04\/DESTACADA-WEB-COMT-300x136.jpg 300w, https:\/\/comt.cat\/wp-content\/uploads\/2026\/04\/DESTACADA-WEB-COMT-1024x465.jpg 1024w, https:\/\/comt.cat\/wp-content\/uploads\/2026\/04\/DESTACADA-WEB-COMT-768x349.jpg 768w, https:\/\/comt.cat\/wp-content\/uploads\/2026\/04\/DESTACADA-WEB-COMT-1536x698.jpg 1536w, https:\/\/comt.cat\/wp-content\/uploads\/2026\/04\/DESTACADA-WEB-COMT-600x273.jpg 600w, https:\/\/comt.cat\/wp-content\/uploads\/2026\/04\/DESTACADA-WEB-COMT.jpg 1540w\" sizes=\"(max-width: 300px) 100vw, 300px\" \/>\t\t\t\t\t\t\t<\/a>\n  \t\t\t\t\t\t\t  \t\t\t\t\t\t\t  \t\t\t\t\t\t<\/div>\n  \t\t\t\t\t\t  \t\t\t\t\t<\/div>\n          \t\t\t\t\t<div class=\"box-text text-left\" >\n\t\t\t\t\t<div class=\"box-text-inner blog-post-inner\">\n\n\t\t\t\t\t\n\t\t\t\t\t\t\t\t\t\t<h5 class=\"post-title is-large \">\n\t\t\t\t\t\t<a href=\"https:\/\/comt.cat\/es\/comt-campana-notenredes\/\" class=\"plain\">La salud no es un reto viral: el COMT se une a #NoTEnREDES<\/a>\n\t\t\t\t\t<\/h5>\n\t\t\t\t\t\t\t\t\t\t<div class=\"is-divider\"><\/div>\n\t\t\t\t\t\t\t\t\t\t<p class=\"from_the_blog_excerpt \">\n\t\t\t\t\t\tCon motivo del D\u00eda Mundial de la Salud, el Colegio Oficial de M\u00e9dicos de Tarragona (COMT) se suma a la campa\u00f1a impulsada por la...\t\t\t\t\t<\/p>\n\t\t\t\t\t                    \n\t\t\t\t\t\t\t\t\t\t\t<a href=\"https:\/\/comt.cat\/es\/comt-campana-notenredes\/\" class=\"button  is-outline is-small mb-0\">\n\t\t\t\t\t\t\tLeer m\u00e1s\t\t\t\t\t\t<\/a>\n\t\t\t\t\t\n\t\t\t\t\t\n\t\t\t\t\t<\/div>\n\t\t\t\t\t<\/div>\n\t\t\t\t\t\t\t\t\t\t\t\t\t\t\t\t<div class=\"badge absolute top post-date badge-outline\">\n\t\t\t\t\t\t\t<div class=\"badge-inner\">\n\t\t\t\t\t\t\t\t<span class=\"post-date-day\">07<\/span><br>\n\t\t\t\t\t\t\t\t<span class=\"post-date-month is-xsmall\">Abr<\/span>\n\t\t\t\t\t\t\t<\/div>\n\t\t\t\t\t\t<\/div>\n\t\t\t\t\t\t\t\t\t<\/div>\n\t\t\t<\/div>\n\t\t<\/div><div class=\"col post-item\" >\n\t\t\t<div class=\"col-inner\">\n\t\t\t\t<div class=\"box box-normal box-text-bottom box-blog-post has-hover\">\n            \t\t\t\t\t<div class=\"box-image\" >\n  \t\t\t\t\t\t<div class=\"image-cover\" style=\"padding-top:56%;\">\n\t\t\t\t\t\t\t<a href=\"https:\/\/comt.cat\/es\/empieza-la-campana-de-la-renta-2025-el-8-de-abril\/\" class=\"plain\" aria-label=\"Empieza la campa\u00f1a de la renta 2025 el 8 de abril\">\n\t\t\t\t\t\t\t\t<img loading=\"lazy\" decoding=\"async\" width=\"300\" height=\"136\" src=\"https:\/\/comt.cat\/wp-content\/uploads\/2026\/03\/CAMPANYA-RENDA-DESTACADES-300x136.jpg\" class=\"attachment-medium size-medium wp-post-image\" alt=\"\" srcset=\"https:\/\/comt.cat\/wp-content\/uploads\/2026\/03\/CAMPANYA-RENDA-DESTACADES-300x136.jpg 300w, https:\/\/comt.cat\/wp-content\/uploads\/2026\/03\/CAMPANYA-RENDA-DESTACADES-1024x465.jpg 1024w, https:\/\/comt.cat\/wp-content\/uploads\/2026\/03\/CAMPANYA-RENDA-DESTACADES-768x349.jpg 768w, https:\/\/comt.cat\/wp-content\/uploads\/2026\/03\/CAMPANYA-RENDA-DESTACADES-1536x698.jpg 1536w, https:\/\/comt.cat\/wp-content\/uploads\/2026\/03\/CAMPANYA-RENDA-DESTACADES-600x273.jpg 600w, https:\/\/comt.cat\/wp-content\/uploads\/2026\/03\/CAMPANYA-RENDA-DESTACADES.jpg 1540w\" sizes=\"(max-width: 300px) 100vw, 300px\" \/>\t\t\t\t\t\t\t<\/a>\n  \t\t\t\t\t\t\t  \t\t\t\t\t\t\t  \t\t\t\t\t\t<\/div>\n  \t\t\t\t\t\t  \t\t\t\t\t<\/div>\n          \t\t\t\t\t<div class=\"box-text text-left\" >\n\t\t\t\t\t<div class=\"box-text-inner blog-post-inner\">\n\n\t\t\t\t\t\n\t\t\t\t\t\t\t\t\t\t<h5 class=\"post-title is-large \">\n\t\t\t\t\t\t<a href=\"https:\/\/comt.cat\/es\/empieza-la-campana-de-la-renta-2025-el-8-de-abril\/\" class=\"plain\">Empieza la campa\u00f1a de la renta 2025 el 8 de abril<\/a>\n\t\t\t\t\t<\/h5>\n\t\t\t\t\t\t\t\t\t\t<div class=\"is-divider\"><\/div>\n\t\t\t\t\t\t\t\t\t\t<p class=\"from_the_blog_excerpt \">\n\t\t\t\t\t\tEl pr\u00f3ximo 8 de abril se inicia la campa\u00f1a de la declaraci\u00f3n de la renta correspondiente al ejercicio 2025. Un a\u00f1o m\u00e1s, desde el...\t\t\t\t\t<\/p>\n\t\t\t\t\t                    \n\t\t\t\t\t\t\t\t\t\t\t<a href=\"https:\/\/comt.cat\/es\/empieza-la-campana-de-la-renta-2025-el-8-de-abril\/\" class=\"button  is-outline is-small mb-0\">\n\t\t\t\t\t\t\tLeer m\u00e1s\t\t\t\t\t\t<\/a>\n\t\t\t\t\t\n\t\t\t\t\t\n\t\t\t\t\t<\/div>\n\t\t\t\t\t<\/div>\n\t\t\t\t\t\t\t\t\t\t\t\t\t\t\t\t<div class=\"badge absolute top post-date badge-outline\">\n\t\t\t\t\t\t\t<div class=\"badge-inner\">\n\t\t\t\t\t\t\t\t<span class=\"post-date-day\">31<\/span><br>\n\t\t\t\t\t\t\t\t<span class=\"post-date-month is-xsmall\">Mar<\/span>\n\t\t\t\t\t\t\t<\/div>\n\t\t\t\t\t\t<\/div>\n\t\t\t\t\t\t\t\t\t<\/div>\n\t\t\t<\/div>\n\t\t<\/div><div class=\"col post-item\" >\n\t\t\t<div class=\"col-inner\">\n\t\t\t\t<div class=\"box box-normal box-text-bottom box-blog-post has-hover\">\n            \t\t\t\t\t<div class=\"box-image\" >\n  \t\t\t\t\t\t<div class=\"image-cover\" style=\"padding-top:56%;\">\n\t\t\t\t\t\t\t<a href=\"https:\/\/comt.cat\/es\/guia-2026-sobre-los-seguros-de-salud-lo-que-tienes-que-saber\/\" class=\"plain\" aria-label=\"Gu\u00eda 2026 de seguros que desgravan en la declaraci\u00f3n de la renta\">\n\t\t\t\t\t\t\t\t<img loading=\"lazy\" decoding=\"async\" width=\"300\" height=\"136\" src=\"https:\/\/comt.cat\/wp-content\/uploads\/2026\/03\/DESTACADA-WEB-COMT-9-300x136.png\" class=\"attachment-medium size-medium wp-post-image\" alt=\"\" srcset=\"https:\/\/comt.cat\/wp-content\/uploads\/2026\/03\/DESTACADA-WEB-COMT-9-300x136.png 300w, https:\/\/comt.cat\/wp-content\/uploads\/2026\/03\/DESTACADA-WEB-COMT-9-1024x465.png 1024w, https:\/\/comt.cat\/wp-content\/uploads\/2026\/03\/DESTACADA-WEB-COMT-9-768x349.png 768w, https:\/\/comt.cat\/wp-content\/uploads\/2026\/03\/DESTACADA-WEB-COMT-9-1536x698.png 1536w, https:\/\/comt.cat\/wp-content\/uploads\/2026\/03\/DESTACADA-WEB-COMT-9-600x273.png 600w, https:\/\/comt.cat\/wp-content\/uploads\/2026\/03\/DESTACADA-WEB-COMT-9.png 1540w\" sizes=\"(max-width: 300px) 100vw, 300px\" \/>\t\t\t\t\t\t\t<\/a>\n  \t\t\t\t\t\t\t  \t\t\t\t\t\t\t  \t\t\t\t\t\t<\/div>\n  \t\t\t\t\t\t  \t\t\t\t\t<\/div>\n          \t\t\t\t\t<div class=\"box-text text-left\" >\n\t\t\t\t\t<div class=\"box-text-inner blog-post-inner\">\n\n\t\t\t\t\t\n\t\t\t\t\t\t\t\t\t\t<h5 class=\"post-title is-large \">\n\t\t\t\t\t\t<a href=\"https:\/\/comt.cat\/es\/guia-2026-sobre-los-seguros-de-salud-lo-que-tienes-que-saber\/\" class=\"plain\">Gu\u00eda 2026 de seguros que desgravan en la declaraci\u00f3n de la renta<\/a>\n\t\t\t\t\t<\/h5>\n\t\t\t\t\t\t\t\t\t\t<div class=\"is-divider\"><\/div>\n\t\t\t\t\t\t\t\t\t\t<p class=\"from_the_blog_excerpt \">\n\t\t\t\t\t\tCon el inicio de la campa\u00f1a de la declaraci\u00f3n de la renta y con el objetivo de proporcionarte toda la informaci\u00f3n necesaria para saber...\t\t\t\t\t<\/p>\n\t\t\t\t\t                    \n\t\t\t\t\t\t\t\t\t\t\t<a href=\"https:\/\/comt.cat\/es\/guia-2026-sobre-los-seguros-de-salud-lo-que-tienes-que-saber\/\" class=\"button  is-outline is-small mb-0\">\n\t\t\t\t\t\t\tLeer m\u00e1s\t\t\t\t\t\t<\/a>\n\t\t\t\t\t\n\t\t\t\t\t\n\t\t\t\t\t<\/div>\n\t\t\t\t\t<\/div>\n\t\t\t\t\t\t\t\t\t\t\t\t\t\t\t\t<div class=\"badge absolute top post-date badge-outline\">\n\t\t\t\t\t\t\t<div class=\"badge-inner\">\n\t\t\t\t\t\t\t\t<span class=\"post-date-day\">28<\/span><br>\n\t\t\t\t\t\t\t\t<span class=\"post-date-month is-xsmall\">Mar<\/span>\n\t\t\t\t\t\t\t<\/div>\n\t\t\t\t\t\t<\/div>\n\t\t\t\t\t\t\t\t\t<\/div>\n\t\t\t<\/div>\n\t\t<\/div><div class=\"col post-item\" >\n\t\t\t<div class=\"col-inner\">\n\t\t\t\t<div class=\"box box-normal box-text-bottom box-blog-post has-hover\">\n            \t\t\t\t\t<div class=\"box-image\" >\n  \t\t\t\t\t\t<div class=\"image-cover\" style=\"padding-top:56%;\">\n\t\t\t\t\t\t\t<a href=\"https:\/\/comt.cat\/es\/inscripciones-del-rescom-2026-abiertas\/\" class=\"plain\" aria-label=\"El Colegio de M\u00e9dicos de Tarragona abre las inscripciones del RESCOM 2026\">\n\t\t\t\t\t\t\t\t<img loading=\"lazy\" decoding=\"async\" width=\"300\" height=\"136\" src=\"https:\/\/comt.cat\/wp-content\/uploads\/2026\/03\/DESTACADA-RESCOM-300x136.png\" class=\"attachment-medium size-medium wp-post-image\" alt=\"\" srcset=\"https:\/\/comt.cat\/wp-content\/uploads\/2026\/03\/DESTACADA-RESCOM-300x136.png 300w, https:\/\/comt.cat\/wp-content\/uploads\/2026\/03\/DESTACADA-RESCOM-1024x465.png 1024w, https:\/\/comt.cat\/wp-content\/uploads\/2026\/03\/DESTACADA-RESCOM-768x349.png 768w, https:\/\/comt.cat\/wp-content\/uploads\/2026\/03\/DESTACADA-RESCOM-1536x698.png 1536w, https:\/\/comt.cat\/wp-content\/uploads\/2026\/03\/DESTACADA-RESCOM-600x273.png 600w, https:\/\/comt.cat\/wp-content\/uploads\/2026\/03\/DESTACADA-RESCOM.png 1540w\" sizes=\"(max-width: 300px) 100vw, 300px\" \/>\t\t\t\t\t\t\t<\/a>\n  \t\t\t\t\t\t\t  \t\t\t\t\t\t\t  \t\t\t\t\t\t<\/div>\n  \t\t\t\t\t\t  \t\t\t\t\t<\/div>\n          \t\t\t\t\t<div class=\"box-text text-left\" >\n\t\t\t\t\t<div class=\"box-text-inner blog-post-inner\">\n\n\t\t\t\t\t\n\t\t\t\t\t\t\t\t\t\t<h5 class=\"post-title is-large \">\n\t\t\t\t\t\t<a href=\"https:\/\/comt.cat\/es\/inscripciones-del-rescom-2026-abiertas\/\" class=\"plain\">El Colegio de M\u00e9dicos de Tarragona abre las inscripciones del RESCOM 2026<\/a>\n\t\t\t\t\t<\/h5>\n\t\t\t\t\t\t\t\t\t\t<div class=\"is-divider\"><\/div>\n\t\t\t\t\t\t\t\t\t\t<p class=\"from_the_blog_excerpt \">\n\t\t\t\t\t\tEl Congreso de Responsables de Comunicaci\u00f3n de los Colegios de M\u00e9dicos de Espa\u00f1a (RESCOM) abre sus inscripciones para su XIX edici\u00f3n, que se celebrar\u00e1...\t\t\t\t\t<\/p>\n\t\t\t\t\t                    \n\t\t\t\t\t\t\t\t\t\t\t<a href=\"https:\/\/comt.cat\/es\/inscripciones-del-rescom-2026-abiertas\/\" class=\"button  is-outline is-small mb-0\">\n\t\t\t\t\t\t\tLeer m\u00e1s\t\t\t\t\t\t<\/a>\n\t\t\t\t\t\n\t\t\t\t\t\n\t\t\t\t\t<\/div>\n\t\t\t\t\t<\/div>\n\t\t\t\t\t\t\t\t\t\t\t\t\t\t\t\t<div class=\"badge absolute top post-date badge-outline\">\n\t\t\t\t\t\t\t<div class=\"badge-inner\">\n\t\t\t\t\t\t\t\t<span class=\"post-date-day\">27<\/span><br>\n\t\t\t\t\t\t\t\t<span class=\"post-date-month is-xsmall\">Mar<\/span>\n\t\t\t\t\t\t\t<\/div>\n\t\t\t\t\t\t<\/div>\n\t\t\t\t\t\t\t\t\t<\/div>\n\t\t\t<\/div>\n\t\t<\/div><div class=\"col post-item\" >\n\t\t\t<div class=\"col-inner\">\n\t\t\t\t<div class=\"box box-normal box-text-bottom box-blog-post has-hover\">\n            \t\t\t\t\t<div class=\"box-image\" >\n  \t\t\t\t\t\t<div class=\"image-cover\" style=\"padding-top:56%;\">\n\t\t\t\t\t\t\t<a href=\"https:\/\/comt.cat\/es\/nuevo-plazo-mue\/\" class=\"plain\" aria-label=\"Abierto nuevo plazo para el acceso extraordinario a la especialidad de Urgencias y Emergencias\">\n\t\t\t\t\t\t\t\t<img loading=\"lazy\" decoding=\"async\" width=\"300\" height=\"136\" src=\"https:\/\/comt.cat\/wp-content\/uploads\/2026\/03\/DESTACADA-WEB-COMT-4-300x136.png\" class=\"attachment-medium size-medium wp-post-image\" alt=\"\" srcset=\"https:\/\/comt.cat\/wp-content\/uploads\/2026\/03\/DESTACADA-WEB-COMT-4-300x136.png 300w, https:\/\/comt.cat\/wp-content\/uploads\/2026\/03\/DESTACADA-WEB-COMT-4-1024x465.png 1024w, https:\/\/comt.cat\/wp-content\/uploads\/2026\/03\/DESTACADA-WEB-COMT-4-768x349.png 768w, https:\/\/comt.cat\/wp-content\/uploads\/2026\/03\/DESTACADA-WEB-COMT-4-1536x698.png 1536w, https:\/\/comt.cat\/wp-content\/uploads\/2026\/03\/DESTACADA-WEB-COMT-4-600x273.png 600w, https:\/\/comt.cat\/wp-content\/uploads\/2026\/03\/DESTACADA-WEB-COMT-4.png 1540w\" sizes=\"(max-width: 300px) 100vw, 300px\" \/>\t\t\t\t\t\t\t<\/a>\n  \t\t\t\t\t\t\t  \t\t\t\t\t\t\t  \t\t\t\t\t\t<\/div>\n  \t\t\t\t\t\t  \t\t\t\t\t<\/div>\n          \t\t\t\t\t<div class=\"box-text text-left\" >\n\t\t\t\t\t<div class=\"box-text-inner blog-post-inner\">\n\n\t\t\t\t\t\n\t\t\t\t\t\t\t\t\t\t<h5 class=\"post-title is-large \">\n\t\t\t\t\t\t<a href=\"https:\/\/comt.cat\/es\/nuevo-plazo-mue\/\" class=\"plain\">Abierto nuevo plazo para el acceso extraordinario a la especialidad de Urgencias y Emergencias<\/a>\n\t\t\t\t\t<\/h5>\n\t\t\t\t\t\t\t\t\t\t<div class=\"is-divider\"><\/div>\n\t\t\t\t\t\t\t\t\t\t<p class=\"from_the_blog_excerpt \">\n\t\t\t\t\t\tV\u00cdAS EXTRAORDINARIAS DE ACCESO A LA ESPECIALIDAD DE URGENCIAS Y EMERGENCIAS: APERTURA DE NUEVOS PLAZOS PARA LA PRESENTACI\u00d3N DE SOLICITUDES. Tal y como avanz\u00e1bamos...\t\t\t\t\t<\/p>\n\t\t\t\t\t                    \n\t\t\t\t\t\t\t\t\t\t\t<a href=\"https:\/\/comt.cat\/es\/nuevo-plazo-mue\/\" class=\"button  is-outline is-small mb-0\">\n\t\t\t\t\t\t\tLeer m\u00e1s\t\t\t\t\t\t<\/a>\n\t\t\t\t\t\n\t\t\t\t\t\n\t\t\t\t\t<\/div>\n\t\t\t\t\t<\/div>\n\t\t\t\t\t\t\t\t\t\t\t\t\t\t\t\t<div class=\"badge absolute top post-date badge-outline\">\n\t\t\t\t\t\t\t<div class=\"badge-inner\">\n\t\t\t\t\t\t\t\t<span class=\"post-date-day\">26<\/span><br>\n\t\t\t\t\t\t\t\t<span class=\"post-date-month is-xsmall\">Mar<\/span>\n\t\t\t\t\t\t\t<\/div>\n\t\t\t\t\t\t<\/div>\n\t\t\t\t\t\t\t\t\t<\/div>\n\t\t\t<\/div>\n\t\t<\/div><\/div>\n\n<a href=\"https:\/\/comt.cat\/es\/category\/actualidad-y-publicaciones\/comt-noticias\/\" class=\"button secondary expand\" >\n\t\t<span>Ver m\u00e1s noticias<\/span>\n\t<\/a>\n\n\n\n\t\t<\/div>\n\t\t\t\t\t<\/div>\n\n\t\n\n<\/div>\n\n\t\t<\/div>\n\n\t\t\n<style>\n#section_230050714 {\n  padding-top: 94px;\n  padding-bottom: 94px;\n}\n<\/style>\n\t<\/section>\n\t\n\n","protected":false},"excerpt":{"rendered":"","protected":false},"author":1,"featured_media":0,"parent":0,"menu_order":0,"comment_status":"closed","ping_status":"closed","template":"page-blank.php","meta":{"footnotes":""},"class_list":["post-11078","page","type-page","status-publish","hentry"],"yoast_head":"<!-- This site is optimized with the Yoast SEO plugin v27.3 - https:\/\/yoast.com\/product\/yoast-seo-wordpress\/ -->\n<title>GALENS COMUNICACI\u00d3N - COMT<\/title>\n<meta name=\"robots\" content=\"index, follow, max-snippet:-1, max-image-preview:large, max-video-preview:-1\" \/>\n<link rel=\"canonical\" href=\"https:\/\/comt.cat\/galens-comunicacio\/\" \/>\n<meta property=\"og:locale\" content=\"es_ES\" \/>\n<meta property=\"og:type\" content=\"article\" \/>\n<meta property=\"og:title\" content=\"GALENS COMUNICACI\u00d3N - COMT\" \/>\n<meta property=\"og:url\" content=\"https:\/\/comt.cat\/galens-comunicacio\/\" \/>\n<meta property=\"og:site_name\" content=\"COMT\" \/>\n<meta property=\"article:modified_time\" content=\"2022-07-26T12:03:27+00:00\" \/>\n<meta name=\"twitter:card\" content=\"summary_large_image\" \/>\n<meta name=\"twitter:label1\" content=\"Tiempo de lectura\" \/>\n\t<meta name=\"twitter:data1\" content=\"1 minuto\" \/>\n<script type=\"application\/ld+json\" class=\"yoast-schema-graph\">{\"@context\":\"https:\\\/\\\/schema.org\",\"@graph\":[{\"@type\":\"WebPage\",\"@id\":\"https:\\\/\\\/comt.cat\\\/galens-comunicacio\\\/\",\"url\":\"https:\\\/\\\/comt.cat\\\/galens-comunicacio\\\/\",\"name\":\"GALENS COMUNICACI\u00d3N - COMT\",\"isPartOf\":{\"@id\":\"https:\\\/\\\/comt.cat\\\/#website\"},\"datePublished\":\"2021-08-30T09:20:53+00:00\",\"dateModified\":\"2022-07-26T12:03:27+00:00\",\"breadcrumb\":{\"@id\":\"https:\\\/\\\/comt.cat\\\/galens-comunicacio\\\/#breadcrumb\"},\"inLanguage\":\"es\",\"potentialAction\":[{\"@type\":\"ReadAction\",\"target\":[\"https:\\\/\\\/comt.cat\\\/galens-comunicacio\\\/\"]}]},{\"@type\":\"BreadcrumbList\",\"@id\":\"https:\\\/\\\/comt.cat\\\/galens-comunicacio\\\/#breadcrumb\",\"itemListElement\":[{\"@type\":\"ListItem\",\"position\":1,\"name\":\"Home\",\"item\":\"https:\\\/\\\/comt.cat\\\/es\\\/\"},{\"@type\":\"ListItem\",\"position\":2,\"name\":\"GALENS COMUNICACI\u00d3N\"}]},{\"@type\":\"WebSite\",\"@id\":\"https:\\\/\\\/comt.cat\\\/#website\",\"url\":\"https:\\\/\\\/comt.cat\\\/\",\"name\":\"COMT\",\"description\":\"Col\u00b7legi de Metges de Tarragona\",\"potentialAction\":[{\"@type\":\"SearchAction\",\"target\":{\"@type\":\"EntryPoint\",\"urlTemplate\":\"https:\\\/\\\/comt.cat\\\/?s={search_term_string}\"},\"query-input\":{\"@type\":\"PropertyValueSpecification\",\"valueRequired\":true,\"valueName\":\"search_term_string\"}}],\"inLanguage\":\"es\"}]}<\/script>\n<!-- \/ Yoast SEO plugin. -->","yoast_head_json":{"title":"GALENS COMUNICACI\u00d3N - COMT","robots":{"index":"index","follow":"follow","max-snippet":"max-snippet:-1","max-image-preview":"max-image-preview:large","max-video-preview":"max-video-preview:-1"},"canonical":"https:\/\/comt.cat\/galens-comunicacio\/","og_locale":"es_ES","og_type":"article","og_title":"GALENS COMUNICACI\u00d3N - COMT","og_url":"https:\/\/comt.cat\/galens-comunicacio\/","og_site_name":"COMT","article_modified_time":"2022-07-26T12:03:27+00:00","twitter_card":"summary_large_image","twitter_misc":{"Tiempo de lectura":"1 minuto"},"schema":{"@context":"https:\/\/schema.org","@graph":[{"@type":"WebPage","@id":"https:\/\/comt.cat\/galens-comunicacio\/","url":"https:\/\/comt.cat\/galens-comunicacio\/","name":"GALENS COMUNICACI\u00d3N - COMT","isPartOf":{"@id":"https:\/\/comt.cat\/#website"},"datePublished":"2021-08-30T09:20:53+00:00","dateModified":"2022-07-26T12:03:27+00:00","breadcrumb":{"@id":"https:\/\/comt.cat\/galens-comunicacio\/#breadcrumb"},"inLanguage":"es","potentialAction":[{"@type":"ReadAction","target":["https:\/\/comt.cat\/galens-comunicacio\/"]}]},{"@type":"BreadcrumbList","@id":"https:\/\/comt.cat\/galens-comunicacio\/#breadcrumb","itemListElement":[{"@type":"ListItem","position":1,"name":"Home","item":"https:\/\/comt.cat\/es\/"},{"@type":"ListItem","position":2,"name":"GALENS COMUNICACI\u00d3N"}]},{"@type":"WebSite","@id":"https:\/\/comt.cat\/#website","url":"https:\/\/comt.cat\/","name":"COMT","description":"Col\u00b7legi de Metges de Tarragona","potentialAction":[{"@type":"SearchAction","target":{"@type":"EntryPoint","urlTemplate":"https:\/\/comt.cat\/?s={search_term_string}"},"query-input":{"@type":"PropertyValueSpecification","valueRequired":true,"valueName":"search_term_string"}}],"inLanguage":"es"}]}},"_links":{"self":[{"href":"https:\/\/comt.cat\/es\/wp-json\/wp\/v2\/pages\/11078","targetHints":{"allow":["GET"]}}],"collection":[{"href":"https:\/\/comt.cat\/es\/wp-json\/wp\/v2\/pages"}],"about":[{"href":"https:\/\/comt.cat\/es\/wp-json\/wp\/v2\/types\/page"}],"author":[{"embeddable":true,"href":"https:\/\/comt.cat\/es\/wp-json\/wp\/v2\/users\/1"}],"replies":[{"embeddable":true,"href":"https:\/\/comt.cat\/es\/wp-json\/wp\/v2\/comments?post=11078"}],"version-history":[{"count":12,"href":"https:\/\/comt.cat\/es\/wp-json\/wp\/v2\/pages\/11078\/revisions"}],"predecessor-version":[{"id":17211,"href":"https:\/\/comt.cat\/es\/wp-json\/wp\/v2\/pages\/11078\/revisions\/17211"}],"wp:attachment":[{"href":"https:\/\/comt.cat\/es\/wp-json\/wp\/v2\/media?parent=11078"}],"curies":[{"name":"wp","href":"https:\/\/api.w.org\/{rel}","templated":true}]}}