{"id":11085,"date":"2021-07-27T13:21:29","date_gmt":"2021-07-27T13:21:29","guid":{"rendered":"https:\/\/comt.quimeras.cat\/ofertes-de-treball\/"},"modified":"2023-02-28T15:55:42","modified_gmt":"2023-02-28T14:55:42","slug":"ofertes-de-treball","status":"publish","type":"page","link":"https:\/\/comt.cat\/es\/ofertes-de-treball\/","title":{"rendered":"Ofertas de trabajo"},"content":{"rendered":"\n\n\t<section class=\"section\" id=\"section_1838962391\">\n\t\t<div class=\"section-bg fill\" >\n\t\t\t\t\t\t\t\t\t\n\t\t\t\n\n\t\t<\/div>\n\n\t\t\n\n\t\t<div class=\"section-content relative\">\n\t\t\t\n\n<div class=\"row align-middle\"  id=\"row-92858416\">\n\n\n\t<div id=\"col-1903295172\" class=\"col medium-8 small-12 large-3\"  >\n\t\t\t\t<div class=\"col-inner\"  >\n\t\t\t\n\t\t\t\n\n\t<div id=\"text-560031122\" class=\"text\">\n\t\t\n\n<h1>Ofertas <\/br>de trabajo<\/h1>\n\t\t\n<style>\n#text-560031122 {\n  font-size: 1.5rem;\n}\n<\/style>\n\t<\/div>\n\t\n\n\t\t<\/div>\n\t\t\t\t\t<\/div>\n\n\t\n\n\t<div id=\"col-2021431658\" class=\"col medium-12 small-12 large-9\"  >\n\t\t\t\t<div class=\"col-inner\"  >\n\t\t\t\n\t<div class=\"is-border\"\n\t\tstyle=\"border-color:rgb(126, 178, 233);border-width:0px 0px 0px 2px;\">\n\t<\/div>\n\t\t\t\n\n<p>La Bolsa del Trabajo del COMT es un servicio especializado y gratuito orientado tanto a los colegiados que buscan trabajo como las entidades que buscan profesionales m\u00e9dicos para su organizaci\u00f3n. Su funcionamiento se basa en la publicaci\u00f3n de las ofertas remitidas por las entidades interesadas, con la posibilidad de consulta por parte de los colegiados para que estos se dirijan directamente.<\/p>\n<p>El COMT no se hace responsable, en ning\u00fan caso, de las condiciones ofertadas, ni del efectivo cumplimiento de las mismas. El COMT se reserva el derecho a no publicar aquellas ofertas de trabajo que pueda considerar que contravienen la legislaci\u00f3n laboral y\/o profesional, as\u00ed como por toda aquella otra causa justificada.<\/p>\n\n\t\t<\/div>\n\t\t\t\t\n<style>\n#col-2021431658 > .col-inner {\n  padding: 0px 0px 0px 30px;\n  margin: 0px 0px 0px 0px;\n}\n@media (min-width:850px) {\n  #col-2021431658 > .col-inner {\n    margin: 10px 0px -29px 0px;\n  }\n}\n<\/style>\n\t<\/div>\n\n\t\n\n<\/div>\n\n\t\t<\/div>\n\n\t\t\n<style>\n#section_1838962391 {\n  padding-top: 60px;\n  padding-bottom: 60px;\n  min-height: 251px;\n  background-color: rgb(251, 248, 243);\n}\n@media (min-width:550px) {\n  #section_1838962391 {\n    padding-top: 80px;\n    padding-bottom: 80px;\n  }\n}\n@media (min-width:850px) {\n  #section_1838962391 {\n    padding-top: 19px;\n    padding-bottom: 19px;\n  }\n}\n<\/style>\n\t<\/section>\n\t\n\n\t<section class=\"section\" id=\"section_1063824304\">\n\t\t<div class=\"section-bg fill\" >\n\t\t\t\t\t\t\t\t\t\n\t\t\t\n\n\t\t<\/div>\n\n\t\t\n\n\t\t<div class=\"section-content relative\">\n\t\t\t\n\n<div class=\"row\"  id=\"row-1684067025\">\n\n\n\t<div id=\"col-1227008700\" class=\"col bolsa-mercadona small-12 large-12\"  >\n\t\t\t\t<div class=\"col-inner\"  >\n\t\t\t\n\t\t\t\n\n\n\t\t<\/div>\n\t\t\t\t\t<\/div>\n\n\t\n\n<\/div>\n\n\t\t<\/div>\n\n\t\t\n<style>\n#section_1063824304 {\n  padding-top: 30px;\n  padding-bottom: 30px;\n}\n<\/style>\n\t<\/section>\n\t\n\n","protected":false},"excerpt":{"rendered":"","protected":false},"author":1,"featured_media":0,"parent":0,"menu_order":0,"comment_status":"closed","ping_status":"closed","template":"page-blank.php","meta":{"footnotes":""},"class_list":["post-11085","page","type-page","status-publish","hentry"],"yoast_head":"<!-- This site is optimized with the Yoast SEO plugin v27.2 - https:\/\/yoast.com\/product\/yoast-seo-wordpress\/ -->\n<title>Ofertas de trabajo - COMT<\/title>\n<meta name=\"robots\" content=\"index, follow, max-snippet:-1, max-image-preview:large, max-video-preview:-1\" \/>\n<link rel=\"canonical\" href=\"https:\/\/comt.cat\/ofertes-de-treball\/\" \/>\n<meta property=\"og:locale\" content=\"es_ES\" \/>\n<meta property=\"og:type\" content=\"article\" \/>\n<meta property=\"og:title\" content=\"Ofertas de trabajo - COMT\" \/>\n<meta property=\"og:url\" content=\"https:\/\/comt.cat\/ofertes-de-treball\/\" \/>\n<meta property=\"og:site_name\" content=\"COMT\" \/>\n<meta property=\"article:modified_time\" content=\"2023-02-28T14:55:42+00:00\" \/>\n<meta name=\"twitter:card\" content=\"summary_large_image\" \/>\n<meta name=\"twitter:label1\" content=\"Tiempo de lectura\" \/>\n\t<meta name=\"twitter:data1\" content=\"2 minutos\" \/>\n<script type=\"application\/ld+json\" class=\"yoast-schema-graph\">{\"@context\":\"https:\/\/schema.org\",\"@graph\":[{\"@type\":\"WebPage\",\"@id\":\"https:\/\/comt.cat\/ofertes-de-treball\/\",\"url\":\"https:\/\/comt.cat\/ofertes-de-treball\/\",\"name\":\"Ofertas de trabajo - COMT\",\"isPartOf\":{\"@id\":\"https:\/\/comt.cat\/#website\"},\"datePublished\":\"2021-07-27T13:21:29+00:00\",\"dateModified\":\"2023-02-28T14:55:42+00:00\",\"breadcrumb\":{\"@id\":\"https:\/\/comt.cat\/ofertes-de-treball\/#breadcrumb\"},\"inLanguage\":\"es\",\"potentialAction\":[{\"@type\":\"ReadAction\",\"target\":[\"https:\/\/comt.cat\/ofertes-de-treball\/\"]}]},{\"@type\":\"BreadcrumbList\",\"@id\":\"https:\/\/comt.cat\/ofertes-de-treball\/#breadcrumb\",\"itemListElement\":[{\"@type\":\"ListItem\",\"position\":1,\"name\":\"Home\",\"item\":\"https:\/\/comt.cat\/es\/\"},{\"@type\":\"ListItem\",\"position\":2,\"name\":\"Ofertas de trabajo\"}]},{\"@type\":\"WebSite\",\"@id\":\"https:\/\/comt.cat\/#website\",\"url\":\"https:\/\/comt.cat\/\",\"name\":\"COMT\",\"description\":\"Col\u00b7legi de Metges de Tarragona\",\"potentialAction\":[{\"@type\":\"SearchAction\",\"target\":{\"@type\":\"EntryPoint\",\"urlTemplate\":\"https:\/\/comt.cat\/?s={search_term_string}\"},\"query-input\":{\"@type\":\"PropertyValueSpecification\",\"valueRequired\":true,\"valueName\":\"search_term_string\"}}],\"inLanguage\":\"es\"}]}<\/script>\n<!-- \/ Yoast SEO plugin. -->","yoast_head_json":{"title":"Ofertas de trabajo - COMT","robots":{"index":"index","follow":"follow","max-snippet":"max-snippet:-1","max-image-preview":"max-image-preview:large","max-video-preview":"max-video-preview:-1"},"canonical":"https:\/\/comt.cat\/ofertes-de-treball\/","og_locale":"es_ES","og_type":"article","og_title":"Ofertas de trabajo - COMT","og_url":"https:\/\/comt.cat\/ofertes-de-treball\/","og_site_name":"COMT","article_modified_time":"2023-02-28T14:55:42+00:00","twitter_card":"summary_large_image","twitter_misc":{"Tiempo de lectura":"2 minutos"},"schema":{"@context":"https:\/\/schema.org","@graph":[{"@type":"WebPage","@id":"https:\/\/comt.cat\/ofertes-de-treball\/","url":"https:\/\/comt.cat\/ofertes-de-treball\/","name":"Ofertas de trabajo - COMT","isPartOf":{"@id":"https:\/\/comt.cat\/#website"},"datePublished":"2021-07-27T13:21:29+00:00","dateModified":"2023-02-28T14:55:42+00:00","breadcrumb":{"@id":"https:\/\/comt.cat\/ofertes-de-treball\/#breadcrumb"},"inLanguage":"es","potentialAction":[{"@type":"ReadAction","target":["https:\/\/comt.cat\/ofertes-de-treball\/"]}]},{"@type":"BreadcrumbList","@id":"https:\/\/comt.cat\/ofertes-de-treball\/#breadcrumb","itemListElement":[{"@type":"ListItem","position":1,"name":"Home","item":"https:\/\/comt.cat\/es\/"},{"@type":"ListItem","position":2,"name":"Ofertas de trabajo"}]},{"@type":"WebSite","@id":"https:\/\/comt.cat\/#website","url":"https:\/\/comt.cat\/","name":"COMT","description":"Col\u00b7legi de Metges de Tarragona","potentialAction":[{"@type":"SearchAction","target":{"@type":"EntryPoint","urlTemplate":"https:\/\/comt.cat\/?s={search_term_string}"},"query-input":{"@type":"PropertyValueSpecification","valueRequired":true,"valueName":"search_term_string"}}],"inLanguage":"es"}]}},"_links":{"self":[{"href":"https:\/\/comt.cat\/es\/wp-json\/wp\/v2\/pages\/11085","targetHints":{"allow":["GET"]}}],"collection":[{"href":"https:\/\/comt.cat\/es\/wp-json\/wp\/v2\/pages"}],"about":[{"href":"https:\/\/comt.cat\/es\/wp-json\/wp\/v2\/types\/page"}],"author":[{"embeddable":true,"href":"https:\/\/comt.cat\/es\/wp-json\/wp\/v2\/users\/1"}],"replies":[{"embeddable":true,"href":"https:\/\/comt.cat\/es\/wp-json\/wp\/v2\/comments?post=11085"}],"version-history":[{"count":11,"href":"https:\/\/comt.cat\/es\/wp-json\/wp\/v2\/pages\/11085\/revisions"}],"predecessor-version":[{"id":21038,"href":"https:\/\/comt.cat\/es\/wp-json\/wp\/v2\/pages\/11085\/revisions\/21038"}],"wp:attachment":[{"href":"https:\/\/comt.cat\/es\/wp-json\/wp\/v2\/media?parent=11085"}],"curies":[{"name":"wp","href":"https:\/\/api.w.org\/{rel}","templated":true}]}}