{"id":11087,"date":"2021-09-17T09:03:57","date_gmt":"2021-09-17T09:03:57","guid":{"rendered":"https:\/\/comt.quimeras.cat\/politica-de-cookies\/"},"modified":"2021-10-13T10:09:05","modified_gmt":"2021-10-13T10:09:05","slug":"politica-de-cookies","status":"publish","type":"page","link":"https:\/\/comt.cat\/es\/politica-de-cookies\/","title":{"rendered":"Pol\u00edtica de cookies"},"content":{"rendered":"\n\n\t<section class=\"section\" id=\"section_798259288\">\n\t\t<div class=\"section-bg fill\" >\n\t\t\t\t\t\t\t\t\t\n\t\t\t\n\n\t\t<\/div>\n\n\t\t\n\n\t\t<div class=\"section-content relative\">\n\t\t\t\n\n\t<div id=\"gap-1546413922\" class=\"gap-element clearfix\" style=\"display:block; height:auto;\">\n\t\t\n<style>\n#gap-1546413922 {\n  padding-top: 30px;\n}\n<\/style>\n\t<\/div>\n\t\n\n<div class=\"row\"  id=\"row-1100103317\">\n\n\n\t<div id=\"col-2096715475\" class=\"col medium-8 small-12 large-3\"  >\n\t\t\t\t<div class=\"col-inner\"  >\n\t\t\t\n\t\t\t\n\n\t<div id=\"text-1974799335\" class=\"text\">\n\t\t\n\n<h1>Pol\u00edtica de cookies<\/h1>\n\t\t\n<style>\n#text-1974799335 {\n  font-size: 1.5rem;\n}\n<\/style>\n\t<\/div>\n\t\n\n\t\t<\/div>\n\t\t\t\t\t<\/div>\n\n\t\n\n\t<div id=\"col-1573044801\" class=\"col medium-12 small-12 large-9\"  >\n\t\t\t\t<div class=\"col-inner\"  >\n\t\t\t\n\t<div class=\"is-border\"\n\t\tstyle=\"border-color:rgb(126, 178, 233);border-width:0px 0px 0px 2px;\">\n\t<\/div>\n\t\t\t\n\n<p>Les informamos que en la web <a href=\"https:\/\/www.comt.org\/\">https:\/\/www.comt.org\/<\/a> , el sistema de navegaci\u00f3n utiliza algunos datos de navegaci\u00f3n (\u201cCookies\u201d) para poder ofrecer un servicio m\u00e1s esmerado a los usuarios de la web.<\/p>\n<p>Las \u201cCookies\u201d son peque\u00f1os archivos de texto que el navegador almacena cuando se navega por sitios web y aplicaciones. En general, estas tecnolog\u00edas pueden servir por finalidades muy diversas, como por ejemplo, obtener informaci\u00f3n de sus h\u00e1bitos de navegaci\u00f3n o personalizar la forma en que se muestra el contenido.<\/p>\n<p>\u00a0<\/p>\n<p>El COLEGIO OFICIAL DE M\u00c9DICOS DE TARRAGONA en su web utiliza \u201ccookies\u201d de terceros;<\/p>\n<ul>\n<li style=\"list-style-type: none;\">\n<ul>\n<li><strong>Cookies de analisis:<\/strong> su aquellas que, tratadas por terceros, nos permiten cuantificar el n\u00famero de usuarios y as\u00ed poder realizar la medicaci\u00f3n y an\u00e1lisis estad\u00edstico de la utilizaci\u00f3n que realizan los usuarios del servicio ofrecido. Por eso, se analiza su navegaci\u00f3n en nuestra web con el fin de mejorar nuestra oferta de productos y servicios. El Tercero es Google Analytics; que se un servicio de estad\u00edsticas de p\u00e1ginas web que ofrece Google, Inc. Google Analytics recoge informaci\u00f3n del equipo del usuario para obtener informes sobre la actividad de la aplicaci\u00f3n; almacena la informaci\u00f3n recogida por las \u201ccookies\u201d en servidores en los Estados Unidos.<\/li>\n<li><strong>Cookies publicitarias comportamentales:<\/strong> son aquellas, que tratadas por terceros, nos permiten analizar los h\u00e1bitos de navegaci\u00f3n en internet para poder mostrar publicidad con su perfil de navegaci\u00f3n. El servicio es prestado por Google Analytics.<\/li>\n<\/ul>\n<\/li>\n<\/ul>\n<p>\u00a0<\/p>\n<p>En todo caso, en el supuesto que se capten datos de car\u00e1cter personal y en este caso, solo la direcci\u00f3n IP de acceso; les informamos que estas\u00a0 ser\u00e1n tratadas e incorporadas en un Fichero denominado \u201cMarketing y redes sociales\u201d responsabilidad (Nombre de la empresa).<\/p>\n<p>La finalidad de este fichero es la gesti\u00f3n y control de las redes sociales que se disponen as\u00ed como de los usuarios que interact\u00faan en la web y la informaci\u00f3n que se obtiene. Estos datos ser\u00e1n transmitidos a las empresas gestoras de las cookies y ser\u00e1n conservadas de acuerdo con los par\u00e1metros de estas entidades.\u00a0 Esta datos ser\u00e1n transferidos en terceros pa\u00edses, pudiendo obtener informaci\u00f3n al respeto en la propia pol\u00edtica de Google; <a href=\"https:\/\/policies.google.com\/privacy?hl=es\">https:\/\/policies.google.com\/privacy?hl=es<\/a><\/p>\n<p>Conforme aquello dispuesto en la normativa de Protecci\u00f3n de Datos de Car\u00e1cter Personal, le informamos que puede revocar estas autorizaciones a trabas de su propio navegador o ejercitar los derechos de acceso, rectificaci\u00f3n o supresi\u00f3n, la limitaci\u00f3n del tratamiento u oponerse, as\u00ed como el derecho a la portabilidad de los datos a: V\u00eda del Imperio Romano 11 bis Tarragona 43003 (Tarragona). As\u00ed mismo, podr\u00e1 presentar una reclamaci\u00f3n ante la Autoridad Catalana de Protecci\u00f3n de Datos; o meterse en contacto con nuestro Delegado de Protecci\u00f3n de datos en <a href=\"mailto:comt@comt.cat\">comt@comt.cat<\/a><\/p>\n<p>\u00a0<\/p>\n<p>Se informa el usuario que Google podr\u00e1 transmitir esta informaci\u00f3n a terceros cuando as\u00ed lo requiera la ley, o cuando estos terceros procesen la informaci\u00f3n por cuenta de Google. Google no asociar\u00e1 la direcci\u00f3n IP del usuario con ning\u00fan otr dato de que disponga, y por tanto lo har\u00e1 totalmente de forma anonimizada.<\/p>\n<p>Para rechazar o eliminar esta \u201c*cookie\u201d se puede consultar la siguiente direcci\u00f3n:<br \/><a href=\"http:\/\/www.google.com\/intl\/ca\/policies\/privacy\/\">http:\/\/www.google.com\/intl\/ca\/policies\/privacy\/<br \/><\/a><a href=\"http:\/\/www.google.com\/intl\/en\/privacypolicy.html\">http:\/\/www.google.com\/intl\/en\/privacypolicy.html<\/a><\/p>\n<p>\u00a0<\/p>\n<p><strong>DESACTIVACI\u00d3N Y BLOQUEO DE LAS COOKIES<\/strong><\/p>\n<p>En cualquier caso, el usuario puede habilitar la opci\u00f3n de su propio sistema de navegaci\u00f3n para no permitir la instalaci\u00f3n de cookies; sin que en ning\u00fan caso el COLEGIO OFICIAL DE M\u00c9DICOS DE TARRAGONA pueda ser responsable de que la inhabilitaci\u00f3n de Cookies comporte que algunos de los servicios que ofrece esta web no funcionen correctamente.<\/p>\n<p>\u00a0<\/p>\n<p>En los siguientes enlaces, podr\u00e1 encontrar instrucciones que lo ayudar\u00e1n a configurar los ajustes de los principales navegadores m\u00e1s utilizados.<\/p>\n<p>\u00a0<\/p>\n<p>Internet Explorer:<\/p>\n<p><a href=\"https:\/\/support.microsoft.com\/es-es\/help\/17442\/windows-internet-explorer-delete-manage-cookies\">https:\/\/support.microsoft.com\/es-es\/help\/17442\/windows-internet-explorer-delete-manage-cookies<\/a><\/p>\n<p>\u00a0<\/p>\n<p>Microsoft Edge;<\/p>\n<p>https:\/\/support.microsoft.com\/es-es\/help\/4027947\/microsoft-edge-delete-cookies<\/p>\n<p>\u00a0<\/p>\n<p>Google Chrome:<\/p>\n<p><a href=\"https:\/\/support.google.com\/chrome\/answer\/95647?hl=es\">https:\/\/support.google.com\/chrome\/answer\/95647?hl=es<\/a><\/p>\n<p>\u00a0<\/p>\n<p>Mozilla Firefox:<\/p>\n<p><a href=\"http:\/\/support.mozilla.org\/es\/kb\/habilitar-y-deshabilitar-cookies-que-los-sitios-we\">http:\/\/support.mozilla.org\/es\/kb\/habilitar-y-deshabilitar-cookies-que-los-sitios-we<\/a><\/p>\n<p>\u00a0<\/p>\n<p>Safari:<br \/><a href=\"http:\/\/support.apple.com\/kb\/ph5042\">http:\/\/support.apple.com\/kb\/ph5042<\/a><\/p>\n<p>\u00a0<\/p>\n<p>Safari para IOS (Iphone, IPad):<\/p>\n<p><a href=\"http:\/\/support.apple.com\/kb\/ht1677?viewlocale=es_es&amp;locale=es_es\">http:\/\/support.apple.com\/kb\/ht1677?viewlocale=es_es&amp;locale=es_es<\/a><\/p>\n<p>\u00a0<\/p>\n<p>Chrome para Android:<\/p>\n<p><a href=\"https:\/\/support.google.com\/chrome\/answer\/2392971?hl=es\">https:\/\/support.google.com\/chrome\/answer\/2392971?hl=es<\/a><\/p>\n<p>\u00a0<\/p>\n<p>Si se desea m\u00e1s informaci\u00f3n sobre las cookies y su manera de inhabilitarlas seg\u00fan su sistema de navegaci\u00f3n puede consultar los<br \/>siguientes links:<\/p>\n<p>www.aboutcookies.org <br \/><a href=\"http:\/\/www.aboutcookies.org\/Default.aspx?page=1\">http:\/\/www.aboutcookies.org\/Default.aspx?page=1<\/a><\/p>\n<p>\u00a0<\/p>\n<p>En caso contrario, y habiendo informado en el COLEGIO OFICIAL DE M\u00c9DICOS DE TARRAGONA del uso de cookies, y sin que estas hayan sido inhabilitadas implica que la usuario mujer su consentimiento al tratamiento de datos por Google en la forma prevista en este aviso y por las finalidades aqu\u00ed descritas.<\/p>\n<p>\u00a0<\/p>\n<p>En caso de duda o de cualquier comentario, se puede dirigir al COLEGIO OFICIAL DE M\u00c9DICOS DE TARRAGONA a trav\u00e9s de sus medios de atenci\u00f3n al p\u00fablico o bien comunicarse con nosotros a trav\u00e9s de : <a href=\"mailto:comt@comt.cat\">comt@comt.cat<\/a> \u00a0\u00a0<\/p>\n\n\t\t<\/div>\n\t\t\t\t\n<style>\n#col-1573044801 > .col-inner {\n  padding: 0px 0px 0px 30px;\n  margin: 0px 0px 0px 0px;\n}\n@media (min-width:850px) {\n  #col-1573044801 > .col-inner {\n    margin: 10px 0px 0px 0px;\n  }\n}\n<\/style>\n\t<\/div>\n\n\t\n\n<\/div>\n\n\t\t<\/div>\n\n\t\t\n<style>\n#section_798259288 {\n  padding-top: 60px;\n  padding-bottom: 60px;\n  min-height: 400px;\n  background-color: rgb(251, 248, 243);\n}\n@media (min-width:550px) {\n  #section_798259288 {\n    padding-top: 80px;\n    padding-bottom: 80px;\n  }\n}\n@media (min-width:850px) {\n  #section_798259288 {\n    padding-top: 110px;\n    padding-bottom: 110px;\n  }\n}\n<\/style>\n\t<\/section>\n\t\n\n","protected":false},"excerpt":{"rendered":"","protected":false},"author":1,"featured_media":0,"parent":0,"menu_order":0,"comment_status":"closed","ping_status":"closed","template":"page-blank.php","meta":{"footnotes":""},"class_list":["post-11087","page","type-page","status-publish","hentry"],"yoast_head":"<!-- This site is optimized with the Yoast SEO plugin v27.2 - https:\/\/yoast.com\/product\/yoast-seo-wordpress\/ -->\n<title>Pol\u00edtica de cookies - COMT<\/title>\n<meta name=\"robots\" content=\"index, follow, max-snippet:-1, max-image-preview:large, max-video-preview:-1\" \/>\n<link rel=\"canonical\" href=\"https:\/\/comt.cat\/politica-de-cookies\/\" \/>\n<meta property=\"og:locale\" content=\"es_ES\" \/>\n<meta property=\"og:type\" content=\"article\" \/>\n<meta property=\"og:title\" content=\"Pol\u00edtica de cookies - COMT\" \/>\n<meta property=\"og:url\" content=\"https:\/\/comt.cat\/politica-de-cookies\/\" \/>\n<meta property=\"og:site_name\" content=\"COMT\" \/>\n<meta property=\"article:modified_time\" content=\"2021-10-13T10:09:05+00:00\" \/>\n<meta name=\"twitter:card\" content=\"summary_large_image\" \/>\n<meta name=\"twitter:label1\" content=\"Tiempo de lectura\" \/>\n\t<meta name=\"twitter:data1\" content=\"4 minutos\" \/>\n<script type=\"application\/ld+json\" class=\"yoast-schema-graph\">{\"@context\":\"https:\/\/schema.org\",\"@graph\":[{\"@type\":\"WebPage\",\"@id\":\"https:\/\/comt.cat\/politica-de-cookies\/\",\"url\":\"https:\/\/comt.cat\/politica-de-cookies\/\",\"name\":\"Pol\u00edtica de cookies - COMT\",\"isPartOf\":{\"@id\":\"https:\/\/comt.cat\/#website\"},\"datePublished\":\"2021-09-17T09:03:57+00:00\",\"dateModified\":\"2021-10-13T10:09:05+00:00\",\"breadcrumb\":{\"@id\":\"https:\/\/comt.cat\/politica-de-cookies\/#breadcrumb\"},\"inLanguage\":\"es\",\"potentialAction\":[{\"@type\":\"ReadAction\",\"target\":[\"https:\/\/comt.cat\/politica-de-cookies\/\"]}]},{\"@type\":\"BreadcrumbList\",\"@id\":\"https:\/\/comt.cat\/politica-de-cookies\/#breadcrumb\",\"itemListElement\":[{\"@type\":\"ListItem\",\"position\":1,\"name\":\"Home\",\"item\":\"https:\/\/comt.cat\/es\/\"},{\"@type\":\"ListItem\",\"position\":2,\"name\":\"Pol\u00edtica de cookies\"}]},{\"@type\":\"WebSite\",\"@id\":\"https:\/\/comt.cat\/#website\",\"url\":\"https:\/\/comt.cat\/\",\"name\":\"COMT\",\"description\":\"Col\u00b7legi de Metges de Tarragona\",\"potentialAction\":[{\"@type\":\"SearchAction\",\"target\":{\"@type\":\"EntryPoint\",\"urlTemplate\":\"https:\/\/comt.cat\/?s={search_term_string}\"},\"query-input\":{\"@type\":\"PropertyValueSpecification\",\"valueRequired\":true,\"valueName\":\"search_term_string\"}}],\"inLanguage\":\"es\"}]}<\/script>\n<!-- \/ Yoast SEO plugin. -->","yoast_head_json":{"title":"Pol\u00edtica de cookies - COMT","robots":{"index":"index","follow":"follow","max-snippet":"max-snippet:-1","max-image-preview":"max-image-preview:large","max-video-preview":"max-video-preview:-1"},"canonical":"https:\/\/comt.cat\/politica-de-cookies\/","og_locale":"es_ES","og_type":"article","og_title":"Pol\u00edtica de cookies - COMT","og_url":"https:\/\/comt.cat\/politica-de-cookies\/","og_site_name":"COMT","article_modified_time":"2021-10-13T10:09:05+00:00","twitter_card":"summary_large_image","twitter_misc":{"Tiempo de lectura":"4 minutos"},"schema":{"@context":"https:\/\/schema.org","@graph":[{"@type":"WebPage","@id":"https:\/\/comt.cat\/politica-de-cookies\/","url":"https:\/\/comt.cat\/politica-de-cookies\/","name":"Pol\u00edtica de cookies - COMT","isPartOf":{"@id":"https:\/\/comt.cat\/#website"},"datePublished":"2021-09-17T09:03:57+00:00","dateModified":"2021-10-13T10:09:05+00:00","breadcrumb":{"@id":"https:\/\/comt.cat\/politica-de-cookies\/#breadcrumb"},"inLanguage":"es","potentialAction":[{"@type":"ReadAction","target":["https:\/\/comt.cat\/politica-de-cookies\/"]}]},{"@type":"BreadcrumbList","@id":"https:\/\/comt.cat\/politica-de-cookies\/#breadcrumb","itemListElement":[{"@type":"ListItem","position":1,"name":"Home","item":"https:\/\/comt.cat\/es\/"},{"@type":"ListItem","position":2,"name":"Pol\u00edtica de cookies"}]},{"@type":"WebSite","@id":"https:\/\/comt.cat\/#website","url":"https:\/\/comt.cat\/","name":"COMT","description":"Col\u00b7legi de Metges de Tarragona","potentialAction":[{"@type":"SearchAction","target":{"@type":"EntryPoint","urlTemplate":"https:\/\/comt.cat\/?s={search_term_string}"},"query-input":{"@type":"PropertyValueSpecification","valueRequired":true,"valueName":"search_term_string"}}],"inLanguage":"es"}]}},"_links":{"self":[{"href":"https:\/\/comt.cat\/es\/wp-json\/wp\/v2\/pages\/11087","targetHints":{"allow":["GET"]}}],"collection":[{"href":"https:\/\/comt.cat\/es\/wp-json\/wp\/v2\/pages"}],"about":[{"href":"https:\/\/comt.cat\/es\/wp-json\/wp\/v2\/types\/page"}],"author":[{"embeddable":true,"href":"https:\/\/comt.cat\/es\/wp-json\/wp\/v2\/users\/1"}],"replies":[{"embeddable":true,"href":"https:\/\/comt.cat\/es\/wp-json\/wp\/v2\/comments?post=11087"}],"version-history":[{"count":3,"href":"https:\/\/comt.cat\/es\/wp-json\/wp\/v2\/pages\/11087\/revisions"}],"predecessor-version":[{"id":11150,"href":"https:\/\/comt.cat\/es\/wp-json\/wp\/v2\/pages\/11087\/revisions\/11150"}],"wp:attachment":[{"href":"https:\/\/comt.cat\/es\/wp-json\/wp\/v2\/media?parent=11087"}],"curies":[{"name":"wp","href":"https:\/\/api.w.org\/{rel}","templated":true}]}}