{"id":11089,"date":"2021-10-06T15:57:09","date_gmt":"2021-10-06T15:57:09","guid":{"rendered":"https:\/\/comt.quimeras.cat\/programa-atencio-integral-metge-malalt\/"},"modified":"2021-10-14T07:37:00","modified_gmt":"2021-10-14T07:37:00","slug":"programa-atencio-integral-metge-malalt","status":"publish","type":"page","link":"https:\/\/comt.cat\/es\/programa-atencio-integral-metge-malalt\/","title":{"rendered":"Programa Atenci\u00f3n Integral M\u00e9dico Enfermo"},"content":{"rendered":"\n\n\t<section class=\"section\" id=\"section_604328083\">\n\t\t<div class=\"section-bg fill\" >\n\t\t\t\t\t\t\t\t\t\n\t\t\t\n\n\t\t<\/div>\n\n\t\t\n\n\t\t<div class=\"section-content relative\">\n\t\t\t\n\n\t<div id=\"gap-400587594\" class=\"gap-element clearfix\" style=\"display:block; height:auto;\">\n\t\t\n<style>\n#gap-400587594 {\n  padding-top: 30px;\n}\n<\/style>\n\t<\/div>\n\t\n\n<div class=\"row align-middle align-center\"  id=\"row-1330097859\">\n\n\n\t<div id=\"col-2125830921\" class=\"col medium-8 small-12 large-9\"  >\n\t\t\t\t<div class=\"col-inner\"  >\n\t\t\t\n\t\t\t\n\n\t<div id=\"text-874968814\" class=\"text\">\n\t\t\n\n<h1>Programa Atenci\u00f3n Integral M\u00e9dico Enfermo (PAIMM)<\/h1>\n\t\t\n<style>\n#text-874968814 {\n  font-size: 1.5rem;\n}\n<\/style>\n\t<\/div>\n\t\n\n\t\t<\/div>\n\t\t\t\t\t<\/div>\n\n\t\n\n<\/div>\n\n\t\t<\/div>\n\n\t\t\n<style>\n#section_604328083 {\n  padding-top: 60px;\n  padding-bottom: 60px;\n  min-height: 149px;\n  background-color: rgb(251, 248, 243);\n}\n@media (min-width:550px) {\n  #section_604328083 {\n    padding-top: 80px;\n    padding-bottom: 80px;\n  }\n}\n@media (min-width:850px) {\n  #section_604328083 {\n    padding-top: 28px;\n    padding-bottom: 28px;\n  }\n}\n<\/style>\n\t<\/section>\n\t\n\n\t<section class=\"section\" id=\"section_256142308\">\n\t\t<div class=\"section-bg fill\" >\n\t\t\t\t\t\t\t\t\t\n\t\t\t\n\n\t\t<\/div>\n\n\t\t\n\n\t\t<div class=\"section-content relative\">\n\t\t\t\n\n<div class=\"row row-collapse align-middle\"  id=\"row-341712144\">\n\n\n\t<div id=\"col-1099695026\" class=\"col medium-6 small-12 large-6\"  >\n\t\t\t\t<div class=\"col-inner\"  >\n\t\t\t\n\t\t\t\n\n\t<div class=\"img has-hover x md-x lg-x y md-y lg-y\" id=\"image_57470513\">\n\t\t\t\t\t\t\t\t<div class=\"img-inner dark\" >\n\t\t\t<img loading=\"lazy\" decoding=\"async\" width=\"683\" height=\"1024\" src=\"https:\/\/comt.cat\/wp-content\/uploads\/2021\/10\/Manuel-Carasol-copia-min-683x1024.png\" class=\"attachment-large size-large\" alt=\"\" srcset=\"https:\/\/comt.cat\/wp-content\/uploads\/2021\/10\/Manuel-Carasol-copia-min-683x1024.png 683w, https:\/\/comt.cat\/wp-content\/uploads\/2021\/10\/Manuel-Carasol-copia-min-200x300.png 200w, https:\/\/comt.cat\/wp-content\/uploads\/2021\/10\/Manuel-Carasol-copia-min-768x1152.png 768w, https:\/\/comt.cat\/wp-content\/uploads\/2021\/10\/Manuel-Carasol-copia-min.png 800w\" sizes=\"(max-width: 683px) 100vw, 683px\" \/>\t\t\t\t\t\t\n\t\t\t\t\t<\/div>\n\t\t\t\t\t\t\t\t\n<style>\n#image_57470513 {\n  width: 61%;\n}\n<\/style>\n\t<\/div>\n\t\n\n<h3 data-line-height=\"xs\"><span data-text-color=\"secondary\">Manuel Carasol<\/span><\/h3>\n<p data-line-height=\"xs\">Responsable de PAIMM en el COMT<\/p>\n\n\t\t<\/div>\n\t\t\t\t\n<style>\n#col-1099695026 > .col-inner {\n  margin: -91px 0px 11px 0px;\n}\n<\/style>\n\t<\/div>\n\n\t\n\n\t<div id=\"col-780652400\" class=\"col medium-6 small-12 large-6\"  >\n\t\t\t\t<div class=\"col-inner\"  >\n\t\t\t\n\t\t\t\n\n<p class=\"p1\">El <b>Programa d\u2019Atenci\u00f3 Integral al Metge Malalt (PAIMM)<\/b> es una herramienta realmente \u00fatil. Est\u00e1 dedicada a la <strong>asistencia<\/strong> de los compa\u00f1eros de los cuatro Colegios de M\u00e9dicos de Catalu\u00f1a que podamos sufrir problemas de salud mental (s\u00edndromes de agotamiento f\u00edsico y mental, estr\u00e9s emocional y depresi\u00f3n as\u00ed como otros problemas psicol\u00f3gicos) y conductas adictivas.<\/p>\n<p class=\"p1\">La finalidad de este programa es doble. <strong>Ayudar<\/strong> a recuperar los compa\u00f1eros que est\u00e1n sufriendo situaciones dif\u00edciles, <strong>garantizando<\/strong> su retorno y la integraci\u00f3n al ejercicio de la profesi\u00f3n en <strong>condiciones \u00f3ptimas<\/strong> y, a la vez, ser un garante de la <strong>buena praxis cl\u00ednica<\/strong>.<\/p>\n<p class=\"p1\">A menudo nos olvidamos de cuidar de quienes cuidan y es por este motivo, que si nunca os encontr\u00e1is en alguna situaci\u00f3n de riesgo, el COMT estar\u00e1 a vuestro lado. Ser\u00e9 <strong>vuestro enlace con el PAIMM<\/strong>, os asesorar\u00e9 y os guiar\u00e9 en cualquier problema o duda que pod\u00e1is tener y recordad, las puertas de la Instituci\u00f3n las ten\u00e9is siempre abiertas.<\/p>\n<p class=\"p1\">\u00a0<\/p>\n\n\t\t<\/div>\n\t\t\t\t\n<style>\n#col-780652400 > .col-inner {\n  margin: 0px 18px 0px 6px;\n}\n@media (min-width:550px) {\n  #col-780652400 > .col-inner {\n    margin: 0px 0px 0px -133px;\n  }\n}\n<\/style>\n\t<\/div>\n\n\t\n\n<\/div>\n<div class=\"row\"  id=\"row-380433954\">\n\n\n\t<div id=\"col-553002139\" class=\"col small-12 large-12\"  >\n\t\t\t\t<div class=\"col-inner\"  >\n\t\t\t\n\t\t\t\n\n<a href=\"http:\/\/mcarasol@comt.org\" class=\"button secondary is-underline\" >\n\t<i class=\"icon-envelop\" aria-hidden=\"true\"><\/i>\t<span>Correo<\/span>\n\t<\/a>\n\n\n<a href=\"https:\/\/www.fgalatea.org\/es\/home\" target=\"_blank\" class=\"button alert is-underline\" rel=\"noopener\" >\n\t<i class=\"icon-angle-right\" aria-hidden=\"true\"><\/i>\t<span>Fundaci\u00f3 Galatea<\/span>\n\t<\/a>\n\n\n\n\t\t<\/div>\n\t\t\t\t\t<\/div>\n\n\t\n\n<\/div>\n\n\t\t<\/div>\n\n\t\t\n<style>\n#section_256142308 {\n  padding-top: 30px;\n  padding-bottom: 30px;\n}\n<\/style>\n\t<\/section>\n\t\n\n","protected":false},"excerpt":{"rendered":"","protected":false},"author":1,"featured_media":0,"parent":0,"menu_order":0,"comment_status":"closed","ping_status":"closed","template":"page-blank.php","meta":{"footnotes":""},"class_list":["post-11089","page","type-page","status-publish","hentry"],"yoast_head":"<!-- This site is optimized with the Yoast SEO plugin v27.2 - https:\/\/yoast.com\/product\/yoast-seo-wordpress\/ -->\n<title>Programa Atenci\u00f3n Integral M\u00e9dico Enfermo - COMT<\/title>\n<meta name=\"robots\" content=\"index, follow, max-snippet:-1, max-image-preview:large, max-video-preview:-1\" \/>\n<link rel=\"canonical\" href=\"https:\/\/comt.cat\/programa-atencio-integral-metge-malalt\/\" \/>\n<meta property=\"og:locale\" content=\"es_ES\" \/>\n<meta property=\"og:type\" content=\"article\" \/>\n<meta property=\"og:title\" content=\"Programa Atenci\u00f3n Integral M\u00e9dico Enfermo - COMT\" \/>\n<meta property=\"og:url\" content=\"https:\/\/comt.cat\/programa-atencio-integral-metge-malalt\/\" \/>\n<meta property=\"og:site_name\" content=\"COMT\" \/>\n<meta property=\"article:modified_time\" content=\"2021-10-14T07:37:00+00:00\" \/>\n<meta name=\"twitter:card\" content=\"summary_large_image\" \/>\n<meta name=\"twitter:label1\" content=\"Tiempo de lectura\" \/>\n\t<meta name=\"twitter:data1\" content=\"2 minutos\" \/>\n<script type=\"application\/ld+json\" class=\"yoast-schema-graph\">{\"@context\":\"https:\/\/schema.org\",\"@graph\":[{\"@type\":\"WebPage\",\"@id\":\"https:\/\/comt.cat\/programa-atencio-integral-metge-malalt\/\",\"url\":\"https:\/\/comt.cat\/programa-atencio-integral-metge-malalt\/\",\"name\":\"Programa Atenci\u00f3n Integral M\u00e9dico Enfermo - COMT\",\"isPartOf\":{\"@id\":\"https:\/\/comt.cat\/#website\"},\"datePublished\":\"2021-10-06T15:57:09+00:00\",\"dateModified\":\"2021-10-14T07:37:00+00:00\",\"breadcrumb\":{\"@id\":\"https:\/\/comt.cat\/programa-atencio-integral-metge-malalt\/#breadcrumb\"},\"inLanguage\":\"es\",\"potentialAction\":[{\"@type\":\"ReadAction\",\"target\":[\"https:\/\/comt.cat\/programa-atencio-integral-metge-malalt\/\"]}]},{\"@type\":\"BreadcrumbList\",\"@id\":\"https:\/\/comt.cat\/programa-atencio-integral-metge-malalt\/#breadcrumb\",\"itemListElement\":[{\"@type\":\"ListItem\",\"position\":1,\"name\":\"Home\",\"item\":\"https:\/\/comt.cat\/es\/\"},{\"@type\":\"ListItem\",\"position\":2,\"name\":\"Programa Atenci\u00f3n Integral M\u00e9dico Enfermo\"}]},{\"@type\":\"WebSite\",\"@id\":\"https:\/\/comt.cat\/#website\",\"url\":\"https:\/\/comt.cat\/\",\"name\":\"COMT\",\"description\":\"Col\u00b7legi de Metges de Tarragona\",\"potentialAction\":[{\"@type\":\"SearchAction\",\"target\":{\"@type\":\"EntryPoint\",\"urlTemplate\":\"https:\/\/comt.cat\/?s={search_term_string}\"},\"query-input\":{\"@type\":\"PropertyValueSpecification\",\"valueRequired\":true,\"valueName\":\"search_term_string\"}}],\"inLanguage\":\"es\"}]}<\/script>\n<!-- \/ Yoast SEO plugin. -->","yoast_head_json":{"title":"Programa Atenci\u00f3n Integral M\u00e9dico Enfermo - COMT","robots":{"index":"index","follow":"follow","max-snippet":"max-snippet:-1","max-image-preview":"max-image-preview:large","max-video-preview":"max-video-preview:-1"},"canonical":"https:\/\/comt.cat\/programa-atencio-integral-metge-malalt\/","og_locale":"es_ES","og_type":"article","og_title":"Programa Atenci\u00f3n Integral M\u00e9dico Enfermo - COMT","og_url":"https:\/\/comt.cat\/programa-atencio-integral-metge-malalt\/","og_site_name":"COMT","article_modified_time":"2021-10-14T07:37:00+00:00","twitter_card":"summary_large_image","twitter_misc":{"Tiempo de lectura":"2 minutos"},"schema":{"@context":"https:\/\/schema.org","@graph":[{"@type":"WebPage","@id":"https:\/\/comt.cat\/programa-atencio-integral-metge-malalt\/","url":"https:\/\/comt.cat\/programa-atencio-integral-metge-malalt\/","name":"Programa Atenci\u00f3n Integral M\u00e9dico Enfermo - COMT","isPartOf":{"@id":"https:\/\/comt.cat\/#website"},"datePublished":"2021-10-06T15:57:09+00:00","dateModified":"2021-10-14T07:37:00+00:00","breadcrumb":{"@id":"https:\/\/comt.cat\/programa-atencio-integral-metge-malalt\/#breadcrumb"},"inLanguage":"es","potentialAction":[{"@type":"ReadAction","target":["https:\/\/comt.cat\/programa-atencio-integral-metge-malalt\/"]}]},{"@type":"BreadcrumbList","@id":"https:\/\/comt.cat\/programa-atencio-integral-metge-malalt\/#breadcrumb","itemListElement":[{"@type":"ListItem","position":1,"name":"Home","item":"https:\/\/comt.cat\/es\/"},{"@type":"ListItem","position":2,"name":"Programa Atenci\u00f3n Integral M\u00e9dico Enfermo"}]},{"@type":"WebSite","@id":"https:\/\/comt.cat\/#website","url":"https:\/\/comt.cat\/","name":"COMT","description":"Col\u00b7legi de Metges de Tarragona","potentialAction":[{"@type":"SearchAction","target":{"@type":"EntryPoint","urlTemplate":"https:\/\/comt.cat\/?s={search_term_string}"},"query-input":{"@type":"PropertyValueSpecification","valueRequired":true,"valueName":"search_term_string"}}],"inLanguage":"es"}]}},"_links":{"self":[{"href":"https:\/\/comt.cat\/es\/wp-json\/wp\/v2\/pages\/11089","targetHints":{"allow":["GET"]}}],"collection":[{"href":"https:\/\/comt.cat\/es\/wp-json\/wp\/v2\/pages"}],"about":[{"href":"https:\/\/comt.cat\/es\/wp-json\/wp\/v2\/types\/page"}],"author":[{"embeddable":true,"href":"https:\/\/comt.cat\/es\/wp-json\/wp\/v2\/users\/1"}],"replies":[{"embeddable":true,"href":"https:\/\/comt.cat\/es\/wp-json\/wp\/v2\/comments?post=11089"}],"version-history":[{"count":5,"href":"https:\/\/comt.cat\/es\/wp-json\/wp\/v2\/pages\/11089\/revisions"}],"predecessor-version":[{"id":11488,"href":"https:\/\/comt.cat\/es\/wp-json\/wp\/v2\/pages\/11089\/revisions\/11488"}],"wp:attachment":[{"href":"https:\/\/comt.cat\/es\/wp-json\/wp\/v2\/media?parent=11089"}],"curies":[{"name":"wp","href":"https:\/\/api.w.org\/{rel}","templated":true}]}}