{"id":11093,"date":"2021-07-27T13:37:16","date_gmt":"2021-07-27T13:37:16","guid":{"rendered":"https:\/\/comt.quimeras.cat\/quotes-collegials\/"},"modified":"2026-01-09T09:24:47","modified_gmt":"2026-01-09T08:24:47","slug":"quotes-collegials","status":"publish","type":"page","link":"https:\/\/comt.cat\/es\/quotes-collegials\/","title":{"rendered":"Cuotas colegiales"},"content":{"rendered":"\n\n\t<section class=\"section\" id=\"section_1667716327\">\n\t\t<div class=\"section-bg fill\" >\n\t\t\t\t\t\t\t\t\t\n\t\t\t\n\n\t\t<\/div>\n\n\t\t\n\n\t\t<div class=\"section-content relative\">\n\t\t\t\n\n\t<div id=\"gap-1037233813\" class=\"gap-element clearfix\" style=\"display:block; height:auto;\">\n\t\t\n<style>\n#gap-1037233813 {\n  padding-top: 30px;\n}\n<\/style>\n\t<\/div>\n\t\n\n<div class=\"row align-middle\"  id=\"row-914580489\">\n\n\n\t<div id=\"col-1805585387\" class=\"col medium-8 small-12 large-4\"  >\n\t\t\t\t<div class=\"col-inner\"  >\n\t\t\t\n\t\t\t\n\n\t<div id=\"gap-51189503\" class=\"gap-element clearfix\" style=\"display:block; height:auto;\">\n\t\t\n<style>\n#gap-51189503 {\n  padding-top: 9px;\n}\n<\/style>\n\t<\/div>\n\t\n\n\t<div id=\"text-2225954762\" class=\"text\">\n\t\t\n\n<h1>Cuotas colegiales<\/h1>\n\t\t\n<style>\n#text-2225954762 {\n  font-size: 1.5rem;\n  text-align: center;\n}\n@media (min-width:550px) {\n  #text-2225954762 {\n    text-align: right;\n  }\n}\n<\/style>\n\t<\/div>\n\t\n\n\t\t<\/div>\n\t\t\t\t\t<\/div>\n\n\t\n\n\t<div id=\"col-2000572836\" class=\"col medium-12 small-12 large-8\"  >\n\t\t\t\t<div class=\"col-inner\"  >\n\t\t\t\n\t<div class=\"is-border\"\n\t\tstyle=\"border-color:rgb(126, 178, 233);border-width:0px 0px 0px 2px;\">\n\t<\/div>\n\t\t\t\n\n<p>El recibo colegial es de car\u00e1cter trimestral natural y por avanzado.<\/p>\n\n\t\t<\/div>\n\t\t\t\t\n<style>\n#col-2000572836 > .col-inner {\n  padding: 0px 0px 0px 30px;\n  margin: 0px 0px 0px 0px;\n}\n@media (min-width:850px) {\n  #col-2000572836 > .col-inner {\n    margin: 10px 0px 0px 0px;\n  }\n}\n<\/style>\n\t<\/div>\n\n\t\n\n<\/div>\n\n\t\t<\/div>\n\n\t\t\n<style>\n#section_1667716327 {\n  padding-top: 0px;\n  padding-bottom: 0px;\n  min-height: 234px;\n  background-color: rgb(251, 248, 243);\n}\n@media (min-width:550px) {\n  #section_1667716327 {\n    padding-top: 80px;\n    padding-bottom: 80px;\n    min-height: 210px;\n  }\n}\n@media (min-width:850px) {\n  #section_1667716327 {\n    padding-top: 0px;\n    padding-bottom: 0px;\n  }\n}\n<\/style>\n\t<\/section>\n\t\n\n\t<section class=\"section\" id=\"section_1766282510\">\n\t\t<div class=\"section-bg fill\" >\n\t\t\t\t\t\t\t\t\t\n\t\t\t\n\n\t\t<\/div>\n\n\t\t\n\n\t\t<div class=\"section-content relative\">\n\t\t\t\n\n<div class=\"row\"  id=\"row-482033216\">\n\n\n\t<div id=\"col-995998158\" class=\"col medium-3 small-12 large-3\"  >\n\t\t\t\t<div class=\"col-inner text-center dark\" style=\"background-color:rgb(71, 218, 206);\" >\n\t\t\t\n\t\t\t\n\n\n\t\t<div class=\"icon-box featured-box icon-box-center text-center\"  >\n\t\t\t\t\t<div class=\"icon-box-img\" style=\"width: 40px\">\n\t\t\t\t<div class=\"icon\">\n\t\t\t\t\t<div class=\"icon-inner\" style=\"color:rgb(255, 255, 255);\">\n\t\t\t\t\t\t<?xml version=\"1.0\" encoding=\"utf-8\"?>\n<!-- Generator: Adobe Illustrator 25.4.1, SVG Export Plug-In . SVG Version: 6.00 Build 0)  -->\n<svg version=\"1.1\" id=\"Capa_1\" xmlns=\"http:\/\/www.w3.org\/2000\/svg\" xmlns:xlink=\"http:\/\/www.w3.org\/1999\/xlink\" x=\"0px\" y=\"0px\"\n\t viewBox=\"0 0 48 48\" style=\"enable-background:new 0 0 48 48;\" xml:space=\"preserve\">\n<g transform=\"matrix(2,0,0,2,0,0)\">\n\t<g>\n\t\t<g>\n\t\t\t<g>\n\t\t\t\t<path d=\"M0.8,9C0.7,9,0.7,9,0.8,9C0.3,9,0,8.7,0,8.2c0-1.4,0.4-2.9,1.1-4.1c1.1-1.9,2.9-3.3,5-3.9c2.1-0.6,4.4-0.3,6.3,0.8\n\t\t\t\t\tc0.4,0.2,0.5,0.7,0.3,1s-0.7,0.5-1,0.3c-1.6-0.9-3.4-1.1-5.1-0.7C4.8,2.2,3.3,3.3,2.4,4.9c-0.6,1-0.9,2.2-0.9,3.4\n\t\t\t\t\tC1.5,8.7,1.2,9,0.8,9z\"\/>\n\t\t\t<\/g>\n\t\t\t<g>\n\t\t\t\t<path d=\"M15.7,8.7c-0.4,0-0.7-0.3-0.7-0.7c0-0.8-0.2-1.6-0.5-2.4c-0.2-0.4,0-0.8,0.4-1c0.4-0.2,0.8,0,1,0.4\n\t\t\t\t\tc0.4,0.9,0.6,1.9,0.7,2.9C16.5,8.3,16.2,8.7,15.7,8.7C15.8,8.7,15.7,8.7,15.7,8.7z\"\/>\n\t\t\t<\/g>\n\t\t\t<g>\n\t\t\t\t<path d=\"M8.2,24c-0.4,0-0.7-0.3-0.8-0.7c0-0.4,0.3-0.8,0.7-0.8c0.3,0,0.7,0,1-0.1c0.4-0.1,0.8,0.2,0.8,0.6\n\t\t\t\t\tc0.1,0.4-0.2,0.8-0.6,0.8C9.1,24,8.7,24,8.2,24C8.3,24,8.3,24,8.2,24z\"\/>\n\t\t\t<\/g>\n\t\t\t<g>\n\t\t\t\t<path d=\"M5.2,23.4c-0.1,0-0.2,0-0.3-0.1C1.9,22,0,19,0,15.7v-3C0,12.3,0.3,12,0.8,12s0.8,0.3,0.8,0.8v3c0,2.7,1.6,5.1,4.1,6.2\n\t\t\t\t\tc0.4,0.2,0.6,0.6,0.4,1C5.8,23.2,5.5,23.4,5.2,23.4z\"\/>\n\t\t\t<\/g>\n\t\t\t<g>\n\t\t\t\t<path d=\"M12.8,10.3c-0.4,0-0.8-0.3-0.8-0.8V8.3c0-2.1-1.7-3.8-3.7-3.8c0,0,0,0,0,0C7.6,4.5,6.9,4.7,6.4,5C6,5.2,5.6,5.1,5.4,4.7\n\t\t\t\t\tc-0.2-0.4-0.1-0.8,0.3-1C6.4,3.2,7.3,3,8.3,3c0,0,0,0,0,0c2.9,0,5.2,2.4,5.2,5.3v1.2C13.5,9.9,13.2,10.3,12.8,10.3z\"\/>\n\t\t\t<\/g>\n\t\t\t<g>\n\t\t\t\t<path d=\"M8.2,21C5.4,21,3,18.6,3,15.8V8.3c0-0.4,0.3-0.8,0.8-0.8s0.8,0.3,0.8,0.8v7.5c0,2.1,1.7,3.8,3.8,3.8\n\t\t\t\t\tc0.4,0,0.8,0.3,0.8,0.8S8.7,21,8.2,21z\"\/>\n\t\t\t<\/g>\n\t\t\t<g>\n\t\t\t\t<path d=\"M9.8,12C9.3,12,9,11.7,9,11.3v-3c0-0.4-0.3-0.8-0.8-0.8S7.5,7.8,7.5,8.3v3c0,0.4-0.3,0.8-0.8,0.8S6,11.7,6,11.3v-3\n\t\t\t\t\tC6,7,7,6,8.2,6s2.2,1,2.2,2.2v3C10.5,11.7,10.2,12,9.8,12z\"\/>\n\t\t\t<\/g>\n\t\t\t<g>\n\t\t\t\t<path d=\"M8.2,18C7,18,6,17,6,15.8C6,15.3,6.3,15,6.8,15s0.8,0.3,0.8,0.8c0,0.4,0.3,0.8,0.8,0.8c0.4,0,0.8,0.3,0.8,0.8\n\t\t\t\t\tS8.7,18,8.2,18z\"\/>\n\t\t\t<\/g>\n\t\t<\/g>\n\t\t<g>\n\t\t\t<g>\n\t\t\t\t<path d=\"M17.2,24c-3.7,0-6.8-3-6.8-6.8s3-6.8,6.8-6.8s6.8,3,6.8,6.8S21,24,17.2,24z M17.2,12c-2.9,0-5.2,2.4-5.2,5.3\n\t\t\t\t\ts2.4,5.2,5.2,5.2s5.2-2.4,5.2-5.2S20.1,12,17.2,12z\"\/>\n\t\t\t<\/g>\n\t\t\t<g>\n\t\t\t\t<path d=\"M16.4,20.4c-0.4,0-0.8-0.2-1.1-0.4l-1.5-1.5c-0.3-0.3-0.3-0.8,0-1.1s0.8-0.3,1.1,0l1.5,1.5l2.9-3.9\n\t\t\t\t\tc0.2-0.3,0.7-0.4,1.1-0.1c0.3,0.2,0.4,0.7,0.1,1.1l-2.9,3.9C17.3,20.2,16.9,20.4,16.4,20.4C16.5,20.4,16.5,20.4,16.4,20.4z\"\/>\n\t\t\t<\/g>\n\t\t<\/g>\n\t<\/g>\n<\/g>\n<\/svg>\n\t\t\t\t\t<\/div>\n\t\t\t\t<\/div>\n\t\t\t<\/div>\n\t\t\t\t<div class=\"icon-box-text last-reset\">\n\t\t\t\t\t\t\t\t\t\n\n\t<div id=\"text-2056070516\" class=\"text\">\n\t\t\n\n<h4>Puedes descargarte tus certificados de pago de cuotas en el \u00e1rea privada.<\/h4>\n\t\t\n<style>\n#text-2056070516 {\n  line-height: 1.3;\n}\n<\/style>\n\t<\/div>\n\t\n\n\t\t<\/div>\n\t<\/div>\n\t\n\t\n\t<div id=\"gap-151894887\" class=\"gap-element clearfix\" style=\"display:block; height:auto;\">\n\t\t\n<style>\n#gap-151894887 {\n  padding-top: 14px;\n}\n<\/style>\n\t<\/div>\n\t\n\n<a href=\"https:\/\/comt.quimeras.cat\/area-privada\/\" target=\"_blank\" class=\"button white is-underline\" rel=\"noopener\" >\n\t<i class=\"icon-angle-right\" aria-hidden=\"true\"><\/i>\t<span>Acceder<\/span>\n\t<\/a>\n\n\n\n\t\t<\/div>\n\t\t\t\t\n<style>\n#col-995998158 > .col-inner {\n  padding: 50px 50px 50px 50px;\n}\n<\/style>\n\t<\/div>\n\n\t\n\n\t<div id=\"col-1697964533\" class=\"col medium-9 small-12 large-9\"  >\n\t\t\t\t<div class=\"col-inner\" style=\"background-color:rgb(243, 243, 243);\" >\n\t\t\t\n\t\t\t\n\n<h5>Cuota Colegial &#8211; Actualizado en abril de 2023<\/h5>\n<table width=\"416\">\n<tbody>\n<tr>\n<td width=\"288\">Cuota colegial de entrada (\u00danica)<\/td>\n<td width=\"128\">0,00 \u20ac<\/td>\n<\/tr>\n<tr>\n<td>Cuota colegial (Trimestral)<\/td>\n<td>89,00 \u20ac<\/td>\n<\/tr>\n<\/tbody>\n<\/table>\n\t<div id=\"gap-141430881\" class=\"gap-element clearfix\" style=\"display:block; height:auto;\">\n\t\t\n<style>\n#gap-141430881 {\n  padding-top: 30px;\n}\n<\/style>\n\t<\/div>\n\t\n\n<h2>Altres quotes col\u00b7legials<\/h2>\n<table width=\"253\">\n<tbody>\n<tr>\n<td width=\"253\">\n<h4>Acabats de Graduar<\/h4>\n<\/td>\n<\/tr>\n<\/tbody>\n<\/table>\n<table width=\"376\">\n<tbody>\n<tr>\n<td width=\"253\">Quota col\u00b7legial d\u2019entrada (\u00danica)<\/td>\n<td width=\"123\">0,00 \u20ac<\/td>\n<\/tr>\n<tr>\n<td>Quota col\u00b7legial (Trimestral)<\/td>\n<td>30,00\u00a0\u20ac<\/td>\n<\/tr>\n<\/tbody>\n<\/table>\n<table width=\"253\">\n<tbody>\n<tr>\n<td width=\"253\">\n<h4>MIR<\/h4>\n<\/td>\n<\/tr>\n<\/tbody>\n<\/table>\n<table width=\"376\">\n<tbody>\n<tr>\n<td width=\"253\">Quota col\u00b7legial d\u2019entrada (\u00danica)<\/td>\n<td width=\"123\">0,00 \u20ac<\/td>\n<\/tr>\n<tr>\n<td>Quota col\u00b7legial (Trimestral)<\/td>\n<td>60,00\u00a0\u20ac<\/td>\n<\/tr>\n<\/tbody>\n<\/table>\n<table width=\"253\">\n<tbody>\n<tr>\n<td width=\"253\">\n<h4>Societats Professionals<\/h4>\n<\/td>\n<\/tr>\n<\/tbody>\n<\/table>\n<table width=\"376\">\n<tbody>\n<tr>\n<td width=\"253\">Quota inscripci\u00f3 (\u00danica)<\/td>\n<td width=\"123\">100,00 \u20ac<\/td>\n<\/tr>\n<tr>\n<td>Quota (Trimestral)<\/td>\n<td>72,28 \u20ac<\/td>\n<\/tr>\n<\/tbody>\n<\/table>\n<table width=\"253\">\n<tbody>\n<tr>\n<td width=\"253\">\n<h4>Responsabilitat Civil (Opcional)<\/h4>\n<\/td>\n<\/tr>\n<\/tbody>\n<\/table>\n<table style=\"height: 172px;\" width=\"376\">\n<tbody>\n<tr style=\"height: 21px;\">\n<td style=\"width: 242.405px; height: 21px;\">Preu general<\/td>\n<td style=\"width: 121.267px; height: 21px;\">148,77 \u20ac<\/td>\n<\/tr>\n<tr style=\"height: 71px;\">\n<td style=\"width: 242.405px; height: 71px;\">\n<p>Metges de Fam\u00edlia i Pediatria en Atenci\u00f3 Prim\u00e0ria (sector p\u00fablic)<\/p>\n<\/td>\n<td style=\"width: 121.267px; height: 71px;\">119,02 \u20ac<\/td>\n<\/tr>\n<tr style=\"height: 43px;\">\n<td style=\"width: 242.405px; height: 43px;\">Metges Jubilats sense exercici, Incapacitats, Hereus metges difunts<\/td>\n<td style=\"width: 121.267px; height: 43px;\">14,88 \u20ac<\/td>\n<\/tr>\n<tr style=\"height: 37px;\">\n<td style=\"width: 242.405px; height: 37px;\">\n<p>Extensi\u00f3 Andorra<\/p>\n<\/td>\n<td style=\"width: 121.267px; height: 37px;\">24,58 \u20ac<\/td>\n<\/tr>\n<tr style=\"height: 37px;\">\n<td style=\"width: 242.405px; height: 37px;\">\n<p>Societats Professionals<\/p>\n<\/td>\n<td style=\"width: 121.267px; height: 37px;\">148,77 \u20ac\/trimestre<\/td>\n<\/tr>\n<\/tbody>\n<\/table>\n\n\n\t\t<\/div>\n\t\t\t\t\n<style>\n#col-1697964533 > .col-inner {\n  padding: 50px 50px 50px 50px;\n}\n<\/style>\n\t<\/div>\n\n\t\n\n<\/div>\n\n\t\t<\/div>\n\n\t\t\n<style>\n#section_1766282510 {\n  padding-top: 57px;\n  padding-bottom: 57px;\n}\n<\/style>\n\t<\/section>\n\t\n\n","protected":false},"excerpt":{"rendered":"","protected":false},"author":1,"featured_media":0,"parent":0,"menu_order":0,"comment_status":"closed","ping_status":"closed","template":"page-blank.php","meta":{"footnotes":""},"class_list":["post-11093","page","type-page","status-publish","hentry"],"yoast_head":"<!-- This site is optimized with the Yoast SEO plugin v27.2 - https:\/\/yoast.com\/product\/yoast-seo-wordpress\/ -->\n<title>Cuotas colegiales - COMT<\/title>\n<meta name=\"robots\" content=\"index, follow, max-snippet:-1, max-image-preview:large, max-video-preview:-1\" \/>\n<link rel=\"canonical\" href=\"https:\/\/comt.cat\/es\/quotes-collegials\/\" \/>\n<meta property=\"og:locale\" content=\"es_ES\" \/>\n<meta property=\"og:type\" content=\"article\" \/>\n<meta property=\"og:title\" content=\"Cuotas colegiales - COMT\" \/>\n<meta property=\"og:url\" content=\"https:\/\/comt.cat\/es\/quotes-collegials\/\" \/>\n<meta property=\"og:site_name\" content=\"COMT\" \/>\n<meta property=\"article:modified_time\" content=\"2026-01-09T08:24:47+00:00\" \/>\n<meta name=\"twitter:card\" content=\"summary_large_image\" \/>\n<meta name=\"twitter:label1\" content=\"Tiempo de lectura\" \/>\n\t<meta name=\"twitter:data1\" content=\"1 minuto\" \/>\n<script type=\"application\/ld+json\" class=\"yoast-schema-graph\">{\"@context\":\"https:\/\/schema.org\",\"@graph\":[{\"@type\":\"WebPage\",\"@id\":\"https:\/\/comt.cat\/es\/quotes-collegials\/\",\"url\":\"https:\/\/comt.cat\/es\/quotes-collegials\/\",\"name\":\"Cuotas colegiales - COMT\",\"isPartOf\":{\"@id\":\"https:\/\/comt.cat\/#website\"},\"datePublished\":\"2021-07-27T13:37:16+00:00\",\"dateModified\":\"2026-01-09T08:24:47+00:00\",\"breadcrumb\":{\"@id\":\"https:\/\/comt.cat\/es\/quotes-collegials\/#breadcrumb\"},\"inLanguage\":\"es\",\"potentialAction\":[{\"@type\":\"ReadAction\",\"target\":[\"https:\/\/comt.cat\/es\/quotes-collegials\/\"]}]},{\"@type\":\"BreadcrumbList\",\"@id\":\"https:\/\/comt.cat\/es\/quotes-collegials\/#breadcrumb\",\"itemListElement\":[{\"@type\":\"ListItem\",\"position\":1,\"name\":\"Home\",\"item\":\"https:\/\/comt.cat\/es\/\"},{\"@type\":\"ListItem\",\"position\":2,\"name\":\"Cuotas colegiales\"}]},{\"@type\":\"WebSite\",\"@id\":\"https:\/\/comt.cat\/#website\",\"url\":\"https:\/\/comt.cat\/\",\"name\":\"COMT\",\"description\":\"Col\u00b7legi de Metges de Tarragona\",\"potentialAction\":[{\"@type\":\"SearchAction\",\"target\":{\"@type\":\"EntryPoint\",\"urlTemplate\":\"https:\/\/comt.cat\/?s={search_term_string}\"},\"query-input\":{\"@type\":\"PropertyValueSpecification\",\"valueRequired\":true,\"valueName\":\"search_term_string\"}}],\"inLanguage\":\"es\"}]}<\/script>\n<!-- \/ Yoast SEO plugin. -->","yoast_head_json":{"title":"Cuotas colegiales - COMT","robots":{"index":"index","follow":"follow","max-snippet":"max-snippet:-1","max-image-preview":"max-image-preview:large","max-video-preview":"max-video-preview:-1"},"canonical":"https:\/\/comt.cat\/es\/quotes-collegials\/","og_locale":"es_ES","og_type":"article","og_title":"Cuotas colegiales - COMT","og_url":"https:\/\/comt.cat\/es\/quotes-collegials\/","og_site_name":"COMT","article_modified_time":"2026-01-09T08:24:47+00:00","twitter_card":"summary_large_image","twitter_misc":{"Tiempo de lectura":"1 minuto"},"schema":{"@context":"https:\/\/schema.org","@graph":[{"@type":"WebPage","@id":"https:\/\/comt.cat\/es\/quotes-collegials\/","url":"https:\/\/comt.cat\/es\/quotes-collegials\/","name":"Cuotas colegiales - COMT","isPartOf":{"@id":"https:\/\/comt.cat\/#website"},"datePublished":"2021-07-27T13:37:16+00:00","dateModified":"2026-01-09T08:24:47+00:00","breadcrumb":{"@id":"https:\/\/comt.cat\/es\/quotes-collegials\/#breadcrumb"},"inLanguage":"es","potentialAction":[{"@type":"ReadAction","target":["https:\/\/comt.cat\/es\/quotes-collegials\/"]}]},{"@type":"BreadcrumbList","@id":"https:\/\/comt.cat\/es\/quotes-collegials\/#breadcrumb","itemListElement":[{"@type":"ListItem","position":1,"name":"Home","item":"https:\/\/comt.cat\/es\/"},{"@type":"ListItem","position":2,"name":"Cuotas colegiales"}]},{"@type":"WebSite","@id":"https:\/\/comt.cat\/#website","url":"https:\/\/comt.cat\/","name":"COMT","description":"Col\u00b7legi de Metges de Tarragona","potentialAction":[{"@type":"SearchAction","target":{"@type":"EntryPoint","urlTemplate":"https:\/\/comt.cat\/?s={search_term_string}"},"query-input":{"@type":"PropertyValueSpecification","valueRequired":true,"valueName":"search_term_string"}}],"inLanguage":"es"}]}},"_links":{"self":[{"href":"https:\/\/comt.cat\/es\/wp-json\/wp\/v2\/pages\/11093","targetHints":{"allow":["GET"]}}],"collection":[{"href":"https:\/\/comt.cat\/es\/wp-json\/wp\/v2\/pages"}],"about":[{"href":"https:\/\/comt.cat\/es\/wp-json\/wp\/v2\/types\/page"}],"author":[{"embeddable":true,"href":"https:\/\/comt.cat\/es\/wp-json\/wp\/v2\/users\/1"}],"replies":[{"embeddable":true,"href":"https:\/\/comt.cat\/es\/wp-json\/wp\/v2\/comments?post=11093"}],"version-history":[{"count":15,"href":"https:\/\/comt.cat\/es\/wp-json\/wp\/v2\/pages\/11093\/revisions"}],"predecessor-version":[{"id":45632,"href":"https:\/\/comt.cat\/es\/wp-json\/wp\/v2\/pages\/11093\/revisions\/45632"}],"wp:attachment":[{"href":"https:\/\/comt.cat\/es\/wp-json\/wp\/v2\/media?parent=11093"}],"curies":[{"name":"wp","href":"https:\/\/api.w.org\/{rel}","templated":true}]}}