{"id":11095,"date":"2021-07-27T13:37:23","date_gmt":"2021-07-27T13:37:23","guid":{"rendered":"https:\/\/comt.quimeras.cat\/reduccio-de-quotes\/"},"modified":"2025-10-15T12:31:41","modified_gmt":"2025-10-15T10:31:41","slug":"reduccio-de-quotes","status":"publish","type":"page","link":"https:\/\/comt.cat\/es\/reduccio-de-quotes\/","title":{"rendered":"Reducci\u00f3n de cuotas"},"content":{"rendered":"\n\n\t<section class=\"section\" id=\"section_509302504\">\n\t\t<div class=\"section-bg fill\" >\n\t\t\t\t\t\t\t\t\t\n\t\t\t\n\n\t\t<\/div>\n\n\t\t\n\n\t\t<div class=\"section-content relative\">\n\t\t\t\n\n\t<div id=\"gap-2128328104\" class=\"gap-element clearfix\" style=\"display:block; height:auto;\">\n\t\t\n<style>\n#gap-2128328104 {\n  padding-top: 30px;\n}\n<\/style>\n\t<\/div>\n\t\n\n<div class=\"row align-middle align-center\"  id=\"row-1675987207\">\n\n\n\t<div id=\"col-432097242\" class=\"col medium-8 small-12 large-7\"  >\n\t\t\t\t<div class=\"col-inner text-center\"  >\n\t\t\t\n\t\t\t\n\n\t<div id=\"text-2742279183\" class=\"text\">\n\t\t\n\n<h1>Reducci\u00f3n\/exenci\u00f3n de cuotas<\/h1>\n\t\t\n<style>\n#text-2742279183 {\n  font-size: 1.5rem;\n}\n<\/style>\n\t<\/div>\n\t\n\n\t\t<\/div>\n\t\t\t\t\t<\/div>\n\n\t\n\n<\/div>\n\n\t\t<\/div>\n\n\t\t\n<style>\n#section_509302504 {\n  padding-top: 60px;\n  padding-bottom: 60px;\n  min-height: 253px;\n  background-color: rgb(251, 248, 243);\n}\n@media (min-width:550px) {\n  #section_509302504 {\n    padding-top: 80px;\n    padding-bottom: 80px;\n  }\n}\n@media (min-width:850px) {\n  #section_509302504 {\n    padding-top: 50px;\n    padding-bottom: 50px;\n  }\n}\n<\/style>\n\t<\/section>\n\t\n\n\t<section class=\"section\" id=\"section_483601392\">\n\t\t<div class=\"section-bg fill\" >\n\t\t\t\t\t\t\t\t\t\n\t\t\t\n\n\t\t<\/div>\n\n\t\t\n\n\t\t<div class=\"section-content relative\">\n\t\t\t\n\n<div class=\"row\" style=\"max-width:1400px\" id=\"row-2085415961\">\n\n\n\t<div id=\"col-1308439887\" class=\"col medium-6 small-12 large-6\"  >\n\t\t\t\t<div class=\"col-inner\"  >\n\t\t\t\n\t\t\t\n\n\n\t\t<div class=\"icon-box featured-box icon-box-left text-left\"  >\n\t\t\t\t\t<div class=\"icon-box-img\" style=\"width: 36px\">\n\t\t\t\t<div class=\"icon\">\n\t\t\t\t\t<div class=\"icon-inner\" style=\"color:rgb(71, 218, 206);\">\n\t\t\t\t\t\t<?xml version=\"1.0\" encoding=\"utf-8\"?>\n<!-- Generator: Adobe Illustrator 25.4.1, SVG Export Plug-In . SVG Version: 6.00 Build 0)  -->\n<svg version=\"1.1\" id=\"Capa_1\" xmlns=\"http:\/\/www.w3.org\/2000\/svg\" xmlns:xlink=\"http:\/\/www.w3.org\/1999\/xlink\" x=\"0px\" y=\"0px\"\n\t viewBox=\"0 0 48 48\" style=\"enable-background:new 0 0 48 48;\" xml:space=\"preserve\">\n<g transform=\"matrix(2,0,0,2,0,0)\">\n\t<g>\n\t\t<path d=\"M6,7.5C4.1,7.5,2.6,6,2.6,4.1S4.1,0.7,6,0.7s3.4,1.5,3.4,3.4S7.9,7.5,6,7.5z M6,2.2c-1,0-1.9,0.8-1.9,1.9S5,6,6,6\n\t\t\ts1.9-0.8,1.9-1.9S7,2.2,6,2.2z\"\/>\n\t<\/g>\n\t<g>\n\t\t<path d=\"M9,21.7H3c-0.4,0-0.8-0.3-0.8-0.8s0.3-0.8,0.8-0.8h6c0.4,0,0.8,0.3,0.8,0.8S9.4,21.7,9,21.7z\"\/>\n\t<\/g>\n\t<g>\n\t\t<path d=\"M13.5,23.3c-1.1,0-2-0.8-2.2-1.9l-0.4-2.6H8.7c-1.7,0-3.2-1.2-3.6-2.8L3.8,11C3.5,9.8,4.3,8.6,5.5,8.3\n\t\t\tc0.2,0,0.4-0.1,0.5-0.1h7.5c1.2,0,2.2,1,2.2,2.2s-1,2.3-2.2,2.3H8.9l0.4,1.5h2.2c0,0,0,0,0,0c1.8,0,3.4,1.3,3.7,3.2l0.5,3.2\n\t\t\tc0.2,1.2-0.6,2.4-1.9,2.6C13.7,23.2,13.6,23.3,13.5,23.3z M6,9.8c-0.1,0-0.1,0-0.2,0c-0.4,0.1-0.6,0.5-0.5,0.9l1.2,4.9\n\t\t\tc0.3,1,1.1,1.7,2.2,1.7h2.8c0.4,0,0.7,0.3,0.7,0.6l0.5,3.2c0.1,0.4,0.5,0.7,0.9,0.6c0.4-0.1,0.7-0.5,0.6-0.9l-0.5-3.2\n\t\t\tc-0.2-1.1-1.1-1.9-2.2-1.9H8.7c-0.3,0-0.6-0.2-0.7-0.6l-0.8-3c-0.1-0.2,0-0.5,0.1-0.6c0.1-0.2,0.4-0.3,0.6-0.3h5.6\n\t\t\tc0.4,0,0.8-0.3,0.8-0.8s-0.3-0.8-0.8-0.8H6C6,9.8,6,9.8,6,9.8z\"\/>\n\t<\/g>\n\t<g>\n\t\t<path d=\"M21,23.3c-0.4,0-0.8-0.3-0.8-0.8V11.2c0-0.4-0.3-0.8-0.8-0.8s-0.8,0.3-0.8,0.8c0,0.4-0.3,0.8-0.8,0.8s-0.8-0.3-0.8-0.8\n\t\t\tc0-1.2,1-2.2,2.2-2.2s2.2,1,2.2,2.2v11.3C21.8,22.9,21.4,23.3,21,23.3z\"\/>\n\t<\/g>\n<\/g>\n<\/svg>\n\t\t\t\t\t<\/div>\n\t\t\t\t<\/div>\n\t\t\t<\/div>\n\t\t\t\t<div class=\"icon-box-text last-reset\">\n\t\t\t\t\t\t\t\t\t\n\n\t<div id=\"text-1100672604\" class=\"text\">\n\t\t\n\n<h4><span style=\"font-size: 130%;\">Solicitud de reducci\u00f3n de cuotas colegiales por jubilaci\u00f3n<\/span><\/h4>\n\t\t\n<style>\n#text-1100672604 {\n  line-height: 1.2;\n  color: rgb(78, 151, 193);\n}\n#text-1100672604 > * {\n  color: rgb(78, 151, 193);\n}\n<\/style>\n\t<\/div>\n\t\n\t<div id=\"gap-1085950688\" class=\"gap-element clearfix\" style=\"display:block; height:auto;\">\n\t\t\n<style>\n#gap-1085950688 {\n  padding-top: 30px;\n}\n<\/style>\n\t<\/div>\n\t\n\n\n\t\t<\/div>\n\t<\/div>\n\t\n\t\n<p>Los m\u00e9dicos de m\u00e1s de 65 a\u00f1os que hayan cesado en su ejercicio profesional, pero quieran mantener su vinculaci\u00f3n con la corporaci\u00f3n, estar\u00e1n exentos del pago de las cuotas colegiales.\u00a0<\/p>\n<p>Para tramitar esta exenci\u00f3n solo tienen que acreditar que no tienen ingresos econ\u00f3micos derivados de la actividad profesional m\u00e9dica, y comprometerse a que si una vez declarada la exenci\u00f3n y antes de cumplir los 70 a\u00f1os, volviera a realizar una actividad profesional retribuida, lo comunicar\u00e1n al COMT.<\/p>\n<p>La exenci\u00f3n de cuotas colegiales por jubilaci\u00f3n no implica la baja o reducci\u00f3n autom\u00e1tica en la cuota de Responsabilidad Civil Profesional. Si tiene la p\u00f3liza de Responsabilidad Civil Profesional del Colegio podr\u00e1\u00a0contratar, si as\u00ed lo desea,\u00a0la modalidad de no ejerciente\u00a0que comporta una importante reducci\u00f3n del coste. Con esta cuota reducida podr\u00e1 continuar manteniendo su condici\u00f3n de asegurado por reclamaciones que pueda recibir ya jubilado y por actos m\u00e9dicos realizados con anterioridad a esta condici\u00f3n.<\/p>\n<p>Para m\u00e1s informaci\u00f3n puedes dirigirte a <span id=\"cloak45324\"><a href=\"mailto:tramits@comt.cat\">tramits@comt.cat<\/a><\/span>.<\/p>\n\n\t\t<\/div>\n\t\t\t\t\t<\/div>\n\n\t\n\n\t<div id=\"col-898480295\" class=\"col medium-6 small-12 large-6\"  >\n\t\t\t\t<div class=\"col-inner\"  >\n\t\t\t\n\t\t\t\n\n\n\t\t<div class=\"icon-box featured-box icon-box-left text-left\"  >\n\t\t\t\t\t<div class=\"icon-box-img\" style=\"width: 36px\">\n\t\t\t\t<div class=\"icon\">\n\t\t\t\t\t<div class=\"icon-inner\" style=\"color:rgb(71, 218, 206);\">\n\t\t\t\t\t\t<?xml version=\"1.0\" encoding=\"utf-8\"?>\n<!-- Generator: Adobe Illustrator 25.4.1, SVG Export Plug-In . SVG Version: 6.00 Build 0)  -->\n<svg version=\"1.1\" id=\"Capa_1\" xmlns=\"http:\/\/www.w3.org\/2000\/svg\" xmlns:xlink=\"http:\/\/www.w3.org\/1999\/xlink\" x=\"0px\" y=\"0px\"\n\t viewBox=\"0 0 48 48\" style=\"enable-background:new 0 0 48 48;\" xml:space=\"preserve\">\n<g transform=\"matrix(2,0,0,2,0,0)\">\n\t<g>\n\t\t<path d=\"M5.2,7.5C3.4,7.5,1.9,6,1.9,4.1s1.5-3.4,3.4-3.4s3.4,1.5,3.4,3.4S7.1,7.5,5.2,7.5z M5.2,2.2c-1,0-1.9,0.8-1.9,1.9\n\t\t\tS4.2,6,5.2,6s1.9-0.8,1.9-1.9S6.3,2.2,5.2,2.2z\"\/>\n\t<\/g>\n\t<g>\n\t\t<path d=\"M8.2,21.7h-6c-0.4,0-0.8-0.3-0.8-0.8s0.3-0.8,0.8-0.8h6C8.7,20.2,9,20.6,9,21S8.7,21.7,8.2,21.7z\"\/>\n\t<\/g>\n\t<g>\n\t\t<path d=\"M12.7,23.3c-0.5,0-0.9-0.1-1.3-0.4c-0.5-0.4-0.8-0.9-0.9-1.5l-0.4-2.6H7.9c-1.7,0-3.2-1.2-3.6-2.8L3.1,11\n\t\t\tC2.8,9.8,3.5,8.6,4.7,8.3c0.2,0,0.4-0.1,0.6-0.1h7.5c1.2,0,2.2,1,2.2,2.2s-1,2.3-2.2,2.3H8.1l0.4,1.5h2.2c0,0,0,0,0,0\n\t\t\tc1.8,0,3.4,1.3,3.7,3.2l0.5,3.2c0.2,1.2-0.6,2.4-1.9,2.6C13,23.2,12.9,23.3,12.7,23.3z M5.2,9.8c-0.1,0-0.1,0-0.2,0\n\t\t\tc-0.4,0.1-0.6,0.5-0.5,0.9l1.2,4.9c0.3,1,1.1,1.7,2.2,1.7h2.8c0.4,0,0.7,0.3,0.7,0.6l0.5,3.2c0,0.2,0.1,0.4,0.3,0.5\n\t\t\tc0.2,0.1,0.4,0.2,0.6,0.1c0.4-0.1,0.7-0.5,0.6-0.9L13,17.6c-0.2-1.1-1.1-1.9-2.2-1.9c0,0,0,0,0,0H7.9c-0.3,0-0.6-0.2-0.7-0.6\n\t\t\tl-0.8-3c-0.1-0.2,0-0.5,0.1-0.6c0.1-0.2,0.4-0.3,0.6-0.3h5.6c0.4,0,0.8-0.3,0.8-0.8s-0.3-0.8-0.8-0.8H5.2C5.2,9.8,5.2,9.8,5.2,9.8\n\t\t\tz\"\/>\n\t<\/g>\n\t<g>\n\t\t<path d=\"M21.8,8.2h-6c-0.4,0-0.8-0.3-0.8-0.8s0.3-0.8,0.8-0.8h6c0.4,0,0.8,0.3,0.8,0.8S22.2,8.2,21.8,8.2z\"\/>\n\t<\/g>\n\t<g>\n\t\t<path d=\"M18.8,17.3c-1.2,0-2.2-1-2.2-2.2V7.5c0-0.4,0.3-0.8,0.8-0.8S18,7.1,18,7.5V15c0,0.4,0.3,0.8,0.8,0.8s0.8-0.3,0.8-0.8V7.5\n\t\t\tc0-0.4,0.3-0.8,0.8-0.8S21,7.1,21,7.5V15C21,16.2,20,17.3,18.8,17.3z\"\/>\n\t<\/g>\n\t<g>\n\t\t<path d=\"M18.8,23.2c-0.4,0-0.8-0.3-0.8-0.8v-6c0-0.4,0.3-0.8,0.8-0.8s0.8,0.3,0.8,0.8v6C19.5,22.9,19.2,23.2,18.8,23.2z\"\/>\n\t<\/g>\n\t<g>\n\t\t<path d=\"M19.5,23.2H18c-0.4,0-0.8-0.3-0.8-0.8s0.3-0.8,0.8-0.8h1.5c0.4,0,0.8,0.3,0.8,0.8S19.9,23.2,19.5,23.2z\"\/>\n\t<\/g>\n<\/g>\n<\/svg>\n\t\t\t\t\t<\/div>\n\t\t\t\t<\/div>\n\t\t\t<\/div>\n\t\t\t\t<div class=\"icon-box-text last-reset\">\n\t\t\t\t\t\t\t\t\t\n\n\t<div id=\"text-1691630446\" class=\"text\">\n\t\t\n\n<h4><span style=\"font-size: 130%;\">Solicitud de exenci\u00f3n de cuotas colegiales por m\u00e9dico honor\u00edfico a causa de una invalidez o discapacitaci\u00f3n, o incapacitaci\u00f3n legal<\/span><\/h4>\n\t\t\n<style>\n#text-1691630446 {\n  line-height: 1.2;\n  color: rgb(78, 151, 193);\n}\n#text-1691630446 > * {\n  color: rgb(78, 151, 193);\n}\n<\/style>\n\t<\/div>\n\t\n\t<div id=\"gap-308655832\" class=\"gap-element clearfix\" style=\"display:block; height:auto;\">\n\t\t\n<style>\n#gap-308655832 {\n  padding-top: 30px;\n}\n<\/style>\n\t<\/div>\n\t\n\n\n\t\t<\/div>\n\t<\/div>\n\t\n\t\n<p>Los m\u00e9dicos que han cumplido la edad de 70 a\u00f1os, pasan a la condici\u00f3n de Colegiados Honor\u00edficos autom\u00e1ticamente, quedando exentos del pago de las cuotas colegiales.<\/p>\n<p>Aun as\u00ed puede solicitar a la Junta de Gobierno la incorporaci\u00f3n a la misma condici\u00f3n de Colegiado Honor\u00edfico en caso de que, no habiendo cumplido la edad reglamentaria de 70 a\u00f1os, se encuentre en situaci\u00f3n de invalidez para el ejercicio de la profesi\u00f3n de m\u00e9dico, de discapacidad total o permanente para poder trabajar o haya sido incapacitado legalmente.<\/p>\n<p>Cuando se te reconozca esta exenci\u00f3n, pasar\u00e1s en la clase de no-ejercientes y, por lo tanto, si tienes la p\u00f3liza de Responsabilidad Civil Profesional del Colegio podr\u00e1s\u00a0contratar, si as\u00ed lo deseas,\u00a0la modalidad de no ejerciente\u00a0que comporta una importante reducci\u00f3n del coste. Con esta cuota reducida podr\u00e1s continuar manteniendo tu condici\u00f3n de asegurado por reclamaciones que puedas recibir a partir de este momento\u00a0y por actos m\u00e9dicos realizados con anterioridad a esta condici\u00f3n.<\/p>\n<p>Para m\u00e1s informaci\u00f3n puedes dirigirte a <span id=\"cloak57988\"><a href=\"mailto:tramits@comt.cat\">tramits@comt.cat<\/a><\/span>.<\/p>\n\n\t\t<\/div>\n\t\t\t\t\t<\/div>\n\n\t\n\n\n<style>\n#row-2085415961 > .col > .col-inner {\n  padding: 20px 20px 20px 20px;\n  background-color: rgb(249, 249, 249);\n}\n<\/style>\n<\/div>\n\n\t\t<\/div>\n\n\t\t\n<style>\n#section_483601392 {\n  padding-top: 75px;\n  padding-bottom: 75px;\n}\n<\/style>\n\t<\/section>\n\t\n\n","protected":false},"excerpt":{"rendered":"","protected":false},"author":1,"featured_media":0,"parent":0,"menu_order":0,"comment_status":"closed","ping_status":"closed","template":"page-blank.php","meta":{"footnotes":""},"class_list":["post-11095","page","type-page","status-publish","hentry"],"yoast_head":"<!-- This site is optimized with the Yoast SEO plugin v27.2 - https:\/\/yoast.com\/product\/yoast-seo-wordpress\/ -->\n<title>Reducci\u00f3n de cuotas - COMT<\/title>\n<meta name=\"robots\" content=\"index, follow, max-snippet:-1, max-image-preview:large, max-video-preview:-1\" \/>\n<link rel=\"canonical\" href=\"https:\/\/comt.cat\/es\/reduccio-de-quotes\/\" \/>\n<meta property=\"og:locale\" content=\"es_ES\" \/>\n<meta property=\"og:type\" content=\"article\" \/>\n<meta property=\"og:title\" content=\"Reducci\u00f3n de cuotas - COMT\" \/>\n<meta property=\"og:url\" content=\"https:\/\/comt.cat\/es\/reduccio-de-quotes\/\" \/>\n<meta property=\"og:site_name\" content=\"COMT\" \/>\n<meta property=\"article:modified_time\" content=\"2025-10-15T10:31:41+00:00\" \/>\n<meta name=\"twitter:card\" content=\"summary_large_image\" \/>\n<meta name=\"twitter:label1\" content=\"Tiempo de lectura\" \/>\n\t<meta name=\"twitter:data1\" content=\"3 minutos\" \/>\n<script type=\"application\/ld+json\" class=\"yoast-schema-graph\">{\"@context\":\"https:\/\/schema.org\",\"@graph\":[{\"@type\":\"WebPage\",\"@id\":\"https:\/\/comt.cat\/es\/reduccio-de-quotes\/\",\"url\":\"https:\/\/comt.cat\/es\/reduccio-de-quotes\/\",\"name\":\"Reducci\u00f3n de cuotas - COMT\",\"isPartOf\":{\"@id\":\"https:\/\/comt.cat\/#website\"},\"datePublished\":\"2021-07-27T13:37:23+00:00\",\"dateModified\":\"2025-10-15T10:31:41+00:00\",\"breadcrumb\":{\"@id\":\"https:\/\/comt.cat\/es\/reduccio-de-quotes\/#breadcrumb\"},\"inLanguage\":\"es\",\"potentialAction\":[{\"@type\":\"ReadAction\",\"target\":[\"https:\/\/comt.cat\/es\/reduccio-de-quotes\/\"]}]},{\"@type\":\"BreadcrumbList\",\"@id\":\"https:\/\/comt.cat\/es\/reduccio-de-quotes\/#breadcrumb\",\"itemListElement\":[{\"@type\":\"ListItem\",\"position\":1,\"name\":\"Home\",\"item\":\"https:\/\/comt.cat\/es\/\"},{\"@type\":\"ListItem\",\"position\":2,\"name\":\"Reducci\u00f3n de cuotas\"}]},{\"@type\":\"WebSite\",\"@id\":\"https:\/\/comt.cat\/#website\",\"url\":\"https:\/\/comt.cat\/\",\"name\":\"COMT\",\"description\":\"Col\u00b7legi de Metges de Tarragona\",\"potentialAction\":[{\"@type\":\"SearchAction\",\"target\":{\"@type\":\"EntryPoint\",\"urlTemplate\":\"https:\/\/comt.cat\/?s={search_term_string}\"},\"query-input\":{\"@type\":\"PropertyValueSpecification\",\"valueRequired\":true,\"valueName\":\"search_term_string\"}}],\"inLanguage\":\"es\"}]}<\/script>\n<!-- \/ Yoast SEO plugin. -->","yoast_head_json":{"title":"Reducci\u00f3n de cuotas - COMT","robots":{"index":"index","follow":"follow","max-snippet":"max-snippet:-1","max-image-preview":"max-image-preview:large","max-video-preview":"max-video-preview:-1"},"canonical":"https:\/\/comt.cat\/es\/reduccio-de-quotes\/","og_locale":"es_ES","og_type":"article","og_title":"Reducci\u00f3n de cuotas - COMT","og_url":"https:\/\/comt.cat\/es\/reduccio-de-quotes\/","og_site_name":"COMT","article_modified_time":"2025-10-15T10:31:41+00:00","twitter_card":"summary_large_image","twitter_misc":{"Tiempo de lectura":"3 minutos"},"schema":{"@context":"https:\/\/schema.org","@graph":[{"@type":"WebPage","@id":"https:\/\/comt.cat\/es\/reduccio-de-quotes\/","url":"https:\/\/comt.cat\/es\/reduccio-de-quotes\/","name":"Reducci\u00f3n de cuotas - COMT","isPartOf":{"@id":"https:\/\/comt.cat\/#website"},"datePublished":"2021-07-27T13:37:23+00:00","dateModified":"2025-10-15T10:31:41+00:00","breadcrumb":{"@id":"https:\/\/comt.cat\/es\/reduccio-de-quotes\/#breadcrumb"},"inLanguage":"es","potentialAction":[{"@type":"ReadAction","target":["https:\/\/comt.cat\/es\/reduccio-de-quotes\/"]}]},{"@type":"BreadcrumbList","@id":"https:\/\/comt.cat\/es\/reduccio-de-quotes\/#breadcrumb","itemListElement":[{"@type":"ListItem","position":1,"name":"Home","item":"https:\/\/comt.cat\/es\/"},{"@type":"ListItem","position":2,"name":"Reducci\u00f3n de cuotas"}]},{"@type":"WebSite","@id":"https:\/\/comt.cat\/#website","url":"https:\/\/comt.cat\/","name":"COMT","description":"Col\u00b7legi de Metges de Tarragona","potentialAction":[{"@type":"SearchAction","target":{"@type":"EntryPoint","urlTemplate":"https:\/\/comt.cat\/?s={search_term_string}"},"query-input":{"@type":"PropertyValueSpecification","valueRequired":true,"valueName":"search_term_string"}}],"inLanguage":"es"}]}},"_links":{"self":[{"href":"https:\/\/comt.cat\/es\/wp-json\/wp\/v2\/pages\/11095","targetHints":{"allow":["GET"]}}],"collection":[{"href":"https:\/\/comt.cat\/es\/wp-json\/wp\/v2\/pages"}],"about":[{"href":"https:\/\/comt.cat\/es\/wp-json\/wp\/v2\/types\/page"}],"author":[{"embeddable":true,"href":"https:\/\/comt.cat\/es\/wp-json\/wp\/v2\/users\/1"}],"replies":[{"embeddable":true,"href":"https:\/\/comt.cat\/es\/wp-json\/wp\/v2\/comments?post=11095"}],"version-history":[{"count":5,"href":"https:\/\/comt.cat\/es\/wp-json\/wp\/v2\/pages\/11095\/revisions"}],"predecessor-version":[{"id":43994,"href":"https:\/\/comt.cat\/es\/wp-json\/wp\/v2\/pages\/11095\/revisions\/43994"}],"wp:attachment":[{"href":"https:\/\/comt.cat\/es\/wp-json\/wp\/v2\/media?parent=11095"}],"curies":[{"name":"wp","href":"https:\/\/api.w.org\/{rel}","templated":true}]}}