{"id":11099,"date":"2021-08-31T11:24:46","date_gmt":"2021-08-31T11:24:46","guid":{"rendered":"https:\/\/comt.quimeras.cat\/responsabilitat-civil-professional\/"},"modified":"2025-12-23T10:09:57","modified_gmt":"2025-12-23T09:09:57","slug":"responsabilitat-civil-professional","status":"publish","type":"page","link":"https:\/\/comt.cat\/es\/responsabilitat-civil-professional\/","title":{"rendered":"Responsabilidad Civil Profesional"},"content":{"rendered":"\n\n\t<section class=\"section\" id=\"section_17847369\">\n\t\t<div class=\"section-bg fill\" >\n\t\t\t\t\t\t\t\t\t\n\t\t\t\n\n\t\t<\/div>\n\n\t\t\n\n\t\t<div class=\"section-content relative\">\n\t\t\t\n\n\t<div id=\"gap-1614418143\" class=\"gap-element clearfix\" style=\"display:block; height:auto;\">\n\t\t\n<style>\n#gap-1614418143 {\n  padding-top: 30px;\n}\n<\/style>\n\t<\/div>\n\t\n\n<div class=\"row align-middle align-center\"  id=\"row-653812382\">\n\n\n\t<div id=\"col-1310503456\" class=\"col medium-8 small-12 large-4\"  >\n\t\t\t\t<div class=\"col-inner text-center\"  >\n\t\t\t\n\t\t\t\n\n\t<div id=\"gap-1130108690\" class=\"gap-element clearfix\" style=\"display:block; height:auto;\">\n\t\t\n<style>\n#gap-1130108690 {\n  padding-top: 9px;\n}\n<\/style>\n\t<\/div>\n\t\n\n\t<div id=\"text-3237525655\" class=\"text\">\n\t\t\n\n<h1 style=\"text-align: center;\">Responsabilidad Civil Profesional<\/h1>\n\t\t\n<style>\n#text-3237525655 {\n  font-size: 1.5rem;\n  text-align: right;\n}\n<\/style>\n\t<\/div>\n\t\n\n\t\t<\/div>\n\t\t\t\t\t<\/div>\n\n\t\n\n<\/div>\n\n\t\t<\/div>\n\n\t\t\n<style>\n#section_17847369 {\n  padding-top: 60px;\n  padding-bottom: 60px;\n  min-height: 244px;\n  background-color: rgb(251, 248, 243);\n}\n@media (min-width:550px) {\n  #section_17847369 {\n    padding-top: 80px;\n    padding-bottom: 80px;\n  }\n}\n@media (min-width:850px) {\n  #section_17847369 {\n    padding-top: 31px;\n    padding-bottom: 31px;\n  }\n}\n<\/style>\n\t<\/section>\n\t\n\n\t<section class=\"section\" id=\"section_762430893\">\n\t\t<div class=\"section-bg fill\" >\n\t\t\t\t\t\t\t\t\t\n\t\t\t\n\n\t\t<\/div>\n\n\t\t\n\n\t\t<div class=\"section-content relative\">\n\t\t\t\n\n<div class=\"row\"  id=\"row-1847052048\">\n\n\n\t<div id=\"col-2030653647\" class=\"col medium-6 small-12 large-6\"  >\n\t\t\t\t<div class=\"col-inner\"  >\n\t\t\t\n\t\t\t\n\n<h3>La p\u00f3liza de Responsabilidad Civil Profesional es obligatoria para garantizar la tranquilidad de los m\u00e9dicos y m\u00e9dicas durante su ejercicio.<\/h3>\n<p>Da cobertura a los profesionales velando por su seguridad. Desde el a\u00f1o 2003 todos los profesionales sanitarios, sean personas f\u00edsicas o jur\u00eddicas, est\u00e1n obligados por ley a subscribir un seguro de responsabilidad civil.<\/p>\n<p>El Colegio de M\u00e9dicos de Tarragona tiene subscrita su p\u00f3liza conjuntamente con el Consejo de Colegios de M\u00e9dicos de Catalu\u00f1a, asegurando, en conjunto m\u00e1s de 25.000 m\u00e9dicos a trav\u00e9s de la empresa Relyens Mutual Insurance Sucursal en Espa\u00f1a.<\/p>\n<p>Esta p\u00f3liza es de adhesi\u00f3n voluntaria y est\u00e1 gestionada por un equipo de especialistas en derecho sanitario. En caso de reclamaci\u00f3n ofrece asesoramiento personalizado e informaci\u00f3n continua. Tiene alcance internacional con autorizaci\u00f3n previa (excepto Canad\u00e1 y Estados Unidos).<\/p>\n\n\t\t<\/div>\n\t\t\t\t\t<\/div>\n\n\t\n\n\t<div id=\"col-248939023\" class=\"col medium-6 small-12 large-6\"  >\n\t\t\t\t<div class=\"col-inner\" style=\"background-color:rgb(243, 243, 243);\" >\n\t\t\t\n\t\t\t\n\n<p style=\"font-weight: 400;\">\u00a0<\/p>\n<table style=\"height: 528px;\" width=\"0\">\n<tbody>\n<tr style=\"height: 71px;\">\n<td style=\"height: 71px; width: 165px;\">\u00a0<\/td>\n<td style=\"height: 71px; width: 84px;\">\n<p>1r trimestre 2026<\/p>\n<\/td>\n<td style=\"height: 71px; width: 83.5px;\">\n<p>2n trimestre 2026<\/p>\n<\/td>\n<td style=\"height: 71px; width: 81.9375px;\">\n<p>3r trimestre 2026<\/p>\n<\/td>\n<td style=\"height: 71px; width: 81.5547px;\">\n<p>4t trimestre 2026<\/p>\n<\/td>\n<\/tr>\n<tr style=\"height: 50px;\">\n<td style=\"height: 50px; width: 165px;\">\n<p>Colegiados<\/p>\n<\/td>\n<td style=\"height: 50px; width: 84px;\">\n<p><strong>148,77 \u20ac<\/strong><\/p>\n<\/td>\n<td style=\"height: 50px; width: 83.5px;\">\n<p><strong>148,77 \u20ac<\/strong><\/p>\n<\/td>\n<td style=\"height: 50px; width: 81.9375px;\">\n<p><strong>148,77 \u20ac<\/strong><\/p>\n<\/td>\n<td style=\"height: 50px; width: 81.5547px;\">\n<p><strong>148,77 \u20ac<\/strong><\/p>\n<\/td>\n<\/tr>\n<tr style=\"height: 50px;\">\n<td style=\"height: 50px; width: 165px;\">\n<p>Colegiados MIR*<\/p>\n<\/td>\n<td style=\"height: 50px; width: 84px;\">\n<p><strong>99 \u20ac<\/strong><\/p>\n<\/td>\n<td style=\"height: 50px; width: 83.5px;\">\n<p><strong>99 \u20ac<\/strong><\/p>\n<\/td>\n<td style=\"height: 50px; width: 81.9375px;\">\n<p><strong>99 \u20ac<\/strong><\/p>\n<\/td>\n<td style=\"height: 50px; width: 81.5547px;\">\n<p><strong>99 \u20ac<\/strong><\/p>\n<\/td>\n<\/tr>\n<tr style=\"height: 93px;\">\n<td style=\"height: 93px; width: 165px;\">\n<p>M\u00e9dicos de Familia en Atenci\u00f3n Primaria (sector p\u00fablico)<\/p>\n<\/td>\n<td style=\"height: 186px; width: 84px;\" rowspan=\"2\">\n<p><strong>119,02 \u20ac<\/strong><\/p>\n<\/td>\n<td style=\"height: 186px; width: 83.5px;\" rowspan=\"2\">\n<p><strong>119,02 \u20ac<\/strong><\/p>\n<\/td>\n<td style=\"height: 186px; width: 81.9375px;\" rowspan=\"2\">\n<p><strong>119,02 \u20ac<\/strong><\/p>\n<\/td>\n<td style=\"height: 186px; width: 81.5547px;\" rowspan=\"2\">\n<p><strong>119,02 \u20ac<\/strong><\/p>\n<\/td>\n<\/tr>\n<tr style=\"height: 93px;\">\n<td style=\"height: 93px; width: 165px;\">\n<p>M\u00e9dicos de \u00a0Pediatr\u00eda en Atenci\u00f3n Primaria (sector p\u00fablic)<\/p>\n<\/td>\n<\/tr>\n<tr style=\"height: 50px;\">\n<td style=\"height: 50px; width: 165px;\">\n<p>Jubilados<\/p>\n<\/td>\n<td style=\"height: 50px; width: 84px;\">\n<p><strong>14,88 \u20ac<\/strong><\/p>\n<\/td>\n<td style=\"height: 50px; width: 83.5px;\">\n<p><strong>14,88 \u20ac<\/strong><\/p>\n<\/td>\n<td style=\"height: 50px; width: 81.9375px;\">\n<p><strong>14,88 \u20ac<\/strong><\/p>\n<\/td>\n<td style=\"height: 50px; width: 81.5547px;\">\n<p><strong>14,88 \u20ac<\/strong><\/p>\n<\/td>\n<\/tr>\n<tr style=\"height: 50px;\">\n<td style=\"height: 50px; width: 165px;\">\n<p>Extensi\u00f3n Andorra<\/p>\n<\/td>\n<td style=\"height: 50px; width: 84px;\">\n<p><strong>24,58\u20ac<\/strong><\/p>\n<\/td>\n<td style=\"height: 50px; width: 83.5px;\">\n<p><strong>24,58\u20ac<\/strong><\/p>\n<\/td>\n<td style=\"height: 50px; width: 81.9375px;\">\n<p><strong>24,58\u20ac<\/strong><\/p>\n<\/td>\n<td style=\"height: 50px; width: 81.5547px;\">\n<p><strong>24,58\u20ac<\/strong><\/p>\n<\/td>\n<\/tr>\n<tr style=\"height: 71px;\">\n<td style=\"height: 71px; width: 165px;\">\n<p>Sociedades Profesionales<\/p>\n<\/td>\n<td style=\"height: 71px; width: 84px;\">\n<p><strong>148,77 \u20ac<\/strong><\/p>\n<\/td>\n<td style=\"height: 71px; width: 83.5px;\">\n<p><strong>148,77 \u20ac<\/strong><\/p>\n<\/td>\n<td style=\"height: 71px; width: 81.9375px;\">\n<p><strong>148,77 \u20ac<\/strong><\/p>\n<\/td>\n<td style=\"height: 71px; width: 81.5547px;\">\n<p><strong>148,77 \u20ac<\/strong><\/p>\n<\/td>\n<\/tr>\n<\/tbody>\n<\/table>\n<p>*Primer a\u00f1o natural de residencia gratuito, desde el inicio de la residencia hasta el 31 de diciembre de ese mismo a\u00f1o.<\/p>\n\n\t\t<\/div>\n\t\t\t\t\n<style>\n#col-248939023 > .col-inner {\n  padding: 50px 50px 50px 50px;\n}\n<\/style>\n\t<\/div>\n\n\t\n\n<\/div>\n<div class=\"row\"  id=\"row-531541093\">\n\n\n\t<div id=\"col-748943933\" class=\"col medium-4 small-12 large-4\"  >\n\t\t\t\t<div class=\"col-inner text-center dark\" style=\"background-color:rgb(71, 218, 206);\" >\n\t\t\t\n\t\t\t\n\n\n\t\t<div class=\"icon-box featured-box icon-box-center text-center\"  >\n\t\t\t\t\t<div class=\"icon-box-img\" style=\"width: 40px\">\n\t\t\t\t<div class=\"icon\">\n\t\t\t\t\t<div class=\"icon-inner\" style=\"color:rgb(255, 255, 255);\">\n\t\t\t\t\t\t<?xml version=\"1.0\" encoding=\"utf-8\"?>\n<!-- Generator: Adobe Illustrator 25.4.1, SVG Export Plug-In . SVG Version: 6.00 Build 0)  -->\n<svg version=\"1.1\" id=\"Capa_1\" xmlns=\"http:\/\/www.w3.org\/2000\/svg\" xmlns:xlink=\"http:\/\/www.w3.org\/1999\/xlink\" x=\"0px\" y=\"0px\"\n\t viewBox=\"0 0 48 48\" style=\"enable-background:new 0 0 48 48;\" xml:space=\"preserve\">\n<style type=\"text\/css\">\n\t.st0{fill:#000001;}\n<\/style>\n<g transform=\"matrix(2,0,0,2,0,0)\">\n\t<g>\n\t\t<path class=\"st0\" d=\"M17.5,11c-3.6,0-6.5,2.9-6.5,6.5s2.9,6.5,6.5,6.5s6.5-2.9,6.5-6.5C24,13.9,21.1,11,17.5,11z M20.5,15.6\n\t\t\tl-2.9,3.9c-0.5,0.7-1.4,0.8-2.1,0.3c-0.1,0-0.1-0.1-0.2-0.1l-1.5-1.5c-0.3-0.3-0.3-0.8,0-1.1s0.8-0.3,1.1,0c0,0,0,0,0,0l1.3,1.3\n\t\t\tc0.1,0,0.1,0.1,0.2,0.1c0.1,0,0.1,0,0.2-0.1l2.7-3.6c0.2-0.3,0.7-0.4,1-0.2C20.7,14.8,20.7,15.2,20.5,15.6z\"\/>\n\t\t<g>\n\t\t\t<path class=\"st0\" d=\"M5,10.2h6.5c0.4,0,0.8-0.3,0.8-0.8s-0.3-0.8-0.8-0.8H5c-0.4,0-0.8,0.3-0.8,0.8S4.6,10.2,5,10.2z\"\/>\n\t\t\t<path class=\"st0\" d=\"M5,13.8h3c0.4,0,0.8-0.3,0.8-0.8S8.4,12.2,8,12.2H5c-0.4,0-0.8,0.3-0.8,0.8S4.6,13.8,5,13.8z\"\/>\n\t\t\t<path class=\"st0\" d=\"M5,17.2h2.8c0.4,0,0.8-0.3,0.8-0.8s-0.3-0.8-0.8-0.8H5c-0.4,0-0.8,0.3-0.8,0.8S4.6,17.2,5,17.2z\"\/>\n\t\t\t<path class=\"st0\" d=\"M5.2,6.2h8.5C13.9,6.2,14,6.1,14,6V3c0-0.1-0.1-0.2-0.2-0.2H12V2.5C12,1.1,10.9,0,9.5,0C9.3,0,9,0,8.8,0.1\n\t\t\t\tC7.7,0.4,7,1.4,7,2.6v0.2H5.2C5.1,2.8,5,2.9,5,3v3C5,6.1,5.1,6.2,5.2,6.2z M9.5,1.5c0.4,0,0.8,0.3,0.8,0.8S9.9,3,9.5,3\n\t\t\t\tS8.8,2.7,8.8,2.2C8.8,1.8,9.1,1.5,9.5,1.5z\"\/>\n\t\t\t<path class=\"st0\" d=\"M11,22.1c0-0.1-0.1-0.1-0.2-0.1H2.5C2.2,22,2,21.8,2,21.5V5.2C2,5,2.2,4.8,2.5,4.8h0.8\n\t\t\t\tc0.1,0,0.2-0.1,0.2-0.2V3c0-0.1-0.1-0.2-0.2-0.2H2c-1.1,0-2,0.9-2,2V22c0,1.1,0.9,2,2,2h10.1c0.1,0,0.2-0.1,0.2-0.2\n\t\t\t\tc0-0.1,0-0.2-0.1-0.3C11.8,23.1,11.4,22.6,11,22.1z\"\/>\n\t\t\t<path class=\"st0\" d=\"M18.7,9.6c0.1,0,0.1,0,0.2-0.1C19,9.5,19,9.4,19,9.4V4.8c0-1.1-0.9-2-2-2h-1.2c-0.1,0-0.2,0.1-0.2,0.2v1.5\n\t\t\t\tc0,0.1,0.1,0.2,0.2,0.2h0.8C16.8,4.8,17,5,17,5.2v4c0,0.1,0,0.1,0.1,0.2c0,0,0.1,0.1,0.2,0.1h0.2C17.9,9.5,18.3,9.5,18.7,9.6z\"\/>\n\t\t<\/g>\n\t<\/g>\n<\/g>\n<\/svg>\n\t\t\t\t\t<\/div>\n\t\t\t\t<\/div>\n\t\t\t<\/div>\n\t\t\t\t<div class=\"icon-box-text last-reset\">\n\t\t\t\t\t\t\t\t\t\n\n\t<div id=\"text-1840577632\" class=\"text\">\n\t\t\n\n<h4>Descargar el documento de alta<\/h4>\n\t\t\n<style>\n#text-1840577632 {\n  line-height: 1.3;\n}\n<\/style>\n\t<\/div>\n\t\n\n\t\t<\/div>\n\t<\/div>\n\t\n\t\n\t<div id=\"gap-769092348\" class=\"gap-element clearfix\" style=\"display:block; height:auto;\">\n\t\t\n<style>\n#gap-769092348 {\n  padding-top: 14px;\n}\n<\/style>\n\t<\/div>\n\t\n\n<a href=\"https:\/\/comt.cat\/wp-content\/uploads\/2025\/02\/ALTA-relyens-castella.pdf\" target=\"_blank\" class=\"button white is-underline\" rel=\"noopener\" >\n\t<i class=\"icon-angle-right\" aria-hidden=\"true\"><\/i>\t<span>Descargar<\/span>\n\t<\/a>\n\n\n\n\t\t<\/div>\n\t\t\t\t\n<style>\n#col-748943933 > .col-inner {\n  padding: 17px 17px 17px 17px;\n}\n<\/style>\n\t<\/div>\n\n\t\n\n\t<div id=\"col-1129668831\" class=\"col medium-4 small-12 large-4\"  >\n\t\t\t\t<div class=\"col-inner text-center dark\" style=\"background-color:rgb(71, 218, 206);\" >\n\t\t\t\n\t\t\t\n\n\n\t\t<div class=\"icon-box featured-box icon-box-center text-center\"  >\n\t\t\t\t\t<div class=\"icon-box-img\" style=\"width: 40px\">\n\t\t\t\t<div class=\"icon\">\n\t\t\t\t\t<div class=\"icon-inner\" style=\"color:rgb(255, 255, 255);\">\n\t\t\t\t\t\t<?xml version=\"1.0\" encoding=\"utf-8\"?>\n<!-- Generator: Adobe Illustrator 25.4.1, SVG Export Plug-In . SVG Version: 6.00 Build 0)  -->\n<svg version=\"1.1\" id=\"Capa_1\" xmlns=\"http:\/\/www.w3.org\/2000\/svg\" xmlns:xlink=\"http:\/\/www.w3.org\/1999\/xlink\" x=\"0px\" y=\"0px\"\n\t viewBox=\"0 0 48 48\" style=\"enable-background:new 0 0 48 48;\" xml:space=\"preserve\">\n<style type=\"text\/css\">\n\t.st0{fill:#000001;}\n<\/style>\n<g transform=\"matrix(2,0,0,2,0,0)\">\n\t<g>\n\t\t<path class=\"st0\" d=\"M17.5,11c-3.6,0-6.5,2.9-6.5,6.5s2.9,6.5,6.5,6.5s6.5-2.9,6.5-6.5C24,13.9,21.1,11,17.5,11z M20.5,15.6\n\t\t\tl-2.9,3.9c-0.5,0.7-1.4,0.8-2.1,0.3c-0.1,0-0.1-0.1-0.2-0.1l-1.5-1.5c-0.3-0.3-0.3-0.8,0-1.1s0.8-0.3,1.1,0c0,0,0,0,0,0l1.3,1.3\n\t\t\tc0.1,0,0.1,0.1,0.2,0.1c0.1,0,0.1,0,0.2-0.1l2.7-3.6c0.2-0.3,0.7-0.4,1-0.2C20.7,14.8,20.7,15.2,20.5,15.6z\"\/>\n\t\t<g>\n\t\t\t<path class=\"st0\" d=\"M5,10.2h6.5c0.4,0,0.8-0.3,0.8-0.8s-0.3-0.8-0.8-0.8H5c-0.4,0-0.8,0.3-0.8,0.8S4.6,10.2,5,10.2z\"\/>\n\t\t\t<path class=\"st0\" d=\"M5,13.8h3c0.4,0,0.8-0.3,0.8-0.8S8.4,12.2,8,12.2H5c-0.4,0-0.8,0.3-0.8,0.8S4.6,13.8,5,13.8z\"\/>\n\t\t\t<path class=\"st0\" d=\"M5,17.2h2.8c0.4,0,0.8-0.3,0.8-0.8s-0.3-0.8-0.8-0.8H5c-0.4,0-0.8,0.3-0.8,0.8S4.6,17.2,5,17.2z\"\/>\n\t\t\t<path class=\"st0\" d=\"M5.2,6.2h8.5C13.9,6.2,14,6.1,14,6V3c0-0.1-0.1-0.2-0.2-0.2H12V2.5C12,1.1,10.9,0,9.5,0C9.3,0,9,0,8.8,0.1\n\t\t\t\tC7.7,0.4,7,1.4,7,2.6v0.2H5.2C5.1,2.8,5,2.9,5,3v3C5,6.1,5.1,6.2,5.2,6.2z M9.5,1.5c0.4,0,0.8,0.3,0.8,0.8S9.9,3,9.5,3\n\t\t\t\tS8.8,2.7,8.8,2.2C8.8,1.8,9.1,1.5,9.5,1.5z\"\/>\n\t\t\t<path class=\"st0\" d=\"M11,22.1c0-0.1-0.1-0.1-0.2-0.1H2.5C2.2,22,2,21.8,2,21.5V5.2C2,5,2.2,4.8,2.5,4.8h0.8\n\t\t\t\tc0.1,0,0.2-0.1,0.2-0.2V3c0-0.1-0.1-0.2-0.2-0.2H2c-1.1,0-2,0.9-2,2V22c0,1.1,0.9,2,2,2h10.1c0.1,0,0.2-0.1,0.2-0.2\n\t\t\t\tc0-0.1,0-0.2-0.1-0.3C11.8,23.1,11.4,22.6,11,22.1z\"\/>\n\t\t\t<path class=\"st0\" d=\"M18.7,9.6c0.1,0,0.1,0,0.2-0.1C19,9.5,19,9.4,19,9.4V4.8c0-1.1-0.9-2-2-2h-1.2c-0.1,0-0.2,0.1-0.2,0.2v1.5\n\t\t\t\tc0,0.1,0.1,0.2,0.2,0.2h0.8C16.8,4.8,17,5,17,5.2v4c0,0.1,0,0.1,0.1,0.2c0,0,0.1,0.1,0.2,0.1h0.2C17.9,9.5,18.3,9.5,18.7,9.6z\"\/>\n\t\t<\/g>\n\t<\/g>\n<\/g>\n<\/svg>\n\t\t\t\t\t<\/div>\n\t\t\t\t<\/div>\n\t\t\t<\/div>\n\t\t\t\t<div class=\"icon-box-text last-reset\">\n\t\t\t\t\t\t\t\t\t\n\n\t<div id=\"text-657299404\" class=\"text\">\n\t\t\n\n<h4>Descargar el documento de baja<\/h4>\n\t\t\n<style>\n#text-657299404 {\n  line-height: 1.3;\n}\n<\/style>\n\t<\/div>\n\t\n\n\t\t<\/div>\n\t<\/div>\n\t\n\t\n\t<div id=\"gap-129720880\" class=\"gap-element clearfix\" style=\"display:block; height:auto;\">\n\t\t\n<style>\n#gap-129720880 {\n  padding-top: 14px;\n}\n<\/style>\n\t<\/div>\n\t\n\n<a href=\"https:\/\/comt.cat\/wp-content\/uploads\/2025\/05\/BAJA-RC-relyens.pdf\" target=\"_blank\" class=\"button white is-underline\" rel=\"noopener\" >\n\t<i class=\"icon-angle-right\" aria-hidden=\"true\"><\/i>\t<span>Descargar<\/span>\n\t<\/a>\n\n\n\n\t\t<\/div>\n\t\t\t\t\n<style>\n#col-1129668831 > .col-inner {\n  padding: 17px 17px 17px 17px;\n}\n<\/style>\n\t<\/div>\n\n\t\n\n\t<div id=\"col-154906849\" class=\"col medium-4 small-12 large-4\"  >\n\t\t\t\t<div class=\"col-inner text-center dark\" style=\"background-color:rgb(71, 218, 206);\" >\n\t\t\t\n\t\t\t\n\n\n\t\t<div class=\"icon-box featured-box icon-box-center text-center\"  >\n\t\t\t\t\t<div class=\"icon-box-img\" style=\"width: 40px\">\n\t\t\t\t<div class=\"icon\">\n\t\t\t\t\t<div class=\"icon-inner\" style=\"color:rgb(255, 255, 255);\">\n\t\t\t\t\t\t<?xml version=\"1.0\" encoding=\"utf-8\"?>\n<!-- Generator: Adobe Illustrator 25.4.1, SVG Export Plug-In . SVG Version: 6.00 Build 0)  -->\n<svg version=\"1.1\" id=\"Capa_1\" xmlns=\"http:\/\/www.w3.org\/2000\/svg\" xmlns:xlink=\"http:\/\/www.w3.org\/1999\/xlink\" x=\"0px\" y=\"0px\"\n\t viewBox=\"0 0 48 48\" style=\"enable-background:new 0 0 48 48;\" xml:space=\"preserve\">\n<style type=\"text\/css\">\n\t.st0{fill:#000001;}\n<\/style>\n<g transform=\"matrix(2,0,0,2,0,0)\">\n\t<g>\n\t\t<path class=\"st0\" d=\"M17.5,11c-3.6,0-6.5,2.9-6.5,6.5s2.9,6.5,6.5,6.5s6.5-2.9,6.5-6.5C24,13.9,21.1,11,17.5,11z M20.5,15.6\n\t\t\tl-2.9,3.9c-0.5,0.7-1.4,0.8-2.1,0.3c-0.1,0-0.1-0.1-0.2-0.1l-1.5-1.5c-0.3-0.3-0.3-0.8,0-1.1s0.8-0.3,1.1,0c0,0,0,0,0,0l1.3,1.3\n\t\t\tc0.1,0,0.1,0.1,0.2,0.1c0.1,0,0.1,0,0.2-0.1l2.7-3.6c0.2-0.3,0.7-0.4,1-0.2C20.7,14.8,20.7,15.2,20.5,15.6z\"\/>\n\t\t<g>\n\t\t\t<path class=\"st0\" d=\"M5,10.2h6.5c0.4,0,0.8-0.3,0.8-0.8s-0.3-0.8-0.8-0.8H5c-0.4,0-0.8,0.3-0.8,0.8S4.6,10.2,5,10.2z\"\/>\n\t\t\t<path class=\"st0\" d=\"M5,13.8h3c0.4,0,0.8-0.3,0.8-0.8S8.4,12.2,8,12.2H5c-0.4,0-0.8,0.3-0.8,0.8S4.6,13.8,5,13.8z\"\/>\n\t\t\t<path class=\"st0\" d=\"M5,17.2h2.8c0.4,0,0.8-0.3,0.8-0.8s-0.3-0.8-0.8-0.8H5c-0.4,0-0.8,0.3-0.8,0.8S4.6,17.2,5,17.2z\"\/>\n\t\t\t<path class=\"st0\" d=\"M5.2,6.2h8.5C13.9,6.2,14,6.1,14,6V3c0-0.1-0.1-0.2-0.2-0.2H12V2.5C12,1.1,10.9,0,9.5,0C9.3,0,9,0,8.8,0.1\n\t\t\t\tC7.7,0.4,7,1.4,7,2.6v0.2H5.2C5.1,2.8,5,2.9,5,3v3C5,6.1,5.1,6.2,5.2,6.2z M9.5,1.5c0.4,0,0.8,0.3,0.8,0.8S9.9,3,9.5,3\n\t\t\t\tS8.8,2.7,8.8,2.2C8.8,1.8,9.1,1.5,9.5,1.5z\"\/>\n\t\t\t<path class=\"st0\" d=\"M11,22.1c0-0.1-0.1-0.1-0.2-0.1H2.5C2.2,22,2,21.8,2,21.5V5.2C2,5,2.2,4.8,2.5,4.8h0.8\n\t\t\t\tc0.1,0,0.2-0.1,0.2-0.2V3c0-0.1-0.1-0.2-0.2-0.2H2c-1.1,0-2,0.9-2,2V22c0,1.1,0.9,2,2,2h10.1c0.1,0,0.2-0.1,0.2-0.2\n\t\t\t\tc0-0.1,0-0.2-0.1-0.3C11.8,23.1,11.4,22.6,11,22.1z\"\/>\n\t\t\t<path class=\"st0\" d=\"M18.7,9.6c0.1,0,0.1,0,0.2-0.1C19,9.5,19,9.4,19,9.4V4.8c0-1.1-0.9-2-2-2h-1.2c-0.1,0-0.2,0.1-0.2,0.2v1.5\n\t\t\t\tc0,0.1,0.1,0.2,0.2,0.2h0.8C16.8,4.8,17,5,17,5.2v4c0,0.1,0,0.1,0.1,0.2c0,0,0.1,0.1,0.2,0.1h0.2C17.9,9.5,18.3,9.5,18.7,9.6z\"\/>\n\t\t<\/g>\n\t<\/g>\n<\/g>\n<\/svg>\n\t\t\t\t\t<\/div>\n\t\t\t\t<\/div>\n\t\t\t<\/div>\n\t\t\t\t<div class=\"icon-box-text last-reset\">\n\t\t\t\t\t\t\t\t\t\n\n\t<div id=\"text-1730139912\" class=\"text\">\n\t\t\n\n<h4>Descargar documento con m\u00e1s info<\/h4>\n\t\t\n<style>\n#text-1730139912 {\n  line-height: 1.3;\n}\n<\/style>\n\t<\/div>\n\t\n\n\t\t<\/div>\n\t<\/div>\n\t\n\t\n\t<div id=\"gap-713907365\" class=\"gap-element clearfix\" style=\"display:block; height:auto;\">\n\t\t\n<style>\n#gap-713907365 {\n  padding-top: 14px;\n}\n<\/style>\n\t<\/div>\n\t\n\n<a href=\"https:\/\/comt.quimeras.cat\/wp-content\/uploads\/2021\/09\/Extracte-resum-po\u0300lissa-RCP-2021-22-pro\u0300rroga.pdf\" target=\"_blank\" class=\"button white is-underline\" rel=\"noopener\" >\n\t<i class=\"icon-angle-right\" aria-hidden=\"true\"><\/i>\t<span>Descargar CAT<\/span>\n\t<\/a>\n\n\n<a href=\"https:\/\/comt.quimeras.cat\/wp-content\/uploads\/2021\/09\/Extracto-resumen-po\u0301liza-RCP-2021-22-pro\u0301rroga.pdf\" target=\"_blank\" class=\"button white is-underline\" rel=\"noopener\" >\n\t<i class=\"icon-angle-right\" aria-hidden=\"true\"><\/i>\t<span>Descargar CAST<\/span>\n\t<\/a>\n\n\n\n\t\t<\/div>\n\t\t\t\t\n<style>\n#col-154906849 > .col-inner {\n  padding: 17px 17px 17px 17px;\n}\n<\/style>\n\t<\/div>\n\n\t\n\n<\/div>\n\n\t\t<\/div>\n\n\t\t\n<style>\n#section_762430893 {\n  padding-top: 86px;\n  padding-bottom: 86px;\n}\n<\/style>\n\t<\/section>\n\t\n\n","protected":false},"excerpt":{"rendered":"","protected":false},"author":1,"featured_media":0,"parent":0,"menu_order":0,"comment_status":"closed","ping_status":"closed","template":"page-blank.php","meta":{"footnotes":""},"class_list":["post-11099","page","type-page","status-publish","hentry"],"yoast_head":"<!-- This site is optimized with the Yoast SEO plugin v27.2 - https:\/\/yoast.com\/product\/yoast-seo-wordpress\/ -->\n<title>Responsabilidad Civil Profesional - COMT<\/title>\n<meta name=\"robots\" content=\"index, follow, max-snippet:-1, max-image-preview:large, max-video-preview:-1\" \/>\n<link rel=\"canonical\" href=\"https:\/\/comt.cat\/es\/responsabilitat-civil-professional\/\" \/>\n<meta property=\"og:locale\" content=\"es_ES\" \/>\n<meta property=\"og:type\" content=\"article\" \/>\n<meta property=\"og:title\" content=\"Responsabilidad Civil Profesional - COMT\" \/>\n<meta property=\"og:url\" content=\"https:\/\/comt.cat\/es\/responsabilitat-civil-professional\/\" \/>\n<meta property=\"og:site_name\" content=\"COMT\" \/>\n<meta property=\"article:modified_time\" content=\"2025-12-23T09:09:57+00:00\" \/>\n<meta name=\"twitter:card\" content=\"summary_large_image\" \/>\n<meta name=\"twitter:label1\" content=\"Tiempo de lectura\" \/>\n\t<meta name=\"twitter:data1\" content=\"2 minutos\" \/>\n<script type=\"application\/ld+json\" class=\"yoast-schema-graph\">{\"@context\":\"https:\/\/schema.org\",\"@graph\":[{\"@type\":\"WebPage\",\"@id\":\"https:\/\/comt.cat\/es\/responsabilitat-civil-professional\/\",\"url\":\"https:\/\/comt.cat\/es\/responsabilitat-civil-professional\/\",\"name\":\"Responsabilidad Civil Profesional - COMT\",\"isPartOf\":{\"@id\":\"https:\/\/comt.cat\/#website\"},\"datePublished\":\"2021-08-31T11:24:46+00:00\",\"dateModified\":\"2025-12-23T09:09:57+00:00\",\"breadcrumb\":{\"@id\":\"https:\/\/comt.cat\/es\/responsabilitat-civil-professional\/#breadcrumb\"},\"inLanguage\":\"es\",\"potentialAction\":[{\"@type\":\"ReadAction\",\"target\":[\"https:\/\/comt.cat\/es\/responsabilitat-civil-professional\/\"]}]},{\"@type\":\"BreadcrumbList\",\"@id\":\"https:\/\/comt.cat\/es\/responsabilitat-civil-professional\/#breadcrumb\",\"itemListElement\":[{\"@type\":\"ListItem\",\"position\":1,\"name\":\"Home\",\"item\":\"https:\/\/comt.cat\/es\/\"},{\"@type\":\"ListItem\",\"position\":2,\"name\":\"Responsabilidad Civil Profesional\"}]},{\"@type\":\"WebSite\",\"@id\":\"https:\/\/comt.cat\/#website\",\"url\":\"https:\/\/comt.cat\/\",\"name\":\"COMT\",\"description\":\"Col\u00b7legi de Metges de Tarragona\",\"potentialAction\":[{\"@type\":\"SearchAction\",\"target\":{\"@type\":\"EntryPoint\",\"urlTemplate\":\"https:\/\/comt.cat\/?s={search_term_string}\"},\"query-input\":{\"@type\":\"PropertyValueSpecification\",\"valueRequired\":true,\"valueName\":\"search_term_string\"}}],\"inLanguage\":\"es\"}]}<\/script>\n<!-- \/ Yoast SEO plugin. -->","yoast_head_json":{"title":"Responsabilidad Civil Profesional - COMT","robots":{"index":"index","follow":"follow","max-snippet":"max-snippet:-1","max-image-preview":"max-image-preview:large","max-video-preview":"max-video-preview:-1"},"canonical":"https:\/\/comt.cat\/es\/responsabilitat-civil-professional\/","og_locale":"es_ES","og_type":"article","og_title":"Responsabilidad Civil Profesional - COMT","og_url":"https:\/\/comt.cat\/es\/responsabilitat-civil-professional\/","og_site_name":"COMT","article_modified_time":"2025-12-23T09:09:57+00:00","twitter_card":"summary_large_image","twitter_misc":{"Tiempo de lectura":"2 minutos"},"schema":{"@context":"https:\/\/schema.org","@graph":[{"@type":"WebPage","@id":"https:\/\/comt.cat\/es\/responsabilitat-civil-professional\/","url":"https:\/\/comt.cat\/es\/responsabilitat-civil-professional\/","name":"Responsabilidad Civil Profesional - COMT","isPartOf":{"@id":"https:\/\/comt.cat\/#website"},"datePublished":"2021-08-31T11:24:46+00:00","dateModified":"2025-12-23T09:09:57+00:00","breadcrumb":{"@id":"https:\/\/comt.cat\/es\/responsabilitat-civil-professional\/#breadcrumb"},"inLanguage":"es","potentialAction":[{"@type":"ReadAction","target":["https:\/\/comt.cat\/es\/responsabilitat-civil-professional\/"]}]},{"@type":"BreadcrumbList","@id":"https:\/\/comt.cat\/es\/responsabilitat-civil-professional\/#breadcrumb","itemListElement":[{"@type":"ListItem","position":1,"name":"Home","item":"https:\/\/comt.cat\/es\/"},{"@type":"ListItem","position":2,"name":"Responsabilidad Civil Profesional"}]},{"@type":"WebSite","@id":"https:\/\/comt.cat\/#website","url":"https:\/\/comt.cat\/","name":"COMT","description":"Col\u00b7legi de Metges de Tarragona","potentialAction":[{"@type":"SearchAction","target":{"@type":"EntryPoint","urlTemplate":"https:\/\/comt.cat\/?s={search_term_string}"},"query-input":{"@type":"PropertyValueSpecification","valueRequired":true,"valueName":"search_term_string"}}],"inLanguage":"es"}]}},"_links":{"self":[{"href":"https:\/\/comt.cat\/es\/wp-json\/wp\/v2\/pages\/11099","targetHints":{"allow":["GET"]}}],"collection":[{"href":"https:\/\/comt.cat\/es\/wp-json\/wp\/v2\/pages"}],"about":[{"href":"https:\/\/comt.cat\/es\/wp-json\/wp\/v2\/types\/page"}],"author":[{"embeddable":true,"href":"https:\/\/comt.cat\/es\/wp-json\/wp\/v2\/users\/1"}],"replies":[{"embeddable":true,"href":"https:\/\/comt.cat\/es\/wp-json\/wp\/v2\/comments?post=11099"}],"version-history":[{"count":16,"href":"https:\/\/comt.cat\/es\/wp-json\/wp\/v2\/pages\/11099\/revisions"}],"predecessor-version":[{"id":45536,"href":"https:\/\/comt.cat\/es\/wp-json\/wp\/v2\/pages\/11099\/revisions\/45536"}],"wp:attachment":[{"href":"https:\/\/comt.cat\/es\/wp-json\/wp\/v2\/media?parent=11099"}],"curies":[{"name":"wp","href":"https:\/\/api.w.org\/{rel}","templated":true}]}}