{"id":11105,"date":"2021-09-28T18:44:48","date_gmt":"2021-09-28T18:44:48","guid":{"rendered":"https:\/\/comt.quimeras.cat\/serveis-bancaris\/"},"modified":"2023-05-16T14:14:59","modified_gmt":"2023-05-16T12:14:59","slug":"serveis-bancaris","status":"publish","type":"page","link":"https:\/\/comt.cat\/es\/serveis-bancaris\/","title":{"rendered":"Servicios bancarios"},"content":{"rendered":"\n\n\t<section class=\"section\" id=\"section_1840924515\">\n\t\t<div class=\"section-bg fill\" >\n\t\t\t\t\t\t\t\t\t\n\t\t\t\n\n\t\t<\/div>\n\n\t\t\n\n\t\t<div class=\"section-content relative\">\n\t\t\t\n\n\t<div id=\"gap-1446574463\" class=\"gap-element clearfix\" style=\"display:block; height:auto;\">\n\t\t\n<style>\n#gap-1446574463 {\n  padding-top: 30px;\n}\n<\/style>\n\t<\/div>\n\t\n\n<div class=\"row align-middle\"  id=\"row-1199649015\">\n\n\n\t<div id=\"col-2098602984\" class=\"col medium-8 small-12 large-6\"  >\n\t\t\t\t<div class=\"col-inner\"  >\n\t\t\t\n\t\t\t\n\n\n\t\t<div class=\"icon-box featured-box icon-box-left text-left\"  >\n\t\t\t\t\t<div class=\"icon-box-img\" style=\"width: 218px\">\n\t\t\t\t<div class=\"icon\">\n\t\t\t\t\t<div class=\"icon-inner\" >\n\t\t\t\t\t\t<img loading=\"lazy\" decoding=\"async\" width=\"300\" height=\"87\" src=\"https:\/\/comt.cat\/wp-content\/uploads\/2021\/10\/logo-med1-300x87.png\" class=\"attachment-medium size-medium\" alt=\"\" srcset=\"https:\/\/comt.cat\/wp-content\/uploads\/2021\/10\/logo-med1-300x87.png 300w, https:\/\/comt.cat\/wp-content\/uploads\/2021\/10\/logo-med1-1024x297.png 1024w, https:\/\/comt.cat\/wp-content\/uploads\/2021\/10\/logo-med1-768x222.png 768w, https:\/\/comt.cat\/wp-content\/uploads\/2021\/10\/logo-med1.png 1250w\" sizes=\"(max-width: 300px) 100vw, 300px\" \/>\t\t\t\t\t<\/div>\n\t\t\t\t<\/div>\n\t\t\t<\/div>\n\t\t\t\t<div class=\"icon-box-text last-reset\">\n\t\t\t\t\t\t\t\t\t\n\n\t<div id=\"text-492554237\" class=\"text\">\n\t\t\n\n<h1>Servicios bancarios<\/h1>\n\t\t\n<style>\n#text-492554237 {\n  font-size: 1.5rem;\n}\n<\/style>\n\t<\/div>\n\t\n\n\t\t<\/div>\n\t<\/div>\n\t\n\t\n\n\t\t<\/div>\n\t\t\t\t\t<\/div>\n\n\t\n\n\t<div id=\"col-472971231\" class=\"col medium-12 small-12 large-6\"  >\n\t\t\t\t<div class=\"col-inner\"  >\n\t\t\t\n\t<div class=\"is-border\"\n\t\tstyle=\"border-color:rgb(126, 178, 233);border-width:0px 0px 0px 2px;\">\n\t<\/div>\n\t\t\t\n\n<p>Disfruta de un amplio abanico de servicios bancarios y productos financieros con condiciones ventajosas y atenci\u00f3n personalizada con Med1, agente bancario de BBVA.<\/p>\n\n\t\t<\/div>\n\t\t\t\t\n<style>\n#col-472971231 > .col-inner {\n  padding: 0px 0px 0px 30px;\n  margin: 0px 0px 0px 0px;\n}\n@media (min-width:850px) {\n  #col-472971231 > .col-inner {\n    margin: 10px 0px 0px 0px;\n  }\n}\n<\/style>\n\t<\/div>\n\n\t\n\n<\/div>\n\n\t\t<\/div>\n\n\t\t\n<style>\n#section_1840924515 {\n  padding-top: 60px;\n  padding-bottom: 60px;\n  min-height: 319px;\n  background-color: rgb(251, 248, 243);\n}\n@media (min-width:550px) {\n  #section_1840924515 {\n    padding-top: 80px;\n    padding-bottom: 80px;\n  }\n}\n@media (min-width:850px) {\n  #section_1840924515 {\n    padding-top: 93px;\n    padding-bottom: 93px;\n  }\n}\n<\/style>\n\t<\/section>\n\t\n\n\t<section class=\"section\" id=\"section_673337661\">\n\t\t<div class=\"section-bg fill\" >\n\t\t\t\t\t\t\t\t\t\n\t\t\t\n\n\t\t<\/div>\n\n\t\t\n\n\t\t<div class=\"section-content relative\">\n\t\t\t\n\n<div class=\"row row-large align-middle\"  id=\"row-861693240\">\n\n\n\t<div id=\"col-1191293634\" class=\"col medium-6 small-12 large-6\"  >\n\t\t\t\t<div class=\"col-inner\"  >\n\t\t\t\n\t\t\t\n\n\t<div class=\"img has-hover x md-x lg-x y md-y lg-y\" id=\"image_721919316\">\n\t\t\t\t\t\t\t\t<div class=\"img-inner dark\" >\n\t\t\t<img loading=\"lazy\" decoding=\"async\" width=\"700\" height=\"467\" src=\"https:\/\/comt.cat\/wp-content\/uploads\/2021\/09\/Bancari3.jpg\" class=\"attachment-large size-large\" alt=\"\" srcset=\"https:\/\/comt.cat\/wp-content\/uploads\/2021\/09\/Bancari3.jpg 700w, https:\/\/comt.cat\/wp-content\/uploads\/2021\/09\/Bancari3-300x200.jpg 300w, https:\/\/comt.cat\/wp-content\/uploads\/2021\/09\/Bancari3-600x400.jpg 600w\" sizes=\"(max-width: 700px) 100vw, 700px\" \/>\t\t\t\t\t\t\n\t\t\t\t\t<\/div>\n\t\t\t\t\t\t\t\t\n<style>\n#image_721919316 {\n  width: 100%;\n}\n<\/style>\n\t<\/div>\n\t\n\n\n\t\t<\/div>\n\t\t\t\t\t<\/div>\n\n\t\n\n\t<div id=\"col-187243858\" class=\"col medium-6 small-12 large-6\"  >\n\t\t\t\t<div class=\"col-inner\"  >\n\t\t\t\n\t\t\t\n\n<h3>Cuenta Med1<\/h3>\n<p class=\"p1\">Una cuenta corriente con condiciones exclusivas para los colegiados del COMT:<\/p>\n<ul>\n<li class=\"p3 bullet-arrow\">Sin comisiones de mantenimiento.<\/li>\n<li class=\"p3 bullet-arrow\">Transferencias gratuitas<sup>1<\/sup>.<\/li>\n<li class=\"p3 bullet-arrow\">Ingreso, cobro y emisi\u00f3n de cheques<sup>2<\/sup> sin coste.<\/li>\n<li class=\"p3 bullet-arrow\">Sin necesidad de domiciliar la n\u00f3mina.<\/li>\n<li class=\"p3 bullet-arrow\">Tarjetas de d\u00e9bito y cr\u00e9dito gratuitas.<\/li>\n<\/ul>\n<p class=\"p4\"><span style=\"font-size: 75%;\">1- Con un m\u00e1ximo de 50.000 \u20ac por transferencia en la zona euro excepto M\u00f3naco, San Marino y Suiza.\u00a0 \u00a0 \u00a0 \u00a0<\/span><span style=\"font-size: 75%;\">2- Ingreso de cheques nacionales.<\/span><\/p>\n\n\t\t<\/div>\n\t\t\t\t\t<\/div>\n\n\t\n\n<\/div>\n<div class=\"row row-large align-middle\"  id=\"row-696146504\">\n\n\n\t<div id=\"col-28195894\" class=\"col medium-6 small-12 large-6\"  >\n\t\t\t\t<div class=\"col-inner\"  >\n\t\t\t\n\t\t\t\n\n<h3>Financiaci\u00f3n<\/h3>\n<p class=\"p1\">Las soluciones financieras para que hagas frente a tus necesidades:<\/p>\n<ul>\n<li class=\"p3 bullet-arrow\">\n<p class=\"p1\">Pr\u00e9stamos personales: de financiaci\u00f3n de estudios,\u00a0 para comprar un coche o para iniciar tu proyecto.<\/p>\n<\/li>\n<li class=\"p3 bullet-arrow\">\n<p class=\"p1\">Hipotecas: financiamos la compra de tu vivienda y te acompa\u00f1amos en todo el proceso de compra.<\/p>\n<\/li>\n<\/ul>\n<p class=\"p4\">\u00a0<\/p>\n\n\t\t<\/div>\n\t\t\t\t\t<\/div>\n\n\t\n\n\t<div id=\"col-1621368033\" class=\"col medium-6 small-12 large-6\"  >\n\t\t\t\t<div class=\"col-inner\"  >\n\t\t\t\n\t\t\t\n\n\t<div class=\"img has-hover x md-x lg-x y md-y lg-y\" id=\"image_406666303\">\n\t\t\t\t\t\t\t\t<div class=\"img-inner dark\" >\n\t\t\t<img loading=\"lazy\" decoding=\"async\" width=\"700\" height=\"467\" src=\"https:\/\/comt.cat\/wp-content\/uploads\/2021\/09\/bancari1.jpg\" class=\"attachment-large size-large\" alt=\"\" srcset=\"https:\/\/comt.cat\/wp-content\/uploads\/2021\/09\/bancari1.jpg 700w, https:\/\/comt.cat\/wp-content\/uploads\/2021\/09\/bancari1-300x200.jpg 300w, https:\/\/comt.cat\/wp-content\/uploads\/2021\/09\/bancari1-600x400.jpg 600w\" sizes=\"(max-width: 700px) 100vw, 700px\" \/>\t\t\t\t\t\t\n\t\t\t\t\t<\/div>\n\t\t\t\t\t\t\t\t\n<style>\n#image_406666303 {\n  width: 100%;\n}\n<\/style>\n\t<\/div>\n\t\n\n\n\t\t<\/div>\n\t\t\t\t\t<\/div>\n\n\t\n\n<\/div>\n<div class=\"row row-large align-middle\"  id=\"row-1572252277\">\n\n\n\t<div id=\"col-1237914419\" class=\"col medium-6 small-12 large-6\"  >\n\t\t\t\t<div class=\"col-inner\"  >\n\t\t\t\n\t\t\t\n\n\t<div class=\"img has-hover x md-x lg-x y md-y lg-y\" id=\"image_1742135674\">\n\t\t\t\t\t\t\t\t<div class=\"img-inner dark\" >\n\t\t\t<img loading=\"lazy\" decoding=\"async\" width=\"700\" height=\"461\" src=\"https:\/\/comt.cat\/wp-content\/uploads\/2021\/09\/BANCARI2.jpg\" class=\"attachment-large size-large\" alt=\"\" srcset=\"https:\/\/comt.cat\/wp-content\/uploads\/2021\/09\/BANCARI2.jpg 700w, https:\/\/comt.cat\/wp-content\/uploads\/2021\/09\/BANCARI2-300x198.jpg 300w, https:\/\/comt.cat\/wp-content\/uploads\/2021\/09\/BANCARI2-600x395.jpg 600w\" sizes=\"(max-width: 700px) 100vw, 700px\" \/>\t\t\t\t\t\t\n\t\t\t\t\t<\/div>\n\t\t\t\t\t\t\t\t\n<style>\n#image_1742135674 {\n  width: 100%;\n}\n<\/style>\n\t<\/div>\n\t\n\n\n\t\t<\/div>\n\t\t\t\t\t<\/div>\n\n\t\n\n\t<div id=\"col-916674761\" class=\"col medium-6 small-12 large-6\"  >\n\t\t\t\t<div class=\"col-inner\"  >\n\t\t\t\n\t\t\t\n\n<h3>Ahorro e inversi\u00f3n<\/h3>\n<p class=\"p1\">Una amplia gamma de productos de ahorro e inversi\u00f3n para hacer crecer tus ahorros: planes de pensiones, dep\u00f3sitos y fondos de inversi\u00f3n de las gestoras m\u00e1s importantes.<\/p>\n\n\t\t<\/div>\n\t\t\t\t\t<\/div>\n\n\t\n\n<\/div>\n\n\t\t<\/div>\n\n\t\t\n<style>\n#section_673337661 {\n  padding-top: 60px;\n  padding-bottom: 60px;\n}\n<\/style>\n\t<\/section>\n\t\n\n\t<section class=\"section\" id=\"section_1770495158\">\n\t\t<div class=\"section-bg fill\" >\n\t\t\t\t\t\t\t\t\t\n\t\t\t\n\n\t\t<\/div>\n\n\t\t\n\n\t\t<div class=\"section-content relative\">\n\t\t\t\n\n<div class=\"row\"  id=\"row-252389296\">\n\n\n\t<div id=\"col-1624701005\" class=\"col small-12 large-12\"  >\n\t\t\t\t<div class=\"col-inner text-center\"  >\n\t\t\t\n\t\t\t\n\n<h2>Inf\u00f3rmate sin compromiso<\/h2>\n\n\t\t<\/div>\n\t\t\t\t\n<style>\n#col-1624701005 > .col-inner {\n  margin: 40px 0px 0px 0px;\n}\n<\/style>\n\t<\/div>\n\n\t\n\n<\/div>\n<div class=\"row align-equal align-center\"  id=\"row-311290529\">\n\n\n\t<div id=\"col-733965688\" class=\"col medium-4 small-12 large-4\"  >\n\t\t\t\t<div class=\"col-inner\"  >\n\t\t\t\n\t\t\t\n\n\n\t\t<div class=\"icon-box featured-box circle icon-box-left text-left is-small\"  >\n\t\t\t\t\t<div class=\"icon-box-img\" style=\"width: 95px\">\n\t\t\t\t<div class=\"icon\">\n\t\t\t\t\t<div class=\"icon-inner\" >\n\t\t\t\t\t\t<img loading=\"lazy\" decoding=\"async\" width=\"300\" height=\"297\" src=\"https:\/\/comt.cat\/wp-content\/uploads\/2021\/09\/Benjami\u0301-copia-300x297.png\" class=\"attachment-medium size-medium\" alt=\"\" srcset=\"https:\/\/comt.cat\/wp-content\/uploads\/2021\/09\/Benjami\u0301-copia-300x297.png 300w, https:\/\/comt.cat\/wp-content\/uploads\/2021\/09\/Benjami\u0301-copia-1024x1015.png 1024w, https:\/\/comt.cat\/wp-content\/uploads\/2021\/09\/Benjami\u0301-copia-150x150.png 150w, https:\/\/comt.cat\/wp-content\/uploads\/2021\/09\/Benjami\u0301-copia-768x761.png 768w, https:\/\/comt.cat\/wp-content\/uploads\/2021\/09\/Benjami\u0301-copia-1536x1522.png 1536w, https:\/\/comt.cat\/wp-content\/uploads\/2021\/09\/Benjami\u0301-copia-2048x2029.png 2048w, https:\/\/comt.cat\/wp-content\/uploads\/2021\/09\/Benjami\u0301-copia-600x595.png 600w, https:\/\/comt.cat\/wp-content\/uploads\/2021\/09\/Benjami\u0301-copia-100x100.png 100w\" sizes=\"(max-width: 300px) 100vw, 300px\" \/>\t\t\t\t\t<\/div>\n\t\t\t\t<\/div>\n\t\t\t<\/div>\n\t\t\t\t<div class=\"icon-box-text last-reset\">\n\t\t\t\t\t\t\t\t\t\n\n<h3 style=\"margin-bottom: 0px;\">Benjam\u00ed Z\u00fa\u00f1iga<\/h3>\n<p>Gestor Comercial<\/p>\n\t<div id=\"gap-619725069\" class=\"gap-element clearfix\" style=\"display:block; height:auto;\">\n\t\t\n<style>\n#gap-619725069 {\n  padding-top: 18px;\n}\n<\/style>\n\t<\/div>\n\t\n\n<a href=\"mailto:benjami.zuniga@med.es\" class=\"button secondary is-underline is-larger\" style=\"padding:0px 10px 0px 0px;\">\n\t<i class=\"icon-envelop\" aria-hidden=\"true\"><\/i>\t<span>Correo<\/span>\n\t<\/a>\n\n\n\n\t\t<\/div>\n\t<\/div>\n\t\n\t\n\n\t\t<\/div>\n\t\t\t\t\t<\/div>\n\n\t\n\n\t<div id=\"col-1121462084\" class=\"col medium-4 small-12 large-4\"  >\n\t\t\t\t<div class=\"col-inner\"  >\n\t\t\t\n\t\t\t\n\n\n\t\t<div class=\"icon-box featured-box icon-box-center text-center\"  >\n\t\t\t\t\t<div class=\"icon-box-img\" style=\"width: 60px\">\n\t\t\t\t<div class=\"icon\">\n\t\t\t\t\t<div class=\"icon-inner\" >\n\t\t\t\t\t\t<?xml version=\"1.0\" encoding=\"utf-8\"?>\n<!-- Generator: Adobe Illustrator 25.4.1, SVG Export Plug-In . SVG Version: 6.00 Build 0)  -->\n<svg version=\"1.1\" id=\"Capa_1\" xmlns=\"http:\/\/www.w3.org\/2000\/svg\" xmlns:xlink=\"http:\/\/www.w3.org\/1999\/xlink\" x=\"0px\" y=\"0px\"\n\t viewBox=\"0 0 48 48\" style=\"enable-background:new 0 0 48 48;\" xml:space=\"preserve\">\n<style type=\"text\/css\">\n\t.st0{fill:#000001;}\n<\/style>\n<g transform=\"matrix(2,0,0,2,0,0)\">\n\t<g>\n\t\t<path class=\"st0\" d=\"M17.5,11c-3.6,0-6.5,2.9-6.5,6.5s2.9,6.5,6.5,6.5s6.5-2.9,6.5-6.5C24,13.9,21.1,11,17.5,11z M20.5,15.6\n\t\t\tl-2.9,3.9c-0.5,0.7-1.4,0.8-2.1,0.3c-0.1,0-0.1-0.1-0.2-0.1l-1.5-1.5c-0.3-0.3-0.3-0.8,0-1.1s0.8-0.3,1.1,0c0,0,0,0,0,0l1.3,1.3\n\t\t\tc0.1,0,0.1,0.1,0.2,0.1c0.1,0,0.1,0,0.2-0.1l2.7-3.6c0.2-0.3,0.7-0.4,1-0.2C20.7,14.8,20.7,15.2,20.5,15.6z\"\/>\n\t\t<g>\n\t\t\t<path class=\"st0\" d=\"M5,10.2h6.5c0.4,0,0.8-0.3,0.8-0.8s-0.3-0.8-0.8-0.8H5c-0.4,0-0.8,0.3-0.8,0.8S4.6,10.2,5,10.2z\"\/>\n\t\t\t<path class=\"st0\" d=\"M5,13.8h3c0.4,0,0.8-0.3,0.8-0.8S8.4,12.2,8,12.2H5c-0.4,0-0.8,0.3-0.8,0.8S4.6,13.8,5,13.8z\"\/>\n\t\t\t<path class=\"st0\" d=\"M5,17.2h2.8c0.4,0,0.8-0.3,0.8-0.8s-0.3-0.8-0.8-0.8H5c-0.4,0-0.8,0.3-0.8,0.8S4.6,17.2,5,17.2z\"\/>\n\t\t\t<path class=\"st0\" d=\"M5.2,6.2h8.5C13.9,6.2,14,6.1,14,6V3c0-0.1-0.1-0.2-0.2-0.2H12V2.5C12,1.1,10.9,0,9.5,0C9.3,0,9,0,8.8,0.1\n\t\t\t\tC7.7,0.4,7,1.4,7,2.6v0.2H5.2C5.1,2.8,5,2.9,5,3v3C5,6.1,5.1,6.2,5.2,6.2z M9.5,1.5c0.4,0,0.8,0.3,0.8,0.8S9.9,3,9.5,3\n\t\t\t\tS8.8,2.7,8.8,2.2C8.8,1.8,9.1,1.5,9.5,1.5z\"\/>\n\t\t\t<path class=\"st0\" d=\"M11,22.1c0-0.1-0.1-0.1-0.2-0.1H2.5C2.2,22,2,21.8,2,21.5V5.2C2,5,2.2,4.8,2.5,4.8h0.8\n\t\t\t\tc0.1,0,0.2-0.1,0.2-0.2V3c0-0.1-0.1-0.2-0.2-0.2H2c-1.1,0-2,0.9-2,2V22c0,1.1,0.9,2,2,2h10.1c0.1,0,0.2-0.1,0.2-0.2\n\t\t\t\tc0-0.1,0-0.2-0.1-0.3C11.8,23.1,11.4,22.6,11,22.1z\"\/>\n\t\t\t<path class=\"st0\" d=\"M18.7,9.6c0.1,0,0.1,0,0.2-0.1C19,9.5,19,9.4,19,9.4V4.8c0-1.1-0.9-2-2-2h-1.2c-0.1,0-0.2,0.1-0.2,0.2v1.5\n\t\t\t\tc0,0.1,0.1,0.2,0.2,0.2h0.8C16.8,4.8,17,5,17,5.2v4c0,0.1,0,0.1,0.1,0.2c0,0,0.1,0.1,0.2,0.1h0.2C17.9,9.5,18.3,9.5,18.7,9.6z\"\/>\n\t\t<\/g>\n\t<\/g>\n<\/g>\n<\/svg>\n\t\t\t\t\t<\/div>\n\t\t\t\t<\/div>\n\t\t\t<\/div>\n\t\t\t\t<div class=\"icon-box-text last-reset\">\n\t\t\t\t\t\t\t\t\t\n\n<p style=\"text-align: center;\">Si lo prefieres, <span style=\"color: #00ccff;\" data-text-color=\"primary\"><a style=\"color: #00ccff;\" href=\"https:\/\/med1.med.es\/es\/consulta\/particulars\/altres\/comt?utm_source=comt&amp;utm_medium=web&amp;utmcampaign=comt&amp;utm_content=formulari-web&amp;term=esp\" target=\"_blank\" rel=\"noopener\">rellena este formulario<\/a><\/span> y te contactaremos.<\/p>\n\n\t\t<\/div>\n\t<\/div>\n\t\n\t\n\n\t\t<\/div>\n\t\t\t\t\t<\/div>\n\n\t\n\n\n<style>\n#row-311290529 > .col > .col-inner {\n  padding: 40px 40px 40px 40px;\n  background-color: rgb(255,255,255);\n}\n<\/style>\n<\/div>\n\n\t\t<\/div>\n\n\t\t\n<style>\n#section_1770495158 {\n  padding-top: 30px;\n  padding-bottom: 30px;\n  background-color: rgb(244, 244, 244);\n}\n<\/style>\n\t<\/section>\n\t\n\n","protected":false},"excerpt":{"rendered":"","protected":false},"author":1,"featured_media":0,"parent":0,"menu_order":0,"comment_status":"closed","ping_status":"closed","template":"page-blank.php","meta":{"footnotes":""},"class_list":["post-11105","page","type-page","status-publish","hentry"],"yoast_head":"<!-- This site is optimized with the Yoast SEO plugin v27.2 - https:\/\/yoast.com\/product\/yoast-seo-wordpress\/ -->\n<title>Servicios bancarios - COMT<\/title>\n<meta name=\"robots\" content=\"index, follow, max-snippet:-1, max-image-preview:large, max-video-preview:-1\" \/>\n<link rel=\"canonical\" href=\"https:\/\/comt.cat\/serveis-bancaris\/\" \/>\n<meta property=\"og:locale\" content=\"es_ES\" \/>\n<meta property=\"og:type\" content=\"article\" \/>\n<meta property=\"og:title\" content=\"Servicios bancarios - COMT\" \/>\n<meta property=\"og:url\" content=\"https:\/\/comt.cat\/serveis-bancaris\/\" \/>\n<meta property=\"og:site_name\" content=\"COMT\" \/>\n<meta property=\"article:modified_time\" content=\"2023-05-16T12:14:59+00:00\" \/>\n<meta name=\"twitter:card\" content=\"summary_large_image\" \/>\n<meta name=\"twitter:label1\" content=\"Tiempo de lectura\" \/>\n\t<meta name=\"twitter:data1\" content=\"2 minutos\" \/>\n<script type=\"application\/ld+json\" class=\"yoast-schema-graph\">{\"@context\":\"https:\/\/schema.org\",\"@graph\":[{\"@type\":\"WebPage\",\"@id\":\"https:\/\/comt.cat\/serveis-bancaris\/\",\"url\":\"https:\/\/comt.cat\/serveis-bancaris\/\",\"name\":\"Servicios bancarios - COMT\",\"isPartOf\":{\"@id\":\"https:\/\/comt.cat\/#website\"},\"datePublished\":\"2021-09-28T18:44:48+00:00\",\"dateModified\":\"2023-05-16T12:14:59+00:00\",\"breadcrumb\":{\"@id\":\"https:\/\/comt.cat\/serveis-bancaris\/#breadcrumb\"},\"inLanguage\":\"es\",\"potentialAction\":[{\"@type\":\"ReadAction\",\"target\":[\"https:\/\/comt.cat\/serveis-bancaris\/\"]}]},{\"@type\":\"BreadcrumbList\",\"@id\":\"https:\/\/comt.cat\/serveis-bancaris\/#breadcrumb\",\"itemListElement\":[{\"@type\":\"ListItem\",\"position\":1,\"name\":\"Home\",\"item\":\"https:\/\/comt.cat\/es\/\"},{\"@type\":\"ListItem\",\"position\":2,\"name\":\"Servicios bancarios\"}]},{\"@type\":\"WebSite\",\"@id\":\"https:\/\/comt.cat\/#website\",\"url\":\"https:\/\/comt.cat\/\",\"name\":\"COMT\",\"description\":\"Col\u00b7legi de Metges de Tarragona\",\"potentialAction\":[{\"@type\":\"SearchAction\",\"target\":{\"@type\":\"EntryPoint\",\"urlTemplate\":\"https:\/\/comt.cat\/?s={search_term_string}\"},\"query-input\":{\"@type\":\"PropertyValueSpecification\",\"valueRequired\":true,\"valueName\":\"search_term_string\"}}],\"inLanguage\":\"es\"}]}<\/script>\n<!-- \/ Yoast SEO plugin. -->","yoast_head_json":{"title":"Servicios bancarios - COMT","robots":{"index":"index","follow":"follow","max-snippet":"max-snippet:-1","max-image-preview":"max-image-preview:large","max-video-preview":"max-video-preview:-1"},"canonical":"https:\/\/comt.cat\/serveis-bancaris\/","og_locale":"es_ES","og_type":"article","og_title":"Servicios bancarios - COMT","og_url":"https:\/\/comt.cat\/serveis-bancaris\/","og_site_name":"COMT","article_modified_time":"2023-05-16T12:14:59+00:00","twitter_card":"summary_large_image","twitter_misc":{"Tiempo de lectura":"2 minutos"},"schema":{"@context":"https:\/\/schema.org","@graph":[{"@type":"WebPage","@id":"https:\/\/comt.cat\/serveis-bancaris\/","url":"https:\/\/comt.cat\/serveis-bancaris\/","name":"Servicios bancarios - COMT","isPartOf":{"@id":"https:\/\/comt.cat\/#website"},"datePublished":"2021-09-28T18:44:48+00:00","dateModified":"2023-05-16T12:14:59+00:00","breadcrumb":{"@id":"https:\/\/comt.cat\/serveis-bancaris\/#breadcrumb"},"inLanguage":"es","potentialAction":[{"@type":"ReadAction","target":["https:\/\/comt.cat\/serveis-bancaris\/"]}]},{"@type":"BreadcrumbList","@id":"https:\/\/comt.cat\/serveis-bancaris\/#breadcrumb","itemListElement":[{"@type":"ListItem","position":1,"name":"Home","item":"https:\/\/comt.cat\/es\/"},{"@type":"ListItem","position":2,"name":"Servicios bancarios"}]},{"@type":"WebSite","@id":"https:\/\/comt.cat\/#website","url":"https:\/\/comt.cat\/","name":"COMT","description":"Col\u00b7legi de Metges de Tarragona","potentialAction":[{"@type":"SearchAction","target":{"@type":"EntryPoint","urlTemplate":"https:\/\/comt.cat\/?s={search_term_string}"},"query-input":{"@type":"PropertyValueSpecification","valueRequired":true,"valueName":"search_term_string"}}],"inLanguage":"es"}]}},"_links":{"self":[{"href":"https:\/\/comt.cat\/es\/wp-json\/wp\/v2\/pages\/11105","targetHints":{"allow":["GET"]}}],"collection":[{"href":"https:\/\/comt.cat\/es\/wp-json\/wp\/v2\/pages"}],"about":[{"href":"https:\/\/comt.cat\/es\/wp-json\/wp\/v2\/types\/page"}],"author":[{"embeddable":true,"href":"https:\/\/comt.cat\/es\/wp-json\/wp\/v2\/users\/1"}],"replies":[{"embeddable":true,"href":"https:\/\/comt.cat\/es\/wp-json\/wp\/v2\/comments?post=11105"}],"version-history":[{"count":9,"href":"https:\/\/comt.cat\/es\/wp-json\/wp\/v2\/pages\/11105\/revisions"}],"predecessor-version":[{"id":23212,"href":"https:\/\/comt.cat\/es\/wp-json\/wp\/v2\/pages\/11105\/revisions\/23212"}],"wp:attachment":[{"href":"https:\/\/comt.cat\/es\/wp-json\/wp\/v2\/media?parent=11105"}],"curies":[{"name":"wp","href":"https:\/\/api.w.org\/{rel}","templated":true}]}}