{"id":11107,"date":"2021-07-27T13:24:09","date_gmt":"2021-07-27T13:24:09","guid":{"rendered":"https:\/\/comt.quimeras.cat\/serveis-juridics\/"},"modified":"2021-10-14T07:49:04","modified_gmt":"2021-10-14T07:49:04","slug":"serveis-juridics","status":"publish","type":"page","link":"https:\/\/comt.cat\/es\/serveis-juridics\/","title":{"rendered":"Servicios jur\u00eddicos"},"content":{"rendered":"\n\n\t<section class=\"section\" id=\"section_583044387\">\n\t\t<div class=\"section-bg fill\" >\n\t\t\t\t\t\t\t\t\t\n\t\t\t\n\n\t\t<\/div>\n\n\t\t\n\n\t\t<div class=\"section-content relative\">\n\t\t\t\n\n\t<div id=\"gap-1936155273\" class=\"gap-element clearfix\" style=\"display:block; height:auto;\">\n\t\t\n<style>\n#gap-1936155273 {\n  padding-top: 30px;\n}\n<\/style>\n\t<\/div>\n\t\n\n<div class=\"row align-middle\"  id=\"row-1427584599\">\n\n\n\t<div id=\"col-1553345440\" class=\"col medium-8 small-12 large-5\"  >\n\t\t\t\t<div class=\"col-inner\"  >\n\t\t\t\n\t\t\t\n\n\t<div id=\"text-791935966\" class=\"text\">\n\t\t\n\n<h1>Asesoramiento Jur\u00eddico<\/h1>\n\t\t\n<style>\n#text-791935966 {\n  font-size: 1.5rem;\n}\n<\/style>\n\t<\/div>\n\t\n\n\t\t<\/div>\n\t\t\t\t\t<\/div>\n\n\t\n\n\t<div id=\"col-1453641113\" class=\"col medium-12 small-12 large-7\"  >\n\t\t\t\t<div class=\"col-inner\"  >\n\t\t\t\n\t<div class=\"is-border\"\n\t\tstyle=\"border-color:rgb(126, 178, 233);border-width:0px 0px 0px 2px;\">\n\t<\/div>\n\t\t\t\n\n<p>El \u00e1rea jur\u00eddica del COMT te echar\u00e1 una mano siempre que te haga falta. Si necesitas asesoramiento u orientaci\u00f3n jur\u00eddica, tienes preguntas o dudas sobre derecho penal o civil, no lo dudes, contacta con nosotros.<\/p>\n\n\t\t<\/div>\n\t\t\t\t\n<style>\n#col-1453641113 > .col-inner {\n  padding: 0px 0px 0px 30px;\n  margin: 0px 0px 0px 0px;\n}\n@media (min-width:850px) {\n  #col-1453641113 > .col-inner {\n    margin: 10px 0px 0px 0px;\n  }\n}\n<\/style>\n\t<\/div>\n\n\t\n\n<\/div>\n\n\t\t<\/div>\n\n\t\t\n<style>\n#section_583044387 {\n  padding-top: 60px;\n  padding-bottom: 60px;\n  min-height: 319px;\n  background-color: rgb(251, 248, 243);\n}\n@media (min-width:550px) {\n  #section_583044387 {\n    padding-top: 80px;\n    padding-bottom: 80px;\n  }\n}\n@media (min-width:850px) {\n  #section_583044387 {\n    padding-top: 93px;\n    padding-bottom: 93px;\n  }\n}\n<\/style>\n\t<\/section>\n\t\n\n\t<section class=\"section\" id=\"section_2029421021\">\n\t\t<div class=\"section-bg fill\" >\n\t\t\t\t\t\t\t\t\t\n\t\t\t\n\n\t\t<\/div>\n\n\t\t\n\n\t\t<div class=\"section-content relative\">\n\t\t\t\n\n<div class=\"row row-large align-middle\"  id=\"row-684633606\">\n\n\n\t<div id=\"col-1508609515\" class=\"col medium-6 small-12 large-6\"  >\n\t\t\t\t<div class=\"col-inner\"  >\n\t\t\t\n\t\t\t\n\n\t<div class=\"img has-hover x md-x lg-x y md-y lg-y\" id=\"image_2060066754\">\n\t\t\t\t\t\t\t\t<div class=\"img-inner dark\" >\n\t\t\t<img loading=\"lazy\" decoding=\"async\" width=\"800\" height=\"533\" src=\"https:\/\/comt.cat\/wp-content\/uploads\/2021\/08\/business-woman-working-in-office-on-computer.jpg\" class=\"attachment-large size-large\" alt=\"\" srcset=\"https:\/\/comt.cat\/wp-content\/uploads\/2021\/08\/business-woman-working-in-office-on-computer.jpg 800w, https:\/\/comt.cat\/wp-content\/uploads\/2021\/08\/business-woman-working-in-office-on-computer-600x400.jpg 600w, https:\/\/comt.cat\/wp-content\/uploads\/2021\/08\/business-woman-working-in-office-on-computer-300x200.jpg 300w, https:\/\/comt.cat\/wp-content\/uploads\/2021\/08\/business-woman-working-in-office-on-computer-768x512.jpg 768w\" sizes=\"(max-width: 800px) 100vw, 800px\" \/>\t\t\t\t\t\t\n\t\t\t\t\t<\/div>\n\t\t\t\t\t\t\t\t\n<style>\n#image_2060066754 {\n  width: 100%;\n}\n<\/style>\n\t<\/div>\n\t\n\n\n\t\t<\/div>\n\t\t\t\t\t<\/div>\n\n\t\n\n\t<div id=\"col-289149025\" class=\"col medium-6 small-12 large-6\"  >\n\t\t\t\t<div class=\"col-inner\"  >\n\t\t\t\n\t\t\t\n\n<h3>Adem\u00e1s, si nunca sufres una amenaza, una agresi\u00f3n o te ves intimidado, nosotros estaremos a tu lado en todo momento.<\/h3>\n<p>Te acompa\u00f1aremos durante todo el proceso y te ayudaremos a realizar los tr\u00e1mites necesarios para presentar una denuncia.<\/p>\n<p>Si nunca lo necesitas, puedes contactar con nosotros por v\u00eda telef\u00f3nica, por correo electr\u00f3nico <span style=\"font-size: 14.4px;\">a <\/span><a style=\"font-size: 14.4px;\" href=\"mailto:juridic@comt.cat\">juridic@comt.cat<\/a><span style=\"font-size: 14.4px;\"> o bien, puedes hacerlo de forma presencial.<\/span><\/p>\n\n\t\t<\/div>\n\t\t\t\t\t<\/div>\n\n\t\n\n<\/div>\n<div class=\"row align-middle\"  id=\"row-76965375\">\n\n\n\t<div id=\"col-426555947\" class=\"col medium-3 small-12 large-3\"  >\n\t\t\t\t<div class=\"col-inner\"  >\n\t\t\t\n\t\t\t\n\n<h1>Asesoramiento jur\u00eddico que el COMT presta<\/h1>\n<div class=\"is-divider divider clearfix\" ><\/div>\n\n\n\t\t<\/div>\n\t\t\t\t\t<\/div>\n\n\t\n\n\t<div id=\"col-743278744\" class=\"col medium-9 small-12 large-9\"  >\n\t\t\t\t<div class=\"col-inner\"  >\n\t\t\t\n\t\t\t\n\n<div class=\"row align-equal\"  id=\"row-1971022693\">\n\n\n\t<div id=\"col-1398386713\" class=\"col medium-6 small-12 large-6\"  >\n\t\t\t\t<div class=\"col-inner\"  >\n\t\t\t\n\t\t\t\n\n\n\t\t<div class=\"icon-box featured-box icon-box-center text-center\"  >\n\t\t\t\t\t<div class=\"icon-box-img\" style=\"width: 60px\">\n\t\t\t\t<div class=\"icon\">\n\t\t\t\t\t<div class=\"icon-inner\" style=\"color:rgb(126, 178, 233);\">\n\t\t\t\t\t\t<?xml version=\"1.0\" encoding=\"utf-8\"?>\n<!-- Generator: Adobe Illustrator 25.4.1, SVG Export Plug-In . SVG Version: 6.00 Build 0)  -->\n<svg version=\"1.1\" id=\"Capa_1\" xmlns=\"http:\/\/www.w3.org\/2000\/svg\" xmlns:xlink=\"http:\/\/www.w3.org\/1999\/xlink\" x=\"0px\" y=\"0px\"\n\t viewBox=\"0 0 48 48\" style=\"enable-background:new 0 0 48 48;\" xml:space=\"preserve\">\n<g transform=\"matrix(2,0,0,2,0,0)\">\n\t<path d=\"M3,21h8c0.6,0,1-0.4,1-1v-1.5c0-0.8-0.7-1.5-1.5-1.5h-7C2.7,17,2,17.7,2,18.5V20C2,20.6,2.4,21,3,21z\"\/>\n\t<path d=\"M23,18c0.6-0.6,0.7-1.6,0-2.3c0,0,0,0,0,0l-6.8-6.1c-0.1-0.1-0.1-0.3,0-0.4c0,0,0,0,0,0l1.8-1.8c0.1-0.1,0.2-0.1,0.3,0\n\t\tc0.7,0.5,1.6,0.4,2.1-0.3c0.4-0.6,0.4-1.4-0.1-2l-4.7-4.7c-0.6-0.6-1.5-0.6-2.1,0c-0.5,0.5-0.6,1.4-0.1,2c0.1,0.1,0.1,0.2,0,0.3\n\t\tL7.7,8.3c-0.1,0.1-0.2,0.1-0.3,0C6.7,7.8,5.8,7.9,5.3,8.6c-0.4,0.6-0.4,1.4,0.1,2l4.7,4.7c0.6,0.6,1.5,0.6,2.1,0\n\t\tc0.5-0.5,0.6-1.4,0.1-2c-0.1-0.1-0.1-0.2,0-0.3l1.8-1.8c0.1-0.1,0.3-0.1,0.4,0c0,0,0,0,0,0l6.1,6.8C21.3,18.6,22.3,18.7,23,18\n\t\tC23,18,23,18,23,18z\"\/>\n\t<path d=\"M12.5,22h-11c-0.6,0-1,0.4-1,1s0.4,1,1,1h11c0.6,0,1-0.4,1-1S13.1,22,12.5,22z\"\/>\n<\/g>\n<\/svg>\n\t\t\t\t\t<\/div>\n\t\t\t\t<\/div>\n\t\t\t<\/div>\n\t\t\t\t<div class=\"icon-box-text last-reset\">\n\t\t\t\t\t\t\t\t\t\n\n<p><strong>Orientaci\u00f3n y asesoramiento jur\u00eddico<\/strong> a los colegiados en relaci\u00f3n a todos los aspectos relativos al ejercicio de la profesi\u00f3n, a su acceso, y a las condiciones legales para ejercerla.<\/p>\n\n\t\t<\/div>\n\t<\/div>\n\t\n\t\n\n\t\t<\/div>\n\t\t\t\t\n<style>\n#col-1398386713 > .col-inner {\n  padding: 20px 20px 20px 20px;\n}\n<\/style>\n\t<\/div>\n\n\t\n\n\t<div id=\"col-1772233167\" class=\"col medium-6 small-12 large-6\"  >\n\t\t\t\t<div class=\"col-inner\"  >\n\t\t\t\n\t\t\t\n\n\n\t\t<div class=\"icon-box featured-box icon-box-center text-center\"  >\n\t\t\t\t\t<div class=\"icon-box-img\" style=\"width: 60px\">\n\t\t\t\t<div class=\"icon\">\n\t\t\t\t\t<div class=\"icon-inner\" style=\"color:rgb(126, 178, 233);\">\n\t\t\t\t\t\t<?xml version=\"1.0\" encoding=\"utf-8\"?>\n<!-- Generator: Adobe Illustrator 25.4.1, SVG Export Plug-In . SVG Version: 6.00 Build 0)  -->\n<svg version=\"1.1\" id=\"Capa_1\" xmlns=\"http:\/\/www.w3.org\/2000\/svg\" xmlns:xlink=\"http:\/\/www.w3.org\/1999\/xlink\" x=\"0px\" y=\"0px\"\n\t viewBox=\"0 0 48 48\" style=\"enable-background:new 0 0 48 48;\" xml:space=\"preserve\">\n<style type=\"text\/css\">\n\t.st0{fill:#000001;}\n<\/style>\n<g transform=\"matrix(2,0,0,2,0,0)\">\n\t<g>\n\t\t<path class=\"st0\" d=\"M2.4,7.5c0.1,0.2,0.1,0.4,0,0.5L1.3,9.7c-0.3,0.5-0.2,1.1,0.3,1.4c0.2,0.1,0.4,0.2,0.6,0.2h2\n\t\t\tc0.2,0,0.3,0.1,0.4,0.2l1.8,2.9c0.2,0.3,0.5,0.5,0.8,0.5c0.3,0,0.6-0.2,0.8-0.5l1.8-2.9c0.1-0.1,0.3-0.2,0.4-0.2h2\n\t\t\tc0.4,0,0.7-0.2,0.9-0.5c0.2-0.3,0.1-0.7-0.1-1L12,8c-0.1-0.2-0.1-0.4,0-0.6l1.1-1.6c0.2-0.3,0.2-0.7,0.1-1\n\t\t\tc-0.2-0.3-0.5-0.5-0.9-0.5h-2c-0.2,0-0.4-0.1-0.4-0.3L8,1.2C7.7,0.7,7.1,0.5,6.6,0.8C6.5,0.9,6.4,1,6.3,1.2L4.6,4\n\t\t\tC4.5,4.1,4.3,4.2,4.1,4.2h-2c-0.6,0-1,0.4-1,1c0,0.2,0.1,0.4,0.2,0.6L2.4,7.5z\"\/>\n\t\t<path class=\"st0\" d=\"M20.1,0h-8.5c-0.6,0-1,0.4-1,1s0.4,1,1,1h5c0.1,0,0.2,0,0.2,0.1c0,0.1,0,0.2,0,0.2c-0.1,0.4-0.2,0.8-0.2,1.2\n\t\t\tv16.9l0,0v0.1l0,0c0,0.9-0.8,1.6-1.6,1.5c-0.9,0-1.6-0.8-1.6-1.6c0-0.8,0.6-1.4,1-1.4c0.6,0,1-0.4,1-1s-0.4-1-1-1H5.1\n\t\t\tc-0.1,0-0.2-0.1-0.2-0.2v-0.5c0-0.6-0.4-1-1-1s-1,0.4-1,1V17c0,0.1-0.1,0.2-0.2,0.2c-1.8,0.7-2.7,2.7-2.1,4.5\n\t\t\tC1.2,23.1,2.4,24,3.9,24h10.5c1.9,0,4.2-1.6,4.2-3.5V7c0-0.1,0-0.2,0.1-0.2c0.1,0,0.2,0,0.2,0c1.8,0.6,3.8-0.3,4.4-2.2\n\t\t\ts-0.3-3.8-2.2-4.4C20.9,0.1,20.5,0,20.1,0z M12,21.7c0,0.1,0,0.2,0,0.2c0,0.1-0.1,0.1-0.2,0.1H3.9c-0.8,0-1.5-0.7-1.5-1.5\n\t\t\tS3.1,19,3.9,19h7.9c0.1,0,0.2,0,0.2,0.1c0,0.1,0,0.2,0,0.2C11.7,20.1,11.7,20.9,12,21.7L12,21.7z M20.1,5c-0.8,0-1.5-0.7-1.5-1.5\n\t\t\tS19.3,2,20.1,2s1.5,0.7,1.5,1.5S20.9,5,20.1,5z\"\/>\n\t<\/g>\n<\/g>\n<\/svg>\n\t\t\t\t\t<\/div>\n\t\t\t\t<\/div>\n\t\t\t<\/div>\n\t\t\t\t<div class=\"icon-box-text last-reset\">\n\t\t\t\t\t\t\t\t\t\n\n<p><strong>Asesoramiento jur\u00eddico laboral en el \u00e1mbito p\u00fablico y privado<\/strong> en cuanto a las condiciones de trabajo (contrataciones, retribuciones, jornadas, r\u00e9gimen disciplinario, etc.), as\u00ed como en materia de Seguridad Social (prestaciones de jubilaciones, invalideces, paro, etc.)<\/p>\n\n\t\t<\/div>\n\t<\/div>\n\t\n\t\n\n\t\t<\/div>\n\t\t\t\t\n<style>\n#col-1772233167 > .col-inner {\n  padding: 20px 20px 20px 20px;\n}\n<\/style>\n\t<\/div>\n\n\t\n\n\n<style>\n#row-1971022693 > .col > .col-inner {\n  background-color: rgb(251, 248, 243);\n}\n<\/style>\n<\/div>\n\n\t\t<\/div>\n\t\t\t\t\t<\/div>\n\n\t\n\n<\/div>\n\n\t\t<\/div>\n\n\t\t\n<style>\n#section_2029421021 {\n  padding-top: 60px;\n  padding-bottom: 60px;\n}\n<\/style>\n\t<\/section>\n\t\n\n\t<section class=\"section\" id=\"section_715561048\">\n\t\t<div class=\"section-bg fill\" >\n\t\t\t\t\t\t\t\t\t\n\t\t\t\n\n\t\t<\/div>\n\n\t\t\n\n\t\t<div class=\"section-content relative\">\n\t\t\t\n\n<div class=\"row\"  id=\"row-1061130392\">\n\n\n\t<div id=\"col-613414693\" class=\"col small-12 large-12\"  >\n\t\t\t\t<div class=\"col-inner text-center\"  >\n\t\t\t\n\t\t\t\n\n<h2>Inf\u00f3rmate sin compromiso<\/h2>\n\n\t\t<\/div>\n\t\t\t\t\n<style>\n#col-613414693 > .col-inner {\n  margin: 40px 0px 0px 0px;\n}\n<\/style>\n\t<\/div>\n\n\t\n\n<\/div>\n<div class=\"row align-equal align-center\"  id=\"row-1005969809\">\n\n\n\t<div id=\"col-1418567626\" class=\"col medium-4 small-12 large-4\"  >\n\t\t\t\t<div class=\"col-inner\"  >\n\t\t\t\n\t\t\t\n\n\n\t\t<div class=\"icon-box featured-box circle icon-box-left text-left is-small\"  >\n\t\t\t\t\t<div class=\"icon-box-img\" style=\"width: 95px\">\n\t\t\t\t<div class=\"icon\">\n\t\t\t\t\t<div class=\"icon-inner\" >\n\t\t\t\t\t\t<img loading=\"lazy\" decoding=\"async\" width=\"300\" height=\"300\" src=\"https:\/\/comt.cat\/wp-content\/uploads\/2021\/09\/javier-300x300.jpg\" class=\"attachment-medium size-medium\" alt=\"\" srcset=\"https:\/\/comt.cat\/wp-content\/uploads\/2021\/09\/javier.jpg 300w, https:\/\/comt.cat\/wp-content\/uploads\/2021\/09\/javier-100x100.jpg 100w, https:\/\/comt.cat\/wp-content\/uploads\/2021\/09\/javier-150x150.jpg 150w\" sizes=\"(max-width: 300px) 100vw, 300px\" \/>\t\t\t\t\t<\/div>\n\t\t\t\t<\/div>\n\t\t\t<\/div>\n\t\t\t\t<div class=\"icon-box-text last-reset\">\n\t\t\t\t\t\t\t\t\t\n\n<h3 style=\"margin-bottom: 0px;\">Javier Arbeloa<\/h3>\n<p>Abogado<\/p>\n<p>977 232 012\u00a0<\/p>\n\t<div id=\"gap-10966812\" class=\"gap-element clearfix\" style=\"display:block; height:auto;\">\n\t\t\n<style>\n#gap-10966812 {\n  padding-top: 18px;\n}\n<\/style>\n\t<\/div>\n\t\n\n<a href=\"mailto:juridic@comt.cat\" class=\"button secondary is-underline is-larger\" style=\"padding:0px 10px 0px 0px;\">\n\t<i class=\"icon-envelop\" aria-hidden=\"true\"><\/i>\t<span>Correo<\/span>\n\t<\/a>\n\n\n\n\t\t<\/div>\n\t<\/div>\n\t\n\t\n\n\t\t<\/div>\n\t\t\t\t\t<\/div>\n\n\t\n\n\n<style>\n#row-1005969809 > .col > .col-inner {\n  padding: 40px 40px 40px 40px;\n  background-color: rgb(255,255,255);\n}\n<\/style>\n<\/div>\n\n\t\t<\/div>\n\n\t\t\n<style>\n#section_715561048 {\n  padding-top: 30px;\n  padding-bottom: 30px;\n  background-color: rgb(244, 244, 244);\n}\n<\/style>\n\t<\/section>\n\t\n\n","protected":false},"excerpt":{"rendered":"","protected":false},"author":1,"featured_media":0,"parent":0,"menu_order":0,"comment_status":"closed","ping_status":"closed","template":"page-blank.php","meta":{"footnotes":""},"class_list":["post-11107","page","type-page","status-publish","hentry"],"yoast_head":"<!-- This site is optimized with the Yoast SEO plugin v27.2 - https:\/\/yoast.com\/product\/yoast-seo-wordpress\/ -->\n<title>Servicios jur\u00eddicos - COMT<\/title>\n<meta name=\"robots\" content=\"index, follow, max-snippet:-1, max-image-preview:large, max-video-preview:-1\" \/>\n<link rel=\"canonical\" href=\"https:\/\/comt.cat\/serveis-juridics\/\" \/>\n<meta property=\"og:locale\" content=\"es_ES\" \/>\n<meta property=\"og:type\" content=\"article\" \/>\n<meta property=\"og:title\" content=\"Servicios jur\u00eddicos - COMT\" \/>\n<meta property=\"og:url\" content=\"https:\/\/comt.cat\/serveis-juridics\/\" \/>\n<meta property=\"og:site_name\" content=\"COMT\" \/>\n<meta property=\"article:modified_time\" content=\"2021-10-14T07:49:04+00:00\" \/>\n<meta name=\"twitter:card\" content=\"summary_large_image\" \/>\n<meta name=\"twitter:label1\" content=\"Tiempo de lectura\" \/>\n\t<meta name=\"twitter:data1\" content=\"2 minutos\" \/>\n<script type=\"application\/ld+json\" class=\"yoast-schema-graph\">{\"@context\":\"https:\/\/schema.org\",\"@graph\":[{\"@type\":\"WebPage\",\"@id\":\"https:\/\/comt.cat\/serveis-juridics\/\",\"url\":\"https:\/\/comt.cat\/serveis-juridics\/\",\"name\":\"Servicios jur\u00eddicos - COMT\",\"isPartOf\":{\"@id\":\"https:\/\/comt.cat\/#website\"},\"datePublished\":\"2021-07-27T13:24:09+00:00\",\"dateModified\":\"2021-10-14T07:49:04+00:00\",\"breadcrumb\":{\"@id\":\"https:\/\/comt.cat\/serveis-juridics\/#breadcrumb\"},\"inLanguage\":\"es\",\"potentialAction\":[{\"@type\":\"ReadAction\",\"target\":[\"https:\/\/comt.cat\/serveis-juridics\/\"]}]},{\"@type\":\"BreadcrumbList\",\"@id\":\"https:\/\/comt.cat\/serveis-juridics\/#breadcrumb\",\"itemListElement\":[{\"@type\":\"ListItem\",\"position\":1,\"name\":\"Home\",\"item\":\"https:\/\/comt.cat\/es\/\"},{\"@type\":\"ListItem\",\"position\":2,\"name\":\"Servicios jur\u00eddicos\"}]},{\"@type\":\"WebSite\",\"@id\":\"https:\/\/comt.cat\/#website\",\"url\":\"https:\/\/comt.cat\/\",\"name\":\"COMT\",\"description\":\"Col\u00b7legi de Metges de Tarragona\",\"potentialAction\":[{\"@type\":\"SearchAction\",\"target\":{\"@type\":\"EntryPoint\",\"urlTemplate\":\"https:\/\/comt.cat\/?s={search_term_string}\"},\"query-input\":{\"@type\":\"PropertyValueSpecification\",\"valueRequired\":true,\"valueName\":\"search_term_string\"}}],\"inLanguage\":\"es\"}]}<\/script>\n<!-- \/ Yoast SEO plugin. -->","yoast_head_json":{"title":"Servicios jur\u00eddicos - COMT","robots":{"index":"index","follow":"follow","max-snippet":"max-snippet:-1","max-image-preview":"max-image-preview:large","max-video-preview":"max-video-preview:-1"},"canonical":"https:\/\/comt.cat\/serveis-juridics\/","og_locale":"es_ES","og_type":"article","og_title":"Servicios jur\u00eddicos - COMT","og_url":"https:\/\/comt.cat\/serveis-juridics\/","og_site_name":"COMT","article_modified_time":"2021-10-14T07:49:04+00:00","twitter_card":"summary_large_image","twitter_misc":{"Tiempo de lectura":"2 minutos"},"schema":{"@context":"https:\/\/schema.org","@graph":[{"@type":"WebPage","@id":"https:\/\/comt.cat\/serveis-juridics\/","url":"https:\/\/comt.cat\/serveis-juridics\/","name":"Servicios jur\u00eddicos - COMT","isPartOf":{"@id":"https:\/\/comt.cat\/#website"},"datePublished":"2021-07-27T13:24:09+00:00","dateModified":"2021-10-14T07:49:04+00:00","breadcrumb":{"@id":"https:\/\/comt.cat\/serveis-juridics\/#breadcrumb"},"inLanguage":"es","potentialAction":[{"@type":"ReadAction","target":["https:\/\/comt.cat\/serveis-juridics\/"]}]},{"@type":"BreadcrumbList","@id":"https:\/\/comt.cat\/serveis-juridics\/#breadcrumb","itemListElement":[{"@type":"ListItem","position":1,"name":"Home","item":"https:\/\/comt.cat\/es\/"},{"@type":"ListItem","position":2,"name":"Servicios jur\u00eddicos"}]},{"@type":"WebSite","@id":"https:\/\/comt.cat\/#website","url":"https:\/\/comt.cat\/","name":"COMT","description":"Col\u00b7legi de Metges de Tarragona","potentialAction":[{"@type":"SearchAction","target":{"@type":"EntryPoint","urlTemplate":"https:\/\/comt.cat\/?s={search_term_string}"},"query-input":{"@type":"PropertyValueSpecification","valueRequired":true,"valueName":"search_term_string"}}],"inLanguage":"es"}]}},"_links":{"self":[{"href":"https:\/\/comt.cat\/es\/wp-json\/wp\/v2\/pages\/11107","targetHints":{"allow":["GET"]}}],"collection":[{"href":"https:\/\/comt.cat\/es\/wp-json\/wp\/v2\/pages"}],"about":[{"href":"https:\/\/comt.cat\/es\/wp-json\/wp\/v2\/types\/page"}],"author":[{"embeddable":true,"href":"https:\/\/comt.cat\/es\/wp-json\/wp\/v2\/users\/1"}],"replies":[{"embeddable":true,"href":"https:\/\/comt.cat\/es\/wp-json\/wp\/v2\/comments?post=11107"}],"version-history":[{"count":4,"href":"https:\/\/comt.cat\/es\/wp-json\/wp\/v2\/pages\/11107\/revisions"}],"predecessor-version":[{"id":11496,"href":"https:\/\/comt.cat\/es\/wp-json\/wp\/v2\/pages\/11107\/revisions\/11496"}],"wp:attachment":[{"href":"https:\/\/comt.cat\/es\/wp-json\/wp\/v2\/media?parent=11107"}],"curies":[{"name":"wp","href":"https:\/\/api.w.org\/{rel}","templated":true}]}}