{"id":12681,"date":"2021-12-02T18:10:32","date_gmt":"2021-12-02T17:10:32","guid":{"rendered":"https:\/\/comt.cat\/assegurances-mutual-medica\/"},"modified":"2021-12-10T13:27:50","modified_gmt":"2021-12-10T12:27:50","slug":"assegurances-mutual-medica","status":"publish","type":"page","link":"https:\/\/comt.cat\/es\/assegurances-mutual-medica\/","title":{"rendered":"Seguros (Mutual M\u00e8dica)"},"content":{"rendered":"\n\n\t<section class=\"section\" id=\"section_35575220\">\n\t\t<div class=\"section-bg fill\" >\n\t\t\t\t\t\t\t\t\t\n\t\t\t\n\n\t\t<\/div>\n\n\t\t\n\n\t\t<div class=\"section-content relative\">\n\t\t\t\n\n\t<div id=\"gap-222897869\" class=\"gap-element clearfix\" style=\"display:block; height:auto;\">\n\t\t\n<style>\n#gap-222897869 {\n  padding-top: 30px;\n}\n<\/style>\n\t<\/div>\n\t\n\n<div class=\"row align-bottom align-center\"  id=\"row-1998838162\">\n\n\n\t<div id=\"col-1183620569\" class=\"col medium-12 small-12 large-6\"  >\n\t\t\t\t<div class=\"col-inner\"  >\n\t\t\t\n\t<div class=\"is-border\"\n\t\tstyle=\"border-color:rgb(131, 184, 238);border-width:0px 2px 0px 0px;\">\n\t<\/div>\n\t\t\t\n\n\t<div class=\"img has-hover x md-x lg-x y md-y lg-y\" id=\"image_1915857074\">\n\t\t\t\t\t\t\t\t<div class=\"img-inner dark\" style=\"margin:0px 0px -36px -54px;\">\n\t\t\t<img loading=\"lazy\" decoding=\"async\" width=\"1020\" height=\"442\" src=\"https:\/\/comt.cat\/wp-content\/uploads\/2021\/12\/Imagen-1-1024x444.png\" class=\"attachment-large size-large\" alt=\"\" srcset=\"https:\/\/comt.cat\/wp-content\/uploads\/2021\/12\/Imagen-1-1024x444.png 1024w, https:\/\/comt.cat\/wp-content\/uploads\/2021\/12\/Imagen-1-300x130.png 300w, https:\/\/comt.cat\/wp-content\/uploads\/2021\/12\/Imagen-1-768x333.png 768w, https:\/\/comt.cat\/wp-content\/uploads\/2021\/12\/Imagen-1-1536x666.png 1536w, https:\/\/comt.cat\/wp-content\/uploads\/2021\/12\/Imagen-1-2048x887.png 2048w\" sizes=\"(max-width: 1020px) 100vw, 1020px\" \/>\t\t\t\t\t\t\n\t\t\t\t\t<\/div>\n\t\t\t\t\t\t\t\t\n<style>\n#image_1915857074 {\n  width: 70%;\n}\n<\/style>\n\t<\/div>\n\t\n\n\t<div id=\"text-205436607\" class=\"text\">\n\t\t\n\n<h4><span style=\"font-size: 75%;\" data-line-height=\"xs\">Somos m\u00e9dicos cuidando de m\u00e9dicos. Y como mutualidad de los m\u00e9dicos, te acompa\u00f1amos en todos los momentos de tu vida profesional y personal.<\/span><\/h4>\n\t\t\n<style>\n#text-205436607 {\n  font-size: 1.5rem;\n  line-height: 1;\n}\n<\/style>\n\t<\/div>\n\t\n\n\t\t<\/div>\n\t\t\t\t\n<style>\n#col-1183620569 > .col-inner {\n  padding: 0px 0px 0px 30px;\n  margin: 0px 0px 0px 0px;\n}\n@media (min-width:850px) {\n  #col-1183620569 > .col-inner {\n    margin: 10px 0px 0px 0px;\n  }\n}\n<\/style>\n\t<\/div>\n\n\t\n\n\t<div id=\"col-1871275402\" class=\"col medium-12 small-12 large-6\"  >\n\t\t\t\t<div class=\"col-inner\"  >\n\t\t\t\n\t<div class=\"is-border\"\n\t\tstyle=\"border-color:rgb(131, 184, 238);border-width:0px 0px 0px 0;\">\n\t<\/div>\n\t\t\t\n\n<p>Con m\u00e1s de 100 a\u00f1os de experiencia, Mutual M\u00e9dica es una mutualidad especializada en la previsi\u00f3n social del m\u00e9dico.<br \/>Tiene el objetivo de proteger al m\u00e9dico y la familia en momentos de enfermedad, jubilaci\u00f3n, defunci\u00f3n y otros imprevistos de la vida. Y revierte todos sus beneficios a los mutualistas, gracias a su principio de econom\u00eda circular.<\/p>\n<p>Adem\u00e1s, est\u00e1 autorizada para actuar como alternativa al R\u00e9gimen Especial de Trabajadores Aut\u00f3nomos (RETA).<\/p>\n\n\t\t<\/div>\n\t\t\t\t\n<style>\n#col-1871275402 > .col-inner {\n  padding: 0px 0px 0px 30px;\n  margin: 0px 0px 0px 0px;\n}\n@media (min-width:850px) {\n  #col-1871275402 > .col-inner {\n    margin: 10px 0px 0px 0px;\n  }\n}\n<\/style>\n\t<\/div>\n\n\t\n\n<\/div>\n\n\t\t<\/div>\n\n\t\t\n<style>\n#section_35575220 {\n  padding-top: 60px;\n  padding-bottom: 60px;\n  min-height: 319px;\n  background-color: rgb(251, 248, 243);\n}\n@media (min-width:550px) {\n  #section_35575220 {\n    padding-top: 80px;\n    padding-bottom: 80px;\n  }\n}\n@media (min-width:850px) {\n  #section_35575220 {\n    padding-top: 17px;\n    padding-bottom: 17px;\n  }\n}\n<\/style>\n\t<\/section>\n\t\n\n\t<section class=\"section\" id=\"section_769515497\">\n\t\t<div class=\"section-bg fill\" >\n\t\t\t\t\t\t\t\t\t\n\t\t\t\n\n\t\t<\/div>\n\n\t\t\n\n\t\t<div class=\"section-content relative\">\n\t\t\t\n\n<div class=\"row row-large align-middle\"  id=\"row-25352824\">\n\n\n\t<div id=\"col-336394156\" class=\"col small-12 large-12\"  >\n\t\t\t\t<div class=\"col-inner text-center\"  >\n\t\t\t\n\t\t\t\n\n<h2>Seguros pensados para m\u00e9dicos:<\/h2>\n\n\t\t<\/div>\n\t\t\t\t\n<style>\n#col-336394156 > .col-inner {\n  margin: 0px 0px 26px 0px;\n}\n<\/style>\n\t<\/div>\n\n\t\n\n<\/div>\n<div class=\"row align-center\" style=\"max-width:1494px\" id=\"row-898439757\">\n\n\n\t<div id=\"col-1709096212\" class=\"col medium-4 small-12 large-4\"  >\n\t\t\t\t<div class=\"col-inner\"  >\n\t\t\t\n\t\t\t\n\n\n\t\t<div class=\"icon-box featured-box icon-box-left text-left\"  >\n\t\t\t\t\t<div class=\"icon-box-img\" style=\"width: 90px\">\n\t\t\t\t<div class=\"icon\">\n\t\t\t\t\t<div class=\"icon-inner\" style=\"color:rgb(111, 222, 255);\">\n\t\t\t\t\t\t<img loading=\"lazy\" decoding=\"async\" width=\"166\" height=\"166\" src=\"https:\/\/comt.cat\/wp-content\/uploads\/2021\/12\/Imawwgen-1.png\" class=\"attachment-medium size-medium\" alt=\"\" srcset=\"https:\/\/comt.cat\/wp-content\/uploads\/2021\/12\/Imawwgen-1.png 166w, https:\/\/comt.cat\/wp-content\/uploads\/2021\/12\/Imawwgen-1-150x150.png 150w\" sizes=\"(max-width: 166px) 100vw, 166px\" \/>\t\t\t\t\t<\/div>\n\t\t\t\t<\/div>\n\t\t\t<\/div>\n\t\t\t\t<div class=\"icon-box-text last-reset\">\n\t\t\t\t\t\t\t\t\t\n\n<h3><span style=\"font-size: 95%;\">Seguro Mutualista Joven<\/span><\/h3>\n<p>Especialmente pensado para ofrecerle soluciones o necesidades de los m\u00e9dicos hasta los 35 a\u00f1os. Con cuotas muy econ\u00f3micas, asequibles durante los primeros a\u00f1os de trayectoria profesional.<strong> Adem\u00e1s, es gratuito el primer a\u00f1o de contrataci\u00f3n.<\/strong><\/p>\n<p><span data-text-color=\"secondary\"><strong>Seguro incluye:<\/strong><\/span> Asistencia en viaje, Seguro de Guardias M\u00e9dicas, Cobertura por COVID-19 y Seguro de Jubilaci\u00f3n.<\/p>\n\t<div id=\"gap-518642939\" class=\"gap-element clearfix\" style=\"display:block; height:auto;\">\n\t\t\n<style>\n#gap-518642939 {\n  padding-top: 30px;\n}\n<\/style>\n\t<\/div>\n\t\n\n<a href=\"https:\/\/www.mutualmedica.com\/es\/seguro-mutualista-joven\" target=\"_blank\" class=\"button secondary\" rel=\"noopener\" >\n\t\t<span>Inf\u00f3rmate<\/span>\n\t<\/a>\n\n\n\n\t\t<\/div>\n\t<\/div>\n\t\n\t\n\n\t\t<\/div>\n\t\t\t\t\t<\/div>\n\n\t\n\n\t<div id=\"col-978142144\" class=\"col medium-4 small-12 large-4\"  >\n\t\t\t\t<div class=\"col-inner\"  >\n\t\t\t\n\t\t\t\n\n\n\t\t<div class=\"icon-box featured-box icon-box-left text-left\"  >\n\t\t\t\t\t<div class=\"icon-box-img\" style=\"width: 90px\">\n\t\t\t\t<div class=\"icon\">\n\t\t\t\t\t<div class=\"icon-inner\" style=\"color:rgb(111, 222, 255);\">\n\t\t\t\t\t\t<img loading=\"lazy\" decoding=\"async\" width=\"170\" height=\"170\" src=\"https:\/\/comt.cat\/wp-content\/uploads\/2021\/12\/Imagwwen-1.png\" class=\"attachment-medium size-medium\" alt=\"\" srcset=\"https:\/\/comt.cat\/wp-content\/uploads\/2021\/12\/Imagwwen-1.png 170w, https:\/\/comt.cat\/wp-content\/uploads\/2021\/12\/Imagwwen-1-150x150.png 150w\" sizes=\"(max-width: 170px) 100vw, 170px\" \/>\t\t\t\t\t<\/div>\n\t\t\t\t<\/div>\n\t\t\t<\/div>\n\t\t\t\t<div class=\"icon-box-text last-reset\">\n\t\t\t\t\t\t\t\t\t\n\n<h3><span style=\"font-size: 95%;\">Inversi\u00f3 Socialment Responsable<\/span><\/h3>\n<p>Un Plan de Inversi\u00f3n con fondos indexados. Una forma de invertir simple, transparente, 100% online y sin inversi\u00f3n m\u00ednima inicial. Rentabiliza los ahorros sin renunciar a tus valores.<\/p>\n\t<div id=\"gap-586458089\" class=\"gap-element clearfix\" style=\"display:block; height:auto;\">\n\t\t\n<style>\n#gap-586458089 {\n  padding-top: 34px;\n}\n@media (min-width:550px) {\n  #gap-586458089 {\n    padding-top: 30px;\n  }\n}\n<\/style>\n\t<\/div>\n\t\n\n<a href=\"https:\/\/www.mutualmedica.com\/es\/inversion-joven\" target=\"_blank\" class=\"button secondary\" rel=\"noopener\" >\n\t\t<span>Descubre tu plan<\/span>\n\t<\/a>\n\n\n\n\t\t<\/div>\n\t<\/div>\n\t\n\t\n\n\t\t<\/div>\n\t\t\t\t\n<style>\n#col-978142144 > .col-inner {\n  padding: 0px 0px 0px 0px;\n  margin: 0px 0px -16px 0px;\n}\n<\/style>\n\t<\/div>\n\n\t\n\n\t<div id=\"col-484794354\" class=\"col medium-4 small-12 large-4\"  >\n\t\t\t\t<div class=\"col-inner\"  >\n\t\t\t\n\t\t\t\n\n\n\t\t<div class=\"icon-box featured-box icon-box-left text-left\"  >\n\t\t\t\t\t<div class=\"icon-box-img\" style=\"width: 90px\">\n\t\t\t\t<div class=\"icon\">\n\t\t\t\t\t<div class=\"icon-inner\" style=\"color:rgb(111, 222, 255);\">\n\t\t\t\t\t\t<img loading=\"lazy\" decoding=\"async\" width=\"166\" height=\"166\" src=\"https:\/\/comt.cat\/wp-content\/uploads\/2021\/12\/Imawwgqen-1.png\" class=\"attachment-medium size-medium\" alt=\"\" srcset=\"https:\/\/comt.cat\/wp-content\/uploads\/2021\/12\/Imawwgqen-1.png 166w, https:\/\/comt.cat\/wp-content\/uploads\/2021\/12\/Imawwgqen-1-150x150.png 150w\" sizes=\"(max-width: 166px) 100vw, 166px\" \/>\t\t\t\t\t<\/div>\n\t\t\t\t<\/div>\n\t\t\t<\/div>\n\t\t\t\t<div class=\"icon-box-text last-reset\">\n\t\t\t\t\t\t\t\t\t\n\n<h3><span style=\"font-size: 95%;\">M\u00e9dico de Ejercicio Libre (MEL)<\/span><\/h3>\n<p>El MEL es la Alternativa al RETA que incluye un conjunto de coberturas dise\u00f1adas en exclusiva y a medida para cubrir tus necesidades como m\u00e9dico si ejerces en la sanidad privada por cuenta propia.<\/strong><\/p>\n<p><span data-text-color=\"secondary\"><strong>Seguro incluye:<\/strong><\/span>  Incapacidad Laboral, Dependencia, Vida Ahorro y Seguro de Jubilaci\u00f3n.<\/p>\n\t<div id=\"gap-1089787609\" class=\"gap-element clearfix\" style=\"display:block; height:auto;\">\n\t\t\n<style>\n#gap-1089787609 {\n  padding-top: 25px;\n}\n<\/style>\n\t<\/div>\n\t\n\n<a href=\"https:\/\/www.mutualmedica.com\/es\/seguro-mel\" target=\"_blank\" class=\"button secondary\" rel=\"noopener\" >\n\t\t<span>Inf\u00f3rmate<\/span>\n\t<\/a>\n\n\n\n\t\t<\/div>\n\t<\/div>\n\t\n\t\n\n\t\t<\/div>\n\t\t\t\t\n<style>\n#col-484794354 > .col-inner {\n  margin: 0px 0px -42px 0px;\n}\n<\/style>\n\t<\/div>\n\n\t\n\n\n<style>\n#row-898439757 > .col > .col-inner {\n  padding: 0px 0px 27px 0px;\n}\n<\/style>\n<\/div>\n\n\t\t<\/div>\n\n\t\t\n<style>\n#section_769515497 {\n  padding-top: 40px;\n  padding-bottom: 40px;\n}\n@media (min-width:850px) {\n  #section_769515497 {\n    padding-top: 114px;\n    padding-bottom: 114px;\n  }\n}\n<\/style>\n\t<\/section>\n\t\n\n\n\n\n","protected":false},"excerpt":{"rendered":"","protected":false},"author":1,"featured_media":0,"parent":0,"menu_order":0,"comment_status":"closed","ping_status":"closed","template":"page-blank.php","meta":{"footnotes":""},"class_list":["post-12681","page","type-page","status-publish","hentry"],"yoast_head":"<!-- This site is optimized with the Yoast SEO plugin v27.2 - https:\/\/yoast.com\/product\/yoast-seo-wordpress\/ -->\n<title>Seguros (Mutual M\u00e8dica) - COMT<\/title>\n<meta name=\"robots\" content=\"index, follow, max-snippet:-1, max-image-preview:large, max-video-preview:-1\" \/>\n<link rel=\"canonical\" href=\"https:\/\/comt.cat\/assegurances-mutual-medica\/\" \/>\n<meta property=\"og:locale\" content=\"es_ES\" \/>\n<meta property=\"og:type\" content=\"article\" \/>\n<meta property=\"og:title\" content=\"Seguros (Mutual M\u00e8dica) - COMT\" \/>\n<meta property=\"og:url\" content=\"https:\/\/comt.cat\/assegurances-mutual-medica\/\" \/>\n<meta property=\"og:site_name\" content=\"COMT\" \/>\n<meta property=\"article:modified_time\" content=\"2021-12-10T12:27:50+00:00\" \/>\n<meta name=\"twitter:card\" content=\"summary_large_image\" \/>\n<meta name=\"twitter:label1\" content=\"Tiempo de lectura\" \/>\n\t<meta name=\"twitter:data1\" content=\"3 minutos\" \/>\n<script type=\"application\/ld+json\" class=\"yoast-schema-graph\">{\"@context\":\"https:\/\/schema.org\",\"@graph\":[{\"@type\":\"WebPage\",\"@id\":\"https:\/\/comt.cat\/assegurances-mutual-medica\/\",\"url\":\"https:\/\/comt.cat\/assegurances-mutual-medica\/\",\"name\":\"Seguros (Mutual M\u00e8dica) - COMT\",\"isPartOf\":{\"@id\":\"https:\/\/comt.cat\/#website\"},\"datePublished\":\"2021-12-02T17:10:32+00:00\",\"dateModified\":\"2021-12-10T12:27:50+00:00\",\"breadcrumb\":{\"@id\":\"https:\/\/comt.cat\/assegurances-mutual-medica\/#breadcrumb\"},\"inLanguage\":\"es\",\"potentialAction\":[{\"@type\":\"ReadAction\",\"target\":[\"https:\/\/comt.cat\/assegurances-mutual-medica\/\"]}]},{\"@type\":\"BreadcrumbList\",\"@id\":\"https:\/\/comt.cat\/assegurances-mutual-medica\/#breadcrumb\",\"itemListElement\":[{\"@type\":\"ListItem\",\"position\":1,\"name\":\"Home\",\"item\":\"https:\/\/comt.cat\/es\/\"},{\"@type\":\"ListItem\",\"position\":2,\"name\":\"Seguros (Mutual M\u00e8dica)\"}]},{\"@type\":\"WebSite\",\"@id\":\"https:\/\/comt.cat\/#website\",\"url\":\"https:\/\/comt.cat\/\",\"name\":\"COMT\",\"description\":\"Col\u00b7legi de Metges de Tarragona\",\"potentialAction\":[{\"@type\":\"SearchAction\",\"target\":{\"@type\":\"EntryPoint\",\"urlTemplate\":\"https:\/\/comt.cat\/?s={search_term_string}\"},\"query-input\":{\"@type\":\"PropertyValueSpecification\",\"valueRequired\":true,\"valueName\":\"search_term_string\"}}],\"inLanguage\":\"es\"}]}<\/script>\n<!-- \/ Yoast SEO plugin. -->","yoast_head_json":{"title":"Seguros (Mutual M\u00e8dica) - COMT","robots":{"index":"index","follow":"follow","max-snippet":"max-snippet:-1","max-image-preview":"max-image-preview:large","max-video-preview":"max-video-preview:-1"},"canonical":"https:\/\/comt.cat\/assegurances-mutual-medica\/","og_locale":"es_ES","og_type":"article","og_title":"Seguros (Mutual M\u00e8dica) - COMT","og_url":"https:\/\/comt.cat\/assegurances-mutual-medica\/","og_site_name":"COMT","article_modified_time":"2021-12-10T12:27:50+00:00","twitter_card":"summary_large_image","twitter_misc":{"Tiempo de lectura":"3 minutos"},"schema":{"@context":"https:\/\/schema.org","@graph":[{"@type":"WebPage","@id":"https:\/\/comt.cat\/assegurances-mutual-medica\/","url":"https:\/\/comt.cat\/assegurances-mutual-medica\/","name":"Seguros (Mutual M\u00e8dica) - COMT","isPartOf":{"@id":"https:\/\/comt.cat\/#website"},"datePublished":"2021-12-02T17:10:32+00:00","dateModified":"2021-12-10T12:27:50+00:00","breadcrumb":{"@id":"https:\/\/comt.cat\/assegurances-mutual-medica\/#breadcrumb"},"inLanguage":"es","potentialAction":[{"@type":"ReadAction","target":["https:\/\/comt.cat\/assegurances-mutual-medica\/"]}]},{"@type":"BreadcrumbList","@id":"https:\/\/comt.cat\/assegurances-mutual-medica\/#breadcrumb","itemListElement":[{"@type":"ListItem","position":1,"name":"Home","item":"https:\/\/comt.cat\/es\/"},{"@type":"ListItem","position":2,"name":"Seguros (Mutual M\u00e8dica)"}]},{"@type":"WebSite","@id":"https:\/\/comt.cat\/#website","url":"https:\/\/comt.cat\/","name":"COMT","description":"Col\u00b7legi de Metges de Tarragona","potentialAction":[{"@type":"SearchAction","target":{"@type":"EntryPoint","urlTemplate":"https:\/\/comt.cat\/?s={search_term_string}"},"query-input":{"@type":"PropertyValueSpecification","valueRequired":true,"valueName":"search_term_string"}}],"inLanguage":"es"}]}},"_links":{"self":[{"href":"https:\/\/comt.cat\/es\/wp-json\/wp\/v2\/pages\/12681","targetHints":{"allow":["GET"]}}],"collection":[{"href":"https:\/\/comt.cat\/es\/wp-json\/wp\/v2\/pages"}],"about":[{"href":"https:\/\/comt.cat\/es\/wp-json\/wp\/v2\/types\/page"}],"author":[{"embeddable":true,"href":"https:\/\/comt.cat\/es\/wp-json\/wp\/v2\/users\/1"}],"replies":[{"embeddable":true,"href":"https:\/\/comt.cat\/es\/wp-json\/wp\/v2\/comments?post=12681"}],"version-history":[{"count":6,"href":"https:\/\/comt.cat\/es\/wp-json\/wp\/v2\/pages\/12681\/revisions"}],"predecessor-version":[{"id":12709,"href":"https:\/\/comt.cat\/es\/wp-json\/wp\/v2\/pages\/12681\/revisions\/12709"}],"wp:attachment":[{"href":"https:\/\/comt.cat\/es\/wp-json\/wp\/v2\/media?parent=12681"}],"curies":[{"name":"wp","href":"https:\/\/api.w.org\/{rel}","templated":true}]}}