{"id":13003,"date":"2021-12-20T12:23:39","date_gmt":"2021-12-20T11:23:39","guid":{"rendered":"https:\/\/comt.cat\/idiomes\/"},"modified":"2021-12-29T10:48:55","modified_gmt":"2021-12-29T09:48:55","slug":"idiomes","status":"publish","type":"page","link":"https:\/\/comt.cat\/es\/idiomes\/","title":{"rendered":"Idiomas"},"content":{"rendered":"\n\n\t<section class=\"section\" id=\"section_665379202\">\n\t\t<div class=\"section-bg fill\" >\n\t\t\t\t\t\t\t\t\t\n\t\t\t\n\n\t\t<\/div>\n\n\t\t\n\n\t\t<div class=\"section-content relative\">\n\t\t\t\n\n\t<div id=\"gap-737652041\" class=\"gap-element clearfix\" style=\"display:block; height:auto;\">\n\t\t\n<style>\n#gap-737652041 {\n  padding-top: 30px;\n}\n<\/style>\n\t<\/div>\n\t\n\n<div class=\"row align-middle\"  id=\"row-1699411625\">\n\n\n\t<div id=\"col-727301301\" class=\"col medium-8 small-12 large-4\"  >\n\t\t\t\t<div class=\"col-inner\"  >\n\t\t\t\n\t\t\t\n\n\t<div id=\"text-2012787798\" class=\"text\">\n\t\t\n\n<h1>Idiomas<\/h1>\n\t\t\n<style>\n#text-2012787798 {\n  font-size: 1.5rem;\n}\n<\/style>\n\t<\/div>\n\t\n\n\t\t<\/div>\n\t\t\t\t\t<\/div>\n\n\t\n\n\t<div id=\"col-1106915438\" class=\"col medium-12 small-12 large-8\"  >\n\t\t\t\t<div class=\"col-inner\"  >\n\t\t\t\n\t<div class=\"is-border\"\n\t\tstyle=\"border-color:rgb(126, 178, 233);border-width:0px 0px 0px 2px;\">\n\t<\/div>\n\t\t\t\n\n<p>\u00bfQuieres mejorar tu ingl\u00e9s o est\u00e1s interesado al aprender alg\u00fan idioma nuevo? Pues desde el COMT te lo ponemos muy f\u00e1cil porque tenemos acuerdos con academias de idiomas de toda la provincia.<\/p>\n\n\t\t<\/div>\n\t\t\t\t\n<style>\n#col-1106915438 > .col-inner {\n  padding: 0px 0px 0px 30px;\n  margin: 0px 0px 0px 0px;\n}\n@media (min-width:850px) {\n  #col-1106915438 > .col-inner {\n    margin: 10px 0px 0px 0px;\n  }\n}\n<\/style>\n\t<\/div>\n\n\t\n\n<\/div>\n\n\t\t<\/div>\n\n\t\t\n<style>\n#section_665379202 {\n  padding-top: 60px;\n  padding-bottom: 60px;\n  min-height: 400px;\n  background-color: rgb(251, 248, 243);\n}\n@media (min-width:550px) {\n  #section_665379202 {\n    padding-top: 80px;\n    padding-bottom: 80px;\n  }\n}\n@media (min-width:850px) {\n  #section_665379202 {\n    padding-top: 110px;\n    padding-bottom: 110px;\n  }\n}\n<\/style>\n\t<\/section>\n\t\n<div class=\"row align-equal align-center\"  id=\"row-1072331593\">\n\n\n\t<div id=\"col-1682367052\" class=\"col medium-4 small-12 large-4\"  >\n\t\t\t\t<div class=\"col-inner\" style=\"background-color:rgb(251, 248, 243);\" >\n\t\t\t\n\t\t\t\n\n<div class=\"container section-title-container\" ><h3 class=\"section-title section-title-normal\"><b aria-hidden=\"true\"><\/b><span class=\"section-title-main\" style=\"color:rgb(20, 133, 199);\">Tarragona<\/span><b aria-hidden=\"true\"><\/b><\/h3><\/div>\n\n<h3>Academia <strong>Everywhere English Coaching<\/strong><\/h3>\n<p>Direcci\u00f3n: Via de l&#8217;Imperi Rom\u00e0, 11, 43003 Tarragona<\/p>\n\t<div id=\"gap-1248415676\" class=\"gap-element clearfix\" style=\"display:block; height:auto;\">\n\t\t\n<style>\n#gap-1248415676 {\n  padding-top: 30px;\n}\n<\/style>\n\t<\/div>\n\t\n\n\n  \n    <div class=\"row large-columns-1 medium-columns-1 small-columns-1 has-shadow row-box-shadow-2\" >\n  <div class=\"col post-item\" >\n\t\t\t<div class=\"col-inner\">\n\t\t\t\t<div class=\"box box-vertical box-text-bottom box-blog-post has-hover\">\n          \t\t\t\t\t<div class=\"box-text text-left\" >\n\t\t\t\t\t<div class=\"box-text-inner blog-post-inner\">\n\n\t\t\t\t\t\n\t\t\t\t\t\t\t\t\t\t<h5 class=\"post-title is-large \">\n\t\t\t\t\t\t<a href=\"https:\/\/comt.cat\/es\/academia-everywhere-english-coaching\/\" class=\"plain\">ACADEMIA EVERYWHERE ENGLISH COACHING<\/a>\n\t\t\t\t\t<\/h5>\n\t\t\t\t\t\t\t\t\t\t<div class=\"is-divider\"><\/div>\n\t\t\t\t\t\t\t\t\t\t<p class=\"from_the_blog_excerpt \">\n\t\t\t\t\t\tDesde el Colegio Oficial de M\u00e9dicos de Tarragona y la Fundaci\u00f3n Antonius Musa, os informamos...\t\t\t\t\t<\/p>\n\t\t\t\t\t                    \n\t\t\t\t\t\n\t\t\t\t\t\n\t\t\t\t\t<\/div>\n\t\t\t\t\t<\/div>\n\t\t\t\t\t\t\t\t\t<\/div>\n\t\t\t<\/div>\n\t\t<\/div><\/div>\n\n\n\t\t<\/div>\n\t\t\t\t\n<style>\n#col-1682367052 > .col-inner {\n  padding: 19px 18px 12px 27px;\n  margin: 0px 0px 0px 0;\n  border-radius: 14px;\n}\n<\/style>\n\t<\/div>\n\n\t\n\n\t<div id=\"col-1492782144\" class=\"col medium-4 small-12 large-4\"  >\n\t\t\t\t<div class=\"col-inner\" style=\"background-color:rgb(251, 248, 243);\" >\n\t\t\t\n\t\t\t\n\n<div class=\"container section-title-container\" ><h3 class=\"section-title section-title-normal\"><b aria-hidden=\"true\"><\/b><span class=\"section-title-main\" style=\"color:rgb(20, 133, 199);\">Reus<\/span><b aria-hidden=\"true\"><\/b><\/h3><\/div>\n\n<h3>Academia <strong>DOMSPAIN<\/strong><\/h3>\n<p>Direcci\u00f3n: Raval de Sant Pere, 1, entresol, 43201 <span style=\"color: #fafafa;\">sdsdsddeeeeeeeeeedsdasdasdasdasd asddasdasda<\/span><\/p>\n\t<div id=\"gap-564148807\" class=\"gap-element clearfix\" style=\"display:block; height:auto;\">\n\t\t\n<style>\n#gap-564148807 {\n  padding-top: 16px;\n}\n<\/style>\n\t<\/div>\n\t\n\n\n  \n    <div class=\"row large-columns-1 medium-columns-1 small-columns-1 has-shadow row-box-shadow-2\" >\n  <div class=\"col post-item\" >\n\t\t\t<div class=\"col-inner\">\n\t\t\t\t<div class=\"box box-vertical box-text-bottom box-blog-post has-hover\">\n          \t\t\t\t\t<div class=\"box-text text-left\" >\n\t\t\t\t\t<div class=\"box-text-inner blog-post-inner\">\n\n\t\t\t\t\t\n\t\t\t\t\t\t\t\t\t\t<h5 class=\"post-title is-large \">\n\t\t\t\t\t\t<a href=\"https:\/\/comt.cat\/es\/academia-domspain\/\" class=\"plain\">ACADEMIA DOMSPAIN<\/a>\n\t\t\t\t\t<\/h5>\n\t\t\t\t\t\t\t\t\t\t<div class=\"is-divider\"><\/div>\n\t\t\t\t\t\t\t\t\t\t<p class=\"from_the_blog_excerpt \">\n\t\t\t\t\t\tDesde la vocal\u00eda de formaci\u00f3n del Colegio Oficial de M\u00e9dicos de Tarragona y la Fundaci\u00f3n...\t\t\t\t\t<\/p>\n\t\t\t\t\t                    \n\t\t\t\t\t\n\t\t\t\t\t\n\t\t\t\t\t<\/div>\n\t\t\t\t\t<\/div>\n\t\t\t\t\t\t\t\t\t<\/div>\n\t\t\t<\/div>\n\t\t<\/div><\/div>\n\n\n\t\t<\/div>\n\t\t\t\t\n<style>\n#col-1492782144 > .col-inner {\n  padding: 19px 18px 12px 27px;\n  margin: 0px 0px 0px 0;\n  border-radius: 14px;\n}\n<\/style>\n\t<\/div>\n\n\t\n\n\t<div id=\"col-201575435\" class=\"col medium-4 small-12 large-4\"  >\n\t\t\t\t<div class=\"col-inner\" style=\"background-color:rgb(251, 248, 243);\" >\n\t\t\t\n\t\t\t\n\n<div class=\"container section-title-container\" ><h3 class=\"section-title section-title-normal\"><b aria-hidden=\"true\"><\/b><span class=\"section-title-main\" style=\"color:rgb(20, 133, 199);\">El Vendrell<\/span><b aria-hidden=\"true\"><\/b><\/h3><\/div>\n\n<h3>Academia <strong>Oxford House Idiomas<\/strong><\/h3>\n<p>Direcci\u00f3n: Ctra. de Valls, 24, 43700 <span style=\"color: #fafafa;\">wdqwdwedqweq qwdqweqweqweqweqweqw<\/span><\/p>\n\t<div id=\"gap-1328679372\" class=\"gap-element clearfix\" style=\"display:block; height:auto;\">\n\t\t\n<style>\n#gap-1328679372 {\n  padding-top: 30px;\n}\n<\/style>\n\t<\/div>\n\t\n\n\n  \n    <div class=\"row large-columns-1 medium-columns-1 small-columns-1 has-shadow row-box-shadow-2\" >\n  <div class=\"col post-item\" >\n\t\t\t<div class=\"col-inner\">\n\t\t\t\t<div class=\"box box-vertical box-text-bottom box-blog-post has-hover\">\n          \t\t\t\t\t<div class=\"box-text text-left\" >\n\t\t\t\t\t<div class=\"box-text-inner blog-post-inner\">\n\n\t\t\t\t\t\n\t\t\t\t\t\t\t\t\t\t<h5 class=\"post-title is-large \">\n\t\t\t\t\t\t<a href=\"https:\/\/comt.cat\/es\/academia-oxford-house-idiomas\/\" class=\"plain\">ACADEMIA OXFORD HOUSE IDIOMAS<\/a>\n\t\t\t\t\t<\/h5>\n\t\t\t\t\t\t\t\t\t\t<div class=\"is-divider\"><\/div>\n\t\t\t\t\t\t\t\t\t\t<p class=\"from_the_blog_excerpt \">\n\t\t\t\t\t\tDesde el Colegio Oficial de M\u00e9dicos de Tarragona y la Fundaci\u00f3n Antonius Musa, te informamos...\t\t\t\t\t<\/p>\n\t\t\t\t\t                    \n\t\t\t\t\t\n\t\t\t\t\t\n\t\t\t\t\t<\/div>\n\t\t\t\t\t<\/div>\n\t\t\t\t\t\t\t\t\t<\/div>\n\t\t\t<\/div>\n\t\t<\/div><\/div>\n\n\n\t\t<\/div>\n\t\t\t\t\n<style>\n#col-201575435 > .col-inner {\n  padding: 19px 18px 12px 27px;\n  margin: 0px 0px 0px 0;\n  border-radius: 14px;\n}\n<\/style>\n\t<\/div>\n\n\t\n\n\t<div id=\"col-1179696660\" class=\"col medium-4 small-12 large-4\"  >\n\t\t\t\t<div class=\"col-inner\" style=\"background-color:rgb(251, 248, 243);\" >\n\t\t\t\n\t\t\t\n\n<div class=\"container section-title-container\" ><h3 class=\"section-title section-title-normal\"><b aria-hidden=\"true\"><\/b><span class=\"section-title-main\" style=\"color:rgb(20, 133, 199);\">Tortosa<\/span><b aria-hidden=\"true\"><\/b><\/h3><\/div>\n\n<h3>Academia <strong>Let&#8217;s Learn<\/strong><\/h3>\n<p>Direcci\u00f3n: Passeig de Joan Moreira, 14, 43500 <span style=\"color: #fafafa;\">fdd<\/span><\/p>\n\t<div id=\"gap-174502275\" class=\"gap-element clearfix\" style=\"display:block; height:auto;\">\n\t\t\n<style>\n#gap-174502275 {\n  padding-top: 30px;\n}\n<\/style>\n\t<\/div>\n\t\n\n\n  \n    <div class=\"row large-columns-1 medium-columns-1 small-columns-1 has-shadow row-box-shadow-2\" >\n  <div class=\"col post-item\" >\n\t\t\t<div class=\"col-inner\">\n\t\t\t\t<div class=\"box box-vertical box-text-bottom box-blog-post has-hover\">\n          \t\t\t\t\t<div class=\"box-text text-left\" >\n\t\t\t\t\t<div class=\"box-text-inner blog-post-inner\">\n\n\t\t\t\t\t\n\t\t\t\t\t\t\t\t\t\t<h5 class=\"post-title is-large \">\n\t\t\t\t\t\t<a href=\"https:\/\/comt.cat\/es\/academia-lets-learn\/\" class=\"plain\">ACADEMIA LET&#8217;S LEARN<\/a>\n\t\t\t\t\t<\/h5>\n\t\t\t\t\t\t\t\t\t\t<div class=\"is-divider\"><\/div>\n\t\t\t\t\t\t\t\t\t\t<p class=\"from_the_blog_excerpt \">\n\t\t\t\t\t\tDesde el Colegio Oficial de M\u00e9dicos de Tarragona y la Fundaci\u00f3n Antonius Musa, te informamos...\t\t\t\t\t<\/p>\n\t\t\t\t\t                    \n\t\t\t\t\t\n\t\t\t\t\t\n\t\t\t\t\t<\/div>\n\t\t\t\t\t<\/div>\n\t\t\t\t\t\t\t\t\t<\/div>\n\t\t\t<\/div>\n\t\t<\/div><\/div>\n\n\n\t\t<\/div>\n\t\t\t\t\n<style>\n#col-1179696660 > .col-inner {\n  padding: 19px 18px 12px 27px;\n  margin: 0px 0px 0px 0;\n  border-radius: 14px;\n}\n<\/style>\n\t<\/div>\n\n\t\n\n\t<div id=\"col-599743321\" class=\"col medium-4 small-12 large-4\"  >\n\t\t\t\t<div class=\"col-inner\" style=\"background-color:rgb(251, 248, 243);\" >\n\t\t\t\n\t\t\t\n\n<div class=\"container section-title-container\" ><h3 class=\"section-title section-title-normal\"><b aria-hidden=\"true\"><\/b><span class=\"section-title-main\" style=\"color:rgb(20, 133, 199);\">Valls<\/span><b aria-hidden=\"true\"><\/b><\/h3><\/div>\n\n<h3>Academia <strong>Valls English School<\/strong><\/h3>\n<p>Direcci\u00f3n: Carrer Xiquets de Valls, 1, pis 8, 43800<\/p>\n\t<div id=\"gap-145870625\" class=\"gap-element clearfix\" style=\"display:block; height:auto;\">\n\t\t\n<style>\n#gap-145870625 {\n  padding-top: 30px;\n}\n<\/style>\n\t<\/div>\n\t\n\n\n  \n    <div class=\"row large-columns-1 medium-columns-1 small-columns-1 has-shadow row-box-shadow-2\" >\n  <div class=\"col post-item\" >\n\t\t\t<div class=\"col-inner\">\n\t\t\t\t<div class=\"box box-vertical box-text-bottom box-blog-post has-hover\">\n          \t\t\t\t\t<div class=\"box-text text-left\" >\n\t\t\t\t\t<div class=\"box-text-inner blog-post-inner\">\n\n\t\t\t\t\t\n\t\t\t\t\t\t\t\t\t\t<h5 class=\"post-title is-large \">\n\t\t\t\t\t\t<a href=\"https:\/\/comt.cat\/es\/academia-valls-english-school\/\" class=\"plain\">ACADEMIA VALLS ENGLISH SCHOOL<\/a>\n\t\t\t\t\t<\/h5>\n\t\t\t\t\t\t\t\t\t\t<div class=\"is-divider\"><\/div>\n\t\t\t\t\t\t\t\t\t\t<p class=\"from_the_blog_excerpt \">\n\t\t\t\t\t\tDesde la vocal\u00eda de formaci\u00f3n del Colegio Oficial de M\u00e9dicos de Tarragona y la Fundaci\u00f3n...\t\t\t\t\t<\/p>\n\t\t\t\t\t                    \n\t\t\t\t\t\n\t\t\t\t\t\n\t\t\t\t\t<\/div>\n\t\t\t\t\t<\/div>\n\t\t\t\t\t\t\t\t\t<\/div>\n\t\t\t<\/div>\n\t\t<\/div><\/div>\n\n\n\t\t<\/div>\n\t\t\t\t\n<style>\n#col-599743321 > .col-inner {\n  padding: 19px 18px 12px 27px;\n  margin: 0px 0px 0px 0;\n  border-radius: 14px;\n}\n<\/style>\n\t<\/div>\n\n\t\n\n\n<style>\n#row-1072331593 > .col > .col-inner {\n  background-color: rgb(255, 251, 251);\n}\n<\/style>\n<\/div>\n\n","protected":false},"excerpt":{"rendered":"","protected":false},"author":1,"featured_media":0,"parent":0,"menu_order":0,"comment_status":"closed","ping_status":"closed","template":"page-blank.php","meta":{"footnotes":""},"class_list":["post-13003","page","type-page","status-publish","hentry"],"yoast_head":"<!-- This site is optimized with the Yoast SEO plugin v27.2 - https:\/\/yoast.com\/product\/yoast-seo-wordpress\/ -->\n<title>Idiomas - COMT<\/title>\n<meta name=\"robots\" content=\"index, follow, max-snippet:-1, max-image-preview:large, max-video-preview:-1\" \/>\n<link rel=\"canonical\" href=\"https:\/\/comt.cat\/idiomes\/\" \/>\n<meta property=\"og:locale\" content=\"es_ES\" \/>\n<meta property=\"og:type\" content=\"article\" \/>\n<meta property=\"og:title\" content=\"Idiomas - COMT\" \/>\n<meta property=\"og:url\" content=\"https:\/\/comt.cat\/idiomes\/\" \/>\n<meta property=\"og:site_name\" content=\"COMT\" \/>\n<meta property=\"article:modified_time\" content=\"2021-12-29T09:48:55+00:00\" \/>\n<meta name=\"twitter:card\" content=\"summary_large_image\" \/>\n<meta name=\"twitter:label1\" content=\"Tiempo de lectura\" \/>\n\t<meta name=\"twitter:data1\" content=\"2 minutos\" \/>\n<script type=\"application\/ld+json\" class=\"yoast-schema-graph\">{\"@context\":\"https:\/\/schema.org\",\"@graph\":[{\"@type\":\"WebPage\",\"@id\":\"https:\/\/comt.cat\/idiomes\/\",\"url\":\"https:\/\/comt.cat\/idiomes\/\",\"name\":\"Idiomas - COMT\",\"isPartOf\":{\"@id\":\"https:\/\/comt.cat\/#website\"},\"datePublished\":\"2021-12-20T11:23:39+00:00\",\"dateModified\":\"2021-12-29T09:48:55+00:00\",\"breadcrumb\":{\"@id\":\"https:\/\/comt.cat\/idiomes\/#breadcrumb\"},\"inLanguage\":\"es\",\"potentialAction\":[{\"@type\":\"ReadAction\",\"target\":[\"https:\/\/comt.cat\/idiomes\/\"]}]},{\"@type\":\"BreadcrumbList\",\"@id\":\"https:\/\/comt.cat\/idiomes\/#breadcrumb\",\"itemListElement\":[{\"@type\":\"ListItem\",\"position\":1,\"name\":\"Home\",\"item\":\"https:\/\/comt.cat\/es\/\"},{\"@type\":\"ListItem\",\"position\":2,\"name\":\"Idiomas\"}]},{\"@type\":\"WebSite\",\"@id\":\"https:\/\/comt.cat\/#website\",\"url\":\"https:\/\/comt.cat\/\",\"name\":\"COMT\",\"description\":\"Col\u00b7legi de Metges de Tarragona\",\"potentialAction\":[{\"@type\":\"SearchAction\",\"target\":{\"@type\":\"EntryPoint\",\"urlTemplate\":\"https:\/\/comt.cat\/?s={search_term_string}\"},\"query-input\":{\"@type\":\"PropertyValueSpecification\",\"valueRequired\":true,\"valueName\":\"search_term_string\"}}],\"inLanguage\":\"es\"}]}<\/script>\n<!-- \/ Yoast SEO plugin. -->","yoast_head_json":{"title":"Idiomas - COMT","robots":{"index":"index","follow":"follow","max-snippet":"max-snippet:-1","max-image-preview":"max-image-preview:large","max-video-preview":"max-video-preview:-1"},"canonical":"https:\/\/comt.cat\/idiomes\/","og_locale":"es_ES","og_type":"article","og_title":"Idiomas - COMT","og_url":"https:\/\/comt.cat\/idiomes\/","og_site_name":"COMT","article_modified_time":"2021-12-29T09:48:55+00:00","twitter_card":"summary_large_image","twitter_misc":{"Tiempo de lectura":"2 minutos"},"schema":{"@context":"https:\/\/schema.org","@graph":[{"@type":"WebPage","@id":"https:\/\/comt.cat\/idiomes\/","url":"https:\/\/comt.cat\/idiomes\/","name":"Idiomas - COMT","isPartOf":{"@id":"https:\/\/comt.cat\/#website"},"datePublished":"2021-12-20T11:23:39+00:00","dateModified":"2021-12-29T09:48:55+00:00","breadcrumb":{"@id":"https:\/\/comt.cat\/idiomes\/#breadcrumb"},"inLanguage":"es","potentialAction":[{"@type":"ReadAction","target":["https:\/\/comt.cat\/idiomes\/"]}]},{"@type":"BreadcrumbList","@id":"https:\/\/comt.cat\/idiomes\/#breadcrumb","itemListElement":[{"@type":"ListItem","position":1,"name":"Home","item":"https:\/\/comt.cat\/es\/"},{"@type":"ListItem","position":2,"name":"Idiomas"}]},{"@type":"WebSite","@id":"https:\/\/comt.cat\/#website","url":"https:\/\/comt.cat\/","name":"COMT","description":"Col\u00b7legi de Metges de Tarragona","potentialAction":[{"@type":"SearchAction","target":{"@type":"EntryPoint","urlTemplate":"https:\/\/comt.cat\/?s={search_term_string}"},"query-input":{"@type":"PropertyValueSpecification","valueRequired":true,"valueName":"search_term_string"}}],"inLanguage":"es"}]}},"_links":{"self":[{"href":"https:\/\/comt.cat\/es\/wp-json\/wp\/v2\/pages\/13003","targetHints":{"allow":["GET"]}}],"collection":[{"href":"https:\/\/comt.cat\/es\/wp-json\/wp\/v2\/pages"}],"about":[{"href":"https:\/\/comt.cat\/es\/wp-json\/wp\/v2\/types\/page"}],"author":[{"embeddable":true,"href":"https:\/\/comt.cat\/es\/wp-json\/wp\/v2\/users\/1"}],"replies":[{"embeddable":true,"href":"https:\/\/comt.cat\/es\/wp-json\/wp\/v2\/comments?post=13003"}],"version-history":[{"count":4,"href":"https:\/\/comt.cat\/es\/wp-json\/wp\/v2\/pages\/13003\/revisions"}],"predecessor-version":[{"id":13130,"href":"https:\/\/comt.cat\/es\/wp-json\/wp\/v2\/pages\/13003\/revisions\/13130"}],"wp:attachment":[{"href":"https:\/\/comt.cat\/es\/wp-json\/wp\/v2\/media?parent=13003"}],"curies":[{"name":"wp","href":"https:\/\/api.w.org\/{rel}","templated":true}]}}