{"id":14672,"date":"2021-12-27T12:57:47","date_gmt":"2021-12-27T11:57:47","guid":{"rendered":"https:\/\/comt.cat\/lloguer-de-sales\/"},"modified":"2024-11-08T14:48:16","modified_gmt":"2024-11-08T13:48:16","slug":"alquiler-de-salas","status":"publish","type":"page","link":"https:\/\/comt.cat\/es\/alquiler-de-salas\/","title":{"rendered":"Alquiler de salas"},"content":{"rendered":"\n\n\t<section class=\"section\" id=\"section_1642574072\">\n\t\t<div class=\"section-bg fill\" >\n\t\t\t\t\t\t\t\t\t\n\t\t\t\n\n\t\t<\/div>\n\n\t\t\n\n\t\t<div class=\"section-content relative\">\n\t\t\t\n\n\t<div id=\"gap-297209356\" class=\"gap-element clearfix\" style=\"display:block; height:auto;\">\n\t\t\n<style>\n#gap-297209356 {\n  padding-top: 30px;\n}\n<\/style>\n\t<\/div>\n\t\n\n<div class=\"row align-middle\"  id=\"row-379818305\">\n\n\n\t<div id=\"col-392333093\" class=\"col medium-8 small-12 large-4\"  >\n\t\t\t\t<div class=\"col-inner\"  >\n\t\t\t\n\t\t\t\n\n\t<div id=\"text-3709773283\" class=\"text\">\n\t\t\n\n<h1>Alquiler de salas<\/h1>\n\t\t\n<style>\n#text-3709773283 {\n  font-size: 1.5rem;\n}\n<\/style>\n\t<\/div>\n\t\n\n\t\t<\/div>\n\t\t\t\t\t<\/div>\n\n\t\n\n\t<div id=\"col-759037217\" class=\"col medium-12 small-12 large-8\"  >\n\t\t\t\t<div class=\"col-inner\"  >\n\t\t\t\n\t<div class=\"is-border\"\n\t\tstyle=\"border-color:rgb(126, 178, 233);border-width:0px 0px 0px 2px;\">\n\t<\/div>\n\t\t\t\n\n<p>\u00bfQuieres realizar un acto y necesitas un espacio para hacerlo? El COMT pone a tu disposici\u00f3n distintas salas dotadas con la \u00faltima tecnolog\u00eda para alojar cualquier tipo de acto ya sea en formato presencial, telem\u00e1tico o h\u00edbrido.<\/p>\n<p>Consulta disponibilidad!<\/p>\n\n\t\t<\/div>\n\t\t\t\t\n<style>\n#col-759037217 > .col-inner {\n  padding: 0px 0px 0px 30px;\n  margin: 0px 0px 0px 0px;\n}\n@media (min-width:850px) {\n  #col-759037217 > .col-inner {\n    margin: 10px 0px 0px 0px;\n  }\n}\n<\/style>\n\t<\/div>\n\n\t\n\n<\/div>\n\n\t\t<\/div>\n\n\t\t\n<style>\n#section_1642574072 {\n  padding-top: 60px;\n  padding-bottom: 60px;\n  min-height: 400px;\n  background-color: rgb(251, 248, 243);\n}\n@media (min-width:550px) {\n  #section_1642574072 {\n    padding-top: 80px;\n    padding-bottom: 80px;\n  }\n}\n@media (min-width:850px) {\n  #section_1642574072 {\n    padding-top: 110px;\n    padding-bottom: 110px;\n  }\n}\n<\/style>\n\t<\/section>\n\t\n<a href=\"https:\/\/comt.cat\/wp-content\/uploads\/2022\/08\/Packs-COMT-ESP-Version-digital-Comprimido-web.pdf\" target=\"_blank\" class=\"button primary expand\" rel=\"noopener\" style=\"border-radius:12px;padding:8px 0px 12px 0px;\">\n\t\t<span>CONSULTA AQU\u00cd NUESTROS SERVICIOS<\/span>\n\t<\/a>\n\n\n\n\t<section class=\"section\" id=\"section_747049605\">\n\t\t<div class=\"section-bg fill\" >\n\t\t\t\t\t\t\t\t\t\n\t\t\t\n\n\t\t<\/div>\n\n\t\t\n\n\t\t<div class=\"section-content relative\">\n\t\t\t\n\n<div class=\"row row-large\"  id=\"row-257855625\">\n\n\n\t<div id=\"col-1379950900\" class=\"col medium-6 small-12 large-6\"  >\n\t\t\t\t<div class=\"col-inner\"  >\n\t\t\t\n\t\t\t\n\n<h1><span style=\"font-size: 110%;\" data-text-color=\"secondary\">Sala de actos Dr. Santiago Mallafr\u00e9<\/span><\/h1>\n<p>Con capacidad para un centenar de personas, la sala de actos del COMT ha sido reformada y dotada con las \u00faltima tecnolog\u00eda. Un espacio preparado para alojar conferencias, cursos m\u00e9dicos o actos de car\u00e9cter social.<\/p>\n<p><a href=\"https:\/\/comt.cat\/es\/el-comt-estrena-la-nueva-sala-de-actos-completamente-reformada\/\">El COMT estrena la nova sala d&#8217;actes completament reformada<\/a><\/p>\n<p><a href=\"https:\/\/comt.cat\/es\/el-dr-santiago-mallafre-da-nombre-a-la-reformada-sala-de-actos-del-comt\/\">El Dr. Santiago Mallafr\u00e9 dona nom a la reformada Sala d&#8217;actes del COMT<\/a><\/p>\n\t<div id=\"gap-1701884784\" class=\"gap-element clearfix\" style=\"display:block; height:auto;\">\n\t\t\n<style>\n#gap-1701884784 {\n  padding-top: 23px;\n}\n<\/style>\n\t<\/div>\n\t\n\n<div class=\"container section-title-container\" style=\"margin-bottom:2px;\"><h4 class=\"section-title section-title-normal\"><b aria-hidden=\"true\"><\/b><span class=\"section-title-main\" style=\"font-size:81%;\">Especificaciones t\u00e9cnicas<\/span><b aria-hidden=\"true\"><\/b><\/h4><\/div>\n\n<p><strong>SALA<\/strong><\/p>\n<ul>\n<li class=\"bullet-checkmark\">8 altavoces perimetrales, con 280w RMS.<\/li>\n<li class=\"bullet-checkmark\">Dos micr\u00f3fonos de cuello de cisne con interruptor ON\/OFF (ampliable 1).<\/li>\n<li class=\"bullet-checkmark\">Micr\u00f3fono inhal\u00e1mbrico de mano (ampliable 1).<\/li>\n<li class=\"bullet-checkmark\">Micr\u00f3fono inhal\u00e1mbrico de diadema (ampliable 1).<\/li>\n<li class=\"bullet-checkmark\">Dos pantallas de 75\u00bb posteriores.<\/li>\n<li class=\"bullet-checkmark\">Proyector de v\u00eddeo.<\/li>\n<li class=\"bullet-checkmark\">Tres pantallas de 43\u00bb de refuerzo inclinables horizontalmente.<\/li>\n<li class=\"bullet-checkmark\">Cuatro puntos para conexi\u00f3n de c\u00e1maras de v\u00eddeo con HDMI y Ethernet PoE.<\/li>\n<li class=\"bullet-checkmark\">C\u00e1mara de v\u00eddeo PTZ Full HD (ampliable 2).<\/li>\n<\/ul>\n\n\t\t<\/div>\n\t\t\t\t\t<\/div>\n\n\t\n\n\t<div id=\"col-1066369398\" class=\"col medium-6 small-12 large-6\"  >\n\t\t\t\t<div class=\"col-inner\"  >\n\t\t\t\n\t\t\t\n\n<div class=\"slider-wrapper relative\" id=\"slider-854264265\" >\n    <div class=\"slider slider-nav-circle slider-nav-large slider-nav-light slider-style-normal\"\n        data-flickity-options='{\n            \"cellAlign\": \"center\",\n            \"imagesLoaded\": true,\n            \"lazyLoad\": 1,\n            \"freeScroll\": false,\n            \"wrapAround\": true,\n            \"autoPlay\": 4000,\n            \"pauseAutoPlayOnHover\" : true,\n            \"prevNextButtons\": true,\n            \"contain\" : true,\n            \"adaptiveHeight\" : true,\n            \"dragThreshold\" : 10,\n            \"percentPosition\": true,\n            \"pageDots\": true,\n            \"rightToLeft\": false,\n            \"draggable\": true,\n            \"selectedAttraction\": 0.1,\n            \"parallax\" : 0,\n            \"friction\": 0.6        }'\n        >\n        \n\n\t<div class=\"img has-hover x md-x lg-x y md-y lg-y\" id=\"image_2054136071\">\n\t\t\t\t\t\t\t\t<div class=\"img-inner image-cover dark\" style=\"padding-top:300px;\">\n\t\t\t<img loading=\"lazy\" decoding=\"async\" width=\"1000\" height=\"563\" src=\"https:\/\/comt.cat\/wp-content\/uploads\/2021\/12\/Sala03-1.jpg\" class=\"attachment-large size-large\" alt=\"\" srcset=\"https:\/\/comt.cat\/wp-content\/uploads\/2021\/12\/Sala03-1.jpg 1000w, https:\/\/comt.cat\/wp-content\/uploads\/2021\/12\/Sala03-1-300x169.jpg 300w, https:\/\/comt.cat\/wp-content\/uploads\/2021\/12\/Sala03-1-768x432.jpg 768w\" sizes=\"(max-width: 1000px) 100vw, 1000px\" \/>\t\t\t\t\t\t\n\t\t\t\t\t<\/div>\n\t\t\t\t\t\t\t\t\n<style>\n#image_2054136071 {\n  width: 100%;\n}\n<\/style>\n\t<\/div>\n\t\n\n\t<div class=\"img has-hover x md-x lg-x y md-y lg-y\" id=\"image_1390635959\">\n\t\t\t\t\t\t\t\t<div class=\"img-inner image-cover dark\" style=\"padding-top:300px;\">\n\t\t\t<img loading=\"lazy\" decoding=\"async\" width=\"1000\" height=\"563\" src=\"https:\/\/comt.cat\/wp-content\/uploads\/2021\/12\/Sala02-1.jpg\" class=\"attachment-large size-large\" alt=\"\" srcset=\"https:\/\/comt.cat\/wp-content\/uploads\/2021\/12\/Sala02-1.jpg 1000w, https:\/\/comt.cat\/wp-content\/uploads\/2021\/12\/Sala02-1-300x169.jpg 300w, https:\/\/comt.cat\/wp-content\/uploads\/2021\/12\/Sala02-1-768x432.jpg 768w\" sizes=\"(max-width: 1000px) 100vw, 1000px\" \/>\t\t\t\t\t\t\n\t\t\t\t\t<\/div>\n\t\t\t\t\t\t\t\t\n<style>\n#image_1390635959 {\n  width: 100%;\n}\n<\/style>\n\t<\/div>\n\t\n\n\t<div class=\"img has-hover x md-x lg-x y md-y lg-y\" id=\"image_1594793701\">\n\t\t\t\t\t\t\t\t<div class=\"img-inner image-cover dark\" style=\"padding-top:300px;\">\n\t\t\t<img loading=\"lazy\" decoding=\"async\" width=\"1000\" height=\"563\" src=\"https:\/\/comt.cat\/wp-content\/uploads\/2021\/12\/Sala04-1.jpg\" class=\"attachment-large size-large\" alt=\"\" srcset=\"https:\/\/comt.cat\/wp-content\/uploads\/2021\/12\/Sala04-1.jpg 1000w, https:\/\/comt.cat\/wp-content\/uploads\/2021\/12\/Sala04-1-300x169.jpg 300w, https:\/\/comt.cat\/wp-content\/uploads\/2021\/12\/Sala04-1-768x432.jpg 768w\" sizes=\"(max-width: 1000px) 100vw, 1000px\" \/>\t\t\t\t\t\t\n\t\t\t\t\t<\/div>\n\t\t\t\t\t\t\t\t\n<style>\n#image_1594793701 {\n  width: 100%;\n}\n<\/style>\n\t<\/div>\n\t\n\n\t<div class=\"img has-hover x md-x lg-x y md-y lg-y\" id=\"image_573835053\">\n\t\t\t\t\t\t\t\t<div class=\"img-inner image-cover dark\" style=\"padding-top:300px;\">\n\t\t\t<img loading=\"lazy\" decoding=\"async\" width=\"1000\" height=\"563\" src=\"https:\/\/comt.cat\/wp-content\/uploads\/2021\/12\/Sala05-1.jpg\" class=\"attachment-large size-large\" alt=\"\" srcset=\"https:\/\/comt.cat\/wp-content\/uploads\/2021\/12\/Sala05-1.jpg 1000w, https:\/\/comt.cat\/wp-content\/uploads\/2021\/12\/Sala05-1-300x169.jpg 300w, https:\/\/comt.cat\/wp-content\/uploads\/2021\/12\/Sala05-1-768x432.jpg 768w\" sizes=\"(max-width: 1000px) 100vw, 1000px\" \/>\t\t\t\t\t\t\n\t\t\t\t\t<\/div>\n\t\t\t\t\t\t\t\t\n<style>\n#image_573835053 {\n  width: 100%;\n}\n<\/style>\n\t<\/div>\n\t\n\n\t<div class=\"img has-hover x md-x lg-x y md-y lg-y\" id=\"image_23906493\">\n\t\t\t\t\t\t\t\t<div class=\"img-inner image-cover dark\" style=\"padding-top:300px;\">\n\t\t\t<img loading=\"lazy\" decoding=\"async\" width=\"1000\" height=\"563\" src=\"https:\/\/comt.cat\/wp-content\/uploads\/2021\/12\/Sala06-1.jpg\" class=\"attachment-large size-large\" alt=\"\" srcset=\"https:\/\/comt.cat\/wp-content\/uploads\/2021\/12\/Sala06-1.jpg 1000w, https:\/\/comt.cat\/wp-content\/uploads\/2021\/12\/Sala06-1-300x169.jpg 300w, https:\/\/comt.cat\/wp-content\/uploads\/2021\/12\/Sala06-1-768x432.jpg 768w\" sizes=\"(max-width: 1000px) 100vw, 1000px\" \/>\t\t\t\t\t\t\n\t\t\t\t\t<\/div>\n\t\t\t\t\t\t\t\t\n<style>\n#image_23906493 {\n  width: 100%;\n}\n<\/style>\n\t<\/div>\n\t\n\n\t<div class=\"img has-hover x md-x lg-x y md-y lg-y\" id=\"image_872428383\">\n\t\t\t\t\t\t\t\t<div class=\"img-inner image-cover dark\" style=\"padding-top:300px;\">\n\t\t\t<img loading=\"lazy\" decoding=\"async\" width=\"1020\" height=\"765\" src=\"https:\/\/comt.cat\/wp-content\/uploads\/2021\/12\/Sala_Control01.jpeg\" class=\"attachment-large size-large\" alt=\"\" srcset=\"https:\/\/comt.cat\/wp-content\/uploads\/2021\/12\/Sala_Control01.jpeg 1024w, https:\/\/comt.cat\/wp-content\/uploads\/2021\/12\/Sala_Control01-300x225.jpeg 300w, https:\/\/comt.cat\/wp-content\/uploads\/2021\/12\/Sala_Control01-768x576.jpeg 768w\" sizes=\"(max-width: 1020px) 100vw, 1020px\" \/>\t\t\t\t\t\t\n\t\t\t\t\t<\/div>\n\t\t\t\t\t\t\t\t\n<style>\n#image_872428383 {\n  width: 100%;\n}\n<\/style>\n\t<\/div>\n\t\n\n\t<div class=\"img has-hover x md-x lg-x y md-y lg-y\" id=\"image_728068367\">\n\t\t\t\t\t\t\t\t<div class=\"img-inner image-cover dark\" style=\"padding-top:300px;\">\n\t\t\t<img loading=\"lazy\" decoding=\"async\" width=\"1020\" height=\"765\" src=\"https:\/\/comt.cat\/wp-content\/uploads\/2021\/12\/Sala-Control04.jpeg\" class=\"attachment-large size-large\" alt=\"\" srcset=\"https:\/\/comt.cat\/wp-content\/uploads\/2021\/12\/Sala-Control04.jpeg 1024w, https:\/\/comt.cat\/wp-content\/uploads\/2021\/12\/Sala-Control04-300x225.jpeg 300w, https:\/\/comt.cat\/wp-content\/uploads\/2021\/12\/Sala-Control04-768x576.jpeg 768w\" sizes=\"(max-width: 1020px) 100vw, 1020px\" \/>\t\t\t\t\t\t\n\t\t\t\t\t<\/div>\n\t\t\t\t\t\t\t\t\n<style>\n#image_728068367 {\n  width: 100%;\n}\n<\/style>\n\t<\/div>\n\t\n\n\t<div class=\"img has-hover x md-x lg-x y md-y lg-y\" id=\"image_2053981841\">\n\t\t\t\t\t\t\t\t<div class=\"img-inner image-cover dark\" style=\"padding-top:300px;\">\n\t\t\t<img loading=\"lazy\" decoding=\"async\" width=\"1020\" height=\"459\" src=\"https:\/\/comt.cat\/wp-content\/uploads\/2021\/12\/Sala-COMT-plenaO-2048x921-1-1024x461.jpeg\" class=\"attachment-large size-large\" alt=\"\" srcset=\"https:\/\/comt.cat\/wp-content\/uploads\/2021\/12\/Sala-COMT-plenaO-2048x921-1-1024x461.jpeg 1024w, https:\/\/comt.cat\/wp-content\/uploads\/2021\/12\/Sala-COMT-plenaO-2048x921-1-300x135.jpeg 300w, https:\/\/comt.cat\/wp-content\/uploads\/2021\/12\/Sala-COMT-plenaO-2048x921-1-768x345.jpeg 768w, https:\/\/comt.cat\/wp-content\/uploads\/2021\/12\/Sala-COMT-plenaO-2048x921-1-1536x691.jpeg 1536w, https:\/\/comt.cat\/wp-content\/uploads\/2021\/12\/Sala-COMT-plenaO-2048x921-1.jpeg 2048w\" sizes=\"(max-width: 1020px) 100vw, 1020px\" \/>\t\t\t\t\t\t\n\t\t\t\t\t<\/div>\n\t\t\t\t\t\t\t\t\n<style>\n#image_2053981841 {\n  width: 100%;\n}\n<\/style>\n\t<\/div>\n\t\n\n\n     <\/div>\n\n     <div class=\"loading-spin dark large centered\"><\/div>\n\n\t<\/div>\n\n\n\t<div id=\"gap-1938387466\" class=\"gap-element clearfix\" style=\"display:block; height:auto;\">\n\t\t\n<style>\n#gap-1938387466 {\n  padding-top: 30px;\n}\n<\/style>\n\t<\/div>\n\t\n\n<div class=\"video video-fit mb\" style=\"padding-top:47%;\"><iframe loading=\"lazy\" title=\"Sala d&#039;Actes Dr. Santiago Mallafr\u00e9\" width=\"1020\" height=\"574\" src=\"https:\/\/www.youtube.com\/embed\/LD9uEcelnqI?feature=oembed\" frameborder=\"0\" allow=\"accelerometer; autoplay; clipboard-write; encrypted-media; gyroscope; picture-in-picture\" allowfullscreen><\/iframe><\/div>\n\n<div class=\"message-box relative dark\" style=\"padding-top:15px;padding-bottom:15px;\"><div class=\"message-box-bg-image bg-fill fill\" ><\/div><div class=\"message-box-bg-overlay bg-fill fill\" ><\/div><div class=\"container relative\"><div class=\"inner last-reset\">\n\n<div class=\"row align-middle align-center\"  id=\"row-1646624505\">\n\n\n\t<div id=\"col-1505450661\" class=\"col medium-4 small-12 large-4\"  >\n\t\t\t\t<div class=\"col-inner\"  >\n\t\t\t\n\t\t\t\n\n\n\t\t<div class=\"icon-box featured-box icon-box-left text-left\"  >\n\t\t\t\t\t<div class=\"icon-box-img\" style=\"width: 30px\">\n\t\t\t\t<div class=\"icon\">\n\t\t\t\t\t<div class=\"icon-inner\" style=\"color:rgb(15, 225, 240);\">\n\t\t\t\t\t\t<?xml version=\"1.0\" encoding=\"utf-8\"?>\n<!-- Generator: Adobe Illustrator 25.4.1, SVG Export Plug-In . SVG Version: 6.00 Build 0)  -->\n<svg version=\"1.1\" id=\"Capa_1\" xmlns=\"http:\/\/www.w3.org\/2000\/svg\" xmlns:xlink=\"http:\/\/www.w3.org\/1999\/xlink\" x=\"0px\" y=\"0px\"\n\t viewBox=\"0 0 48 48\" style=\"enable-background:new 0 0 48 48;\" xml:space=\"preserve\">\n<g transform=\"matrix(2,0,0,2,0,0)\">\n\t<g>\n\t\t<path d=\"M15.9,19c-0.7,0-1.4-0.2-2.1-0.6c0,0-0.1,0-0.1-0.1c-3.2-2.1-5.9-4.9-8-8c0,0,0-0.1-0.1-0.1c-1-1.6-0.7-3.6,0.6-4.9\n\t\t\tl0.5-0.5C7,4.5,7.5,4.3,8,4.3c0.5,0,0.9,0.2,1.3,0.5l1.9,1.9c0.7,0.7,0.7,1.9,0,2.6c-0.1,0.1-0.1,0.3,0,0.5l3,3\n\t\t\tc0.1,0.1,0.3,0.1,0.5,0c0.7-0.7,1.9-0.7,2.6,0l1.9,1.9c0.7,0.7,0.7,1.9,0,2.6l-0.5,0.5C17.9,18.6,16.9,19,15.9,19z M14.5,17\n\t\t\tC14.5,17,14.5,17.1,14.5,17c1,0.7,2.3,0.5,3.1-0.3l0.5-0.5c0.1-0.1,0.1-0.3,0-0.5l-1.9-1.9c-0.1-0.1-0.3-0.1-0.5,0\n\t\t\tc-0.7,0.7-1.9,0.7-2.6,0l-3-3c-0.7-0.7-0.7-1.9,0-2.6c0.1-0.1,0.1-0.3,0-0.5L8.2,5.9C8.1,5.8,8,5.9,8,5.8c-0.1,0-0.1,0-0.2,0.1\n\t\t\tL7.3,6.4c-0.8,0.8-1,2.1-0.3,3.1c0,0,0,0,0,0C9,12.5,11.5,15,14.5,17z\"\/>\n\t<\/g>\n\t<g>\n\t\t<path d=\"M12,24c-2.6,0-5.1-0.9-7.2-2.4c-5.3-4-6.4-11.5-2.4-16.8c1.9-2.6,4.7-4.2,7.9-4.7c3.2-0.5,6.3,0.4,8.9,2.3\n\t\t\tc5.3,4,6.4,11.5,2.4,16.8c-0.2,0.3-0.7,0.4-1.1,0.1c-0.3-0.2-0.4-0.7-0.1-1.1c3.5-4.6,2.5-11.2-2.1-14.7C13.7,0.1,7.1,1.1,3.6,5.7\n\t\t\tc-3.5,4.6-2.5,11.2,2.1,14.7c1.8,1.4,4,2.1,6.3,2.1c2.2,0,3.8-0.5,4.4-1.5c0.5-0.7,0.5-1.7,0.1-2.8c-0.1-0.4,0-0.8,0.4-1\n\t\t\tc0.4-0.1,0.8,0,1,0.4c0.8,2,0.3,3.4-0.2,4.2C16.7,23.3,14.7,24,12,24z\"\/>\n\t<\/g>\n<\/g>\n<\/svg>\n\t\t\t\t\t<\/div>\n\t\t\t\t<\/div>\n\t\t\t<\/div>\n\t\t\t\t<div class=\"icon-box-text last-reset\">\n\t\t\t\t\t\t\t\t\t\n\n\t<div id=\"text-406848639\" class=\"text\">\n\t\t\n\n<h3>Ll\u00e1manos<\/h3>\n<p><a href=\"https:\/\/wa.me\/34680815258\">977 232 012 <\/a><\/p>\n\t\t\n<style>\n#text-406848639 {\n  line-height: 0.75;\n}\n<\/style>\n\t<\/div>\n\t\n\n\t\t<\/div>\n\t<\/div>\n\t\n\t\n\n\t\t<\/div>\n\t\t\t\t\t<\/div>\n\n\t\n\n\t<div id=\"col-1296385321\" class=\"col medium-5 small-12 large-5\"  >\n\t\t\t\t<div class=\"col-inner\"  >\n\t\t\t\n\t\t\t\n\n\n\t\t<div class=\"icon-box featured-box icon-box-left text-left\"  >\n\t\t\t\t\t<div class=\"icon-box-img\" style=\"width: 29px\">\n\t\t\t\t<div class=\"icon\">\n\t\t\t\t\t<div class=\"icon-inner\" style=\"color:rgb(15, 225, 240);\">\n\t\t\t\t\t\t<?xml version=\"1.0\" encoding=\"utf-8\"?>\n<!-- Generator: Adobe Illustrator 25.4.1, SVG Export Plug-In . SVG Version: 6.00 Build 0)  -->\n<svg version=\"1.1\" id=\"Capa_1\" xmlns=\"http:\/\/www.w3.org\/2000\/svg\" xmlns:xlink=\"http:\/\/www.w3.org\/1999\/xlink\" x=\"0px\" y=\"0px\"\n\t viewBox=\"0 0 48 48\" style=\"enable-background:new 0 0 48 48;\" xml:space=\"preserve\">\n<g transform=\"matrix(2,0,0,2,0,0)\">\n\t<g>\n\t\t<path d=\"M23.2,20.2H0.8c-0.4,0-0.8-0.3-0.8-0.8v-15c0-0.4,0.3-0.8,0.8-0.8h22.5c0.4,0,0.8,0.3,0.8,0.8v15\n\t\t\tC24,19.9,23.7,20.2,23.2,20.2z M1.5,18.8h21V5.2h-21V18.8z\"\/>\n\t<\/g>\n\t<g>\n\t\t<path d=\"M19.5,14.2c-0.2,0-0.4-0.1-0.5-0.2l-3.8-3.5c-0.3-0.3-0.3-0.8,0-1.1c0.3-0.3,0.8-0.3,1.1,0l3.8,3.5c0.3,0.3,0.3,0.8,0,1.1\n\t\t\tC19.9,14.2,19.7,14.2,19.5,14.2z\"\/>\n\t<\/g>\n\t<g>\n\t\t<path d=\"M4.5,14.2c-0.2,0-0.4-0.1-0.6-0.2c-0.3-0.3-0.3-0.8,0-1.1l3.8-3.5c0.3-0.3,0.8-0.3,1.1,0c0.3,0.3,0.3,0.8,0,1.1L5,14.1\n\t\t\tC4.9,14.2,4.7,14.2,4.5,14.2z\"\/>\n\t<\/g>\n\t<g>\n\t\t<path d=\"M12,12.7c-0.6,0-1.3-0.2-1.8-0.6L0.7,5.6c-0.3-0.2-0.4-0.7-0.2-1c0.2-0.3,0.7-0.4,1-0.2l9.5,6.6c0.6,0.4,1.3,0.4,1.9,0\n\t\t\tl9.5-6.6c0.3-0.2,0.8-0.1,1,0.2s0.1,0.8-0.2,1l-9.5,6.6C13.3,12.6,12.6,12.7,12,12.7z\"\/>\n\t<\/g>\n<\/g>\n<\/svg>\n\t\t\t\t\t<\/div>\n\t\t\t\t<\/div>\n\t\t\t<\/div>\n\t\t\t\t<div class=\"icon-box-text last-reset\">\n\t\t\t\t\t\t\t\t\t\n\n\t<div id=\"text-1870518618\" class=\"text\">\n\t\t\n\n<h3>Escr\u00edbenos<\/h3>\n<p><a href=\"https:\/\/wa.me\/34680815258\">comt@comt.cat <\/a><\/p>\n\t\t\n<style>\n#text-1870518618 {\n  line-height: 0.75;\n}\n<\/style>\n\t<\/div>\n\t\n\n\t\t<\/div>\n\t<\/div>\n\t\n\t\n\n\t\t<\/div>\n\t\t\t\t\t<\/div>\n\n\t\n\n<\/div>\n\t<div id=\"gap-1155802938\" class=\"gap-element clearfix\" style=\"display:block; height:auto;\">\n\t\t\n<style>\n#gap-1155802938 {\n  padding-top: 30px;\n}\n<\/style>\n\t<\/div>\n\t\n\n<a href=\"https:\/\/comt.cat\/wp-content\/uploads\/2022\/08\/Packs-COMT-ESP-Version-digital-Comprimido-web.pdf\" class=\"button secondary expand\" style=\"border-radius:99px;\">\n\t\t<span>Consultar precios<\/span>\n\t<\/a>\n\n\n\n<\/div><\/div><\/div>\n\n\t\t<\/div>\n\t\t\t\t\t<\/div>\n\n\t\n\n<\/div>\n<div class=\"row row-large row-divided\"  id=\"row-1341860905\">\n\n\n\t<div id=\"col-189676907\" class=\"col medium-4 small-12 large-4\"  >\n\t\t\t\t<div class=\"col-inner\"  >\n\t\t\t\n\t\t\t\n\n<p><strong>CONTROL<\/strong><\/p>\n<ul>\n<li class=\"bullet-arrow\">Ordenador Apple Mac mini para videoconferencias y\/o proyecci\u00f3n de contenido en pantallas y proyectores (ampliable 3).<\/li>\n<li class=\"bullet-arrow\">Doble pantalla de 24\u00bb para control multimedia.<\/li>\n<li class=\"bullet-arrow\">Tabla de sonido de 12 canales y 2 env\u00edos auxiliares.<\/li>\n<li class=\"bullet-arrow\">Capturadora de v\u00eddeo HDMI para uso de la c\u00e1mara en videoconferencias, grabaci\u00f3n o emisi\u00f3n (ampliable 4).<\/li>\n<li class=\"bullet-arrow\">Switch PoE de red Ethernet.<\/li>\n<\/ul>\n\n\t\t<\/div>\n\t\t\t\t\t<\/div>\n\n\t\n\n\t<div id=\"col-137783613\" class=\"col medium-4 small-12 large-4\"  >\n\t\t\t\t<div class=\"col-inner\"  >\n\t\t\t\n\t\t\t\n\n<p><strong>AMPLIACIONES MATERIALES<\/strong><\/p>\n<ul>\n<li class=\"bullet-arrow\">Microfonia de sobremesa o inhal\u00e1mbrico seg\u00fan las necesidades.<\/li>\n<li class=\"bullet-arrow\">C\u00e1meras de v\u00eddeo Full HD robotizadas para realizaci\u00f3n de v\u00eddeo.<\/li>\n<li class=\"bullet-arrow\">Ordinadores para control, reproducci\u00f3n de v\u00eddeo, gesti\u00f3n de contenidos, v\u00eddeo participaci\u00f3n y realizaci\u00f3n audiovisual.<\/li>\n<li class=\"bullet-arrow\">Mezclador de v\u00eddeo de 8 canales para realizaci\u00f3n de v\u00eddeo e inclusi\u00f3n de gr\u00e1ficos.<\/li>\n<li class=\"bullet-arrow\">Iluminaci\u00f3n decorativa corporativa.<\/li>\n<li class=\"bullet-arrow\">Pantallas extra para hall.<\/li>\n<\/ul>\n\n\t\t<\/div>\n\t\t\t\t\t<\/div>\n\n\t\n\n\t<div id=\"col-81577848\" class=\"col medium-4 small-12 large-4\"  >\n\t\t\t\t<div class=\"col-inner\"  >\n\t\t\t\n\t\t\t\n\n<p><strong>AMPLIACIONES T\u00c9CNICAS<\/strong><\/p>\n<ul>\n<li class=\"bullet-arrow\">T\u00e9cnico de sonido.<\/li>\n<li class=\"bullet-arrow\">T\u00e9cnico de v\u00eddeo.<\/li>\n<li class=\"bullet-arrow\">Dise\u00f1ador gr\u00e1fico.<\/li>\n<li class=\"bullet-arrow\">Dinamizador de actos.<\/li>\n<li class=\"bullet-arrow\">Asesor de m\u00e1rqueting digital.<\/li>\n<\/ul>\n\n\t\t<\/div>\n\t\t\t\t\t<\/div>\n\n\t\n\n<\/div>\n\t<div id=\"gap-1258997631\" class=\"gap-element clearfix\" style=\"display:block; height:auto;\">\n\t\t\n<style>\n#gap-1258997631 {\n  padding-top: 61px;\n}\n<\/style>\n\t<\/div>\n\t\n\n\n\t\t<\/div>\n\n\t\t\n<style>\n#section_747049605 {\n  padding-top: 119px;\n  padding-bottom: 119px;\n  background-color: rgb(255,255,255);\n}\n<\/style>\n\t<\/section>\n\t\n\n","protected":false},"excerpt":{"rendered":"","protected":false},"author":1,"featured_media":0,"parent":0,"menu_order":0,"comment_status":"closed","ping_status":"closed","template":"page-blank.php","meta":{"footnotes":""},"class_list":["post-14672","page","type-page","status-publish","hentry"],"yoast_head":"<!-- This site is optimized with the Yoast SEO plugin v27.2 - https:\/\/yoast.com\/product\/yoast-seo-wordpress\/ -->\n<title>Alquiler de salas - COMT<\/title>\n<meta name=\"robots\" content=\"index, follow, max-snippet:-1, max-image-preview:large, max-video-preview:-1\" \/>\n<link rel=\"canonical\" href=\"https:\/\/comt.cat\/lloguer-de-sales\/\" \/>\n<meta property=\"og:locale\" content=\"es_ES\" \/>\n<meta property=\"og:type\" content=\"article\" \/>\n<meta property=\"og:title\" content=\"Alquiler de salas - COMT\" \/>\n<meta property=\"og:url\" content=\"https:\/\/comt.cat\/lloguer-de-sales\/\" \/>\n<meta property=\"og:site_name\" content=\"COMT\" \/>\n<meta property=\"article:modified_time\" content=\"2024-11-08T13:48:16+00:00\" \/>\n<meta name=\"twitter:card\" content=\"summary_large_image\" \/>\n<meta name=\"twitter:label1\" content=\"Tiempo de lectura\" \/>\n\t<meta name=\"twitter:data1\" content=\"3 minutos\" \/>\n<script type=\"application\/ld+json\" class=\"yoast-schema-graph\">{\"@context\":\"https:\/\/schema.org\",\"@graph\":[{\"@type\":\"WebPage\",\"@id\":\"https:\/\/comt.cat\/lloguer-de-sales\/\",\"url\":\"https:\/\/comt.cat\/lloguer-de-sales\/\",\"name\":\"Alquiler de salas - COMT\",\"isPartOf\":{\"@id\":\"https:\/\/comt.cat\/#website\"},\"datePublished\":\"2021-12-27T11:57:47+00:00\",\"dateModified\":\"2024-11-08T13:48:16+00:00\",\"breadcrumb\":{\"@id\":\"https:\/\/comt.cat\/lloguer-de-sales\/#breadcrumb\"},\"inLanguage\":\"es\",\"potentialAction\":[{\"@type\":\"ReadAction\",\"target\":[\"https:\/\/comt.cat\/lloguer-de-sales\/\"]}]},{\"@type\":\"BreadcrumbList\",\"@id\":\"https:\/\/comt.cat\/lloguer-de-sales\/#breadcrumb\",\"itemListElement\":[{\"@type\":\"ListItem\",\"position\":1,\"name\":\"Home\",\"item\":\"https:\/\/comt.cat\/es\/\"},{\"@type\":\"ListItem\",\"position\":2,\"name\":\"Alquiler de salas\"}]},{\"@type\":\"WebSite\",\"@id\":\"https:\/\/comt.cat\/#website\",\"url\":\"https:\/\/comt.cat\/\",\"name\":\"COMT\",\"description\":\"Col\u00b7legi de Metges de Tarragona\",\"potentialAction\":[{\"@type\":\"SearchAction\",\"target\":{\"@type\":\"EntryPoint\",\"urlTemplate\":\"https:\/\/comt.cat\/?s={search_term_string}\"},\"query-input\":{\"@type\":\"PropertyValueSpecification\",\"valueRequired\":true,\"valueName\":\"search_term_string\"}}],\"inLanguage\":\"es\"}]}<\/script>\n<!-- \/ Yoast SEO plugin. -->","yoast_head_json":{"title":"Alquiler de salas - COMT","robots":{"index":"index","follow":"follow","max-snippet":"max-snippet:-1","max-image-preview":"max-image-preview:large","max-video-preview":"max-video-preview:-1"},"canonical":"https:\/\/comt.cat\/lloguer-de-sales\/","og_locale":"es_ES","og_type":"article","og_title":"Alquiler de salas - COMT","og_url":"https:\/\/comt.cat\/lloguer-de-sales\/","og_site_name":"COMT","article_modified_time":"2024-11-08T13:48:16+00:00","twitter_card":"summary_large_image","twitter_misc":{"Tiempo de lectura":"3 minutos"},"schema":{"@context":"https:\/\/schema.org","@graph":[{"@type":"WebPage","@id":"https:\/\/comt.cat\/lloguer-de-sales\/","url":"https:\/\/comt.cat\/lloguer-de-sales\/","name":"Alquiler de salas - COMT","isPartOf":{"@id":"https:\/\/comt.cat\/#website"},"datePublished":"2021-12-27T11:57:47+00:00","dateModified":"2024-11-08T13:48:16+00:00","breadcrumb":{"@id":"https:\/\/comt.cat\/lloguer-de-sales\/#breadcrumb"},"inLanguage":"es","potentialAction":[{"@type":"ReadAction","target":["https:\/\/comt.cat\/lloguer-de-sales\/"]}]},{"@type":"BreadcrumbList","@id":"https:\/\/comt.cat\/lloguer-de-sales\/#breadcrumb","itemListElement":[{"@type":"ListItem","position":1,"name":"Home","item":"https:\/\/comt.cat\/es\/"},{"@type":"ListItem","position":2,"name":"Alquiler de salas"}]},{"@type":"WebSite","@id":"https:\/\/comt.cat\/#website","url":"https:\/\/comt.cat\/","name":"COMT","description":"Col\u00b7legi de Metges de Tarragona","potentialAction":[{"@type":"SearchAction","target":{"@type":"EntryPoint","urlTemplate":"https:\/\/comt.cat\/?s={search_term_string}"},"query-input":{"@type":"PropertyValueSpecification","valueRequired":true,"valueName":"search_term_string"}}],"inLanguage":"es"}]}},"_links":{"self":[{"href":"https:\/\/comt.cat\/es\/wp-json\/wp\/v2\/pages\/14672","targetHints":{"allow":["GET"]}}],"collection":[{"href":"https:\/\/comt.cat\/es\/wp-json\/wp\/v2\/pages"}],"about":[{"href":"https:\/\/comt.cat\/es\/wp-json\/wp\/v2\/types\/page"}],"author":[{"embeddable":true,"href":"https:\/\/comt.cat\/es\/wp-json\/wp\/v2\/users\/1"}],"replies":[{"embeddable":true,"href":"https:\/\/comt.cat\/es\/wp-json\/wp\/v2\/comments?post=14672"}],"version-history":[{"count":18,"href":"https:\/\/comt.cat\/es\/wp-json\/wp\/v2\/pages\/14672\/revisions"}],"predecessor-version":[{"id":34663,"href":"https:\/\/comt.cat\/es\/wp-json\/wp\/v2\/pages\/14672\/revisions\/34663"}],"wp:attachment":[{"href":"https:\/\/comt.cat\/es\/wp-json\/wp\/v2\/media?parent=14672"}],"curies":[{"name":"wp","href":"https:\/\/api.w.org\/{rel}","templated":true}]}}