{"id":27737,"date":"2023-12-13T10:20:27","date_gmt":"2023-12-13T09:20:27","guid":{"rendered":"https:\/\/comt.cat\/?page_id=27737"},"modified":"2024-01-11T12:22:14","modified_gmt":"2024-01-11T11:22:14","slug":"verificacion-colegiacion","status":"publish","type":"page","link":"https:\/\/comt.cat\/es\/verificacion-colegiacion\/","title":{"rendered":"Verificaci\u00f3n colegiaci\u00f3n"},"content":{"rendered":"\n\n\t<section class=\"section\" id=\"section_349432304\">\n\t\t<div class=\"section-bg fill\" >\n\t\t\t\t\t\t\t\t\t\n\t\t\t\n\n\t\t<\/div>\n\n\t\t\n\n\t\t<div class=\"section-content relative\">\n\t\t\t\n\n\t<div id=\"gap-290441788\" class=\"gap-element clearfix\" style=\"display:block; height:auto;\">\n\t\t\n<style>\n#gap-290441788 {\n  padding-top: 30px;\n}\n<\/style>\n\t<\/div>\n\t\n\n<div class=\"row align-middle align-center\"  id=\"row-633303391\">\n\n\n\t<div id=\"col-1208603577\" class=\"col medium-8 small-12 large-6\"  >\n\t\t\t\t<div class=\"col-inner text-center\"  >\n\t\t\t\n\t\t\t\n\n\t<div id=\"gap-150575974\" class=\"gap-element clearfix\" style=\"display:block; height:auto;\">\n\t\t\n<style>\n#gap-150575974 {\n  padding-top: 9px;\n}\n<\/style>\n\t<\/div>\n\t\n\n\t<div id=\"text-2103778977\" class=\"text\">\n\t\t\n\n<h1 style=\"text-align: center;\">Verificaci\u00f3n colegiaci\u00f3n para centros sanitarios \/ organizaciones<\/h1>\n\t\t\n<style>\n#text-2103778977 {\n  font-size: 1.5rem;\n  text-align: right;\n}\n<\/style>\n\t<\/div>\n\t\n\n\t\t<\/div>\n\t\t\t\t\t<\/div>\n\n\t\n\n<\/div>\n\n\t\t<\/div>\n\n\t\t\n<style>\n#section_349432304 {\n  padding-top: 60px;\n  padding-bottom: 60px;\n  min-height: 244px;\n  background-color: rgb(251, 248, 243);\n}\n@media (min-width:550px) {\n  #section_349432304 {\n    padding-top: 80px;\n    padding-bottom: 80px;\n  }\n}\n@media (min-width:850px) {\n  #section_349432304 {\n    padding-top: 31px;\n    padding-bottom: 31px;\n  }\n}\n<\/style>\n\t<\/section>\n\t\n\n\t<section class=\"section\" id=\"section_1034739067\">\n\t\t<div class=\"section-bg fill\" >\n\t\t\t\t\t\t\t\t\t\n\t\t\t\n\n\t\t<\/div>\n\n\t\t\n\n\t\t<div class=\"section-content relative\">\n\t\t\t\n\n<div class=\"row\"  id=\"row-274269158\">\n\n\n\t<div id=\"col-577844828\" class=\"col medium-6 small-12 large-6\"  >\n\t\t\t\t<div class=\"col-inner\"  >\n\t\t\t\n\t\t\t\n\n<h3>La colegiaci\u00f3n de los m\u00e9dicos y la de sus sociedades profesionales es obligatoria para el ejercicio de la profesi\u00f3n. El colegio de m\u00e9dicos de adscripci\u00f3n es el de la provincia del domicilio profesional \u00fanico o principal\u00a0 del facultativo o el del domicilio social de la sociedad profesional.<\/h3>\n<p>En el caso de los m\u00e9dicos, la colegiaci\u00f3n garantiza la posesi\u00f3n del t\u00edtulo (de Licenciado o Grado en Medicina espa\u00f1ol o reconocido en Espa\u00f1a) y constata la situaci\u00f3n de ejerciente o de no ejerciente, es decir, la habilitaci\u00f3n del m\u00e9dico para ejercer, o no.<\/p>\n<p>En cuanto a las sociedades profesionales, la colegiaci\u00f3n acredita su habilitaci\u00f3n y la de sus socios m\u00e9dicos para desarrollar la actividad.<\/p>\n<p>Los colegios profesionales disponen de <strong>registros p\u00fablicos de los profesionales colegiados y de las sociedades profesionales, <\/strong>accessibles electr\u00f2nicament.<\/p>\n<p>Estos registros son la herramienta que tiene que facilitar en los centros sanitarios y organizaciones sanitarias, en el marco de sus procesos de contrataci\u00f3n, la comprobaci\u00f3n\u00a0 en l\u00ednea y en tiempo real de la colegiaci\u00f3n y\u00a0 la habilitaci\u00f3n para ejercer la profesi\u00f3n del m\u00e9dico o la sociedad profesional que se pretenda contratar.<\/p>\n\n\t\t<\/div>\n\t\t\t\t\t<\/div>\n\n\t\n\n\t<div id=\"col-1656189200\" class=\"col medium-6 small-12 large-6\"  >\n\t\t\t\t<div class=\"col-inner\"  >\n\t\t\t\n\t\t\t\n\n\n  <div class=\"banner has-hover\" id=\"banner-1735706273\">\n          <div class=\"banner-inner fill\">\n        <div class=\"banner-bg fill\" >\n            <img loading=\"lazy\" decoding=\"async\" width=\"685\" height=\"1024\" src=\"https:\/\/comt.cat\/wp-content\/uploads\/2023\/12\/Captura-de-pantalla-2023-12-12-a-las-11.11.18-685x1024.png\" class=\"bg attachment-large size-large\" alt=\"\" \/>                                    \n                    <\/div>\n\t\t\n        <div class=\"banner-layers container\">\n            <div class=\"fill banner-link\"><\/div>            \n\n\n        <\/div>\n      <\/div>\n\n            \n<style>\n#banner-1735706273 {\n  padding-top: 500px;\n}\n<\/style>\n  <\/div>\n\n\n\n\t\t<\/div>\n\t\t\t\t\t<\/div>\n\n\t\n\n\t<div id=\"col-1323653991\" class=\"col medium-6 small-12 large-6\"  >\n\t\t\t\t<div class=\"col-inner\"  >\n\t\t\t\n\t\t\t\n\n<p>Tambi\u00e9n, y de acuerdo con <a href=\"https:\/\/www.boe.es\/eli\/es\/l\/2003\/11\/21\/44\/con\" target=\"_blank\" rel=\"noopener\">el art\u00edculo 8.3 de la Ley 44\/2003, de 21 de noviembre<\/a>, de ordenaci\u00f3n de las profesiones sanitarias,<strong>\u00a0los centros sanitarios y las organizaciones sanitarias tienen que revisar, cada tres a\u00f1os como m\u00ednimo,<\/strong>\u00a0que los profesionales sanitarios de su plantilla cumplen los requisitos necesarios para continuar ejerciendo la profesi\u00f3n, como por ejemplo la colegiaci\u00f3n y la habilitaci\u00f3n de ejercicio.<\/p>\n<p>Por lo tanto, se hace necesario que, como norma, <strong>se\u00a0verifique en fase precontractual -y posteriormente de manera trienal- la situaci\u00f3n profesional colegial de los m\u00e9dicos y de las sociedades profesionales que presten servicios en los centros y organizaciones sanitarias, ya sean centros p\u00fablicos, concertados con el sector p\u00fablico o de r\u00e9gimen privado.<\/strong><\/p>\n\n\t\t<\/div>\n\t\t\t\t\t<\/div>\n\n\t\n\n\t<div id=\"col-310646277\" class=\"col medium-6 small-12 large-6\"  >\n\t\t\t\t<div class=\"col-inner\"  >\n\t\t\t\n\t\t\t\n\n<p>Esta obligaci\u00f3n es extensible a otros prestamistas de servicios vinculados a la salud que no dispongan de un centro o establecimiento sanitario propiamente, como por ejemplo las entidades aseguradoras en relaci\u00f3n a los m\u00e9dicos y sociedades de sus cuadros m\u00e9dicos u otras situaciones an\u00e1logas.<\/p>\n<h4>Informaci\u00f3n relacionada:<\/h4>\n<p><span style=\"color: #00aae7;\">Aceso a la <a style=\"color: #00aae7;\" href=\"https:\/\/catsalut.gencat.cat\/ca\/detalls\/articles\/instruccio-09-2023\" target=\"_blank\" rel=\"noopener\">Instrucci\u00f3n 09\/2023. Comprobaci\u00f3n de los requisitos para el ejercicio de las profesiones sanitarias<\/a>.<\/span><\/p>\n\n\t\t<\/div>\n\t\t\t\t\t<\/div>\n\n\t\n\n<\/div>\n<div class=\"text-center\"><div class=\"is-divider divider clearfix\" style=\"max-width:1200px;height:1px;\"><\/div><\/div>\n\n\t<div id=\"gap-1692238572\" class=\"gap-element clearfix\" style=\"display:block; height:auto;\">\n\t\t\n<style>\n#gap-1692238572 {\n  padding-top: 30px;\n}\n<\/style>\n\t<\/div>\n\t\n\n<div class=\"row align-center\"  id=\"row-1109931143\">\n\n\n\t<div id=\"col-515720485\" class=\"col medium-6 small-12 large-6\"  >\n\t\t\t\t<div class=\"col-inner\"  >\n\t\t\t\n\t\t\t\n\n<h1 style=\"text-align: center;\"><span data-text-color=\"secondary\">\u00bfC\u00f3mo se puede hacer la consulta?<\/span><\/h1>\n<p style=\"text-align: center;\">Los centros y organizaciones sanitarias pueden verificar la situaci\u00f3n colegial de sus m\u00e9dicos y de las sociedades profesionales contratadas.<\/p>\n\n\t\t<\/div>\n\t\t\t\t\t<\/div>\n\n\t\n\n<\/div>\n<div class=\"row align-center\"  id=\"row-2124898471\">\n\n\n\t<div id=\"col-2120148598\" class=\"col medium-6 small-12 large-6\"  >\n\t\t\t\t<div class=\"col-inner\"  >\n\t\t\t\n\t\t\t\n\n\n  <div class=\"banner has-hover\" id=\"banner-126580765\">\n          <div class=\"banner-inner fill\">\n        <div class=\"banner-bg fill\" >\n                                                \n                    <\/div>\n\t\t\n        <div class=\"banner-layers container\">\n            <a class=\"fill\" href=\"https:\/\/comt.cat\/verificacio-individual\/\"><div class=\"fill banner-link\"><\/div><\/a>            \n\n   <div id=\"text-box-1652837933\" class=\"text-box banner-layer x50 md-x50 lg-x50 y90 md-y90 lg-y90 res-text\">\n       <div class=\"hover-bounce\">              <div data-animate=\"none\">           <div class=\"text-box-content text dark\">\n              \n              <div class=\"text-inner text-center\">\n                  \n\n\t<div id=\"text-16828881\" class=\"text\">\n\t\t\n\n<h5><span style=\"color: #000000;\"><strong>CONSULTA INDIVIDUAL<\/strong><\/span><\/h5>\n<p>Pod\u00e9is realizar la consulta en l\u00ednea accediendo al registro electr\u00f3nico de m\u00e9dicos y sociedades profesionales. La consulta individual permite hacer la b\u00fasqueda uno a uno.<\/p>\n\t\t\n<style>\n#text-16828881 {\n  line-height: 1.3;\n  color: rgb(95, 95, 95);\n}\n#text-16828881 > * {\n  color: rgb(95, 95, 95);\n}\n<\/style>\n\t<\/div>\n\t\n<a href=\"https:\/\/comt.cat\/verificacio-individual\/\" class=\"button primary is-underline\" >\n\t\t<span>Realitzar consulta<\/span>\n\t<\/a>\n\n\n\n              <\/div>\n           <\/div>\n       <\/div>              <\/div>       \n<style>\n#text-box-1652837933 {\n  width: 81%;\n}\n#text-box-1652837933 .text-box-content {\n  font-size: 169%;\n}\n<\/style>\n    <\/div>\n \n\t<div class=\"img has-hover x50 md-x50 lg-x50 y15 md-y15 lg-y15\" id=\"image_386006028\">\n\t\t\t\t\t\t\t\t<div class=\"img-inner dark\" >\n\t\t\t<img loading=\"lazy\" decoding=\"async\" width=\"1\" height=\"1\" src=\"https:\/\/comt.cat\/wp-content\/uploads\/2021\/08\/streamline-icon-professions-man-nurse-1@200x200.svg\" class=\"attachment-large size-large\" alt=\"\" \/>\t\t\t\t\t\t\n\t\t\t\t\t<\/div>\n\t\t\t\t\t\t\t\t\n<style>\n#image_386006028 {\n  width: 14%;\n}\n<\/style>\n\t<\/div>\n\t\n\n\n        <\/div>\n      <\/div>\n\n            \n<style>\n#banner-126580765 {\n  padding-top: 400px;\n  background-color: rgba(115, 198, 246, 0.215);\n}\n<\/style>\n  <\/div>\n\n\n\n\t\t<\/div>\n\t\t\t\t\t<\/div>\n\n\t\n\n\t<div id=\"col-1572619170\" class=\"col medium-6 small-12 large-6\"  >\n\t\t\t\t<div class=\"col-inner\"  >\n\t\t\t\n\t\t\t\n\n\n  <div class=\"banner has-hover\" id=\"banner-309535079\">\n          <div class=\"banner-inner fill\">\n        <div class=\"banner-bg fill\" >\n                                                \n                    <\/div>\n\t\t\n        <div class=\"banner-layers container\">\n            <a class=\"fill\" href=\"https:\/\/comt.cat\/verificacio-collectiva\/\"><div class=\"fill banner-link\"><\/div><\/a>            \n\n   <div id=\"text-box-1638712143\" class=\"text-box banner-layer x50 md-x50 lg-x50 y85 md-y85 lg-y85 res-text\">\n       <div class=\"hover-bounce\">              <div data-animate=\"none\">           <div class=\"text-box-content text dark\">\n              \n              <div class=\"text-inner text-center\">\n                  \n\n\t<div id=\"text-2027359586\" class=\"text\">\n\t\t\n\n<h5><span style=\"color: #000000;\"><strong><br \/>CONSULTA COLECTIVA<br \/><\/strong><\/span><\/h5>\n<p>Pod\u00e9is solicitar al COMT que haga la verificaci\u00f3n en bloque de la situaci\u00f3n colegial de todos los m\u00e9dicos de vuestra plantilla.<\/p>\n\t\t\n<style>\n#text-2027359586 {\n  line-height: 1.3;\n  color: rgb(95, 95, 95);\n}\n#text-2027359586 > * {\n  color: rgb(95, 95, 95);\n}\n<\/style>\n\t<\/div>\n\t\n<a href=\"https:\/\/comt.cat\/verificacio-collectiva\/\" class=\"button primary is-underline\" >\n\t\t<span>Realitzar consulta<\/span>\n\t<\/a>\n\n\n\n              <\/div>\n           <\/div>\n       <\/div>              <\/div>       \n<style>\n#text-box-1638712143 {\n  width: 80%;\n}\n#text-box-1638712143 .text-box-content {\n  font-size: 169%;\n}\n<\/style>\n    <\/div>\n \n\t<div class=\"img has-hover x50 md-x50 lg-x50 y15 md-y15 lg-y15\" id=\"image_1508849433\">\n\t\t\t\t\t\t\t\t<div class=\"img-inner dark\" >\n\t\t\t<img loading=\"lazy\" decoding=\"async\" width=\"1\" height=\"1\" src=\"https:\/\/comt.cat\/wp-content\/uploads\/2021\/08\/streamline-icon-team-meeting@200x200.svg\" class=\"attachment-large size-large\" alt=\"\" \/>\t\t\t\t\t\t\n\t\t\t\t\t<\/div>\n\t\t\t\t\t\t\t\t\n<style>\n#image_1508849433 {\n  width: 14%;\n}\n<\/style>\n\t<\/div>\n\t\n\n\n        <\/div>\n      <\/div>\n\n            \n<style>\n#banner-309535079 {\n  padding-top: 400px;\n  background-color: rgba(115, 198, 246, 0.215);\n}\n<\/style>\n  <\/div>\n\n\n\n\t\t<\/div>\n\t\t\t\t\t<\/div>\n\n\t\n\n<\/div>\n\n\t\t<\/div>\n\n\t\t\n<style>\n#section_1034739067 {\n  padding-top: 86px;\n  padding-bottom: 86px;\n}\n<\/style>\n\t<\/section>\n\t\n\n","protected":false},"excerpt":{"rendered":"","protected":false},"author":1,"featured_media":0,"parent":0,"menu_order":0,"comment_status":"closed","ping_status":"closed","template":"page-blank.php","meta":{"footnotes":""},"class_list":["post-27737","page","type-page","status-publish","hentry"],"yoast_head":"<!-- This site is optimized with the Yoast SEO plugin v27.3 - https:\/\/yoast.com\/product\/yoast-seo-wordpress\/ -->\n<title>Verificaci\u00f3n colegiaci\u00f3n - COMT<\/title>\n<meta name=\"robots\" content=\"index, follow, max-snippet:-1, max-image-preview:large, max-video-preview:-1\" \/>\n<link rel=\"canonical\" href=\"https:\/\/comt.cat\/verificacio-collegiacio\/\" \/>\n<meta property=\"og:locale\" content=\"es_ES\" \/>\n<meta property=\"og:type\" content=\"article\" \/>\n<meta property=\"og:title\" content=\"Verificaci\u00f3n colegiaci\u00f3n - COMT\" \/>\n<meta property=\"og:url\" content=\"https:\/\/comt.cat\/verificacio-collegiacio\/\" \/>\n<meta property=\"og:site_name\" content=\"COMT\" \/>\n<meta property=\"article:modified_time\" content=\"2024-01-11T11:22:14+00:00\" \/>\n<meta name=\"twitter:card\" content=\"summary_large_image\" \/>\n<meta name=\"twitter:label1\" content=\"Tiempo de lectura\" \/>\n\t<meta name=\"twitter:data1\" content=\"2 minutos\" \/>\n<script type=\"application\/ld+json\" class=\"yoast-schema-graph\">{\"@context\":\"https:\\\/\\\/schema.org\",\"@graph\":[{\"@type\":\"WebPage\",\"@id\":\"https:\\\/\\\/comt.cat\\\/verificacio-collegiacio\\\/\",\"url\":\"https:\\\/\\\/comt.cat\\\/verificacio-collegiacio\\\/\",\"name\":\"Verificaci\u00f3n colegiaci\u00f3n - COMT\",\"isPartOf\":{\"@id\":\"https:\\\/\\\/comt.cat\\\/#website\"},\"datePublished\":\"2023-12-13T09:20:27+00:00\",\"dateModified\":\"2024-01-11T11:22:14+00:00\",\"breadcrumb\":{\"@id\":\"https:\\\/\\\/comt.cat\\\/verificacio-collegiacio\\\/#breadcrumb\"},\"inLanguage\":\"es\",\"potentialAction\":[{\"@type\":\"ReadAction\",\"target\":[\"https:\\\/\\\/comt.cat\\\/verificacio-collegiacio\\\/\"]}]},{\"@type\":\"BreadcrumbList\",\"@id\":\"https:\\\/\\\/comt.cat\\\/verificacio-collegiacio\\\/#breadcrumb\",\"itemListElement\":[{\"@type\":\"ListItem\",\"position\":1,\"name\":\"Home\",\"item\":\"https:\\\/\\\/comt.cat\\\/es\\\/\"},{\"@type\":\"ListItem\",\"position\":2,\"name\":\"Verificaci\u00f3n colegiaci\u00f3n\"}]},{\"@type\":\"WebSite\",\"@id\":\"https:\\\/\\\/comt.cat\\\/#website\",\"url\":\"https:\\\/\\\/comt.cat\\\/\",\"name\":\"COMT\",\"description\":\"Col\u00b7legi de Metges de Tarragona\",\"potentialAction\":[{\"@type\":\"SearchAction\",\"target\":{\"@type\":\"EntryPoint\",\"urlTemplate\":\"https:\\\/\\\/comt.cat\\\/?s={search_term_string}\"},\"query-input\":{\"@type\":\"PropertyValueSpecification\",\"valueRequired\":true,\"valueName\":\"search_term_string\"}}],\"inLanguage\":\"es\"}]}<\/script>\n<!-- \/ Yoast SEO plugin. -->","yoast_head_json":{"title":"Verificaci\u00f3n colegiaci\u00f3n - COMT","robots":{"index":"index","follow":"follow","max-snippet":"max-snippet:-1","max-image-preview":"max-image-preview:large","max-video-preview":"max-video-preview:-1"},"canonical":"https:\/\/comt.cat\/verificacio-collegiacio\/","og_locale":"es_ES","og_type":"article","og_title":"Verificaci\u00f3n colegiaci\u00f3n - COMT","og_url":"https:\/\/comt.cat\/verificacio-collegiacio\/","og_site_name":"COMT","article_modified_time":"2024-01-11T11:22:14+00:00","twitter_card":"summary_large_image","twitter_misc":{"Tiempo de lectura":"2 minutos"},"schema":{"@context":"https:\/\/schema.org","@graph":[{"@type":"WebPage","@id":"https:\/\/comt.cat\/verificacio-collegiacio\/","url":"https:\/\/comt.cat\/verificacio-collegiacio\/","name":"Verificaci\u00f3n colegiaci\u00f3n - COMT","isPartOf":{"@id":"https:\/\/comt.cat\/#website"},"datePublished":"2023-12-13T09:20:27+00:00","dateModified":"2024-01-11T11:22:14+00:00","breadcrumb":{"@id":"https:\/\/comt.cat\/verificacio-collegiacio\/#breadcrumb"},"inLanguage":"es","potentialAction":[{"@type":"ReadAction","target":["https:\/\/comt.cat\/verificacio-collegiacio\/"]}]},{"@type":"BreadcrumbList","@id":"https:\/\/comt.cat\/verificacio-collegiacio\/#breadcrumb","itemListElement":[{"@type":"ListItem","position":1,"name":"Home","item":"https:\/\/comt.cat\/es\/"},{"@type":"ListItem","position":2,"name":"Verificaci\u00f3n colegiaci\u00f3n"}]},{"@type":"WebSite","@id":"https:\/\/comt.cat\/#website","url":"https:\/\/comt.cat\/","name":"COMT","description":"Col\u00b7legi de Metges de Tarragona","potentialAction":[{"@type":"SearchAction","target":{"@type":"EntryPoint","urlTemplate":"https:\/\/comt.cat\/?s={search_term_string}"},"query-input":{"@type":"PropertyValueSpecification","valueRequired":true,"valueName":"search_term_string"}}],"inLanguage":"es"}]}},"_links":{"self":[{"href":"https:\/\/comt.cat\/es\/wp-json\/wp\/v2\/pages\/27737","targetHints":{"allow":["GET"]}}],"collection":[{"href":"https:\/\/comt.cat\/es\/wp-json\/wp\/v2\/pages"}],"about":[{"href":"https:\/\/comt.cat\/es\/wp-json\/wp\/v2\/types\/page"}],"author":[{"embeddable":true,"href":"https:\/\/comt.cat\/es\/wp-json\/wp\/v2\/users\/1"}],"replies":[{"embeddable":true,"href":"https:\/\/comt.cat\/es\/wp-json\/wp\/v2\/comments?post=27737"}],"version-history":[{"count":6,"href":"https:\/\/comt.cat\/es\/wp-json\/wp\/v2\/pages\/27737\/revisions"}],"predecessor-version":[{"id":28251,"href":"https:\/\/comt.cat\/es\/wp-json\/wp\/v2\/pages\/27737\/revisions\/28251"}],"wp:attachment":[{"href":"https:\/\/comt.cat\/es\/wp-json\/wp\/v2\/media?parent=27737"}],"curies":[{"name":"wp","href":"https:\/\/api.w.org\/{rel}","templated":true}]}}