{"id":27753,"date":"2023-12-13T10:21:53","date_gmt":"2023-12-13T09:21:53","guid":{"rendered":"https:\/\/comt.cat\/?page_id=27753"},"modified":"2023-12-13T11:49:46","modified_gmt":"2023-12-13T10:49:46","slug":"verificacion-individual","status":"publish","type":"page","link":"https:\/\/comt.cat\/es\/verificacion-individual\/","title":{"rendered":"Verificaci\u00f3n individual"},"content":{"rendered":"\n\n\t<section class=\"section\" id=\"section_1168049518\">\n\t\t<div class=\"section-bg fill\" >\n\t\t\t\t\t\t\t\t\t\n\t\t\t\n\n\t\t<\/div>\n\n\t\t\n\n\t\t<div class=\"section-content relative\">\n\t\t\t\n\n<div class=\"row align-middle align-center\"  id=\"row-1873700893\">\n\n\n\t<div id=\"col-1372180079\" class=\"col medium-8 small-12 large-5\"  >\n\t\t\t\t<div class=\"col-inner text-center\"  >\n\t\t\t\n\t\t\t\n\n\t<div id=\"gap-1459353035\" class=\"gap-element clearfix\" style=\"display:block; height:auto;\">\n\t\t\n<style>\n#gap-1459353035 {\n  padding-top: 9px;\n}\n<\/style>\n\t<\/div>\n\t\n\n\t<div id=\"text-1866407721\" class=\"text\">\n\t\t\n\n<h1 style=\"text-align: center;\">Verificaci\u00f3n individual<\/h1>\n\t\t\n<style>\n#text-1866407721 {\n  font-size: 1.5rem;\n  text-align: right;\n}\n<\/style>\n\t<\/div>\n\t\n\n\t\t<\/div>\n\t\t\t\t\n<style>\n#col-1372180079 > .col-inner {\n  margin: 0px 0px -50px 0px;\n}\n<\/style>\n\t<\/div>\n\n\t\n\n\n<style>\n#row-1873700893 > .col > .col-inner {\n  padding: 0px 0px 0px 0px;\n}\n<\/style>\n<\/div>\n\n\t\t<\/div>\n\n\t\t\n<style>\n#section_1168049518 {\n  padding-top: 60px;\n  padding-bottom: 60px;\n  min-height: 150px;\n  background-color: rgb(251, 248, 243);\n}\n@media (min-width:550px) {\n  #section_1168049518 {\n    padding-top: 80px;\n    padding-bottom: 80px;\n  }\n}\n@media (min-width:850px) {\n  #section_1168049518 {\n    padding-top: 31px;\n    padding-bottom: 31px;\n  }\n}\n<\/style>\n\t<\/section>\n\t\n\n\t<section class=\"section\" id=\"section_1192948893\">\n\t\t<div class=\"section-bg fill\" >\n\t\t\t\t\t\t\t\t\t\n\t\t\t\n\n\t\t<\/div>\n\n\t\t\n\n\t\t<div class=\"section-content relative\">\n\t\t\t\n\n<div class=\"row align-center\"  id=\"row-1064624337\">\n\n\n\t<div id=\"col-1807013652\" class=\"col medium-9 small-12 large-9\"  >\n\t\t\t\t<div class=\"col-inner text-left\" style=\"background-color:rgb(246, 246, 246);\" >\n\t\t\t\n\t\t\t\n\n<h1 style=\"text-align: center;\"><span style=\"background-color: #00aae7; color: #ffffff;\">\u00a0Verificaci\u00f3n colegiaci\u00f3n para centros sanitarios \/ organizaciones\u00a0<\/span><\/h1>\n<h4 style=\"text-align: center;\">Consulta Individual<\/h4>\n<p style=\"text-align: center;\">\u00a0<\/p>\n<p>Pod\u00e9is realizar la consulta en l\u00ednea accediendo al registro electr\u00f3nico de m\u00e9dicos y sociedades profesionales. La consulta individual permite hacer la b\u00fasqueda uno a uno.<\/p>\n<div class=\"text-center\"><div class=\"is-divider divider clearfix\" style=\"margin-top:2em;margin-bottom:2em;max-width:1200px;height:1px;background-color:#45dace;\"><\/div><\/div>\n\n\n\t\t<div class=\"icon-box featured-box icon-box-left text-left\"  >\n\t\t\t\t\t<div class=\"icon-box-img\" style=\"width: 40px\">\n\t\t\t\t<div class=\"icon\">\n\t\t\t\t\t<div class=\"icon-inner\" >\n\t\t\t\t\t\t<img loading=\"lazy\" decoding=\"async\" width=\"48\" height=\"48\" src=\"https:\/\/comt.cat\/wp-content\/uploads\/2023\/12\/number-one.png\" class=\"attachment-medium size-medium\" alt=\"\" \/>\t\t\t\t\t<\/div>\n\t\t\t\t<\/div>\n\t\t\t<\/div>\n\t\t\t\t<div class=\"icon-box-text last-reset\">\n\t\t\t\t\t\t\t\t\t\n\n<p>Consultar el <a href=\"https:\/\/comt.cat\/es\/registre-metges\/\">Registro electr\u00f3nico de m\u00e9dicos colegiados <\/a>o de\u00a0<a href=\"https:\/\/comt.cat\/es\/registre-societats-professionals\/\">sociedades profesionales <\/a>del colegio correspondiente a la provincia\u00a0 de Tarragona.<\/p>\n\n\t\t<\/div>\n\t<\/div>\n\t\n\t\n<div class=\"text-center\"><div class=\"is-divider divider clearfix\" style=\"margin-top:2em;margin-bottom:2em;max-width:1200px;height:1px;background-color:#45dace;\"><\/div><\/div>\n\n\n\t\t<div class=\"icon-box featured-box icon-box-left text-left\"  >\n\t\t\t\t\t<div class=\"icon-box-img\" style=\"width: 40px\">\n\t\t\t\t<div class=\"icon\">\n\t\t\t\t\t<div class=\"icon-inner\" >\n\t\t\t\t\t\t<img loading=\"lazy\" decoding=\"async\" width=\"48\" height=\"48\" src=\"https:\/\/comt.cat\/wp-content\/uploads\/2023\/12\/number-two.png\" class=\"attachment-medium size-medium\" alt=\"\" \/>\t\t\t\t\t<\/div>\n\t\t\t\t<\/div>\n\t\t\t<\/div>\n\t\t\t\t<div class=\"icon-box-text last-reset\">\n\t\t\t\t\t\t\t\t\t\n\n<p>En caso de que el profesional no se haya localizado en el registro de m\u00e9dicos del *COMT, hay que identificar si est\u00e1 inscrito en alg\u00fan otra colegio. Por eso se puede hacer la consulta al buscador electr\u00f3nico de m\u00e9dicos colegiados del <a href=\"https:\/\/www.ccmc.cat\/ca\/home\" target=\"_blank\" rel=\"noopener\">Consell de Col\u00b7legis de Metges de Catalunya<\/a>, o del <a href=\"https:\/\/www.cgcom.es\/\" target=\"_blank\" rel=\"noopener\">Consejo General de Colegios Oficiales de M\u00e9dicos<\/a>.<\/p>\n\n\t\t<\/div>\n\t<\/div>\n\t\n\t\n<div class=\"text-center\"><div class=\"is-divider divider clearfix\" style=\"margin-top:2em;margin-bottom:2em;max-width:1200px;height:1px;background-color:#45dace;\"><\/div><\/div>\n\n\n\t\t<div class=\"icon-box featured-box icon-box-left text-left\"  >\n\t\t\t\t\t<div class=\"icon-box-img\" style=\"width: 40px\">\n\t\t\t\t<div class=\"icon\">\n\t\t\t\t\t<div class=\"icon-inner\" >\n\t\t\t\t\t\t<img loading=\"lazy\" decoding=\"async\" width=\"48\" height=\"48\" src=\"https:\/\/comt.cat\/wp-content\/uploads\/2023\/12\/number-three.png\" class=\"attachment-medium size-medium\" alt=\"\" \/>\t\t\t\t\t<\/div>\n\t\t\t\t<\/div>\n\t\t\t<\/div>\n\t\t\t\t<div class=\"icon-box-text last-reset\">\n\t\t\t\t\t\t\t\t\t\n\n<p>Una vez identificado el colegio al cual el m\u00e9dico est\u00e1 inscrito, recomendamos contactar para verificar los datos directamente.<\/p>\n\n\t\t<\/div>\n\t<\/div>\n\t\n\t\n<div class=\"text-center\"><div class=\"is-divider divider clearfix\" style=\"margin-top:2em;margin-bottom:2em;max-width:1200px;height:1px;background-color:#45dace;\"><\/div><\/div>\n\n\n\t\t<div class=\"icon-box featured-box icon-box-left text-left\"  >\n\t\t\t\t\t<div class=\"icon-box-img\" style=\"width: 40px\">\n\t\t\t\t<div class=\"icon\">\n\t\t\t\t\t<div class=\"icon-inner\" >\n\t\t\t\t\t\t<img loading=\"lazy\" decoding=\"async\" width=\"48\" height=\"48\" src=\"https:\/\/comt.cat\/wp-content\/uploads\/2023\/12\/number-four.png\" class=\"attachment-medium size-medium\" alt=\"\" \/>\t\t\t\t\t<\/div>\n\t\t\t\t<\/div>\n\t\t\t<\/div>\n\t\t\t\t<div class=\"icon-box-text last-reset\">\n\t\t\t\t\t\t\t\t\t\n\n<p>Los profesionales o sociedades que no se hayan podido verificar en las anteriores consultas, tendr\u00e1n que presentar un certificado de colegiaci\u00f3n firmado digitalmente por el colegio de colegiaci\u00f3n actual,\u00a0 o un original en papel en su caso. El centro verificar\u00e1 la autenticidad ante el colegio que haya emitido el certificado, y lo informar\u00e1 de la investigaci\u00f3n negativa previa en los registros electr\u00f3nicos.<\/p>\n\n\t\t<\/div>\n\t<\/div>\n\t\n\t\n<div class=\"text-center\"><div class=\"is-divider divider clearfix\" style=\"margin-top:2em;margin-bottom:2em;max-width:1200px;height:1px;background-color:#45dace;\"><\/div><\/div>\n\n<a href=\"https:\/\/comt.cat\/es\/registre-metges\/\" target=\"_blank\" class=\"button secondary\" rel=\"noopener\" style=\"border-radius:99px;\">\n\t\t<span>Acceso al registro de m\u00e9dicos<\/span>\n\t<\/a>\n\n\n<a href=\"https:\/\/comt.cat\/es\/registre-societats-professionals\/\" target=\"_blank\" class=\"button success\" rel=\"noopener\" style=\"border-radius:99px;\">\n\t\t<span>Acceso al registro de sociedades profesionales<\/span>\n\t<\/a>\n\n\n\n\t\t<\/div>\n\t\t\t\t\n<style>\n#col-1807013652 > .col-inner {\n  padding: 30px 30px 30px 30px;\n}\n<\/style>\n\t<\/div>\n\n\t\n\n<\/div>\n\t<div id=\"gap-1742980333\" class=\"gap-element clearfix\" style=\"display:block; height:auto;\">\n\t\t\n<style>\n#gap-1742980333 {\n  padding-top: 30px;\n}\n<\/style>\n\t<\/div>\n\t\n\n<div class=\"row align-center\"  id=\"row-1823066160\">\n\n\n\t<div id=\"col-928407961\" class=\"col medium-6 small-12 large-6\"  >\n\t\t\t\t<div class=\"col-inner\"  >\n\t\t\t\n\t\t\t\n\n<h1 style=\"text-align: center;\"><span data-text-color=\"secondary\">\u00bfC\u00f3mo se puede hacer la consulta?<\/span><\/h1>\n<p style=\"text-align: center;\">Los centros y organizaciones sanitarias pueden verificar la situaci\u00f3n colegial de sus m\u00e9dicos y de las sociedades profesionales contratadas.<\/p>\n\n\t\t<\/div>\n\t\t\t\t\t<\/div>\n\n\t\n\n<\/div>\n<div class=\"row align-center\"  id=\"row-950537886\">\n\n\n\t<div id=\"col-1264961569\" class=\"col medium-6 small-12 large-6\"  >\n\t\t\t\t<div class=\"col-inner\"  >\n\t\t\t\n\t\t\t\n\n\n  <div class=\"banner has-hover\" id=\"banner-2064525593\">\n          <div class=\"banner-inner fill\">\n        <div class=\"banner-bg fill\" >\n                                                \n                    <\/div>\n\t\t\n        <div class=\"banner-layers container\">\n            <a class=\"fill\" href=\"https:\/\/comt.cat\/verificacio-individual\/\"><div class=\"fill banner-link\"><\/div><\/a>            \n\n   <div id=\"text-box-1887977784\" class=\"text-box banner-layer x50 md-x50 lg-x50 y85 md-y85 lg-y85 res-text\">\n       <div class=\"hover-bounce\">              <div data-animate=\"none\">           <div class=\"text-box-content text dark\">\n              \n              <div class=\"text-inner text-center\">\n                  \n\n\t<div id=\"text-1796875538\" class=\"text\">\n\t\t\n\n<h5><span style=\"color: #000000;\"><strong>CONSULTA INDIVIDUAL<\/strong><\/span><\/h5>\n<p>Pod\u00e9is realizar la consulta en l\u00ednea accediendo al registro electr\u00f3nico de m\u00e9dicos y sociedades profesionales. La consulta individual permite hacer la b\u00fasqueda uno a uno.<\/p>\n\t\t\n<style>\n#text-1796875538 {\n  line-height: 1.3;\n  color: rgb(95, 95, 95);\n}\n#text-1796875538 > * {\n  color: rgb(95, 95, 95);\n}\n<\/style>\n\t<\/div>\n\t\n\n              <\/div>\n           <\/div>\n       <\/div>              <\/div>       \n<style>\n#text-box-1887977784 {\n  width: 80%;\n}\n#text-box-1887977784 .text-box-content {\n  font-size: 169%;\n}\n<\/style>\n    <\/div>\n \n\t<div class=\"img has-hover x50 md-x50 lg-x50 y15 md-y15 lg-y15\" id=\"image_384634542\">\n\t\t\t\t\t\t\t\t<div class=\"img-inner dark\" >\n\t\t\t<img loading=\"lazy\" decoding=\"async\" width=\"1\" height=\"1\" src=\"https:\/\/comt.cat\/wp-content\/uploads\/2021\/08\/streamline-icon-professions-man-nurse-1@200x200.svg\" class=\"attachment-large size-large\" alt=\"\" \/>\t\t\t\t\t\t\n\t\t\t\t\t<\/div>\n\t\t\t\t\t\t\t\t\n<style>\n#image_384634542 {\n  width: 14%;\n}\n<\/style>\n\t<\/div>\n\t\n\n\n        <\/div>\n      <\/div>\n\n            \n<style>\n#banner-2064525593 {\n  padding-top: 300px;\n  background-color: rgba(115, 198, 246, 0.215);\n}\n<\/style>\n  <\/div>\n\n\n\n\t\t<\/div>\n\t\t\t\t\t<\/div>\n\n\t\n\n\t<div id=\"col-1377175165\" class=\"col medium-6 small-12 large-6\"  >\n\t\t\t\t<div class=\"col-inner\"  >\n\t\t\t\n\t\t\t\n\n\n  <div class=\"banner has-hover\" id=\"banner-206040158\">\n          <div class=\"banner-inner fill\">\n        <div class=\"banner-bg fill\" >\n                                                \n                    <\/div>\n\t\t\n        <div class=\"banner-layers container\">\n            <a class=\"fill\" href=\"https:\/\/comt.cat\/verificacio-collectiva\/\"><div class=\"fill banner-link\"><\/div><\/a>            \n\n   <div id=\"text-box-174048936\" class=\"text-box banner-layer x50 md-x50 lg-x50 y85 md-y85 lg-y85 res-text\">\n       <div class=\"hover-bounce\">              <div data-animate=\"none\">           <div class=\"text-box-content text dark\">\n              \n              <div class=\"text-inner text-center\">\n                  \n\n\t<div id=\"text-1194138221\" class=\"text\">\n\t\t\n\n<h5><span style=\"color: #000000;\"><strong><br \/>CONSULTA COLECTIVA<br \/><\/strong><\/span><\/h5>\n<p>Pod\u00e9is solicitar al COMT que haga la verificaci\u00f3n en bloque de la situaci\u00f3n colegial de todos los m\u00e9dicos de vuestra plantilla.<\/p>\n\t\t\n<style>\n#text-1194138221 {\n  line-height: 1.3;\n  color: rgb(95, 95, 95);\n}\n#text-1194138221 > * {\n  color: rgb(95, 95, 95);\n}\n<\/style>\n\t<\/div>\n\t\n\n              <\/div>\n           <\/div>\n       <\/div>              <\/div>       \n<style>\n#text-box-174048936 {\n  width: 80%;\n}\n#text-box-174048936 .text-box-content {\n  font-size: 169%;\n}\n<\/style>\n    <\/div>\n \n\t<div class=\"img has-hover x50 md-x50 lg-x50 y15 md-y15 lg-y15\" id=\"image_979545394\">\n\t\t\t\t\t\t\t\t<div class=\"img-inner dark\" >\n\t\t\t<img loading=\"lazy\" decoding=\"async\" width=\"1\" height=\"1\" src=\"https:\/\/comt.cat\/wp-content\/uploads\/2021\/08\/streamline-icon-team-meeting@200x200.svg\" class=\"attachment-large size-large\" alt=\"\" \/>\t\t\t\t\t\t\n\t\t\t\t\t<\/div>\n\t\t\t\t\t\t\t\t\n<style>\n#image_979545394 {\n  width: 14%;\n}\n<\/style>\n\t<\/div>\n\t\n\n\n        <\/div>\n      <\/div>\n\n            \n<style>\n#banner-206040158 {\n  padding-top: 300px;\n  background-color: rgba(115, 198, 246, 0.215);\n}\n<\/style>\n  <\/div>\n\n\n\n\t\t<\/div>\n\t\t\t\t\t<\/div>\n\n\t\n\n<\/div>\n\n\t\t<\/div>\n\n\t\t\n<style>\n#section_1192948893 {\n  padding-top: 86px;\n  padding-bottom: 86px;\n}\n<\/style>\n\t<\/section>\n\t\n\n","protected":false},"excerpt":{"rendered":"","protected":false},"author":1,"featured_media":0,"parent":0,"menu_order":0,"comment_status":"closed","ping_status":"closed","template":"page-blank.php","meta":{"footnotes":""},"class_list":["post-27753","page","type-page","status-publish","hentry"],"yoast_head":"<!-- This site is optimized with the Yoast SEO plugin v27.2 - https:\/\/yoast.com\/product\/yoast-seo-wordpress\/ -->\n<title>Verificaci\u00f3n individual - COMT<\/title>\n<meta name=\"robots\" content=\"index, follow, max-snippet:-1, max-image-preview:large, max-video-preview:-1\" \/>\n<link rel=\"canonical\" href=\"https:\/\/comt.cat\/verificacio-individual\/\" \/>\n<meta property=\"og:locale\" content=\"es_ES\" \/>\n<meta property=\"og:type\" content=\"article\" \/>\n<meta property=\"og:title\" content=\"Verificaci\u00f3n individual - COMT\" \/>\n<meta property=\"og:url\" content=\"https:\/\/comt.cat\/verificacio-individual\/\" \/>\n<meta property=\"og:site_name\" content=\"COMT\" \/>\n<meta property=\"article:modified_time\" content=\"2023-12-13T10:49:46+00:00\" \/>\n<meta name=\"twitter:card\" content=\"summary_large_image\" \/>\n<meta name=\"twitter:label1\" content=\"Tiempo de lectura\" \/>\n\t<meta name=\"twitter:data1\" content=\"2 minutos\" \/>\n<script type=\"application\/ld+json\" class=\"yoast-schema-graph\">{\"@context\":\"https:\/\/schema.org\",\"@graph\":[{\"@type\":\"WebPage\",\"@id\":\"https:\/\/comt.cat\/verificacio-individual\/\",\"url\":\"https:\/\/comt.cat\/verificacio-individual\/\",\"name\":\"Verificaci\u00f3n individual - COMT\",\"isPartOf\":{\"@id\":\"https:\/\/comt.cat\/#website\"},\"datePublished\":\"2023-12-13T09:21:53+00:00\",\"dateModified\":\"2023-12-13T10:49:46+00:00\",\"breadcrumb\":{\"@id\":\"https:\/\/comt.cat\/verificacio-individual\/#breadcrumb\"},\"inLanguage\":\"es\",\"potentialAction\":[{\"@type\":\"ReadAction\",\"target\":[\"https:\/\/comt.cat\/verificacio-individual\/\"]}]},{\"@type\":\"BreadcrumbList\",\"@id\":\"https:\/\/comt.cat\/verificacio-individual\/#breadcrumb\",\"itemListElement\":[{\"@type\":\"ListItem\",\"position\":1,\"name\":\"Home\",\"item\":\"https:\/\/comt.cat\/es\/\"},{\"@type\":\"ListItem\",\"position\":2,\"name\":\"Verificaci\u00f3n individual\"}]},{\"@type\":\"WebSite\",\"@id\":\"https:\/\/comt.cat\/#website\",\"url\":\"https:\/\/comt.cat\/\",\"name\":\"COMT\",\"description\":\"Col\u00b7legi de Metges de Tarragona\",\"potentialAction\":[{\"@type\":\"SearchAction\",\"target\":{\"@type\":\"EntryPoint\",\"urlTemplate\":\"https:\/\/comt.cat\/?s={search_term_string}\"},\"query-input\":{\"@type\":\"PropertyValueSpecification\",\"valueRequired\":true,\"valueName\":\"search_term_string\"}}],\"inLanguage\":\"es\"}]}<\/script>\n<!-- \/ Yoast SEO plugin. -->","yoast_head_json":{"title":"Verificaci\u00f3n individual - COMT","robots":{"index":"index","follow":"follow","max-snippet":"max-snippet:-1","max-image-preview":"max-image-preview:large","max-video-preview":"max-video-preview:-1"},"canonical":"https:\/\/comt.cat\/verificacio-individual\/","og_locale":"es_ES","og_type":"article","og_title":"Verificaci\u00f3n individual - COMT","og_url":"https:\/\/comt.cat\/verificacio-individual\/","og_site_name":"COMT","article_modified_time":"2023-12-13T10:49:46+00:00","twitter_card":"summary_large_image","twitter_misc":{"Tiempo de lectura":"2 minutos"},"schema":{"@context":"https:\/\/schema.org","@graph":[{"@type":"WebPage","@id":"https:\/\/comt.cat\/verificacio-individual\/","url":"https:\/\/comt.cat\/verificacio-individual\/","name":"Verificaci\u00f3n individual - COMT","isPartOf":{"@id":"https:\/\/comt.cat\/#website"},"datePublished":"2023-12-13T09:21:53+00:00","dateModified":"2023-12-13T10:49:46+00:00","breadcrumb":{"@id":"https:\/\/comt.cat\/verificacio-individual\/#breadcrumb"},"inLanguage":"es","potentialAction":[{"@type":"ReadAction","target":["https:\/\/comt.cat\/verificacio-individual\/"]}]},{"@type":"BreadcrumbList","@id":"https:\/\/comt.cat\/verificacio-individual\/#breadcrumb","itemListElement":[{"@type":"ListItem","position":1,"name":"Home","item":"https:\/\/comt.cat\/es\/"},{"@type":"ListItem","position":2,"name":"Verificaci\u00f3n individual"}]},{"@type":"WebSite","@id":"https:\/\/comt.cat\/#website","url":"https:\/\/comt.cat\/","name":"COMT","description":"Col\u00b7legi de Metges de Tarragona","potentialAction":[{"@type":"SearchAction","target":{"@type":"EntryPoint","urlTemplate":"https:\/\/comt.cat\/?s={search_term_string}"},"query-input":{"@type":"PropertyValueSpecification","valueRequired":true,"valueName":"search_term_string"}}],"inLanguage":"es"}]}},"_links":{"self":[{"href":"https:\/\/comt.cat\/es\/wp-json\/wp\/v2\/pages\/27753","targetHints":{"allow":["GET"]}}],"collection":[{"href":"https:\/\/comt.cat\/es\/wp-json\/wp\/v2\/pages"}],"about":[{"href":"https:\/\/comt.cat\/es\/wp-json\/wp\/v2\/types\/page"}],"author":[{"embeddable":true,"href":"https:\/\/comt.cat\/es\/wp-json\/wp\/v2\/users\/1"}],"replies":[{"embeddable":true,"href":"https:\/\/comt.cat\/es\/wp-json\/wp\/v2\/comments?post=27753"}],"version-history":[{"count":4,"href":"https:\/\/comt.cat\/es\/wp-json\/wp\/v2\/pages\/27753\/revisions"}],"predecessor-version":[{"id":27811,"href":"https:\/\/comt.cat\/es\/wp-json\/wp\/v2\/pages\/27753\/revisions\/27811"}],"wp:attachment":[{"href":"https:\/\/comt.cat\/es\/wp-json\/wp\/v2\/media?parent=27753"}],"curies":[{"name":"wp","href":"https:\/\/api.w.org\/{rel}","templated":true}]}}