{"id":27769,"date":"2023-12-13T10:22:27","date_gmt":"2023-12-13T09:22:27","guid":{"rendered":"https:\/\/comt.cat\/?page_id=27769"},"modified":"2023-12-13T12:00:53","modified_gmt":"2023-12-13T11:00:53","slug":"verificacion-colectiva","status":"publish","type":"page","link":"https:\/\/comt.cat\/es\/verificacion-colectiva\/","title":{"rendered":"Verificaci\u00f3n colectiva"},"content":{"rendered":"\n\n\t<section class=\"section\" id=\"section_927573883\">\n\t\t<div class=\"section-bg fill\" >\n\t\t\t\t\t\t\t\t\t\n\t\t\t\n\n\t\t<\/div>\n\n\t\t\n\n\t\t<div class=\"section-content relative\">\n\t\t\t\n\n<div class=\"row align-middle align-center\"  id=\"row-693074766\">\n\n\n\t<div id=\"col-622192591\" class=\"col medium-8 small-12 large-5\"  >\n\t\t\t\t<div class=\"col-inner text-center\"  >\n\t\t\t\n\t\t\t\n\n\t<div id=\"gap-686701293\" class=\"gap-element clearfix\" style=\"display:block; height:auto;\">\n\t\t\n<style>\n#gap-686701293 {\n  padding-top: 9px;\n}\n<\/style>\n\t<\/div>\n\t\n\n\t<div id=\"text-2837775831\" class=\"text\">\n\t\t\n\n<h1 style=\"text-align: center;\">Verificaci\u00f3 colectiva<\/h1>\n\t\t\n<style>\n#text-2837775831 {\n  font-size: 1.5rem;\n  text-align: right;\n}\n<\/style>\n\t<\/div>\n\t\n\n\t\t<\/div>\n\t\t\t\t\n<style>\n#col-622192591 > .col-inner {\n  margin: 0px 0px -50px 0px;\n}\n<\/style>\n\t<\/div>\n\n\t\n\n\n<style>\n#row-693074766 > .col > .col-inner {\n  padding: 0px 0px 0px 0px;\n}\n<\/style>\n<\/div>\n\n\t\t<\/div>\n\n\t\t\n<style>\n#section_927573883 {\n  padding-top: 60px;\n  padding-bottom: 60px;\n  min-height: 150px;\n  background-color: rgb(251, 248, 243);\n}\n@media (min-width:550px) {\n  #section_927573883 {\n    padding-top: 80px;\n    padding-bottom: 80px;\n  }\n}\n@media (min-width:850px) {\n  #section_927573883 {\n    padding-top: 31px;\n    padding-bottom: 31px;\n  }\n}\n<\/style>\n\t<\/section>\n\t\n\n\t<section class=\"section\" id=\"section_1987228037\">\n\t\t<div class=\"section-bg fill\" >\n\t\t\t\t\t\t\t\t\t\n\t\t\t\n\n\t\t<\/div>\n\n\t\t\n\n\t\t<div class=\"section-content relative\">\n\t\t\t\n\n<div class=\"row align-center\"  id=\"row-542012436\">\n\n\n\t<div id=\"col-1436683526\" class=\"col medium-9 small-12 large-9\"  >\n\t\t\t\t<div class=\"col-inner text-left\" style=\"background-color:rgb(246, 246, 246);\" >\n\t\t\t\n\t\t\t\n\n<h1 style=\"text-align: center;\"><span style=\"background-color: #00aae7; color: #ffffff;\">\u00a0Verificaci\u00f3n colegiaci\u00f3n para centros sanitarios \/ organizaciones<br \/><\/span><\/h1>\n<h4 style=\"text-align: center;\">Consulta Colectiva<\/h4>\n<p>Los centros y organizaciones sanitarias pod\u00e9is solicitar al Colegio de M\u00e9dicos de Tarragona que haga la verificaci\u00f3n en bloque de la situaci\u00f3n colegial de los m\u00e9dicos que forman parte de vuestra plantilla. En este caso, los pasos a seguir son las siguientes:<\/p>\n<div class=\"text-center\"><div class=\"is-divider divider clearfix\" style=\"margin-top:2em;margin-bottom:2em;max-width:1200px;height:1px;background-color:#45dace;\"><\/div><\/div>\n\n\n\t\t<div class=\"icon-box featured-box icon-box-left text-left\"  >\n\t\t\t\t\t<div class=\"icon-box-img\" style=\"width: 40px\">\n\t\t\t\t<div class=\"icon\">\n\t\t\t\t\t<div class=\"icon-inner\" >\n\t\t\t\t\t\t<img loading=\"lazy\" decoding=\"async\" width=\"48\" height=\"48\" src=\"https:\/\/comt.cat\/wp-content\/uploads\/2023\/12\/number-one.png\" class=\"attachment-medium size-medium\" alt=\"\" \/>\t\t\t\t\t<\/div>\n\t\t\t\t<\/div>\n\t\t\t<\/div>\n\t\t\t\t<div class=\"icon-box-text last-reset\">\n\t\t\t\t\t\t\t\t\t\n\n<div class=\"feature-box-5 position-relative\">\n<div class=\"feature-content\">\n<p>Enviar\u00a0<strong>un correo electr\u00f3nico <\/strong>a la direcci\u00f3n comt@comt.cat para solicitar la verificaci\u00f3n de la colegiaci\u00f3n. En este correo electr\u00f3nico habr\u00e1 que identificar cu\u00e1l es el centro sanitario u organizaci\u00f3n sanitaria que hace la petici\u00f3n y los datos personales y cargo de la persona que lo solicita.<\/p>\n<\/div>\n<\/div>\n\n\t\t<\/div>\n\t<\/div>\n\t\n\t\n<div class=\"text-center\"><div class=\"is-divider divider clearfix\" style=\"margin-top:2em;margin-bottom:2em;max-width:1200px;height:1px;background-color:#45dace;\"><\/div><\/div>\n\n\n\t\t<div class=\"icon-box featured-box icon-box-left text-left\"  >\n\t\t\t\t\t<div class=\"icon-box-img\" style=\"width: 40px\">\n\t\t\t\t<div class=\"icon\">\n\t\t\t\t\t<div class=\"icon-inner\" >\n\t\t\t\t\t\t<img loading=\"lazy\" decoding=\"async\" width=\"48\" height=\"48\" src=\"https:\/\/comt.cat\/wp-content\/uploads\/2023\/12\/number-two.png\" class=\"attachment-medium size-medium\" alt=\"\" \/>\t\t\t\t\t<\/div>\n\t\t\t\t<\/div>\n\t\t\t<\/div>\n\t\t\t\t<div class=\"icon-box-text last-reset\">\n\t\t\t\t\t\t\t\t\t\n\n<div class=\"feature-box-5 position-relative\">\n<div class=\"feature-content\">\n<p>En la petici\u00f3n hay que incluir un listado\u00a0en <strong>formato Excel<\/strong>\u00a0con los datos de los m\u00e9dicos a revisar con los siguientes campos: nombre y apellidos, NIF\/NIE y n\u00famero de colegiado. Si se trata de una sociedad profesional, habr\u00e1 que incluir: denominaci\u00f3n social, NIF y n\u00famero de colegiado de la sociedad.<\/p>\n<\/div>\n<\/div>\n\n\t\t<\/div>\n\t<\/div>\n\t\n\t\n<div class=\"text-center\"><div class=\"is-divider divider clearfix\" style=\"margin-top:2em;margin-bottom:2em;max-width:1200px;height:1px;background-color:#45dace;\"><\/div><\/div>\n\n\n\t\t<div class=\"icon-box featured-box icon-box-left text-left\"  >\n\t\t\t\t\t<div class=\"icon-box-img\" style=\"width: 40px\">\n\t\t\t\t<div class=\"icon\">\n\t\t\t\t\t<div class=\"icon-inner\" >\n\t\t\t\t\t\t<img loading=\"lazy\" decoding=\"async\" width=\"48\" height=\"48\" src=\"https:\/\/comt.cat\/wp-content\/uploads\/2023\/12\/number-three.png\" class=\"attachment-medium size-medium\" alt=\"\" \/>\t\t\t\t\t<\/div>\n\t\t\t\t<\/div>\n\t\t\t<\/div>\n\t\t\t\t<div class=\"icon-box-text last-reset\">\n\t\t\t\t\t\t\t\t\t\n\n<p>Los listados tienen que estar actualizados y depurados, tratando que solo consten m\u00e9dicos y sociedades con contrato en vigor. No se tienen que incluir los datos otros profesionales sanitarios del mismo centro que no sean m\u00e9dicos.<\/p>\n\n\t\t<\/div>\n\t<\/div>\n\t\n\t\n<div class=\"text-center\"><div class=\"is-divider divider clearfix\" style=\"margin-top:2em;margin-bottom:2em;max-width:1200px;height:1px;background-color:#45dace;\"><\/div><\/div>\n\n\n\t\t<div class=\"icon-box featured-box icon-box-left text-left\"  >\n\t\t\t\t\t<div class=\"icon-box-img\" style=\"width: 40px\">\n\t\t\t\t<div class=\"icon\">\n\t\t\t\t\t<div class=\"icon-inner\" >\n\t\t\t\t\t\t<img loading=\"lazy\" decoding=\"async\" width=\"48\" height=\"48\" src=\"https:\/\/comt.cat\/wp-content\/uploads\/2023\/12\/number-four.png\" class=\"attachment-medium size-medium\" alt=\"\" \/>\t\t\t\t\t<\/div>\n\t\t\t\t<\/div>\n\t\t\t<\/div>\n\t\t\t\t<div class=\"icon-box-text last-reset\">\n\t\t\t\t\t\t\t\t\t\n\n<div class=\"feature-box-5 position-relative\">\n<div class=\"feature-content\">\n<p>El Colegio responder\u00e1 por correo electr\u00f3nico sobre la colegiaci\u00f3n, la situaci\u00f3n de ejercicio, y el t\u00edtulo o t\u00edtulos de m\u00e9dico especialista que figuren al registro del Colegio de cada uno de los profesionales.<\/p>\n<\/div>\n<\/div>\n\n\t\t<\/div>\n\t<\/div>\n\t\n\t\n<div class=\"text-center\"><div class=\"is-divider divider clearfix\" style=\"margin-top:2em;margin-bottom:2em;max-width:1200px;height:1px;background-color:#45dace;\"><\/div><\/div>\n\n\n\t\t<div class=\"icon-box featured-box icon-box-left text-left\"  >\n\t\t\t\t\t<div class=\"icon-box-img\" style=\"width: 40px\">\n\t\t\t\t<div class=\"icon\">\n\t\t\t\t\t<div class=\"icon-inner\" >\n\t\t\t\t\t\t<img loading=\"lazy\" decoding=\"async\" width=\"48\" height=\"48\" src=\"https:\/\/comt.cat\/wp-content\/uploads\/2023\/12\/number-five.png\" class=\"attachment-medium size-medium\" alt=\"\" \/>\t\t\t\t\t<\/div>\n\t\t\t\t<\/div>\n\t\t\t<\/div>\n\t\t\t\t<div class=\"icon-box-text last-reset\">\n\t\t\t\t\t\t\t\t\t\n\n<div class=\"feature-box-5 position-relative\">\n<div class=\"feature-content\">\n<div class=\"feature-box-5 position-relative\">\n<div class=\"feature-content\">\n<p>Si una vez hecha la verificaci\u00f3n del listado se encuentra que alg\u00fan m\u00e9dico est\u00e1 inscrito en otro colegio profesional, se informar\u00e1 en el centro para que este contacte directamente con el colegio correspondiente.<\/p>\n<\/div>\n<\/div>\n<\/div>\n<\/div>\n\n\t\t<\/div>\n\t<\/div>\n\t\n\t\n<div class=\"text-center\"><div class=\"is-divider divider clearfix\" style=\"margin-top:2em;margin-bottom:2em;max-width:1200px;height:1px;background-color:#45dace;\"><\/div><\/div>\n\n\n\t\t<div class=\"icon-box featured-box icon-box-left text-left\"  >\n\t\t\t\t\t<div class=\"icon-box-img\" style=\"width: 40px\">\n\t\t\t\t<div class=\"icon\">\n\t\t\t\t\t<div class=\"icon-inner\" >\n\t\t\t\t\t\t<img loading=\"lazy\" decoding=\"async\" width=\"48\" height=\"48\" src=\"https:\/\/comt.cat\/wp-content\/uploads\/2023\/12\/number-six.png\" class=\"attachment-medium size-medium\" alt=\"\" \/>\t\t\t\t\t<\/div>\n\t\t\t\t<\/div>\n\t\t\t<\/div>\n\t\t\t\t<div class=\"icon-box-text last-reset\">\n\t\t\t\t\t\t\t\t\t\n\n<p>Si se constata que un m\u00e9dico no est\u00e1 colegiado en ning\u00fan colegio de m\u00e9dicos espa\u00f1ol, desde el COMT se consultar\u00e1 el registro del Ministerio de Universidades para comprobar la posesi\u00f3n del t\u00edtulo de Licenciado o Grado en Medicina e informar\u00e1 del resultado en el centro sanitario solicitante, sin perjuicio de las acciones que correspondan en el centro u organizaci\u00f3n sanitaria o en el Colegio hacia la situaci\u00f3n irregular que se pueda haber detectado.<\/p>\n\n\t\t<\/div>\n\t<\/div>\n\t\n\t\n<div class=\"text-center\"><div class=\"is-divider divider clearfix\" style=\"margin-top:2em;margin-bottom:2em;max-width:1200px;height:1px;background-color:#45dace;\"><\/div><\/div>\n\n\n\t\t<\/div>\n\t\t\t\t\n<style>\n#col-1436683526 > .col-inner {\n  padding: 30px 30px 30px 30px;\n}\n<\/style>\n\t<\/div>\n\n\t\n\n<\/div>\n\t<div id=\"gap-36594175\" class=\"gap-element clearfix\" style=\"display:block; height:auto;\">\n\t\t\n<style>\n#gap-36594175 {\n  padding-top: 30px;\n}\n<\/style>\n\t<\/div>\n\t\n\n<div class=\"row align-center\"  id=\"row-32082526\">\n\n\n\t<div id=\"col-785893784\" class=\"col medium-6 small-12 large-6\"  >\n\t\t\t\t<div class=\"col-inner\"  >\n\t\t\t\n\t\t\t\n\n<h1 style=\"text-align: center;\"><span data-text-color=\"secondary\">\u00bfC\u00f3mo se puede hacer la consulta?<\/span><\/h1>\n<p style=\"text-align: center;\">Los centros y organizaciones sanitarias pueden verificar la situaci\u00f3n colegial de sus m\u00e9dicos y de las sociedades profesionales contratadas.<\/p>\n\n\t\t<\/div>\n\t\t\t\t\t<\/div>\n\n\t\n\n<\/div>\n<div class=\"row align-center\"  id=\"row-41073581\">\n\n\n\t<div id=\"col-1698413437\" class=\"col medium-6 small-12 large-6\"  >\n\t\t\t\t<div class=\"col-inner\"  >\n\t\t\t\n\t\t\t\n\n\n  <div class=\"banner has-hover\" id=\"banner-1757453297\">\n          <div class=\"banner-inner fill\">\n        <div class=\"banner-bg fill\" >\n                                                \n                    <\/div>\n\t\t\n        <div class=\"banner-layers container\">\n            <div class=\"fill banner-link\"><\/div>            \n\n   <div id=\"text-box-1318087394\" class=\"text-box banner-layer x50 md-x50 lg-x50 y85 md-y85 lg-y85 res-text\">\n       <div class=\"hover-bounce\">              <div data-animate=\"none\">           <div class=\"text-box-content text dark\">\n              \n              <div class=\"text-inner text-center\">\n                  \n\n\t<div id=\"text-448716806\" class=\"text\">\n\t\t\n\n<h5><span style=\"color: #000000;\"><strong>CONSULTA INDIVIDUAL<\/strong><\/span><\/h5>\n<p>Pod\u00e9is realizar la consulta en l\u00ednea accediendo al registro electr\u00f3nico de m\u00e9dicos y sociedades profesionales. La consulta individual permite hacer la b\u00fasqueda uno a uno.<\/p>\n\t\t\n<style>\n#text-448716806 {\n  line-height: 1.3;\n  color: rgb(95, 95, 95);\n}\n#text-448716806 > * {\n  color: rgb(95, 95, 95);\n}\n<\/style>\n\t<\/div>\n\t\n\n              <\/div>\n           <\/div>\n       <\/div>              <\/div>       \n<style>\n#text-box-1318087394 {\n  width: 80%;\n}\n#text-box-1318087394 .text-box-content {\n  font-size: 169%;\n}\n<\/style>\n    <\/div>\n \n\t<div class=\"img has-hover x50 md-x50 lg-x50 y15 md-y15 lg-y15\" id=\"image_1255285614\">\n\t\t\t\t\t\t\t\t<div class=\"img-inner dark\" >\n\t\t\t<img loading=\"lazy\" decoding=\"async\" width=\"1\" height=\"1\" src=\"https:\/\/comt.cat\/wp-content\/uploads\/2021\/08\/streamline-icon-professions-man-nurse-1@200x200.svg\" class=\"attachment-large size-large\" alt=\"\" \/>\t\t\t\t\t\t\n\t\t\t\t\t<\/div>\n\t\t\t\t\t\t\t\t\n<style>\n#image_1255285614 {\n  width: 14%;\n}\n<\/style>\n\t<\/div>\n\t\n\n\n        <\/div>\n      <\/div>\n\n            \n<style>\n#banner-1757453297 {\n  padding-top: 300px;\n  background-color: rgba(115, 198, 246, 0.215);\n}\n<\/style>\n  <\/div>\n\n\n\n\t\t<\/div>\n\t\t\t\t\t<\/div>\n\n\t\n\n\t<div id=\"col-1209503419\" class=\"col medium-6 small-12 large-6\"  >\n\t\t\t\t<div class=\"col-inner\"  >\n\t\t\t\n\t\t\t\n\n\n  <div class=\"banner has-hover\" id=\"banner-959962776\">\n          <div class=\"banner-inner fill\">\n        <div class=\"banner-bg fill\" >\n                                                \n                    <\/div>\n\t\t\n        <div class=\"banner-layers container\">\n            <div class=\"fill banner-link\"><\/div>            \n\n   <div id=\"text-box-1398912360\" class=\"text-box banner-layer x50 md-x50 lg-x50 y85 md-y85 lg-y85 res-text\">\n       <div class=\"hover-bounce\">              <div data-animate=\"none\">           <div class=\"text-box-content text dark\">\n              \n              <div class=\"text-inner text-center\">\n                  \n\n\t<div id=\"text-3339535683\" class=\"text\">\n\t\t\n\n<h5><span style=\"color: #000000;\"><strong><br \/>CONSULTA COLECTIVA<br \/><\/strong><\/span><\/h5>\n<p>Pod\u00e9is solicitar al COMT que haga la verificaci\u00f3n en bloque de la situaci\u00f3n colegial de todos los m\u00e9dicos de vuestra plantilla.<\/p>\n\t\t\n<style>\n#text-3339535683 {\n  line-height: 1.3;\n  color: rgb(95, 95, 95);\n}\n#text-3339535683 > * {\n  color: rgb(95, 95, 95);\n}\n<\/style>\n\t<\/div>\n\t\n\n              <\/div>\n           <\/div>\n       <\/div>              <\/div>       \n<style>\n#text-box-1398912360 {\n  width: 80%;\n}\n#text-box-1398912360 .text-box-content {\n  font-size: 169%;\n}\n<\/style>\n    <\/div>\n \n\t<div class=\"img has-hover x50 md-x50 lg-x50 y15 md-y15 lg-y15\" id=\"image_1858831847\">\n\t\t\t\t\t\t\t\t<div class=\"img-inner dark\" >\n\t\t\t<img loading=\"lazy\" decoding=\"async\" width=\"1\" height=\"1\" src=\"https:\/\/comt.cat\/wp-content\/uploads\/2021\/08\/streamline-icon-team-meeting@200x200.svg\" class=\"attachment-large size-large\" alt=\"\" \/>\t\t\t\t\t\t\n\t\t\t\t\t<\/div>\n\t\t\t\t\t\t\t\t\n<style>\n#image_1858831847 {\n  width: 14%;\n}\n<\/style>\n\t<\/div>\n\t\n\n\n        <\/div>\n      <\/div>\n\n            \n<style>\n#banner-959962776 {\n  padding-top: 300px;\n  background-color: rgba(115, 198, 246, 0.215);\n}\n<\/style>\n  <\/div>\n\n\n\n\t\t<\/div>\n\t\t\t\t\t<\/div>\n\n\t\n\n<\/div>\n\n\t\t<\/div>\n\n\t\t\n<style>\n#section_1987228037 {\n  padding-top: 86px;\n  padding-bottom: 86px;\n}\n<\/style>\n\t<\/section>\n\t\n\n","protected":false},"excerpt":{"rendered":"","protected":false},"author":1,"featured_media":0,"parent":0,"menu_order":0,"comment_status":"closed","ping_status":"closed","template":"page-blank.php","meta":{"footnotes":""},"class_list":["post-27769","page","type-page","status-publish","hentry"],"yoast_head":"<!-- This site is optimized with the Yoast SEO plugin v27.2 - https:\/\/yoast.com\/product\/yoast-seo-wordpress\/ -->\n<title>Verificaci\u00f3n colectiva - COMT<\/title>\n<meta name=\"robots\" content=\"index, follow, max-snippet:-1, max-image-preview:large, max-video-preview:-1\" \/>\n<link rel=\"canonical\" href=\"https:\/\/comt.cat\/verificacio-collectiva\/\" \/>\n<meta property=\"og:locale\" content=\"es_ES\" \/>\n<meta property=\"og:type\" content=\"article\" \/>\n<meta property=\"og:title\" content=\"Verificaci\u00f3n colectiva - COMT\" \/>\n<meta property=\"og:url\" content=\"https:\/\/comt.cat\/verificacio-collectiva\/\" \/>\n<meta property=\"og:site_name\" content=\"COMT\" \/>\n<meta property=\"article:modified_time\" content=\"2023-12-13T11:00:53+00:00\" \/>\n<meta name=\"twitter:card\" content=\"summary_large_image\" \/>\n<meta name=\"twitter:label1\" content=\"Tiempo de lectura\" \/>\n\t<meta name=\"twitter:data1\" content=\"2 minutos\" \/>\n<script type=\"application\/ld+json\" class=\"yoast-schema-graph\">{\"@context\":\"https:\/\/schema.org\",\"@graph\":[{\"@type\":\"WebPage\",\"@id\":\"https:\/\/comt.cat\/verificacio-collectiva\/\",\"url\":\"https:\/\/comt.cat\/verificacio-collectiva\/\",\"name\":\"Verificaci\u00f3n colectiva - COMT\",\"isPartOf\":{\"@id\":\"https:\/\/comt.cat\/#website\"},\"datePublished\":\"2023-12-13T09:22:27+00:00\",\"dateModified\":\"2023-12-13T11:00:53+00:00\",\"breadcrumb\":{\"@id\":\"https:\/\/comt.cat\/verificacio-collectiva\/#breadcrumb\"},\"inLanguage\":\"es\",\"potentialAction\":[{\"@type\":\"ReadAction\",\"target\":[\"https:\/\/comt.cat\/verificacio-collectiva\/\"]}]},{\"@type\":\"BreadcrumbList\",\"@id\":\"https:\/\/comt.cat\/verificacio-collectiva\/#breadcrumb\",\"itemListElement\":[{\"@type\":\"ListItem\",\"position\":1,\"name\":\"Home\",\"item\":\"https:\/\/comt.cat\/es\/\"},{\"@type\":\"ListItem\",\"position\":2,\"name\":\"Verificaci\u00f3n colectiva\"}]},{\"@type\":\"WebSite\",\"@id\":\"https:\/\/comt.cat\/#website\",\"url\":\"https:\/\/comt.cat\/\",\"name\":\"COMT\",\"description\":\"Col\u00b7legi de Metges de Tarragona\",\"potentialAction\":[{\"@type\":\"SearchAction\",\"target\":{\"@type\":\"EntryPoint\",\"urlTemplate\":\"https:\/\/comt.cat\/?s={search_term_string}\"},\"query-input\":{\"@type\":\"PropertyValueSpecification\",\"valueRequired\":true,\"valueName\":\"search_term_string\"}}],\"inLanguage\":\"es\"}]}<\/script>\n<!-- \/ Yoast SEO plugin. -->","yoast_head_json":{"title":"Verificaci\u00f3n colectiva - COMT","robots":{"index":"index","follow":"follow","max-snippet":"max-snippet:-1","max-image-preview":"max-image-preview:large","max-video-preview":"max-video-preview:-1"},"canonical":"https:\/\/comt.cat\/verificacio-collectiva\/","og_locale":"es_ES","og_type":"article","og_title":"Verificaci\u00f3n colectiva - COMT","og_url":"https:\/\/comt.cat\/verificacio-collectiva\/","og_site_name":"COMT","article_modified_time":"2023-12-13T11:00:53+00:00","twitter_card":"summary_large_image","twitter_misc":{"Tiempo de lectura":"2 minutos"},"schema":{"@context":"https:\/\/schema.org","@graph":[{"@type":"WebPage","@id":"https:\/\/comt.cat\/verificacio-collectiva\/","url":"https:\/\/comt.cat\/verificacio-collectiva\/","name":"Verificaci\u00f3n colectiva - COMT","isPartOf":{"@id":"https:\/\/comt.cat\/#website"},"datePublished":"2023-12-13T09:22:27+00:00","dateModified":"2023-12-13T11:00:53+00:00","breadcrumb":{"@id":"https:\/\/comt.cat\/verificacio-collectiva\/#breadcrumb"},"inLanguage":"es","potentialAction":[{"@type":"ReadAction","target":["https:\/\/comt.cat\/verificacio-collectiva\/"]}]},{"@type":"BreadcrumbList","@id":"https:\/\/comt.cat\/verificacio-collectiva\/#breadcrumb","itemListElement":[{"@type":"ListItem","position":1,"name":"Home","item":"https:\/\/comt.cat\/es\/"},{"@type":"ListItem","position":2,"name":"Verificaci\u00f3n colectiva"}]},{"@type":"WebSite","@id":"https:\/\/comt.cat\/#website","url":"https:\/\/comt.cat\/","name":"COMT","description":"Col\u00b7legi de Metges de Tarragona","potentialAction":[{"@type":"SearchAction","target":{"@type":"EntryPoint","urlTemplate":"https:\/\/comt.cat\/?s={search_term_string}"},"query-input":{"@type":"PropertyValueSpecification","valueRequired":true,"valueName":"search_term_string"}}],"inLanguage":"es"}]}},"_links":{"self":[{"href":"https:\/\/comt.cat\/es\/wp-json\/wp\/v2\/pages\/27769","targetHints":{"allow":["GET"]}}],"collection":[{"href":"https:\/\/comt.cat\/es\/wp-json\/wp\/v2\/pages"}],"about":[{"href":"https:\/\/comt.cat\/es\/wp-json\/wp\/v2\/types\/page"}],"author":[{"embeddable":true,"href":"https:\/\/comt.cat\/es\/wp-json\/wp\/v2\/users\/1"}],"replies":[{"embeddable":true,"href":"https:\/\/comt.cat\/es\/wp-json\/wp\/v2\/comments?post=27769"}],"version-history":[{"count":5,"href":"https:\/\/comt.cat\/es\/wp-json\/wp\/v2\/pages\/27769\/revisions"}],"predecessor-version":[{"id":27813,"href":"https:\/\/comt.cat\/es\/wp-json\/wp\/v2\/pages\/27769\/revisions\/27813"}],"wp:attachment":[{"href":"https:\/\/comt.cat\/es\/wp-json\/wp\/v2\/media?parent=27769"}],"curies":[{"name":"wp","href":"https:\/\/api.w.org\/{rel}","templated":true}]}}