{"id":32463,"date":"2024-07-19T10:42:01","date_gmt":"2024-07-19T08:42:01","guid":{"rendered":"https:\/\/comt.cat\/?page_id=32463"},"modified":"2026-03-25T09:57:54","modified_gmt":"2026-03-25T08:57:54","slug":"deportes-comt","status":"publish","type":"page","link":"https:\/\/comt.cat\/es\/deportes-comt\/","title":{"rendered":"DEPORTES COMT"},"content":{"rendered":"\n\n  <div class=\"banner has-hover\" id=\"banner-986346906\">\n          <div class=\"banner-inner fill\">\n        <div class=\"banner-bg fill\" >\n            <img loading=\"lazy\" decoding=\"async\" width=\"1920\" height=\"1280\" src=\"https:\/\/comt.cat\/wp-content\/uploads\/2024\/07\/esports.webp\" class=\"bg attachment-original size-original\" alt=\"\" \/>                        <div class=\"overlay\"><\/div>            \n                    <\/div>\n\t\t\n        <div class=\"banner-layers container\">\n            <div class=\"fill banner-link\"><\/div>            \n\n   <div id=\"text-box-414331266\" class=\"text-box banner-layer x50 md-x50 lg-x50 y50 md-y50 lg-y50 res-text\">\n                                <div class=\"text-box-content text dark\">\n              \n              <div class=\"text-inner text-center\">\n                  \n\n\t<div id=\"text-2555376124\" class=\"text\">\n\t\t\n\n<h2><span style=\"color: #ffffff;\" data-text-color=\"\">LOS EQUIPOS DEPORTIVOS<br \/>\nDEL COMT<\/span><\/h2>\n\n\t\t\n<style>\n#text-2555376124 {\n  font-size: 0.9rem;\n}\n<\/style>\n\t<\/div>\n\t\n\n              <\/div>\n           <\/div>\n                            \n<style>\n#text-box-414331266 {\n  width: 90%;\n}\n#text-box-414331266 .text-box-content {\n  font-size: 55%;\n}\n@media (min-width:550px) {\n  #text-box-414331266 {\n    width: 60%;\n  }\n  #text-box-414331266 .text-box-content {\n    font-size: 100%;\n  }\n}\n<\/style>\n    <\/div>\n \n\n        <\/div>\n      <\/div>\n\n            \n<style>\n#banner-986346906 {\n  padding-top: 400px;\n}\n#banner-986346906 .overlay {\n  background-color: rgba(71, 218, 206, 0.645);\n}\n#banner-986346906 .banner-bg img {\n  object-position: 66% 51%;\n}\n<\/style>\n  <\/div>\n\n\n\n\t<section class=\"section\" id=\"section_382372234\">\n\t\t<div class=\"section-bg fill\" >\n\t\t\t\t\t\t\t\t\t\n\t\t\t\n\n\t\t<\/div>\n\n\t\t\n\t<div class=\"ux-shape-divider ux-shape-divider--bottom ux-shape-divider--style-waves-opacity-3\">\n\t\t<svg viewBox=\"0 0 1000 300\" xmlns=\"http:\/\/www.w3.org\/2000\/svg\" preserveAspectRatio=\"none\">\n\t<path class=\"ux-shape-fill\" opacity=\"0.05\" d=\"M1014 264V386H206L34 300C34 300 344.42 277.16 436 221C542 156 590 160 704 209C811 255 899.11 214.94 979 346L1014 264Z\"\/>\n\t<path class=\"ux-shape-fill\" opacity=\"0.1\" d=\"M-302 55C-302 55 -66.73 263.25 50 214C178 160 283 116 353 141C445.68 174.1 534.28 256.19 588 249C692.9 235 764.52 75.94 855 131C940.61 183.09 1000 254 1000 254V328L-306 338L-302 55Z\"\/>\n\t<path class=\"ux-shape-fill\" opacity=\"0.15\" d=\"M-286 255C-286 255 -72 152 52 126C176 100 255 155 436 227C581.57 284.91 614.7 277.79 708 227C787 184 1009 3.0001 1093 164C1146 265.63 1031 293 1031 293L924 377L-288 389L-286 255Z\"\/>\n\t<path class=\"ux-shape-fill\" opacity=\"0.3\" d=\"M-24 69C-24 69 275.68 370.66 389 314C397 310 622 316 673 356C690.47 369.7 845 224 890 182C944.8 130.85 1018 92 1078 143C1154.12 207.7 1196 242 1196 242L1184 374L-28 386L-24 69Z\"\/>\n\t<path class=\"ux-shape-fill\" d=\"M-12 201C-12 201 58 284 182 258C306 232 342.29 221.23 456 264C565 305 640.82 288.36 721 249C776 222 837.5 191.31 935 253C984 284 1030 279 1030 279L1024 430L-12 440V201Z\"\/>\n<\/svg>\n\t<\/div>\n\n\t\t<div class=\"section-content relative\">\n\t\t\t\n\n<div class=\"row align-middle\"  id=\"row-787815294\">\n\n\n\t<div id=\"col-573315263\" class=\"col medium-12 small-12 large-12\"  >\n\t\t\t\t<div class=\"col-inner\"  >\n\t\t\t\n\t<div class=\"is-border\"\n\t\tstyle=\"border-color:rgb(126, 178, 233);border-width:0px 0px 0px 0px;\">\n\t<\/div>\n\t\t\t\n\n<h2 style=\"text-align: center;\">\u00a1An\u00edmate y haz deporte! \u00a1Y si quieres montar un equipo, est\u00e1s en el lugar correcto!<\/h2>\n\n\t\t<\/div>\n\t\t\t\t\n<style>\n#col-573315263 > .col-inner {\n  padding: 0px 0px 0px 30px;\n  margin: 0px 0px 0px 0px;\n}\n@media (min-width:850px) {\n  #col-573315263 > .col-inner {\n    margin: 10px 0px 0px 0px;\n  }\n}\n<\/style>\n\t<\/div>\n\n\t\n\n<\/div>\n<a href=\"mailto:comt@comt.cat\" class=\"button secondary expand\" style=\"border-radius:99px;\">\n\t\t<span>Contacta con nosotros<\/span>\n\t<i class=\"icon-user\" aria-hidden=\"true\"><\/i><\/a>\n\n\n\n\t\t<\/div>\n\n\t\t\n<style>\n#section_382372234 {\n  padding-top: 60px;\n  padding-bottom: 60px;\n  min-height: 199px;\n  background-color: rgb(251, 248, 243);\n}\n#section_382372234 .ux-shape-divider--bottom svg {\n  height: 150px;\n  --divider-width: 100%;\n}\n@media (min-width:550px) {\n  #section_382372234 {\n    padding-top: 80px;\n    padding-bottom: 80px;\n  }\n}\n@media (min-width:850px) {\n  #section_382372234 {\n    padding-top: 89px;\n    padding-bottom: 89px;\n  }\n}\n<\/style>\n\t<\/section>\n\t\n\n\t<section class=\"section\" id=\"section_947714698\">\n\t\t<div class=\"section-bg fill\" >\n\t\t\t\t\t\t\t\t\t\n\t\t\t\n\n\t\t<\/div>\n\n\t\t\n\n\t\t<div class=\"section-content relative\">\n\t\t\t\n\n<div class=\"row row-large align-middle\"  id=\"row-481599637\">\n\n\n\t<div id=\"col-1910200364\" class=\"col medium-6 small-12 large-6\"  data-animate=\"fadeInLeft\">\n\t\t\t\t<div class=\"col-inner\"  >\n\t\t\t\n\t\t\t\n\n\t<div class=\"img has-hover x md-x lg-x y md-y lg-y\" id=\"image_2042772097\">\n\t\t\t\t\t\t\t\t<div class=\"img-inner dark\" >\n\t\t\t<img loading=\"lazy\" decoding=\"async\" width=\"1020\" height=\"463\" src=\"https:\/\/comt.cat\/wp-content\/uploads\/2024\/07\/Equip-futbol-COMT-1024x465.jpg\" class=\"attachment-large size-large\" alt=\"Equip futbol COMT\" srcset=\"https:\/\/comt.cat\/wp-content\/uploads\/2024\/07\/Equip-futbol-COMT-1024x465.jpg 1024w, https:\/\/comt.cat\/wp-content\/uploads\/2024\/07\/Equip-futbol-COMT-300x136.jpg 300w, https:\/\/comt.cat\/wp-content\/uploads\/2024\/07\/Equip-futbol-COMT-768x349.jpg 768w, https:\/\/comt.cat\/wp-content\/uploads\/2024\/07\/Equip-futbol-COMT-1536x698.jpg 1536w, https:\/\/comt.cat\/wp-content\/uploads\/2024\/07\/Equip-futbol-COMT-600x273.jpg 600w, https:\/\/comt.cat\/wp-content\/uploads\/2024\/07\/Equip-futbol-COMT.jpg 1540w\" sizes=\"(max-width: 1020px) 100vw, 1020px\" \/>\t\t\t\t\t\t\n\t\t\t\t\t<\/div>\n\t\t\t\t\t\t\t\t\n<style>\n#image_2042772097 {\n  width: 100%;\n}\n<\/style>\n\t<\/div>\n\t\n\n\n\t\t<\/div>\n\t\t\t\t\t<\/div>\n\n\t\n\n\t<div id=\"col-999321296\" class=\"col medium-6 small-12 large-6\"  data-animate=\"fadeInRight\">\n\t\t\t\t<div class=\"col-inner\"  >\n\t\t\t\n\t\t\t\n\n\t<div id=\"text-3399725480\" class=\"text\">\n\t\t\n\n<h1>\u26bd Equipo de f\u00fatbol del COMT<\/h1>\n<p>Desde el a\u00f1o 2010, el Colegio Oficial de M\u00e9dicos de Tarragona tiene un equipo de f\u00fatbol que entrena un d\u00eda en la semana, con la intenci\u00f3n de prepararse para hacer el mejor papel posible en el \u00abCampeonato nacional de f\u00fatbol m\u00e9dico\u00bb (torneo deportivo que cada a\u00f1o se celebra en una ciudad diferente del estado espa\u00f1ol).<\/p>\n<p>Si est\u00e1s interesado\/a en formar parte, cont\u00e1ctanos y en el correo, facil\u00edtanos tu nombre, apellidos, puesto de trabajo y tel\u00e9fono de contacto!<\/p>\n\t\t\n<style>\n#text-3399725480 {\n  text-align: left;\n}\n<\/style>\n\t<\/div>\n\t\n<a href=\"mailto:futbolmetgestgn@gmail.com\" class=\"button secondary\" style=\"border-radius:99px;\">\n\t\t<span>Solicitar informaci\u00f3n<\/span>\n\t<\/a>\n\n\n\n\t\t<\/div>\n\t\t\t\t\t<\/div>\n\n\t\n\n<\/div>\n<div class=\"text-center\"><div class=\"is-divider divider clearfix\" style=\"margin-top:2.7em;margin-bottom:2.7em;max-width:1260px;height:1px;\"><\/div><\/div>\n\n<div class=\"row row-large align-middle\"  id=\"row-1268882341\">\n\n\n\t<div id=\"col-1298130534\" class=\"col medium-6 small-12 large-6\"  data-animate=\"fadeInRight\">\n\t\t\t\t<div class=\"col-inner\"  >\n\t\t\t\n\t\t\t\n\n\t<div id=\"text-3240802737\" class=\"text\">\n\t\t\n\n<h1>\ud83c\udfc0 Equipo de baloncesto del COMT<\/h1>\n<p>Els Wild Pigs hace unos a\u00f1os que entrenan y compiten en la Ganxet League!<\/p>\n<p>Son 15 jugadores y siempre hay espacio para un m\u00e1s, as\u00ed que si est\u00e1s interesado\/a en formar parte, env\u00edanos un correo y forma parte de uno equipazo!<\/p>\n\t\t\n<style>\n#text-3240802737 {\n  text-align: left;\n}\n<\/style>\n\t<\/div>\n\t\n<a href=\"mailto:comt@comt.cat\" class=\"button secondary\" style=\"border-radius:99px;\">\n\t\t<span>Solicitar informaci\u00f3n<\/span>\n\t<\/a>\n\n\n\n\t\t<\/div>\n\t\t\t\t\t<\/div>\n\n\t\n\n\t<div id=\"col-1504507054\" class=\"col medium-6 small-12 large-6\"  data-animate=\"fadeInLeft\">\n\t\t\t\t<div class=\"col-inner\"  >\n\t\t\t\n\t\t\t\n\n\t<div class=\"img has-hover x md-x lg-x y md-y lg-y\" id=\"image_1413617674\">\n\t\t\t\t\t\t\t\t<div class=\"img-inner dark\" >\n\t\t\t<img loading=\"lazy\" decoding=\"async\" width=\"1020\" height=\"463\" src=\"https:\/\/comt.cat\/wp-content\/uploads\/2024\/07\/Equip-Basket-COMT-1024x465.jpg\" class=\"attachment-large size-large\" alt=\"Equip Basket COMT\" srcset=\"https:\/\/comt.cat\/wp-content\/uploads\/2024\/07\/Equip-Basket-COMT-1024x465.jpg 1024w, https:\/\/comt.cat\/wp-content\/uploads\/2024\/07\/Equip-Basket-COMT-300x136.jpg 300w, https:\/\/comt.cat\/wp-content\/uploads\/2024\/07\/Equip-Basket-COMT-768x349.jpg 768w, https:\/\/comt.cat\/wp-content\/uploads\/2024\/07\/Equip-Basket-COMT-1536x698.jpg 1536w, https:\/\/comt.cat\/wp-content\/uploads\/2024\/07\/Equip-Basket-COMT-600x273.jpg 600w, https:\/\/comt.cat\/wp-content\/uploads\/2024\/07\/Equip-Basket-COMT.jpg 1540w\" sizes=\"(max-width: 1020px) 100vw, 1020px\" \/>\t\t\t\t\t\t\n\t\t\t\t\t<\/div>\n\t\t\t\t\t\t\t\t\n<style>\n#image_1413617674 {\n  width: 100%;\n}\n<\/style>\n\t<\/div>\n\t\n\n\n\t\t<\/div>\n\t\t\t\t\t<\/div>\n\n\t\n\n<\/div>\n<div class=\"text-center\"><div class=\"is-divider divider clearfix\" style=\"margin-top:2.7em;margin-bottom:2.7em;max-width:1260px;height:1px;\"><\/div><\/div>\n\n<div class=\"row row-large align-middle\"  id=\"row-336895459\">\n\n\n\t<div id=\"col-1394588184\" class=\"col medium-6 small-12 large-6\"  data-animate=\"fadeInLeft\">\n\t\t\t\t<div class=\"col-inner\"  >\n\t\t\t\n\t\t\t\n\n\t<div class=\"img has-hover x md-x lg-x y md-y lg-y\" id=\"image_796659152\">\n\t\t\t\t\t\t\t\t<div class=\"img-inner dark\" >\n\t\t\t<img loading=\"lazy\" decoding=\"async\" width=\"1540\" height=\"700\" src=\"https:\/\/comt.cat\/wp-content\/uploads\/2025\/01\/WhatsApp-Image-2025-01-30-at-10.05.07.jpeg\" class=\"attachment-original size-original\" alt=\"\" srcset=\"https:\/\/comt.cat\/wp-content\/uploads\/2025\/01\/WhatsApp-Image-2025-01-30-at-10.05.07.jpeg 1540w, https:\/\/comt.cat\/wp-content\/uploads\/2025\/01\/WhatsApp-Image-2025-01-30-at-10.05.07-300x136.jpeg 300w, https:\/\/comt.cat\/wp-content\/uploads\/2025\/01\/WhatsApp-Image-2025-01-30-at-10.05.07-1024x465.jpeg 1024w, https:\/\/comt.cat\/wp-content\/uploads\/2025\/01\/WhatsApp-Image-2025-01-30-at-10.05.07-768x349.jpeg 768w, https:\/\/comt.cat\/wp-content\/uploads\/2025\/01\/WhatsApp-Image-2025-01-30-at-10.05.07-1536x698.jpeg 1536w, https:\/\/comt.cat\/wp-content\/uploads\/2025\/01\/WhatsApp-Image-2025-01-30-at-10.05.07-600x273.jpeg 600w\" sizes=\"(max-width: 1540px) 100vw, 1540px\" \/>\t\t\t\t\t\t\n\t\t\t\t\t<\/div>\n\t\t\t\t\t\t\t\t\n<style>\n#image_796659152 {\n  width: 100%;\n}\n<\/style>\n\t<\/div>\n\t\n\n\n\t\t<\/div>\n\t\t\t\t\t<\/div>\n\n\t\n\n\t<div id=\"col-921515388\" class=\"col medium-6 small-12 large-6\"  data-animate=\"fadeInRight\">\n\t\t\t\t<div class=\"col-inner\"  >\n\t\t\t\n\t\t\t\n\n\t<div id=\"text-1432069887\" class=\"text\">\n\t\t\n\n<h1>\ud83d\udeb4 Club Ciclista del COMT<br \/>\n<\/h1>\n<p>Desde el a\u00f1o 2023, el Colegio Oficial de M\u00e9dicos de Tarragona cuenta con un Club Ciclista, formado por m\u00e9dicos y m\u00e9dicas aficionados al ciclismo. El grupo realiza salidas regulares y se prepara para participar en el Campeonato Nacional de Ciclismo para M\u00e9dicos, con el objetivo de representar al COMT en esta competici\u00f3n.<\/p>\n\t\t\n<style>\n#text-1432069887 {\n  text-align: left;\n}\n<\/style>\n\t<\/div>\n\t\n<a href=\"mailto:javigarciaalba@gmail.com\" class=\"button secondary\" style=\"border-radius:99px;\">\n\t\t<span>Solicitar informaci\u00f3n<\/span>\n\t<\/a>\n\n\n\n\t\t<\/div>\n\t\t\t\t\t<\/div>\n\n\t\n\n<\/div>\n\n\t\t<\/div>\n\n\t\t\n<style>\n#section_947714698 {\n  padding-top: 64px;\n  padding-bottom: 64px;\n}\n<\/style>\n\t<\/section>\n\t\n\n\t<section class=\"section\" id=\"section_1729500035\">\n\t\t<div class=\"section-bg fill\" >\n\t\t\t\t\t\t\t\t\t\n\t\t\t\n\n\t\t<\/div>\n\n\t\t\n\t<div class=\"ux-shape-divider ux-shape-divider--bottom ux-shape-divider--style-waves-opacity-3\">\n\t\t<svg viewBox=\"0 0 1000 300\" xmlns=\"http:\/\/www.w3.org\/2000\/svg\" preserveAspectRatio=\"none\">\n\t<path class=\"ux-shape-fill\" opacity=\"0.05\" d=\"M1014 264V386H206L34 300C34 300 344.42 277.16 436 221C542 156 590 160 704 209C811 255 899.11 214.94 979 346L1014 264Z\"\/>\n\t<path class=\"ux-shape-fill\" opacity=\"0.1\" d=\"M-302 55C-302 55 -66.73 263.25 50 214C178 160 283 116 353 141C445.68 174.1 534.28 256.19 588 249C692.9 235 764.52 75.94 855 131C940.61 183.09 1000 254 1000 254V328L-306 338L-302 55Z\"\/>\n\t<path class=\"ux-shape-fill\" opacity=\"0.15\" d=\"M-286 255C-286 255 -72 152 52 126C176 100 255 155 436 227C581.57 284.91 614.7 277.79 708 227C787 184 1009 3.0001 1093 164C1146 265.63 1031 293 1031 293L924 377L-288 389L-286 255Z\"\/>\n\t<path class=\"ux-shape-fill\" opacity=\"0.3\" d=\"M-24 69C-24 69 275.68 370.66 389 314C397 310 622 316 673 356C690.47 369.7 845 224 890 182C944.8 130.85 1018 92 1078 143C1154.12 207.7 1196 242 1196 242L1184 374L-28 386L-24 69Z\"\/>\n\t<path class=\"ux-shape-fill\" d=\"M-12 201C-12 201 58 284 182 258C306 232 342.29 221.23 456 264C565 305 640.82 288.36 721 249C776 222 837.5 191.31 935 253C984 284 1030 279 1030 279L1024 430L-12 440V201Z\"\/>\n<\/svg>\n\t<\/div>\n\n\t\t<div class=\"section-content relative\">\n\t\t\t\n\n<div class=\"row\"  id=\"row-1439453495\">\n\n\n\t<div id=\"col-450385595\" class=\"col small-12 large-12\"  >\n\t\t\t\t<div class=\"col-inner\"  >\n\t\t\t\n\t\t\t\n\n\n\t<a class=\"plain\" href=\"mailto:comt@comt.cat\" target=\"_blank\" rel=\"noopener\" >\t<div class=\"icon-box featured-box icon-box-center text-center\"  >\n\t\t\t\t\t<div class=\"icon-box-img\" style=\"width: 106px\">\n\t\t\t\t<div class=\"icon\">\n\t\t\t\t\t<div class=\"icon-inner\" style=\"color:rgb(255, 255, 255);\">\n\t\t\t\t\t\t<?xml version=\"1.0\" encoding=\"utf-8\"?>\n<!-- Generator: Adobe Illustrator 25.4.1, SVG Export Plug-In . SVG Version: 6.00 Build 0)  -->\n<svg version=\"1.1\" id=\"Capa_1\" xmlns=\"http:\/\/www.w3.org\/2000\/svg\" xmlns:xlink=\"http:\/\/www.w3.org\/1999\/xlink\" x=\"0px\" y=\"0px\"\n\t viewBox=\"0 0 48 48\" style=\"enable-background:new 0 0 48 48;\" xml:space=\"preserve\">\n<g transform=\"matrix(2,0,0,2,0,0)\">\n\t<g>\n\t\t<path d=\"M23.2,20.2H0.8c-0.4,0-0.8-0.3-0.8-0.8v-15c0-0.4,0.3-0.8,0.8-0.8h22.5c0.4,0,0.8,0.3,0.8,0.8v15\n\t\t\tC24,19.9,23.7,20.2,23.2,20.2z M1.5,18.8h21V5.2h-21V18.8z\"\/>\n\t<\/g>\n\t<g>\n\t\t<path d=\"M19.5,14.2c-0.2,0-0.4-0.1-0.5-0.2l-3.8-3.5c-0.3-0.3-0.3-0.8,0-1.1c0.3-0.3,0.8-0.3,1.1,0l3.8,3.5c0.3,0.3,0.3,0.8,0,1.1\n\t\t\tC19.9,14.2,19.7,14.2,19.5,14.2z\"\/>\n\t<\/g>\n\t<g>\n\t\t<path d=\"M4.5,14.2c-0.2,0-0.4-0.1-0.6-0.2c-0.3-0.3-0.3-0.8,0-1.1l3.8-3.5c0.3-0.3,0.8-0.3,1.1,0c0.3,0.3,0.3,0.8,0,1.1L5,14.1\n\t\t\tC4.9,14.2,4.7,14.2,4.5,14.2z\"\/>\n\t<\/g>\n\t<g>\n\t\t<path d=\"M12,12.7c-0.6,0-1.3-0.2-1.8-0.6L0.7,5.6c-0.3-0.2-0.4-0.7-0.2-1c0.2-0.3,0.7-0.4,1-0.2l9.5,6.6c0.6,0.4,1.3,0.4,1.9,0\n\t\t\tl9.5-6.6c0.3-0.2,0.8-0.1,1,0.2s0.1,0.8-0.2,1l-9.5,6.6C13.3,12.6,12.6,12.7,12,12.7z\"\/>\n\t<\/g>\n<\/g>\n<\/svg>\n\t\t\t\t\t<\/div>\n\t\t\t\t<\/div>\n\t\t\t<\/div>\n\t\t\t\t<div class=\"icon-box-text last-reset\">\n\t\t\t\t\t\t\t\t\t\n\n<h3 style=\"text-align: center;\"><span style=\"color: #ffffff; font-size: 140%;\">\u00bfPracticas un deporte y quieres montar un equipo? Escr\u00edbenos y hag\u00e1moslo posible!<\/span><\/h3>\n\n\t\t<\/div>\n\t<\/div>\n\t<\/a>\n\t\n\n\t\t<\/div>\n\t\t\t\t\t<\/div>\n\n\t\n\n<\/div>\n\n\t\t<\/div>\n\n\t\t\n<style>\n#section_1729500035 {\n  padding-top: 60px;\n  padding-bottom: 60px;\n  min-height: 199px;\n  background-color: #73c6f6;\n}\n#section_1729500035 .ux-shape-divider--bottom svg {\n  height: 150px;\n  --divider-width: 100%;\n}\n@media (min-width:550px) {\n  #section_1729500035 {\n    padding-top: 80px;\n    padding-bottom: 80px;\n  }\n}\n@media (min-width:850px) {\n  #section_1729500035 {\n    padding-top: 89px;\n    padding-bottom: 89px;\n  }\n}\n<\/style>\n\t<\/section>\n\t\n\t<div id=\"gap-1473762909\" class=\"gap-element clearfix\" style=\"display:block; height:auto;\">\n\t\t\n<style>\n#gap-1473762909 {\n  padding-top: 30px;\n}\n<\/style>\n\t<\/div>\n\t\n\n\n","protected":false},"excerpt":{"rendered":"","protected":false},"author":1,"featured_media":0,"parent":0,"menu_order":0,"comment_status":"closed","ping_status":"closed","template":"page-blank.php","meta":{"footnotes":""},"class_list":["post-32463","page","type-page","status-publish","hentry"],"yoast_head":"<!-- This site is optimized with the Yoast SEO plugin v27.2 - https:\/\/yoast.com\/product\/yoast-seo-wordpress\/ -->\n<title>DEPORTES COMT - COMT<\/title>\n<meta name=\"robots\" content=\"index, follow, max-snippet:-1, max-image-preview:large, max-video-preview:-1\" \/>\n<link rel=\"canonical\" href=\"https:\/\/comt.cat\/es\/deportes-comt\/\" \/>\n<meta property=\"og:locale\" content=\"es_ES\" \/>\n<meta property=\"og:type\" content=\"article\" \/>\n<meta property=\"og:title\" content=\"DEPORTES COMT - COMT\" \/>\n<meta property=\"og:url\" content=\"https:\/\/comt.cat\/es\/deportes-comt\/\" \/>\n<meta property=\"og:site_name\" content=\"COMT\" \/>\n<meta property=\"article:modified_time\" content=\"2026-03-25T08:57:54+00:00\" \/>\n<meta name=\"twitter:card\" content=\"summary_large_image\" \/>\n<meta name=\"twitter:label1\" content=\"Tiempo de lectura\" \/>\n\t<meta name=\"twitter:data1\" content=\"3 minutos\" \/>\n<script type=\"application\/ld+json\" class=\"yoast-schema-graph\">{\"@context\":\"https:\/\/schema.org\",\"@graph\":[{\"@type\":\"WebPage\",\"@id\":\"https:\/\/comt.cat\/es\/deportes-comt\/\",\"url\":\"https:\/\/comt.cat\/es\/deportes-comt\/\",\"name\":\"DEPORTES COMT - COMT\",\"isPartOf\":{\"@id\":\"https:\/\/comt.cat\/#website\"},\"datePublished\":\"2024-07-19T08:42:01+00:00\",\"dateModified\":\"2026-03-25T08:57:54+00:00\",\"breadcrumb\":{\"@id\":\"https:\/\/comt.cat\/es\/deportes-comt\/#breadcrumb\"},\"inLanguage\":\"es\",\"potentialAction\":[{\"@type\":\"ReadAction\",\"target\":[\"https:\/\/comt.cat\/es\/deportes-comt\/\"]}]},{\"@type\":\"BreadcrumbList\",\"@id\":\"https:\/\/comt.cat\/es\/deportes-comt\/#breadcrumb\",\"itemListElement\":[{\"@type\":\"ListItem\",\"position\":1,\"name\":\"Home\",\"item\":\"https:\/\/comt.cat\/es\/\"},{\"@type\":\"ListItem\",\"position\":2,\"name\":\"DEPORTES COMT\"}]},{\"@type\":\"WebSite\",\"@id\":\"https:\/\/comt.cat\/#website\",\"url\":\"https:\/\/comt.cat\/\",\"name\":\"COMT\",\"description\":\"Col\u00b7legi de Metges de Tarragona\",\"potentialAction\":[{\"@type\":\"SearchAction\",\"target\":{\"@type\":\"EntryPoint\",\"urlTemplate\":\"https:\/\/comt.cat\/?s={search_term_string}\"},\"query-input\":{\"@type\":\"PropertyValueSpecification\",\"valueRequired\":true,\"valueName\":\"search_term_string\"}}],\"inLanguage\":\"es\"}]}<\/script>\n<!-- \/ Yoast SEO plugin. -->","yoast_head_json":{"title":"DEPORTES COMT - COMT","robots":{"index":"index","follow":"follow","max-snippet":"max-snippet:-1","max-image-preview":"max-image-preview:large","max-video-preview":"max-video-preview:-1"},"canonical":"https:\/\/comt.cat\/es\/deportes-comt\/","og_locale":"es_ES","og_type":"article","og_title":"DEPORTES COMT - COMT","og_url":"https:\/\/comt.cat\/es\/deportes-comt\/","og_site_name":"COMT","article_modified_time":"2026-03-25T08:57:54+00:00","twitter_card":"summary_large_image","twitter_misc":{"Tiempo de lectura":"3 minutos"},"schema":{"@context":"https:\/\/schema.org","@graph":[{"@type":"WebPage","@id":"https:\/\/comt.cat\/es\/deportes-comt\/","url":"https:\/\/comt.cat\/es\/deportes-comt\/","name":"DEPORTES COMT - COMT","isPartOf":{"@id":"https:\/\/comt.cat\/#website"},"datePublished":"2024-07-19T08:42:01+00:00","dateModified":"2026-03-25T08:57:54+00:00","breadcrumb":{"@id":"https:\/\/comt.cat\/es\/deportes-comt\/#breadcrumb"},"inLanguage":"es","potentialAction":[{"@type":"ReadAction","target":["https:\/\/comt.cat\/es\/deportes-comt\/"]}]},{"@type":"BreadcrumbList","@id":"https:\/\/comt.cat\/es\/deportes-comt\/#breadcrumb","itemListElement":[{"@type":"ListItem","position":1,"name":"Home","item":"https:\/\/comt.cat\/es\/"},{"@type":"ListItem","position":2,"name":"DEPORTES COMT"}]},{"@type":"WebSite","@id":"https:\/\/comt.cat\/#website","url":"https:\/\/comt.cat\/","name":"COMT","description":"Col\u00b7legi de Metges de Tarragona","potentialAction":[{"@type":"SearchAction","target":{"@type":"EntryPoint","urlTemplate":"https:\/\/comt.cat\/?s={search_term_string}"},"query-input":{"@type":"PropertyValueSpecification","valueRequired":true,"valueName":"search_term_string"}}],"inLanguage":"es"}]}},"_links":{"self":[{"href":"https:\/\/comt.cat\/es\/wp-json\/wp\/v2\/pages\/32463","targetHints":{"allow":["GET"]}}],"collection":[{"href":"https:\/\/comt.cat\/es\/wp-json\/wp\/v2\/pages"}],"about":[{"href":"https:\/\/comt.cat\/es\/wp-json\/wp\/v2\/types\/page"}],"author":[{"embeddable":true,"href":"https:\/\/comt.cat\/es\/wp-json\/wp\/v2\/users\/1"}],"replies":[{"embeddable":true,"href":"https:\/\/comt.cat\/es\/wp-json\/wp\/v2\/comments?post=32463"}],"version-history":[{"count":19,"href":"https:\/\/comt.cat\/es\/wp-json\/wp\/v2\/pages\/32463\/revisions"}],"predecessor-version":[{"id":47755,"href":"https:\/\/comt.cat\/es\/wp-json\/wp\/v2\/pages\/32463\/revisions\/47755"}],"wp:attachment":[{"href":"https:\/\/comt.cat\/es\/wp-json\/wp\/v2\/media?parent=32463"}],"curies":[{"name":"wp","href":"https:\/\/api.w.org\/{rel}","templated":true}]}}