{"id":35689,"date":"2024-12-05T12:57:35","date_gmt":"2024-12-05T11:57:35","guid":{"rendered":"https:\/\/comt.cat\/?page_id=35689"},"modified":"2026-03-24T12:44:41","modified_gmt":"2026-03-24T11:44:41","slug":"declaracion-de-la-renta","status":"publish","type":"page","link":"https:\/\/comt.cat\/es\/declaracion-de-la-renta\/","title":{"rendered":"Declaraci\u00f3n de la renta"},"content":{"rendered":"\n\n\t<section class=\"section\" id=\"section_1601528915\">\n\t\t<div class=\"section-bg fill\" >\n\t\t\t\t\t\t\t\t\t\n\t\t\t\n\n\t\t<\/div>\n\n\t\t\n\n\t\t<div class=\"section-content relative\">\n\t\t\t\n\n\t<div id=\"gap-781726519\" class=\"gap-element clearfix\" style=\"display:block; height:auto;\">\n\t\t\n<style>\n#gap-781726519 {\n  padding-top: 30px;\n}\n<\/style>\n\t<\/div>\n\t\n\n<div class=\"row align-middle\"  id=\"row-651530952\">\n\n\n\t<div id=\"col-1831024870\" class=\"col medium-8 small-12 large-6\"  >\n\t\t\t\t<div class=\"col-inner\"  >\n\t\t\t\n\t\t\t\n\n\t<div id=\"text-3401305590\" class=\"text\">\n\t\t\n\n<h1>Declaraci\u00f3n de la renta<\/h1>\n\t\t\n<style>\n#text-3401305590 {\n  font-size: 1.5rem;\n}\n<\/style>\n\t<\/div>\n\t\n\n\t\t<\/div>\n\t\t\t\t\t<\/div>\n\n\t\n\n\t<div id=\"col-977093957\" class=\"col medium-12 small-12 large-6\"  >\n\t\t\t\t<div class=\"col-inner\"  >\n\t\t\t\n\t<div class=\"is-border\"\n\t\tstyle=\"border-color:rgb(126, 178, 233);border-width:0px 0px 0px 2px;\">\n\t<\/div>\n\t\t\t\n\n<p>Desde el COMT te ofrecemos servicios de asesoramiento fiscal para la declaraci\u00f3n de la renta de nuestros colegiados\/as y familiares directos.<\/p>\n\n\t\t<\/div>\n\t\t\t\t\n<style>\n#col-977093957 > .col-inner {\n  padding: 0px 0px 0px 30px;\n  margin: 0px 0px 0px 0px;\n}\n@media (min-width:850px) {\n  #col-977093957 > .col-inner {\n    margin: 10px 0px 0px 0px;\n  }\n}\n<\/style>\n\t<\/div>\n\n\t\n\n<\/div>\n\n\t\t<\/div>\n\n\t\t\n<style>\n#section_1601528915 {\n  padding-top: 60px;\n  padding-bottom: 60px;\n  min-height: 319px;\n  background-color: rgb(251, 248, 243);\n}\n@media (min-width:550px) {\n  #section_1601528915 {\n    padding-top: 80px;\n    padding-bottom: 80px;\n  }\n}\n@media (min-width:850px) {\n  #section_1601528915 {\n    padding-top: 93px;\n    padding-bottom: 93px;\n  }\n}\n<\/style>\n\t<\/section>\n\t\n\n\t<section class=\"section\" id=\"section_2003568695\">\n\t\t<div class=\"section-bg fill\" >\n\t\t\t\t\t\t\t\t\t\n\t\t\t\n\n\t\t<\/div>\n\n\t\t\n\n\t\t<div class=\"section-content relative\">\n\t\t\t\n\n<div class=\"row row-large align-middle\"  id=\"row-1237950177\">\n\n\n\t<div id=\"col-1628160934\" class=\"col medium-4 small-12 large-4\"  >\n\t\t\t\t<div class=\"col-inner\"  >\n\t\t\t\n\t\t\t\n\n\t<div class=\"img has-hover x md-x lg-x y md-y lg-y\" id=\"image_813892470\">\n\t\t\t\t\t\t\t\t<div class=\"img-inner dark\" >\n\t\t\t<img loading=\"lazy\" decoding=\"async\" width=\"1020\" height=\"702\" src=\"https:\/\/comt.cat\/wp-content\/uploads\/2024\/12\/renda-1024x705.webp\" class=\"attachment-large size-large\" alt=\"\" srcset=\"https:\/\/comt.cat\/wp-content\/uploads\/2024\/12\/renda-1024x705.webp 1024w, https:\/\/comt.cat\/wp-content\/uploads\/2024\/12\/renda-300x206.webp 300w, https:\/\/comt.cat\/wp-content\/uploads\/2024\/12\/renda-768x528.webp 768w, https:\/\/comt.cat\/wp-content\/uploads\/2024\/12\/renda-600x413.webp 600w, https:\/\/comt.cat\/wp-content\/uploads\/2024\/12\/renda.webp 1500w\" sizes=\"(max-width: 1020px) 100vw, 1020px\" \/>\t\t\t\t\t\t\n\t\t\t\t\t<\/div>\n\t\t\t\t\t\t\t\t\n<style>\n#image_813892470 {\n  width: 100%;\n}\n<\/style>\n\t<\/div>\n\t\n\n\n\t\t<\/div>\n\t\t\t\t\t<\/div>\n\n\t\n\n\t<div id=\"col-1022394147\" class=\"col medium-8 small-12 large-8\"  >\n\t\t\t\t<div class=\"col-inner\"  >\n\t\t\t\n\t\t\t\n\n<h3>Disponemos de un equipo profesional, formado de forma continuada, que te atender\u00e1 personalmente en las sedes de Tarragona, Reus y Tortosa. Nuestro objetivo es ahorrarte preocupaciones y tiempo, responsabiliz\u00e1ndonos de todo para poder presentar su declaraci\u00f3n de renta.<\/h3>\n<p>Te ofrecemos un servicio de calidad, responsable y especializado en la profesi\u00f3n m\u00e9dica. Desde el COMT ya asesoramos, con \u00e9xito, a gran parte de nuestros colegiados y colegiadas, con un crecimiento del 64% en la confecci\u00f3n de rentas con relaci\u00f3n al ejercicio anterior.<\/p>\n<p>Si este a\u00f1o no has llegado a tiempo, av\u00edsanos y nos encargaremos de ponernos en contacto contigo de cara a la declaraci\u00f3n del pr\u00f3ximo ejercicio. Incluso si te resulta complicado acudir personalmente a nuestras sedes, podemos tramitarlo sin necesidad de desplazarte.<\/p>\n\n\t\t<\/div>\n\t\t\t\t\t<\/div>\n\n\t\n\n<\/div>\n<div class=\"row align-middle\"  id=\"row-1601512301\">\n\n\n\t<div id=\"col-2139741210\" class=\"col medium-3 small-12 large-3\"  >\n\t\t\t\t<div class=\"col-inner\"  >\n\t\t\t\n\t\t\t\n\n<h1>Realiza la declaraci\u00f3n de la renta con el COMT<br \/>\n<\/h1>\n<div class=\"is-divider divider clearfix\" ><\/div>\n\n\n\t\t<\/div>\n\t\t\t\t\t<\/div>\n\n\t\n\n\t<div id=\"col-445444174\" class=\"col medium-9 small-12 large-9\"  >\n\t\t\t\t<div class=\"col-inner\"  >\n\t\t\t\n\t\t\t\n\n<div class=\"row align-equal\"  id=\"row-1303760266\">\n\n\n\t<div id=\"col-2114872390\" class=\"col medium-6 small-12 large-6\"  >\n\t\t\t\t<div class=\"col-inner\"  >\n\t\t\t\n\t\t\t\n\n\n\t\t<div class=\"icon-box featured-box icon-box-center text-center\"  >\n\t\t\t\t\t<div class=\"icon-box-img\" style=\"width: 60px\">\n\t\t\t\t<div class=\"icon\">\n\t\t\t\t\t<div class=\"icon-inner\" style=\"color:rgb(126, 178, 233);\">\n\t\t\t\t\t\t<?xml version=\"1.0\" encoding=\"utf-8\"?>\n<!-- Generator: Adobe Illustrator 25.4.1, SVG Export Plug-In . SVG Version: 6.00 Build 0)  -->\n<svg version=\"1.1\" id=\"Capa_1\" xmlns=\"http:\/\/www.w3.org\/2000\/svg\" xmlns:xlink=\"http:\/\/www.w3.org\/1999\/xlink\" x=\"0px\" y=\"0px\"\n\t viewBox=\"0 0 48 48\" style=\"enable-background:new 0 0 48 48;\" xml:space=\"preserve\">\n<g transform=\"matrix(2,0,0,2,0,0)\">\n\t<g>\n\t\t<path d=\"M15.9,19c-0.7,0-1.4-0.2-2.1-0.6c0,0-0.1,0-0.1-0.1c-3.2-2.1-5.9-4.9-8-8c0,0,0-0.1-0.1-0.1c-1-1.6-0.7-3.6,0.6-4.9\n\t\t\tl0.5-0.5C7,4.5,7.5,4.3,8,4.3c0.5,0,0.9,0.2,1.3,0.5l1.9,1.9c0.7,0.7,0.7,1.9,0,2.6c-0.1,0.1-0.1,0.3,0,0.5l3,3\n\t\t\tc0.1,0.1,0.3,0.1,0.5,0c0.7-0.7,1.9-0.7,2.6,0l1.9,1.9c0.7,0.7,0.7,1.9,0,2.6l-0.5,0.5C17.9,18.6,16.9,19,15.9,19z M14.5,17\n\t\t\tC14.5,17,14.5,17.1,14.5,17c1,0.7,2.3,0.5,3.1-0.3l0.5-0.5c0.1-0.1,0.1-0.3,0-0.5l-1.9-1.9c-0.1-0.1-0.3-0.1-0.5,0\n\t\t\tc-0.7,0.7-1.9,0.7-2.6,0l-3-3c-0.7-0.7-0.7-1.9,0-2.6c0.1-0.1,0.1-0.3,0-0.5L8.2,5.9C8.1,5.8,8,5.9,8,5.8c-0.1,0-0.1,0-0.2,0.1\n\t\t\tL7.3,6.4c-0.8,0.8-1,2.1-0.3,3.1c0,0,0,0,0,0C9,12.5,11.5,15,14.5,17z\"\/>\n\t<\/g>\n\t<g>\n\t\t<path d=\"M12,24c-2.6,0-5.1-0.9-7.2-2.4c-5.3-4-6.4-11.5-2.4-16.8c1.9-2.6,4.7-4.2,7.9-4.7c3.2-0.5,6.3,0.4,8.9,2.3\n\t\t\tc5.3,4,6.4,11.5,2.4,16.8c-0.2,0.3-0.7,0.4-1.1,0.1c-0.3-0.2-0.4-0.7-0.1-1.1c3.5-4.6,2.5-11.2-2.1-14.7C13.7,0.1,7.1,1.1,3.6,5.7\n\t\t\tc-3.5,4.6-2.5,11.2,2.1,14.7c1.8,1.4,4,2.1,6.3,2.1c2.2,0,3.8-0.5,4.4-1.5c0.5-0.7,0.5-1.7,0.1-2.8c-0.1-0.4,0-0.8,0.4-1\n\t\t\tc0.4-0.1,0.8,0,1,0.4c0.8,2,0.3,3.4-0.2,4.2C16.7,23.3,14.7,24,12,24z\"\/>\n\t<\/g>\n<\/g>\n<\/svg>\n\t\t\t\t\t<\/div>\n\t\t\t\t<\/div>\n\t\t\t<\/div>\n\t\t\t\t<div class=\"icon-box-text last-reset\">\n\t\t\t\t\t\t\t\t\t\n\n<h3><strong>Cont\u00e1ctanos!<\/strong><\/h3>\n<p>Ponte en contacto con nosotros y concerta una cita para hacer la declaraci\u00f3n de la renta!<\/p>\n<ul>\n<li class=\"bullet-checkmark\" style=\"texto-align: center;\"><strong>Tarragona<\/strong>: 977 232 012<\/li>\n<li class=\"bullet-checkmark\" style=\"texto-align: center;\"><strong>Reus<\/strong>: 977 318 383<\/li>\n<li class=\"bullet-checkmark\" style=\"texto-align: center;\"><strong>Tortosa<\/strong>: 977 500 393<\/li>\n<\/ul>\n\n\t\t<\/div>\n\t<\/div>\n\t\n\t\n\n\t\t<\/div>\n\t\t\t\t\n<style>\n#col-2114872390 > .col-inner {\n  padding: 20px 20px 20px 20px;\n}\n<\/style>\n\t<\/div>\n\n\t\n\n\t<div id=\"col-511858990\" class=\"col medium-6 small-12 large-6\"  >\n\t\t\t\t<div class=\"col-inner\"  >\n\t\t\t\n\t\t\t\n\n\n\t\t<div class=\"icon-box featured-box icon-box-center text-center\"  >\n\t\t\t\t\t<div class=\"icon-box-img\" style=\"width: 60px\">\n\t\t\t\t<div class=\"icon\">\n\t\t\t\t\t<div class=\"icon-inner\" style=\"color:rgb(126, 178, 233);\">\n\t\t\t\t\t\t<?xml version=\"1.0\" encoding=\"utf-8\"?>\n<!-- Generator: Adobe Illustrator 25.4.1, SVG Export Plug-In . SVG Version: 6.00 Build 0)  -->\n<svg version=\"1.1\" id=\"Capa_1\" xmlns=\"http:\/\/www.w3.org\/2000\/svg\" xmlns:xlink=\"http:\/\/www.w3.org\/1999\/xlink\" x=\"0px\" y=\"0px\"\n\t viewBox=\"0 0 48 48\" style=\"enable-background:new 0 0 48 48;\" xml:space=\"preserve\">\n<style type=\"text\/css\">\n\t.st0{fill:#000001;}\n<\/style>\n<g transform=\"matrix(2,0,0,2,0,0)\">\n\t<g>\n\t\t<path class=\"st0\" d=\"M2.4,7.5c0.1,0.2,0.1,0.4,0,0.5L1.3,9.7c-0.3,0.5-0.2,1.1,0.3,1.4c0.2,0.1,0.4,0.2,0.6,0.2h2\n\t\t\tc0.2,0,0.3,0.1,0.4,0.2l1.8,2.9c0.2,0.3,0.5,0.5,0.8,0.5c0.3,0,0.6-0.2,0.8-0.5l1.8-2.9c0.1-0.1,0.3-0.2,0.4-0.2h2\n\t\t\tc0.4,0,0.7-0.2,0.9-0.5c0.2-0.3,0.1-0.7-0.1-1L12,8c-0.1-0.2-0.1-0.4,0-0.6l1.1-1.6c0.2-0.3,0.2-0.7,0.1-1\n\t\t\tc-0.2-0.3-0.5-0.5-0.9-0.5h-2c-0.2,0-0.4-0.1-0.4-0.3L8,1.2C7.7,0.7,7.1,0.5,6.6,0.8C6.5,0.9,6.4,1,6.3,1.2L4.6,4\n\t\t\tC4.5,4.1,4.3,4.2,4.1,4.2h-2c-0.6,0-1,0.4-1,1c0,0.2,0.1,0.4,0.2,0.6L2.4,7.5z\"\/>\n\t\t<path class=\"st0\" d=\"M20.1,0h-8.5c-0.6,0-1,0.4-1,1s0.4,1,1,1h5c0.1,0,0.2,0,0.2,0.1c0,0.1,0,0.2,0,0.2c-0.1,0.4-0.2,0.8-0.2,1.2\n\t\t\tv16.9l0,0v0.1l0,0c0,0.9-0.8,1.6-1.6,1.5c-0.9,0-1.6-0.8-1.6-1.6c0-0.8,0.6-1.4,1-1.4c0.6,0,1-0.4,1-1s-0.4-1-1-1H5.1\n\t\t\tc-0.1,0-0.2-0.1-0.2-0.2v-0.5c0-0.6-0.4-1-1-1s-1,0.4-1,1V17c0,0.1-0.1,0.2-0.2,0.2c-1.8,0.7-2.7,2.7-2.1,4.5\n\t\t\tC1.2,23.1,2.4,24,3.9,24h10.5c1.9,0,4.2-1.6,4.2-3.5V7c0-0.1,0-0.2,0.1-0.2c0.1,0,0.2,0,0.2,0c1.8,0.6,3.8-0.3,4.4-2.2\n\t\t\ts-0.3-3.8-2.2-4.4C20.9,0.1,20.5,0,20.1,0z M12,21.7c0,0.1,0,0.2,0,0.2c0,0.1-0.1,0.1-0.2,0.1H3.9c-0.8,0-1.5-0.7-1.5-1.5\n\t\t\tS3.1,19,3.9,19h7.9c0.1,0,0.2,0,0.2,0.1c0,0.1,0,0.2,0,0.2C11.7,20.1,11.7,20.9,12,21.7L12,21.7z M20.1,5c-0.8,0-1.5-0.7-1.5-1.5\n\t\t\tS19.3,2,20.1,2s1.5,0.7,1.5,1.5S20.9,5,20.1,5z\"\/>\n\t<\/g>\n<\/g>\n<\/svg>\n\t\t\t\t\t<\/div>\n\t\t\t\t<\/div>\n\t\t\t<\/div>\n\t\t\t\t<div class=\"icon-box-text last-reset\">\n\t\t\t\t\t\t\t\t\t\n\n<h3><strong>\u00bfQu\u00e9 te ofrecemos?<\/strong><\/h3>\n<ul>\n<li class=\"bullet-arrow\"><b>Gestor personal<\/b><\/li>\n<li class=\"bullet-arrow\"><strong>Asesoramiento telef\u00f3nico y presencial<\/strong><\/li>\n<li class=\"bullet-arrow\"><strong>M\u00e1ximo ahorro<\/strong> en todas las deducciones fiscales<\/li>\n<li class=\"bullet-arrow\">An\u00e1lisis de cada caso y <strong>mejor resultado de la renta<\/strong> posible<\/li>\n<li class=\"bullet-arrow\"><strong>Presentaci\u00f3n<\/strong> de la renta y <strong>respuesta<\/strong> a las posibles notificaciones de hacienda (complementarias)<\/li>\n<\/ul>\n\n\t\t<\/div>\n\t<\/div>\n\t\n\t\n\n\t\t<\/div>\n\t\t\t\t\n<style>\n#col-511858990 > .col-inner {\n  padding: 20px 20px 20px 20px;\n}\n<\/style>\n\t<\/div>\n\n\t\n\n\n<style>\n#row-1303760266 > .col > .col-inner {\n  background-color: rgb(251, 248, 243);\n}\n<\/style>\n<\/div>\n\n\t\t<\/div>\n\t\t\t\t\t<\/div>\n\n\t\n\n<\/div>\n<div class=\"row align-middle\"  id=\"row-873299493\">\n\n\n\t<div id=\"col-37235403\" class=\"col medium-3 small-12 large-3\"  >\n\t\t\t\t<div class=\"col-inner\"  >\n\t\t\t\n\t\t\t\n\n<h1>\u00daltimas noticias<br \/>\n<\/h1>\n<div class=\"is-divider divider clearfix\" ><\/div>\n\n\n\t\t<\/div>\n\t\t\t\t\t<\/div>\n\n\t\n\n\t<div id=\"col-758729631\" class=\"col medium-9 small-12 large-9\"  >\n\t\t\t\t<div class=\"col-inner\"  >\n\t\t\t\n\t\t\t\n\n<div class=\"row align-equal\"  id=\"row-1898132736\">\n\n\n\t<div id=\"col-1731301925\" class=\"col small-12 large-12\"  >\n\t\t\t\t<div class=\"col-inner\"  >\n\t\t\t\n\t\t\t\n\n\n  \n    <div class=\"row large-columns-1 medium-columns-1 small-columns-1\" >\n  <div class=\"col post-item\" >\n\t\t\t<div class=\"col-inner\">\n\t\t\t\t<div class=\"box box-normal box-text-bottom box-blog-post has-hover\">\n            \t\t\t\t\t<div class=\"box-image\" >\n  \t\t\t\t\t\t<div class=\"image-cover\" style=\"padding-top:56.25%;\">\n\t\t\t\t\t\t\t<a href=\"https:\/\/comt.cat\/es\/guia-2026-sobre-los-seguros-de-salud-lo-que-tienes-que-saber\/\" class=\"plain\" aria-label=\"Gu\u00eda 2026 de seguros que desgravan en la declaraci\u00f3n de la renta\">\n\t\t\t\t\t\t\t\t<img loading=\"lazy\" decoding=\"async\" width=\"300\" height=\"136\" src=\"https:\/\/comt.cat\/wp-content\/uploads\/2026\/03\/DESTACADA-WEB-COMT-9-300x136.png\" class=\"attachment-medium size-medium wp-post-image\" alt=\"\" srcset=\"https:\/\/comt.cat\/wp-content\/uploads\/2026\/03\/DESTACADA-WEB-COMT-9-300x136.png 300w, https:\/\/comt.cat\/wp-content\/uploads\/2026\/03\/DESTACADA-WEB-COMT-9-1024x465.png 1024w, https:\/\/comt.cat\/wp-content\/uploads\/2026\/03\/DESTACADA-WEB-COMT-9-768x349.png 768w, https:\/\/comt.cat\/wp-content\/uploads\/2026\/03\/DESTACADA-WEB-COMT-9-1536x698.png 1536w, https:\/\/comt.cat\/wp-content\/uploads\/2026\/03\/DESTACADA-WEB-COMT-9-600x273.png 600w, https:\/\/comt.cat\/wp-content\/uploads\/2026\/03\/DESTACADA-WEB-COMT-9.png 1540w\" sizes=\"(max-width: 300px) 100vw, 300px\" \/>\t\t\t\t\t\t\t<\/a>\n  \t\t\t\t\t\t\t  \t\t\t\t\t\t\t  \t\t\t\t\t\t<\/div>\n  \t\t\t\t\t\t  \t\t\t\t\t<\/div>\n          \t\t\t\t\t<div class=\"box-text text-center\" >\n\t\t\t\t\t<div class=\"box-text-inner blog-post-inner\">\n\n\t\t\t\t\t\n\t\t\t\t\t\t\t\t\t\t<h5 class=\"post-title is-large \">\n\t\t\t\t\t\t<a href=\"https:\/\/comt.cat\/es\/guia-2026-sobre-los-seguros-de-salud-lo-que-tienes-que-saber\/\" class=\"plain\">Gu\u00eda 2026 de seguros que desgravan en la declaraci\u00f3n de la renta<\/a>\n\t\t\t\t\t<\/h5>\n\t\t\t\t\t\t\t\t\t\t<div class=\"is-divider\"><\/div>\n\t\t\t\t\t\t\t\t\t\t<p class=\"from_the_blog_excerpt \">\n\t\t\t\t\t\tCon el inicio de la campa\u00f1a de la declaraci\u00f3n de la renta y con el...\t\t\t\t\t<\/p>\n\t\t\t\t\t                    \n\t\t\t\t\t\n\t\t\t\t\t\n\t\t\t\t\t<\/div>\n\t\t\t\t\t<\/div>\n\t\t\t\t\t\t\t\t\t\t\t\t\t\t\t\t<div class=\"badge absolute top post-date badge-outline\">\n\t\t\t\t\t\t\t<div class=\"badge-inner\">\n\t\t\t\t\t\t\t\t<span class=\"post-date-day\">28<\/span><br>\n\t\t\t\t\t\t\t\t<span class=\"post-date-month is-xsmall\">Mar<\/span>\n\t\t\t\t\t\t\t<\/div>\n\t\t\t\t\t\t<\/div>\n\t\t\t\t\t\t\t\t\t<\/div>\n\t\t\t<\/div>\n\t\t<\/div><\/div>\n\n\n\t\t<\/div>\n\t\t\t\t\n<style>\n#col-1731301925 > .col-inner {\n  padding: 20px 20px 20px 20px;\n}\n<\/style>\n\t<\/div>\n\n\t\n\n\n<style>\n#row-1898132736 > .col > .col-inner {\n  background-color: rgb(251, 248, 243);\n}\n<\/style>\n<\/div>\n\n\t\t<\/div>\n\t\t\t\t\t<\/div>\n\n\t\n\n<\/div>\n\n\t\t<\/div>\n\n\t\t\n<style>\n#section_2003568695 {\n  padding-top: 60px;\n  padding-bottom: 60px;\n}\n<\/style>\n\t<\/section>\n\t\n\n","protected":false},"excerpt":{"rendered":"","protected":false},"author":1,"featured_media":0,"parent":0,"menu_order":0,"comment_status":"closed","ping_status":"closed","template":"page-blank.php","meta":{"footnotes":""},"class_list":["post-35689","page","type-page","status-publish","hentry"],"yoast_head":"<!-- This site is optimized with the Yoast SEO plugin v27.3 - https:\/\/yoast.com\/product\/yoast-seo-wordpress\/ -->\n<title>Declaraci\u00f3n de la renta - COMT<\/title>\n<meta name=\"robots\" content=\"index, follow, max-snippet:-1, max-image-preview:large, max-video-preview:-1\" \/>\n<link rel=\"canonical\" href=\"https:\/\/comt.cat\/es\/declaracion-de-la-renta\/\" \/>\n<meta property=\"og:locale\" content=\"es_ES\" \/>\n<meta property=\"og:type\" content=\"article\" \/>\n<meta property=\"og:title\" content=\"Declaraci\u00f3n de la renta - COMT\" \/>\n<meta property=\"og:url\" content=\"https:\/\/comt.cat\/es\/declaracion-de-la-renta\/\" \/>\n<meta property=\"og:site_name\" content=\"COMT\" \/>\n<meta property=\"article:modified_time\" content=\"2026-03-24T11:44:41+00:00\" \/>\n<meta name=\"twitter:card\" content=\"summary_large_image\" \/>\n<meta name=\"twitter:label1\" content=\"Tiempo de lectura\" \/>\n\t<meta name=\"twitter:data1\" content=\"2 minutos\" \/>\n<script type=\"application\/ld+json\" class=\"yoast-schema-graph\">{\"@context\":\"https:\\\/\\\/schema.org\",\"@graph\":[{\"@type\":\"WebPage\",\"@id\":\"https:\\\/\\\/comt.cat\\\/es\\\/declaracion-de-la-renta\\\/\",\"url\":\"https:\\\/\\\/comt.cat\\\/es\\\/declaracion-de-la-renta\\\/\",\"name\":\"Declaraci\u00f3n de la renta - COMT\",\"isPartOf\":{\"@id\":\"https:\\\/\\\/comt.cat\\\/#website\"},\"datePublished\":\"2024-12-05T11:57:35+00:00\",\"dateModified\":\"2026-03-24T11:44:41+00:00\",\"breadcrumb\":{\"@id\":\"https:\\\/\\\/comt.cat\\\/es\\\/declaracion-de-la-renta\\\/#breadcrumb\"},\"inLanguage\":\"es\",\"potentialAction\":[{\"@type\":\"ReadAction\",\"target\":[\"https:\\\/\\\/comt.cat\\\/es\\\/declaracion-de-la-renta\\\/\"]}]},{\"@type\":\"BreadcrumbList\",\"@id\":\"https:\\\/\\\/comt.cat\\\/es\\\/declaracion-de-la-renta\\\/#breadcrumb\",\"itemListElement\":[{\"@type\":\"ListItem\",\"position\":1,\"name\":\"Home\",\"item\":\"https:\\\/\\\/comt.cat\\\/es\\\/\"},{\"@type\":\"ListItem\",\"position\":2,\"name\":\"Declaraci\u00f3n de la renta\"}]},{\"@type\":\"WebSite\",\"@id\":\"https:\\\/\\\/comt.cat\\\/#website\",\"url\":\"https:\\\/\\\/comt.cat\\\/\",\"name\":\"COMT\",\"description\":\"Col\u00b7legi de Metges de Tarragona\",\"potentialAction\":[{\"@type\":\"SearchAction\",\"target\":{\"@type\":\"EntryPoint\",\"urlTemplate\":\"https:\\\/\\\/comt.cat\\\/?s={search_term_string}\"},\"query-input\":{\"@type\":\"PropertyValueSpecification\",\"valueRequired\":true,\"valueName\":\"search_term_string\"}}],\"inLanguage\":\"es\"}]}<\/script>\n<!-- \/ Yoast SEO plugin. -->","yoast_head_json":{"title":"Declaraci\u00f3n de la renta - COMT","robots":{"index":"index","follow":"follow","max-snippet":"max-snippet:-1","max-image-preview":"max-image-preview:large","max-video-preview":"max-video-preview:-1"},"canonical":"https:\/\/comt.cat\/es\/declaracion-de-la-renta\/","og_locale":"es_ES","og_type":"article","og_title":"Declaraci\u00f3n de la renta - COMT","og_url":"https:\/\/comt.cat\/es\/declaracion-de-la-renta\/","og_site_name":"COMT","article_modified_time":"2026-03-24T11:44:41+00:00","twitter_card":"summary_large_image","twitter_misc":{"Tiempo de lectura":"2 minutos"},"schema":{"@context":"https:\/\/schema.org","@graph":[{"@type":"WebPage","@id":"https:\/\/comt.cat\/es\/declaracion-de-la-renta\/","url":"https:\/\/comt.cat\/es\/declaracion-de-la-renta\/","name":"Declaraci\u00f3n de la renta - COMT","isPartOf":{"@id":"https:\/\/comt.cat\/#website"},"datePublished":"2024-12-05T11:57:35+00:00","dateModified":"2026-03-24T11:44:41+00:00","breadcrumb":{"@id":"https:\/\/comt.cat\/es\/declaracion-de-la-renta\/#breadcrumb"},"inLanguage":"es","potentialAction":[{"@type":"ReadAction","target":["https:\/\/comt.cat\/es\/declaracion-de-la-renta\/"]}]},{"@type":"BreadcrumbList","@id":"https:\/\/comt.cat\/es\/declaracion-de-la-renta\/#breadcrumb","itemListElement":[{"@type":"ListItem","position":1,"name":"Home","item":"https:\/\/comt.cat\/es\/"},{"@type":"ListItem","position":2,"name":"Declaraci\u00f3n de la renta"}]},{"@type":"WebSite","@id":"https:\/\/comt.cat\/#website","url":"https:\/\/comt.cat\/","name":"COMT","description":"Col\u00b7legi de Metges de Tarragona","potentialAction":[{"@type":"SearchAction","target":{"@type":"EntryPoint","urlTemplate":"https:\/\/comt.cat\/?s={search_term_string}"},"query-input":{"@type":"PropertyValueSpecification","valueRequired":true,"valueName":"search_term_string"}}],"inLanguage":"es"}]}},"_links":{"self":[{"href":"https:\/\/comt.cat\/es\/wp-json\/wp\/v2\/pages\/35689","targetHints":{"allow":["GET"]}}],"collection":[{"href":"https:\/\/comt.cat\/es\/wp-json\/wp\/v2\/pages"}],"about":[{"href":"https:\/\/comt.cat\/es\/wp-json\/wp\/v2\/types\/page"}],"author":[{"embeddable":true,"href":"https:\/\/comt.cat\/es\/wp-json\/wp\/v2\/users\/1"}],"replies":[{"embeddable":true,"href":"https:\/\/comt.cat\/es\/wp-json\/wp\/v2\/comments?post=35689"}],"version-history":[{"count":12,"href":"https:\/\/comt.cat\/es\/wp-json\/wp\/v2\/pages\/35689\/revisions"}],"predecessor-version":[{"id":47747,"href":"https:\/\/comt.cat\/es\/wp-json\/wp\/v2\/pages\/35689\/revisions\/47747"}],"wp:attachment":[{"href":"https:\/\/comt.cat\/es\/wp-json\/wp\/v2\/media?parent=35689"}],"curies":[{"name":"wp","href":"https:\/\/api.w.org\/{rel}","templated":true}]}}