{"id":39448,"date":"2025-04-16T12:08:06","date_gmt":"2025-04-16T10:08:06","guid":{"rendered":"https:\/\/comt.cat\/?page_id=39448"},"modified":"2025-04-16T12:10:22","modified_gmt":"2025-04-16T10:10:22","slug":"politica-de-privacitat-mutual-medica","status":"publish","type":"page","link":"https:\/\/comt.cat\/es\/politica-de-privacitat-mutual-medica\/","title":{"rendered":"Pol\u00edtica de privacitat Mutual M\u00e9dica"},"content":{"rendered":"\n<p><\/p>\n\n\n\n\n\t<section class=\"section\" id=\"section_280229933\">\n\t\t<div class=\"section-bg fill\" >\n\t\t\t\t\t\t\t\t\t\n\t\t\t\n\n\t\t<\/div>\n\n\t\t\n\n\t\t<div class=\"section-content relative\">\n\t\t\t\n\n\t<div id=\"gap-1121628641\" class=\"gap-element clearfix\" style=\"display:block; height:auto;\">\n\t\t\n<style>\n#gap-1121628641 {\n  padding-top: 30px;\n}\n<\/style>\n\t<\/div>\n\t\n\n<div class=\"row\"  id=\"row-1245353186\">\n\n\n\t<div id=\"col-1393954670\" class=\"col medium-8 small-12 large-3\"  >\n\t\t\t\t<div class=\"col-inner\"  >\n\t\t\t\n\t\t\t\n\n\t<div id=\"text-3614783028\" class=\"text\">\n\t\t\n\n<h1>Pol\u00edtica de privacidad Mutual M\u00e9dica<\/h1>\n\n\t\t\n<style>\n#text-3614783028 {\n  font-size: 1.5rem;\n}\n<\/style>\n\t<\/div>\n\t\n\n\t\t<\/div>\n\t\t\t\t\t<\/div>\n\n\t\n\n\t<div id=\"col-1733613191\" class=\"col medium-12 small-12 large-9\"  >\n\t\t\t\t<div class=\"col-inner\"  >\n\t\t\t\n\t<div class=\"is-border\"\n\t\tstyle=\"border-color:rgb(126, 178, 233);border-width:0px 0px 0px 2px;\">\n\t<\/div>\n\t\t\t\n\n<p><strong>PROTECCI\u00d3N DE DATOS PERSONALES<\/strong><\/p>\n<p>Se considera como fin de inter\u00e9s leg\u00edtimo la Cesi\u00f3n de Datos facilitados en la inscripci\u00f3n a este curso a la Fundaci\u00f3n Mutual M\u00e9dica: El firmante del presente documento, al inscribirse en el curso, autoriza expresamente que los datos personales proporcionados en dicha inscripci\u00f3n sean cedidos a Fundaci\u00f3n Mutual M\u00e9dica, patrocinador del curso, con la finalidad de gestionar su participaci\u00f3n en el evento, para realizar actividades relacionadas con su organizaci\u00f3n, promoci\u00f3n y evaluaci\u00f3n, as\u00ed como para recibir informaci\u00f3n y ofertas sobre los servicios que Mutual M\u00e9dica pueda ofrecer.<\/p>\n<p>Los referidos datos personales ser\u00e1n conservados durante la organizaci\u00f3n y realizaci\u00f3n del curso.<\/p>\n<p>Los firmantes podr\u00e1n ejercer, en cualquier momento, los derechos que le confiere la normativa de protecci\u00f3n de datos (de acceso, rectificaci\u00f3n, cancelaci\u00f3n u oposici\u00f3n al tratamiento de datos personales) en cualquier momento dirigi\u00e9ndose a Mutual M\u00e9dica o a la Agencia Espa\u00f1ola de Protecci\u00f3n de Datos.<\/p>\n<p>Adem\u00e1s, los firmantes quedan informados de que pueden presentar cualquier reclamaci\u00f3n o solicitud relacionada con la protecci\u00f3n de sus datos personales ante la Agencia Espa\u00f1ola de Protecci\u00f3n de Datos (www.aepd.es) en caso de considerar vulnerados sus derechos.<\/p>\n\n\t\t<\/div>\n\t\t\t\t\n<style>\n#col-1733613191 > .col-inner {\n  padding: 0px 0px 0px 30px;\n  margin: 0px 0px 0px 0px;\n}\n@media (min-width:850px) {\n  #col-1733613191 > .col-inner {\n    margin: 10px 0px 0px 0px;\n  }\n}\n<\/style>\n\t<\/div>\n\n\t\n\n<\/div>\n\n\t\t<\/div>\n\n\t\t\n<style>\n#section_280229933 {\n  padding-top: 60px;\n  padding-bottom: 60px;\n  min-height: 400px;\n  background-color: rgb(251, 248, 243);\n}\n@media (min-width:550px) {\n  #section_280229933 {\n    padding-top: 80px;\n    padding-bottom: 80px;\n  }\n}\n@media (min-width:850px) {\n  #section_280229933 {\n    padding-top: 110px;\n    padding-bottom: 110px;\n  }\n}\n<\/style>\n\t<\/section>\n\t\n\n","protected":false},"excerpt":{"rendered":"","protected":false},"author":3183,"featured_media":0,"parent":0,"menu_order":0,"comment_status":"closed","ping_status":"closed","template":"page-blank.php","meta":{"footnotes":""},"class_list":["post-39448","page","type-page","status-publish","hentry"],"yoast_head":"<!-- This site is optimized with the Yoast SEO plugin v27.4 - https:\/\/yoast.com\/product\/yoast-seo-wordpress\/ -->\n<title>Pol\u00edtica de privacitat Mutual M\u00e9dica - COMT<\/title>\n<meta name=\"robots\" content=\"index, follow, max-snippet:-1, max-image-preview:large, max-video-preview:-1\" \/>\n<link rel=\"canonical\" href=\"https:\/\/comt.cat\/politica-de-privacitat-mutual-medica\/\" \/>\n<meta property=\"og:locale\" content=\"es_ES\" \/>\n<meta property=\"og:type\" content=\"article\" \/>\n<meta property=\"og:title\" content=\"Pol\u00edtica de privacitat Mutual M\u00e9dica - COMT\" \/>\n<meta property=\"og:url\" content=\"https:\/\/comt.cat\/politica-de-privacitat-mutual-medica\/\" \/>\n<meta property=\"og:site_name\" content=\"COMT\" \/>\n<meta property=\"article:modified_time\" content=\"2025-04-16T10:10:22+00:00\" \/>\n<meta name=\"twitter:card\" content=\"summary_large_image\" \/>\n<script type=\"application\/ld+json\" class=\"yoast-schema-graph\">{\"@context\":\"https:\\\/\\\/schema.org\",\"@graph\":[{\"@type\":\"WebPage\",\"@id\":\"https:\\\/\\\/comt.cat\\\/politica-de-privacitat-mutual-medica\\\/\",\"url\":\"https:\\\/\\\/comt.cat\\\/politica-de-privacitat-mutual-medica\\\/\",\"name\":\"Pol\u00edtica de privacitat Mutual M\u00e9dica - COMT\",\"isPartOf\":{\"@id\":\"https:\\\/\\\/comt.cat\\\/#website\"},\"datePublished\":\"2025-04-16T10:08:06+00:00\",\"dateModified\":\"2025-04-16T10:10:22+00:00\",\"breadcrumb\":{\"@id\":\"https:\\\/\\\/comt.cat\\\/politica-de-privacitat-mutual-medica\\\/#breadcrumb\"},\"inLanguage\":\"es\",\"potentialAction\":[{\"@type\":\"ReadAction\",\"target\":[\"https:\\\/\\\/comt.cat\\\/politica-de-privacitat-mutual-medica\\\/\"]}]},{\"@type\":\"BreadcrumbList\",\"@id\":\"https:\\\/\\\/comt.cat\\\/politica-de-privacitat-mutual-medica\\\/#breadcrumb\",\"itemListElement\":[{\"@type\":\"ListItem\",\"position\":1,\"name\":\"Home\",\"item\":\"https:\\\/\\\/comt.cat\\\/es\\\/\"},{\"@type\":\"ListItem\",\"position\":2,\"name\":\"Pol\u00edtica de privacitat Mutual M\u00e9dica\"}]},{\"@type\":\"WebSite\",\"@id\":\"https:\\\/\\\/comt.cat\\\/#website\",\"url\":\"https:\\\/\\\/comt.cat\\\/\",\"name\":\"COMT\",\"description\":\"Col\u00b7legi de Metges de Tarragona\",\"potentialAction\":[{\"@type\":\"SearchAction\",\"target\":{\"@type\":\"EntryPoint\",\"urlTemplate\":\"https:\\\/\\\/comt.cat\\\/?s={search_term_string}\"},\"query-input\":{\"@type\":\"PropertyValueSpecification\",\"valueRequired\":true,\"valueName\":\"search_term_string\"}}],\"inLanguage\":\"es\"}]}<\/script>\n<!-- \/ Yoast SEO plugin. -->","yoast_head_json":{"title":"Pol\u00edtica de privacitat Mutual M\u00e9dica - COMT","robots":{"index":"index","follow":"follow","max-snippet":"max-snippet:-1","max-image-preview":"max-image-preview:large","max-video-preview":"max-video-preview:-1"},"canonical":"https:\/\/comt.cat\/politica-de-privacitat-mutual-medica\/","og_locale":"es_ES","og_type":"article","og_title":"Pol\u00edtica de privacitat Mutual M\u00e9dica - COMT","og_url":"https:\/\/comt.cat\/politica-de-privacitat-mutual-medica\/","og_site_name":"COMT","article_modified_time":"2025-04-16T10:10:22+00:00","twitter_card":"summary_large_image","schema":{"@context":"https:\/\/schema.org","@graph":[{"@type":"WebPage","@id":"https:\/\/comt.cat\/politica-de-privacitat-mutual-medica\/","url":"https:\/\/comt.cat\/politica-de-privacitat-mutual-medica\/","name":"Pol\u00edtica de privacitat Mutual M\u00e9dica - COMT","isPartOf":{"@id":"https:\/\/comt.cat\/#website"},"datePublished":"2025-04-16T10:08:06+00:00","dateModified":"2025-04-16T10:10:22+00:00","breadcrumb":{"@id":"https:\/\/comt.cat\/politica-de-privacitat-mutual-medica\/#breadcrumb"},"inLanguage":"es","potentialAction":[{"@type":"ReadAction","target":["https:\/\/comt.cat\/politica-de-privacitat-mutual-medica\/"]}]},{"@type":"BreadcrumbList","@id":"https:\/\/comt.cat\/politica-de-privacitat-mutual-medica\/#breadcrumb","itemListElement":[{"@type":"ListItem","position":1,"name":"Home","item":"https:\/\/comt.cat\/es\/"},{"@type":"ListItem","position":2,"name":"Pol\u00edtica de privacitat Mutual M\u00e9dica"}]},{"@type":"WebSite","@id":"https:\/\/comt.cat\/#website","url":"https:\/\/comt.cat\/","name":"COMT","description":"Col\u00b7legi de Metges de Tarragona","potentialAction":[{"@type":"SearchAction","target":{"@type":"EntryPoint","urlTemplate":"https:\/\/comt.cat\/?s={search_term_string}"},"query-input":{"@type":"PropertyValueSpecification","valueRequired":true,"valueName":"search_term_string"}}],"inLanguage":"es"}]}},"_links":{"self":[{"href":"https:\/\/comt.cat\/es\/wp-json\/wp\/v2\/pages\/39448","targetHints":{"allow":["GET"]}}],"collection":[{"href":"https:\/\/comt.cat\/es\/wp-json\/wp\/v2\/pages"}],"about":[{"href":"https:\/\/comt.cat\/es\/wp-json\/wp\/v2\/types\/page"}],"author":[{"embeddable":true,"href":"https:\/\/comt.cat\/es\/wp-json\/wp\/v2\/users\/3183"}],"replies":[{"embeddable":true,"href":"https:\/\/comt.cat\/es\/wp-json\/wp\/v2\/comments?post=39448"}],"version-history":[{"count":2,"href":"https:\/\/comt.cat\/es\/wp-json\/wp\/v2\/pages\/39448\/revisions"}],"predecessor-version":[{"id":39452,"href":"https:\/\/comt.cat\/es\/wp-json\/wp\/v2\/pages\/39448\/revisions\/39452"}],"wp:attachment":[{"href":"https:\/\/comt.cat\/es\/wp-json\/wp\/v2\/media?parent=39448"}],"curies":[{"name":"wp","href":"https:\/\/api.w.org\/{rel}","templated":true}]}}