{"id":40620,"date":"2025-06-06T17:56:19","date_gmt":"2025-06-06T15:56:19","guid":{"rendered":"https:\/\/comt.cat\/?page_id=40620"},"modified":"2025-06-06T17:59:43","modified_gmt":"2025-06-06T15:59:43","slug":"seccion-sexologia-clinica-y-salud-sexual","status":"publish","type":"page","link":"https:\/\/comt.cat\/es\/secciones-colegiales\/seccion-sexologia-clinica-y-salud-sexual\/","title":{"rendered":"Secci\u00f3n Sexolog\u00eda Cl\u00ednica y Salud Sexual"},"content":{"rendered":"\n\n  <div class=\"banner has-hover\" id=\"banner-1743721181\">\n          <div class=\"banner-inner fill\">\n        <div class=\"banner-bg fill\" >\n            <img loading=\"lazy\" decoding=\"async\" width=\"1920\" height=\"1080\" src=\"https:\/\/comt.cat\/wp-content\/uploads\/2021\/08\/DSC03740-min.jpg\" class=\"bg attachment-original size-original\" alt=\"\" \/>                        <div class=\"overlay\"><\/div>            \n                    <\/div>\n\t\t\n        <div class=\"banner-layers container\">\n            <div class=\"fill banner-link\"><\/div>            \n\n   <div id=\"text-box-6883325\" class=\"text-box banner-layer x50 md-x50 lg-x50 y50 md-y50 lg-y50 res-text\">\n                                <div class=\"text-box-content text dark\">\n              \n              <div class=\"text-inner text-center\">\n                  \n\n\t<div id=\"text-2604007232\" class=\"text\">\n\t\t\n\n<h2><span style=\"color: #ffffff;\" data-text-color=\"\">&nbsp;Secci\u00f3n de Sexolog\u00eda Cl\u00ednica y Salud Sexual<\/span><\/h2>\n\t\t\n<style>\n#text-2604007232 {\n  font-size: 0.9rem;\n}\n<\/style>\n\t<\/div>\n\t\n\n              <\/div>\n           <\/div>\n                            \n<style>\n#text-box-6883325 {\n  width: 90%;\n}\n#text-box-6883325 .text-box-content {\n  font-size: 55%;\n}\n@media (min-width:550px) {\n  #text-box-6883325 {\n    width: 60%;\n  }\n  #text-box-6883325 .text-box-content {\n    font-size: 100%;\n  }\n}\n<\/style>\n    <\/div>\n \n\n        <\/div>\n      <\/div>\n\n            \n<style>\n#banner-1743721181 {\n  padding-top: 200px;\n  background-color: rgb(252, 248, 243);\n}\n#banner-1743721181 .overlay {\n  background-color: rgba(0, 0, 0, 0.645);\n}\n#banner-1743721181 .banner-bg img {\n  object-position: 43% 75%;\n}\n<\/style>\n  <\/div>\n\n\n\n\t<section class=\"section\" id=\"section_1771894481\">\n\t\t<div class=\"section-bg fill\" >\n\t\t\t\t\t\t\t\t\t\n\t\t\t\n\n\t\t<\/div>\n\n\t\t\n\n\t\t<div class=\"section-content relative\">\n\t\t\t\n\n<div class=\"row align-equal align-center\"  id=\"row-1169201229\">\n\n\n\t<div id=\"col-412311739\" class=\"col medium-4 small-12 large-4\"  >\n\t\t\t\t<div class=\"col-inner text-center\"  >\n\t\t\t\n\t\t\t\n\n\t<div class=\"box has-hover   has-hover box-text-bottom\" >\n\n\t\t<div class=\"box-image\" >\n\t\t\t\t\t\t<div class=\"image-cover\" style=\"padding-top:75%;\">\n\t\t\t\t<img decoding=\"async\" src=\"https:\/\/comt.cat\/wp-content\/themes\/flatsome\/assets\/img\/missing.jpg\" \/>\t\t\t\t\t\t\t\t\t\t\t<\/div>\n\t\t\t\t\t<\/div>\n\n\t\t<div class=\"box-text text-center\" style=\"background-color:rgb(245, 245, 245);\">\n\t\t\t<div class=\"box-text-inner\">\n\t\t\t\t\n\n<p><strong><span style=\"font-size: 90%;\" data-text-color=\"success\"> Presidente<\/span><\/strong><\/p>\n<h3>Dr. Benjam\u00ed Cobo Outomuro<\/h3>\n<p>Obstetricia y Ginecolog\u00eda<\/p>\n\n\t\t\t<\/div>\n\t\t<\/div>\n\t<\/div>\n\t\n\n\t\t<\/div>\n\t\t\t\t\t<\/div>\n\n\t\n\n\t<div id=\"col-1237405238\" class=\"col medium-4 small-12 large-4\"  >\n\t\t\t\t<div class=\"col-inner text-center\"  >\n\t\t\t\n\t\t\t\n\n\t<div class=\"box has-hover   has-hover box-text-bottom\" >\n\n\t\t<div class=\"box-image\" >\n\t\t\t\t\t\t<div class=\"image-cover\" style=\"padding-top:75%;\">\n\t\t\t\t<img decoding=\"async\" src=\"https:\/\/comt.cat\/wp-content\/themes\/flatsome\/assets\/img\/missing.jpg\" \/>\t\t\t\t\t\t\t\t\t\t\t<\/div>\n\t\t\t\t\t<\/div>\n\n\t\t<div class=\"box-text text-center\" style=\"background-color:rgb(245, 245, 245);\">\n\t\t\t<div class=\"box-text-inner\">\n\t\t\t\t\n\n<p><strong><span style=\"font-size: 90%;\" data-text-color=\"success\"> Secretaria<\/span><\/strong><\/p>\n<h3>Dra. Luciana Gim\u00e9nez<\/h3>\n<p>Obstetricia y Ginecolog\u00eda<\/p>\n\n\t\t\t<\/div>\n\t\t<\/div>\n\t<\/div>\n\t\n\n\t\t<\/div>\n\t\t\t\t\t<\/div>\n\n\t\n\n\t<div id=\"col-2083228715\" class=\"col medium-4 small-12 large-4\"  >\n\t\t\t\t<div class=\"col-inner\" style=\"background-color:rgb(245, 245, 245);\" >\n\t\t\t\n\t\t\t\n\n\t<div id=\"text-463118729\" class=\"text\">\n\t\t\n\n<p><strong><span style=\"font-size: 90%;\" data-text-color=\"success\"> Tesorera<\/span><\/strong><\/p>\n<h3>Dra. Isabel dela Cruz Hidalgo<\/h3>\n<p>Urolog\u00eda<\/p>\n\t\t\n<style>\n#text-463118729 {\n  font-size: 0.75rem;\n  line-height: 0.85;\n}\n<\/style>\n\t<\/div>\n\t\n\t<div id=\"text-1761469191\" class=\"text\">\n\t\t\n\n<p><strong><span style=\"font-size: 90%;\" data-text-color=\"success\"> Vocal<\/span><\/strong><\/p>\n<h3>Dra. Mar\u00eda del Carmen Nolla Sabat\u00e9<\/h3>\n<p>Medicina de Familia<\/p>\n\t\t\n<style>\n#text-1761469191 {\n  font-size: 0.75rem;\n  line-height: 0.85;\n}\n<\/style>\n\t<\/div>\n\t\n\t<div id=\"text-2464488960\" class=\"text\">\n\t\t\n\n<p><strong><span style=\"font-size: 90%;\" data-text-color=\"success\"> Vocal<\/span><\/strong><\/p>\n<h3>Dra. Laura Montolio Rodr\u00edguez<\/h3>\n<p>Medicina de Familia<\/p>\n\t\t\n<style>\n#text-2464488960 {\n  font-size: 0.75rem;\n  line-height: 0.85;\n}\n<\/style>\n\t<\/div>\n\t\n\n\t\t<\/div>\n\t\t\t\t\n<style>\n#col-2083228715 > .col-inner {\n  padding: 48px 0px 5px 30px;\n  margin: 0px 0px 0px 0;\n}\n<\/style>\n\t<\/div>\n\n\t\n\n<\/div>\n<div class=\"row\"  id=\"row-1696198435\">\n\n\n\t<div id=\"col-1924348766\" class=\"col small-12 large-12\"  >\n\t\t\t\t<div class=\"col-inner\"  >\n\t\t\t\n\t\t\t\n\n\t<div id=\"text-742214802\" class=\"text\">\n\t\t\n\n<h2 style=\"text-align: left;\">\u00daltimas noticias o art\u00edculos de esta secci\u00f3n<\/h2>\n\t\t\n<style>\n#text-742214802 {\n  text-align: left;\n}\n<\/style>\n\t<\/div>\n\t\n<div class=\"is-divider divider clearfix\" style=\"background-color:rgb(126, 178, 233);\"><\/div>\n\n\n  \n    <div class=\"row large-columns-4 medium-columns-1 small-columns-1\" >\n  <div class=\"col post-item\" >\n\t\t\t<div class=\"col-inner\">\n\t\t\t\t<div class=\"box box-normal box-text-bottom box-blog-post has-hover\">\n            \t\t\t\t\t<div class=\"box-image\" >\n  \t\t\t\t\t\t<div class=\"image-cover\" style=\"padding-top:56.25%;\">\n\t\t\t\t\t\t\t<a href=\"https:\/\/comt.cat\/es\/nace-la-seccion-colegial-de-sexologia-clinica-y-salud-sexual\/\" class=\"plain\" aria-label=\"Nace la Secci\u00f3n Colegial de Sexolog\u00eda Cl\u00ednica y Salud Sexual\">\n\t\t\t\t\t\t\t\t<img loading=\"lazy\" decoding=\"async\" width=\"300\" height=\"136\" src=\"https:\/\/comt.cat\/wp-content\/uploads\/2025\/06\/DESTACADES-1540-x-700-px-1540-x-700-px-21-300x136.png\" class=\"attachment-medium size-medium wp-post-image\" alt=\"\" srcset=\"https:\/\/comt.cat\/wp-content\/uploads\/2025\/06\/DESTACADES-1540-x-700-px-1540-x-700-px-21-300x136.png 300w, https:\/\/comt.cat\/wp-content\/uploads\/2025\/06\/DESTACADES-1540-x-700-px-1540-x-700-px-21-1024x465.png 1024w, https:\/\/comt.cat\/wp-content\/uploads\/2025\/06\/DESTACADES-1540-x-700-px-1540-x-700-px-21-768x349.png 768w, https:\/\/comt.cat\/wp-content\/uploads\/2025\/06\/DESTACADES-1540-x-700-px-1540-x-700-px-21-1536x698.png 1536w, https:\/\/comt.cat\/wp-content\/uploads\/2025\/06\/DESTACADES-1540-x-700-px-1540-x-700-px-21-600x273.png 600w, https:\/\/comt.cat\/wp-content\/uploads\/2025\/06\/DESTACADES-1540-x-700-px-1540-x-700-px-21.png 1540w\" sizes=\"(max-width: 300px) 100vw, 300px\" \/>\t\t\t\t\t\t\t<\/a>\n  \t\t\t\t\t\t\t  \t\t\t\t\t\t\t  \t\t\t\t\t\t<\/div>\n  \t\t\t\t\t\t  \t\t\t\t\t<\/div>\n          \t\t\t\t\t<div class=\"box-text text-left\" >\n\t\t\t\t\t<div class=\"box-text-inner blog-post-inner\">\n\n\t\t\t\t\t\n\t\t\t\t\t\t\t\t\t\t<h5 class=\"post-title is-large \">\n\t\t\t\t\t\t<a href=\"https:\/\/comt.cat\/es\/nace-la-seccion-colegial-de-sexologia-clinica-y-salud-sexual\/\" class=\"plain\">Nace la Secci\u00f3n Colegial de Sexolog\u00eda Cl\u00ednica y Salud Sexual<\/a>\n\t\t\t\t\t<\/h5>\n\t\t\t\t\t\t\t\t\t\t<div class=\"is-divider\"><\/div>\n\t\t\t\t\t\t\t\t\t\t<p class=\"from_the_blog_excerpt \">\n\t\t\t\t\t\tEl Colegio Oficial de M\u00e9dicos de Tarragona ha constituido recientemente una nueva secci\u00f3n colegial: la...\t\t\t\t\t<\/p>\n\t\t\t\t\t                    \n\t\t\t\t\t\t\t\t\t\t\t<a href=\"https:\/\/comt.cat\/es\/nace-la-seccion-colegial-de-sexologia-clinica-y-salud-sexual\/\" class=\"button  is-outline is-small mb-0\">\n\t\t\t\t\t\t\tLeer m\u00e1s\t\t\t\t\t\t<\/a>\n\t\t\t\t\t\n\t\t\t\t\t\n\t\t\t\t\t<\/div>\n\t\t\t\t\t<\/div>\n\t\t\t\t\t\t\t\t\t\t\t\t\t\t\t\t<div class=\"badge absolute top post-date badge-outline\">\n\t\t\t\t\t\t\t<div class=\"badge-inner\">\n\t\t\t\t\t\t\t\t<span class=\"post-date-day\">06<\/span><br>\n\t\t\t\t\t\t\t\t<span class=\"post-date-month is-xsmall\">Jun<\/span>\n\t\t\t\t\t\t\t<\/div>\n\t\t\t\t\t\t<\/div>\n\t\t\t\t\t\t\t\t\t<\/div>\n\t\t\t<\/div>\n\t\t<\/div><\/div>\n\n\n\t\t<\/div>\n\t\t\t\t\t<\/div>\n\n\t\n\n<\/div>\n\n\t\t<\/div>\n\n\t\t\n<style>\n#section_1771894481 {\n  padding-top: 30px;\n  padding-bottom: 30px;\n}\n<\/style>\n\t<\/section>\n\t\n\n\t<section class=\"section\" id=\"section_136741486\">\n\t\t<div class=\"section-bg fill\" >\n\t\t\t\t\t\t\t\t\t\n\t\t\t\n\n\t\t<\/div>\n\n\t\t\n\n\t\t<div class=\"section-content relative\">\n\t\t\t\n\n<div class=\"row align-center\"  id=\"row-1406459509\">\n\n\n\t<div id=\"col-1001956884\" class=\"col medium-6 small-12 large-6\"  data-animate=\"fadeInUp\">\n\t\t\t\t<div class=\"col-inner text-center\"  >\n\t\t\t\n\t\t\t\n\n\t<div id=\"text-4003342228\" class=\"text\">\n\t\t\n\n<h1>\u00bfQuieres formar parte de la secci\u00f3n?<\/h1>\n<p><strong><span style=\"font-size: 110%;\">Te invitamos a participar activamente en la vida colegial.<\/span><\/strong><\/p>\n\t\t\n<style>\n#text-4003342228 {\n  color: rgb(255, 255, 255);\n}\n#text-4003342228 > * {\n  color: rgb(255, 255, 255);\n}\n<\/style>\n\t<\/div>\n\t\n<a href=\"https:\/\/docs.google.com\/forms\/d\/e\/1FAIpQLSeQ0JwFkzBQoLC366ODDIrulz6rxMpt-s2qJ957wULiZGzBAA\/viewform?usp=dialog\" target=\"_blank\" class=\"button alert\" rel=\"noopener\" >\n\t\t<span>Darse de alta en nuestra secci\u00f3n<\/span>\n\t<\/a>\n\n\n\n\t\t<\/div>\n\t\t\t\t\n<style>\n#col-1001956884 > .col-inner {\n  padding: 25px 0px 0px 0px;\n}\n<\/style>\n\t<\/div>\n\n\t\n\n<\/div>\n\n\t\t<\/div>\n\n\t\t\n<style>\n#section_136741486 {\n  padding-top: 17px;\n  padding-bottom: 17px;\n  background-color: #47dace;\n}\n<\/style>\n\t<\/section>\n\t\n\n\t<section class=\"section\" id=\"section_892134647\">\n\t\t<div class=\"section-bg fill\" >\n\t\t\t\t\t\t\t\t\t\n\t\t\t\n\n\t\t<\/div>\n\n\t\t\n\n\t\t<div class=\"section-content relative\">\n\t\t\t\n\n<div class=\"row row-large align-middle align-center\"  id=\"row-1965457310\">\n\n\n\t<div id=\"col-742016007\" class=\"col medium-10 small-12 large-6\"  >\n\t\t\t\t<div class=\"col-inner\"  >\n\t\t\t\n\t\t\t\n\n\n  <div class=\"banner has-hover\" id=\"banner-1681939521\">\n          <div class=\"banner-inner fill\">\n        <div class=\"banner-bg fill\" >\n            <img loading=\"lazy\" decoding=\"async\" width=\"1000\" height=\"693\" src=\"https:\/\/comt.cat\/wp-content\/uploads\/2021\/08\/middle-aged-female-doctor-wearing-wearing-medical-robe-with-stethoscope-sitting-at-desk-work-on-laptop-with-medical-tools-write-on-clipboard-min.jpg\" class=\"bg attachment-large size-large\" alt=\"\" \/>                                    \n                    <\/div>\n\t\t\n        <div class=\"banner-layers container\">\n            <div class=\"fill banner-link\"><\/div>            \n\n\n        <\/div>\n      <\/div>\n\n            \n<style>\n#banner-1681939521 {\n  padding-top: 300px;\n  background-color: rgb(252, 248, 243);\n}\n#banner-1681939521 .banner-bg img {\n  object-position: 49% 43%;\n}\n@media (min-width:850px) {\n  #banner-1681939521 {\n    padding-top: 99.99%;\n  }\n}\n<\/style>\n  <\/div>\n\n\n\n\t\t<\/div>\n\t\t\t\t\t<\/div>\n\n\t\n\n\t<div id=\"col-1056867361\" class=\"col medium-10 small-12 large-6\"  >\n\t\t\t\t<div class=\"col-inner\"  >\n\t\t\t\n\t\t\t\n\n<div class=\"is-divider divider clearfix\" style=\"background-color:rgb(126, 178, 233);\"><\/div>\n\n<h2><span data-text-color=\"success\">Los objetivos<\/span><\/h2>\n<p>Esta secci\u00f3n tiene como objetivo principal impulsar la sexolog\u00eda m\u00e9dica y la diversidad de g\u00e9nero dentro del \u00e1mbito cl\u00ednico, con una mirada rigurosa, actualizada y comprometida con los derechos sexuales y reproductivos de las personas. Para lograrlo, se propone:<\/p>\n<ul>\n<li>Facilitar la formaci\u00f3n y capacitaci\u00f3n de los m\u00e9dicos en sexolog\u00eda y diversidad de g\u00e9nero mediante talleres y cursos espec\u00edficos<\/li>\n<li>Promover la investigaci\u00f3n y la divulgaci\u00f3n cient\u00edfica en este \u00e1mbito<\/li>\n<li>Fomentar la formaci\u00f3n continuada acreditada<\/li>\n<li>Asesorar a la Junta de Gobierno del COMT en materias relacionadas con la salud sexual y la pr\u00e1ctica cl\u00ednica<\/li>\n<\/ul>\n\t<div id=\"gap-1305293628\" class=\"gap-element clearfix\" style=\"display:block; height:auto;\">\n\t\t\n<style>\n#gap-1305293628 {\n  padding-top: 10px;\n}\n<\/style>\n\t<\/div>\n\t\n\n\n\t\t<\/div>\n\t\t\t\t\t<\/div>\n\n\t\n\n<\/div>\n\n\t\t<\/div>\n\n\t\t\n<style>\n#section_892134647 {\n  padding-top: 69px;\n  padding-bottom: 69px;\n  background-color: rgb(247, 247, 247);\n}\n<\/style>\n\t<\/section>\n\t\n\n\t<section class=\"section\" id=\"section_554061997\">\n\t\t<div class=\"section-bg fill\" >\n\t\t\t\t\t\t\t\t\t\n\t\t\t\n\n\t\t<\/div>\n\n\t\t\n\n\t\t<div class=\"section-content relative\">\n\t\t\t\n\n<div class=\"row\"  id=\"row-390945824\">\n\n\n\t<div id=\"col-305056997\" class=\"col small-12 large-12\"  >\n\t\t\t\t<div class=\"col-inner\"  >\n\t\t\t\n\t\t\t\n\n<div class=\"row\"  id=\"row-1123083515\">\n\n\n\t<div id=\"col-264469900\" class=\"col small-12 large-12\"  >\n\t\t\t\t<div class=\"col-inner text-center\" style=\"background-color:rgb(245, 245, 245);\" >\n\t\t\t\n\t\t\t\n\n<a class=\"button success\" >\n\t<i class=\"icon-angle-down\" aria-hidden=\"true\"><\/i>\t<span>Proclamaci\u00f3n candidaturas<\/span>\n\t<\/a>\n\n\n<a class=\"button secondary\" >\n\t<i class=\"icon-angle-down\" aria-hidden=\"true\"><\/i>\t<span>Descargar Reglamento<\/span>\n\t<\/a>\n\n\n<a class=\"button primary\" >\n\t<i class=\"icon-envelop\" aria-hidden=\"true\"><\/i>\t<span>Correo<\/span>\n\t<\/a>\n\n\n\t<div id=\"gap-401141186\" class=\"gap-element clearfix\" style=\"display:block; height:auto;\">\n\t\t\n<style>\n#gap-401141186 {\n  padding-top: 30px;\n}\n<\/style>\n\t<\/div>\n\t\n\n<a href=\"mailto:med.esport@comt.es\" target=\"_blank\" class=\"button primary is-shade is-larger box-shadow-4 box-shadow-5-hover\" rel=\"noopener\" style=\"border-radius:10px;\">\n\t\t<span>\u00bfTienes alg\u00fan sugerencia?<\/span>\n\t<\/a>\n\n\n\n\t\t<\/div>\n\t\t\t\t\n<style>\n#col-264469900 > .col-inner {\n  padding: 17px 0px 5px 30px;\n  margin: 0px 0px 0px 0;\n}\n<\/style>\n\t<\/div>\n\n\t\n\n<\/div>\n\n\t\t<\/div>\n\t\t\t\t\t<\/div>\n\n\t\n\n<\/div>\n\n\t\t<\/div>\n\n\t\t\n<style>\n#section_554061997 {\n  padding-top: 75px;\n  padding-bottom: 75px;\n}\n<\/style>\n\t<\/section>\n\t\n\n\n","protected":false},"excerpt":{"rendered":"","protected":false},"author":3183,"featured_media":0,"parent":10850,"menu_order":0,"comment_status":"closed","ping_status":"closed","template":"page-blank.php","meta":{"footnotes":""},"class_list":["post-40620","page","type-page","status-publish","hentry"],"yoast_head":"<!-- This site is optimized with the Yoast SEO plugin v27.4 - https:\/\/yoast.com\/product\/yoast-seo-wordpress\/ -->\n<title>Secci\u00f3n Sexolog\u00eda Cl\u00ednica y Salud Sexual - COMT<\/title>\n<meta name=\"robots\" content=\"index, follow, max-snippet:-1, max-image-preview:large, max-video-preview:-1\" \/>\n<link rel=\"canonical\" href=\"https:\/\/comt.cat\/es\/secciones-colegiales\/seccion-sexologia-clinica-y-salud-sexual\/\" \/>\n<meta property=\"og:locale\" content=\"es_ES\" \/>\n<meta property=\"og:type\" content=\"article\" \/>\n<meta property=\"og:title\" content=\"Secci\u00f3n Sexolog\u00eda Cl\u00ednica y Salud Sexual - COMT\" \/>\n<meta property=\"og:url\" content=\"https:\/\/comt.cat\/es\/secciones-colegiales\/seccion-sexologia-clinica-y-salud-sexual\/\" \/>\n<meta property=\"og:site_name\" content=\"COMT\" \/>\n<meta property=\"article:modified_time\" content=\"2025-06-06T15:59:43+00:00\" \/>\n<meta name=\"twitter:card\" content=\"summary_large_image\" \/>\n<meta name=\"twitter:label1\" content=\"Tiempo de lectura\" \/>\n\t<meta name=\"twitter:data1\" content=\"2 minutos\" \/>\n<script type=\"application\/ld+json\" class=\"yoast-schema-graph\">{\"@context\":\"https:\\\/\\\/schema.org\",\"@graph\":[{\"@type\":\"WebPage\",\"@id\":\"https:\\\/\\\/comt.cat\\\/es\\\/secciones-colegiales\\\/seccion-sexologia-clinica-y-salud-sexual\\\/\",\"url\":\"https:\\\/\\\/comt.cat\\\/es\\\/secciones-colegiales\\\/seccion-sexologia-clinica-y-salud-sexual\\\/\",\"name\":\"Secci\u00f3n Sexolog\u00eda Cl\u00ednica y Salud Sexual - COMT\",\"isPartOf\":{\"@id\":\"https:\\\/\\\/comt.cat\\\/#website\"},\"datePublished\":\"2025-06-06T15:56:19+00:00\",\"dateModified\":\"2025-06-06T15:59:43+00:00\",\"breadcrumb\":{\"@id\":\"https:\\\/\\\/comt.cat\\\/es\\\/secciones-colegiales\\\/seccion-sexologia-clinica-y-salud-sexual\\\/#breadcrumb\"},\"inLanguage\":\"es\",\"potentialAction\":[{\"@type\":\"ReadAction\",\"target\":[\"https:\\\/\\\/comt.cat\\\/es\\\/secciones-colegiales\\\/seccion-sexologia-clinica-y-salud-sexual\\\/\"]}]},{\"@type\":\"BreadcrumbList\",\"@id\":\"https:\\\/\\\/comt.cat\\\/es\\\/secciones-colegiales\\\/seccion-sexologia-clinica-y-salud-sexual\\\/#breadcrumb\",\"itemListElement\":[{\"@type\":\"ListItem\",\"position\":1,\"name\":\"Home\",\"item\":\"https:\\\/\\\/comt.cat\\\/es\\\/\"},{\"@type\":\"ListItem\",\"position\":2,\"name\":\"Secciones colegiales\",\"item\":\"https:\\\/\\\/comt.cat\\\/es\\\/secciones-colegiales\\\/\"},{\"@type\":\"ListItem\",\"position\":3,\"name\":\"Secci\u00f3n Sexolog\u00eda Cl\u00ednica y Salud Sexual\"}]},{\"@type\":\"WebSite\",\"@id\":\"https:\\\/\\\/comt.cat\\\/#website\",\"url\":\"https:\\\/\\\/comt.cat\\\/\",\"name\":\"COMT\",\"description\":\"Col\u00b7legi de Metges de Tarragona\",\"potentialAction\":[{\"@type\":\"SearchAction\",\"target\":{\"@type\":\"EntryPoint\",\"urlTemplate\":\"https:\\\/\\\/comt.cat\\\/?s={search_term_string}\"},\"query-input\":{\"@type\":\"PropertyValueSpecification\",\"valueRequired\":true,\"valueName\":\"search_term_string\"}}],\"inLanguage\":\"es\"}]}<\/script>\n<!-- \/ Yoast SEO plugin. -->","yoast_head_json":{"title":"Secci\u00f3n Sexolog\u00eda Cl\u00ednica y Salud Sexual - COMT","robots":{"index":"index","follow":"follow","max-snippet":"max-snippet:-1","max-image-preview":"max-image-preview:large","max-video-preview":"max-video-preview:-1"},"canonical":"https:\/\/comt.cat\/es\/secciones-colegiales\/seccion-sexologia-clinica-y-salud-sexual\/","og_locale":"es_ES","og_type":"article","og_title":"Secci\u00f3n Sexolog\u00eda Cl\u00ednica y Salud Sexual - COMT","og_url":"https:\/\/comt.cat\/es\/secciones-colegiales\/seccion-sexologia-clinica-y-salud-sexual\/","og_site_name":"COMT","article_modified_time":"2025-06-06T15:59:43+00:00","twitter_card":"summary_large_image","twitter_misc":{"Tiempo de lectura":"2 minutos"},"schema":{"@context":"https:\/\/schema.org","@graph":[{"@type":"WebPage","@id":"https:\/\/comt.cat\/es\/secciones-colegiales\/seccion-sexologia-clinica-y-salud-sexual\/","url":"https:\/\/comt.cat\/es\/secciones-colegiales\/seccion-sexologia-clinica-y-salud-sexual\/","name":"Secci\u00f3n Sexolog\u00eda Cl\u00ednica y Salud Sexual - COMT","isPartOf":{"@id":"https:\/\/comt.cat\/#website"},"datePublished":"2025-06-06T15:56:19+00:00","dateModified":"2025-06-06T15:59:43+00:00","breadcrumb":{"@id":"https:\/\/comt.cat\/es\/secciones-colegiales\/seccion-sexologia-clinica-y-salud-sexual\/#breadcrumb"},"inLanguage":"es","potentialAction":[{"@type":"ReadAction","target":["https:\/\/comt.cat\/es\/secciones-colegiales\/seccion-sexologia-clinica-y-salud-sexual\/"]}]},{"@type":"BreadcrumbList","@id":"https:\/\/comt.cat\/es\/secciones-colegiales\/seccion-sexologia-clinica-y-salud-sexual\/#breadcrumb","itemListElement":[{"@type":"ListItem","position":1,"name":"Home","item":"https:\/\/comt.cat\/es\/"},{"@type":"ListItem","position":2,"name":"Secciones colegiales","item":"https:\/\/comt.cat\/es\/secciones-colegiales\/"},{"@type":"ListItem","position":3,"name":"Secci\u00f3n Sexolog\u00eda Cl\u00ednica y Salud Sexual"}]},{"@type":"WebSite","@id":"https:\/\/comt.cat\/#website","url":"https:\/\/comt.cat\/","name":"COMT","description":"Col\u00b7legi de Metges de Tarragona","potentialAction":[{"@type":"SearchAction","target":{"@type":"EntryPoint","urlTemplate":"https:\/\/comt.cat\/?s={search_term_string}"},"query-input":{"@type":"PropertyValueSpecification","valueRequired":true,"valueName":"search_term_string"}}],"inLanguage":"es"}]}},"_links":{"self":[{"href":"https:\/\/comt.cat\/es\/wp-json\/wp\/v2\/pages\/40620","targetHints":{"allow":["GET"]}}],"collection":[{"href":"https:\/\/comt.cat\/es\/wp-json\/wp\/v2\/pages"}],"about":[{"href":"https:\/\/comt.cat\/es\/wp-json\/wp\/v2\/types\/page"}],"author":[{"embeddable":true,"href":"https:\/\/comt.cat\/es\/wp-json\/wp\/v2\/users\/3183"}],"replies":[{"embeddable":true,"href":"https:\/\/comt.cat\/es\/wp-json\/wp\/v2\/comments?post=40620"}],"version-history":[{"count":5,"href":"https:\/\/comt.cat\/es\/wp-json\/wp\/v2\/pages\/40620\/revisions"}],"predecessor-version":[{"id":40718,"href":"https:\/\/comt.cat\/es\/wp-json\/wp\/v2\/pages\/40620\/revisions\/40718"}],"up":[{"embeddable":true,"href":"https:\/\/comt.cat\/es\/wp-json\/wp\/v2\/pages\/10850"}],"wp:attachment":[{"href":"https:\/\/comt.cat\/es\/wp-json\/wp\/v2\/media?parent=40620"}],"curies":[{"name":"wp","href":"https:\/\/api.w.org\/{rel}","templated":true}]}}