{"id":47261,"date":"2026-03-26T14:16:20","date_gmt":"2026-03-26T13:16:20","guid":{"rendered":"https:\/\/comt.cat\/?page_id=47261"},"modified":"2026-04-13T13:12:10","modified_gmt":"2026-04-13T11:12:10","slug":"plan-de-ocio-2","status":"publish","type":"page","link":"https:\/\/comt.cat\/es\/plan-de-ocio-2\/","title":{"rendered":"Plan de ocio"},"content":{"rendered":"\n\n\t<section class=\"section\" id=\"section_1690949611\">\n\t\t<div class=\"section-bg fill\" >\n\t\t\t\t\t\t\t\t\t\n\t\t\t\n\n\t\t<\/div>\n\n\t\t\n\n\t\t<div class=\"section-content relative\">\n\t\t\t\n\n\t<div id=\"gap-107145904\" class=\"gap-element clearfix\" style=\"display:block; height:auto;\">\n\t\t\n<style>\n#gap-107145904 {\n  padding-top: 30px;\n}\n<\/style>\n\t<\/div>\n\t\n\n<div class=\"row align-middle align-center\"  id=\"row-374429555\">\n\n\n\t<div id=\"col-473207436\" class=\"col medium-12 small-12 large-4\"  >\n\t\t\t\t<div class=\"col-inner\"  >\n\t\t\t\n\t<div class=\"is-border\"\n\t\tstyle=\"border-width:0px 0px 0px 0;\">\n\t<\/div>\n\t\t\t\n\n\t<div id=\"text-6780742\" class=\"text\">\n\t\t\n\n<h1 style=\"text-align: center;\">Plan de Deportes del COMT<\/h1>\n\t\t\n<style>\n#text-6780742 {\n  font-size: 1.5rem;\n}\n<\/style>\n\t<\/div>\n\t\n\n\t\t<\/div>\n\t\t\t\t\n<style>\n#col-473207436 > .col-inner {\n  padding: 0px 0px 0px 30px;\n  margin: 0px 0px 0px 0px;\n}\n@media (min-width:850px) {\n  #col-473207436 > .col-inner {\n    margin: 10px 0px 0px 0px;\n  }\n}\n<\/style>\n\t<\/div>\n\n\t\n\n\t<div id=\"col-153465407\" class=\"col medium-12 small-12 large-8\"  >\n\t\t\t\t<div class=\"col-inner\"  >\n\t\t\t\n\t<div class=\"is-border\"\n\t\tstyle=\"border-color:rgb(131, 184, 238);border-width:0px 0px 0px 2px;\">\n\t<\/div>\n\t\t\t\n\n<p>El Colegio Oficial de M\u00e9dicos de Tarragona pone en marcha un programa deportivo dirigido a sus colegiados, orientado a promover la actividad f\u00edsica, los h\u00e1bitos saludables y el compa\u00f1erismo entre profesionales.<\/p>\n<p>La iniciativa se desarrolla en colaboraci\u00f3n con Treic Events, que facilitar\u00e1 la organizaci\u00f3n de actividades, eventos y propuestas deportivas para impulsar la pr\u00e1ctica del deporte y reforzar la comunidad m\u00e9dica.<\/p>\n\n\t\t<\/div>\n\t\t\t\t\n<style>\n#col-153465407 > .col-inner {\n  padding: 0px 0px 0px 30px;\n  margin: 0px 0px 0px 0px;\n}\n@media (min-width:850px) {\n  #col-153465407 > .col-inner {\n    margin: 10px 0px 0px 0px;\n  }\n}\n<\/style>\n\t<\/div>\n\n\t\n\n<\/div>\n\n\t\t<\/div>\n\n\t\t\n<style>\n#section_1690949611 {\n  padding-top: 60px;\n  padding-bottom: 60px;\n  min-height: 228px;\n  background-color: rgb(251, 248, 243);\n}\n@media (min-width:550px) {\n  #section_1690949611 {\n    padding-top: 80px;\n    padding-bottom: 80px;\n  }\n}\n@media (min-width:850px) {\n  #section_1690949611 {\n    padding-top: 17px;\n    padding-bottom: 17px;\n  }\n}\n<\/style>\n\t<\/section>\n\t\n\n\t<section class=\"section\" id=\"section_253388480\">\n\t\t<div class=\"section-bg fill\" >\n\t\t\t\t\t\t\t\t\t\n\t\t\t\n\n\t\t<\/div>\n\n\t\t\n\n\t\t<div class=\"section-content relative\">\n\t\t\t\n\n<div class=\"row row-large align-middle align-center\"  id=\"row-1993503\">\n\n\n\t<div id=\"col-1277956303\" class=\"col medium-6 small-12 large-6\"  >\n\t\t\t\t<div class=\"col-inner text-center\"  >\n\t\t\t\n\t\t\t\n\n<a href=\"https:\/\/eventos.juegosempresas.net\/\" class=\"button primary is-xlarge\" >\n\t\t<span>DESCUBRE EL PLAN DE DEPORTES<\/span>\n\t<\/a>\n\n\n<div class=\"flex flex-col text-sm pb-25\">\n<section class=\"text-token-text-primary w-full focus:outline-none &#091;--shadow-height:45px&#093; has-data-writing-block:pointer-events-none has-data-writing-block:-mt-(--shadow-height) has-data-writing-block:pt-(--shadow-height) &#091;&amp;:has(&#091;data-writing-block&#093;)&gt;*&#093;:pointer-events-auto scroll-mt-&#091;calc(var(--header-height)+min(200px,max(70px,20svh)))&#093;\" dir=\"auto\" data-turn-id=\"request-69cb9c25-d988-8397-a2af-572e725053ce-3\" data-testid=\"conversation-turn-18\" data-scroll-anchor=\"true\" data-turn=\"assistant\">\n<div class=\"text-base my-auto mx-auto pb-10 &#091;--thread-content-margin:var(--thread-content-margin-xs,calc(var(--spacing)*4))&#093; @w-sm\/main:&#091;--thread-content-margin:var(--thread-content-margin-sm,calc(var(--spacing)*6))&#093; @w-lg\/main:&#091;--thread-content-margin:var(--thread-content-margin-lg,calc(var(--spacing)*16))&#093; px-(--thread-content-margin)\">\n<div class=\"&#091;--thread-content-max-width:40rem&#093; @w-lg\/main:&#091;--thread-content-max-width:48rem&#093; mx-auto max-w-(--thread-content-max-width) flex-1 group\/turn-messages focus-visible:outline-hidden relative flex w-full min-w-0 flex-col agent-turn\">\n<div class=\"flex max-w-full flex-col gap-4 grow\">\n<div class=\"min-h-8 text-message relative flex w-full flex-col items-end gap-2 text-start break-words whitespace-normal outline-none keyboard-focused:focus-ring &#091;.text-message+&amp;&#093;:mt-1\" dir=\"auto\" tabindex=\"0\" data-message-author-role=\"assistant\" data-message-id=\"582d5305-0519-41ab-8dca-c65ae47ac65f\" data-message-model-slug=\"gpt-5-3\" data-turn-start-message=\"true\">\n<div class=\"flex w-full flex-col gap-1 empty:hidden\">\n<div class=\"markdown prose dark:prose-invert w-full wrap-break-word light markdown-new-styling\">\n<p data-start=\"0\" data-end=\"155\" data-is-last-node=\"\" data-is-only-node=\"\">Antes de inscribirte, es necesario haber creado una cuenta en la plataforma. Puedes consultar c\u00f3mo hacerlo paso a paso en este <a href=\"https:\/\/comt.cat\/es\/como-darte-de-alta-en-la-plataforma-del-plan-de-deportes-del-comt-te-lo-explicamos-paso-a-paso\/\">enlace<\/a>.<\/p>\n<\/div>\n<\/div>\n<\/div>\n<\/div>\n<\/div>\n<\/div>\n<\/section>\n<\/div>\n<div class=\"is-divider divider clearfix\" ><\/div>\n\n\n\t\t<\/div>\n\t\t\t\t\n<style>\n#col-1277956303 > .col-inner {\n  margin: 0px 0px -18px 0px;\n}\n<\/style>\n\t<\/div>\n\n\t\n\n<\/div>\n<div class=\"row\"  id=\"row-546407655\">\n\n\n\t<div id=\"col-1046717651\" class=\"col small-6 large-12\"  >\n\t\t\t\t<div class=\"col-inner\"  >\n\t\t\t\n\t\t\t\n\n\t<div class=\"box has-hover   has-hover box-text-bottom\" >\n\n\t\t<div class=\"box-image\" >\n\t\t\t<a href=\"https:\/\/eventos.juegosempresas.net\/diadadeportivacomttgnabril26\" target=\"_blank\" rel=\"noopener\" >\t\t\t<div class=\"\" >\n\t\t\t\t<img loading=\"lazy\" decoding=\"async\" width=\"1540\" height=\"700\" src=\"https:\/\/comt.cat\/wp-content\/uploads\/2026\/03\/DESTACADA-WEB-COMT-3.png\" class=\"attachment- size-\" alt=\"\" srcset=\"https:\/\/comt.cat\/wp-content\/uploads\/2026\/03\/DESTACADA-WEB-COMT-3.png 1540w, https:\/\/comt.cat\/wp-content\/uploads\/2026\/03\/DESTACADA-WEB-COMT-3-300x136.png 300w, https:\/\/comt.cat\/wp-content\/uploads\/2026\/03\/DESTACADA-WEB-COMT-3-1024x465.png 1024w, https:\/\/comt.cat\/wp-content\/uploads\/2026\/03\/DESTACADA-WEB-COMT-3-768x349.png 768w, https:\/\/comt.cat\/wp-content\/uploads\/2026\/03\/DESTACADA-WEB-COMT-3-1536x698.png 1536w, https:\/\/comt.cat\/wp-content\/uploads\/2026\/03\/DESTACADA-WEB-COMT-3-600x273.png 600w\" sizes=\"(max-width: 1540px) 100vw, 1540px\" \/>\t\t\t\t\t\t\t\t\t\t\t<\/div>\n\t\t\t<\/a>\t\t<\/div>\n\n\t\t<div class=\"box-text text-center is-large\" style=\"background-color:rgb(243, 243, 243);padding:27px 0px 20px 0px;\">\n\t\t\t<div class=\"box-text-inner\">\n\t\t\t\t\n\n<h4>Plan de Deportes del COMT 2026\u00a0<\/h4>\n<p>\u00a0<\/p>\n<h4><strong>ACTIVIDAD ABIERTA<\/strong><\/h4>\n<h4>DIADA DEPORTIVA<\/h4>\n<p>\u00a0<\/p>\n<h4>10 de mayo de 2026<\/h4>\n<p>\u00a0<\/p>\n\n\t\t\t<\/div>\n\t\t<\/div>\n\t<\/div>\n\t\n<a href=\"https:\/\/eventos.juegosempresas.net\/diadadeportivacomttgnabril26\" target=\"_blank\" class=\"button success expand\" rel=\"noopener\" >\n\t\t<span>M\u00e1s informaci\u00f3n<\/span>\n\t<\/a>\n\n\n\n\t\t<\/div>\n\t\t\t\t\t<\/div>\n\n\t\n\n\t<div id=\"col-628312950\" class=\"col medium-3 small-12 large-3\"  >\n\t\t\t\t<div class=\"col-inner\"  >\n\t\t\t\n\t\t\t\n\n<div class=\"container section-title-container\" ><h2 class=\"section-title section-title-normal\"><b aria-hidden=\"true\"><\/b><span class=\"section-title-main\" style=\"color:#45dace;\">Plan de ocio 2026<\/span><b aria-hidden=\"true\"><\/b><\/h2><\/div>\n\n\t<div class=\"box has-hover   has-hover box-text-bottom\" >\n\n\t\t<div class=\"box-image\" >\n\t\t\t<a href=\"https:\/\/eventos.juegosempresas.net\/torneodepadeltgnmayo2026\" target=\"_blank\" rel=\"noopener\" >\t\t\t<div class=\"\" >\n\t\t\t\t<img loading=\"lazy\" decoding=\"async\" width=\"1540\" height=\"700\" src=\"https:\/\/comt.cat\/wp-content\/uploads\/2026\/03\/27.png\" class=\"attachment- size-\" alt=\"\" srcset=\"https:\/\/comt.cat\/wp-content\/uploads\/2026\/03\/27.png 1540w, https:\/\/comt.cat\/wp-content\/uploads\/2026\/03\/27-300x136.png 300w, https:\/\/comt.cat\/wp-content\/uploads\/2026\/03\/27-1024x465.png 1024w, https:\/\/comt.cat\/wp-content\/uploads\/2026\/03\/27-768x349.png 768w, https:\/\/comt.cat\/wp-content\/uploads\/2026\/03\/27-1536x698.png 1536w, https:\/\/comt.cat\/wp-content\/uploads\/2026\/03\/27-600x273.png 600w\" sizes=\"(max-width: 1540px) 100vw, 1540px\" \/>\t\t\t\t<div class=\"overlay\" style=\"background-color:rgba(129, 129, 129, 0)\"><\/div>\t\t\t\t\t\t\t<\/div>\n\t\t\t<\/a>\t\t<\/div>\n\n\t\t<div class=\"box-text text-center is-large\" style=\"background-color:rgb(243, 243, 243);padding:27px 0px 20px 0px;\">\n\t\t\t<div class=\"box-text-inner\">\n\t\t\t\t\n\n<h3>ACTIVIDAD ABIERTA<\/h3>\n<p>\u00a0<\/p>\n<h4>P\u00e1del<\/h4>\n<p>\u00a0<\/p>\n<p>\u00a0<\/p>\n<p>16 de mayo de 2026<\/p>\n\n\t\t\t<\/div>\n\t\t<\/div>\n\t<\/div>\n\t\n<a href=\"https:\/\/eventos.juegosempresas.net\/torneodepadeltgnmayo2026\" class=\"button success expand\" >\n\t\t<span>M\u00e1s informaci\u00f3n<\/span>\n\t<\/a>\n\n\n\n\t\t<\/div>\n\t\t\t\t\t<\/div>\n\n\t\n\n\t<div id=\"col-568383698\" class=\"col medium-3 small-12 large-3\"  >\n\t\t\t\t<div class=\"col-inner\"  >\n\t\t\t\n\t\t\t\n\n<div class=\"container section-title-container\" ><h2 class=\"section-title section-title-normal\"><b aria-hidden=\"true\"><\/b><span class=\"section-title-main\" style=\"color:#ffffff;\">aaa<\/span><b aria-hidden=\"true\"><\/b><\/h2><\/div>\n\n\t<div class=\"box has-hover   has-hover box-text-bottom\" >\n\n\t\t<div class=\"box-image\" >\n\t\t\t<a href=\"https:\/\/eventos.juegosempresas.net\/torneofutbol7junio26\" target=\"_blank\" rel=\"noopener\" >\t\t\t<div class=\"\" >\n\t\t\t\t<img loading=\"lazy\" decoding=\"async\" width=\"1540\" height=\"700\" src=\"https:\/\/comt.cat\/wp-content\/uploads\/2026\/03\/26.png\" class=\"attachment- size-\" alt=\"\" srcset=\"https:\/\/comt.cat\/wp-content\/uploads\/2026\/03\/26.png 1540w, https:\/\/comt.cat\/wp-content\/uploads\/2026\/03\/26-300x136.png 300w, https:\/\/comt.cat\/wp-content\/uploads\/2026\/03\/26-1024x465.png 1024w, https:\/\/comt.cat\/wp-content\/uploads\/2026\/03\/26-768x349.png 768w, https:\/\/comt.cat\/wp-content\/uploads\/2026\/03\/26-1536x698.png 1536w, https:\/\/comt.cat\/wp-content\/uploads\/2026\/03\/26-600x273.png 600w\" sizes=\"(max-width: 1540px) 100vw, 1540px\" \/>\t\t\t\t<div class=\"overlay\" style=\"background-color:rgba(241, 241, 241, 0)\"><\/div>\t\t\t\t\t\t\t<\/div>\n\t\t\t<\/a>\t\t<\/div>\n\n\t\t<div class=\"box-text text-center is-large\" style=\"background-color:rgb(243, 243, 243);padding:27px 0px 20px 0px;\">\n\t\t\t<div class=\"box-text-inner\">\n\t\t\t\t\n\n<h3>ACTIVIDAD ABIERTA<\/h3>\n<p>\u00a0<\/p>\n<h4>DIADA DEPORTIVA<\/h4>\n<p>\u00a0<\/p>\n<p>\u00a0<\/p>\n<p>25 de abril de 2026<\/p>\n\n\t\t\t<\/div>\n\t\t<\/div>\n\t<\/div>\n\t\n<a href=\"https:\/\/eventos.juegosempresas.net\/torneofutbol7junio26\" class=\"button success expand\" >\n\t\t<span>M\u00e1s informaci\u00f3n<\/span>\n\t<\/a>\n\n\n\n\t\t<\/div>\n\t\t\t\t\t<\/div>\n\n\t\n\n\t<div id=\"col-2093765243\" class=\"col medium-3 small-12 large-3\"  >\n\t\t\t\t<div class=\"col-inner\"  >\n\t\t\t\n\t\t\t\n\n<div class=\"container section-title-container\" ><h2 class=\"section-title section-title-normal\"><b aria-hidden=\"true\"><\/b><span class=\"section-title-main\" style=\"color:#ffffff;\">Plan de ocio 2026<\/span><b aria-hidden=\"true\"><\/b><\/h2><\/div>\n\n\t<div class=\"box has-hover   has-hover box-text-bottom\" >\n\n\t\t<div class=\"box-image\" >\n\t\t\t<a href=\"https:\/\/eventos.juegosempresas.net\/yogaenlaplayatgnjunio26\" target=\"_blank\" rel=\"noopener\" >\t\t\t<div class=\"\" >\n\t\t\t\t<img loading=\"lazy\" decoding=\"async\" width=\"1540\" height=\"700\" src=\"https:\/\/comt.cat\/wp-content\/uploads\/2026\/03\/28.png\" class=\"attachment- size-\" alt=\"\" srcset=\"https:\/\/comt.cat\/wp-content\/uploads\/2026\/03\/28.png 1540w, https:\/\/comt.cat\/wp-content\/uploads\/2026\/03\/28-300x136.png 300w, https:\/\/comt.cat\/wp-content\/uploads\/2026\/03\/28-1024x465.png 1024w, https:\/\/comt.cat\/wp-content\/uploads\/2026\/03\/28-768x349.png 768w, https:\/\/comt.cat\/wp-content\/uploads\/2026\/03\/28-1536x698.png 1536w, https:\/\/comt.cat\/wp-content\/uploads\/2026\/03\/28-600x273.png 600w\" sizes=\"(max-width: 1540px) 100vw, 1540px\" \/>\t\t\t\t<div class=\"overlay\" style=\"background-color:rgba(129, 129, 129, 0)\"><\/div>\t\t\t\t\t\t\t<\/div>\n\t\t\t<\/a>\t\t<\/div>\n\n\t\t<div class=\"box-text text-center is-large\" style=\"background-color:rgb(243, 243, 243);padding:27px 0px 20px 0px;\">\n\t\t\t<div class=\"box-text-inner\">\n\t\t\t\t\n\n<h3>ACTIVIDAD ABIERTA<\/h3>\n<p>\u00a0<\/p>\n<h4>Yoga al sol<\/h4>\n<p>\u00a0<\/p>\n<p>\u00a0<\/p>\n<p>20 de junio de 2026<\/p>\n\n\t\t\t<\/div>\n\t\t<\/div>\n\t<\/div>\n\t\n<a href=\"https:\/\/eventos.juegosempresas.net\/yogaenlaplayatgnjunio26\" class=\"button success expand\" >\n\t\t<span>M\u00e1s informaci\u00f3n<\/span>\n\t<\/a>\n\n\n\n\t\t<\/div>\n\t\t\t\t\t<\/div>\n\n\t\n\n<\/div>\n\n\t\t<\/div>\n\n\t\t\n<style>\n#section_253388480 {\n  padding-top: 40px;\n  padding-bottom: 40px;\n}\n@media (min-width:850px) {\n  #section_253388480 {\n    padding-top: 73px;\n    padding-bottom: 73px;\n  }\n}\n<\/style>\n\t<\/section>\n\t\n<div class=\"message-box relative dark\" style=\"padding-top:44px;padding-bottom:44px;\"><div class=\"message-box-bg-image bg-fill fill\" style=\"background-image:url(https:\/\/comt.cat\/wp-content\/uploads\/2021\/08\/business-woman-working-in-office-on-computer.jpg);\"><\/div><div class=\"message-box-bg-overlay bg-fill fill\" style=\"background-color:rgba(0, 0, 0, 0.628);\"><\/div><div class=\"container relative\"><div class=\"inner last-reset\">\n\n<div class=\"row align-center\"  id=\"row-2095291251\">\n\n\n\t<div id=\"col-991758993\" class=\"col medium-5 small-12 large-5\"  >\n\t\t\t\t<div class=\"col-inner\"  >\n\t\t\t\n\t\t\t\n\n<h1>\u00a1Actividades deportivas por estar colegiado en el COMT!<\/h1>\n\n\t\t<\/div>\n\t\t\t\t\t<\/div>\n\n\t\n\n\t<div id=\"col-1100459287\" class=\"col medium-6 small-12 large-6\"  >\n\t\t\t\t<div class=\"col-inner text-center\"  >\n\t\t\t\n\t\t\t\n\n\t<div id=\"gap-2088020748\" class=\"gap-element clearfix\" style=\"display:block; height:auto;\">\n\t\t\n<style>\n#gap-2088020748 {\n  padding-top: 8px;\n}\n<\/style>\n\t<\/div>\n\t\n\n<h4 style=\"text-align: left;\">Experiencias deportivas en la provincia de Tarragona para colegiados y acompa\u00f1antes durante el fin de semana.<\/h4>\n\n\t\t<\/div>\n\t\t\t\t\t<\/div>\n\n\t\n\n<\/div>\n\n<\/div><\/div><\/div>\n\n","protected":false},"excerpt":{"rendered":"","protected":false},"author":4449,"featured_media":0,"parent":0,"menu_order":0,"comment_status":"closed","ping_status":"closed","template":"page-blank.php","meta":{"footnotes":""},"class_list":["post-47261","page","type-page","status-publish","hentry"],"yoast_head":"<!-- This site is optimized with the Yoast SEO plugin v27.3 - https:\/\/yoast.com\/product\/yoast-seo-wordpress\/ -->\n<title>Plan de ocio - COMT<\/title>\n<meta name=\"robots\" content=\"index, follow, max-snippet:-1, max-image-preview:large, max-video-preview:-1\" \/>\n<link rel=\"canonical\" href=\"https:\/\/comt.cat\/es\/plan-de-ocio-2\/\" \/>\n<meta property=\"og:locale\" content=\"es_ES\" \/>\n<meta property=\"og:type\" content=\"article\" \/>\n<meta property=\"og:title\" content=\"Plan de ocio - COMT\" \/>\n<meta property=\"og:url\" content=\"https:\/\/comt.cat\/es\/plan-de-ocio-2\/\" \/>\n<meta property=\"og:site_name\" content=\"COMT\" \/>\n<meta property=\"article:modified_time\" content=\"2026-04-13T11:12:10+00:00\" \/>\n<meta name=\"twitter:card\" content=\"summary_large_image\" \/>\n<meta name=\"twitter:label1\" content=\"Tiempo de lectura\" \/>\n\t<meta name=\"twitter:data1\" content=\"3 minutos\" \/>\n<script type=\"application\/ld+json\" class=\"yoast-schema-graph\">{\"@context\":\"https:\\\/\\\/schema.org\",\"@graph\":[{\"@type\":\"WebPage\",\"@id\":\"https:\\\/\\\/comt.cat\\\/es\\\/plan-de-ocio-2\\\/\",\"url\":\"https:\\\/\\\/comt.cat\\\/es\\\/plan-de-ocio-2\\\/\",\"name\":\"Plan de ocio - COMT\",\"isPartOf\":{\"@id\":\"https:\\\/\\\/comt.cat\\\/#website\"},\"datePublished\":\"2026-03-26T13:16:20+00:00\",\"dateModified\":\"2026-04-13T11:12:10+00:00\",\"breadcrumb\":{\"@id\":\"https:\\\/\\\/comt.cat\\\/es\\\/plan-de-ocio-2\\\/#breadcrumb\"},\"inLanguage\":\"es\",\"potentialAction\":[{\"@type\":\"ReadAction\",\"target\":[\"https:\\\/\\\/comt.cat\\\/es\\\/plan-de-ocio-2\\\/\"]}]},{\"@type\":\"BreadcrumbList\",\"@id\":\"https:\\\/\\\/comt.cat\\\/es\\\/plan-de-ocio-2\\\/#breadcrumb\",\"itemListElement\":[{\"@type\":\"ListItem\",\"position\":1,\"name\":\"Home\",\"item\":\"https:\\\/\\\/comt.cat\\\/es\\\/\"},{\"@type\":\"ListItem\",\"position\":2,\"name\":\"Plan de ocio\"}]},{\"@type\":\"WebSite\",\"@id\":\"https:\\\/\\\/comt.cat\\\/#website\",\"url\":\"https:\\\/\\\/comt.cat\\\/\",\"name\":\"COMT\",\"description\":\"Col\u00b7legi de Metges de Tarragona\",\"potentialAction\":[{\"@type\":\"SearchAction\",\"target\":{\"@type\":\"EntryPoint\",\"urlTemplate\":\"https:\\\/\\\/comt.cat\\\/?s={search_term_string}\"},\"query-input\":{\"@type\":\"PropertyValueSpecification\",\"valueRequired\":true,\"valueName\":\"search_term_string\"}}],\"inLanguage\":\"es\"}]}<\/script>\n<!-- \/ Yoast SEO plugin. -->","yoast_head_json":{"title":"Plan de ocio - COMT","robots":{"index":"index","follow":"follow","max-snippet":"max-snippet:-1","max-image-preview":"max-image-preview:large","max-video-preview":"max-video-preview:-1"},"canonical":"https:\/\/comt.cat\/es\/plan-de-ocio-2\/","og_locale":"es_ES","og_type":"article","og_title":"Plan de ocio - COMT","og_url":"https:\/\/comt.cat\/es\/plan-de-ocio-2\/","og_site_name":"COMT","article_modified_time":"2026-04-13T11:12:10+00:00","twitter_card":"summary_large_image","twitter_misc":{"Tiempo de lectura":"3 minutos"},"schema":{"@context":"https:\/\/schema.org","@graph":[{"@type":"WebPage","@id":"https:\/\/comt.cat\/es\/plan-de-ocio-2\/","url":"https:\/\/comt.cat\/es\/plan-de-ocio-2\/","name":"Plan de ocio - COMT","isPartOf":{"@id":"https:\/\/comt.cat\/#website"},"datePublished":"2026-03-26T13:16:20+00:00","dateModified":"2026-04-13T11:12:10+00:00","breadcrumb":{"@id":"https:\/\/comt.cat\/es\/plan-de-ocio-2\/#breadcrumb"},"inLanguage":"es","potentialAction":[{"@type":"ReadAction","target":["https:\/\/comt.cat\/es\/plan-de-ocio-2\/"]}]},{"@type":"BreadcrumbList","@id":"https:\/\/comt.cat\/es\/plan-de-ocio-2\/#breadcrumb","itemListElement":[{"@type":"ListItem","position":1,"name":"Home","item":"https:\/\/comt.cat\/es\/"},{"@type":"ListItem","position":2,"name":"Plan de ocio"}]},{"@type":"WebSite","@id":"https:\/\/comt.cat\/#website","url":"https:\/\/comt.cat\/","name":"COMT","description":"Col\u00b7legi de Metges de Tarragona","potentialAction":[{"@type":"SearchAction","target":{"@type":"EntryPoint","urlTemplate":"https:\/\/comt.cat\/?s={search_term_string}"},"query-input":{"@type":"PropertyValueSpecification","valueRequired":true,"valueName":"search_term_string"}}],"inLanguage":"es"}]}},"_links":{"self":[{"href":"https:\/\/comt.cat\/es\/wp-json\/wp\/v2\/pages\/47261","targetHints":{"allow":["GET"]}}],"collection":[{"href":"https:\/\/comt.cat\/es\/wp-json\/wp\/v2\/pages"}],"about":[{"href":"https:\/\/comt.cat\/es\/wp-json\/wp\/v2\/types\/page"}],"author":[{"embeddable":true,"href":"https:\/\/comt.cat\/es\/wp-json\/wp\/v2\/users\/4449"}],"replies":[{"embeddable":true,"href":"https:\/\/comt.cat\/es\/wp-json\/wp\/v2\/comments?post=47261"}],"version-history":[{"count":14,"href":"https:\/\/comt.cat\/es\/wp-json\/wp\/v2\/pages\/47261\/revisions"}],"predecessor-version":[{"id":48118,"href":"https:\/\/comt.cat\/es\/wp-json\/wp\/v2\/pages\/47261\/revisions\/48118"}],"wp:attachment":[{"href":"https:\/\/comt.cat\/es\/wp-json\/wp\/v2\/media?parent=47261"}],"curies":[{"name":"wp","href":"https:\/\/api.w.org\/{rel}","templated":true}]}}