{"id":34519,"date":"2024-10-19T09:59:54","date_gmt":"2024-10-19T07:59:54","guid":{"rendered":"https:\/\/comt.cat\/producte\/formacio-tictacdea-online\/"},"modified":"2024-11-06T11:14:16","modified_gmt":"2024-11-06T10:14:16","slug":"formacio-tictacdea-online","status":"publish","type":"product","link":"https:\/\/comt.cat\/es\/producte\/formacio-tictacdea-online\/","title":{"rendered":"Formaci\u00f3n TicTacDEA (Online)"},"content":{"rendered":"<div class=\"row row-large\"  id=\"row-1421186517\">\n\n\t<div id=\"col-482863752\" class=\"col medium-5 small-12 large-5\"  >\n\t\t\t\t<div class=\"col-inner\"  >\n\t\t\t\n\t\t\t\n<h1>El programa <strong>TicTacDEA<\/strong> est\u00e1 pensado y dise\u00f1ado para ense\u00f1ar y entrenar a ciudadanos, porque cuenta con lenguaje y conceptos sencillos as\u00ed como una pr\u00e1ctica dom\u00e9stica.<\/h1>\n<div class=\"is-divider divider clearfix\" ><\/div>\n<div class=\"traductor-textarea form-group\">\n<div class=\"textarea-destino col-xs-12 col-sm-6\">\n<div class=\"form-control second-textarea\"><span style=\"font-size: 110%;\">Una red de corredores del coraz\u00f3n que pueden llegar antes que la ambulancia junto a la v\u00edctima. Activaci\u00f3n de la alerta desde el sistema de emergencias m\u00e9dicas. La mayor\u00eda de las v\u00edctimas sufren el ataque al coraz\u00f3n en entorno familiar, de ocio o trabajo, donde no suele haber un m\u00e9dico presente.<\/span><\/div>\n<\/div>\n<\/div>\n<div class=\"traductor-checkbox form-group\">\n<div class=\"row\">\n<div class=\"col-sm-offset-2 col-sm-5\"><\/div>\n<\/div>\n<\/div>\n\t<div id=\"gap-898526386\" class=\"gap-element clearfix\" style=\"display:block; height:auto;\">\n\t\t\n<style>\n#gap-898526386 {\n  padding-top: 30px;\n}\n<\/style>\n\t<\/div>\n\t\n\n\t\t<div class=\"icon-box featured-box icon-box-left text-left\"  >\n\t\t\t\t\t<div class=\"icon-box-img\" style=\"width: 30px\">\n\t\t\t\t<div class=\"icon\">\n\t\t\t\t\t<div class=\"icon-inner\" >\n\t\t\t\t\t\t<img loading=\"lazy\" decoding=\"async\" width=\"1\" height=\"1\" src=\"https:\/\/comt.cat\/wp-content\/uploads\/2024\/10\/Time-Clock-Circle-1-Streamline-Streamline-3.0.svg\" class=\"attachment-medium size-medium\" alt=\"\" \/>\t\t\t\t\t<\/div>\n\t\t\t\t<\/div>\n\t\t\t<\/div>\n\t\t\t\t<div class=\"icon-box-text last-reset\">\n\t\t\t\t\t\t\t\t\t\n<h3>Duraci\u00f3n del curso:<\/h3>\n<p>40 minutos<\/p>\n\t\t<\/div>\n\t<\/div>\n\t\n\t\n\t\t<\/div>\n\t\t\t\t\t<\/div>\n\n\t\n\n\t<div id=\"col-2079184145\" class=\"col medium-7 small-12 large-7\"  >\n\t\t\t\t<div class=\"col-inner\"  >\n\t\t\t\n\t\t\t\n<div class=\"video video-fit mb\" style=\"padding-top:56.25%;\"><p><iframe loading=\"lazy\" title=\"Taller Practico Cardio Salvamento\" width=\"1020\" height=\"574\" src=\"https:\/\/www.youtube.com\/embed\/5TfSewpP_cs?feature=oembed\" frameborder=\"0\" allow=\"accelerometer; autoplay; clipboard-write; encrypted-media; gyroscope; picture-in-picture; web-share\" referrerpolicy=\"strict-origin-when-cross-origin\" allowfullscreen><\/iframe><\/p>\n<\/div>\n\t\t<\/div>\n\t\t\t\t\t<\/div>\n\n\t\n<\/div>\n<div class=\"is-divider divider clearfix\" style=\"max-width:1200px;height:1px;background-color:#c83a38;\"><\/div>\n\t<div id=\"gap-1571157233\" class=\"gap-element clearfix\" style=\"display:block; height:auto;\">\n\t\t\n<style>\n#gap-1571157233 {\n  padding-top: 30px;\n}\n<\/style>\n\t<\/div>\n\t\n<div class=\"row\"  id=\"row-1309044614\">\n\n\t<div id=\"col-369266310\" class=\"col medium-4 small-12 large-4\"  >\n\t\t\t\t<div class=\"col-inner\"  >\n\t\t\t\n\t\t\t\n\t<div class=\"img has-hover x md-x lg-x y md-y lg-y\" id=\"image_718241782\">\n\t\t\t\t\t\t\t\t<div class=\"img-inner dark\" >\n\t\t\t<img loading=\"lazy\" decoding=\"async\" width=\"640\" height=\"480\" src=\"https:\/\/comt.cat\/wp-content\/uploads\/2024\/10\/unnamed-3.jpg\" class=\"attachment-large size-large\" alt=\"\" srcset=\"https:\/\/comt.cat\/wp-content\/uploads\/2024\/10\/unnamed-3.jpg 640w, https:\/\/comt.cat\/wp-content\/uploads\/2024\/10\/unnamed-3-300x225.jpg 300w, https:\/\/comt.cat\/wp-content\/uploads\/2024\/10\/unnamed-3-600x450.jpg 600w\" sizes=\"(max-width: 640px) 100vw, 640px\" \/>\t\t\t\t\t\t\n\t\t\t\t\t<\/div>\n\t\t\t\t\t\t\t\t\n<style>\n#image_718241782 {\n  width: 100%;\n}\n<\/style>\n\t<\/div>\n\t\n\t\t<\/div>\n\t\t\t\t\n<style>\n#col-369266310 > .col-inner {\n  margin: 0px 0px -48px 0px;\n}\n<\/style>\n\t<\/div>\n\n\t\n\n\t<div id=\"col-1749780538\" class=\"col medium-4 small-12 large-4\"  >\n\t\t\t\t<div class=\"col-inner\"  >\n\t\t\t\n\t\t\t\n\t<div class=\"img has-hover x md-x lg-x y md-y lg-y\" id=\"image_267323988\">\n\t\t\t\t\t\t\t\t<div class=\"img-inner dark\" >\n\t\t\t<img loading=\"lazy\" decoding=\"async\" width=\"640\" height=\"427\" src=\"https:\/\/comt.cat\/wp-content\/uploads\/2024\/10\/unnamed-2.jpg\" class=\"attachment-large size-large\" alt=\"\" srcset=\"https:\/\/comt.cat\/wp-content\/uploads\/2024\/10\/unnamed-2.jpg 640w, https:\/\/comt.cat\/wp-content\/uploads\/2024\/10\/unnamed-2-300x200.jpg 300w, https:\/\/comt.cat\/wp-content\/uploads\/2024\/10\/unnamed-2-600x400.jpg 600w\" sizes=\"(max-width: 640px) 100vw, 640px\" \/>\t\t\t\t\t\t\n\t\t\t\t\t<\/div>\n\t\t\t\t\t\t\t\t\n<style>\n#image_267323988 {\n  width: 100%;\n}\n<\/style>\n\t<\/div>\n\t\n\t\t<\/div>\n\t\t\t\t\n<style>\n#col-1749780538 > .col-inner {\n  margin: 0px 0px -34px 0px;\n}\n<\/style>\n\t<\/div>\n\n\t\n\n\t<div id=\"col-141705716\" class=\"col medium-4 small-12 large-4\"  >\n\t\t\t\t<div class=\"col-inner\"  >\n\t\t\t\n\t\t\t\n\t<div class=\"img has-hover x md-x lg-x y md-y lg-y\" id=\"image_1115596649\">\n\t\t\t\t\t\t\t\t<div class=\"img-inner dark\" >\n\t\t\t<img loading=\"lazy\" decoding=\"async\" width=\"640\" height=\"427\" src=\"https:\/\/comt.cat\/wp-content\/uploads\/2024\/10\/unnamed.jpg\" class=\"attachment-large size-large\" alt=\"\" srcset=\"https:\/\/comt.cat\/wp-content\/uploads\/2024\/10\/unnamed.jpg 640w, https:\/\/comt.cat\/wp-content\/uploads\/2024\/10\/unnamed-300x200.jpg 300w, https:\/\/comt.cat\/wp-content\/uploads\/2024\/10\/unnamed-600x400.jpg 600w\" sizes=\"(max-width: 640px) 100vw, 640px\" \/>\t\t\t\t\t\t\n\t\t\t\t\t<\/div>\n\t\t\t\t\t\t\t\t\n<style>\n#image_1115596649 {\n  width: 100%;\n}\n<\/style>\n\t<\/div>\n\t\n\t\t<\/div>\n\t\t\t\t\n<style>\n#col-141705716 > .col-inner {\n  margin: 0px 0px -6px 0px;\n}\n<\/style>\n\t<\/div>\n\n\t\n<\/div>\n<div class=\"is-divider divider clearfix\" style=\"max-width:1200px;height:1px;background-color:#c83a38;\"><\/div>\n","protected":false},"excerpt":{"rendered":"<p>El objetivo de este curso es crear una red amplia de personas formadas en el reconocimiento de una v\u00edctima de ataque al coraz\u00f3n. Con la adquisici\u00f3n de unos determinados conocimientos relacionados con el paro cardiorrespiratorio, el usuario puede empezar el rescate mientras llega el equipo de emergencias, tanto en el \u00e1mbito laboral como en el entorno familiar.<\/p>\n<p><img loading=\"lazy\" decoding=\"async\" class=\"alignnone wp-image-34117\" src=\"https:\/\/comt.cat\/wp-content\/uploads\/2024\/10\/Captura-de-pantalla-2024-10-19-a-las-10.18.47.png\" alt=\"\" width=\"108\" height=\"141\" \/><\/p>\n","protected":false},"featured_media":34108,"template":"","meta":[],"product_brand":[],"product_cat":[623],"product_tag":[],"class_list":{"0":"post-34519","1":"product","2":"type-product","3":"status-publish","4":"has-post-thumbnail","6":"product_cat-tictacdea","8":"first","9":"instock","10":"virtual","11":"purchasable","12":"product-type-simple"},"yoast_head":"<!-- This site is optimized with the Yoast SEO plugin v27.3 - https:\/\/yoast.com\/product\/yoast-seo-wordpress\/ -->\n<title>Formaci\u00f3n TicTacDEA (Online) - COMT<\/title>\n<meta name=\"robots\" content=\"index, follow, max-snippet:-1, max-image-preview:large, max-video-preview:-1\" \/>\n<link rel=\"canonical\" href=\"https:\/\/comt.cat\/es\/producte\/formacio-tictacdea-online\/\" \/>\n<meta property=\"og:locale\" content=\"es_ES\" \/>\n<meta property=\"og:type\" content=\"article\" \/>\n<meta property=\"og:title\" content=\"Formaci\u00f3n TicTacDEA (Online) - COMT\" \/>\n<meta property=\"og:description\" content=\"El objetivo de este curso es crear una red amplia de personas formadas en el reconocimiento de una v\u00edctima de ataque al coraz\u00f3n. Con la adquisici\u00f3n de unos determinados conocimientos relacionados con el paro cardiorrespiratorio, el usuario puede empezar el rescate mientras llega el equipo de emergencias, tanto en el \u00e1mbito laboral como en el entorno familiar.\" \/>\n<meta property=\"og:url\" content=\"https:\/\/comt.cat\/es\/producte\/formacio-tictacdea-online\/\" \/>\n<meta property=\"og:site_name\" content=\"COMT\" \/>\n<meta property=\"article:modified_time\" content=\"2024-11-06T10:14:16+00:00\" \/>\n<meta property=\"og:image\" content=\"https:\/\/comt.cat\/wp-content\/uploads\/2024\/10\/tictac-copia.webp\" \/>\n\t<meta property=\"og:image:width\" content=\"900\" \/>\n\t<meta property=\"og:image:height\" content=\"900\" \/>\n\t<meta property=\"og:image:type\" content=\"image\/webp\" \/>\n<meta name=\"twitter:card\" content=\"summary_large_image\" \/>\n<meta name=\"twitter:label1\" content=\"Tiempo de lectura\" \/>\n\t<meta name=\"twitter:data1\" content=\"1 minuto\" \/>\n<script type=\"application\/ld+json\" class=\"yoast-schema-graph\">{\"@context\":\"https:\\\/\\\/schema.org\",\"@graph\":[{\"@type\":\"WebPage\",\"@id\":\"https:\\\/\\\/comt.cat\\\/es\\\/producte\\\/formacio-tictacdea-online\\\/\",\"url\":\"https:\\\/\\\/comt.cat\\\/es\\\/producte\\\/formacio-tictacdea-online\\\/\",\"name\":\"Formaci\u00f3n TicTacDEA (Online) - COMT\",\"isPartOf\":{\"@id\":\"https:\\\/\\\/comt.cat\\\/#website\"},\"primaryImageOfPage\":{\"@id\":\"https:\\\/\\\/comt.cat\\\/es\\\/producte\\\/formacio-tictacdea-online\\\/#primaryimage\"},\"image\":{\"@id\":\"https:\\\/\\\/comt.cat\\\/es\\\/producte\\\/formacio-tictacdea-online\\\/#primaryimage\"},\"thumbnailUrl\":\"https:\\\/\\\/comt.cat\\\/wp-content\\\/uploads\\\/2024\\\/10\\\/tictac-copia.webp\",\"datePublished\":\"2024-10-19T07:59:54+00:00\",\"dateModified\":\"2024-11-06T10:14:16+00:00\",\"breadcrumb\":{\"@id\":\"https:\\\/\\\/comt.cat\\\/es\\\/producte\\\/formacio-tictacdea-online\\\/#breadcrumb\"},\"inLanguage\":\"es\",\"potentialAction\":[{\"@type\":\"ReadAction\",\"target\":[\"https:\\\/\\\/comt.cat\\\/es\\\/producte\\\/formacio-tictacdea-online\\\/\"]}]},{\"@type\":\"ImageObject\",\"inLanguage\":\"es\",\"@id\":\"https:\\\/\\\/comt.cat\\\/es\\\/producte\\\/formacio-tictacdea-online\\\/#primaryimage\",\"url\":\"https:\\\/\\\/comt.cat\\\/wp-content\\\/uploads\\\/2024\\\/10\\\/tictac-copia.webp\",\"contentUrl\":\"https:\\\/\\\/comt.cat\\\/wp-content\\\/uploads\\\/2024\\\/10\\\/tictac-copia.webp\",\"width\":900,\"height\":900},{\"@type\":\"BreadcrumbList\",\"@id\":\"https:\\\/\\\/comt.cat\\\/es\\\/producte\\\/formacio-tictacdea-online\\\/#breadcrumb\",\"itemListElement\":[{\"@type\":\"ListItem\",\"position\":1,\"name\":\"Home\",\"item\":\"https:\\\/\\\/comt.cat\\\/es\\\/\"},{\"@type\":\"ListItem\",\"position\":2,\"name\":\"Productes\",\"item\":\"https:\\\/\\\/comt.cat\\\/shop\\\/\"},{\"@type\":\"ListItem\",\"position\":3,\"name\":\"Formaci\u00f3n TicTacDEA (Online)\"}]},{\"@type\":\"WebSite\",\"@id\":\"https:\\\/\\\/comt.cat\\\/#website\",\"url\":\"https:\\\/\\\/comt.cat\\\/\",\"name\":\"COMT\",\"description\":\"Col\u00b7legi de Metges de Tarragona\",\"potentialAction\":[{\"@type\":\"SearchAction\",\"target\":{\"@type\":\"EntryPoint\",\"urlTemplate\":\"https:\\\/\\\/comt.cat\\\/?s={search_term_string}\"},\"query-input\":{\"@type\":\"PropertyValueSpecification\",\"valueRequired\":true,\"valueName\":\"search_term_string\"}}],\"inLanguage\":\"es\"}]}<\/script>\n<!-- \/ Yoast SEO plugin. -->","yoast_head_json":{"title":"Formaci\u00f3n TicTacDEA (Online) - COMT","robots":{"index":"index","follow":"follow","max-snippet":"max-snippet:-1","max-image-preview":"max-image-preview:large","max-video-preview":"max-video-preview:-1"},"canonical":"https:\/\/comt.cat\/es\/producte\/formacio-tictacdea-online\/","og_locale":"es_ES","og_type":"article","og_title":"Formaci\u00f3n TicTacDEA (Online) - COMT","og_description":"El objetivo de este curso es crear una red amplia de personas formadas en el reconocimiento de una v\u00edctima de ataque al coraz\u00f3n. Con la adquisici\u00f3n de unos determinados conocimientos relacionados con el paro cardiorrespiratorio, el usuario puede empezar el rescate mientras llega el equipo de emergencias, tanto en el \u00e1mbito laboral como en el entorno familiar.","og_url":"https:\/\/comt.cat\/es\/producte\/formacio-tictacdea-online\/","og_site_name":"COMT","article_modified_time":"2024-11-06T10:14:16+00:00","og_image":[{"url":"https:\/\/comt.cat\/wp-content\/uploads\/2024\/10\/tictac-copia.webp","width":900,"height":900,"type":"image\/webp"}],"twitter_card":"summary_large_image","twitter_misc":{"Tiempo de lectura":"1 minuto"},"schema":{"@context":"https:\/\/schema.org","@graph":[{"@type":"WebPage","@id":"https:\/\/comt.cat\/es\/producte\/formacio-tictacdea-online\/","url":"https:\/\/comt.cat\/es\/producte\/formacio-tictacdea-online\/","name":"Formaci\u00f3n TicTacDEA (Online) - COMT","isPartOf":{"@id":"https:\/\/comt.cat\/#website"},"primaryImageOfPage":{"@id":"https:\/\/comt.cat\/es\/producte\/formacio-tictacdea-online\/#primaryimage"},"image":{"@id":"https:\/\/comt.cat\/es\/producte\/formacio-tictacdea-online\/#primaryimage"},"thumbnailUrl":"https:\/\/comt.cat\/wp-content\/uploads\/2024\/10\/tictac-copia.webp","datePublished":"2024-10-19T07:59:54+00:00","dateModified":"2024-11-06T10:14:16+00:00","breadcrumb":{"@id":"https:\/\/comt.cat\/es\/producte\/formacio-tictacdea-online\/#breadcrumb"},"inLanguage":"es","potentialAction":[{"@type":"ReadAction","target":["https:\/\/comt.cat\/es\/producte\/formacio-tictacdea-online\/"]}]},{"@type":"ImageObject","inLanguage":"es","@id":"https:\/\/comt.cat\/es\/producte\/formacio-tictacdea-online\/#primaryimage","url":"https:\/\/comt.cat\/wp-content\/uploads\/2024\/10\/tictac-copia.webp","contentUrl":"https:\/\/comt.cat\/wp-content\/uploads\/2024\/10\/tictac-copia.webp","width":900,"height":900},{"@type":"BreadcrumbList","@id":"https:\/\/comt.cat\/es\/producte\/formacio-tictacdea-online\/#breadcrumb","itemListElement":[{"@type":"ListItem","position":1,"name":"Home","item":"https:\/\/comt.cat\/es\/"},{"@type":"ListItem","position":2,"name":"Productes","item":"https:\/\/comt.cat\/shop\/"},{"@type":"ListItem","position":3,"name":"Formaci\u00f3n TicTacDEA (Online)"}]},{"@type":"WebSite","@id":"https:\/\/comt.cat\/#website","url":"https:\/\/comt.cat\/","name":"COMT","description":"Col\u00b7legi de Metges de Tarragona","potentialAction":[{"@type":"SearchAction","target":{"@type":"EntryPoint","urlTemplate":"https:\/\/comt.cat\/?s={search_term_string}"},"query-input":{"@type":"PropertyValueSpecification","valueRequired":true,"valueName":"search_term_string"}}],"inLanguage":"es"}]}},"_links":{"self":[{"href":"https:\/\/comt.cat\/es\/wp-json\/wp\/v2\/product\/34519","targetHints":{"allow":["GET"]}}],"collection":[{"href":"https:\/\/comt.cat\/es\/wp-json\/wp\/v2\/product"}],"about":[{"href":"https:\/\/comt.cat\/es\/wp-json\/wp\/v2\/types\/product"}],"wp:featuredmedia":[{"embeddable":true,"href":"https:\/\/comt.cat\/es\/wp-json\/wp\/v2\/media\/34108"}],"wp:attachment":[{"href":"https:\/\/comt.cat\/es\/wp-json\/wp\/v2\/media?parent=34519"}],"wp:term":[{"taxonomy":"product_brand","embeddable":true,"href":"https:\/\/comt.cat\/es\/wp-json\/wp\/v2\/product_brand?post=34519"},{"taxonomy":"product_cat","embeddable":true,"href":"https:\/\/comt.cat\/es\/wp-json\/wp\/v2\/product_cat?post=34519"},{"taxonomy":"product_tag","embeddable":true,"href":"https:\/\/comt.cat\/es\/wp-json\/wp\/v2\/product_tag?post=34519"}],"curies":[{"name":"wp","href":"https:\/\/api.w.org\/{rel}","templated":true}]}}