{"id":35076,"date":"2024-11-18T11:22:53","date_gmt":"2024-11-18T10:22:53","guid":{"rendered":"https:\/\/comt.cat\/?post_type=product&#038;p=35076"},"modified":"2024-11-18T11:29:06","modified_gmt":"2024-11-18T10:29:06","slug":"dessuadora-tarraco-health-race","status":"publish","type":"product","link":"https:\/\/comt.cat\/es\/producte\/dessuadora-tarraco-health-race\/","title":{"rendered":"DESSUADORA TARRACO HEALTH RACE"},"content":{"rendered":"","protected":false},"excerpt":{"rendered":"<p>Abriga\u2019t amb l\u2019esperit de la Tarraco Health Race! Aquesta dessuadora unisex amb caputxa est\u00e0 disponible en dos colors atemporals: gris i blau mar\u00ed. Fabricada amb un teixit de cot\u00f3 i poli\u00e8ster, garanteix confort i calidesa per al dia a dia o les teves sortides esportives. Inclou el logo de la cursa i un disseny modern que et connectar\u00e0 amb els valors de salut i solidaritat. Perfecte per lluir el teu suport a la THR amb estil!<\/p>\n","protected":false},"featured_media":35085,"template":"","meta":[],"product_brand":[],"product_cat":[638],"product_tag":[],"class_list":{"0":"post-35076","1":"product","2":"type-product","3":"status-publish","4":"has-post-thumbnail","6":"product_cat-marxandatge","7":"pa_color-blau-mari","8":"pa_color-gris","9":"pa_talla-l","10":"pa_talla-m","11":"pa_talla-s","12":"pa_talla-xl","14":"first","15":"instock","16":"shipping-taxable","17":"purchasable","18":"product-type-variable"},"yoast_head":"<!-- This site is optimized with the Yoast SEO plugin v27.3 - https:\/\/yoast.com\/product\/yoast-seo-wordpress\/ -->\n<title>DESSUADORA TARRACO HEALTH RACE - COMT<\/title>\n<meta name=\"robots\" content=\"index, follow, max-snippet:-1, max-image-preview:large, max-video-preview:-1\" \/>\n<link rel=\"canonical\" href=\"https:\/\/comt.cat\/producte\/dessuadora-tarraco-health-race\/\" \/>\n<meta property=\"og:locale\" content=\"es_ES\" \/>\n<meta property=\"og:type\" content=\"article\" \/>\n<meta property=\"og:title\" content=\"DESSUADORA TARRACO HEALTH RACE - COMT\" \/>\n<meta property=\"og:description\" content=\"Abriga\u2019t amb l\u2019esperit de la Tarraco Health Race! Aquesta dessuadora unisex amb caputxa est\u00e0 disponible en dos colors atemporals: gris i blau mar\u00ed. Fabricada amb un teixit de cot\u00f3 i poli\u00e8ster, garanteix confort i calidesa per al dia a dia o les teves sortides esportives. Inclou el logo de la cursa i un disseny modern que et connectar\u00e0 amb els valors de salut i solidaritat. Perfecte per lluir el teu suport a la THR amb estil!\" \/>\n<meta property=\"og:url\" content=\"https:\/\/comt.cat\/producte\/dessuadora-tarraco-health-race\/\" \/>\n<meta property=\"og:site_name\" content=\"COMT\" \/>\n<meta property=\"article:modified_time\" content=\"2024-11-18T10:29:06+00:00\" \/>\n<meta property=\"og:image\" content=\"https:\/\/comt.cat\/wp-content\/uploads\/2024\/11\/Dessuadora-1-1024x1024.webp\" \/>\n\t<meta property=\"og:image:width\" content=\"1024\" \/>\n\t<meta property=\"og:image:height\" content=\"1024\" \/>\n\t<meta property=\"og:image:type\" content=\"image\/webp\" \/>\n<meta name=\"twitter:card\" content=\"summary_large_image\" \/>\n<script type=\"application\/ld+json\" class=\"yoast-schema-graph\">{\"@context\":\"https:\\\/\\\/schema.org\",\"@graph\":[{\"@type\":\"WebPage\",\"@id\":\"https:\\\/\\\/comt.cat\\\/producte\\\/dessuadora-tarraco-health-race\\\/\",\"url\":\"https:\\\/\\\/comt.cat\\\/producte\\\/dessuadora-tarraco-health-race\\\/\",\"name\":\"DESSUADORA TARRACO HEALTH RACE - COMT\",\"isPartOf\":{\"@id\":\"https:\\\/\\\/comt.cat\\\/#website\"},\"primaryImageOfPage\":{\"@id\":\"https:\\\/\\\/comt.cat\\\/producte\\\/dessuadora-tarraco-health-race\\\/#primaryimage\"},\"image\":{\"@id\":\"https:\\\/\\\/comt.cat\\\/producte\\\/dessuadora-tarraco-health-race\\\/#primaryimage\"},\"thumbnailUrl\":\"https:\\\/\\\/comt.cat\\\/wp-content\\\/uploads\\\/2024\\\/11\\\/Dessuadora-1.webp\",\"datePublished\":\"2024-11-18T10:22:53+00:00\",\"dateModified\":\"2024-11-18T10:29:06+00:00\",\"breadcrumb\":{\"@id\":\"https:\\\/\\\/comt.cat\\\/producte\\\/dessuadora-tarraco-health-race\\\/#breadcrumb\"},\"inLanguage\":\"es\",\"potentialAction\":[{\"@type\":\"ReadAction\",\"target\":[\"https:\\\/\\\/comt.cat\\\/producte\\\/dessuadora-tarraco-health-race\\\/\"]}]},{\"@type\":\"ImageObject\",\"inLanguage\":\"es\",\"@id\":\"https:\\\/\\\/comt.cat\\\/producte\\\/dessuadora-tarraco-health-race\\\/#primaryimage\",\"url\":\"https:\\\/\\\/comt.cat\\\/wp-content\\\/uploads\\\/2024\\\/11\\\/Dessuadora-1.webp\",\"contentUrl\":\"https:\\\/\\\/comt.cat\\\/wp-content\\\/uploads\\\/2024\\\/11\\\/Dessuadora-1.webp\",\"width\":1500,\"height\":1500},{\"@type\":\"BreadcrumbList\",\"@id\":\"https:\\\/\\\/comt.cat\\\/producte\\\/dessuadora-tarraco-health-race\\\/#breadcrumb\",\"itemListElement\":[{\"@type\":\"ListItem\",\"position\":1,\"name\":\"Home\",\"item\":\"https:\\\/\\\/comt.cat\\\/es\\\/\"},{\"@type\":\"ListItem\",\"position\":2,\"name\":\"Productes\",\"item\":\"https:\\\/\\\/comt.cat\\\/shop\\\/\"},{\"@type\":\"ListItem\",\"position\":3,\"name\":\"DESSUADORA TARRACO HEALTH RACE\"}]},{\"@type\":\"WebSite\",\"@id\":\"https:\\\/\\\/comt.cat\\\/#website\",\"url\":\"https:\\\/\\\/comt.cat\\\/\",\"name\":\"COMT\",\"description\":\"Col\u00b7legi de Metges de Tarragona\",\"potentialAction\":[{\"@type\":\"SearchAction\",\"target\":{\"@type\":\"EntryPoint\",\"urlTemplate\":\"https:\\\/\\\/comt.cat\\\/?s={search_term_string}\"},\"query-input\":{\"@type\":\"PropertyValueSpecification\",\"valueRequired\":true,\"valueName\":\"search_term_string\"}}],\"inLanguage\":\"es\"}]}<\/script>\n<!-- \/ Yoast SEO plugin. -->","yoast_head_json":{"title":"DESSUADORA TARRACO HEALTH RACE - COMT","robots":{"index":"index","follow":"follow","max-snippet":"max-snippet:-1","max-image-preview":"max-image-preview:large","max-video-preview":"max-video-preview:-1"},"canonical":"https:\/\/comt.cat\/producte\/dessuadora-tarraco-health-race\/","og_locale":"es_ES","og_type":"article","og_title":"DESSUADORA TARRACO HEALTH RACE - COMT","og_description":"Abriga\u2019t amb l\u2019esperit de la Tarraco Health Race! Aquesta dessuadora unisex amb caputxa est\u00e0 disponible en dos colors atemporals: gris i blau mar\u00ed. Fabricada amb un teixit de cot\u00f3 i poli\u00e8ster, garanteix confort i calidesa per al dia a dia o les teves sortides esportives. Inclou el logo de la cursa i un disseny modern que et connectar\u00e0 amb els valors de salut i solidaritat. Perfecte per lluir el teu suport a la THR amb estil!","og_url":"https:\/\/comt.cat\/producte\/dessuadora-tarraco-health-race\/","og_site_name":"COMT","article_modified_time":"2024-11-18T10:29:06+00:00","og_image":[{"width":1024,"height":1024,"url":"https:\/\/comt.cat\/wp-content\/uploads\/2024\/11\/Dessuadora-1-1024x1024.webp","type":"image\/webp"}],"twitter_card":"summary_large_image","schema":{"@context":"https:\/\/schema.org","@graph":[{"@type":"WebPage","@id":"https:\/\/comt.cat\/producte\/dessuadora-tarraco-health-race\/","url":"https:\/\/comt.cat\/producte\/dessuadora-tarraco-health-race\/","name":"DESSUADORA TARRACO HEALTH RACE - COMT","isPartOf":{"@id":"https:\/\/comt.cat\/#website"},"primaryImageOfPage":{"@id":"https:\/\/comt.cat\/producte\/dessuadora-tarraco-health-race\/#primaryimage"},"image":{"@id":"https:\/\/comt.cat\/producte\/dessuadora-tarraco-health-race\/#primaryimage"},"thumbnailUrl":"https:\/\/comt.cat\/wp-content\/uploads\/2024\/11\/Dessuadora-1.webp","datePublished":"2024-11-18T10:22:53+00:00","dateModified":"2024-11-18T10:29:06+00:00","breadcrumb":{"@id":"https:\/\/comt.cat\/producte\/dessuadora-tarraco-health-race\/#breadcrumb"},"inLanguage":"es","potentialAction":[{"@type":"ReadAction","target":["https:\/\/comt.cat\/producte\/dessuadora-tarraco-health-race\/"]}]},{"@type":"ImageObject","inLanguage":"es","@id":"https:\/\/comt.cat\/producte\/dessuadora-tarraco-health-race\/#primaryimage","url":"https:\/\/comt.cat\/wp-content\/uploads\/2024\/11\/Dessuadora-1.webp","contentUrl":"https:\/\/comt.cat\/wp-content\/uploads\/2024\/11\/Dessuadora-1.webp","width":1500,"height":1500},{"@type":"BreadcrumbList","@id":"https:\/\/comt.cat\/producte\/dessuadora-tarraco-health-race\/#breadcrumb","itemListElement":[{"@type":"ListItem","position":1,"name":"Home","item":"https:\/\/comt.cat\/es\/"},{"@type":"ListItem","position":2,"name":"Productes","item":"https:\/\/comt.cat\/shop\/"},{"@type":"ListItem","position":3,"name":"DESSUADORA TARRACO HEALTH RACE"}]},{"@type":"WebSite","@id":"https:\/\/comt.cat\/#website","url":"https:\/\/comt.cat\/","name":"COMT","description":"Col\u00b7legi de Metges de Tarragona","potentialAction":[{"@type":"SearchAction","target":{"@type":"EntryPoint","urlTemplate":"https:\/\/comt.cat\/?s={search_term_string}"},"query-input":{"@type":"PropertyValueSpecification","valueRequired":true,"valueName":"search_term_string"}}],"inLanguage":"es"}]}},"_links":{"self":[{"href":"https:\/\/comt.cat\/es\/wp-json\/wp\/v2\/product\/35076","targetHints":{"allow":["GET"]}}],"collection":[{"href":"https:\/\/comt.cat\/es\/wp-json\/wp\/v2\/product"}],"about":[{"href":"https:\/\/comt.cat\/es\/wp-json\/wp\/v2\/types\/product"}],"wp:featuredmedia":[{"embeddable":true,"href":"https:\/\/comt.cat\/es\/wp-json\/wp\/v2\/media\/35085"}],"wp:attachment":[{"href":"https:\/\/comt.cat\/es\/wp-json\/wp\/v2\/media?parent=35076"}],"wp:term":[{"taxonomy":"product_brand","embeddable":true,"href":"https:\/\/comt.cat\/es\/wp-json\/wp\/v2\/product_brand?post=35076"},{"taxonomy":"product_cat","embeddable":true,"href":"https:\/\/comt.cat\/es\/wp-json\/wp\/v2\/product_cat?post=35076"},{"taxonomy":"product_tag","embeddable":true,"href":"https:\/\/comt.cat\/es\/wp-json\/wp\/v2\/product_tag?post=35076"}],"curies":[{"name":"wp","href":"https:\/\/api.w.org\/{rel}","templated":true}]}}