{"id":40223,"date":"2025-05-19T10:50:31","date_gmt":"2025-05-19T08:50:31","guid":{"rendered":"https:\/\/comt.cat\/?post_type=product&#038;p=40223"},"modified":"2026-02-06T11:38:27","modified_gmt":"2026-02-06T10:38:27","slug":"lideratge-esade","status":"publish","type":"product","link":"https:\/\/comt.cat\/es\/producte\/lideratge-esade\/","title":{"rendered":"ESADE: Programa Ejecutivo en Liderazgo y Gesti\u00f3n de Organizaciones sanitarias"},"content":{"rendered":"<div><a href=\"https:\/\/comt.cat\/wp-content\/uploads\/2025\/07\/Flyer-COMT-25-26_v.def_.pdf\">\u00a1Consulta el programa formativo aqu\u00ed! (ESP)<\/a><\/div>\n<div><\/div>\n<div>El curso s\u00f3lo se llevar\u00e1 a cabo si se alcanza un m\u00ednimo de 20 personas inscritas. En caso de que no se llegue a ese n\u00famero y el curso no se realice, se proceder\u00e1 al reembolso \u00edntegro del importe abonado.<\/div>\n<div>______________<\/div>\n<div><\/div>\n<div><strong>\ud83d\udd14 \u00bfQuieres financiar el precio de esta formaci\u00f3n?<\/strong><\/div>\n<div>Si te interesa optar por la modalidad de financiaci\u00f3n a trav\u00e9s de la entidad bancaria <strong>MED1<\/strong>, s\u00f3lo tienes que seguir estos pasos:<\/div>\n<div><\/div>\n<ol>\n<li>A\u00f1ade el producto formativo a la cesta.<\/li>\n<li>Ve a \u201c<strong>Caixa<\/strong>\u201d.<\/li>\n<li>Completa tus datos personales.<\/li>\n<li>Marca la opci\u00f3n: <strong>\u00abEstoy interesado\/a en financiar el precio de esta formaci\u00f3n con la entidad bancaria MED1\u00bb.<\/strong><\/li>\n<\/ol>\n<div><\/div>\n<div>El importe del producto pasar\u00e1 autom\u00e1ticamente a<strong> 0\u20ac y la entidad bancaria te contactar\u00e1 tan pronto como reciba la solicitud<\/strong> para formalizar el proceso.<\/div>\n<div>_______________<\/div>\n<div><\/div>\n<div>Esta formaci\u00f3n dispone de opciones de financiaci\u00f3n a trav\u00e9s de la entidad bancaria MED1, con las siguientes modalidades disponibles:<\/div>\n<div><\/div>\n<div><strong>Opci\u00f3n 1: Pr\u00e9stamo Estudios para J\u00f3venes<\/strong><\/div>\n<ul>\n<li>Dirigido a j\u00f3venes entre 18 y 30 a\u00f1os.<\/li>\n<li><strong>Importe<\/strong>: 2.500,00 \u20ac<\/li>\n<li><strong>Plazo<\/strong>: 24 meses<\/li>\n<li><strong>Cuota mensual aproximada<\/strong>: 109,23 \u20ac *<\/li>\n<\/ul>\n<div><\/div>\n<div><strong>Opci\u00f3n 2: Pr\u00e9stamo Estudios<\/strong><\/div>\n<div><\/div>\n<ul>\n<li>Con un tipo de inter\u00e9s variable.<\/li>\n<li><strong>Importe<\/strong>: 2.500,00 \u20ac<\/li>\n<li><strong>Plazo<\/strong>: 24 meses<\/li>\n<li><strong>Cuota mensual aproximada<\/strong>: 113,07 \u20ac*<\/li>\n<\/ul>\n<div><strong>Opci\u00f3n 3: Anticipo de N\u00f3mina<\/strong><\/div>\n<ul>\n<li>Exclusivo para clientes BBVA con n\u00f3mina domiciliada.<\/li>\n<li><strong>Importe<\/strong>: 2.500,00 \u20ac<\/li>\n<li><strong>Plazo<\/strong>: 9 meses<\/li>\n<li><strong>Cuota mensual aproximada<\/strong>: 284,24 \u20ac*<\/li>\n<\/ul>\n<div>* El inter\u00e9s actual puede variar en funci\u00f3n del momento de la contrataci\u00f3n.<\/div>\n<div><\/div>\n<div><strong>Nota importante<\/strong>: Esta propuesta de financiaci\u00f3n est\u00e1 sujeta al an\u00e1lisis y aprobaci\u00f3n final por parte de la entidad financiera, de acuerdo con sus criterios de riesgo.<\/div>\n","protected":false},"excerpt":{"rendered":"<div><span style=\"background-color: #ffff00;\"><a style=\"background-color: #ffff00;\" href=\"https:\/\/comt.cat\/wp-content\/uploads\/2025\/11\/Flyer-COMT-25-26_v.def_.pdf\">\u00a1Consulta el programa formativo aqu\u00ed! (ES)<\/a><\/span><\/div>\n<div><\/div>\n<div><\/div>\n<div><strong>Aquesta formaci\u00f3 \u00e9s bonificable a trav\u00e9s dels<em> Fons de la Fundaci\u00f3n Estatal para la Formaci\u00f3n en el Empleo (FUNDAE).<\/em><\/strong><\/div>\n<div><\/div>\n<div><\/div>\n<div><\/div>\n<div><span style=\"color: #333333;\"><em>* Opciones de financiaci\u00f3n disponibles con la entidad financiera MED1. Consulta m\u00e1s abajo sus condiciones.<\/em><\/span><\/div>\n<div><\/div>\n<p>Las plazas se asignar\u00e1n por riguroso orden de inscripci\u00f3n, con prioridad para los m\u00e9dicos colegiados en el COMT, seguidamente para el resto de profesionales m\u00e9dicos y, finalmente, para otros perfiles profesionales interesados.<\/p>\n","protected":false},"featured_media":40252,"template":"","meta":[],"product_brand":[],"product_cat":[606,476],"product_tag":[],"class_list":{"0":"post-40223","1":"product","2":"type-product","3":"status-publish","4":"has-post-thumbnail","6":"product_cat-cursos","7":"product_cat-formacio","9":"first","10":"outofstock","11":"virtual","12":"sold-individually","13":"purchasable","14":"product-type-simple"},"yoast_head":"<!-- This site is optimized with the Yoast SEO plugin v27.4 - https:\/\/yoast.com\/product\/yoast-seo-wordpress\/ -->\n<title>ESADE: Programa Ejecutivo en Liderazgo y Gesti\u00f3n de Organizaciones sanitarias - COMT<\/title>\n<meta name=\"robots\" content=\"index, follow, max-snippet:-1, max-image-preview:large, max-video-preview:-1\" \/>\n<link rel=\"canonical\" href=\"https:\/\/comt.cat\/es\/producte\/lideratge-esade\/\" \/>\n<meta property=\"og:locale\" content=\"es_ES\" \/>\n<meta property=\"og:type\" content=\"article\" \/>\n<meta property=\"og:title\" content=\"ESADE: Programa Ejecutivo en Liderazgo y Gesti\u00f3n de Organizaciones sanitarias - COMT\" \/>\n<meta property=\"og:description\" content=\"\u00a1Consulta el programa formativo aqu\u00ed! (ES)   Aquesta formaci\u00f3 \u00e9s bonificable a trav\u00e9s dels Fons de la Fundaci\u00f3n Estatal para la Formaci\u00f3n en el Empleo (FUNDAE).    * Opciones de financiaci\u00f3n disponibles con la entidad financiera MED1. Consulta m\u00e1s abajo sus condiciones.  Las plazas se asignar\u00e1n por riguroso orden de inscripci\u00f3n, con prioridad para los m\u00e9dicos colegiados en el COMT, seguidamente para el resto de profesionales m\u00e9dicos y, finalmente, para otros perfiles profesionales interesados.\" \/>\n<meta property=\"og:url\" content=\"https:\/\/comt.cat\/es\/producte\/lideratge-esade\/\" \/>\n<meta property=\"og:site_name\" content=\"COMT\" \/>\n<meta property=\"article:modified_time\" content=\"2026-02-06T10:38:27+00:00\" \/>\n<meta property=\"og:image\" content=\"https:\/\/comt.cat\/wp-content\/uploads\/2025\/05\/Woocomerce-1024x1024.png\" \/>\n\t<meta property=\"og:image:width\" content=\"1024\" \/>\n\t<meta property=\"og:image:height\" content=\"1024\" \/>\n\t<meta property=\"og:image:type\" content=\"image\/png\" \/>\n<meta name=\"twitter:card\" content=\"summary_large_image\" \/>\n<meta name=\"twitter:label1\" content=\"Tiempo de lectura\" \/>\n\t<meta name=\"twitter:data1\" content=\"1 minuto\" \/>\n<script type=\"application\/ld+json\" class=\"yoast-schema-graph\">{\"@context\":\"https:\\\/\\\/schema.org\",\"@graph\":[{\"@type\":\"WebPage\",\"@id\":\"https:\\\/\\\/comt.cat\\\/es\\\/producte\\\/lideratge-esade\\\/\",\"url\":\"https:\\\/\\\/comt.cat\\\/es\\\/producte\\\/lideratge-esade\\\/\",\"name\":\"ESADE: Programa Ejecutivo en Liderazgo y Gesti\u00f3n de Organizaciones sanitarias - COMT\",\"isPartOf\":{\"@id\":\"https:\\\/\\\/comt.cat\\\/#website\"},\"primaryImageOfPage\":{\"@id\":\"https:\\\/\\\/comt.cat\\\/es\\\/producte\\\/lideratge-esade\\\/#primaryimage\"},\"image\":{\"@id\":\"https:\\\/\\\/comt.cat\\\/es\\\/producte\\\/lideratge-esade\\\/#primaryimage\"},\"thumbnailUrl\":\"https:\\\/\\\/comt.cat\\\/wp-content\\\/uploads\\\/2025\\\/05\\\/Woocomerce.png\",\"datePublished\":\"2025-05-19T08:50:31+00:00\",\"dateModified\":\"2026-02-06T10:38:27+00:00\",\"breadcrumb\":{\"@id\":\"https:\\\/\\\/comt.cat\\\/es\\\/producte\\\/lideratge-esade\\\/#breadcrumb\"},\"inLanguage\":\"es\",\"potentialAction\":[{\"@type\":\"ReadAction\",\"target\":[\"https:\\\/\\\/comt.cat\\\/es\\\/producte\\\/lideratge-esade\\\/\"]}]},{\"@type\":\"ImageObject\",\"inLanguage\":\"es\",\"@id\":\"https:\\\/\\\/comt.cat\\\/es\\\/producte\\\/lideratge-esade\\\/#primaryimage\",\"url\":\"https:\\\/\\\/comt.cat\\\/wp-content\\\/uploads\\\/2025\\\/05\\\/Woocomerce.png\",\"contentUrl\":\"https:\\\/\\\/comt.cat\\\/wp-content\\\/uploads\\\/2025\\\/05\\\/Woocomerce.png\",\"width\":1080,\"height\":1080},{\"@type\":\"BreadcrumbList\",\"@id\":\"https:\\\/\\\/comt.cat\\\/es\\\/producte\\\/lideratge-esade\\\/#breadcrumb\",\"itemListElement\":[{\"@type\":\"ListItem\",\"position\":1,\"name\":\"Home\",\"item\":\"https:\\\/\\\/comt.cat\\\/es\\\/\"},{\"@type\":\"ListItem\",\"position\":2,\"name\":\"Productes\",\"item\":\"https:\\\/\\\/comt.cat\\\/shop\\\/\"},{\"@type\":\"ListItem\",\"position\":3,\"name\":\"ESADE: Programa Ejecutivo en Liderazgo y Gesti\u00f3n de Organizaciones sanitarias\"}]},{\"@type\":\"WebSite\",\"@id\":\"https:\\\/\\\/comt.cat\\\/#website\",\"url\":\"https:\\\/\\\/comt.cat\\\/\",\"name\":\"COMT\",\"description\":\"Col\u00b7legi de Metges de Tarragona\",\"potentialAction\":[{\"@type\":\"SearchAction\",\"target\":{\"@type\":\"EntryPoint\",\"urlTemplate\":\"https:\\\/\\\/comt.cat\\\/?s={search_term_string}\"},\"query-input\":{\"@type\":\"PropertyValueSpecification\",\"valueRequired\":true,\"valueName\":\"search_term_string\"}}],\"inLanguage\":\"es\"}]}<\/script>\n<!-- \/ Yoast SEO plugin. -->","yoast_head_json":{"title":"ESADE: Programa Ejecutivo en Liderazgo y Gesti\u00f3n de Organizaciones sanitarias - COMT","robots":{"index":"index","follow":"follow","max-snippet":"max-snippet:-1","max-image-preview":"max-image-preview:large","max-video-preview":"max-video-preview:-1"},"canonical":"https:\/\/comt.cat\/es\/producte\/lideratge-esade\/","og_locale":"es_ES","og_type":"article","og_title":"ESADE: Programa Ejecutivo en Liderazgo y Gesti\u00f3n de Organizaciones sanitarias - COMT","og_description":"\u00a1Consulta el programa formativo aqu\u00ed! (ES)   Aquesta formaci\u00f3 \u00e9s bonificable a trav\u00e9s dels Fons de la Fundaci\u00f3n Estatal para la Formaci\u00f3n en el Empleo (FUNDAE).    * Opciones de financiaci\u00f3n disponibles con la entidad financiera MED1. Consulta m\u00e1s abajo sus condiciones.  Las plazas se asignar\u00e1n por riguroso orden de inscripci\u00f3n, con prioridad para los m\u00e9dicos colegiados en el COMT, seguidamente para el resto de profesionales m\u00e9dicos y, finalmente, para otros perfiles profesionales interesados.","og_url":"https:\/\/comt.cat\/es\/producte\/lideratge-esade\/","og_site_name":"COMT","article_modified_time":"2026-02-06T10:38:27+00:00","og_image":[{"width":1024,"height":1024,"url":"https:\/\/comt.cat\/wp-content\/uploads\/2025\/05\/Woocomerce-1024x1024.png","type":"image\/png"}],"twitter_card":"summary_large_image","twitter_misc":{"Tiempo de lectura":"1 minuto"},"schema":{"@context":"https:\/\/schema.org","@graph":[{"@type":"WebPage","@id":"https:\/\/comt.cat\/es\/producte\/lideratge-esade\/","url":"https:\/\/comt.cat\/es\/producte\/lideratge-esade\/","name":"ESADE: Programa Ejecutivo en Liderazgo y Gesti\u00f3n de Organizaciones sanitarias - COMT","isPartOf":{"@id":"https:\/\/comt.cat\/#website"},"primaryImageOfPage":{"@id":"https:\/\/comt.cat\/es\/producte\/lideratge-esade\/#primaryimage"},"image":{"@id":"https:\/\/comt.cat\/es\/producte\/lideratge-esade\/#primaryimage"},"thumbnailUrl":"https:\/\/comt.cat\/wp-content\/uploads\/2025\/05\/Woocomerce.png","datePublished":"2025-05-19T08:50:31+00:00","dateModified":"2026-02-06T10:38:27+00:00","breadcrumb":{"@id":"https:\/\/comt.cat\/es\/producte\/lideratge-esade\/#breadcrumb"},"inLanguage":"es","potentialAction":[{"@type":"ReadAction","target":["https:\/\/comt.cat\/es\/producte\/lideratge-esade\/"]}]},{"@type":"ImageObject","inLanguage":"es","@id":"https:\/\/comt.cat\/es\/producte\/lideratge-esade\/#primaryimage","url":"https:\/\/comt.cat\/wp-content\/uploads\/2025\/05\/Woocomerce.png","contentUrl":"https:\/\/comt.cat\/wp-content\/uploads\/2025\/05\/Woocomerce.png","width":1080,"height":1080},{"@type":"BreadcrumbList","@id":"https:\/\/comt.cat\/es\/producte\/lideratge-esade\/#breadcrumb","itemListElement":[{"@type":"ListItem","position":1,"name":"Home","item":"https:\/\/comt.cat\/es\/"},{"@type":"ListItem","position":2,"name":"Productes","item":"https:\/\/comt.cat\/shop\/"},{"@type":"ListItem","position":3,"name":"ESADE: Programa Ejecutivo en Liderazgo y Gesti\u00f3n de Organizaciones sanitarias"}]},{"@type":"WebSite","@id":"https:\/\/comt.cat\/#website","url":"https:\/\/comt.cat\/","name":"COMT","description":"Col\u00b7legi de Metges de Tarragona","potentialAction":[{"@type":"SearchAction","target":{"@type":"EntryPoint","urlTemplate":"https:\/\/comt.cat\/?s={search_term_string}"},"query-input":{"@type":"PropertyValueSpecification","valueRequired":true,"valueName":"search_term_string"}}],"inLanguage":"es"}]}},"_links":{"self":[{"href":"https:\/\/comt.cat\/es\/wp-json\/wp\/v2\/product\/40223","targetHints":{"allow":["GET"]}}],"collection":[{"href":"https:\/\/comt.cat\/es\/wp-json\/wp\/v2\/product"}],"about":[{"href":"https:\/\/comt.cat\/es\/wp-json\/wp\/v2\/types\/product"}],"wp:featuredmedia":[{"embeddable":true,"href":"https:\/\/comt.cat\/es\/wp-json\/wp\/v2\/media\/40252"}],"wp:attachment":[{"href":"https:\/\/comt.cat\/es\/wp-json\/wp\/v2\/media?parent=40223"}],"wp:term":[{"taxonomy":"product_brand","embeddable":true,"href":"https:\/\/comt.cat\/es\/wp-json\/wp\/v2\/product_brand?post=40223"},{"taxonomy":"product_cat","embeddable":true,"href":"https:\/\/comt.cat\/es\/wp-json\/wp\/v2\/product_cat?post=40223"},{"taxonomy":"product_tag","embeddable":true,"href":"https:\/\/comt.cat\/es\/wp-json\/wp\/v2\/product_tag?post=40223"}],"curies":[{"name":"wp","href":"https:\/\/api.w.org\/{rel}","templated":true}]}}