{"id":42784,"date":"2025-06-04T13:00:23","date_gmt":"2025-06-04T11:00:23","guid":{"rendered":"https:\/\/comt.cat\/producte\/42784\/"},"modified":"2025-11-04T16:39:11","modified_gmt":"2025-11-04T15:39:11","slug":"1a-edicio-prescripcio-de-lexercici-fisic","status":"publish","type":"product","link":"https:\/\/comt.cat\/es\/producte\/1a-edicio-prescripcio-de-lexercici-fisic\/","title":{"rendered":"1\u00aa Edici\u00f3 Prescripci\u00f3 de l&#8217;Exercici F\u00edsic"},"content":{"rendered":"<p>Aquest curs semipresencial ofereix una formaci\u00f3 completa per dotar els professionals sanitaris i de l\u2019activitat f\u00edsica de les eines necess\u00e0ries per prescriure exercici f\u00edsic de manera segura, adaptada i basada en l\u2019evid\u00e8ncia cient\u00edfica. Inclou 20 hores de formaci\u00f3 te\u00f2rica online, 4 hores de pr\u00e0ctiques sincr\u00f2niques aplicades a casos reals i 8 hores de formaci\u00f3 complement\u00e0ria per aprofundir en la Guia PEFS i altres recursos. Els continguts segueixen les directrius de l\u2019OMS i promouen la coordinaci\u00f3 entre l\u2019\u00e0mbit sanitari i comunitari, amb l\u2019objectiu final de reduir l\u2019impacte del sedentarisme i millorar la salut i qualitat de vida de la poblaci\u00f3.<\/p>\n","protected":false},"excerpt":{"rendered":"<h5>_<br \/>\n<span class=\"a_GcMg font-feature-liga-off font-feature-clig-off font-feature-calt-off text-decoration-none text-strikethrough-none\" style=\"background-color: #ffff00; font-size: 120%;\">APLA\u00c7AT, DATES A CONCRETAR<\/span><\/h5>\n<p class=\"cvGsUA direction-ltr align-justify para-style-body\"><span class=\"a_GcMg font-feature-liga-off font-feature-clig-off font-feature-calt-off text-decoration-none text-strikethrough-none\">El curs, de 20 hores, es compon de tres tipus de Formaci\u00f3:<\/span><\/p>\n<p class=\"cvGsUA direction-ltr align-justify para-style-body\"><span class=\"a_GcMg font-feature-liga-off font-feature-clig-off font-feature-calt-off text-decoration-none text-strikethrough-none\">A) TE\u00d2RICA, en l\u00ednia (Moodle), equivalent a unes\u00a0 hores, estructurada en 4 temes docents, amb els seus corresponents q\u00fcestionaris tipus test.<\/span><\/p>\n<p class=\"cvGsUA direction-ltr align-justify para-style-body\"><span class=\"a_GcMg font-feature-liga-off font-feature-clig-off font-feature-calt-off text-decoration-none text-strikethrough-none\">B) PR\u00c0CTICA, virtual, equivalent a 4 hores, estructurada en 4 apartats. (a concretar, de 16h a 18h)<\/span><\/p>\n<p class=\"cvGsUA direction-ltr align-justify para-style-body\"><span class=\"a_GcMg font-feature-liga-off font-feature-clig-off font-feature-calt-off text-decoration-none text-strikethrough-none\">C) COMPLEMENT\u00c0RIA, equivalent a un m\u00ednim de 10 hores.<\/span><\/p>\n","protected":false},"featured_media":40596,"template":"","meta":[],"product_brand":[],"product_cat":[613,636],"product_tag":[],"class_list":{"0":"post-42784","1":"product","2":"type-product","3":"status-publish","4":"has-post-thumbnail","6":"product_cat-cursos-es","7":"product_cat-formacio-es","9":"first","10":"instock","11":"sold-individually","12":"shipping-taxable","13":"purchasable","14":"product-type-variable"},"yoast_head":"<!-- This site is optimized with the Yoast SEO plugin v27.4 - https:\/\/yoast.com\/product\/yoast-seo-wordpress\/ -->\n<title>1\u00aa Edici\u00f3 Prescripci\u00f3 de l&#039;Exercici F\u00edsic - COMT<\/title>\n<meta name=\"robots\" content=\"index, follow, max-snippet:-1, max-image-preview:large, max-video-preview:-1\" \/>\n<link rel=\"canonical\" href=\"https:\/\/comt.cat\/es\/producte\/1a-edicio-prescripcio-de-lexercici-fisic\/\" \/>\n<meta property=\"og:locale\" content=\"es_ES\" \/>\n<meta property=\"og:type\" content=\"article\" \/>\n<meta property=\"og:title\" content=\"1\u00aa Edici\u00f3 Prescripci\u00f3 de l&#039;Exercici F\u00edsic - COMT\" \/>\n<meta property=\"og:description\" content=\"_ APLA\u00c7AT, DATES A CONCRETAR El curs, de 20 hores, es compon de tres tipus de Formaci\u00f3: A) TE\u00d2RICA, en l\u00ednia (Moodle), equivalent a unes\u00a0 hores, estructurada en 4 temes docents, amb els seus corresponents q\u00fcestionaris tipus test. B) PR\u00c0CTICA, virtual, equivalent a 4 hores, estructurada en 4 apartats. (a concretar, de 16h a 18h) C) COMPLEMENT\u00c0RIA, equivalent a un m\u00ednim de 10 hores.\" \/>\n<meta property=\"og:url\" content=\"https:\/\/comt.cat\/es\/producte\/1a-edicio-prescripcio-de-lexercici-fisic\/\" \/>\n<meta property=\"og:site_name\" content=\"COMT\" \/>\n<meta property=\"article:modified_time\" content=\"2025-11-04T15:39:11+00:00\" \/>\n<meta property=\"og:image\" content=\"https:\/\/comt.cat\/wp-content\/uploads\/2025\/06\/Woocomerce-1-1024x1024.png\" \/>\n\t<meta property=\"og:image:width\" content=\"1024\" \/>\n\t<meta property=\"og:image:height\" content=\"1024\" \/>\n\t<meta property=\"og:image:type\" content=\"image\/png\" \/>\n<meta name=\"twitter:card\" content=\"summary_large_image\" \/>\n<meta name=\"twitter:label1\" content=\"Tiempo de lectura\" \/>\n\t<meta name=\"twitter:data1\" content=\"1 minuto\" \/>\n<script type=\"application\/ld+json\" class=\"yoast-schema-graph\">{\"@context\":\"https:\\\/\\\/schema.org\",\"@graph\":[{\"@type\":\"WebPage\",\"@id\":\"https:\\\/\\\/comt.cat\\\/es\\\/producte\\\/1a-edicio-prescripcio-de-lexercici-fisic\\\/\",\"url\":\"https:\\\/\\\/comt.cat\\\/es\\\/producte\\\/1a-edicio-prescripcio-de-lexercici-fisic\\\/\",\"name\":\"1\u00aa Edici\u00f3 Prescripci\u00f3 de l'Exercici F\u00edsic - COMT\",\"isPartOf\":{\"@id\":\"https:\\\/\\\/comt.cat\\\/#website\"},\"primaryImageOfPage\":{\"@id\":\"https:\\\/\\\/comt.cat\\\/es\\\/producte\\\/1a-edicio-prescripcio-de-lexercici-fisic\\\/#primaryimage\"},\"image\":{\"@id\":\"https:\\\/\\\/comt.cat\\\/es\\\/producte\\\/1a-edicio-prescripcio-de-lexercici-fisic\\\/#primaryimage\"},\"thumbnailUrl\":\"https:\\\/\\\/comt.cat\\\/wp-content\\\/uploads\\\/2025\\\/06\\\/Woocomerce-1.png\",\"datePublished\":\"2025-06-04T11:00:23+00:00\",\"dateModified\":\"2025-11-04T15:39:11+00:00\",\"breadcrumb\":{\"@id\":\"https:\\\/\\\/comt.cat\\\/es\\\/producte\\\/1a-edicio-prescripcio-de-lexercici-fisic\\\/#breadcrumb\"},\"inLanguage\":\"es\",\"potentialAction\":[{\"@type\":\"ReadAction\",\"target\":[\"https:\\\/\\\/comt.cat\\\/es\\\/producte\\\/1a-edicio-prescripcio-de-lexercici-fisic\\\/\"]}]},{\"@type\":\"ImageObject\",\"inLanguage\":\"es\",\"@id\":\"https:\\\/\\\/comt.cat\\\/es\\\/producte\\\/1a-edicio-prescripcio-de-lexercici-fisic\\\/#primaryimage\",\"url\":\"https:\\\/\\\/comt.cat\\\/wp-content\\\/uploads\\\/2025\\\/06\\\/Woocomerce-1.png\",\"contentUrl\":\"https:\\\/\\\/comt.cat\\\/wp-content\\\/uploads\\\/2025\\\/06\\\/Woocomerce-1.png\",\"width\":1080,\"height\":1080},{\"@type\":\"BreadcrumbList\",\"@id\":\"https:\\\/\\\/comt.cat\\\/es\\\/producte\\\/1a-edicio-prescripcio-de-lexercici-fisic\\\/#breadcrumb\",\"itemListElement\":[{\"@type\":\"ListItem\",\"position\":1,\"name\":\"Home\",\"item\":\"https:\\\/\\\/comt.cat\\\/es\\\/\"},{\"@type\":\"ListItem\",\"position\":2,\"name\":\"Productes\",\"item\":\"https:\\\/\\\/comt.cat\\\/shop\\\/\"},{\"@type\":\"ListItem\",\"position\":3,\"name\":\"1\u00aa Edici\u00f3 Prescripci\u00f3 de l&#8217;Exercici F\u00edsic\"}]},{\"@type\":\"WebSite\",\"@id\":\"https:\\\/\\\/comt.cat\\\/#website\",\"url\":\"https:\\\/\\\/comt.cat\\\/\",\"name\":\"COMT\",\"description\":\"Col\u00b7legi de Metges de Tarragona\",\"potentialAction\":[{\"@type\":\"SearchAction\",\"target\":{\"@type\":\"EntryPoint\",\"urlTemplate\":\"https:\\\/\\\/comt.cat\\\/?s={search_term_string}\"},\"query-input\":{\"@type\":\"PropertyValueSpecification\",\"valueRequired\":true,\"valueName\":\"search_term_string\"}}],\"inLanguage\":\"es\"}]}<\/script>\n<!-- \/ Yoast SEO plugin. -->","yoast_head_json":{"title":"1\u00aa Edici\u00f3 Prescripci\u00f3 de l'Exercici F\u00edsic - COMT","robots":{"index":"index","follow":"follow","max-snippet":"max-snippet:-1","max-image-preview":"max-image-preview:large","max-video-preview":"max-video-preview:-1"},"canonical":"https:\/\/comt.cat\/es\/producte\/1a-edicio-prescripcio-de-lexercici-fisic\/","og_locale":"es_ES","og_type":"article","og_title":"1\u00aa Edici\u00f3 Prescripci\u00f3 de l'Exercici F\u00edsic - COMT","og_description":"_ APLA\u00c7AT, DATES A CONCRETAR El curs, de 20 hores, es compon de tres tipus de Formaci\u00f3: A) TE\u00d2RICA, en l\u00ednia (Moodle), equivalent a unes\u00a0 hores, estructurada en 4 temes docents, amb els seus corresponents q\u00fcestionaris tipus test. B) PR\u00c0CTICA, virtual, equivalent a 4 hores, estructurada en 4 apartats. (a concretar, de 16h a 18h) C) COMPLEMENT\u00c0RIA, equivalent a un m\u00ednim de 10 hores.","og_url":"https:\/\/comt.cat\/es\/producte\/1a-edicio-prescripcio-de-lexercici-fisic\/","og_site_name":"COMT","article_modified_time":"2025-11-04T15:39:11+00:00","og_image":[{"width":1024,"height":1024,"url":"https:\/\/comt.cat\/wp-content\/uploads\/2025\/06\/Woocomerce-1-1024x1024.png","type":"image\/png"}],"twitter_card":"summary_large_image","twitter_misc":{"Tiempo de lectura":"1 minuto"},"schema":{"@context":"https:\/\/schema.org","@graph":[{"@type":"WebPage","@id":"https:\/\/comt.cat\/es\/producte\/1a-edicio-prescripcio-de-lexercici-fisic\/","url":"https:\/\/comt.cat\/es\/producte\/1a-edicio-prescripcio-de-lexercici-fisic\/","name":"1\u00aa Edici\u00f3 Prescripci\u00f3 de l'Exercici F\u00edsic - COMT","isPartOf":{"@id":"https:\/\/comt.cat\/#website"},"primaryImageOfPage":{"@id":"https:\/\/comt.cat\/es\/producte\/1a-edicio-prescripcio-de-lexercici-fisic\/#primaryimage"},"image":{"@id":"https:\/\/comt.cat\/es\/producte\/1a-edicio-prescripcio-de-lexercici-fisic\/#primaryimage"},"thumbnailUrl":"https:\/\/comt.cat\/wp-content\/uploads\/2025\/06\/Woocomerce-1.png","datePublished":"2025-06-04T11:00:23+00:00","dateModified":"2025-11-04T15:39:11+00:00","breadcrumb":{"@id":"https:\/\/comt.cat\/es\/producte\/1a-edicio-prescripcio-de-lexercici-fisic\/#breadcrumb"},"inLanguage":"es","potentialAction":[{"@type":"ReadAction","target":["https:\/\/comt.cat\/es\/producte\/1a-edicio-prescripcio-de-lexercici-fisic\/"]}]},{"@type":"ImageObject","inLanguage":"es","@id":"https:\/\/comt.cat\/es\/producte\/1a-edicio-prescripcio-de-lexercici-fisic\/#primaryimage","url":"https:\/\/comt.cat\/wp-content\/uploads\/2025\/06\/Woocomerce-1.png","contentUrl":"https:\/\/comt.cat\/wp-content\/uploads\/2025\/06\/Woocomerce-1.png","width":1080,"height":1080},{"@type":"BreadcrumbList","@id":"https:\/\/comt.cat\/es\/producte\/1a-edicio-prescripcio-de-lexercici-fisic\/#breadcrumb","itemListElement":[{"@type":"ListItem","position":1,"name":"Home","item":"https:\/\/comt.cat\/es\/"},{"@type":"ListItem","position":2,"name":"Productes","item":"https:\/\/comt.cat\/shop\/"},{"@type":"ListItem","position":3,"name":"1\u00aa Edici\u00f3 Prescripci\u00f3 de l&#8217;Exercici F\u00edsic"}]},{"@type":"WebSite","@id":"https:\/\/comt.cat\/#website","url":"https:\/\/comt.cat\/","name":"COMT","description":"Col\u00b7legi de Metges de Tarragona","potentialAction":[{"@type":"SearchAction","target":{"@type":"EntryPoint","urlTemplate":"https:\/\/comt.cat\/?s={search_term_string}"},"query-input":{"@type":"PropertyValueSpecification","valueRequired":true,"valueName":"search_term_string"}}],"inLanguage":"es"}]}},"_links":{"self":[{"href":"https:\/\/comt.cat\/es\/wp-json\/wp\/v2\/product\/42784","targetHints":{"allow":["GET"]}}],"collection":[{"href":"https:\/\/comt.cat\/es\/wp-json\/wp\/v2\/product"}],"about":[{"href":"https:\/\/comt.cat\/es\/wp-json\/wp\/v2\/types\/product"}],"wp:featuredmedia":[{"embeddable":true,"href":"https:\/\/comt.cat\/es\/wp-json\/wp\/v2\/media\/40596"}],"wp:attachment":[{"href":"https:\/\/comt.cat\/es\/wp-json\/wp\/v2\/media?parent=42784"}],"wp:term":[{"taxonomy":"product_brand","embeddable":true,"href":"https:\/\/comt.cat\/es\/wp-json\/wp\/v2\/product_brand?post=42784"},{"taxonomy":"product_cat","embeddable":true,"href":"https:\/\/comt.cat\/es\/wp-json\/wp\/v2\/product_cat?post=42784"},{"taxonomy":"product_tag","embeddable":true,"href":"https:\/\/comt.cat\/es\/wp-json\/wp\/v2\/product_tag?post=42784"}],"curies":[{"name":"wp","href":"https:\/\/api.w.org\/{rel}","templated":true}]}}