{"id":42948,"date":"2025-09-09T14:55:36","date_gmt":"2025-09-09T12:55:36","guid":{"rendered":"https:\/\/comt.cat\/producte\/socks-thr\/"},"modified":"2025-09-09T15:03:19","modified_gmt":"2025-09-09T13:03:19","slug":"socks-thr","status":"publish","type":"product","link":"https:\/\/comt.cat\/es\/producte\/socks-thr\/","title":{"rendered":"Socks THR"},"content":{"rendered":"","protected":false},"excerpt":{"rendered":"<p>\u00a1Corre con energ\u00eda y comodidad con los calcetines oficiales de la Tarraco Health Race! Su dise\u00f1o deportivo en color azul marino con el logo vertical de la carrera te dar\u00e1 un estilo \u00fanico a cada paso. Fabricados en tejido t\u00e9cnico transpirable y de secado r\u00e1pido, est\u00e1n pensados \u200b\u200bpara acompa\u00f1arte tanto en entrenamientos como en competiciones.<\/p>\n<p>Ajuste perfecto, comodidad y toque de identidad THR para demostrar tu apoyo a una carrera que une deporte, salud y solidaridad.<\/p>\n","protected":false},"featured_media":42944,"template":"","meta":[],"product_brand":[],"product_cat":[702],"product_tag":[],"class_list":{"0":"post-42948","1":"product","2":"type-product","3":"status-publish","4":"has-post-thumbnail","6":"product_cat-marxandatge-es","8":"first","9":"instock","10":"shipping-taxable","11":"purchasable","12":"product-type-variable"},"yoast_head":"<!-- This site is optimized with the Yoast SEO plugin v27.3 - https:\/\/yoast.com\/product\/yoast-seo-wordpress\/ -->\n<title>Socks THR - COMT<\/title>\n<meta name=\"robots\" content=\"index, follow, max-snippet:-1, max-image-preview:large, max-video-preview:-1\" \/>\n<link rel=\"canonical\" href=\"https:\/\/comt.cat\/es\/producte\/socks-thr\/\" \/>\n<meta property=\"og:locale\" content=\"es_ES\" \/>\n<meta property=\"og:type\" content=\"article\" \/>\n<meta property=\"og:title\" content=\"Socks THR - COMT\" \/>\n<meta property=\"og:description\" content=\"\u00a1Corre con energ\u00eda y comodidad con los calcetines oficiales de la Tarraco Health Race! Su dise\u00f1o deportivo en color azul marino con el logo vertical de la carrera te dar\u00e1 un estilo \u00fanico a cada paso. Fabricados en tejido t\u00e9cnico transpirable y de secado r\u00e1pido, est\u00e1n pensados \u200b\u200bpara acompa\u00f1arte tanto en entrenamientos como en competiciones.  Ajuste perfecto, comodidad y toque de identidad THR para demostrar tu apoyo a una carrera que une deporte, salud y solidaridad.\" \/>\n<meta property=\"og:url\" content=\"https:\/\/comt.cat\/es\/producte\/socks-thr\/\" \/>\n<meta property=\"og:site_name\" content=\"COMT\" \/>\n<meta property=\"article:modified_time\" content=\"2025-09-09T13:03:19+00:00\" \/>\n<meta property=\"og:image\" content=\"https:\/\/comt.cat\/wp-content\/uploads\/2025\/09\/SHOCKS-THR25-copia.webp\" \/>\n\t<meta property=\"og:image:width\" content=\"1000\" \/>\n\t<meta property=\"og:image:height\" content=\"1000\" \/>\n\t<meta property=\"og:image:type\" content=\"image\/webp\" \/>\n<meta name=\"twitter:card\" content=\"summary_large_image\" \/>\n<script type=\"application\/ld+json\" class=\"yoast-schema-graph\">{\"@context\":\"https:\\\/\\\/schema.org\",\"@graph\":[{\"@type\":\"WebPage\",\"@id\":\"https:\\\/\\\/comt.cat\\\/es\\\/producte\\\/socks-thr\\\/\",\"url\":\"https:\\\/\\\/comt.cat\\\/es\\\/producte\\\/socks-thr\\\/\",\"name\":\"Socks THR - COMT\",\"isPartOf\":{\"@id\":\"https:\\\/\\\/comt.cat\\\/#website\"},\"primaryImageOfPage\":{\"@id\":\"https:\\\/\\\/comt.cat\\\/es\\\/producte\\\/socks-thr\\\/#primaryimage\"},\"image\":{\"@id\":\"https:\\\/\\\/comt.cat\\\/es\\\/producte\\\/socks-thr\\\/#primaryimage\"},\"thumbnailUrl\":\"https:\\\/\\\/comt.cat\\\/wp-content\\\/uploads\\\/2025\\\/09\\\/SHOCKS-THR25-copia.webp\",\"datePublished\":\"2025-09-09T12:55:36+00:00\",\"dateModified\":\"2025-09-09T13:03:19+00:00\",\"breadcrumb\":{\"@id\":\"https:\\\/\\\/comt.cat\\\/es\\\/producte\\\/socks-thr\\\/#breadcrumb\"},\"inLanguage\":\"es\",\"potentialAction\":[{\"@type\":\"ReadAction\",\"target\":[\"https:\\\/\\\/comt.cat\\\/es\\\/producte\\\/socks-thr\\\/\"]}]},{\"@type\":\"ImageObject\",\"inLanguage\":\"es\",\"@id\":\"https:\\\/\\\/comt.cat\\\/es\\\/producte\\\/socks-thr\\\/#primaryimage\",\"url\":\"https:\\\/\\\/comt.cat\\\/wp-content\\\/uploads\\\/2025\\\/09\\\/SHOCKS-THR25-copia.webp\",\"contentUrl\":\"https:\\\/\\\/comt.cat\\\/wp-content\\\/uploads\\\/2025\\\/09\\\/SHOCKS-THR25-copia.webp\",\"width\":1000,\"height\":1000},{\"@type\":\"BreadcrumbList\",\"@id\":\"https:\\\/\\\/comt.cat\\\/es\\\/producte\\\/socks-thr\\\/#breadcrumb\",\"itemListElement\":[{\"@type\":\"ListItem\",\"position\":1,\"name\":\"Home\",\"item\":\"https:\\\/\\\/comt.cat\\\/es\\\/\"},{\"@type\":\"ListItem\",\"position\":2,\"name\":\"Productes\",\"item\":\"https:\\\/\\\/comt.cat\\\/shop\\\/\"},{\"@type\":\"ListItem\",\"position\":3,\"name\":\"Socks THR\"}]},{\"@type\":\"WebSite\",\"@id\":\"https:\\\/\\\/comt.cat\\\/#website\",\"url\":\"https:\\\/\\\/comt.cat\\\/\",\"name\":\"COMT\",\"description\":\"Col\u00b7legi de Metges de Tarragona\",\"potentialAction\":[{\"@type\":\"SearchAction\",\"target\":{\"@type\":\"EntryPoint\",\"urlTemplate\":\"https:\\\/\\\/comt.cat\\\/?s={search_term_string}\"},\"query-input\":{\"@type\":\"PropertyValueSpecification\",\"valueRequired\":true,\"valueName\":\"search_term_string\"}}],\"inLanguage\":\"es\"}]}<\/script>\n<!-- \/ Yoast SEO plugin. -->","yoast_head_json":{"title":"Socks THR - COMT","robots":{"index":"index","follow":"follow","max-snippet":"max-snippet:-1","max-image-preview":"max-image-preview:large","max-video-preview":"max-video-preview:-1"},"canonical":"https:\/\/comt.cat\/es\/producte\/socks-thr\/","og_locale":"es_ES","og_type":"article","og_title":"Socks THR - COMT","og_description":"\u00a1Corre con energ\u00eda y comodidad con los calcetines oficiales de la Tarraco Health Race! Su dise\u00f1o deportivo en color azul marino con el logo vertical de la carrera te dar\u00e1 un estilo \u00fanico a cada paso. Fabricados en tejido t\u00e9cnico transpirable y de secado r\u00e1pido, est\u00e1n pensados \u200b\u200bpara acompa\u00f1arte tanto en entrenamientos como en competiciones.  Ajuste perfecto, comodidad y toque de identidad THR para demostrar tu apoyo a una carrera que une deporte, salud y solidaridad.","og_url":"https:\/\/comt.cat\/es\/producte\/socks-thr\/","og_site_name":"COMT","article_modified_time":"2025-09-09T13:03:19+00:00","og_image":[{"url":"https:\/\/comt.cat\/wp-content\/uploads\/2025\/09\/SHOCKS-THR25-copia.webp","width":1000,"height":1000,"type":"image\/webp"}],"twitter_card":"summary_large_image","schema":{"@context":"https:\/\/schema.org","@graph":[{"@type":"WebPage","@id":"https:\/\/comt.cat\/es\/producte\/socks-thr\/","url":"https:\/\/comt.cat\/es\/producte\/socks-thr\/","name":"Socks THR - COMT","isPartOf":{"@id":"https:\/\/comt.cat\/#website"},"primaryImageOfPage":{"@id":"https:\/\/comt.cat\/es\/producte\/socks-thr\/#primaryimage"},"image":{"@id":"https:\/\/comt.cat\/es\/producte\/socks-thr\/#primaryimage"},"thumbnailUrl":"https:\/\/comt.cat\/wp-content\/uploads\/2025\/09\/SHOCKS-THR25-copia.webp","datePublished":"2025-09-09T12:55:36+00:00","dateModified":"2025-09-09T13:03:19+00:00","breadcrumb":{"@id":"https:\/\/comt.cat\/es\/producte\/socks-thr\/#breadcrumb"},"inLanguage":"es","potentialAction":[{"@type":"ReadAction","target":["https:\/\/comt.cat\/es\/producte\/socks-thr\/"]}]},{"@type":"ImageObject","inLanguage":"es","@id":"https:\/\/comt.cat\/es\/producte\/socks-thr\/#primaryimage","url":"https:\/\/comt.cat\/wp-content\/uploads\/2025\/09\/SHOCKS-THR25-copia.webp","contentUrl":"https:\/\/comt.cat\/wp-content\/uploads\/2025\/09\/SHOCKS-THR25-copia.webp","width":1000,"height":1000},{"@type":"BreadcrumbList","@id":"https:\/\/comt.cat\/es\/producte\/socks-thr\/#breadcrumb","itemListElement":[{"@type":"ListItem","position":1,"name":"Home","item":"https:\/\/comt.cat\/es\/"},{"@type":"ListItem","position":2,"name":"Productes","item":"https:\/\/comt.cat\/shop\/"},{"@type":"ListItem","position":3,"name":"Socks THR"}]},{"@type":"WebSite","@id":"https:\/\/comt.cat\/#website","url":"https:\/\/comt.cat\/","name":"COMT","description":"Col\u00b7legi de Metges de Tarragona","potentialAction":[{"@type":"SearchAction","target":{"@type":"EntryPoint","urlTemplate":"https:\/\/comt.cat\/?s={search_term_string}"},"query-input":{"@type":"PropertyValueSpecification","valueRequired":true,"valueName":"search_term_string"}}],"inLanguage":"es"}]}},"_links":{"self":[{"href":"https:\/\/comt.cat\/es\/wp-json\/wp\/v2\/product\/42948","targetHints":{"allow":["GET"]}}],"collection":[{"href":"https:\/\/comt.cat\/es\/wp-json\/wp\/v2\/product"}],"about":[{"href":"https:\/\/comt.cat\/es\/wp-json\/wp\/v2\/types\/product"}],"wp:featuredmedia":[{"embeddable":true,"href":"https:\/\/comt.cat\/es\/wp-json\/wp\/v2\/media\/42944"}],"wp:attachment":[{"href":"https:\/\/comt.cat\/es\/wp-json\/wp\/v2\/media?parent=42948"}],"wp:term":[{"taxonomy":"product_brand","embeddable":true,"href":"https:\/\/comt.cat\/es\/wp-json\/wp\/v2\/product_brand?post=42948"},{"taxonomy":"product_cat","embeddable":true,"href":"https:\/\/comt.cat\/es\/wp-json\/wp\/v2\/product_cat?post=42948"},{"taxonomy":"product_tag","embeddable":true,"href":"https:\/\/comt.cat\/es\/wp-json\/wp\/v2\/product_tag?post=42948"}],"curies":[{"name":"wp","href":"https:\/\/api.w.org\/{rel}","templated":true}]}}