{"id":46449,"date":"2026-01-29T15:09:00","date_gmt":"2026-01-29T14:09:00","guid":{"rendered":"https:\/\/comt.cat\/?post_type=product&#038;p=46449"},"modified":"2026-04-22T20:08:30","modified_gmt":"2026-04-22T18:08:30","slug":"ecografia-musculoesqueletica-orientada-al-intervencionismo-en-el-comt-copia","status":"publish","type":"product","link":"https:\/\/comt.cat\/es\/producte\/ecografia-musculoesqueletica-orientada-al-intervencionismo-en-el-comt-copia\/","title":{"rendered":"Curs capacitaci\u00f3 IA"},"content":{"rendered":"<div class=\"row\"  id=\"row-1452516238\">\n\n\t<div id=\"col-614319233\" class=\"col medium-4 small-12 large-4\"  >\n\t\t\t\t<div class=\"col-inner\"  >\n\t\t\t\n\t\t\t\n<div class=\"container section-title-container\" ><h3 class=\"section-title section-title-normal\"><b aria-hidden=\"true\"><\/b><span class=\"section-title-main\" >Objectius del curs<\/span><b aria-hidden=\"true\"><\/b><\/h3><\/div>\n<ul>\n<li class=\"bullet-checkmark\">Comprendre qu\u00e8 \u00e9s la intel\u00b7lig\u00e8ncia artificial i com funciona a nivell pr\u00e0ctic.<\/li>\n<li class=\"bullet-checkmark\">Aprendre a utilitzar eines d\u2019IA de manera segura, \u00e8tica i responsable en l\u2019\u00e0mbit sanitari.<\/li>\n<li class=\"bullet-checkmark\">Augmentar la productivitat professional i reduir tasques repetitives.<\/li>\n<li class=\"bullet-checkmark\">Facilitar l\u2019aprenentatge continu i la gesti\u00f3 del coneixement.<\/li>\n<li class=\"bullet-checkmark\">Explorar casos d\u2019\u00fas pr\u00e0ctics tant dins com fora de la consulta.<\/li>\n<\/ul>\n<div class=\"container section-title-container\" ><h3 class=\"section-title section-title-normal\"><b aria-hidden=\"true\"><\/b><span class=\"section-title-main\" >Format del curs<\/span><b aria-hidden=\"true\"><\/b><\/h3><\/div>\n<ul>\n<li class=\"bullet-arrow\">5 classes en v\u00eddeo HD de 45\u201360 minuts<\/li>\n<li class=\"bullet-arrow\">Materials complementaris (presentacions, exemples, prompts)<\/li>\n<li class=\"bullet-arrow\">Exercicis opcionals<\/li>\n<li class=\"bullet-arrow\">Test final de certificaci\u00f3<\/li>\n<\/ul>\n<p><strong>Durada d\u2019acc\u00e9s:<\/strong> 12 mesos<\/p>\n<ul>\n<li class=\"bullet-checkmark\">Resoluci\u00f3 de dubtes a la plataforma o per correu electr\u00f2nic<\/li>\n<li class=\"bullet-checkmark\">Temps de resposta habitual inferior a 24 h (m\u00e0xim 48 h en casos puntuals)<\/li>\n<\/ul>\n\t\t<\/div>\n\t\t\t\t\t<\/div>\n\n\t\n\n\t<div id=\"col-1515170673\" class=\"col medium-4 small-12 large-4\"  >\n\t\t\t\t<div class=\"col-inner\"  >\n\t\t\t\n\t\t\t\n<div class=\"container section-title-container\" ><h3 class=\"section-title section-title-normal\"><b aria-hidden=\"true\"><\/b><span class=\"section-title-main\" >El professor<\/span><b aria-hidden=\"true\"><\/b><\/h3><\/div>\n<div>\n<p><strong>Pablo V\u00e1zquez<\/strong><br \/>\nDivulgador en IA generativa i creador dels cursos <em>Vida Inteligente<\/em><\/p>\n<ul>\n<li class=\"bullet-arrow\">M\u00e9s de 9.000 alumnes<\/li>\n<li class=\"bullet-arrow\">Valoraci\u00f3 mitjana de 4,7\/5<\/li>\n<li class=\"bullet-arrow\">Autor de la newsletter <em>Vida Inteligente<\/em> (+5.000 subscriptors)<\/li>\n<li class=\"bullet-arrow\">Consultor amb m\u00e9s de 15 anys d\u2019experi\u00e8ncia internacional<\/li>\n<li class=\"bullet-arrow\">Enginyer Inform\u00e0tic amb M\u00e0ster en Intel\u00b7lig\u00e8ncia Artificial<\/li>\n<\/ul>\n<\/div>\n\t\t<\/div>\n\t\t\t\t\t<\/div>\n\n\t\n\n\t<div id=\"col-1004973112\" class=\"col medium-4 small-12 large-4\"  >\n\t\t\t\t<div class=\"col-inner\"  >\n\t\t\t\n\t\t\t\n<div class=\"container section-title-container\" ><h3 class=\"section-title section-title-normal\"><b aria-hidden=\"true\"><\/b><span class=\"section-title-main\" >CONTINGUT:<\/span><b aria-hidden=\"true\"><\/b><\/h3><\/div>\n<p data-start=\"58\" data-end=\"156\"><strong data-start=\"58\" data-end=\"91\">M\u00f2dul 1 \u00b7 Introducci\u00f3 a la IA<\/strong><br data-start=\"91\" data-end=\"94\" \/>Bases per a un \u00fas segur i efica\u00e7 de la IA en l\u2019\u00e0mbit sanitari.<\/p>\n<p data-start=\"158\" data-end=\"242\"><strong data-start=\"158\" data-end=\"185\">M\u00f2dul 2 \u00b7 Productivitat<\/strong><br data-start=\"185\" data-end=\"188\" \/>Millora l\u2019efici\u00e8ncia i la qualitat del treball amb IA.<\/p>\n<p data-start=\"244\" data-end=\"328\"><strong data-start=\"244\" data-end=\"272\">M\u00f2dul 3 \u00b7 Automatitzaci\u00f3<\/strong><br data-start=\"272\" data-end=\"275\" \/>Automatitza tasques i crea assistents personalitzats.<\/p>\n<p data-start=\"330\" data-end=\"409\"><strong data-start=\"330\" data-end=\"356\">M\u00f2dul 4 \u00b7 Aprenentatge<\/strong><br data-start=\"356\" data-end=\"359\" \/>La IA com a suport per a la formaci\u00f3 i la recerca.<\/p>\n<p data-start=\"411\" data-end=\"497\"><strong data-start=\"411\" data-end=\"435\">M\u00f2dul 5 \u00b7 Casos d\u2019\u00fas<\/strong><br data-start=\"435\" data-end=\"438\" \/>Aplicacions pr\u00e0ctiques de la IA dins i fora de la consulta.<\/p>\n\t\t<\/div>\n\t\t\t\t\t<\/div>\n\n\t\n<\/div>\n<div><\/div>\n","protected":false},"excerpt":{"rendered":"<p>Aquest curs de capacitaci\u00f3 en Intel\u00b7lig\u00e8ncia Artificial est\u00e0 dissenyat exclusivament per al <strong>Col\u00b7legi Oficial de Metges de Tarragona (COMT)<\/strong>. La formaci\u00f3 t\u00e9 com a objectiu proporcionar als professionals sanitaris una base s\u00f2lida, pr\u00e0ctica i segura per integrar la IA en el seu dia a dia professional.<\/p>\n<a href=\"https:\/\/comt.cat\/wp-content\/uploads\/2026\/02\/2026_Curso-de-Capacitacion-en-IA.pdf\" target=\"blank\" class=\"button primary is-primary is-medium\" >\n\t\t<span>Descarrega el PDF informatiu<\/span>\n\t<\/a>\n\n","protected":false},"featured_media":46455,"template":"","meta":[],"product_brand":[],"product_cat":[613,636],"product_tag":[],"class_list":{"0":"post-46449","1":"product","2":"type-product","3":"status-publish","4":"has-post-thumbnail","6":"product_cat-cursos-es","7":"product_cat-formacio-es","9":"first","10":"instock","11":"sold-individually","12":"shipping-taxable","13":"purchasable","14":"product-type-variable"},"yoast_head":"<!-- This site is optimized with the Yoast SEO plugin v27.4 - https:\/\/yoast.com\/product\/yoast-seo-wordpress\/ -->\n<title>Curs capacitaci\u00f3 IA - COMT<\/title>\n<meta name=\"robots\" content=\"index, follow, max-snippet:-1, max-image-preview:large, max-video-preview:-1\" \/>\n<link rel=\"canonical\" href=\"https:\/\/comt.cat\/es\/producte\/ecografia-musculoesqueletica-orientada-al-intervencionismo-en-el-comt-copia\/\" \/>\n<meta property=\"og:locale\" content=\"es_ES\" \/>\n<meta property=\"og:type\" content=\"article\" \/>\n<meta property=\"og:title\" content=\"Curs capacitaci\u00f3 IA - COMT\" \/>\n<meta property=\"og:description\" content=\"Aquest curs de capacitaci\u00f3 en Intel\u00b7lig\u00e8ncia Artificial est\u00e0 dissenyat exclusivament per al Col\u00b7legi Oficial de Metges de Tarragona (COMT). La formaci\u00f3 t\u00e9 com a objectiu proporcionar als professionals sanitaris una base s\u00f2lida, pr\u00e0ctica i segura per integrar la IA en el seu dia a dia professional.\" \/>\n<meta property=\"og:url\" content=\"https:\/\/comt.cat\/es\/producte\/ecografia-musculoesqueletica-orientada-al-intervencionismo-en-el-comt-copia\/\" \/>\n<meta property=\"og:site_name\" content=\"COMT\" \/>\n<meta property=\"article:modified_time\" content=\"2026-04-22T18:08:30+00:00\" \/>\n<meta property=\"og:image\" content=\"https:\/\/comt.cat\/wp-content\/uploads\/2026\/01\/Captura-de-pantalla-2026-01-29-a-las-15.22.59.png\" \/>\n\t<meta property=\"og:image:width\" content=\"936\" \/>\n\t<meta property=\"og:image:height\" content=\"562\" \/>\n\t<meta property=\"og:image:type\" content=\"image\/png\" \/>\n<meta name=\"twitter:card\" content=\"summary_large_image\" \/>\n<meta name=\"twitter:label1\" content=\"Tiempo de lectura\" \/>\n\t<meta name=\"twitter:data1\" content=\"1 minuto\" \/>\n<script type=\"application\/ld+json\" class=\"yoast-schema-graph\">{\"@context\":\"https:\\\/\\\/schema.org\",\"@graph\":[{\"@type\":\"WebPage\",\"@id\":\"https:\\\/\\\/comt.cat\\\/es\\\/producte\\\/ecografia-musculoesqueletica-orientada-al-intervencionismo-en-el-comt-copia\\\/\",\"url\":\"https:\\\/\\\/comt.cat\\\/es\\\/producte\\\/ecografia-musculoesqueletica-orientada-al-intervencionismo-en-el-comt-copia\\\/\",\"name\":\"Curs capacitaci\u00f3 IA - COMT\",\"isPartOf\":{\"@id\":\"https:\\\/\\\/comt.cat\\\/#website\"},\"primaryImageOfPage\":{\"@id\":\"https:\\\/\\\/comt.cat\\\/es\\\/producte\\\/ecografia-musculoesqueletica-orientada-al-intervencionismo-en-el-comt-copia\\\/#primaryimage\"},\"image\":{\"@id\":\"https:\\\/\\\/comt.cat\\\/es\\\/producte\\\/ecografia-musculoesqueletica-orientada-al-intervencionismo-en-el-comt-copia\\\/#primaryimage\"},\"thumbnailUrl\":\"https:\\\/\\\/comt.cat\\\/wp-content\\\/uploads\\\/2026\\\/01\\\/Captura-de-pantalla-2026-01-29-a-las-15.22.59.png\",\"datePublished\":\"2026-01-29T14:09:00+00:00\",\"dateModified\":\"2026-04-22T18:08:30+00:00\",\"breadcrumb\":{\"@id\":\"https:\\\/\\\/comt.cat\\\/es\\\/producte\\\/ecografia-musculoesqueletica-orientada-al-intervencionismo-en-el-comt-copia\\\/#breadcrumb\"},\"inLanguage\":\"es\",\"potentialAction\":[{\"@type\":\"ReadAction\",\"target\":[\"https:\\\/\\\/comt.cat\\\/es\\\/producte\\\/ecografia-musculoesqueletica-orientada-al-intervencionismo-en-el-comt-copia\\\/\"]}]},{\"@type\":\"ImageObject\",\"inLanguage\":\"es\",\"@id\":\"https:\\\/\\\/comt.cat\\\/es\\\/producte\\\/ecografia-musculoesqueletica-orientada-al-intervencionismo-en-el-comt-copia\\\/#primaryimage\",\"url\":\"https:\\\/\\\/comt.cat\\\/wp-content\\\/uploads\\\/2026\\\/01\\\/Captura-de-pantalla-2026-01-29-a-las-15.22.59.png\",\"contentUrl\":\"https:\\\/\\\/comt.cat\\\/wp-content\\\/uploads\\\/2026\\\/01\\\/Captura-de-pantalla-2026-01-29-a-las-15.22.59.png\",\"width\":936,\"height\":562},{\"@type\":\"BreadcrumbList\",\"@id\":\"https:\\\/\\\/comt.cat\\\/es\\\/producte\\\/ecografia-musculoesqueletica-orientada-al-intervencionismo-en-el-comt-copia\\\/#breadcrumb\",\"itemListElement\":[{\"@type\":\"ListItem\",\"position\":1,\"name\":\"Home\",\"item\":\"https:\\\/\\\/comt.cat\\\/es\\\/\"},{\"@type\":\"ListItem\",\"position\":2,\"name\":\"Productes\",\"item\":\"https:\\\/\\\/comt.cat\\\/shop\\\/\"},{\"@type\":\"ListItem\",\"position\":3,\"name\":\"Curs capacitaci\u00f3 IA\"}]},{\"@type\":\"WebSite\",\"@id\":\"https:\\\/\\\/comt.cat\\\/#website\",\"url\":\"https:\\\/\\\/comt.cat\\\/\",\"name\":\"COMT\",\"description\":\"Col\u00b7legi de Metges de Tarragona\",\"potentialAction\":[{\"@type\":\"SearchAction\",\"target\":{\"@type\":\"EntryPoint\",\"urlTemplate\":\"https:\\\/\\\/comt.cat\\\/?s={search_term_string}\"},\"query-input\":{\"@type\":\"PropertyValueSpecification\",\"valueRequired\":true,\"valueName\":\"search_term_string\"}}],\"inLanguage\":\"es\"}]}<\/script>\n<!-- \/ Yoast SEO plugin. -->","yoast_head_json":{"title":"Curs capacitaci\u00f3 IA - COMT","robots":{"index":"index","follow":"follow","max-snippet":"max-snippet:-1","max-image-preview":"max-image-preview:large","max-video-preview":"max-video-preview:-1"},"canonical":"https:\/\/comt.cat\/es\/producte\/ecografia-musculoesqueletica-orientada-al-intervencionismo-en-el-comt-copia\/","og_locale":"es_ES","og_type":"article","og_title":"Curs capacitaci\u00f3 IA - COMT","og_description":"Aquest curs de capacitaci\u00f3 en Intel\u00b7lig\u00e8ncia Artificial est\u00e0 dissenyat exclusivament per al Col\u00b7legi Oficial de Metges de Tarragona (COMT). La formaci\u00f3 t\u00e9 com a objectiu proporcionar als professionals sanitaris una base s\u00f2lida, pr\u00e0ctica i segura per integrar la IA en el seu dia a dia professional.","og_url":"https:\/\/comt.cat\/es\/producte\/ecografia-musculoesqueletica-orientada-al-intervencionismo-en-el-comt-copia\/","og_site_name":"COMT","article_modified_time":"2026-04-22T18:08:30+00:00","og_image":[{"url":"https:\/\/comt.cat\/wp-content\/uploads\/2026\/01\/Captura-de-pantalla-2026-01-29-a-las-15.22.59.png","width":936,"height":562,"type":"image\/png"}],"twitter_card":"summary_large_image","twitter_misc":{"Tiempo de lectura":"1 minuto"},"schema":{"@context":"https:\/\/schema.org","@graph":[{"@type":"WebPage","@id":"https:\/\/comt.cat\/es\/producte\/ecografia-musculoesqueletica-orientada-al-intervencionismo-en-el-comt-copia\/","url":"https:\/\/comt.cat\/es\/producte\/ecografia-musculoesqueletica-orientada-al-intervencionismo-en-el-comt-copia\/","name":"Curs capacitaci\u00f3 IA - COMT","isPartOf":{"@id":"https:\/\/comt.cat\/#website"},"primaryImageOfPage":{"@id":"https:\/\/comt.cat\/es\/producte\/ecografia-musculoesqueletica-orientada-al-intervencionismo-en-el-comt-copia\/#primaryimage"},"image":{"@id":"https:\/\/comt.cat\/es\/producte\/ecografia-musculoesqueletica-orientada-al-intervencionismo-en-el-comt-copia\/#primaryimage"},"thumbnailUrl":"https:\/\/comt.cat\/wp-content\/uploads\/2026\/01\/Captura-de-pantalla-2026-01-29-a-las-15.22.59.png","datePublished":"2026-01-29T14:09:00+00:00","dateModified":"2026-04-22T18:08:30+00:00","breadcrumb":{"@id":"https:\/\/comt.cat\/es\/producte\/ecografia-musculoesqueletica-orientada-al-intervencionismo-en-el-comt-copia\/#breadcrumb"},"inLanguage":"es","potentialAction":[{"@type":"ReadAction","target":["https:\/\/comt.cat\/es\/producte\/ecografia-musculoesqueletica-orientada-al-intervencionismo-en-el-comt-copia\/"]}]},{"@type":"ImageObject","inLanguage":"es","@id":"https:\/\/comt.cat\/es\/producte\/ecografia-musculoesqueletica-orientada-al-intervencionismo-en-el-comt-copia\/#primaryimage","url":"https:\/\/comt.cat\/wp-content\/uploads\/2026\/01\/Captura-de-pantalla-2026-01-29-a-las-15.22.59.png","contentUrl":"https:\/\/comt.cat\/wp-content\/uploads\/2026\/01\/Captura-de-pantalla-2026-01-29-a-las-15.22.59.png","width":936,"height":562},{"@type":"BreadcrumbList","@id":"https:\/\/comt.cat\/es\/producte\/ecografia-musculoesqueletica-orientada-al-intervencionismo-en-el-comt-copia\/#breadcrumb","itemListElement":[{"@type":"ListItem","position":1,"name":"Home","item":"https:\/\/comt.cat\/es\/"},{"@type":"ListItem","position":2,"name":"Productes","item":"https:\/\/comt.cat\/shop\/"},{"@type":"ListItem","position":3,"name":"Curs capacitaci\u00f3 IA"}]},{"@type":"WebSite","@id":"https:\/\/comt.cat\/#website","url":"https:\/\/comt.cat\/","name":"COMT","description":"Col\u00b7legi de Metges de Tarragona","potentialAction":[{"@type":"SearchAction","target":{"@type":"EntryPoint","urlTemplate":"https:\/\/comt.cat\/?s={search_term_string}"},"query-input":{"@type":"PropertyValueSpecification","valueRequired":true,"valueName":"search_term_string"}}],"inLanguage":"es"}]}},"_links":{"self":[{"href":"https:\/\/comt.cat\/es\/wp-json\/wp\/v2\/product\/46449","targetHints":{"allow":["GET"]}}],"collection":[{"href":"https:\/\/comt.cat\/es\/wp-json\/wp\/v2\/product"}],"about":[{"href":"https:\/\/comt.cat\/es\/wp-json\/wp\/v2\/types\/product"}],"wp:featuredmedia":[{"embeddable":true,"href":"https:\/\/comt.cat\/es\/wp-json\/wp\/v2\/media\/46455"}],"wp:attachment":[{"href":"https:\/\/comt.cat\/es\/wp-json\/wp\/v2\/media?parent=46449"}],"wp:term":[{"taxonomy":"product_brand","embeddable":true,"href":"https:\/\/comt.cat\/es\/wp-json\/wp\/v2\/product_brand?post=46449"},{"taxonomy":"product_cat","embeddable":true,"href":"https:\/\/comt.cat\/es\/wp-json\/wp\/v2\/product_cat?post=46449"},{"taxonomy":"product_tag","embeddable":true,"href":"https:\/\/comt.cat\/es\/wp-json\/wp\/v2\/product_tag?post=46449"}],"curies":[{"name":"wp","href":"https:\/\/api.w.org\/{rel}","templated":true}]}}