{"id":47346,"date":"2026-03-06T20:16:46","date_gmt":"2026-03-06T19:16:46","guid":{"rendered":"https:\/\/comt.cat\/?post_type=product&#038;p=47346"},"modified":"2026-04-08T18:27:05","modified_gmt":"2026-04-08T16:27:05","slug":"ecografia-musculoesqueletica-orientada-al-intervencionismo-en-el-comt-copia-2","status":"publish","type":"product","link":"https:\/\/comt.cat\/es\/producte\/ecografia-musculoesqueletica-orientada-al-intervencionismo-en-el-comt-copia-2\/","title":{"rendered":"Ecograf\u00eda Musculoesquel\u00e9tica orientada al intervencionismo en el COMT"},"content":{"rendered":"","protected":false},"excerpt":{"rendered":"<div>Curso intensivo de ecograf\u00eda m\u00fasculo-esquel\u00e9tica orientada al intervencionismo, con un enfoque eminentemente pr\u00e1ctico. A lo largo de una jornada presencial, los participantes revisar\u00e1n los fundamentos te\u00f3ricos y rotar\u00e1n por distintas estaciones pr\u00e1cticas para la correcta identificaci\u00f3n ecogr\u00e1fica de las estructuras cervicales y del miembro superior, aplicadas a t\u00e9cnicas intervencionistas. Formaci\u00f3n dirigida a profesionales sanitarios que quieran mejorar la precisi\u00f3n diagn\u00f3stica y la seguridad en sus procedimientos mediante el uso de la ecograf\u00eda.<\/div>\n<div><\/div>\n<div><a href=\"https:\/\/comt.cat\/wp-content\/uploads\/2026\/01\/PROGRAMA-ECOMUSCULAR-PROVISIONAL-V1-1.pdf\" target=\"blank\" class=\"button primary is-secundary is-medium\" >\n\t\t<span>Descarga el PDF informativo<\/span>\n\t<\/a>\n<\/div>\n","protected":false},"featured_media":47357,"template":"","meta":[],"product_brand":[],"product_cat":[613,636],"product_tag":[],"class_list":{"0":"post-47346","1":"product","2":"type-product","3":"status-publish","4":"has-post-thumbnail","6":"product_cat-cursos-es","7":"product_cat-formacio-es","9":"first","10":"instock","11":"sold-individually","12":"shipping-taxable","13":"purchasable","14":"product-type-variable"},"yoast_head":"<!-- This site is optimized with the Yoast SEO plugin v27.3 - https:\/\/yoast.com\/product\/yoast-seo-wordpress\/ -->\n<title>Ecograf\u00eda Musculoesquel\u00e9tica orientada al intervencionismo en el COMT - COMT<\/title>\n<meta name=\"robots\" content=\"index, follow, max-snippet:-1, max-image-preview:large, max-video-preview:-1\" \/>\n<link rel=\"canonical\" href=\"https:\/\/comt.cat\/es\/producte\/ecografia-musculoesqueletica-orientada-al-intervencionismo-en-el-comt-copia-2\/\" \/>\n<meta property=\"og:locale\" content=\"es_ES\" \/>\n<meta property=\"og:type\" content=\"article\" \/>\n<meta property=\"og:title\" content=\"Ecograf\u00eda Musculoesquel\u00e9tica orientada al intervencionismo en el COMT - COMT\" \/>\n<meta property=\"og:description\" content=\"Curso intensivo de ecograf\u00eda m\u00fasculo-esquel\u00e9tica orientada al intervencionismo, con un enfoque eminentemente pr\u00e1ctico. A lo largo de una jornada presencial, los participantes revisar\u00e1n los fundamentos te\u00f3ricos y rotar\u00e1n por distintas estaciones pr\u00e1cticas para la correcta identificaci\u00f3n ecogr\u00e1fica de las estructuras cervicales y del miembro superior, aplicadas a t\u00e9cnicas intervencionistas. Formaci\u00f3n dirigida a profesionales sanitarios que quieran mejorar la precisi\u00f3n diagn\u00f3stica y la seguridad en sus procedimientos mediante el uso de la ecograf\u00eda.\" \/>\n<meta property=\"og:url\" content=\"https:\/\/comt.cat\/es\/producte\/ecografia-musculoesqueletica-orientada-al-intervencionismo-en-el-comt-copia-2\/\" \/>\n<meta property=\"og:site_name\" content=\"COMT\" \/>\n<meta property=\"article:modified_time\" content=\"2026-04-08T16:27:05+00:00\" \/>\n<meta name=\"twitter:card\" content=\"summary_large_image\" \/>\n<script type=\"application\/ld+json\" class=\"yoast-schema-graph\">{\"@context\":\"https:\\\/\\\/schema.org\",\"@graph\":[{\"@type\":\"WebPage\",\"@id\":\"https:\\\/\\\/comt.cat\\\/es\\\/producte\\\/ecografia-musculoesqueletica-orientada-al-intervencionismo-en-el-comt-copia-2\\\/\",\"url\":\"https:\\\/\\\/comt.cat\\\/es\\\/producte\\\/ecografia-musculoesqueletica-orientada-al-intervencionismo-en-el-comt-copia-2\\\/\",\"name\":\"Ecograf\u00eda Musculoesquel\u00e9tica orientada al intervencionismo en el COMT - COMT\",\"isPartOf\":{\"@id\":\"https:\\\/\\\/comt.cat\\\/#website\"},\"primaryImageOfPage\":{\"@id\":\"https:\\\/\\\/comt.cat\\\/es\\\/producte\\\/ecografia-musculoesqueletica-orientada-al-intervencionismo-en-el-comt-copia-2\\\/#primaryimage\"},\"image\":{\"@id\":\"https:\\\/\\\/comt.cat\\\/es\\\/producte\\\/ecografia-musculoesqueletica-orientada-al-intervencionismo-en-el-comt-copia-2\\\/#primaryimage\"},\"thumbnailUrl\":\"https:\\\/\\\/comt.cat\\\/wp-content\\\/uploads\\\/2026\\\/03\\\/Woocomerce-5.png\",\"datePublished\":\"2026-03-06T19:16:46+00:00\",\"dateModified\":\"2026-04-08T16:27:05+00:00\",\"breadcrumb\":{\"@id\":\"https:\\\/\\\/comt.cat\\\/es\\\/producte\\\/ecografia-musculoesqueletica-orientada-al-intervencionismo-en-el-comt-copia-2\\\/#breadcrumb\"},\"inLanguage\":\"es\",\"potentialAction\":[{\"@type\":\"ReadAction\",\"target\":[\"https:\\\/\\\/comt.cat\\\/es\\\/producte\\\/ecografia-musculoesqueletica-orientada-al-intervencionismo-en-el-comt-copia-2\\\/\"]}]},{\"@type\":\"ImageObject\",\"inLanguage\":\"es\",\"@id\":\"https:\\\/\\\/comt.cat\\\/es\\\/producte\\\/ecografia-musculoesqueletica-orientada-al-intervencionismo-en-el-comt-copia-2\\\/#primaryimage\",\"url\":\"https:\\\/\\\/comt.cat\\\/wp-content\\\/uploads\\\/2026\\\/03\\\/Woocomerce-5.png\",\"contentUrl\":\"https:\\\/\\\/comt.cat\\\/wp-content\\\/uploads\\\/2026\\\/03\\\/Woocomerce-5.png\",\"width\":1080,\"height\":1080},{\"@type\":\"BreadcrumbList\",\"@id\":\"https:\\\/\\\/comt.cat\\\/es\\\/producte\\\/ecografia-musculoesqueletica-orientada-al-intervencionismo-en-el-comt-copia-2\\\/#breadcrumb\",\"itemListElement\":[{\"@type\":\"ListItem\",\"position\":1,\"name\":\"Home\",\"item\":\"https:\\\/\\\/comt.cat\\\/es\\\/\"},{\"@type\":\"ListItem\",\"position\":2,\"name\":\"Productes\",\"item\":\"https:\\\/\\\/comt.cat\\\/shop\\\/\"},{\"@type\":\"ListItem\",\"position\":3,\"name\":\"Ecograf\u00eda Musculoesquel\u00e9tica orientada al intervencionismo en el COMT\"}]},{\"@type\":\"WebSite\",\"@id\":\"https:\\\/\\\/comt.cat\\\/#website\",\"url\":\"https:\\\/\\\/comt.cat\\\/\",\"name\":\"COMT\",\"description\":\"Col\u00b7legi de Metges de Tarragona\",\"potentialAction\":[{\"@type\":\"SearchAction\",\"target\":{\"@type\":\"EntryPoint\",\"urlTemplate\":\"https:\\\/\\\/comt.cat\\\/?s={search_term_string}\"},\"query-input\":{\"@type\":\"PropertyValueSpecification\",\"valueRequired\":true,\"valueName\":\"search_term_string\"}}],\"inLanguage\":\"es\"}]}<\/script>\n<!-- \/ Yoast SEO plugin. -->","yoast_head_json":{"title":"Ecograf\u00eda Musculoesquel\u00e9tica orientada al intervencionismo en el COMT - COMT","robots":{"index":"index","follow":"follow","max-snippet":"max-snippet:-1","max-image-preview":"max-image-preview:large","max-video-preview":"max-video-preview:-1"},"canonical":"https:\/\/comt.cat\/es\/producte\/ecografia-musculoesqueletica-orientada-al-intervencionismo-en-el-comt-copia-2\/","og_locale":"es_ES","og_type":"article","og_title":"Ecograf\u00eda Musculoesquel\u00e9tica orientada al intervencionismo en el COMT - COMT","og_description":"Curso intensivo de ecograf\u00eda m\u00fasculo-esquel\u00e9tica orientada al intervencionismo, con un enfoque eminentemente pr\u00e1ctico. A lo largo de una jornada presencial, los participantes revisar\u00e1n los fundamentos te\u00f3ricos y rotar\u00e1n por distintas estaciones pr\u00e1cticas para la correcta identificaci\u00f3n ecogr\u00e1fica de las estructuras cervicales y del miembro superior, aplicadas a t\u00e9cnicas intervencionistas. Formaci\u00f3n dirigida a profesionales sanitarios que quieran mejorar la precisi\u00f3n diagn\u00f3stica y la seguridad en sus procedimientos mediante el uso de la ecograf\u00eda.","og_url":"https:\/\/comt.cat\/es\/producte\/ecografia-musculoesqueletica-orientada-al-intervencionismo-en-el-comt-copia-2\/","og_site_name":"COMT","article_modified_time":"2026-04-08T16:27:05+00:00","twitter_card":"summary_large_image","schema":{"@context":"https:\/\/schema.org","@graph":[{"@type":"WebPage","@id":"https:\/\/comt.cat\/es\/producte\/ecografia-musculoesqueletica-orientada-al-intervencionismo-en-el-comt-copia-2\/","url":"https:\/\/comt.cat\/es\/producte\/ecografia-musculoesqueletica-orientada-al-intervencionismo-en-el-comt-copia-2\/","name":"Ecograf\u00eda Musculoesquel\u00e9tica orientada al intervencionismo en el COMT - COMT","isPartOf":{"@id":"https:\/\/comt.cat\/#website"},"primaryImageOfPage":{"@id":"https:\/\/comt.cat\/es\/producte\/ecografia-musculoesqueletica-orientada-al-intervencionismo-en-el-comt-copia-2\/#primaryimage"},"image":{"@id":"https:\/\/comt.cat\/es\/producte\/ecografia-musculoesqueletica-orientada-al-intervencionismo-en-el-comt-copia-2\/#primaryimage"},"thumbnailUrl":"https:\/\/comt.cat\/wp-content\/uploads\/2026\/03\/Woocomerce-5.png","datePublished":"2026-03-06T19:16:46+00:00","dateModified":"2026-04-08T16:27:05+00:00","breadcrumb":{"@id":"https:\/\/comt.cat\/es\/producte\/ecografia-musculoesqueletica-orientada-al-intervencionismo-en-el-comt-copia-2\/#breadcrumb"},"inLanguage":"es","potentialAction":[{"@type":"ReadAction","target":["https:\/\/comt.cat\/es\/producte\/ecografia-musculoesqueletica-orientada-al-intervencionismo-en-el-comt-copia-2\/"]}]},{"@type":"ImageObject","inLanguage":"es","@id":"https:\/\/comt.cat\/es\/producte\/ecografia-musculoesqueletica-orientada-al-intervencionismo-en-el-comt-copia-2\/#primaryimage","url":"https:\/\/comt.cat\/wp-content\/uploads\/2026\/03\/Woocomerce-5.png","contentUrl":"https:\/\/comt.cat\/wp-content\/uploads\/2026\/03\/Woocomerce-5.png","width":1080,"height":1080},{"@type":"BreadcrumbList","@id":"https:\/\/comt.cat\/es\/producte\/ecografia-musculoesqueletica-orientada-al-intervencionismo-en-el-comt-copia-2\/#breadcrumb","itemListElement":[{"@type":"ListItem","position":1,"name":"Home","item":"https:\/\/comt.cat\/es\/"},{"@type":"ListItem","position":2,"name":"Productes","item":"https:\/\/comt.cat\/shop\/"},{"@type":"ListItem","position":3,"name":"Ecograf\u00eda Musculoesquel\u00e9tica orientada al intervencionismo en el COMT"}]},{"@type":"WebSite","@id":"https:\/\/comt.cat\/#website","url":"https:\/\/comt.cat\/","name":"COMT","description":"Col\u00b7legi de Metges de Tarragona","potentialAction":[{"@type":"SearchAction","target":{"@type":"EntryPoint","urlTemplate":"https:\/\/comt.cat\/?s={search_term_string}"},"query-input":{"@type":"PropertyValueSpecification","valueRequired":true,"valueName":"search_term_string"}}],"inLanguage":"es"}]}},"_links":{"self":[{"href":"https:\/\/comt.cat\/es\/wp-json\/wp\/v2\/product\/47346","targetHints":{"allow":["GET"]}}],"collection":[{"href":"https:\/\/comt.cat\/es\/wp-json\/wp\/v2\/product"}],"about":[{"href":"https:\/\/comt.cat\/es\/wp-json\/wp\/v2\/types\/product"}],"wp:featuredmedia":[{"embeddable":true,"href":"https:\/\/comt.cat\/es\/wp-json\/wp\/v2\/media\/47357"}],"wp:attachment":[{"href":"https:\/\/comt.cat\/es\/wp-json\/wp\/v2\/media?parent=47346"}],"wp:term":[{"taxonomy":"product_brand","embeddable":true,"href":"https:\/\/comt.cat\/es\/wp-json\/wp\/v2\/product_brand?post=47346"},{"taxonomy":"product_cat","embeddable":true,"href":"https:\/\/comt.cat\/es\/wp-json\/wp\/v2\/product_cat?post=47346"},{"taxonomy":"product_tag","embeddable":true,"href":"https:\/\/comt.cat\/es\/wp-json\/wp\/v2\/product_tag?post=47346"}],"curies":[{"name":"wp","href":"https:\/\/api.w.org\/{rel}","templated":true}]}}